{"id":3965,"date":"2024-09-21T05:32:35","date_gmt":"2024-09-21T05:32:35","guid":{"rendered":"https:\/\/legitgrams.com\/?post_type=product&#038;p=3965"},"modified":"2026-02-14T22:23:57","modified_gmt":"2026-02-14T22:23:57","slug":"krystalicky-metamfetamin-metamfetamin","status":"publish","type":"product","link":"https:\/\/legitgrams.com\/cs\/produkt\/krystalicky-metamfetamin-metamfetamin\/","title":{"rendered":"Koupit Crystal Meth (metamfetamin) online"},"content":{"rendered":"<h2>Na prodej: Crystal Meth (metamfetamin)<\/h2>\n<p>Nejlep\u0161\u00ed m\u00edsto pro n\u00e1kup skla. <a href=\"https:\/\/legitgrams.com\/cs\/produkt\/krystalicky-metamfetamin-metamfetamin\/\">Krystalick\u00fd metamfetamin<\/a> je v sou\u010dasn\u00e9 dob\u011b k dispozici ke koupi online a bude doru\u010dena n\u00e1sleduj\u00edc\u00ed den. T\u00e9m\u011b\u0159 <a href=\"https:\/\/www.bing.com\/search?q=KoupitCrystalMeth(metamfetamin)online&amp;qs=n&amp;form=QBRE&amp;sp=-1&amp;lq=0&amp;pq=koupitcrystalmeth(metamfetamin)online&amp;sc=0-41&amp;sk=&amp;cvid=C7E84099D25941E78273F86CB4694615&amp;ghsh=0&amp;ghacc=0&amp;ghpl=\">100% \u010dist\u00fd krystalick\u00fd metamfetamin<\/a> je nejnov\u011bj\u0161\u00ed nebo nej\u010derstv\u011bj\u0161\u00ed odr\u016fda. Nem\u00e1 \u017e\u00e1dn\u00fd z\u00e1pach a lze ji kou\u0159it ve sklen\u011bn\u00fdch d\u00fdmk\u00e1ch. V\u00fdzkumy ukazuj\u00ed, \u017ee je nejen n\u00e1vykov\u011bj\u0161\u00ed ne\u017e crack a <a href=\"https:\/\/www.bing.com\/search?q=KoupitCrystalMeth(metamfetamin)online&amp;qs=n&amp;form=QBRE&amp;sp=-1&amp;lq=0&amp;pq=koupitcrystalmeth(metamfetamin)online&amp;sc=0-41&amp;sk=&amp;cvid=C7E84099D25941E78273F86CB4694615&amp;ghsh=0&amp;ghacc=0&amp;ghpl=\">kokain<\/a>, ale tak\u00e9 smrteln\u011bj\u0161\u00ed. Jeho \u00fa\u010dinky na syst\u00e9m mohou trvat \u010dty\u0159i a\u017e \u010dtrn\u00e1ct hodin, v z\u00e1vislosti na jednotlivci. B\u011bhem tohoto obdob\u00ed ku\u0159\u00e1ci z\u00edsk\u00e1vaj\u00ed siln\u00fd metalov\u00fd n\u00e1val a fyzickou bla\u017eenost. P\u0159\u00edjemn\u00fd pocit. T\u011b\u017ek\u00fd zkrat na druhou stranu zp\u016fsob\u00ed extr\u00e9mn\u00ed obavy, beznad\u011bj a nakonec \u00fanavu.<\/p>\n<h3>Na prodej: Crystal Meth (metamfetamin)<\/h3>\n<p>Nejlep\u0161\u00ed m\u00edsto pro n\u00e1kup skla. Crystal meth je v sou\u010dasn\u00e9 dob\u011b k dispozici ke koupi online a bude doru\u010den n\u00e1sleduj\u00edc\u00ed den. T\u00e9m\u011b\u0159 100% \u010dist\u00fd krystal <a href=\"https:\/\/en.wikipedia.org\/wiki\/Methamphetamine\">metamfetamin<\/a> je nejnov\u011bj\u0161\u00ed nebo nej\u010derstv\u011bj\u0161\u00ed odr\u016fda. Je bez z\u00e1pachu a lze jej kou\u0159it p\u0159es sklen\u011bn\u00e9 d\u00fdmky. V\u00fdzkum ukazuje, \u017ee je nejen n\u00e1vykov\u011bj\u0161\u00ed ne\u017e crack a kokain, ale tak\u00e9 smrteln\u011bj\u0161\u00ed. Jeho \u00fa\u010dinky na syst\u00e9m mohou trvat \u010dty\u0159i a\u017e \u010dtrn\u00e1ct hodin, v z\u00e1vislosti na jednotlivci. B\u011bhem tohoto obdob\u00ed ku\u0159\u00e1ci z\u00edsk\u00e1vaj\u00ed siln\u00fd metalov\u00fd n\u00e1val a fyzickou bla\u017eenost. P\u0159\u00edjemn\u00fd pocit. T\u011b\u017ek\u00fd zkrat na druh\u00e9 stran\u011b zp\u016fsob\u00ed extr\u00e9mn\u00ed obavy, beznad\u011bj a nakonec \u00fanavu.<\/p>\n<p>Nicm\u00e9n\u011b,<a href=\"https:\/\/www.google.com\/search?q=Crystal+Meth+(Methamphetamine)&amp;rlz=1C1RXQR_enIN1098IN1098&amp;oq=Crystal+Meth+(Methamphetamine)&amp;gs_lcrp=EgZjaHJvbWUyBggAEEUYOTIGCAEQRRg9MgYIAhBFGDzSAQkxMDIwajBqMTWoAgiwAgHxBVXlq-LJol72&amp;sourceid=chrome&amp;ie=UTF-8\"> metamfetamin<\/a> lze z\u00edskat bez dal\u0161\u00edch n\u00e1zv\u016f na ulici, jako je s\u016fl, k\u00e1men, sklo LA, super led nebo hork\u00fd led. Prod\u00e1v\u00e1 se zde tak\u00e9 ketamin. Ketamin HCL krystal je v sou\u010dasn\u00e9 dob\u011b tak\u00e9 za pom\u011brn\u011b p\u0159\u00edznivou cenu.<\/p>\n<p>Prodej krystalick\u00e9ho pervitinu je na internetu b\u011b\u017en\u00fd. Pokud si v\u0161ak chcete koupit \u010dist\u00fd pervitin, mus\u00edte zn\u00e1t sv\u00e9 prodejce. Jak bezpe\u010dn\u00fd je postup krom\u011b \u010distoty? V\u00e1\u017en\u011b si mysl\u00ed\u0161, \u017ee p\u0159ijde tv\u016fj hovno? To je d\u016fvod, pro\u010d jsme nejv\u011bt\u0161\u00ed. poskytov\u00e1n\u00ed sledovac\u00edch \u010d\u00edsel a z\u00e1ruky vr\u00e1cen\u00ed pen\u011bz pro ka\u017edou z\u00e1silku. Zabalte a diskr\u00e9tn\u011b doru\u010dte do P.O. krabice, ulice a adresy bydli\u0161t\u011b. Crystal Meth Online prodej: Kupte Crystal Meth online. Metamfetamin: Kupte si Crystal Meth (metamfetamin) online, Acquista 4-MEC, Koop Crystal Meth a K\u00f8b Crystal Meth. <a href=\"https:\/\/legitgrams.com\/cs\/\">LegitGrams<\/a><\/p>\n<p><a href=\"https:\/\/duckduckgo.com\/?q=Crystal+Meth+(Methamphetamine)&amp;t=h_&amp;ia=web\">Koupit metamfetamin<\/a>, tak\u00e9 zn\u00e1m\u00fd jako metamfetamin, online za zv\u00fdhodn\u011bnou cenu, nakupujte metamfetamin, objednejte si metamfetamin online, nakupujte metamfetamin na prodej, vyhledejte m\u00edsta s metamfetaminem a nakupujte chemik\u00e1lie pro v\u00fdzkum online. Koupit krystalov\u00fd pervitin, kde koupit krystalick\u00fd pervitin, objednat krystalov\u00fd pervitin online, koupit, koupit, bezpe\u010dn\u00fd, online, pervitin, metamfetamin, krystal, pr\u00e1\u0161ek nebo jakoukoli kombinaci t\u011bchto<\/p>","protected":false},"excerpt":{"rendered":"<p>For Sale: Crystal Meth (Methamphetamine) The greatest place to buy glass. Crystal meth is currently available for purchase online, and it will be delivered the next day. Nearly 100% pure crystal methamphetamine is the most recent or freshest variety. It has no smell and can be smoked through glass pipes. Research indicates that it is &hellip;<\/p>\n<p class=\"read-more\"> <a class=\"\" href=\"https:\/\/legitgrams.com\/cs\/produkt\/krystalicky-metamfetamin-metamfetamin\/\"> <span class=\"screen-reader-text\">Koupit Crystal Meth (metamfetamin) online<\/span> \u010c\u00edst d\u00e1l \"<\/a><\/p>","protected":false},"featured_media":5273,"comment_status":"open","ping_status":"closed","template":"","meta":{"_uag_custom_page_level_css":"","site-sidebar-layout":"default","site-content-layout":"default","ast-global-header-display":"","ast-main-header-display":"","ast-hfb-above-header-display":"","ast-hfb-below-header-display":"","ast-hfb-mobile-header-display":"","site-post-title":"","ast-breadcrumbs-content":"","ast-featured-img":"","footer-sml-layout":"","theme-transparent-header-meta":"default","adv-header-id-meta":"","stick-header-meta":"default","header-above-stick-meta":"","header-main-stick-meta":"","header-below-stick-meta":"","_joinchat":[]},"product_brand":[],"product_cat":[600],"product_tag":[3406,3396,617,3388,3403,3387,3391,3390,3398,3389,3399,3401,3408,3409,3407,3404,3400,3395,3393,3405,3402,625,3394,3397,3392],"class_list":{"0":"post-3965","1":"product","2":"type-product","3":"status-publish","4":"has-post-thumbnail","6":"product_cat-research-chemicals-and-bath-salt","7":"product_tag-best-cheap-price-crystal-meth-methamphetamine","8":"product_tag-best-place-to-buy-crystal-meth-methamphetamine","9":"product_tag-bulk-online","10":"product_tag-buy-crystal-meth-methamphetamine","11":"product_tag-cheap-crystal-meth-methamphetamine","12":"product_tag-crystal-meth-methamphetamine","13":"product_tag-crystal-meth-methamphetamine-crystal-meth-methamphetamine-supplier","14":"product_tag-crystal-meth-methamphetamine-for-sale","15":"product_tag-crystal-meth-methamphetamine-legally","16":"product_tag-crystal-meth-methamphetamine-online","17":"product_tag-crystal-meth-methamphetamine-price","18":"product_tag-crystal-meth-methamphetamine-store","19":"product_tag-crystal-meth-methamphetamine-use","20":"product_tag-crystal-meth-methamphetamine-wiki","21":"product_tag-crystal-meth-methamphetamine-worldwide","22":"product_tag-crystal-meth-methamphetamines","23":"product_tag-high-quality-crystal-meth-methamphetamine","24":"product_tag-how-to-buy-crystal-meth-methamphetamine","25":"product_tag-order-crystal-meth-methamphetamine","26":"product_tag-purcharse-crystal-meth-methamphetamine","27":"product_tag-shop-crystal-meth-methamphetamine","28":"product_tag-top-quality","29":"product_tag-where-to-buy-crystal-meth-methamphetamine","30":"product_tag-where-to-order-crystal-meth-methamphetamine","31":"product_tag-wholesale-crystal-meth-methamphetamine","32":"desktop-align-left","33":"tablet-align-left","34":"mobile-align-left","35":"ast-product-gallery-layout-horizontal","36":"ast-product-gallery-with-no-image","37":"ast-product-single-variable","38":"ast-product-tabs-layout-horizontal","39":"ast-qv-on-image","41":"first","42":"instock","43":"shipping-taxable","44":"purchasable","45":"product-type-variable"},"yoast_head":"<!-- This site is optimized with the Yoast SEO plugin v25.9 - https:\/\/yoast.com\/wordpress\/plugins\/seo\/ -->\n<title>Crystal Meth for Sale - Buy Crystal Meth Online | LegitGrams<\/title>\n<meta name=\"description\" content=\"Explore our online store for Crystal Meth for sale, offering high-quality Crystal Meth. Buy Crystal Meth online securely and embark on your research journey with confidence.\" \/>\n<meta name=\"robots\" content=\"index, follow, max-snippet:-1, max-image-preview:large, max-video-preview:-1\" \/>\n<link rel=\"canonical\" href=\"https:\/\/legitgrams.com\/cs\/produkt\/krystalicky-metamfetamin-metamfetamin\/\" \/>\n<meta property=\"og:locale\" content=\"cs_CZ\" \/>\n<meta property=\"og:type\" content=\"article\" \/>\n<meta property=\"og:title\" content=\"Crystal Meth for Sale - Buy Crystal Meth Online | LegitGrams\" \/>\n<meta property=\"og:description\" content=\"Explore our online store for Crystal Meth for sale, offering high-quality Crystal Meth. Buy Crystal Meth online securely and embark on your research journey with confidence.\" \/>\n<meta property=\"og:url\" content=\"https:\/\/legitgrams.com\/cs\/produkt\/krystalicky-metamfetamin-metamfetamin\/\" \/>\n<meta property=\"og:site_name\" content=\"Legit Grams\" \/>\n<meta property=\"article:modified_time\" content=\"2026-02-14T22:23:57+00:00\" \/>\n<meta property=\"og:image\" content=\"https:\/\/legitgrams.com\/wp-content\/uploads\/2024\/09\/Buy-Crystal-Meth-Online.jpg\" \/>\n\t<meta property=\"og:image:width\" content=\"600\" \/>\n\t<meta property=\"og:image:height\" content=\"600\" \/>\n\t<meta property=\"og:image:type\" content=\"image\/jpeg\" \/>\n<meta name=\"twitter:card\" content=\"summary_large_image\" \/>\n<meta name=\"twitter:label1\" content=\"Odhadovan\u00e1 doba \u010dten\u00ed\" \/>\n\t<meta name=\"twitter:data1\" content=\"2 minuty\" \/>\n<script type=\"application\/ld+json\" class=\"yoast-schema-graph\">{\"@context\":\"https:\/\/schema.org\",\"@graph\":[{\"@type\":\"WebPage\",\"@id\":\"https:\/\/legitgrams.com\/product\/crystal-meth-methamphetamine\/\",\"url\":\"https:\/\/legitgrams.com\/product\/crystal-meth-methamphetamine\/\",\"name\":\"Crystal Meth for Sale - Buy Crystal Meth Online | LegitGrams\",\"isPartOf\":{\"@id\":\"https:\/\/legitgrams.com\/#website\"},\"primaryImageOfPage\":{\"@id\":\"https:\/\/legitgrams.com\/product\/crystal-meth-methamphetamine\/#primaryimage\"},\"image\":{\"@id\":\"https:\/\/legitgrams.com\/product\/crystal-meth-methamphetamine\/#primaryimage\"},\"thumbnailUrl\":\"https:\/\/legitgrams.com\/wp-content\/uploads\/2024\/09\/Buy-Crystal-Meth-Online.jpg\",\"datePublished\":\"2024-09-21T05:32:35+00:00\",\"dateModified\":\"2026-02-14T22:23:57+00:00\",\"description\":\"Explore our online store for Crystal Meth for sale, offering high-quality Crystal Meth. Buy Crystal Meth online securely and embark on your research journey with confidence.\",\"breadcrumb\":{\"@id\":\"https:\/\/legitgrams.com\/product\/crystal-meth-methamphetamine\/#breadcrumb\"},\"inLanguage\":\"cs\",\"potentialAction\":[{\"@type\":\"ReadAction\",\"target\":[\"https:\/\/legitgrams.com\/product\/crystal-meth-methamphetamine\/\"]}]},{\"@type\":\"ImageObject\",\"inLanguage\":\"cs\",\"@id\":\"https:\/\/legitgrams.com\/product\/crystal-meth-methamphetamine\/#primaryimage\",\"url\":\"https:\/\/legitgrams.com\/wp-content\/uploads\/2024\/09\/Buy-Crystal-Meth-Online.jpg\",\"contentUrl\":\"https:\/\/legitgrams.com\/wp-content\/uploads\/2024\/09\/Buy-Crystal-Meth-Online.jpg\",\"width\":600,\"height\":600,\"caption\":\"Crystal Meth (Methamphetamine) for Sale\"},{\"@type\":\"BreadcrumbList\",\"@id\":\"https:\/\/legitgrams.com\/product\/crystal-meth-methamphetamine\/#breadcrumb\",\"itemListElement\":[{\"@type\":\"ListItem\",\"position\":1,\"name\":\"Home\",\"item\":\"https:\/\/legitgrams.com\/\"},{\"@type\":\"ListItem\",\"position\":2,\"name\":\"Shop\",\"item\":\"https:\/\/legitgrams.com\/shop\/\"},{\"@type\":\"ListItem\",\"position\":3,\"name\":\"Buy Crystal Meth (Methamphetamine) Online\"}]},{\"@type\":\"WebSite\",\"@id\":\"https:\/\/legitgrams.com\/#website\",\"url\":\"https:\/\/legitgrams.com\/\",\"name\":\"Legit Grams\",\"description\":\"My WordPress Blog\",\"publisher\":{\"@id\":\"https:\/\/legitgrams.com\/#organization\"},\"potentialAction\":[{\"@type\":\"SearchAction\",\"target\":{\"@type\":\"EntryPoint\",\"urlTemplate\":\"https:\/\/legitgrams.com\/?s={search_term_string}\"},\"query-input\":{\"@type\":\"PropertyValueSpecification\",\"valueRequired\":true,\"valueName\":\"search_term_string\"}}],\"inLanguage\":\"cs\"},{\"@type\":\"Organization\",\"@id\":\"https:\/\/legitgrams.com\/#organization\",\"name\":\"Legit Grams\",\"url\":\"https:\/\/legitgrams.com\/\",\"logo\":{\"@type\":\"ImageObject\",\"inLanguage\":\"cs\",\"@id\":\"https:\/\/legitgrams.com\/#\/schema\/logo\/image\/\",\"url\":\"https:\/\/legitgrams.com\/wp-content\/uploads\/2024\/09\/main-logo.png\",\"contentUrl\":\"https:\/\/legitgrams.com\/wp-content\/uploads\/2024\/09\/main-logo.png\",\"width\":270,\"height\":75,\"caption\":\"Legit Grams\"},\"image\":{\"@id\":\"https:\/\/legitgrams.com\/#\/schema\/logo\/image\/\"}}]}<\/script>\n<!-- \/ Yoast SEO plugin. -->","yoast_head_json":{"title":"Crystal Meth na prodej - Koupit Crystal Meth online | LegitGrams","description":"Prozkoumejte n\u00e1\u0161 internetov\u00fd obchod s metamfetaminem Crystal Meth na prodej, kter\u00fd nab\u00edz\u00ed vysoce kvalitn\u00ed metamfetamin Crystal Meth. Kupte si Crystal Meth bezpe\u010dn\u011b online a vydejte se na cestu v\u00fdzkumu s d\u016fv\u011brou.","robots":{"index":"index","follow":"follow","max-snippet":"max-snippet:-1","max-image-preview":"max-image-preview:large","max-video-preview":"max-video-preview:-1"},"canonical":"https:\/\/legitgrams.com\/cs\/produkt\/krystalicky-metamfetamin-metamfetamin\/","og_locale":"cs_CZ","og_type":"article","og_title":"Crystal Meth for Sale - Buy Crystal Meth Online | LegitGrams","og_description":"Explore our online store for Crystal Meth for sale, offering high-quality Crystal Meth. Buy Crystal Meth online securely and embark on your research journey with confidence.","og_url":"https:\/\/legitgrams.com\/cs\/produkt\/krystalicky-metamfetamin-metamfetamin\/","og_site_name":"Legit Grams","article_modified_time":"2026-02-14T22:23:57+00:00","og_image":[{"width":600,"height":600,"url":"https:\/\/legitgrams.com\/wp-content\/uploads\/2024\/09\/Buy-Crystal-Meth-Online.jpg","type":"image\/jpeg"}],"twitter_card":"summary_large_image","twitter_misc":{"Odhadovan\u00e1 doba \u010dten\u00ed":"2 minuty"},"schema":{"@context":"https:\/\/schema.org","@graph":[{"@type":"WebPage","@id":"https:\/\/legitgrams.com\/product\/crystal-meth-methamphetamine\/","url":"https:\/\/legitgrams.com\/product\/crystal-meth-methamphetamine\/","name":"Crystal Meth na prodej - Koupit Crystal Meth online | LegitGrams","isPartOf":{"@id":"https:\/\/legitgrams.com\/#website"},"primaryImageOfPage":{"@id":"https:\/\/legitgrams.com\/product\/crystal-meth-methamphetamine\/#primaryimage"},"image":{"@id":"https:\/\/legitgrams.com\/product\/crystal-meth-methamphetamine\/#primaryimage"},"thumbnailUrl":"https:\/\/legitgrams.com\/wp-content\/uploads\/2024\/09\/Buy-Crystal-Meth-Online.jpg","datePublished":"2024-09-21T05:32:35+00:00","dateModified":"2026-02-14T22:23:57+00:00","description":"Prozkoumejte n\u00e1\u0161 internetov\u00fd obchod s metamfetaminem Crystal Meth na prodej, kter\u00fd nab\u00edz\u00ed vysoce kvalitn\u00ed metamfetamin Crystal Meth. Kupte si Crystal Meth bezpe\u010dn\u011b online a vydejte se na cestu v\u00fdzkumu s d\u016fv\u011brou.","breadcrumb":{"@id":"https:\/\/legitgrams.com\/product\/crystal-meth-methamphetamine\/#breadcrumb"},"inLanguage":"cs","potentialAction":[{"@type":"ReadAction","target":["https:\/\/legitgrams.com\/product\/crystal-meth-methamphetamine\/"]}]},{"@type":"ImageObject","inLanguage":"cs","@id":"https:\/\/legitgrams.com\/product\/crystal-meth-methamphetamine\/#primaryimage","url":"https:\/\/legitgrams.com\/wp-content\/uploads\/2024\/09\/Buy-Crystal-Meth-Online.jpg","contentUrl":"https:\/\/legitgrams.com\/wp-content\/uploads\/2024\/09\/Buy-Crystal-Meth-Online.jpg","width":600,"height":600,"caption":"Crystal Meth (Methamphetamine) for Sale"},{"@type":"BreadcrumbList","@id":"https:\/\/legitgrams.com\/product\/crystal-meth-methamphetamine\/#breadcrumb","itemListElement":[{"@type":"ListItem","position":1,"name":"Home","item":"https:\/\/legitgrams.com\/"},{"@type":"ListItem","position":2,"name":"Shop","item":"https:\/\/legitgrams.com\/shop\/"},{"@type":"ListItem","position":3,"name":"Buy Crystal Meth (Methamphetamine) Online"}]},{"@type":"WebSite","@id":"https:\/\/legitgrams.com\/#website","url":"https:\/\/legitgrams.com\/","name":"Leg\u00e1ln\u00ed gramy","description":"M\u016fj blog WordPress","publisher":{"@id":"https:\/\/legitgrams.com\/#organization"},"potentialAction":[{"@type":"SearchAction","target":{"@type":"EntryPoint","urlTemplate":"https:\/\/legitgrams.com\/?s={search_term_string}"},"query-input":{"@type":"PropertyValueSpecification","valueRequired":true,"valueName":"search_term_string"}}],"inLanguage":"cs"},{"@type":"Organization","@id":"https:\/\/legitgrams.com\/#organization","name":"Leg\u00e1ln\u00ed gramy","url":"https:\/\/legitgrams.com\/","logo":{"@type":"ImageObject","inLanguage":"cs","@id":"https:\/\/legitgrams.com\/#\/schema\/logo\/image\/","url":"https:\/\/legitgrams.com\/wp-content\/uploads\/2024\/09\/main-logo.png","contentUrl":"https:\/\/legitgrams.com\/wp-content\/uploads\/2024\/09\/main-logo.png","width":270,"height":75,"caption":"Legit Grams"},"image":{"@id":"https:\/\/legitgrams.com\/#\/schema\/logo\/image\/"}}]}},"uagb_featured_image_src":{"full":["https:\/\/legitgrams.com\/wp-content\/uploads\/2024\/09\/Buy-Crystal-Meth-Online.jpg",600,600,false],"thumbnail":["https:\/\/legitgrams.com\/wp-content\/uploads\/2024\/09\/Buy-Crystal-Meth-Online-150x150.jpg",150,150,true],"medium":["https:\/\/legitgrams.com\/wp-content\/uploads\/2024\/09\/Buy-Crystal-Meth-Online-300x300.jpg",300,300,true],"medium_large":["https:\/\/legitgrams.com\/wp-content\/uploads\/2024\/09\/Buy-Crystal-Meth-Online.jpg",600,600,false],"large":["https:\/\/legitgrams.com\/wp-content\/uploads\/2024\/09\/Buy-Crystal-Meth-Online.jpg",600,600,false],"1536x1536":["https:\/\/legitgrams.com\/wp-content\/uploads\/2024\/09\/Buy-Crystal-Meth-Online.jpg",600,600,false],"2048x2048":["https:\/\/legitgrams.com\/wp-content\/uploads\/2024\/09\/Buy-Crystal-Meth-Online.jpg",600,600,false],"trp-custom-language-flag":["https:\/\/legitgrams.com\/wp-content\/uploads\/2024\/09\/Buy-Crystal-Meth-Online-12x12.jpg",12,12,true],"woocommerce_thumbnail":["https:\/\/legitgrams.com\/wp-content\/uploads\/2024\/09\/Buy-Crystal-Meth-Online-300x300.jpg",300,300,true],"woocommerce_single":["https:\/\/legitgrams.com\/wp-content\/uploads\/2024\/09\/Buy-Crystal-Meth-Online.jpg",600,600,false],"woocommerce_gallery_thumbnail":["https:\/\/legitgrams.com\/wp-content\/uploads\/2024\/09\/Buy-Crystal-Meth-Online-100x100.jpg",100,100,true]},"uagb_author_info":{"display_name":"cokeblog18","author_link":"https:\/\/legitgrams.com\/cs\/author\/"},"uagb_comment_info":1,"uagb_excerpt":"For Sale: Crystal Meth (Methamphetamine) The greatest place to buy glass. Crystal meth is currently available for purchase online, and it will be delivered the next day. Nearly 100% pure crystal methamphetamine is the most recent or freshest variety. It has no smell and can be smoked through glass pipes. Research indicates that it is&hellip;","_links":{"self":[{"href":"https:\/\/legitgrams.com\/cs\/wp-json\/wp\/v2\/product\/3965","targetHints":{"allow":["GET"]}}],"collection":[{"href":"https:\/\/legitgrams.com\/cs\/wp-json\/wp\/v2\/product"}],"about":[{"href":"https:\/\/legitgrams.com\/cs\/wp-json\/wp\/v2\/types\/product"}],"replies":[{"embeddable":true,"href":"https:\/\/legitgrams.com\/cs\/wp-json\/wp\/v2\/comments?post=3965"}],"wp:featuredmedia":[{"embeddable":true,"href":"https:\/\/legitgrams.com\/cs\/wp-json\/wp\/v2\/media\/5273"}],"wp:attachment":[{"href":"https:\/\/legitgrams.com\/cs\/wp-json\/wp\/v2\/media?parent=3965"}],"wp:term":[{"taxonomy":"product_brand","embeddable":true,"href":"https:\/\/legitgrams.com\/cs\/wp-json\/wp\/v2\/product_brand?post=3965"},{"taxonomy":"product_cat","embeddable":true,"href":"https:\/\/legitgrams.com\/cs\/wp-json\/wp\/v2\/product_cat?post=3965"},{"taxonomy":"product_tag","embeddable":true,"href":"https:\/\/legitgrams.com\/cs\/wp-json\/wp\/v2\/product_tag?post=3965"}],"curies":[{"name":"wp","href":"https:\/\/api.w.org\/{rel}","templated":true}]}}