{"id":3966,"date":"2024-09-21T05:37:19","date_gmt":"2024-09-21T05:37:19","guid":{"rendered":"https:\/\/legitgrams.com\/?post_type=product&#038;p=3966"},"modified":"2025-01-13T11:12:17","modified_gmt":"2025-01-13T11:12:17","slug":"diclazepam-2-mg-pelety","status":"publish","type":"product","link":"https:\/\/legitgrams.com\/cs\/produkt\/diclazepam-2-mg-pelety\/","title":{"rendered":"Diclazepam 2 mg pelety"},"content":{"rendered":"<h2>\u51fa\u552e\u7684\u662f Diclazepam 2 \u6beb\u514b\u9897\u7c92\u3002<\/h2>\n<p>Chlordiazepam je jin\u00fd n\u00e1zev <a href=\"https:\/\/legitgrams.com\/cs\/produkt\/diclazepam-2-mg-pelety\/\">Diclazepam<\/a> Pelety, nov\u011bj\u0161\u00ed a m\u00e9n\u011b zn\u00e1m\u00e9 sedativum ve t\u0159\u00edd\u011b benzodiazepin\u016f. Z\u00edskejte Diclazepam Pellets ve 2 mg za zv\u00fdhodn\u011bnou cenu.<\/p>\n<p>P\u0159edpokl\u00e1d\u00e1 se, \u017ee m\u00e1 struktur\u00e1ln\u00ed ekvivalent a funguje podobn\u011b jako diazepam, tak\u00e9 zn\u00e1m\u00fd jako Valium. <a href=\"https:\/\/legitgrams.com\/cs\/\">LegitGrams<\/a><\/p>\n<p>Amn\u00e9zie, hypnotika, myorelaxancia, antikonvulziva, potla\u010den\u00ed \u00fazkosti, dezinhibice a dal\u0161\u00ed subjektivn\u00ed \u00fa\u010dinky jsou podobn\u00e9 jako u diazepamu. P\u0159i testech na zv\u00ed\u0159atech je t\u00e9m\u011b\u0159 desetkr\u00e1t \u00fa\u010dinn\u011bj\u0161\u00ed ne\u017e diazepam.<\/p>\n<p>Nakupujte online pro <a href=\"https:\/\/en.wikipedia.org\/wiki\/Diclazepam\">Diclazepam<\/a> 2 mg pelety: koupit Diclazepam, koupit pelety Diclazepam 2 mg, koupit Diclazepam online, kde koupit pelety Diclazepam 2 mg, Diclazepam na prodej, koupit pelety 2 mg online, koupit pelety Diclazepam 2 mg online, 2 mg pelety jsou k dispozici pro pelety Diclazepa online, od prodejc\u016f, s bezpe\u010dn\u00e1 p\u0159eprava v USA, Kanad\u011b a Spojen\u00e9m kr\u00e1lovstv\u00ed. St\u00e1le jsou k dispozici 2 miligramov\u00e9 pelety diclozepamu. Je leg\u00e1ln\u00ed koupit 2 mg pelety Diclazepamu v USA? Jak mohu z\u00edskat 2 mg pelety Diclazepamu? Jsou pelety Diclazepam 2 mg leg\u00e1ln\u00ed k n\u00e1kupu v Kanad\u011b?<\/p>","protected":false},"excerpt":{"rendered":"<p>For sale are Diclazepam 2 mg pellets. Chlordiazepam is another name for Diclazepam Pellets, a more newer and less well-known sedative in the benzodiazepine class. Get Diclazepam Pellets in 2 mg at a discounted price. It is believed to have a structural equivalence and work similarly to diazepam, also known as Valium. LegitGrams Amnesia, hypnotics, &hellip;<\/p>\n<p class=\"read-more\"> <a class=\"\" href=\"https:\/\/legitgrams.com\/cs\/produkt\/diclazepam-2-mg-pelety\/\"> <span class=\"screen-reader-text\">Diclazepam 2 mg pelety<\/span> \u010c\u00edst d\u00e1l \"<\/a><\/p>","protected":false},"featured_media":5323,"comment_status":"open","ping_status":"closed","template":"","meta":{"_uag_custom_page_level_css":"","site-sidebar-layout":"default","site-content-layout":"default","ast-global-header-display":"","ast-main-header-display":"","ast-hfb-above-header-display":"","ast-hfb-below-header-display":"","ast-hfb-mobile-header-display":"","site-post-title":"","ast-breadcrumbs-content":"","ast-featured-img":"","footer-sml-layout":"","theme-transparent-header-meta":"default","adv-header-id-meta":"","stick-header-meta":"default","header-above-stick-meta":"","header-main-stick-meta":"","header-below-stick-meta":"","_joinchat":[]},"product_brand":[],"product_cat":[600],"product_tag":[3383,3373,617,3365,3380,3364,3368,3367,3375,3366,3376,3378,3385,3386,3384,3381,3377,3372,3370,3382,3379,625,3371,3374,3369],"class_list":{"0":"post-3966","1":"product","2":"type-product","3":"status-publish","4":"has-post-thumbnail","6":"product_cat-research-chemicals-and-bath-salt","7":"product_tag-best-cheap-price-diclazepam-2-mg-pellets","8":"product_tag-best-place-to-buy-diclazepam-2-mg-pellets","9":"product_tag-bulk-online","10":"product_tag-buy-diclazepam-2-mg-pellets","11":"product_tag-cheap-diclazepam-2-mg-pellets","12":"product_tag-diclazepam-2-mg-pellets","13":"product_tag-diclazepam-2-mg-pellets-diclazepam-2-mg-pellets-supplier","14":"product_tag-diclazepam-2-mg-pellets-for-sale","15":"product_tag-diclazepam-2-mg-pellets-legally","16":"product_tag-diclazepam-2-mg-pellets-online","17":"product_tag-diclazepam-2-mg-pellets-price","18":"product_tag-diclazepam-2-mg-pellets-store","19":"product_tag-diclazepam-2-mg-pellets-use","20":"product_tag-diclazepam-2-mg-pellets-wiki","21":"product_tag-diclazepam-2-mg-pellets-worldwide","22":"product_tag-diclazepam-2-mg-pelletss","23":"product_tag-high-quality-diclazepam-2-mg-pellets","24":"product_tag-how-to-buy-diclazepam-2-mg-pellets","25":"product_tag-order-diclazepam-2-mg-pellets","26":"product_tag-purcharse-diclazepam-2-mg-pellets","27":"product_tag-shop-diclazepam-2-mg-pellets","28":"product_tag-top-quality","29":"product_tag-where-to-buy-diclazepam-2-mg-pellets","30":"product_tag-where-to-order-diclazepam-2-mg-pellets","31":"product_tag-wholesale-diclazepam-2-mg-pellets","32":"desktop-align-left","33":"tablet-align-left","34":"mobile-align-left","35":"ast-product-gallery-layout-horizontal","36":"ast-product-gallery-with-no-image","37":"ast-product-single-variable","38":"ast-product-tabs-layout-horizontal","39":"ast-qv-on-image","41":"first","42":"instock","43":"shipping-taxable","44":"purchasable","45":"product-type-variable"},"yoast_head":"<!-- This site is optimized with the Yoast SEO plugin v25.9 - https:\/\/yoast.com\/wordpress\/plugins\/seo\/ -->\n<title>Diclazepam 2mg pellets for Sale - Buy Diclazepam 2mg Online<\/title>\n<meta name=\"description\" content=\"If you wish to buy Diclazepam 2mg pellets online, our online Legitgrams store can help. We have Diclazepam 2mg pellets for sale at the best rates here. Place your order and grab the latest deals today!\" \/>\n<meta name=\"robots\" content=\"index, follow, max-snippet:-1, max-image-preview:large, max-video-preview:-1\" \/>\n<link rel=\"canonical\" href=\"https:\/\/legitgrams.com\/cs\/produkt\/diclazepam-2-mg-pelety\/\" \/>\n<meta property=\"og:locale\" content=\"cs_CZ\" \/>\n<meta property=\"og:type\" content=\"article\" \/>\n<meta property=\"og:title\" content=\"Diclazepam 2mg pellets for Sale - Buy Diclazepam 2mg Online\" \/>\n<meta property=\"og:description\" content=\"If you wish to buy Diclazepam 2mg pellets online, our online Legitgrams store can help. We have Diclazepam 2mg pellets for sale at the best rates here. Place your order and grab the latest deals today!\" \/>\n<meta property=\"og:url\" content=\"https:\/\/legitgrams.com\/cs\/produkt\/diclazepam-2-mg-pelety\/\" \/>\n<meta property=\"og:site_name\" content=\"Legit Grams\" \/>\n<meta property=\"article:modified_time\" content=\"2025-01-13T11:12:17+00:00\" \/>\n<meta property=\"og:image\" content=\"https:\/\/legitgrams.com\/wp-content\/uploads\/2024\/09\/Buy-Diclazepam-2-mg-pellets-online.jpg\" \/>\n\t<meta property=\"og:image:width\" content=\"600\" \/>\n\t<meta property=\"og:image:height\" content=\"600\" \/>\n\t<meta property=\"og:image:type\" content=\"image\/jpeg\" \/>\n<meta name=\"twitter:card\" content=\"summary_large_image\" \/>\n<meta name=\"twitter:label1\" content=\"Odhadovan\u00e1 doba \u010dten\u00ed\" \/>\n\t<meta name=\"twitter:data1\" content=\"2 minuty\" \/>\n<script type=\"application\/ld+json\" class=\"yoast-schema-graph\">{\"@context\":\"https:\/\/schema.org\",\"@graph\":[{\"@type\":\"WebPage\",\"@id\":\"https:\/\/legitgrams.com\/product\/diclazepam-2-mg-pellets\/\",\"url\":\"https:\/\/legitgrams.com\/product\/diclazepam-2-mg-pellets\/\",\"name\":\"Diclazepam 2mg pellets for Sale - Buy Diclazepam 2mg Online\",\"isPartOf\":{\"@id\":\"https:\/\/legitgrams.com\/#website\"},\"primaryImageOfPage\":{\"@id\":\"https:\/\/legitgrams.com\/product\/diclazepam-2-mg-pellets\/#primaryimage\"},\"image\":{\"@id\":\"https:\/\/legitgrams.com\/product\/diclazepam-2-mg-pellets\/#primaryimage\"},\"thumbnailUrl\":\"https:\/\/legitgrams.com\/wp-content\/uploads\/2024\/09\/Buy-Diclazepam-2-mg-pellets-online.jpg\",\"datePublished\":\"2024-09-21T05:37:19+00:00\",\"dateModified\":\"2025-01-13T11:12:17+00:00\",\"description\":\"If you wish to buy Diclazepam 2mg pellets online, our online Legitgrams store can help. We have Diclazepam 2mg pellets for sale at the best rates here. Place your order and grab the latest deals today!\",\"breadcrumb\":{\"@id\":\"https:\/\/legitgrams.com\/product\/diclazepam-2-mg-pellets\/#breadcrumb\"},\"inLanguage\":\"cs\",\"potentialAction\":[{\"@type\":\"ReadAction\",\"target\":[\"https:\/\/legitgrams.com\/product\/diclazepam-2-mg-pellets\/\"]}]},{\"@type\":\"ImageObject\",\"inLanguage\":\"cs\",\"@id\":\"https:\/\/legitgrams.com\/product\/diclazepam-2-mg-pellets\/#primaryimage\",\"url\":\"https:\/\/legitgrams.com\/wp-content\/uploads\/2024\/09\/Buy-Diclazepam-2-mg-pellets-online.jpg\",\"contentUrl\":\"https:\/\/legitgrams.com\/wp-content\/uploads\/2024\/09\/Buy-Diclazepam-2-mg-pellets-online.jpg\",\"width\":600,\"height\":600,\"caption\":\"Diclazepam 2 mg pellets for sale\"},{\"@type\":\"BreadcrumbList\",\"@id\":\"https:\/\/legitgrams.com\/product\/diclazepam-2-mg-pellets\/#breadcrumb\",\"itemListElement\":[{\"@type\":\"ListItem\",\"position\":1,\"name\":\"Home\",\"item\":\"https:\/\/legitgrams.com\/\"},{\"@type\":\"ListItem\",\"position\":2,\"name\":\"Shop\",\"item\":\"https:\/\/legitgrams.com\/shop\/\"},{\"@type\":\"ListItem\",\"position\":3,\"name\":\"Diclazepam 2 mg pellets\"}]},{\"@type\":\"WebSite\",\"@id\":\"https:\/\/legitgrams.com\/#website\",\"url\":\"https:\/\/legitgrams.com\/\",\"name\":\"Legit Grams\",\"description\":\"My WordPress Blog\",\"publisher\":{\"@id\":\"https:\/\/legitgrams.com\/#organization\"},\"potentialAction\":[{\"@type\":\"SearchAction\",\"target\":{\"@type\":\"EntryPoint\",\"urlTemplate\":\"https:\/\/legitgrams.com\/?s={search_term_string}\"},\"query-input\":{\"@type\":\"PropertyValueSpecification\",\"valueRequired\":true,\"valueName\":\"search_term_string\"}}],\"inLanguage\":\"cs\"},{\"@type\":\"Organization\",\"@id\":\"https:\/\/legitgrams.com\/#organization\",\"name\":\"Legit Grams\",\"url\":\"https:\/\/legitgrams.com\/\",\"logo\":{\"@type\":\"ImageObject\",\"inLanguage\":\"cs\",\"@id\":\"https:\/\/legitgrams.com\/#\/schema\/logo\/image\/\",\"url\":\"https:\/\/legitgrams.com\/wp-content\/uploads\/2024\/09\/main-logo.png\",\"contentUrl\":\"https:\/\/legitgrams.com\/wp-content\/uploads\/2024\/09\/main-logo.png\",\"width\":270,\"height\":75,\"caption\":\"Legit Grams\"},\"image\":{\"@id\":\"https:\/\/legitgrams.com\/#\/schema\/logo\/image\/\"}}]}<\/script>\n<!-- \/ Yoast SEO plugin. -->","yoast_head_json":{"title":"Diclazepam 2mg pelety na prodej - Koupit Diclazepam 2mg online","description":"Pokud si p\u0159ejete koupit Diclazepam 2mg pelety online, n\u00e1\u0161 online obchod Legitgrams v\u00e1m pom\u016f\u017ee. Diclazepam 2mg pelety zde m\u00e1me na prodej za nejlep\u0161\u00ed ceny. Objednejte si a vyu\u017eijte nejnov\u011bj\u0161\u00ed nab\u00eddky je\u0161t\u011b dnes!","robots":{"index":"index","follow":"follow","max-snippet":"max-snippet:-1","max-image-preview":"max-image-preview:large","max-video-preview":"max-video-preview:-1"},"canonical":"https:\/\/legitgrams.com\/cs\/produkt\/diclazepam-2-mg-pelety\/","og_locale":"cs_CZ","og_type":"article","og_title":"Diclazepam 2mg pellets for Sale - Buy Diclazepam 2mg Online","og_description":"If you wish to buy Diclazepam 2mg pellets online, our online Legitgrams store can help. We have Diclazepam 2mg pellets for sale at the best rates here. Place your order and grab the latest deals today!","og_url":"https:\/\/legitgrams.com\/cs\/produkt\/diclazepam-2-mg-pelety\/","og_site_name":"Legit Grams","article_modified_time":"2025-01-13T11:12:17+00:00","og_image":[{"width":600,"height":600,"url":"https:\/\/legitgrams.com\/wp-content\/uploads\/2024\/09\/Buy-Diclazepam-2-mg-pellets-online.jpg","type":"image\/jpeg"}],"twitter_card":"summary_large_image","twitter_misc":{"Odhadovan\u00e1 doba \u010dten\u00ed":"2 minuty"},"schema":{"@context":"https:\/\/schema.org","@graph":[{"@type":"WebPage","@id":"https:\/\/legitgrams.com\/product\/diclazepam-2-mg-pellets\/","url":"https:\/\/legitgrams.com\/product\/diclazepam-2-mg-pellets\/","name":"Diclazepam 2mg pelety na prodej - Koupit Diclazepam 2mg online","isPartOf":{"@id":"https:\/\/legitgrams.com\/#website"},"primaryImageOfPage":{"@id":"https:\/\/legitgrams.com\/product\/diclazepam-2-mg-pellets\/#primaryimage"},"image":{"@id":"https:\/\/legitgrams.com\/product\/diclazepam-2-mg-pellets\/#primaryimage"},"thumbnailUrl":"https:\/\/legitgrams.com\/wp-content\/uploads\/2024\/09\/Buy-Diclazepam-2-mg-pellets-online.jpg","datePublished":"2024-09-21T05:37:19+00:00","dateModified":"2025-01-13T11:12:17+00:00","description":"Pokud si p\u0159ejete koupit Diclazepam 2mg pelety online, n\u00e1\u0161 online obchod Legitgrams v\u00e1m pom\u016f\u017ee. Diclazepam 2mg pelety zde m\u00e1me na prodej za nejlep\u0161\u00ed ceny. Objednejte si a vyu\u017eijte nejnov\u011bj\u0161\u00ed nab\u00eddky je\u0161t\u011b dnes!","breadcrumb":{"@id":"https:\/\/legitgrams.com\/product\/diclazepam-2-mg-pellets\/#breadcrumb"},"inLanguage":"cs","potentialAction":[{"@type":"ReadAction","target":["https:\/\/legitgrams.com\/product\/diclazepam-2-mg-pellets\/"]}]},{"@type":"ImageObject","inLanguage":"cs","@id":"https:\/\/legitgrams.com\/product\/diclazepam-2-mg-pellets\/#primaryimage","url":"https:\/\/legitgrams.com\/wp-content\/uploads\/2024\/09\/Buy-Diclazepam-2-mg-pellets-online.jpg","contentUrl":"https:\/\/legitgrams.com\/wp-content\/uploads\/2024\/09\/Buy-Diclazepam-2-mg-pellets-online.jpg","width":600,"height":600,"caption":"Diclazepam 2 mg pellets for sale"},{"@type":"BreadcrumbList","@id":"https:\/\/legitgrams.com\/product\/diclazepam-2-mg-pellets\/#breadcrumb","itemListElement":[{"@type":"ListItem","position":1,"name":"Home","item":"https:\/\/legitgrams.com\/"},{"@type":"ListItem","position":2,"name":"Shop","item":"https:\/\/legitgrams.com\/shop\/"},{"@type":"ListItem","position":3,"name":"Diclazepam 2 mg pellets"}]},{"@type":"WebSite","@id":"https:\/\/legitgrams.com\/#website","url":"https:\/\/legitgrams.com\/","name":"Leg\u00e1ln\u00ed gramy","description":"M\u016fj blog WordPress","publisher":{"@id":"https:\/\/legitgrams.com\/#organization"},"potentialAction":[{"@type":"SearchAction","target":{"@type":"EntryPoint","urlTemplate":"https:\/\/legitgrams.com\/?s={search_term_string}"},"query-input":{"@type":"PropertyValueSpecification","valueRequired":true,"valueName":"search_term_string"}}],"inLanguage":"cs"},{"@type":"Organization","@id":"https:\/\/legitgrams.com\/#organization","name":"Leg\u00e1ln\u00ed gramy","url":"https:\/\/legitgrams.com\/","logo":{"@type":"ImageObject","inLanguage":"cs","@id":"https:\/\/legitgrams.com\/#\/schema\/logo\/image\/","url":"https:\/\/legitgrams.com\/wp-content\/uploads\/2024\/09\/main-logo.png","contentUrl":"https:\/\/legitgrams.com\/wp-content\/uploads\/2024\/09\/main-logo.png","width":270,"height":75,"caption":"Legit Grams"},"image":{"@id":"https:\/\/legitgrams.com\/#\/schema\/logo\/image\/"}}]}},"uagb_featured_image_src":{"full":["https:\/\/legitgrams.com\/wp-content\/uploads\/2024\/09\/Buy-Diclazepam-2-mg-pellets-online.jpg",600,600,false],"thumbnail":["https:\/\/legitgrams.com\/wp-content\/uploads\/2024\/09\/Buy-Diclazepam-2-mg-pellets-online-150x150.jpg",150,150,true],"medium":["https:\/\/legitgrams.com\/wp-content\/uploads\/2024\/09\/Buy-Diclazepam-2-mg-pellets-online-300x300.jpg",300,300,true],"medium_large":["https:\/\/legitgrams.com\/wp-content\/uploads\/2024\/09\/Buy-Diclazepam-2-mg-pellets-online.jpg",600,600,false],"large":["https:\/\/legitgrams.com\/wp-content\/uploads\/2024\/09\/Buy-Diclazepam-2-mg-pellets-online.jpg",600,600,false],"1536x1536":["https:\/\/legitgrams.com\/wp-content\/uploads\/2024\/09\/Buy-Diclazepam-2-mg-pellets-online.jpg",600,600,false],"2048x2048":["https:\/\/legitgrams.com\/wp-content\/uploads\/2024\/09\/Buy-Diclazepam-2-mg-pellets-online.jpg",600,600,false],"trp-custom-language-flag":["https:\/\/legitgrams.com\/wp-content\/uploads\/2024\/09\/Buy-Diclazepam-2-mg-pellets-online-12x12.jpg",12,12,true],"woocommerce_thumbnail":["https:\/\/legitgrams.com\/wp-content\/uploads\/2024\/09\/Buy-Diclazepam-2-mg-pellets-online-300x300.jpg",300,300,true],"woocommerce_single":["https:\/\/legitgrams.com\/wp-content\/uploads\/2024\/09\/Buy-Diclazepam-2-mg-pellets-online.jpg",600,600,false],"woocommerce_gallery_thumbnail":["https:\/\/legitgrams.com\/wp-content\/uploads\/2024\/09\/Buy-Diclazepam-2-mg-pellets-online-100x100.jpg",100,100,true]},"uagb_author_info":{"display_name":"cokeblog18","author_link":"https:\/\/legitgrams.com\/cs\/author\/"},"uagb_comment_info":0,"uagb_excerpt":"For sale are Diclazepam 2 mg pellets. Chlordiazepam is another name for Diclazepam Pellets, a more newer and less well-known sedative in the benzodiazepine class. Get Diclazepam Pellets in 2 mg at a discounted price. It is believed to have a structural equivalence and work similarly to diazepam, also known as Valium. LegitGrams Amnesia, hypnotics,&hellip;","_links":{"self":[{"href":"https:\/\/legitgrams.com\/cs\/wp-json\/wp\/v2\/product\/3966","targetHints":{"allow":["GET"]}}],"collection":[{"href":"https:\/\/legitgrams.com\/cs\/wp-json\/wp\/v2\/product"}],"about":[{"href":"https:\/\/legitgrams.com\/cs\/wp-json\/wp\/v2\/types\/product"}],"replies":[{"embeddable":true,"href":"https:\/\/legitgrams.com\/cs\/wp-json\/wp\/v2\/comments?post=3966"}],"wp:featuredmedia":[{"embeddable":true,"href":"https:\/\/legitgrams.com\/cs\/wp-json\/wp\/v2\/media\/5323"}],"wp:attachment":[{"href":"https:\/\/legitgrams.com\/cs\/wp-json\/wp\/v2\/media?parent=3966"}],"wp:term":[{"taxonomy":"product_brand","embeddable":true,"href":"https:\/\/legitgrams.com\/cs\/wp-json\/wp\/v2\/product_brand?post=3966"},{"taxonomy":"product_cat","embeddable":true,"href":"https:\/\/legitgrams.com\/cs\/wp-json\/wp\/v2\/product_cat?post=3966"},{"taxonomy":"product_tag","embeddable":true,"href":"https:\/\/legitgrams.com\/cs\/wp-json\/wp\/v2\/product_tag?post=3966"}],"curies":[{"name":"wp","href":"https:\/\/api.w.org\/{rel}","templated":true}]}}