{"id":3971,"date":"2024-09-21T06:01:14","date_gmt":"2024-09-21T06:01:14","guid":{"rendered":"https:\/\/legitgrams.com\/?post_type=product&#038;p=3971"},"modified":"2025-12-14T07:46:44","modified_gmt":"2025-12-14T07:46:44","slug":"fentanylovy-prasek","status":"publish","type":"product","link":"https:\/\/legitgrams.com\/cs\/produkt\/fentanylovy-prasek\/","title":{"rendered":"Fentanyl v pr\u00e1\u0161ku"},"content":{"rendered":"<h2>Prod\u00e1m: fentanylov\u00fd pr\u00e1\u0161ek<\/h2>\n<p><a href=\"https:\/\/legitgrams.com\/cs\/produkt\/fentanylovy-prasek\/\">Fentanyl<\/a> je \u010dlenem skupiny opioid\u016f prol\u00e9\u010div. Tento pr\u00e1\u0161ek se pou\u017e\u00edv\u00e1 k l\u00e9\u010db\u011b r\u016fzn\u00fdch onemocn\u011bn\u00ed. Dod\u00e1v\u00e1 se ve form\u011b pilulek a pr\u00e1\u0161ku. Fentanylov\u00fd pr\u00e1\u0161ek je n\u00e1zev l\u00e9ku pou\u017e\u00edvan\u00e9ho ke zm\u00edrn\u011bn\u00ed bolesti. <a href=\"https:\/\/legitgrams.com\/cs\/\">LegitGrams<\/a><\/p>\n<p>Fentanyl se tak\u00e9 pou\u017e\u00edv\u00e1 ke sn\u00ed\u017een\u00ed nebo \u00fapln\u00e9mu odstran\u011bn\u00ed chronick\u00e9 bolesti. Kdy\u017e byl poprv\u00e9 vytvo\u0159en v 60. letech minul\u00e9ho stolet\u00ed, byl prod\u00e1v\u00e1n jako l\u00e9k. Pot\u00e9 plnilo pod\u0159adn\u00e9 \u00fakoly. Krom\u011b medic\u00edny se v posledn\u00edch letech p\u0159\u00edle\u017eitostn\u011b pou\u017e\u00edv\u00e1 tak\u00e9 jako l\u00e9k.<\/p>\n<p>Morfin, nejzn\u00e1m\u011bj\u0161\u00ed prol\u00e9\u010divo, je \u010dasto srovn\u00e1v\u00e1n s fentanylov\u00fdm pr\u00e1\u0161kem. Tento l\u00e9k, kter\u00fd je vytvo\u0159en a pou\u017e\u00edv\u00e1n v l\u00e9ka\u0159sk\u00e9 oblasti, m\u00e1 velk\u00fd potenci\u00e1l.<\/p>\n<p>Fentanylov\u00fd pr\u00e1\u0161ek je t\u00e9m\u011b\u0159 50\u2013100kr\u00e1t siln\u011bj\u0161\u00ed ne\u017e morfin. To je hlavn\u00ed d\u016fvod jeho \u0161irok\u00e9ho vyu\u017eit\u00ed a obl\u00edbenosti.<\/p>\n<p>Fentanylov\u00fd pr\u00e1\u0161ek p\u016fsob\u00ed p\u0159\u00edmo na mozek a m\u011bn\u00ed zp\u016fsob, jak\u00fdm vn\u00edm\u00e1 bolest. Bu\u010f zcela nebo \u010d\u00e1ste\u010dn\u011b ulev\u00ed t\u011blu od bolesti, v z\u00e1vislosti na tom, jak je \u0161patn\u00e1. Pro svou mimo\u0159\u00e1dnou \u00fa\u010dinnost je \u0161iroce pou\u017e\u00edv\u00e1n k l\u00e9\u010db\u011b v\u0161ech typ\u016f bolesti, od akutn\u00ed po chronick\u00e9.<\/p>\n<p>Mnoho l\u00e9ka\u0159\u016f za\u010dlenilo tuto pro-drogovou politiku do sv\u00fdch prax\u00ed kv\u016fli t\u011bmto v\u00fdhod\u00e1m. Toto prol\u00e9\u010divo se nach\u00e1z\u00ed v \u0159ad\u011b l\u00e9k\u016f, kter\u00e9 se u\u017e\u00edvaj\u00ed b\u011bhem operace ke sn\u00ed\u017een\u00ed nepohodl\u00ed.<\/p>\n<p>Fentanylov\u00fd pr\u00e1\u0161ek je obl\u00edben\u00fd nejen u l\u00e9ka\u0159\u016f, ale tak\u00e9 mezi patrony tane\u010dn\u00edch klub\u016f a za\u0159\u00edzen\u00ed. Kdy\u017e jednotlivci u\u017e\u00edvaj\u00ed tento pro-drog k relaxaci, proto\u017ee jsou unaven\u00ed ze sv\u00e9ho povol\u00e1n\u00ed a cht\u011bj\u00ed si u\u017e\u00edvat \u017eivota.<\/p>\n<p>N\u011bkter\u00e9 ze slo\u017eek v tomto prol\u00e9ku tak\u00e9 pom\u00e1haj\u00ed p\u0159i podpo\u0159e klidn\u00e9ho sp\u00e1nku. V d\u016fsledku toho se stal velmi obl\u00edben\u00fdm mezi t\u011bmi, kte\u0159\u00ed bojuj\u00ed s podm\u00ednkami, jako je deprese.<\/p>\n<p>Fentanylov\u00fd pr\u00e1\u0161ek je snadno dostupn\u00fd na internetu. Prost\u0159ednictv\u00edm na\u0161eho internetov\u00e9ho obchodu je toto prol\u00e9\u010divo nab\u00edzeno ve form\u011b tablet a pr\u00e1\u0161ku. Na\u0161e firma tak\u00e9 zaji\u0161\u0165uje rychl\u00e9 dod\u00e1n\u00ed zbo\u017e\u00ed a\u017e k v\u00e1m dom\u016f.<\/p>\n<p>Koupit pr\u00e1\u0161kov\u00e9 <a href=\"https:\/\/en.wikipedia.org\/wiki\/Fentanyl\">Fentanyl<\/a> Online: Koupit pr\u00e1\u0161ek, koupit fentanyl online, kde koupit pr\u00e1\u0161ek pro fentanyl, pr\u00e1\u0161ek na prodej, pr\u00e1\u0161ek online, kde koupit pr\u00e1\u0161ek fentanyl online, kde koupit pr\u00e1\u0161ek v USA, Kanad\u011b a Spojen\u00e9m kr\u00e1lovstv\u00ed, kde koupit pr\u00e1\u0161ek online, Kde naj\u00edt dodavatele, bezpe\u010dn\u00e9 doru\u010den\u00ed, fentanylov\u00fd pr\u00e1\u0161ek je st\u00e1le dostupn\u00fd. je to tak? Jak si mohu objednat pr\u00e1\u0161ek fentanylu, je to leg\u00e1ln\u00ed v Kanad\u011b a je leg\u00e1ln\u00ed si ho koupit online v USA?<\/p>","protected":false},"excerpt":{"rendered":"<p>For sale: fentanyl powder Fentanyl is a member of the opioid class of pro-drugs. This powder is used to cure a variety of ailments. It comes in pill and powder form. Fentanyl powder is the name of the medication used to alleviate pain. LegitGrams Fentanyl is also used to reduce or completely eradicate chronic pain. &hellip;<\/p>\n<p class=\"read-more\"> <a class=\"\" href=\"https:\/\/legitgrams.com\/cs\/produkt\/fentanylovy-prasek\/\"> <span class=\"screen-reader-text\">Fentanyl v pr\u00e1\u0161ku<\/span> \u010c\u00edst d\u00e1l \"<\/a><\/p>","protected":false},"featured_media":5276,"comment_status":"open","ping_status":"closed","template":"","meta":{"_uag_custom_page_level_css":"","site-sidebar-layout":"default","site-content-layout":"default","ast-global-header-display":"","ast-main-header-display":"","ast-hfb-above-header-display":"","ast-hfb-below-header-display":"","ast-hfb-mobile-header-display":"","site-post-title":"","ast-breadcrumbs-content":"","ast-featured-img":"","footer-sml-layout":"","theme-transparent-header-meta":"default","adv-header-id-meta":"","stick-header-meta":"default","header-above-stick-meta":"","header-main-stick-meta":"","header-below-stick-meta":"","_joinchat":[]},"product_brand":[],"product_cat":[600],"product_tag":[3291,3281,617,3273,3288,3272,3276,3275,3283,3274,3284,3286,3293,3294,3292,3289,3285,3280,3278,3290,3287,625,3279,3282,3277],"class_list":{"0":"post-3971","1":"product","2":"type-product","3":"status-publish","4":"has-post-thumbnail","6":"product_cat-research-chemicals-and-bath-salt","7":"product_tag-best-cheap-price-fentanyl-powder","8":"product_tag-best-place-to-buy-fentanyl-powder","9":"product_tag-bulk-online","10":"product_tag-buy-fentanyl-powder","11":"product_tag-cheap-fentanyl-powder","12":"product_tag-fentanyl-powder","13":"product_tag-fentanyl-powder-fentanyl-powder-supplier","14":"product_tag-fentanyl-powder-for-sale","15":"product_tag-fentanyl-powder-legally","16":"product_tag-fentanyl-powder-online","17":"product_tag-fentanyl-powder-price","18":"product_tag-fentanyl-powder-store","19":"product_tag-fentanyl-powder-use","20":"product_tag-fentanyl-powder-wiki","21":"product_tag-fentanyl-powder-worldwide","22":"product_tag-fentanyl-powders","23":"product_tag-high-quality-fentanyl-powder","24":"product_tag-how-to-buy-fentanyl-powder","25":"product_tag-order-fentanyl-powder","26":"product_tag-purcharse-fentanyl-powder","27":"product_tag-shop-fentanyl-powder","28":"product_tag-top-quality","29":"product_tag-where-to-buy-fentanyl-powder","30":"product_tag-where-to-order-fentanyl-powder","31":"product_tag-wholesale-fentanyl-powder","32":"desktop-align-left","33":"tablet-align-left","34":"mobile-align-left","35":"ast-product-gallery-layout-horizontal","36":"ast-product-gallery-with-no-image","37":"ast-product-single-variable","38":"ast-product-tabs-layout-horizontal","39":"ast-qv-on-image","41":"first","42":"instock","43":"featured","44":"shipping-taxable","45":"purchasable","46":"product-type-variable"},"yoast_head":"<!-- This site is optimized with the Yoast SEO plugin v25.9 - https:\/\/yoast.com\/wordpress\/plugins\/seo\/ -->\n<title>Fentanyl Powder for Sale - Order Fentanyl Powder Online<\/title>\n<meta name=\"description\" content=\"You can get Fentanyl Powder for sale at the best rates from our online store. We are here to help you buy Fentanyl Powder online. Connect with best store in town today!\" \/>\n<meta name=\"robots\" content=\"index, follow, max-snippet:-1, max-image-preview:large, max-video-preview:-1\" \/>\n<link rel=\"canonical\" href=\"https:\/\/legitgrams.com\/cs\/produkt\/fentanylovy-prasek\/\" \/>\n<meta property=\"og:locale\" content=\"cs_CZ\" \/>\n<meta property=\"og:type\" content=\"article\" \/>\n<meta property=\"og:title\" content=\"Fentanyl Powder for Sale - Order Fentanyl Powder Online\" \/>\n<meta property=\"og:description\" content=\"You can get Fentanyl Powder for sale at the best rates from our online store. We are here to help you buy Fentanyl Powder online. Connect with best store in town today!\" \/>\n<meta property=\"og:url\" content=\"https:\/\/legitgrams.com\/cs\/produkt\/fentanylovy-prasek\/\" \/>\n<meta property=\"og:site_name\" content=\"Legit Grams\" \/>\n<meta property=\"article:modified_time\" content=\"2025-12-14T07:46:44+00:00\" \/>\n<meta property=\"og:image\" content=\"https:\/\/legitgrams.com\/wp-content\/uploads\/2024\/09\/buy-fentanyl-powder-online.jpg\" \/>\n\t<meta property=\"og:image:width\" content=\"600\" \/>\n\t<meta property=\"og:image:height\" content=\"600\" \/>\n\t<meta property=\"og:image:type\" content=\"image\/jpeg\" \/>\n<meta name=\"twitter:card\" content=\"summary_large_image\" \/>\n<meta name=\"twitter:label1\" content=\"Odhadovan\u00e1 doba \u010dten\u00ed\" \/>\n\t<meta name=\"twitter:data1\" content=\"2 minuty\" \/>\n<script type=\"application\/ld+json\" class=\"yoast-schema-graph\">{\"@context\":\"https:\/\/schema.org\",\"@graph\":[{\"@type\":\"WebPage\",\"@id\":\"https:\/\/legitgrams.com\/product\/fentanyl-powder\/\",\"url\":\"https:\/\/legitgrams.com\/product\/fentanyl-powder\/\",\"name\":\"Fentanyl Powder for Sale - Order Fentanyl Powder Online\",\"isPartOf\":{\"@id\":\"https:\/\/legitgrams.com\/#website\"},\"primaryImageOfPage\":{\"@id\":\"https:\/\/legitgrams.com\/product\/fentanyl-powder\/#primaryimage\"},\"image\":{\"@id\":\"https:\/\/legitgrams.com\/product\/fentanyl-powder\/#primaryimage\"},\"thumbnailUrl\":\"https:\/\/legitgrams.com\/wp-content\/uploads\/2024\/09\/buy-fentanyl-powder-online.jpg\",\"datePublished\":\"2024-09-21T06:01:14+00:00\",\"dateModified\":\"2025-12-14T07:46:44+00:00\",\"description\":\"You can get Fentanyl Powder for sale at the best rates from our online store. We are here to help you buy Fentanyl Powder online. Connect with best store in town today!\",\"breadcrumb\":{\"@id\":\"https:\/\/legitgrams.com\/product\/fentanyl-powder\/#breadcrumb\"},\"inLanguage\":\"cs\",\"potentialAction\":[{\"@type\":\"ReadAction\",\"target\":[\"https:\/\/legitgrams.com\/product\/fentanyl-powder\/\"]}]},{\"@type\":\"ImageObject\",\"inLanguage\":\"cs\",\"@id\":\"https:\/\/legitgrams.com\/product\/fentanyl-powder\/#primaryimage\",\"url\":\"https:\/\/legitgrams.com\/wp-content\/uploads\/2024\/09\/buy-fentanyl-powder-online.jpg\",\"contentUrl\":\"https:\/\/legitgrams.com\/wp-content\/uploads\/2024\/09\/buy-fentanyl-powder-online.jpg\",\"width\":600,\"height\":600,\"caption\":\"Fentanyl Powder for sale\"},{\"@type\":\"BreadcrumbList\",\"@id\":\"https:\/\/legitgrams.com\/product\/fentanyl-powder\/#breadcrumb\",\"itemListElement\":[{\"@type\":\"ListItem\",\"position\":1,\"name\":\"Home\",\"item\":\"https:\/\/legitgrams.com\/\"},{\"@type\":\"ListItem\",\"position\":2,\"name\":\"Shop\",\"item\":\"https:\/\/legitgrams.com\/shop\/\"},{\"@type\":\"ListItem\",\"position\":3,\"name\":\"Fentanyl Powder\"}]},{\"@type\":\"WebSite\",\"@id\":\"https:\/\/legitgrams.com\/#website\",\"url\":\"https:\/\/legitgrams.com\/\",\"name\":\"Legit Grams\",\"description\":\"My WordPress Blog\",\"publisher\":{\"@id\":\"https:\/\/legitgrams.com\/#organization\"},\"potentialAction\":[{\"@type\":\"SearchAction\",\"target\":{\"@type\":\"EntryPoint\",\"urlTemplate\":\"https:\/\/legitgrams.com\/?s={search_term_string}\"},\"query-input\":{\"@type\":\"PropertyValueSpecification\",\"valueRequired\":true,\"valueName\":\"search_term_string\"}}],\"inLanguage\":\"cs\"},{\"@type\":\"Organization\",\"@id\":\"https:\/\/legitgrams.com\/#organization\",\"name\":\"Legit Grams\",\"url\":\"https:\/\/legitgrams.com\/\",\"logo\":{\"@type\":\"ImageObject\",\"inLanguage\":\"cs\",\"@id\":\"https:\/\/legitgrams.com\/#\/schema\/logo\/image\/\",\"url\":\"https:\/\/legitgrams.com\/wp-content\/uploads\/2024\/09\/main-logo.png\",\"contentUrl\":\"https:\/\/legitgrams.com\/wp-content\/uploads\/2024\/09\/main-logo.png\",\"width\":270,\"height\":75,\"caption\":\"Legit Grams\"},\"image\":{\"@id\":\"https:\/\/legitgrams.com\/#\/schema\/logo\/image\/\"}}]}<\/script>\n<!-- \/ Yoast SEO plugin. -->","yoast_head_json":{"title":"Fentanylov\u00fd pr\u00e1\u0161ek na prodej - objednat fentanylov\u00fd pr\u00e1\u0161ek online","description":"Fentanyl Powder m\u016f\u017eete z\u00edskat na prodej za nejlep\u0161\u00ed ceny z na\u0161eho internetov\u00e9ho obchodu. Jsme zde, abychom v\u00e1m pomohli koupit Fentanyl Powder online. Spojte se s nejlep\u0161\u00edm obchodem ve m\u011bst\u011b je\u0161t\u011b dnes!","robots":{"index":"index","follow":"follow","max-snippet":"max-snippet:-1","max-image-preview":"max-image-preview:large","max-video-preview":"max-video-preview:-1"},"canonical":"https:\/\/legitgrams.com\/cs\/produkt\/fentanylovy-prasek\/","og_locale":"cs_CZ","og_type":"article","og_title":"Fentanyl Powder for Sale - Order Fentanyl Powder Online","og_description":"You can get Fentanyl Powder for sale at the best rates from our online store. We are here to help you buy Fentanyl Powder online. Connect with best store in town today!","og_url":"https:\/\/legitgrams.com\/cs\/produkt\/fentanylovy-prasek\/","og_site_name":"Legit Grams","article_modified_time":"2025-12-14T07:46:44+00:00","og_image":[{"width":600,"height":600,"url":"https:\/\/legitgrams.com\/wp-content\/uploads\/2024\/09\/buy-fentanyl-powder-online.jpg","type":"image\/jpeg"}],"twitter_card":"summary_large_image","twitter_misc":{"Odhadovan\u00e1 doba \u010dten\u00ed":"2 minuty"},"schema":{"@context":"https:\/\/schema.org","@graph":[{"@type":"WebPage","@id":"https:\/\/legitgrams.com\/product\/fentanyl-powder\/","url":"https:\/\/legitgrams.com\/product\/fentanyl-powder\/","name":"Fentanylov\u00fd pr\u00e1\u0161ek na prodej - objednat fentanylov\u00fd pr\u00e1\u0161ek online","isPartOf":{"@id":"https:\/\/legitgrams.com\/#website"},"primaryImageOfPage":{"@id":"https:\/\/legitgrams.com\/product\/fentanyl-powder\/#primaryimage"},"image":{"@id":"https:\/\/legitgrams.com\/product\/fentanyl-powder\/#primaryimage"},"thumbnailUrl":"https:\/\/legitgrams.com\/wp-content\/uploads\/2024\/09\/buy-fentanyl-powder-online.jpg","datePublished":"2024-09-21T06:01:14+00:00","dateModified":"2025-12-14T07:46:44+00:00","description":"Fentanyl Powder m\u016f\u017eete z\u00edskat na prodej za nejlep\u0161\u00ed ceny z na\u0161eho internetov\u00e9ho obchodu. Jsme zde, abychom v\u00e1m pomohli koupit Fentanyl Powder online. Spojte se s nejlep\u0161\u00edm obchodem ve m\u011bst\u011b je\u0161t\u011b dnes!","breadcrumb":{"@id":"https:\/\/legitgrams.com\/product\/fentanyl-powder\/#breadcrumb"},"inLanguage":"cs","potentialAction":[{"@type":"ReadAction","target":["https:\/\/legitgrams.com\/product\/fentanyl-powder\/"]}]},{"@type":"ImageObject","inLanguage":"cs","@id":"https:\/\/legitgrams.com\/product\/fentanyl-powder\/#primaryimage","url":"https:\/\/legitgrams.com\/wp-content\/uploads\/2024\/09\/buy-fentanyl-powder-online.jpg","contentUrl":"https:\/\/legitgrams.com\/wp-content\/uploads\/2024\/09\/buy-fentanyl-powder-online.jpg","width":600,"height":600,"caption":"Fentanyl Powder for sale"},{"@type":"BreadcrumbList","@id":"https:\/\/legitgrams.com\/product\/fentanyl-powder\/#breadcrumb","itemListElement":[{"@type":"ListItem","position":1,"name":"Home","item":"https:\/\/legitgrams.com\/"},{"@type":"ListItem","position":2,"name":"Shop","item":"https:\/\/legitgrams.com\/shop\/"},{"@type":"ListItem","position":3,"name":"Fentanyl Powder"}]},{"@type":"WebSite","@id":"https:\/\/legitgrams.com\/#website","url":"https:\/\/legitgrams.com\/","name":"Leg\u00e1ln\u00ed gramy","description":"M\u016fj blog WordPress","publisher":{"@id":"https:\/\/legitgrams.com\/#organization"},"potentialAction":[{"@type":"SearchAction","target":{"@type":"EntryPoint","urlTemplate":"https:\/\/legitgrams.com\/?s={search_term_string}"},"query-input":{"@type":"PropertyValueSpecification","valueRequired":true,"valueName":"search_term_string"}}],"inLanguage":"cs"},{"@type":"Organization","@id":"https:\/\/legitgrams.com\/#organization","name":"Leg\u00e1ln\u00ed gramy","url":"https:\/\/legitgrams.com\/","logo":{"@type":"ImageObject","inLanguage":"cs","@id":"https:\/\/legitgrams.com\/#\/schema\/logo\/image\/","url":"https:\/\/legitgrams.com\/wp-content\/uploads\/2024\/09\/main-logo.png","contentUrl":"https:\/\/legitgrams.com\/wp-content\/uploads\/2024\/09\/main-logo.png","width":270,"height":75,"caption":"Legit Grams"},"image":{"@id":"https:\/\/legitgrams.com\/#\/schema\/logo\/image\/"}}]}},"uagb_featured_image_src":{"full":["https:\/\/legitgrams.com\/wp-content\/uploads\/2024\/09\/buy-fentanyl-powder-online.jpg",600,600,false],"thumbnail":["https:\/\/legitgrams.com\/wp-content\/uploads\/2024\/09\/buy-fentanyl-powder-online-150x150.jpg",150,150,true],"medium":["https:\/\/legitgrams.com\/wp-content\/uploads\/2024\/09\/buy-fentanyl-powder-online-300x300.jpg",300,300,true],"medium_large":["https:\/\/legitgrams.com\/wp-content\/uploads\/2024\/09\/buy-fentanyl-powder-online.jpg",600,600,false],"large":["https:\/\/legitgrams.com\/wp-content\/uploads\/2024\/09\/buy-fentanyl-powder-online.jpg",600,600,false],"1536x1536":["https:\/\/legitgrams.com\/wp-content\/uploads\/2024\/09\/buy-fentanyl-powder-online.jpg",600,600,false],"2048x2048":["https:\/\/legitgrams.com\/wp-content\/uploads\/2024\/09\/buy-fentanyl-powder-online.jpg",600,600,false],"trp-custom-language-flag":["https:\/\/legitgrams.com\/wp-content\/uploads\/2024\/09\/buy-fentanyl-powder-online-12x12.jpg",12,12,true],"woocommerce_thumbnail":["https:\/\/legitgrams.com\/wp-content\/uploads\/2024\/09\/buy-fentanyl-powder-online-300x300.jpg",300,300,true],"woocommerce_single":["https:\/\/legitgrams.com\/wp-content\/uploads\/2024\/09\/buy-fentanyl-powder-online.jpg",600,600,false],"woocommerce_gallery_thumbnail":["https:\/\/legitgrams.com\/wp-content\/uploads\/2024\/09\/buy-fentanyl-powder-online-100x100.jpg",100,100,true]},"uagb_author_info":{"display_name":"cokeblog18","author_link":"https:\/\/legitgrams.com\/cs\/author\/"},"uagb_comment_info":2,"uagb_excerpt":"For sale: fentanyl powder Fentanyl is a member of the opioid class of pro-drugs. This powder is used to cure a variety of ailments. It comes in pill and powder form. Fentanyl powder is the name of the medication used to alleviate pain. LegitGrams Fentanyl is also used to reduce or completely eradicate chronic pain.&hellip;","_links":{"self":[{"href":"https:\/\/legitgrams.com\/cs\/wp-json\/wp\/v2\/product\/3971","targetHints":{"allow":["GET"]}}],"collection":[{"href":"https:\/\/legitgrams.com\/cs\/wp-json\/wp\/v2\/product"}],"about":[{"href":"https:\/\/legitgrams.com\/cs\/wp-json\/wp\/v2\/types\/product"}],"replies":[{"embeddable":true,"href":"https:\/\/legitgrams.com\/cs\/wp-json\/wp\/v2\/comments?post=3971"}],"wp:featuredmedia":[{"embeddable":true,"href":"https:\/\/legitgrams.com\/cs\/wp-json\/wp\/v2\/media\/5276"}],"wp:attachment":[{"href":"https:\/\/legitgrams.com\/cs\/wp-json\/wp\/v2\/media?parent=3971"}],"wp:term":[{"taxonomy":"product_brand","embeddable":true,"href":"https:\/\/legitgrams.com\/cs\/wp-json\/wp\/v2\/product_brand?post=3971"},{"taxonomy":"product_cat","embeddable":true,"href":"https:\/\/legitgrams.com\/cs\/wp-json\/wp\/v2\/product_cat?post=3971"},{"taxonomy":"product_tag","embeddable":true,"href":"https:\/\/legitgrams.com\/cs\/wp-json\/wp\/v2\/product_tag?post=3971"}],"curies":[{"name":"wp","href":"https:\/\/api.w.org\/{rel}","templated":true}]}}