{"id":3985,"date":"2024-09-21T06:51:37","date_gmt":"2024-09-21T06:51:37","guid":{"rendered":"https:\/\/legitgrams.com\/?post_type=product&#038;p=3985"},"modified":"2025-01-11T11:05:10","modified_gmt":"2025-01-11T11:05:10","slug":"4-fa-prasek-1-oz-cisty","status":"publish","type":"product","link":"https:\/\/legitgrams.com\/cs\/produkt\/4-fa-prasek-1-oz-cisty\/","title":{"rendered":"4-FA pr\u00e1\u0161ek 1 oz \u010dist\u00fd"},"content":{"rendered":"<h2>4-FA pr\u00e1\u0161ek k zakoupen\u00ed<\/h2>\n<p><a href=\"https:\/\/legitgrams.com\/cs\/produkt\/4-fa-prasek-1-oz-cisty\/\">4-FA (4-fluoramfetamin)<\/a>, l\u00e9k, kter\u00fd se podob\u00e1 amfetaminu, byl ned\u00e1vno k dispozici ke koupi v Nizozemsku. Od roku 2007 do roku 2009 byly jeho hlavn\u00edmi formami rychlost nebo MDMA. Vzhledem k nedostatku surovin pro tyto specialisty v t\u00e9 dob\u011b byla 4-FA vyu\u017eita jako specialista na \u0159ez\u00e1n\u00ed. V ka\u017ed\u00e9m p\u0159\u00edpad\u011b, od roku 2010 maloobchodn\u00edci postupn\u011b propaguj\u00ed 4-FA jako 4-FA, co\u017e nazna\u010duje, \u017ee to z\u00e1kazn\u00edci pova\u017euj\u00ed za \u201el\u00e9k rozhodnut\u00ed\u201c.<\/p>\n<p><a href=\"https:\/\/en.wikipedia.org\/wiki\/4-Fluoroamphetamine\">4-FA<\/a> je tak\u00e9 zn\u00e1m\u00fd jako Flux, 4-FMP, 4-Fluor, 4-Flava a 4-F. Tato droga je klasifikov\u00e1na jako nov\u00e1 psychoaktivn\u00ed l\u00e1tka (NPS). Jedn\u00e1 se o nov\u011b vyvinut\u00e9 chemik\u00e1lie, kter\u00e9 se v posledn\u00ed dob\u011b staly dostupn\u00fdmi nam\u00edsto tradi\u010dn\u011bj\u0161\u00edch neleg\u00e1ln\u00edch narkotik. NPS jsou tak\u00e9 zn\u00e1m\u00e9 jako v\u00fdzkumn\u00e9 syntetick\u00e9 l\u00e1tky nebo origin\u00e1ln\u00ed l\u00e9ky. Mal\u00e1 zm\u011bna sou\u010dasn\u00e9 chemick\u00e9 struktury m\u00e1 za n\u00e1sledek zm\u011bnu v nomenklatu\u0159e l\u00e1tky; proto ji\u017e nen\u00ed chr\u00e1n\u011bn opiov\u00fdm z\u00e1konem a je zak\u00e1z\u00e1n. To zt\u011b\u017euje zastaven\u00ed vlastnictv\u00ed, transakc\u00ed a vytv\u00e1\u0159en\u00ed. <a href=\"https:\/\/en.wikipedia.org\/\">LegitGrams<\/a><\/p>\n<p>Dv\u011b nejobl\u00edben\u011bj\u0161\u00ed formy 4-FA jsou pr\u00e1\u0161ek a pilulky. D\u00e1vkov\u00e1 forma pro 4-FA je or\u00e1ln\u00ed pod\u00e1v\u00e1n\u00ed. Spot\u0159ebitel\u00e9 se mohou rozpustit v n\u00e1poji nebo mohou d\u00e1t pr\u00e1\u0161ek do pouzdra nebo pohybliv\u00e9ho pap\u00edru (bomby). Rozd\u00edly mezi p\u0159\u00edpady 4-FA, pr\u00e1\u0161ky 4-FA a pilulkami 4-FA jsou minim\u00e1ln\u00ed.<\/p>\n<p>N\u00e1doby jsou vyrobeny z mnoha materi\u00e1l\u016f a mohou b\u00fdt oby\u010dejn\u00e9 nebo barevn\u00e9 n\u00e1doby mohou b\u00fdt vyrobeny z nudn\u00e9ho nebo atraktivn\u00edho materi\u00e1lu a mohou b\u00fdt hladk\u00e9 nebo barevn\u00e9. Pouzdro m\u016f\u017ee b\u00fdt napln\u011bno n\u011bkolika chemik\u00e1liemi. 4-FA spolu s dal\u0161\u00edmi l\u00e1tkami, jako je amfetamin (rychlost), MDMA, k\u00e1va nebo v\u016fbec nic. N\u011bkter\u00e9 v\u011bci z chytr\u00fdch obchod\u016f jsou i v pouzdrech. Pouzdra jsou \u010dasto vlo\u017eena do pytle a bal\u00ed\u010dek pak identifikuje, co je uvnit\u0159. Z\u00e1kazn\u00edci mohou pomoc\u00ed miligramov\u00e9 stupnice zm\u011b\u0159it p\u0159esn\u00e9 mno\u017estv\u00ed, pokud sami napln\u00ed n\u00e1dobu. 4-fa koupit online.<\/p>\n<p>N\u00e1doby jsou vyrobeny z mnoha materi\u00e1l\u016f a mohou b\u00fdt oby\u010dejn\u00e9 nebo barevn\u00e9 n\u00e1doby mohou b\u00fdt vyrobeny z nudn\u00e9ho nebo atraktivn\u00edho materi\u00e1lu a mohou b\u00fdt hladk\u00e9 nebo barevn\u00e9. Pouzdro m\u016f\u017ee b\u00fdt napln\u011bno n\u011bkolika chemik\u00e1liemi. 4-FA spolu s dal\u0161\u00edmi l\u00e1tkami, jako je amfetamin (rychlost), MDMA, k\u00e1va nebo v\u016fbec nic. N\u011bkter\u00e9 v\u011bci z chytr\u00fdch obchod\u016f jsou i v pouzdrech. Pouzdra jsou \u010dasto vlo\u017eena do pytle a bal\u00ed\u010dek pak identifikuje, co je uvnit\u0159. Z\u00e1kazn\u00edci mohou pomoc\u00ed miligramov\u00e9 stupnice zm\u011b\u0159it p\u0159esn\u00e9 mno\u017estv\u00ed, pokud sami napln\u00ed n\u00e1dobu. 4-fa koupit online.<\/p>\n<p>Zu\u0159iv\u00fd, p\u0159esn\u00fd, vhodn\u00fd a opatrn\u00fd<\/p>\n<p>\u0160\u0165astn\u00fd, \u0161\u0165astn\u00fd a oslniv\u00fd<\/p>\n<p>siln\u00fd pocit za\u010dlen\u011bn\u00ed<\/p>\n<p>Siln\u00fd pocit dotyku a zvuku<\/p>\n<p>siln\u00e1 touha po bl\u00edzkosti, interakci a komunikaci<\/p>\n<p>Nakupujte 1 unci \u010dist\u00e9ho 4-FA pr\u00e1\u0161ku online za zv\u00fdhodn\u011bn\u00e9 ceny M\u016f\u017eete si koupit 1 unci \u010dist\u00e9ho, koupit 4-FA pr\u00e1\u0161ek 1 unci \u010dist\u00e9ho ve va\u0161em okol\u00ed a zjistit, kde jej koupit online. 4-FA Powder 1 oz Pure: kde koupit 4-FA Powder 1 oz Pure online v tomto okam\u017eiku n\u00e1kupu, 4-FA Powder 1 oz Pure, 4-FA Powder 1 oz Pure k dispozici pro n\u00e1kup v USA Objedn\u00e1vka 4-FA Powder 1 oz Pure online, n\u00e1kup 4-FA Powder 1 oz Pure online, dodavatel\u00e9, bezpe\u010dn\u00e1 doprava, USA, Kanada, Velk\u00e1 Brit\u00e1nie, je\u0161t\u011b je tu \u0161ance a\u017e Jak si mohu objednat 1 unci \u010dist\u00e9ho pr\u00e1\u0161ku 4-FA? Je 1 unce Pure 4-FA Powder leg\u00e1ln\u00ed v USA? Je mo\u017en\u00e9 koupit 1 oz Pure 4-FA Powder online?<\/p>","protected":false},"excerpt":{"rendered":"<p>4-FA Powder Available for Purchase 4-FA (4-fluoramphetamine), a medication that resembles amphetamine, has just lately been available for purchase in the Netherlands. From 2007 to 2009, its main forms were speed or MDMA. Due to a shortage of raw materials for these specialists at the time, 4-FA was utilized as a cutting specialist. At any &hellip;<\/p>\n<p class=\"read-more\"> <a class=\"\" href=\"https:\/\/legitgrams.com\/cs\/produkt\/4-fa-prasek-1-oz-cisty\/\"> <span class=\"screen-reader-text\">4-FA pr\u00e1\u0161ek 1 oz \u010dist\u00fd<\/span> \u010c\u00edst d\u00e1l \"<\/a><\/p>","protected":false},"featured_media":5259,"comment_status":"open","ping_status":"closed","template":"","meta":{"_uag_custom_page_level_css":"","site-sidebar-layout":"default","site-content-layout":"default","ast-global-header-display":"","ast-main-header-display":"","ast-hfb-above-header-display":"","ast-hfb-below-header-display":"","ast-hfb-mobile-header-display":"","site-post-title":"","ast-breadcrumbs-content":"","ast-featured-img":"","footer-sml-layout":"","theme-transparent-header-meta":"default","adv-header-id-meta":"","stick-header-meta":"default","header-above-stick-meta":"","header-main-stick-meta":"","header-below-stick-meta":"","_joinchat":[]},"product_brand":[],"product_cat":[600],"product_tag":[3157,3161,3160,3168,3159,3169,3171,3178,3179,3177,3174,3176,3166,617,3158,3173,3170,3165,3163,3175,3172,625,3164,3167,3162],"class_list":{"0":"post-3985","1":"product","2":"type-product","3":"status-publish","4":"has-post-thumbnail","6":"product_cat-research-chemicals-and-bath-salt","7":"product_tag-4-fa-powder-1-oz-pure","8":"product_tag-4-fa-powder-1-oz-pure-4-fa-powder-1-oz-pure-supplier","9":"product_tag-4-fa-powder-1-oz-pure-for-sale","10":"product_tag-4-fa-powder-1-oz-pure-legally","11":"product_tag-4-fa-powder-1-oz-pure-online","12":"product_tag-4-fa-powder-1-oz-pure-price","13":"product_tag-4-fa-powder-1-oz-pure-store","14":"product_tag-4-fa-powder-1-oz-pure-use","15":"product_tag-4-fa-powder-1-oz-pure-wiki","16":"product_tag-4-fa-powder-1-oz-pure-worldwide","17":"product_tag-4-fa-powder-1-oz-pures","18":"product_tag-best-cheap-price-4-fa-powder-1-oz-pure","19":"product_tag-best-place-to-buy-4-fa-powder-1-oz-pure","20":"product_tag-bulk-online","21":"product_tag-buy-4-fa-powder-1-oz-pure","22":"product_tag-cheap-4-fa-powder-1-oz-pure","23":"product_tag-high-quality-4-fa-powder-1-oz-pure","24":"product_tag-how-to-buy-4-fa-powder-1-oz-pure","25":"product_tag-order-4-fa-powder-1-oz-pure","26":"product_tag-purcharse-4-fa-powder-1-oz-pure","27":"product_tag-shop-4-fa-powder-1-oz-pure","28":"product_tag-top-quality","29":"product_tag-where-to-buy-4-fa-powder-1-oz-pure","30":"product_tag-where-to-order-4-fa-powder-1-oz-pure","31":"product_tag-wholesale-4-fa-powder-1-oz-pure","32":"desktop-align-left","33":"tablet-align-left","34":"mobile-align-left","35":"ast-product-gallery-layout-horizontal","36":"ast-product-gallery-with-no-image","37":"ast-product-single-variable","38":"ast-product-tabs-layout-horizontal","39":"ast-qv-on-image","41":"first","42":"instock","43":"shipping-taxable","44":"purchasable","45":"product-type-variable"},"yoast_head":"<!-- This site is optimized with the Yoast SEO plugin v25.9 - https:\/\/yoast.com\/wordpress\/plugins\/seo\/ -->\n<title>4-FA Powder for Sale - Order 4-FA Online with Fast Shipping<\/title>\n<meta name=\"description\" content=\"If you are looking to buy 4-FA powder online, LegitGrams.com is the best place to order 4-FA online, 4-FA for sale, and 4-FA online at the best price.\" \/>\n<meta name=\"robots\" content=\"index, follow, max-snippet:-1, max-image-preview:large, max-video-preview:-1\" \/>\n<link rel=\"canonical\" href=\"https:\/\/legitgrams.com\/cs\/produkt\/4-fa-prasek-1-oz-cisty\/\" \/>\n<meta property=\"og:locale\" content=\"cs_CZ\" \/>\n<meta property=\"og:type\" content=\"article\" \/>\n<meta property=\"og:title\" content=\"4-FA Powder for Sale - Order 4-FA Online with Fast Shipping\" \/>\n<meta property=\"og:description\" content=\"If you are looking to buy 4-FA powder online, LegitGrams.com is the best place to order 4-FA online, 4-FA for sale, and 4-FA online at the best price.\" \/>\n<meta property=\"og:url\" content=\"https:\/\/legitgrams.com\/cs\/produkt\/4-fa-prasek-1-oz-cisty\/\" \/>\n<meta property=\"og:site_name\" content=\"Legit Grams\" \/>\n<meta property=\"article:modified_time\" content=\"2025-01-11T11:05:10+00:00\" \/>\n<meta property=\"og:image\" content=\"https:\/\/legitgrams.com\/wp-content\/uploads\/2024\/09\/buy-4-fa-powder-1-oz-pure-online-cheap.jpg\" \/>\n\t<meta property=\"og:image:width\" content=\"600\" \/>\n\t<meta property=\"og:image:height\" content=\"600\" \/>\n\t<meta property=\"og:image:type\" content=\"image\/jpeg\" \/>\n<meta name=\"twitter:card\" content=\"summary_large_image\" \/>\n<meta name=\"twitter:label1\" content=\"Odhadovan\u00e1 doba \u010dten\u00ed\" \/>\n\t<meta name=\"twitter:data1\" content=\"3 minuty\" \/>\n<script type=\"application\/ld+json\" class=\"yoast-schema-graph\">{\"@context\":\"https:\/\/schema.org\",\"@graph\":[{\"@type\":\"WebPage\",\"@id\":\"https:\/\/legitgrams.com\/product\/4-fa-powder-1-oz-pure\/\",\"url\":\"https:\/\/legitgrams.com\/product\/4-fa-powder-1-oz-pure\/\",\"name\":\"4-FA Powder for Sale - Order 4-FA Online with Fast Shipping\",\"isPartOf\":{\"@id\":\"https:\/\/legitgrams.com\/#website\"},\"primaryImageOfPage\":{\"@id\":\"https:\/\/legitgrams.com\/product\/4-fa-powder-1-oz-pure\/#primaryimage\"},\"image\":{\"@id\":\"https:\/\/legitgrams.com\/product\/4-fa-powder-1-oz-pure\/#primaryimage\"},\"thumbnailUrl\":\"https:\/\/legitgrams.com\/wp-content\/uploads\/2024\/09\/buy-4-fa-powder-1-oz-pure-online-cheap.jpg\",\"datePublished\":\"2024-09-21T06:51:37+00:00\",\"dateModified\":\"2025-01-11T11:05:10+00:00\",\"description\":\"If you are looking to buy 4-FA powder online, LegitGrams.com is the best place to order 4-FA online, 4-FA for sale, and 4-FA online at the best price.\",\"breadcrumb\":{\"@id\":\"https:\/\/legitgrams.com\/product\/4-fa-powder-1-oz-pure\/#breadcrumb\"},\"inLanguage\":\"cs\",\"potentialAction\":[{\"@type\":\"ReadAction\",\"target\":[\"https:\/\/legitgrams.com\/product\/4-fa-powder-1-oz-pure\/\"]}]},{\"@type\":\"ImageObject\",\"inLanguage\":\"cs\",\"@id\":\"https:\/\/legitgrams.com\/product\/4-fa-powder-1-oz-pure\/#primaryimage\",\"url\":\"https:\/\/legitgrams.com\/wp-content\/uploads\/2024\/09\/buy-4-fa-powder-1-oz-pure-online-cheap.jpg\",\"contentUrl\":\"https:\/\/legitgrams.com\/wp-content\/uploads\/2024\/09\/buy-4-fa-powder-1-oz-pure-online-cheap.jpg\",\"width\":600,\"height\":600,\"caption\":\"4-FA Powder for Sale\"},{\"@type\":\"BreadcrumbList\",\"@id\":\"https:\/\/legitgrams.com\/product\/4-fa-powder-1-oz-pure\/#breadcrumb\",\"itemListElement\":[{\"@type\":\"ListItem\",\"position\":1,\"name\":\"Home\",\"item\":\"https:\/\/legitgrams.com\/\"},{\"@type\":\"ListItem\",\"position\":2,\"name\":\"Shop\",\"item\":\"https:\/\/legitgrams.com\/shop\/\"},{\"@type\":\"ListItem\",\"position\":3,\"name\":\"4-FA Powder 1 oz Pure\"}]},{\"@type\":\"WebSite\",\"@id\":\"https:\/\/legitgrams.com\/#website\",\"url\":\"https:\/\/legitgrams.com\/\",\"name\":\"Legit Grams\",\"description\":\"My WordPress Blog\",\"publisher\":{\"@id\":\"https:\/\/legitgrams.com\/#organization\"},\"potentialAction\":[{\"@type\":\"SearchAction\",\"target\":{\"@type\":\"EntryPoint\",\"urlTemplate\":\"https:\/\/legitgrams.com\/?s={search_term_string}\"},\"query-input\":{\"@type\":\"PropertyValueSpecification\",\"valueRequired\":true,\"valueName\":\"search_term_string\"}}],\"inLanguage\":\"cs\"},{\"@type\":\"Organization\",\"@id\":\"https:\/\/legitgrams.com\/#organization\",\"name\":\"Legit Grams\",\"url\":\"https:\/\/legitgrams.com\/\",\"logo\":{\"@type\":\"ImageObject\",\"inLanguage\":\"cs\",\"@id\":\"https:\/\/legitgrams.com\/#\/schema\/logo\/image\/\",\"url\":\"https:\/\/legitgrams.com\/wp-content\/uploads\/2024\/09\/main-logo.png\",\"contentUrl\":\"https:\/\/legitgrams.com\/wp-content\/uploads\/2024\/09\/main-logo.png\",\"width\":270,\"height\":75,\"caption\":\"Legit Grams\"},\"image\":{\"@id\":\"https:\/\/legitgrams.com\/#\/schema\/logo\/image\/\"}}]}<\/script>\n<!-- \/ Yoast SEO plugin. -->","yoast_head_json":{"title":"4-FA pr\u00e1\u0161ek na prodej - objednejte si 4-FA online s rychlou dopravou","description":"Pokud si chcete koupit pr\u00e1\u0161ek 4-FA online, LegitGrams.com je nejlep\u0161\u00edm m\u00edstem pro objedn\u00e1n\u00ed 4-FA online, 4-FA na prodej a 4-FA online za nejlep\u0161\u00ed cenu.","robots":{"index":"index","follow":"follow","max-snippet":"max-snippet:-1","max-image-preview":"max-image-preview:large","max-video-preview":"max-video-preview:-1"},"canonical":"https:\/\/legitgrams.com\/cs\/produkt\/4-fa-prasek-1-oz-cisty\/","og_locale":"cs_CZ","og_type":"article","og_title":"4-FA Powder for Sale - Order 4-FA Online with Fast Shipping","og_description":"If you are looking to buy 4-FA powder online, LegitGrams.com is the best place to order 4-FA online, 4-FA for sale, and 4-FA online at the best price.","og_url":"https:\/\/legitgrams.com\/cs\/produkt\/4-fa-prasek-1-oz-cisty\/","og_site_name":"Legit Grams","article_modified_time":"2025-01-11T11:05:10+00:00","og_image":[{"width":600,"height":600,"url":"https:\/\/legitgrams.com\/wp-content\/uploads\/2024\/09\/buy-4-fa-powder-1-oz-pure-online-cheap.jpg","type":"image\/jpeg"}],"twitter_card":"summary_large_image","twitter_misc":{"Odhadovan\u00e1 doba \u010dten\u00ed":"3 minuty"},"schema":{"@context":"https:\/\/schema.org","@graph":[{"@type":"WebPage","@id":"https:\/\/legitgrams.com\/product\/4-fa-powder-1-oz-pure\/","url":"https:\/\/legitgrams.com\/product\/4-fa-powder-1-oz-pure\/","name":"4-FA pr\u00e1\u0161ek na prodej - objednejte si 4-FA online s rychlou dopravou","isPartOf":{"@id":"https:\/\/legitgrams.com\/#website"},"primaryImageOfPage":{"@id":"https:\/\/legitgrams.com\/product\/4-fa-powder-1-oz-pure\/#primaryimage"},"image":{"@id":"https:\/\/legitgrams.com\/product\/4-fa-powder-1-oz-pure\/#primaryimage"},"thumbnailUrl":"https:\/\/legitgrams.com\/wp-content\/uploads\/2024\/09\/buy-4-fa-powder-1-oz-pure-online-cheap.jpg","datePublished":"2024-09-21T06:51:37+00:00","dateModified":"2025-01-11T11:05:10+00:00","description":"Pokud si chcete koupit pr\u00e1\u0161ek 4-FA online, LegitGrams.com je nejlep\u0161\u00edm m\u00edstem pro objedn\u00e1n\u00ed 4-FA online, 4-FA na prodej a 4-FA online za nejlep\u0161\u00ed cenu.","breadcrumb":{"@id":"https:\/\/legitgrams.com\/product\/4-fa-powder-1-oz-pure\/#breadcrumb"},"inLanguage":"cs","potentialAction":[{"@type":"ReadAction","target":["https:\/\/legitgrams.com\/product\/4-fa-powder-1-oz-pure\/"]}]},{"@type":"ImageObject","inLanguage":"cs","@id":"https:\/\/legitgrams.com\/product\/4-fa-powder-1-oz-pure\/#primaryimage","url":"https:\/\/legitgrams.com\/wp-content\/uploads\/2024\/09\/buy-4-fa-powder-1-oz-pure-online-cheap.jpg","contentUrl":"https:\/\/legitgrams.com\/wp-content\/uploads\/2024\/09\/buy-4-fa-powder-1-oz-pure-online-cheap.jpg","width":600,"height":600,"caption":"4-FA Powder for Sale"},{"@type":"BreadcrumbList","@id":"https:\/\/legitgrams.com\/product\/4-fa-powder-1-oz-pure\/#breadcrumb","itemListElement":[{"@type":"ListItem","position":1,"name":"Home","item":"https:\/\/legitgrams.com\/"},{"@type":"ListItem","position":2,"name":"Shop","item":"https:\/\/legitgrams.com\/shop\/"},{"@type":"ListItem","position":3,"name":"4-FA Powder 1 oz Pure"}]},{"@type":"WebSite","@id":"https:\/\/legitgrams.com\/#website","url":"https:\/\/legitgrams.com\/","name":"Leg\u00e1ln\u00ed gramy","description":"M\u016fj blog WordPress","publisher":{"@id":"https:\/\/legitgrams.com\/#organization"},"potentialAction":[{"@type":"SearchAction","target":{"@type":"EntryPoint","urlTemplate":"https:\/\/legitgrams.com\/?s={search_term_string}"},"query-input":{"@type":"PropertyValueSpecification","valueRequired":true,"valueName":"search_term_string"}}],"inLanguage":"cs"},{"@type":"Organization","@id":"https:\/\/legitgrams.com\/#organization","name":"Leg\u00e1ln\u00ed gramy","url":"https:\/\/legitgrams.com\/","logo":{"@type":"ImageObject","inLanguage":"cs","@id":"https:\/\/legitgrams.com\/#\/schema\/logo\/image\/","url":"https:\/\/legitgrams.com\/wp-content\/uploads\/2024\/09\/main-logo.png","contentUrl":"https:\/\/legitgrams.com\/wp-content\/uploads\/2024\/09\/main-logo.png","width":270,"height":75,"caption":"Legit Grams"},"image":{"@id":"https:\/\/legitgrams.com\/#\/schema\/logo\/image\/"}}]}},"uagb_featured_image_src":{"full":["https:\/\/legitgrams.com\/wp-content\/uploads\/2024\/09\/buy-4-fa-powder-1-oz-pure-online-cheap.jpg",600,600,false],"thumbnail":["https:\/\/legitgrams.com\/wp-content\/uploads\/2024\/09\/buy-4-fa-powder-1-oz-pure-online-cheap-150x150.jpg",150,150,true],"medium":["https:\/\/legitgrams.com\/wp-content\/uploads\/2024\/09\/buy-4-fa-powder-1-oz-pure-online-cheap-300x300.jpg",300,300,true],"medium_large":["https:\/\/legitgrams.com\/wp-content\/uploads\/2024\/09\/buy-4-fa-powder-1-oz-pure-online-cheap.jpg",600,600,false],"large":["https:\/\/legitgrams.com\/wp-content\/uploads\/2024\/09\/buy-4-fa-powder-1-oz-pure-online-cheap.jpg",600,600,false],"1536x1536":["https:\/\/legitgrams.com\/wp-content\/uploads\/2024\/09\/buy-4-fa-powder-1-oz-pure-online-cheap.jpg",600,600,false],"2048x2048":["https:\/\/legitgrams.com\/wp-content\/uploads\/2024\/09\/buy-4-fa-powder-1-oz-pure-online-cheap.jpg",600,600,false],"trp-custom-language-flag":["https:\/\/legitgrams.com\/wp-content\/uploads\/2024\/09\/buy-4-fa-powder-1-oz-pure-online-cheap-12x12.jpg",12,12,true],"woocommerce_thumbnail":["https:\/\/legitgrams.com\/wp-content\/uploads\/2024\/09\/buy-4-fa-powder-1-oz-pure-online-cheap-300x300.jpg",300,300,true],"woocommerce_single":["https:\/\/legitgrams.com\/wp-content\/uploads\/2024\/09\/buy-4-fa-powder-1-oz-pure-online-cheap.jpg",600,600,false],"woocommerce_gallery_thumbnail":["https:\/\/legitgrams.com\/wp-content\/uploads\/2024\/09\/buy-4-fa-powder-1-oz-pure-online-cheap-100x100.jpg",100,100,true]},"uagb_author_info":{"display_name":"cokeblog18","author_link":"https:\/\/legitgrams.com\/cs\/author\/"},"uagb_comment_info":0,"uagb_excerpt":"4-FA Powder Available for Purchase 4-FA (4-fluoramphetamine), a medication that resembles amphetamine, has just lately been available for purchase in the Netherlands. From 2007 to 2009, its main forms were speed or MDMA. Due to a shortage of raw materials for these specialists at the time, 4-FA was utilized as a cutting specialist. At any&hellip;","_links":{"self":[{"href":"https:\/\/legitgrams.com\/cs\/wp-json\/wp\/v2\/product\/3985","targetHints":{"allow":["GET"]}}],"collection":[{"href":"https:\/\/legitgrams.com\/cs\/wp-json\/wp\/v2\/product"}],"about":[{"href":"https:\/\/legitgrams.com\/cs\/wp-json\/wp\/v2\/types\/product"}],"replies":[{"embeddable":true,"href":"https:\/\/legitgrams.com\/cs\/wp-json\/wp\/v2\/comments?post=3985"}],"wp:featuredmedia":[{"embeddable":true,"href":"https:\/\/legitgrams.com\/cs\/wp-json\/wp\/v2\/media\/5259"}],"wp:attachment":[{"href":"https:\/\/legitgrams.com\/cs\/wp-json\/wp\/v2\/media?parent=3985"}],"wp:term":[{"taxonomy":"product_brand","embeddable":true,"href":"https:\/\/legitgrams.com\/cs\/wp-json\/wp\/v2\/product_brand?post=3985"},{"taxonomy":"product_cat","embeddable":true,"href":"https:\/\/legitgrams.com\/cs\/wp-json\/wp\/v2\/product_cat?post=3985"},{"taxonomy":"product_tag","embeddable":true,"href":"https:\/\/legitgrams.com\/cs\/wp-json\/wp\/v2\/product_tag?post=3985"}],"curies":[{"name":"wp","href":"https:\/\/api.w.org\/{rel}","templated":true}]}}