{"id":3986,"date":"2024-09-21T06:56:39","date_gmt":"2024-09-21T06:56:39","guid":{"rendered":"https:\/\/legitgrams.com\/?post_type=product&#038;p=3986"},"modified":"2025-04-04T10:03:06","modified_gmt":"2025-04-04T10:03:06","slug":"mefedron-4mmc","status":"publish","type":"product","link":"https:\/\/legitgrams.com\/cs\/produkt\/mefedron-4mmc\/","title":{"rendered":"Koupit Mefedron 4MMC online"},"content":{"rendered":"<h2>Kupte si Mephedrone 4MMC online<\/h2>\n<p>V p\u0159\u00edpad\u011b jak\u00fdchkoliv va\u0161ich po\u017eadavk\u016f a po\u017eadavk\u016f jsme zde, abychom v\u00e1m pomohli. Chcete-li prov\u00e9st objedn\u00e1vku pohodln\u011b, kontaktujte n\u00e1\u0161 internetov\u00fd obchod. Nyn\u00ed m\u016f\u017eete kliknut\u00edm z\u00edskat cokoli, co pot\u0159ebujete. Kontaktujte n\u00e1s okam\u017eit\u011b! <a href=\"https:\/\/legitgrams.com\/cs\/produkt\/mefedron-4mmc\/\">Mefedron 4MMC<\/a>.<\/p>\n<h3>Koupit mefedron online<\/h3>\n<p><a href=\"https:\/\/www.bing.com\/search?q=KoupitMephedrone4MMConline&amp;qs=n&amp;form=QBRE&amp;sp=-1&amp;lq=0&amp;pq=koupitmephedrone4mmconline&amp;sc=0-29&amp;sk=&amp;cvid=811B107E557D4DAC953E252853106DA9&amp;ghsh=0&amp;ghacc=0&amp;ghpl=\">Online n\u00e1kup mefedronu<\/a>: Usadili jsme se jako obchodn\u00edk s pravidly pro mefedron v USA, Austr\u00e1lii a dal\u0161\u00edch regionech a jsme sv\u011btov\u00fdm l\u00eddrem v distribuci l\u00e9k\u016f navr\u017een\u00fdch 4-MMC. Dal\u0161\u00ed odpa\u0159ova\u010de pro mokr\u00e9 materi\u00e1ly N\u00e1\u0161 mefedron, naz\u00fdvan\u00fd tak\u00e9 4-methylmethcathinone (4-MMC), je lep\u0161\u00ed.<\/p>\n<p>Kupte si mefedronov\u00fd pr\u00e1\u0161ek za nejni\u017e\u0161\u00ed ceny za vysoce \u010dist\u00fd mefedron a dal\u0161\u00ed substituovan\u00e9 fenethylaminy. Nab\u00edz\u00ed se sleva. Rychl\u00e9 odesl\u00e1n\u00ed na jak\u00e9koli m\u00edsto na planet\u011b.<\/p>\n<p>Z\u00edskat <a href=\"https:\/\/www.google.com\/search?q=Koupit+Mephedrone+4MMC+online&amp;sca_esv=eddefdb7b92e7545&amp;sxsrf=AHTn8zoKhlRfJiI9Gnrxw96zIYPGJwnQRA1743761395804&amp;ei=86_vZ-LZMMSa4-EPwY2-sQ8\">Pr\u00e1\u0161ek MMC<\/a> z\u00edskat pr\u00e1\u0161ek mefedronu (MMC). Dal\u0161\u00ed n\u00e1zvy pro <a href=\"https:\/\/en.wikipedia.org\/wiki\/Mephedrone\">MMC (mefedron)<\/a> zahrnuj\u00ed 4-methylefedron a 4-methylmethcathinon.<\/p>\n<p>Online objedn\u00e1v\u00e1n\u00ed je k dispozici pro mefedron: M-CAT, 4-MMC. Mefedron pat\u0159\u00ed do chemick\u00e9 rodiny kathinon\u016f a je stimulant. Mezi mnoha syntetick\u00fdmi l\u00e9ky, kter\u00e9 jsou dostupn\u00e9, je methcathinonov\u00fd pr\u00e1\u0161ek (4-Methyl Methcathinone Crystal). nebo schv\u00e1len\u00e9 l\u00e9ky, kter\u00e9 byly v posledn\u00ed dob\u011b hl\u00e1\u0161eny<\/p>\n<p>Kde najdu mefedronov\u00e9 koupelov\u00e9 soli?<\/p>\n<p>Information on <a href=\"https:\/\/duckduckgo.com\/?q=Buy+Mephedrone+4MMC+Online&amp;t=h_&amp;ia=web\">mefedron<\/a> In the US, UK, Australia, and other nations, mephedrone\u2014also referred to as 1- (4-methylphenyl) -2-methylaminopropan-1-one or dimethylmetcathinone\u2014is currently offered for sale in wet carts. The possible names were Mcat, 4-MMC, MM-Cat, Meow, or 4-methylmethcathinone. Mephedrone was initially purified using the African herb khat. This medication is an entactogenic and is a member of the amphetamine, cathinone, and phenethylamine families stimulant that produces slight exhilaration and decreases desire.<\/p>\n<p>Kupte si mefedron online a nechte si jej ihned doru\u010dit. Stejn\u011b jako jeho p\u0159\u00edbuzn\u00fd zalo\u017een\u00fd na MDMA reaguje na podporu soucitu. Sm\u011bs je cenn\u00e1 pro v\u00fdzkum, proto\u017ee stejn\u011b jako kokain nebo amfetamin degraduje na synaps\u00edch. Koupit mefedron online. Mefedron se prod\u00e1v\u00e1 jako kr\u00e9mov\u011b b\u00edl\u00fd pr\u00e1\u0161ek nebo jako granule. <a href=\"https:\/\/legitgrams.com\/cs\/\">LegitGrams<\/a><\/p>\n<h3>Kde mohu koupit mefedron?<\/h3>\n<p>Krom\u011b toho, \u017ee je mefedron dob\u0159e zn\u00e1mou neleg\u00e1ln\u00ed rekrea\u010dn\u00ed drogou, je nezbytnou slo\u017ekou rostlin, zejm\u00e9na t\u011bch, kter\u00e9 vyr\u00e1b\u011bj\u00ed koupelov\u00e9 soli. \u010c\u00e1ry odd\u011bluj\u00edc\u00ed neleg\u00e1ln\u00ed a zem\u011bd\u011blsk\u00e9 vyu\u017eit\u00ed jsou st\u00e1le v\u00edce zaml\u017een\u00e9, co\u017e zvy\u0161uje nejistotu.<\/p>\n<h3>Deset gram\u016f za 250 dolar\u016f<\/h3>\n<p>Nakupujte online mefedron 4MMC: kupte mefedron, kupte mefedron ve \u0160pan\u011blsku, kupte mefedron online, m\u00edsto, kde lze mefedron zakoupit \u017eiviny pro rostliny mefedronu, kde koupit rostliny mefedronu na prodej, kde koupit 4mmc online, dodavatel\u00e9, bezpe\u010dn\u00e9 doru\u010den\u00ed, vy st\u00e1le maj\u00ed p\u0159\u00edstup k opiu. Povoluje \u0160pan\u011blsko pou\u017eit\u00ed mefedronu pro rostlinnou v\u00fd\u017eivu? Jak mohu pou\u017e\u00edt mefedron k v\u00fdrob\u011b rostlinn\u00e9 potravy? Je mefedron ve \u0160pan\u011blsku leg\u00e1ln\u00ed?<\/p>\n<h2><\/h2>\n<p>&nbsp;<\/p>","protected":false},"excerpt":{"rendered":"<p>Purchase Mephedrone 4MMC Online For any of your requirements and requests, we are here to help. To place your order comfortably, get in touch with our online store. You can now click to get anything you need. Get in touch with us immediately! Mephedrone 4MMC. Purchase Mephedrone Online Online mephedrone purchase: We have established ourselves &hellip;<\/p>\n<p class=\"read-more\"> <a class=\"\" href=\"https:\/\/legitgrams.com\/cs\/produkt\/mefedron-4mmc\/\"> <span class=\"screen-reader-text\">Koupit Mefedron 4MMC online<\/span> \u010c\u00edst d\u00e1l \"<\/a><\/p>","protected":false},"featured_media":5287,"comment_status":"open","ping_status":"closed","template":"","meta":{"_uag_custom_page_level_css":"","site-sidebar-layout":"default","site-content-layout":"default","ast-global-header-display":"","ast-main-header-display":"","ast-hfb-above-header-display":"","ast-hfb-below-header-display":"","ast-hfb-mobile-header-display":"","site-post-title":"","ast-breadcrumbs-content":"","ast-featured-img":"","footer-sml-layout":"","theme-transparent-header-meta":"default","adv-header-id-meta":"","stick-header-meta":"default","header-above-stick-meta":"","header-main-stick-meta":"","header-below-stick-meta":"","_joinchat":[]},"product_brand":[],"product_cat":[600],"product_tag":[3153,3143,617,3135,3150,3147,3142,3134,3137,3145,3138,3136,3146,3148,3155,3156,3154,3151,3140,3152,3149,625,3141,3144,3139],"class_list":{"0":"post-3986","1":"product","2":"type-product","3":"status-publish","4":"has-post-thumbnail","6":"product_cat-research-chemicals-and-bath-salt","7":"product_tag-best-cheap-price-mephedrone-4mmc","8":"product_tag-best-place-to-buy-mephedrone-4mmc","9":"product_tag-bulk-online","10":"product_tag-buy-mephedrone-4mmc","11":"product_tag-cheap-mephedrone-4mmc","12":"product_tag-high-quality-mephedrone-4mmc","13":"product_tag-how-to-buy-mephedrone-4mmc","14":"product_tag-mephedrone-4mmc","15":"product_tag-mephedrone-4mmc-for-sale","16":"product_tag-mephedrone-4mmc-legally","17":"product_tag-mephedrone-4mmc-mephedrone-4mmc-supplier","18":"product_tag-mephedrone-4mmc-online","19":"product_tag-mephedrone-4mmc-price","20":"product_tag-mephedrone-4mmc-store","21":"product_tag-mephedrone-4mmc-use","22":"product_tag-mephedrone-4mmc-wiki","23":"product_tag-mephedrone-4mmc-worldwide","24":"product_tag-mephedrone-4mmcs","25":"product_tag-order-mephedrone-4mmc","26":"product_tag-purcharse-mephedrone-4mmc","27":"product_tag-shop-mephedrone-4mmc","28":"product_tag-top-quality","29":"product_tag-where-to-buy-mephedrone-4mmc","30":"product_tag-where-to-order-mephedrone-4mmc","31":"product_tag-wholesale-mephedrone-4mmc","32":"desktop-align-left","33":"tablet-align-left","34":"mobile-align-left","35":"ast-product-gallery-layout-horizontal","36":"ast-product-gallery-with-no-image","37":"ast-product-single-variable","38":"ast-product-tabs-layout-horizontal","39":"ast-qv-on-image","41":"first","42":"instock","43":"shipping-taxable","44":"purchasable","45":"product-type-variable"},"yoast_head":"<!-- This site is optimized with the Yoast SEO plugin v25.9 - https:\/\/yoast.com\/wordpress\/plugins\/seo\/ -->\n<title>Mephedrone 4MMC for Sale - Order Mephedrone 4MMC Online<\/title>\n<meta name=\"description\" content=\"You can buy Mephedrone 4MMC online at the best prices from our online store. We have cheap and high-quality Mephedrone 4MMC for sale and providing worldwide delivery. You can order from anytime, anywhere.\" \/>\n<meta name=\"robots\" content=\"index, follow, max-snippet:-1, max-image-preview:large, max-video-preview:-1\" \/>\n<link rel=\"canonical\" href=\"https:\/\/legitgrams.com\/cs\/produkt\/mefedron-4mmc\/\" \/>\n<meta property=\"og:locale\" content=\"cs_CZ\" \/>\n<meta property=\"og:type\" content=\"article\" \/>\n<meta property=\"og:title\" content=\"Mephedrone 4MMC for Sale - Order Mephedrone 4MMC Online\" \/>\n<meta property=\"og:description\" content=\"You can buy Mephedrone 4MMC online at the best prices from our online store. We have cheap and high-quality Mephedrone 4MMC for sale and providing worldwide delivery. You can order from anytime, anywhere.\" \/>\n<meta property=\"og:url\" content=\"https:\/\/legitgrams.com\/cs\/produkt\/mefedron-4mmc\/\" \/>\n<meta property=\"og:site_name\" content=\"Legit Grams\" \/>\n<meta property=\"article:modified_time\" content=\"2025-04-04T10:03:06+00:00\" \/>\n<meta property=\"og:image\" content=\"https:\/\/legitgrams.com\/wp-content\/uploads\/2024\/09\/buy-4mmc-mephedrone.jpg\" \/>\n\t<meta property=\"og:image:width\" content=\"600\" \/>\n\t<meta property=\"og:image:height\" content=\"600\" \/>\n\t<meta property=\"og:image:type\" content=\"image\/jpeg\" \/>\n<meta name=\"twitter:card\" content=\"summary_large_image\" \/>\n<meta name=\"twitter:label1\" content=\"Odhadovan\u00e1 doba \u010dten\u00ed\" \/>\n\t<meta name=\"twitter:data1\" content=\"3 minuty\" \/>\n<script type=\"application\/ld+json\" class=\"yoast-schema-graph\">{\"@context\":\"https:\/\/schema.org\",\"@graph\":[{\"@type\":\"WebPage\",\"@id\":\"https:\/\/legitgrams.com\/product\/mephedrone-4mmc\/\",\"url\":\"https:\/\/legitgrams.com\/product\/mephedrone-4mmc\/\",\"name\":\"Mephedrone 4MMC for Sale - Order Mephedrone 4MMC Online\",\"isPartOf\":{\"@id\":\"https:\/\/legitgrams.com\/#website\"},\"primaryImageOfPage\":{\"@id\":\"https:\/\/legitgrams.com\/product\/mephedrone-4mmc\/#primaryimage\"},\"image\":{\"@id\":\"https:\/\/legitgrams.com\/product\/mephedrone-4mmc\/#primaryimage\"},\"thumbnailUrl\":\"https:\/\/legitgrams.com\/wp-content\/uploads\/2024\/09\/buy-4mmc-mephedrone.jpg\",\"datePublished\":\"2024-09-21T06:56:39+00:00\",\"dateModified\":\"2025-04-04T10:03:06+00:00\",\"description\":\"You can buy Mephedrone 4MMC online at the best prices from our online store. We have cheap and high-quality Mephedrone 4MMC for sale and providing worldwide delivery. You can order from anytime, anywhere.\",\"breadcrumb\":{\"@id\":\"https:\/\/legitgrams.com\/product\/mephedrone-4mmc\/#breadcrumb\"},\"inLanguage\":\"cs\",\"potentialAction\":[{\"@type\":\"ReadAction\",\"target\":[\"https:\/\/legitgrams.com\/product\/mephedrone-4mmc\/\"]}]},{\"@type\":\"ImageObject\",\"inLanguage\":\"cs\",\"@id\":\"https:\/\/legitgrams.com\/product\/mephedrone-4mmc\/#primaryimage\",\"url\":\"https:\/\/legitgrams.com\/wp-content\/uploads\/2024\/09\/buy-4mmc-mephedrone.jpg\",\"contentUrl\":\"https:\/\/legitgrams.com\/wp-content\/uploads\/2024\/09\/buy-4mmc-mephedrone.jpg\",\"width\":600,\"height\":600,\"caption\":\"Mephedrone 4MMC for Sale\"},{\"@type\":\"BreadcrumbList\",\"@id\":\"https:\/\/legitgrams.com\/product\/mephedrone-4mmc\/#breadcrumb\",\"itemListElement\":[{\"@type\":\"ListItem\",\"position\":1,\"name\":\"Home\",\"item\":\"https:\/\/legitgrams.com\/\"},{\"@type\":\"ListItem\",\"position\":2,\"name\":\"Shop\",\"item\":\"https:\/\/legitgrams.com\/shop\/\"},{\"@type\":\"ListItem\",\"position\":3,\"name\":\"Buy Mephedrone 4MMC Online\"}]},{\"@type\":\"WebSite\",\"@id\":\"https:\/\/legitgrams.com\/#website\",\"url\":\"https:\/\/legitgrams.com\/\",\"name\":\"Legit Grams\",\"description\":\"My WordPress Blog\",\"publisher\":{\"@id\":\"https:\/\/legitgrams.com\/#organization\"},\"potentialAction\":[{\"@type\":\"SearchAction\",\"target\":{\"@type\":\"EntryPoint\",\"urlTemplate\":\"https:\/\/legitgrams.com\/?s={search_term_string}\"},\"query-input\":{\"@type\":\"PropertyValueSpecification\",\"valueRequired\":true,\"valueName\":\"search_term_string\"}}],\"inLanguage\":\"cs\"},{\"@type\":\"Organization\",\"@id\":\"https:\/\/legitgrams.com\/#organization\",\"name\":\"Legit Grams\",\"url\":\"https:\/\/legitgrams.com\/\",\"logo\":{\"@type\":\"ImageObject\",\"inLanguage\":\"cs\",\"@id\":\"https:\/\/legitgrams.com\/#\/schema\/logo\/image\/\",\"url\":\"https:\/\/legitgrams.com\/wp-content\/uploads\/2024\/09\/main-logo.png\",\"contentUrl\":\"https:\/\/legitgrams.com\/wp-content\/uploads\/2024\/09\/main-logo.png\",\"width\":270,\"height\":75,\"caption\":\"Legit Grams\"},\"image\":{\"@id\":\"https:\/\/legitgrams.com\/#\/schema\/logo\/image\/\"}}]}<\/script>\n<!-- \/ Yoast SEO plugin. -->","yoast_head_json":{"title":"Mefedron 4MMC na prodej - Mephedrone 4MMC Online","description":"Mephedrone 4MMC si m\u016f\u017eete koupit online za nejlep\u0161\u00ed ceny v na\u0161em internetov\u00e9m obchod\u011b. M\u00e1me levn\u00e9 a vysoce kvalitn\u00ed Mephedrone 4MMC na prodej a poskytujeme doru\u010den\u00ed po cel\u00e9m sv\u011bt\u011b. Objedn\u00e1vat m\u016f\u017eete kdykoli a odkudkoli.","robots":{"index":"index","follow":"follow","max-snippet":"max-snippet:-1","max-image-preview":"max-image-preview:large","max-video-preview":"max-video-preview:-1"},"canonical":"https:\/\/legitgrams.com\/cs\/produkt\/mefedron-4mmc\/","og_locale":"cs_CZ","og_type":"article","og_title":"Mephedrone 4MMC for Sale - Order Mephedrone 4MMC Online","og_description":"You can buy Mephedrone 4MMC online at the best prices from our online store. We have cheap and high-quality Mephedrone 4MMC for sale and providing worldwide delivery. You can order from anytime, anywhere.","og_url":"https:\/\/legitgrams.com\/cs\/produkt\/mefedron-4mmc\/","og_site_name":"Legit Grams","article_modified_time":"2025-04-04T10:03:06+00:00","og_image":[{"width":600,"height":600,"url":"https:\/\/legitgrams.com\/wp-content\/uploads\/2024\/09\/buy-4mmc-mephedrone.jpg","type":"image\/jpeg"}],"twitter_card":"summary_large_image","twitter_misc":{"Odhadovan\u00e1 doba \u010dten\u00ed":"3 minuty"},"schema":{"@context":"https:\/\/schema.org","@graph":[{"@type":"WebPage","@id":"https:\/\/legitgrams.com\/product\/mephedrone-4mmc\/","url":"https:\/\/legitgrams.com\/product\/mephedrone-4mmc\/","name":"Mefedron 4MMC na prodej - Mephedrone 4MMC Online","isPartOf":{"@id":"https:\/\/legitgrams.com\/#website"},"primaryImageOfPage":{"@id":"https:\/\/legitgrams.com\/product\/mephedrone-4mmc\/#primaryimage"},"image":{"@id":"https:\/\/legitgrams.com\/product\/mephedrone-4mmc\/#primaryimage"},"thumbnailUrl":"https:\/\/legitgrams.com\/wp-content\/uploads\/2024\/09\/buy-4mmc-mephedrone.jpg","datePublished":"2024-09-21T06:56:39+00:00","dateModified":"2025-04-04T10:03:06+00:00","description":"Mephedrone 4MMC si m\u016f\u017eete koupit online za nejlep\u0161\u00ed ceny v na\u0161em internetov\u00e9m obchod\u011b. M\u00e1me levn\u00e9 a vysoce kvalitn\u00ed Mephedrone 4MMC na prodej a poskytujeme doru\u010den\u00ed po cel\u00e9m sv\u011bt\u011b. Objedn\u00e1vat m\u016f\u017eete kdykoli a odkudkoli.","breadcrumb":{"@id":"https:\/\/legitgrams.com\/product\/mephedrone-4mmc\/#breadcrumb"},"inLanguage":"cs","potentialAction":[{"@type":"ReadAction","target":["https:\/\/legitgrams.com\/product\/mephedrone-4mmc\/"]}]},{"@type":"ImageObject","inLanguage":"cs","@id":"https:\/\/legitgrams.com\/product\/mephedrone-4mmc\/#primaryimage","url":"https:\/\/legitgrams.com\/wp-content\/uploads\/2024\/09\/buy-4mmc-mephedrone.jpg","contentUrl":"https:\/\/legitgrams.com\/wp-content\/uploads\/2024\/09\/buy-4mmc-mephedrone.jpg","width":600,"height":600,"caption":"Mephedrone 4MMC for Sale"},{"@type":"BreadcrumbList","@id":"https:\/\/legitgrams.com\/product\/mephedrone-4mmc\/#breadcrumb","itemListElement":[{"@type":"ListItem","position":1,"name":"Home","item":"https:\/\/legitgrams.com\/"},{"@type":"ListItem","position":2,"name":"Shop","item":"https:\/\/legitgrams.com\/shop\/"},{"@type":"ListItem","position":3,"name":"Buy Mephedrone 4MMC Online"}]},{"@type":"WebSite","@id":"https:\/\/legitgrams.com\/#website","url":"https:\/\/legitgrams.com\/","name":"Leg\u00e1ln\u00ed gramy","description":"M\u016fj blog WordPress","publisher":{"@id":"https:\/\/legitgrams.com\/#organization"},"potentialAction":[{"@type":"SearchAction","target":{"@type":"EntryPoint","urlTemplate":"https:\/\/legitgrams.com\/?s={search_term_string}"},"query-input":{"@type":"PropertyValueSpecification","valueRequired":true,"valueName":"search_term_string"}}],"inLanguage":"cs"},{"@type":"Organization","@id":"https:\/\/legitgrams.com\/#organization","name":"Leg\u00e1ln\u00ed gramy","url":"https:\/\/legitgrams.com\/","logo":{"@type":"ImageObject","inLanguage":"cs","@id":"https:\/\/legitgrams.com\/#\/schema\/logo\/image\/","url":"https:\/\/legitgrams.com\/wp-content\/uploads\/2024\/09\/main-logo.png","contentUrl":"https:\/\/legitgrams.com\/wp-content\/uploads\/2024\/09\/main-logo.png","width":270,"height":75,"caption":"Legit Grams"},"image":{"@id":"https:\/\/legitgrams.com\/#\/schema\/logo\/image\/"}}]}},"uagb_featured_image_src":{"full":["https:\/\/legitgrams.com\/wp-content\/uploads\/2024\/09\/buy-4mmc-mephedrone.jpg",600,600,false],"thumbnail":["https:\/\/legitgrams.com\/wp-content\/uploads\/2024\/09\/buy-4mmc-mephedrone-150x150.jpg",150,150,true],"medium":["https:\/\/legitgrams.com\/wp-content\/uploads\/2024\/09\/buy-4mmc-mephedrone-300x300.jpg",300,300,true],"medium_large":["https:\/\/legitgrams.com\/wp-content\/uploads\/2024\/09\/buy-4mmc-mephedrone.jpg",600,600,false],"large":["https:\/\/legitgrams.com\/wp-content\/uploads\/2024\/09\/buy-4mmc-mephedrone.jpg",600,600,false],"1536x1536":["https:\/\/legitgrams.com\/wp-content\/uploads\/2024\/09\/buy-4mmc-mephedrone.jpg",600,600,false],"2048x2048":["https:\/\/legitgrams.com\/wp-content\/uploads\/2024\/09\/buy-4mmc-mephedrone.jpg",600,600,false],"trp-custom-language-flag":["https:\/\/legitgrams.com\/wp-content\/uploads\/2024\/09\/buy-4mmc-mephedrone-12x12.jpg",12,12,true],"woocommerce_thumbnail":["https:\/\/legitgrams.com\/wp-content\/uploads\/2024\/09\/buy-4mmc-mephedrone-300x300.jpg",300,300,true],"woocommerce_single":["https:\/\/legitgrams.com\/wp-content\/uploads\/2024\/09\/buy-4mmc-mephedrone.jpg",600,600,false],"woocommerce_gallery_thumbnail":["https:\/\/legitgrams.com\/wp-content\/uploads\/2024\/09\/buy-4mmc-mephedrone-100x100.jpg",100,100,true]},"uagb_author_info":{"display_name":"cokeblog18","author_link":"https:\/\/legitgrams.com\/cs\/author\/"},"uagb_comment_info":0,"uagb_excerpt":"Purchase Mephedrone 4MMC Online For any of your requirements and requests, we are here to help. To place your order comfortably, get in touch with our online store. You can now click to get anything you need. Get in touch with us immediately! Mephedrone 4MMC. Purchase Mephedrone Online Online mephedrone purchase: We have established ourselves&hellip;","_links":{"self":[{"href":"https:\/\/legitgrams.com\/cs\/wp-json\/wp\/v2\/product\/3986","targetHints":{"allow":["GET"]}}],"collection":[{"href":"https:\/\/legitgrams.com\/cs\/wp-json\/wp\/v2\/product"}],"about":[{"href":"https:\/\/legitgrams.com\/cs\/wp-json\/wp\/v2\/types\/product"}],"replies":[{"embeddable":true,"href":"https:\/\/legitgrams.com\/cs\/wp-json\/wp\/v2\/comments?post=3986"}],"wp:featuredmedia":[{"embeddable":true,"href":"https:\/\/legitgrams.com\/cs\/wp-json\/wp\/v2\/media\/5287"}],"wp:attachment":[{"href":"https:\/\/legitgrams.com\/cs\/wp-json\/wp\/v2\/media?parent=3986"}],"wp:term":[{"taxonomy":"product_brand","embeddable":true,"href":"https:\/\/legitgrams.com\/cs\/wp-json\/wp\/v2\/product_brand?post=3986"},{"taxonomy":"product_cat","embeddable":true,"href":"https:\/\/legitgrams.com\/cs\/wp-json\/wp\/v2\/product_cat?post=3986"},{"taxonomy":"product_tag","embeddable":true,"href":"https:\/\/legitgrams.com\/cs\/wp-json\/wp\/v2\/product_tag?post=3986"}],"curies":[{"name":"wp","href":"https:\/\/api.w.org\/{rel}","templated":true}]}}