{"id":3990,"date":"2024-09-21T07:25:06","date_gmt":"2024-09-21T07:25:06","guid":{"rendered":"https:\/\/legitgrams.com\/?post_type=product&#038;p=3990"},"modified":"2025-04-04T07:57:26","modified_gmt":"2025-04-04T07:57:26","slug":"adb-pinaca-prasek-vysoke-cistoty","status":"publish","type":"product","link":"https:\/\/legitgrams.com\/cs\/produkt\/adb-pinaca-prasek-vysoke-cistoty\/","title":{"rendered":"Koupit ADB-Pinaca Powder High Purity online"},"content":{"rendered":"<h2>Prod\u00e1m vysoce \u010dist\u00fd pr\u00e1\u0161ek ADB-Pinaca<\/h2>\n<p>Kupte si krystalick\u00fd a pr\u00e1\u0161kov\u00fd methiopropamin (MPA) od chemick\u00e9ho dodavatele ADB-Pinaca Powder Purity 98%.<\/p>\n<p><a href=\"https:\/\/legitgrams.com\/cs\/produkt\/adb-pinaca-prasek-vysoke-cistoty\/\">ADB \u010distota pr\u00e1\u0161kov\u00e9 pinaky<\/a><\/p>\n<p>ProName: <a href=\"https:\/\/www.bing.com\/search?q=Buy%20ADB-Pinaca%20Powder%20High%20Purity%20Online&amp;qs=n&amp;form=QBRE&amp;sp=-1&amp;ghc=1&amp;lq=0&amp;pq=buy%20adb-pinaca%20powder%20high%20purity%20online&amp;sc=12-40&amp;sk=&amp;cvid=4C1805D9BC214934AB4BC138E9E72EC8&amp;ghsh=0&amp;ghacc=0&amp;ghpl=\">5F-MDMB-PINACA<\/a>, <a href=\"https:\/\/www.google.de\/search?q=Buy+ADB-Pinaca+Powder+High+Purity+Online&amp;sca_esv=1a2a07081c7891bb&amp;rlz=1C1RXQR_enIN1098IN1098&amp;ei=FMXPZ8L0I9vp1e8PuaTTgQU&amp;ved=0ahUKEwjCztWHoYGMAxXbdPUHHTnSNFAQ4dUDCBA&amp;uact=5&amp;oq=Buy+ADB-Pinaca+Powder+High+Purity+Online&amp;gs_lp=Egxnd3Mtd2l6LXNlcnAiKEJ1eSBBREItUGluYWNhIFBvd2RlciBIaWdoIFB1cml0eSBPbmxpbmUyBRAhGKABMgUQIRigAUjgB1CUBFiUBHADeACQAQCYAfABoAHwAaoBAzItMbgBA8gBAPgBAvgBAZgCAaACjgKYAwCIBgGSBwMyLTGgB9MC&amp;sclient=gws-wiz-serp\">5F-ADB pr\u00e1\u0161ek 5FADB ADB<\/a><br \/>\nCasNr: 68585-34-2<br \/>\nVzorec molekuly je ADB.<br \/>\nPod\u00edvejte se na tento b\u00edl\u00fd krystal.<br \/>\nPou\u017eit\u00ed: meziprodukt ve farmaceutick\u00e9m pr\u016fmyslu<br \/>\nHotov\u00e9 zbo\u017e\u00ed bude dod\u00e1no do 4-7 dn\u016f.<br \/>\nBalen\u00ed: 1 kilogram v ka\u017ed\u00e9m s\u00e1\u010dku vylo\u017een\u00e9m f\u00f3li\u00ed<br \/>\nTchien-\u0165in je p\u0159\u00edstav<br \/>\nV\u00fdrobn\u00ed kapacita: 10 000 kg m\u011bs\u00ed\u010dn\u011b<br \/>\n\u010cistota &gt;99,5%<br \/>\nSkladov\u00e1n\u00ed: Uchov\u00e1vejte v\u011bci v such\u00e9m, chladn\u00e9m a zcela uzav\u0159en\u00e9m prostoru.<br \/>\nDoprava: FEDEX, DHL a EMS<br \/>\nObsah vlhkosti: 0.01<\/p>\n<p>N\u00e1kup <a href=\"https:\/\/en.wikipedia.org\/wiki\/ADB-PINACA\">ADB-Pinaca<\/a> Powder Purity 98% na prodej, vyhledejte dodavatele chemik\u00e1li\u00ed, nakupujte chemik\u00e1lie pro v\u00fdzkum v \u010c\u00edn\u011b, pou\u017eijte nejlep\u0161\u00ed webovou str\u00e1nku k n\u00e1kupu chemik\u00e1li\u00ed pro v\u00fdzkum, nakupujte chemik\u00e1lie pro v\u00fdzkum na Reddit, nakupujte chemik\u00e1lie pro v\u00fdzkum pro stavbu karoserie, nakupujte levn\u00e9 chemik\u00e1lie pro v\u00fdzkum v USA a nakupujte v\u00fdzkum chemick\u00fdch z\u00e1sob online v Evrop\u011b.<\/p>\n<p><a href=\"https:\/\/duckduckgo.com\/?q=Buy+ADB-Pinaca+Powder+High+Purity+Online&amp;t=h_&amp;ia=web\">Koupit ADB-Pinaca Powder High Purity online<\/a> \u2013 Koupit ADB-Pinaca, Koupit ADB-Pinaca pr\u00e1\u0161ek s vysokou \u010distotou, Koupit ADB-Pinaca pr\u00e1\u0161ek online, kde koupit ADB-Pinaca pr\u00e1\u0161ek s vysokou \u010distotou, ADB-Pinaca pr\u00e1\u0161ek s vysokou \u010distotou na prodej, ADB-Pinaca pr\u00e1\u0161ek na prodej, koupit pr\u00e1\u0161ek s vysokou \u010distotou online, kde koupit pr\u00e1\u0161ek P ADB-P Purina s vysok\u00fdm obsahem pr\u00e1\u0161ku ADB-P Purina \u010cistota na prodej v USA, Kanad\u011b, Spojen\u00e9m kr\u00e1lovstv\u00ed, N\u00e1kup online, Dodavatel\u00e9, Bezpe\u010dn\u00e9 doru\u010den\u00ed, Jak mohu zakoupit vysoce \u010dist\u00fd pr\u00e1\u0161ek ADB-Pinaca? Je leg\u00e1ln\u00ed pou\u017e\u00edvat ADB-Pinaca Powder v Kanad\u011b? <a href=\"https:\/\/legitgrams.com\/cs\/\">LegitGrams<\/a><\/p>","protected":false},"excerpt":{"rendered":"<p>High Purity ADB-Pinaca Powder for Sale Purchase crystal and powdered methiopropamine (MPA) from ADB-Pinaca Powder Purity 98% chemical supplier. ADB purity of powdered pinaca ProName: 5F-MDMB-PINACA, 5F-ADB powder 5FADB ADB CasNr: 68585-34-2 The molecule&#8217;s formula is ADB. Take a look at this white crystal. Use: intermediary in pharmaceuticals Completed goods will be delivered in 4\u20137 &hellip;<\/p>\n<p class=\"read-more\"> <a class=\"\" href=\"https:\/\/legitgrams.com\/cs\/produkt\/adb-pinaca-prasek-vysoke-cistoty\/\"> <span class=\"screen-reader-text\">Koupit ADB-Pinaca Powder High Purity online<\/span> \u010c\u00edst d\u00e1l \"<\/a><\/p>","protected":false},"featured_media":5265,"comment_status":"open","ping_status":"closed","template":"","meta":{"_uag_custom_page_level_css":"","site-sidebar-layout":"default","site-content-layout":"default","ast-global-header-display":"","ast-main-header-display":"","ast-hfb-above-header-display":"","ast-hfb-below-header-display":"","ast-hfb-mobile-header-display":"","site-post-title":"","ast-breadcrumbs-content":"","ast-featured-img":"","footer-sml-layout":"","theme-transparent-header-meta":"default","adv-header-id-meta":"","stick-header-meta":"default","header-above-stick-meta":"","header-main-stick-meta":"","header-below-stick-meta":"","_joinchat":[]},"product_brand":[],"product_cat":[600],"product_tag":[3042,3046,3045,3053,3044,3054,3056,3063,3064,3062,3059,3061,3051,617,3043,3058,3055,3050,3048,3060,3057,625,3049,3052,3047],"class_list":{"0":"post-3990","1":"product","2":"type-product","3":"status-publish","4":"has-post-thumbnail","6":"product_cat-research-chemicals-and-bath-salt","7":"product_tag-adb-pinaca-powder-high-purity","8":"product_tag-adb-pinaca-powder-high-purity-adb-pinaca-powder-high-purity-supplier","9":"product_tag-adb-pinaca-powder-high-purity-for-sale","10":"product_tag-adb-pinaca-powder-high-purity-legally","11":"product_tag-adb-pinaca-powder-high-purity-online","12":"product_tag-adb-pinaca-powder-high-purity-price","13":"product_tag-adb-pinaca-powder-high-purity-store","14":"product_tag-adb-pinaca-powder-high-purity-use","15":"product_tag-adb-pinaca-powder-high-purity-wiki","16":"product_tag-adb-pinaca-powder-high-purity-worldwide","17":"product_tag-adb-pinaca-powder-high-puritys","18":"product_tag-best-cheap-price-adb-pinaca-powder-high-purity","19":"product_tag-best-place-to-buy-adb-pinaca-powder-high-purity","20":"product_tag-bulk-online","21":"product_tag-buy-adb-pinaca-powder-high-purity","22":"product_tag-cheap-adb-pinaca-powder-high-purity","23":"product_tag-high-quality-adb-pinaca-powder-high-purity","24":"product_tag-how-to-buy-adb-pinaca-powder-high-purity","25":"product_tag-order-adb-pinaca-powder-high-purity","26":"product_tag-purcharse-adb-pinaca-powder-high-purity","27":"product_tag-shop-adb-pinaca-powder-high-purity","28":"product_tag-top-quality","29":"product_tag-where-to-buy-adb-pinaca-powder-high-purity","30":"product_tag-where-to-order-adb-pinaca-powder-high-purity","31":"product_tag-wholesale-adb-pinaca-powder-high-purity","32":"desktop-align-left","33":"tablet-align-left","34":"mobile-align-left","35":"ast-product-gallery-layout-horizontal","36":"ast-product-gallery-with-no-image","37":"ast-product-single-variable","38":"ast-product-tabs-layout-horizontal","39":"ast-qv-on-image","41":"first","42":"instock","43":"shipping-taxable","44":"purchasable","45":"product-type-variable"},"yoast_head":"<!-- This site is optimized with the Yoast SEO plugin v25.9 - https:\/\/yoast.com\/wordpress\/plugins\/seo\/ -->\n<title>ADB-Pinaca Powder for Sale - Buy ADB-Pinaca Online<\/title>\n<meta name=\"description\" content=\"Do not miss any opportunity to buy adb-pinaca online from our LG store. We are exclusively dealing with adb-pinaca for sale at cheap price. Order now\" \/>\n<meta name=\"robots\" content=\"index, follow, max-snippet:-1, max-image-preview:large, max-video-preview:-1\" \/>\n<link rel=\"canonical\" href=\"https:\/\/legitgrams.com\/cs\/produkt\/adb-pinaca-prasek-vysoke-cistoty\/\" \/>\n<meta property=\"og:locale\" content=\"cs_CZ\" \/>\n<meta property=\"og:type\" content=\"article\" \/>\n<meta property=\"og:title\" content=\"ADB-Pinaca Powder for Sale - Buy ADB-Pinaca Online\" \/>\n<meta property=\"og:description\" content=\"Do not miss any opportunity to buy adb-pinaca online from our LG store. We are exclusively dealing with adb-pinaca for sale at cheap price. Order now\" \/>\n<meta property=\"og:url\" content=\"https:\/\/legitgrams.com\/cs\/produkt\/adb-pinaca-prasek-vysoke-cistoty\/\" \/>\n<meta property=\"og:site_name\" content=\"Legit Grams\" \/>\n<meta property=\"article:modified_time\" content=\"2025-04-04T07:57:26+00:00\" \/>\n<meta property=\"og:image\" content=\"https:\/\/legitgrams.com\/wp-content\/uploads\/2024\/09\/ADB-pinaca-powder-high-purity.jpg\" \/>\n\t<meta property=\"og:image:width\" content=\"600\" \/>\n\t<meta property=\"og:image:height\" content=\"600\" \/>\n\t<meta property=\"og:image:type\" content=\"image\/jpeg\" \/>\n<meta name=\"twitter:card\" content=\"summary_large_image\" \/>\n<meta name=\"twitter:label1\" content=\"Odhadovan\u00e1 doba \u010dten\u00ed\" \/>\n\t<meta name=\"twitter:data1\" content=\"2 minuty\" \/>\n<script type=\"application\/ld+json\" class=\"yoast-schema-graph\">{\"@context\":\"https:\/\/schema.org\",\"@graph\":[{\"@type\":\"WebPage\",\"@id\":\"https:\/\/legitgrams.com\/product\/adb-pinaca-powder-high-purity\/\",\"url\":\"https:\/\/legitgrams.com\/product\/adb-pinaca-powder-high-purity\/\",\"name\":\"ADB-Pinaca Powder for Sale - Buy ADB-Pinaca Online\",\"isPartOf\":{\"@id\":\"https:\/\/legitgrams.com\/#website\"},\"primaryImageOfPage\":{\"@id\":\"https:\/\/legitgrams.com\/product\/adb-pinaca-powder-high-purity\/#primaryimage\"},\"image\":{\"@id\":\"https:\/\/legitgrams.com\/product\/adb-pinaca-powder-high-purity\/#primaryimage\"},\"thumbnailUrl\":\"https:\/\/legitgrams.com\/wp-content\/uploads\/2024\/09\/ADB-pinaca-powder-high-purity.jpg\",\"datePublished\":\"2024-09-21T07:25:06+00:00\",\"dateModified\":\"2025-04-04T07:57:26+00:00\",\"description\":\"Do not miss any opportunity to buy adb-pinaca online from our LG store. We are exclusively dealing with adb-pinaca for sale at cheap price. Order now\",\"breadcrumb\":{\"@id\":\"https:\/\/legitgrams.com\/product\/adb-pinaca-powder-high-purity\/#breadcrumb\"},\"inLanguage\":\"cs\",\"potentialAction\":[{\"@type\":\"ReadAction\",\"target\":[\"https:\/\/legitgrams.com\/product\/adb-pinaca-powder-high-purity\/\"]}]},{\"@type\":\"ImageObject\",\"inLanguage\":\"cs\",\"@id\":\"https:\/\/legitgrams.com\/product\/adb-pinaca-powder-high-purity\/#primaryimage\",\"url\":\"https:\/\/legitgrams.com\/wp-content\/uploads\/2024\/09\/ADB-pinaca-powder-high-purity.jpg\",\"contentUrl\":\"https:\/\/legitgrams.com\/wp-content\/uploads\/2024\/09\/ADB-pinaca-powder-high-purity.jpg\",\"width\":600,\"height\":600,\"caption\":\"ADB-Pinaca Powder High Purity for Sale\"},{\"@type\":\"BreadcrumbList\",\"@id\":\"https:\/\/legitgrams.com\/product\/adb-pinaca-powder-high-purity\/#breadcrumb\",\"itemListElement\":[{\"@type\":\"ListItem\",\"position\":1,\"name\":\"Home\",\"item\":\"https:\/\/legitgrams.com\/\"},{\"@type\":\"ListItem\",\"position\":2,\"name\":\"Shop\",\"item\":\"https:\/\/legitgrams.com\/shop\/\"},{\"@type\":\"ListItem\",\"position\":3,\"name\":\"Buy ADB-Pinaca Powder High Purity Online\"}]},{\"@type\":\"WebSite\",\"@id\":\"https:\/\/legitgrams.com\/#website\",\"url\":\"https:\/\/legitgrams.com\/\",\"name\":\"Legit Grams\",\"description\":\"My WordPress Blog\",\"publisher\":{\"@id\":\"https:\/\/legitgrams.com\/#organization\"},\"potentialAction\":[{\"@type\":\"SearchAction\",\"target\":{\"@type\":\"EntryPoint\",\"urlTemplate\":\"https:\/\/legitgrams.com\/?s={search_term_string}\"},\"query-input\":{\"@type\":\"PropertyValueSpecification\",\"valueRequired\":true,\"valueName\":\"search_term_string\"}}],\"inLanguage\":\"cs\"},{\"@type\":\"Organization\",\"@id\":\"https:\/\/legitgrams.com\/#organization\",\"name\":\"Legit Grams\",\"url\":\"https:\/\/legitgrams.com\/\",\"logo\":{\"@type\":\"ImageObject\",\"inLanguage\":\"cs\",\"@id\":\"https:\/\/legitgrams.com\/#\/schema\/logo\/image\/\",\"url\":\"https:\/\/legitgrams.com\/wp-content\/uploads\/2024\/09\/main-logo.png\",\"contentUrl\":\"https:\/\/legitgrams.com\/wp-content\/uploads\/2024\/09\/main-logo.png\",\"width\":270,\"height\":75,\"caption\":\"Legit Grams\"},\"image\":{\"@id\":\"https:\/\/legitgrams.com\/#\/schema\/logo\/image\/\"}}]}<\/script>\n<!-- \/ Yoast SEO plugin. -->","yoast_head_json":{"title":"ADB-Pinaca pr\u00e1\u0161ek na prodej - koupit ADB-Pinaca online","description":"Nenechte si uj\u00edt \u017e\u00e1dnou p\u0159\u00edle\u017eitost koupit adb-pinaca online v na\u0161em obchod\u011b LG. Zab\u00fdv\u00e1me se v\u00fdhradn\u011b prodejem adb-pinaca za n\u00edzkou cenu. Objednejte si nyn\u00ed","robots":{"index":"index","follow":"follow","max-snippet":"max-snippet:-1","max-image-preview":"max-image-preview:large","max-video-preview":"max-video-preview:-1"},"canonical":"https:\/\/legitgrams.com\/cs\/produkt\/adb-pinaca-prasek-vysoke-cistoty\/","og_locale":"cs_CZ","og_type":"article","og_title":"ADB-Pinaca Powder for Sale - Buy ADB-Pinaca Online","og_description":"Do not miss any opportunity to buy adb-pinaca online from our LG store. We are exclusively dealing with adb-pinaca for sale at cheap price. Order now","og_url":"https:\/\/legitgrams.com\/cs\/produkt\/adb-pinaca-prasek-vysoke-cistoty\/","og_site_name":"Legit Grams","article_modified_time":"2025-04-04T07:57:26+00:00","og_image":[{"width":600,"height":600,"url":"https:\/\/legitgrams.com\/wp-content\/uploads\/2024\/09\/ADB-pinaca-powder-high-purity.jpg","type":"image\/jpeg"}],"twitter_card":"summary_large_image","twitter_misc":{"Odhadovan\u00e1 doba \u010dten\u00ed":"2 minuty"},"schema":{"@context":"https:\/\/schema.org","@graph":[{"@type":"WebPage","@id":"https:\/\/legitgrams.com\/product\/adb-pinaca-powder-high-purity\/","url":"https:\/\/legitgrams.com\/product\/adb-pinaca-powder-high-purity\/","name":"ADB-Pinaca pr\u00e1\u0161ek na prodej - koupit ADB-Pinaca online","isPartOf":{"@id":"https:\/\/legitgrams.com\/#website"},"primaryImageOfPage":{"@id":"https:\/\/legitgrams.com\/product\/adb-pinaca-powder-high-purity\/#primaryimage"},"image":{"@id":"https:\/\/legitgrams.com\/product\/adb-pinaca-powder-high-purity\/#primaryimage"},"thumbnailUrl":"https:\/\/legitgrams.com\/wp-content\/uploads\/2024\/09\/ADB-pinaca-powder-high-purity.jpg","datePublished":"2024-09-21T07:25:06+00:00","dateModified":"2025-04-04T07:57:26+00:00","description":"Nenechte si uj\u00edt \u017e\u00e1dnou p\u0159\u00edle\u017eitost koupit adb-pinaca online v na\u0161em obchod\u011b LG. Zab\u00fdv\u00e1me se v\u00fdhradn\u011b prodejem adb-pinaca za n\u00edzkou cenu. Objednejte si nyn\u00ed","breadcrumb":{"@id":"https:\/\/legitgrams.com\/product\/adb-pinaca-powder-high-purity\/#breadcrumb"},"inLanguage":"cs","potentialAction":[{"@type":"ReadAction","target":["https:\/\/legitgrams.com\/product\/adb-pinaca-powder-high-purity\/"]}]},{"@type":"ImageObject","inLanguage":"cs","@id":"https:\/\/legitgrams.com\/product\/adb-pinaca-powder-high-purity\/#primaryimage","url":"https:\/\/legitgrams.com\/wp-content\/uploads\/2024\/09\/ADB-pinaca-powder-high-purity.jpg","contentUrl":"https:\/\/legitgrams.com\/wp-content\/uploads\/2024\/09\/ADB-pinaca-powder-high-purity.jpg","width":600,"height":600,"caption":"ADB-Pinaca Powder High Purity for Sale"},{"@type":"BreadcrumbList","@id":"https:\/\/legitgrams.com\/product\/adb-pinaca-powder-high-purity\/#breadcrumb","itemListElement":[{"@type":"ListItem","position":1,"name":"Home","item":"https:\/\/legitgrams.com\/"},{"@type":"ListItem","position":2,"name":"Shop","item":"https:\/\/legitgrams.com\/shop\/"},{"@type":"ListItem","position":3,"name":"Buy ADB-Pinaca Powder High Purity Online"}]},{"@type":"WebSite","@id":"https:\/\/legitgrams.com\/#website","url":"https:\/\/legitgrams.com\/","name":"Leg\u00e1ln\u00ed gramy","description":"M\u016fj blog WordPress","publisher":{"@id":"https:\/\/legitgrams.com\/#organization"},"potentialAction":[{"@type":"SearchAction","target":{"@type":"EntryPoint","urlTemplate":"https:\/\/legitgrams.com\/?s={search_term_string}"},"query-input":{"@type":"PropertyValueSpecification","valueRequired":true,"valueName":"search_term_string"}}],"inLanguage":"cs"},{"@type":"Organization","@id":"https:\/\/legitgrams.com\/#organization","name":"Leg\u00e1ln\u00ed gramy","url":"https:\/\/legitgrams.com\/","logo":{"@type":"ImageObject","inLanguage":"cs","@id":"https:\/\/legitgrams.com\/#\/schema\/logo\/image\/","url":"https:\/\/legitgrams.com\/wp-content\/uploads\/2024\/09\/main-logo.png","contentUrl":"https:\/\/legitgrams.com\/wp-content\/uploads\/2024\/09\/main-logo.png","width":270,"height":75,"caption":"Legit Grams"},"image":{"@id":"https:\/\/legitgrams.com\/#\/schema\/logo\/image\/"}}]}},"uagb_featured_image_src":{"full":["https:\/\/legitgrams.com\/wp-content\/uploads\/2024\/09\/ADB-pinaca-powder-high-purity.jpg",600,600,false],"thumbnail":["https:\/\/legitgrams.com\/wp-content\/uploads\/2024\/09\/ADB-pinaca-powder-high-purity-150x150.jpg",150,150,true],"medium":["https:\/\/legitgrams.com\/wp-content\/uploads\/2024\/09\/ADB-pinaca-powder-high-purity-300x300.jpg",300,300,true],"medium_large":["https:\/\/legitgrams.com\/wp-content\/uploads\/2024\/09\/ADB-pinaca-powder-high-purity.jpg",600,600,false],"large":["https:\/\/legitgrams.com\/wp-content\/uploads\/2024\/09\/ADB-pinaca-powder-high-purity.jpg",600,600,false],"1536x1536":["https:\/\/legitgrams.com\/wp-content\/uploads\/2024\/09\/ADB-pinaca-powder-high-purity.jpg",600,600,false],"2048x2048":["https:\/\/legitgrams.com\/wp-content\/uploads\/2024\/09\/ADB-pinaca-powder-high-purity.jpg",600,600,false],"trp-custom-language-flag":["https:\/\/legitgrams.com\/wp-content\/uploads\/2024\/09\/ADB-pinaca-powder-high-purity-12x12.jpg",12,12,true],"woocommerce_thumbnail":["https:\/\/legitgrams.com\/wp-content\/uploads\/2024\/09\/ADB-pinaca-powder-high-purity-300x300.jpg",300,300,true],"woocommerce_single":["https:\/\/legitgrams.com\/wp-content\/uploads\/2024\/09\/ADB-pinaca-powder-high-purity.jpg",600,600,false],"woocommerce_gallery_thumbnail":["https:\/\/legitgrams.com\/wp-content\/uploads\/2024\/09\/ADB-pinaca-powder-high-purity-100x100.jpg",100,100,true]},"uagb_author_info":{"display_name":"cokeblog18","author_link":"https:\/\/legitgrams.com\/cs\/author\/"},"uagb_comment_info":0,"uagb_excerpt":"High Purity ADB-Pinaca Powder for Sale Purchase crystal and powdered methiopropamine (MPA) from ADB-Pinaca Powder Purity 98% chemical supplier. ADB purity of powdered pinaca ProName: 5F-MDMB-PINACA, 5F-ADB powder 5FADB ADB CasNr: 68585-34-2 The molecule&#8217;s formula is ADB. Take a look at this white crystal. Use: intermediary in pharmaceuticals Completed goods will be delivered in 4\u20137&hellip;","_links":{"self":[{"href":"https:\/\/legitgrams.com\/cs\/wp-json\/wp\/v2\/product\/3990","targetHints":{"allow":["GET"]}}],"collection":[{"href":"https:\/\/legitgrams.com\/cs\/wp-json\/wp\/v2\/product"}],"about":[{"href":"https:\/\/legitgrams.com\/cs\/wp-json\/wp\/v2\/types\/product"}],"replies":[{"embeddable":true,"href":"https:\/\/legitgrams.com\/cs\/wp-json\/wp\/v2\/comments?post=3990"}],"wp:featuredmedia":[{"embeddable":true,"href":"https:\/\/legitgrams.com\/cs\/wp-json\/wp\/v2\/media\/5265"}],"wp:attachment":[{"href":"https:\/\/legitgrams.com\/cs\/wp-json\/wp\/v2\/media?parent=3990"}],"wp:term":[{"taxonomy":"product_brand","embeddable":true,"href":"https:\/\/legitgrams.com\/cs\/wp-json\/wp\/v2\/product_brand?post=3990"},{"taxonomy":"product_cat","embeddable":true,"href":"https:\/\/legitgrams.com\/cs\/wp-json\/wp\/v2\/product_cat?post=3990"},{"taxonomy":"product_tag","embeddable":true,"href":"https:\/\/legitgrams.com\/cs\/wp-json\/wp\/v2\/product_tag?post=3990"}],"curies":[{"name":"wp","href":"https:\/\/api.w.org\/{rel}","templated":true}]}}