{"id":4003,"date":"2024-09-21T07:43:45","date_gmt":"2024-09-21T07:43:45","guid":{"rendered":"https:\/\/legitgrams.com\/?post_type=product&#038;p=4003"},"modified":"2025-01-13T09:14:46","modified_gmt":"2025-01-13T09:14:46","slug":"ald-52-blotters-100mcg","status":"publish","type":"product","link":"https:\/\/legitgrams.com\/cs\/produkt\/ald-52-blotters-100mcg\/","title":{"rendered":"ALD-52 Blotters 100mcg"},"content":{"rendered":"<h2>100 mcg blotter\u016f ALD-52 na prodej<\/h2>\n<p>Kombinace mnoha v\u00fdzkumn\u00fdch l\u00e1tek, kter\u00e9 jsou nutn\u00e9 k odd\u00e1len\u00ed historie ALD-52, a jedine\u010dn\u00fdch n\u00e1zv\u016f ALD-52 \u010din\u00ed z ALD-52 jedine\u010dn\u00fd l\u00e9k. V\u00fdzkumn\u00edci <a href=\"https:\/\/legitgrams.com\/cs\/produkt\/ald-52-blotters-100mcg\/\">koupit ALD-52 online<\/a> pro pou\u017eit\u00ed v l\u00e9ka\u0159sk\u00e9, rekrea\u010dn\u00ed a v\u00fdzkumn\u00e9 oblasti. D\u00edky psychotropn\u00edm atribut\u016fm ALD-52 je mezi laboratorn\u00edmi pracovn\u00edky a odborn\u00edky na dan\u00e9 t\u00e9ma nesporn\u00fdm. Mnoho pravideln\u00fdch spot\u0159ebitel\u016f se rozhodne koupit dostupn\u00e9 zbo\u017e\u00ed, aby se c\u00edtili spokojeni, vzru\u0161en\u00ed, udr\u017eeli si energetickou hladinu a m\u011bli v\u00edce sexu.<\/p>\n<p>V\u0161imn\u011bte si, \u017ee pro pln\u011b regulovan\u00fd proces sb\u011bru zvolte ALD-52 vyroben\u00fd pomoc\u00ed nejlep\u0161\u00edch pokro\u010dil\u00fdch technik. Pokrok ve v\u00fdzkumu v pr\u016fb\u011bhu let umo\u017enil regulovat \u00farove\u0148 \u0159emesln\u00e9 zru\u010dnosti v \u010d\u00ednsk\u00fdch laborato\u0159\u00edch, kter\u00e9 vyr\u00e1b\u011bj\u00ed v\u0161echny sprchov\u00e9 soli t\u00edm, \u017ee vyroben\u00e9 sm\u011bsi nab\u00edzej\u00ed k prodeji.<\/p>\n<p>Jako p\u0159edn\u00ed dodavatel na\u0161e spole\u010dnost spolupracuje p\u0159\u00edmo s uzn\u00e1van\u00fdmi \u010d\u00ednsk\u00fdmi organizacemi. Umo\u017e\u0148uje v\u00fdm\u011bnu sprchov\u00fdch sol\u00ed t\u00e9 nejlep\u0161\u00ed kvality a naprost\u00e9 dokonalosti. <a href=\"https:\/\/en.wikipedia.org\/wiki\/ALD-52\">ALD-52<\/a> je nam\u00edch\u00e1n pod p\u0159\u00edsn\u00fdm dohledem a v souladu se v\u0161emi z\u00e1sadami. v\u00fdb\u011br nejlep\u0161\u00ed nab\u00eddky na nejlep\u0161\u00ed webov\u00e9 str\u00e1nce pro n\u00e1kup materi\u00e1l\u016f vytvo\u0159en\u00fdch v\u00fdzkumem pe\u010dliv\u00fdm zv\u00e1\u017een\u00edm nejaktu\u00e1ln\u011bj\u0161\u00edch a d\u016fv\u011bryhodn\u00fdch dostupn\u00fdch informac\u00ed. \u010c\u00ednsk\u00e9 laborato\u0159e dod\u00e1vaj\u00ed pelety ALD-52, blotovac\u00ed povrchy ALD-52 a pr\u00e1\u0161ky ALD-52. Odes\u00edlatel ALD-52 m\u016f\u017ee zas\u00edlat do jak\u00e9koli zem\u011b. M\u016f\u017eete si b\u00fdt jisti, \u017ee va\u0161e testy a vy\u0161et\u0159ov\u00e1n\u00ed budou m\u00edt zna\u010dn\u00e9 zpo\u017ed\u011bn\u00ed, pokud budete \u00fazce spolupracovat se spolehliv\u00fdmi poskytovateli ALD-52. <a href=\"https:\/\/legitgrams.com\/cs\/\">LegitGrams<\/a><\/p>\n<p>Dodavatel je dlouhodob\u011b spolehliv\u00fdm v\u00fdrobcem hodnot\u00edc\u00edch chemik\u00e1li\u00ed. Klienti p\u0159isp\u011bli k hv\u011bzdn\u00e9 pov\u011bsti webu v cel\u00e9 s\u00edti reschems. Ald-52 na prodej, n\u00e1kup ald-52, n\u00e1kup ald-52, n\u00e1kup ald-52 Renomovan\u00ed dodavatel\u00e9 RC nab\u00edzej\u00ed nep\u0159etr\u017eitou asistenci \u017eiv\u00e9ho chatu od zku\u0161en\u00fdch mana\u017eer\u016f, kte\u0159\u00ed v\u00e1m mohou pomoci v jak\u00e9koli obt\u00ed\u017en\u00e9 situaci.<\/p>\n<p>Pozitivn\u00ed koment\u00e1\u0159e od na\u0161ich klient\u016f k na\u0161im dob\u0159e navr\u017een\u00fdm a dosa\u017eiteln\u00fdm zhor\u0161en\u00edm lze nal\u00e9zt online v chatech. Tito spot\u0159ebitel\u00e9 jsou v sou\u010dasn\u00e9 dob\u011b spokojeni s nejlep\u0161\u00edmi v\u011bcmi, kter\u00e9 kdy v na\u0161em internetov\u00e9m obchod\u011b zakoupili, a tak\u00e9 s pomoc\u00ed, kter\u00e9 se jim dostalo.<\/p>\n<p>\u5728\u7ebf\u8d2d\u4e70 ALD-52 \u5438\u58a8\u7eb8\uff1a\u8d2d\u4e70 ALD-52 \u5438\u58a8\u7eb8 | \u8d2d\u4e70 ALD-52 \u5438\u58a8\u7eb8 | \u8d2d\u4e70 ALD-52 \u5438\u58a8\u7eb8 | \u5728\u54ea\u91cc\u8d2d\u4e70 ALD-52 \u5438\u58a8\u7eb8 | \u51fa\u552e ALD-52 \u5438\u58a8\u7eb8 | \u51fa\u552e\u5438\u58a8\u7eb8 | \u8d2d\u4e70 ALD-52 \u5438\u58a8\u7eb8 | \u5728\u7ebf\u8d2d\u4e70 ALD-52 \u5438\u58a8\u7eb8 | \u5728\u7f8e\u56fd\u3001\u52a0\u62ff\u5927\u548c\u82f1\u56fd\u8d2d\u4e70 ALD-52 \u5438\u58a8\u7eb8\uff0c\u5728\u7ebf\u8d2d\u7269\u3001\u4f9b\u5e94\u5546\u3001\u5b89\u5168\u4ea4\u4ed8\uff0cALD-52 \u5438\u58a8\u7eb8\u4ecd\u7136\u53ef\u7528\u3002\u6211\u5982\u4f55\u8ba2\u8d2d ALD-52 \u5438\u58a8\u7eb8\uff0c\u5b83\u4eec\u5728\u52a0\u62ff\u5927\u5408\u6cd5\u5417\uff1f\u5728\u7f8e\u56fd\u8d2d\u4e70\u5b83\u4eec\u5408\u6cd5\u5417\uff1f<\/p>","protected":false},"excerpt":{"rendered":"<p>100mcg of ALD-52 Blotters for Sale The combination of multiple research substances that are required to delay ALD-52 history and unique ALD-52 names makes ALD-52 a unique drug. Researchers buy ALD-52 online for use in the medicinal, recreational, and investigative fields. ALD-52 psychotropic attributions made it indisputable among lab staff and subject matter experts. In &hellip;<\/p>\n<p class=\"read-more\"> <a class=\"\" href=\"https:\/\/legitgrams.com\/cs\/produkt\/ald-52-blotters-100mcg\/\"> <span class=\"screen-reader-text\">ALD-52 Blotters 100mcg<\/span> \u010c\u00edst d\u00e1l \"<\/a><\/p>","protected":false},"featured_media":5266,"comment_status":"open","ping_status":"closed","template":"","meta":{"_uag_custom_page_level_css":"","site-sidebar-layout":"default","site-content-layout":"default","ast-global-header-display":"","ast-main-header-display":"","ast-hfb-above-header-display":"","ast-hfb-below-header-display":"","ast-hfb-mobile-header-display":"","site-post-title":"","ast-breadcrumbs-content":"","ast-featured-img":"","footer-sml-layout":"","theme-transparent-header-meta":"default","adv-header-id-meta":"","stick-header-meta":"default","header-above-stick-meta":"","header-main-stick-meta":"","header-below-stick-meta":"","_joinchat":[]},"product_brand":[],"product_cat":[600],"product_tag":[2996,3000,2999,3007,2998,3008,3010,3017,3018,3016,3013,3015,3005,617,2997,3012,3009,3004,3002,3014,3011,625,3003,3006,3001],"class_list":{"0":"post-4003","1":"product","2":"type-product","3":"status-publish","4":"has-post-thumbnail","6":"product_cat-research-chemicals-and-bath-salt","7":"product_tag-ald-52-blotters-100mcg","8":"product_tag-ald-52-blotters-100mcg-ald-52-blotters-100mcg-supplier","9":"product_tag-ald-52-blotters-100mcg-for-sale","10":"product_tag-ald-52-blotters-100mcg-legally","11":"product_tag-ald-52-blotters-100mcg-online","12":"product_tag-ald-52-blotters-100mcg-price","13":"product_tag-ald-52-blotters-100mcg-store","14":"product_tag-ald-52-blotters-100mcg-use","15":"product_tag-ald-52-blotters-100mcg-wiki","16":"product_tag-ald-52-blotters-100mcg-worldwide","17":"product_tag-ald-52-blotters-100mcgs","18":"product_tag-best-cheap-price-ald-52-blotters-100mcg","19":"product_tag-best-place-to-buy-ald-52-blotters-100mcg","20":"product_tag-bulk-online","21":"product_tag-buy-ald-52-blotters-100mcg","22":"product_tag-cheap-ald-52-blotters-100mcg","23":"product_tag-high-quality-ald-52-blotters-100mcg","24":"product_tag-how-to-buy-ald-52-blotters-100mcg","25":"product_tag-order-ald-52-blotters-100mcg","26":"product_tag-purcharse-ald-52-blotters-100mcg","27":"product_tag-shop-ald-52-blotters-100mcg","28":"product_tag-top-quality","29":"product_tag-where-to-buy-ald-52-blotters-100mcg","30":"product_tag-where-to-order-ald-52-blotters-100mcg","31":"product_tag-wholesale-ald-52-blotters-100mcg","32":"desktop-align-left","33":"tablet-align-left","34":"mobile-align-left","35":"ast-product-gallery-layout-horizontal","36":"ast-product-gallery-with-no-image","37":"ast-product-single-variable","38":"ast-product-tabs-layout-horizontal","39":"ast-qv-on-image","41":"first","42":"instock","43":"shipping-taxable","44":"purchasable","45":"product-type-variable"},"yoast_head":"<!-- This site is optimized with the Yoast SEO plugin v25.9 - https:\/\/yoast.com\/wordpress\/plugins\/seo\/ -->\n<title>ALD-52 Blotters 100mcg for Sale - Buy ALD-52 Blotters Online<\/title>\n<meta name=\"description\" content=\"Here is the chance to grab ALD-52 Blotters 100mcg for sale at cheap price. Our online LegitGrams store is selling to buy ALD-52 Blotters 100mcg worldwide. Order ALD-52 Blotters 100mcg Online Today!\" \/>\n<meta name=\"robots\" content=\"index, follow, max-snippet:-1, max-image-preview:large, max-video-preview:-1\" \/>\n<link rel=\"canonical\" href=\"https:\/\/legitgrams.com\/cs\/produkt\/ald-52-blotters-100mcg\/\" \/>\n<meta property=\"og:locale\" content=\"cs_CZ\" \/>\n<meta property=\"og:type\" content=\"article\" \/>\n<meta property=\"og:title\" content=\"ALD-52 Blotters 100mcg for Sale - Buy ALD-52 Blotters Online\" \/>\n<meta property=\"og:description\" content=\"Here is the chance to grab ALD-52 Blotters 100mcg for sale at cheap price. Our online LegitGrams store is selling to buy ALD-52 Blotters 100mcg worldwide. Order ALD-52 Blotters 100mcg Online Today!\" \/>\n<meta property=\"og:url\" content=\"https:\/\/legitgrams.com\/cs\/produkt\/ald-52-blotters-100mcg\/\" \/>\n<meta property=\"og:site_name\" content=\"Legit Grams\" \/>\n<meta property=\"article:modified_time\" content=\"2025-01-13T09:14:46+00:00\" \/>\n<meta property=\"og:image\" content=\"https:\/\/legitgrams.com\/wp-content\/uploads\/2024\/09\/ald-52-blotters.jpg\" \/>\n\t<meta property=\"og:image:width\" content=\"600\" \/>\n\t<meta property=\"og:image:height\" content=\"600\" \/>\n\t<meta property=\"og:image:type\" content=\"image\/jpeg\" \/>\n<meta name=\"twitter:card\" content=\"summary_large_image\" \/>\n<meta name=\"twitter:label1\" content=\"Odhadovan\u00e1 doba \u010dten\u00ed\" \/>\n\t<meta name=\"twitter:data1\" content=\"2 minuty\" \/>\n<script type=\"application\/ld+json\" class=\"yoast-schema-graph\">{\"@context\":\"https:\/\/schema.org\",\"@graph\":[{\"@type\":\"WebPage\",\"@id\":\"https:\/\/legitgrams.com\/product\/ald-52-blotters-100mcg\/\",\"url\":\"https:\/\/legitgrams.com\/product\/ald-52-blotters-100mcg\/\",\"name\":\"ALD-52 Blotters 100mcg for Sale - Buy ALD-52 Blotters Online\",\"isPartOf\":{\"@id\":\"https:\/\/legitgrams.com\/#website\"},\"primaryImageOfPage\":{\"@id\":\"https:\/\/legitgrams.com\/product\/ald-52-blotters-100mcg\/#primaryimage\"},\"image\":{\"@id\":\"https:\/\/legitgrams.com\/product\/ald-52-blotters-100mcg\/#primaryimage\"},\"thumbnailUrl\":\"https:\/\/legitgrams.com\/wp-content\/uploads\/2024\/09\/ald-52-blotters.jpg\",\"datePublished\":\"2024-09-21T07:43:45+00:00\",\"dateModified\":\"2025-01-13T09:14:46+00:00\",\"description\":\"Here is the chance to grab ALD-52 Blotters 100mcg for sale at cheap price. Our online LegitGrams store is selling to buy ALD-52 Blotters 100mcg worldwide. Order ALD-52 Blotters 100mcg Online Today!\",\"breadcrumb\":{\"@id\":\"https:\/\/legitgrams.com\/product\/ald-52-blotters-100mcg\/#breadcrumb\"},\"inLanguage\":\"cs\",\"potentialAction\":[{\"@type\":\"ReadAction\",\"target\":[\"https:\/\/legitgrams.com\/product\/ald-52-blotters-100mcg\/\"]}]},{\"@type\":\"ImageObject\",\"inLanguage\":\"cs\",\"@id\":\"https:\/\/legitgrams.com\/product\/ald-52-blotters-100mcg\/#primaryimage\",\"url\":\"https:\/\/legitgrams.com\/wp-content\/uploads\/2024\/09\/ald-52-blotters.jpg\",\"contentUrl\":\"https:\/\/legitgrams.com\/wp-content\/uploads\/2024\/09\/ald-52-blotters.jpg\",\"width\":600,\"height\":600,\"caption\":\"ALD-52 Blotters 100mcg for Sale\"},{\"@type\":\"BreadcrumbList\",\"@id\":\"https:\/\/legitgrams.com\/product\/ald-52-blotters-100mcg\/#breadcrumb\",\"itemListElement\":[{\"@type\":\"ListItem\",\"position\":1,\"name\":\"Home\",\"item\":\"https:\/\/legitgrams.com\/\"},{\"@type\":\"ListItem\",\"position\":2,\"name\":\"Shop\",\"item\":\"https:\/\/legitgrams.com\/shop\/\"},{\"@type\":\"ListItem\",\"position\":3,\"name\":\"ALD-52 Blotters 100mcg\"}]},{\"@type\":\"WebSite\",\"@id\":\"https:\/\/legitgrams.com\/#website\",\"url\":\"https:\/\/legitgrams.com\/\",\"name\":\"Legit Grams\",\"description\":\"My WordPress Blog\",\"publisher\":{\"@id\":\"https:\/\/legitgrams.com\/#organization\"},\"potentialAction\":[{\"@type\":\"SearchAction\",\"target\":{\"@type\":\"EntryPoint\",\"urlTemplate\":\"https:\/\/legitgrams.com\/?s={search_term_string}\"},\"query-input\":{\"@type\":\"PropertyValueSpecification\",\"valueRequired\":true,\"valueName\":\"search_term_string\"}}],\"inLanguage\":\"cs\"},{\"@type\":\"Organization\",\"@id\":\"https:\/\/legitgrams.com\/#organization\",\"name\":\"Legit Grams\",\"url\":\"https:\/\/legitgrams.com\/\",\"logo\":{\"@type\":\"ImageObject\",\"inLanguage\":\"cs\",\"@id\":\"https:\/\/legitgrams.com\/#\/schema\/logo\/image\/\",\"url\":\"https:\/\/legitgrams.com\/wp-content\/uploads\/2024\/09\/main-logo.png\",\"contentUrl\":\"https:\/\/legitgrams.com\/wp-content\/uploads\/2024\/09\/main-logo.png\",\"width\":270,\"height\":75,\"caption\":\"Legit Grams\"},\"image\":{\"@id\":\"https:\/\/legitgrams.com\/#\/schema\/logo\/image\/\"}}]}<\/script>\n<!-- \/ Yoast SEO plugin. -->","yoast_head_json":{"title":"ALD-52 Blotters 100mcg na prodej - Koupit ALD-52 Blotters online","description":"Zde je \u0161ance z\u00edskat ALD-52 Blotters 100mcg na prodej za n\u00edzkou cenu. N\u00e1\u0161 online obchod LegitGrams prod\u00e1v\u00e1 koupit ALD-52 Blotters 100mcg po cel\u00e9m sv\u011bt\u011b. Objednejte si ALD-52 Blotters 100mcg online je\u0161t\u011b dnes!","robots":{"index":"index","follow":"follow","max-snippet":"max-snippet:-1","max-image-preview":"max-image-preview:large","max-video-preview":"max-video-preview:-1"},"canonical":"https:\/\/legitgrams.com\/cs\/produkt\/ald-52-blotters-100mcg\/","og_locale":"cs_CZ","og_type":"article","og_title":"ALD-52 Blotters 100mcg for Sale - Buy ALD-52 Blotters Online","og_description":"Here is the chance to grab ALD-52 Blotters 100mcg for sale at cheap price. Our online LegitGrams store is selling to buy ALD-52 Blotters 100mcg worldwide. Order ALD-52 Blotters 100mcg Online Today!","og_url":"https:\/\/legitgrams.com\/cs\/produkt\/ald-52-blotters-100mcg\/","og_site_name":"Legit Grams","article_modified_time":"2025-01-13T09:14:46+00:00","og_image":[{"width":600,"height":600,"url":"https:\/\/legitgrams.com\/wp-content\/uploads\/2024\/09\/ald-52-blotters.jpg","type":"image\/jpeg"}],"twitter_card":"summary_large_image","twitter_misc":{"Odhadovan\u00e1 doba \u010dten\u00ed":"2 minuty"},"schema":{"@context":"https:\/\/schema.org","@graph":[{"@type":"WebPage","@id":"https:\/\/legitgrams.com\/product\/ald-52-blotters-100mcg\/","url":"https:\/\/legitgrams.com\/product\/ald-52-blotters-100mcg\/","name":"ALD-52 Blotters 100mcg na prodej - Koupit ALD-52 Blotters online","isPartOf":{"@id":"https:\/\/legitgrams.com\/#website"},"primaryImageOfPage":{"@id":"https:\/\/legitgrams.com\/product\/ald-52-blotters-100mcg\/#primaryimage"},"image":{"@id":"https:\/\/legitgrams.com\/product\/ald-52-blotters-100mcg\/#primaryimage"},"thumbnailUrl":"https:\/\/legitgrams.com\/wp-content\/uploads\/2024\/09\/ald-52-blotters.jpg","datePublished":"2024-09-21T07:43:45+00:00","dateModified":"2025-01-13T09:14:46+00:00","description":"Zde je \u0161ance z\u00edskat ALD-52 Blotters 100mcg na prodej za n\u00edzkou cenu. N\u00e1\u0161 online obchod LegitGrams prod\u00e1v\u00e1 koupit ALD-52 Blotters 100mcg po cel\u00e9m sv\u011bt\u011b. Objednejte si ALD-52 Blotters 100mcg online je\u0161t\u011b dnes!","breadcrumb":{"@id":"https:\/\/legitgrams.com\/product\/ald-52-blotters-100mcg\/#breadcrumb"},"inLanguage":"cs","potentialAction":[{"@type":"ReadAction","target":["https:\/\/legitgrams.com\/product\/ald-52-blotters-100mcg\/"]}]},{"@type":"ImageObject","inLanguage":"cs","@id":"https:\/\/legitgrams.com\/product\/ald-52-blotters-100mcg\/#primaryimage","url":"https:\/\/legitgrams.com\/wp-content\/uploads\/2024\/09\/ald-52-blotters.jpg","contentUrl":"https:\/\/legitgrams.com\/wp-content\/uploads\/2024\/09\/ald-52-blotters.jpg","width":600,"height":600,"caption":"ALD-52 Blotters 100mcg for Sale"},{"@type":"BreadcrumbList","@id":"https:\/\/legitgrams.com\/product\/ald-52-blotters-100mcg\/#breadcrumb","itemListElement":[{"@type":"ListItem","position":1,"name":"Home","item":"https:\/\/legitgrams.com\/"},{"@type":"ListItem","position":2,"name":"Shop","item":"https:\/\/legitgrams.com\/shop\/"},{"@type":"ListItem","position":3,"name":"ALD-52 Blotters 100mcg"}]},{"@type":"WebSite","@id":"https:\/\/legitgrams.com\/#website","url":"https:\/\/legitgrams.com\/","name":"Leg\u00e1ln\u00ed gramy","description":"M\u016fj blog WordPress","publisher":{"@id":"https:\/\/legitgrams.com\/#organization"},"potentialAction":[{"@type":"SearchAction","target":{"@type":"EntryPoint","urlTemplate":"https:\/\/legitgrams.com\/?s={search_term_string}"},"query-input":{"@type":"PropertyValueSpecification","valueRequired":true,"valueName":"search_term_string"}}],"inLanguage":"cs"},{"@type":"Organization","@id":"https:\/\/legitgrams.com\/#organization","name":"Leg\u00e1ln\u00ed gramy","url":"https:\/\/legitgrams.com\/","logo":{"@type":"ImageObject","inLanguage":"cs","@id":"https:\/\/legitgrams.com\/#\/schema\/logo\/image\/","url":"https:\/\/legitgrams.com\/wp-content\/uploads\/2024\/09\/main-logo.png","contentUrl":"https:\/\/legitgrams.com\/wp-content\/uploads\/2024\/09\/main-logo.png","width":270,"height":75,"caption":"Legit Grams"},"image":{"@id":"https:\/\/legitgrams.com\/#\/schema\/logo\/image\/"}}]}},"uagb_featured_image_src":{"full":["https:\/\/legitgrams.com\/wp-content\/uploads\/2024\/09\/ald-52-blotters.jpg",600,600,false],"thumbnail":["https:\/\/legitgrams.com\/wp-content\/uploads\/2024\/09\/ald-52-blotters-150x150.jpg",150,150,true],"medium":["https:\/\/legitgrams.com\/wp-content\/uploads\/2024\/09\/ald-52-blotters-300x300.jpg",300,300,true],"medium_large":["https:\/\/legitgrams.com\/wp-content\/uploads\/2024\/09\/ald-52-blotters.jpg",600,600,false],"large":["https:\/\/legitgrams.com\/wp-content\/uploads\/2024\/09\/ald-52-blotters.jpg",600,600,false],"1536x1536":["https:\/\/legitgrams.com\/wp-content\/uploads\/2024\/09\/ald-52-blotters.jpg",600,600,false],"2048x2048":["https:\/\/legitgrams.com\/wp-content\/uploads\/2024\/09\/ald-52-blotters.jpg",600,600,false],"trp-custom-language-flag":["https:\/\/legitgrams.com\/wp-content\/uploads\/2024\/09\/ald-52-blotters-12x12.jpg",12,12,true],"woocommerce_thumbnail":["https:\/\/legitgrams.com\/wp-content\/uploads\/2024\/09\/ald-52-blotters-300x300.jpg",300,300,true],"woocommerce_single":["https:\/\/legitgrams.com\/wp-content\/uploads\/2024\/09\/ald-52-blotters.jpg",600,600,false],"woocommerce_gallery_thumbnail":["https:\/\/legitgrams.com\/wp-content\/uploads\/2024\/09\/ald-52-blotters-100x100.jpg",100,100,true]},"uagb_author_info":{"display_name":"cokeblog18","author_link":"https:\/\/legitgrams.com\/cs\/author\/"},"uagb_comment_info":0,"uagb_excerpt":"100mcg of ALD-52 Blotters for Sale The combination of multiple research substances that are required to delay ALD-52 history and unique ALD-52 names makes ALD-52 a unique drug. Researchers buy ALD-52 online for use in the medicinal, recreational, and investigative fields. ALD-52 psychotropic attributions made it indisputable among lab staff and subject matter experts. In&hellip;","_links":{"self":[{"href":"https:\/\/legitgrams.com\/cs\/wp-json\/wp\/v2\/product\/4003","targetHints":{"allow":["GET"]}}],"collection":[{"href":"https:\/\/legitgrams.com\/cs\/wp-json\/wp\/v2\/product"}],"about":[{"href":"https:\/\/legitgrams.com\/cs\/wp-json\/wp\/v2\/types\/product"}],"replies":[{"embeddable":true,"href":"https:\/\/legitgrams.com\/cs\/wp-json\/wp\/v2\/comments?post=4003"}],"wp:featuredmedia":[{"embeddable":true,"href":"https:\/\/legitgrams.com\/cs\/wp-json\/wp\/v2\/media\/5266"}],"wp:attachment":[{"href":"https:\/\/legitgrams.com\/cs\/wp-json\/wp\/v2\/media?parent=4003"}],"wp:term":[{"taxonomy":"product_brand","embeddable":true,"href":"https:\/\/legitgrams.com\/cs\/wp-json\/wp\/v2\/product_brand?post=4003"},{"taxonomy":"product_cat","embeddable":true,"href":"https:\/\/legitgrams.com\/cs\/wp-json\/wp\/v2\/product_cat?post=4003"},{"taxonomy":"product_tag","embeddable":true,"href":"https:\/\/legitgrams.com\/cs\/wp-json\/wp\/v2\/product_tag?post=4003"}],"curies":[{"name":"wp","href":"https:\/\/api.w.org\/{rel}","templated":true}]}}