{"id":4004,"date":"2024-09-21T07:51:28","date_gmt":"2024-09-21T07:51:28","guid":{"rendered":"https:\/\/legitgrams.com\/?post_type=product&#038;p=4004"},"modified":"2025-04-04T07:35:26","modified_gmt":"2025-04-04T07:35:26","slug":"k2-papir","status":"publish","type":"product","link":"https:\/\/legitgrams.com\/cs\/produkt\/k2-papir\/","title":{"rendered":"Koupit pap\u00edr K2 online"},"content":{"rendered":"<h2>Kupte si pap\u00edr K2 online.<br \/>\nNechte si levn\u00e9 listy pap\u00edru K2 doru\u010dit p\u0159\u00edmo dom\u016f.<\/h2>\n<p>Koupit <a href=\"https:\/\/legitgrams.com\/cs\/produkt\/k2-papir\/\">Pap\u00edr K2<\/a> online. U\u017eivatel\u00e9 konop\u00ed st\u00e1le \u010dast\u011bji p\u0159ech\u00e1zej\u00ed na syntetickou marihuanu. Sm\u011bs um\u011bl\u00fdch chemik\u00e1li\u00ed a jemn\u011b nasekan\u00e9ho rostlinn\u00e9ho materi\u00e1lu s psychedelick\u00fdmi \u00fa\u010dinky je zn\u00e1m\u00e1 jako <a href=\"https:\/\/www.bing.com\/search?q=Buy%20K2%20Paper%20Online&amp;qs=n&amp;form=QBRE&amp;sp=-1&amp;ghc=1&amp;lq=0&amp;pq=buy%20k2%20paper%20online&amp;sc=12-19&amp;sk=&amp;cvid=A5E8278C8DA54E4F9A29ECF49580F726&amp;ghsh=0&amp;ghacc=0&amp;ghpl=\">K2<\/a>- napu\u0161t\u011bn\u00fd pap\u00edr. V\u00fdzkum ukazuje, \u017ee chemik\u00e1lie se v\u00e1\u017eou na stejn\u00e9 receptory na mozkov\u00fdch nervov\u00fdch bu\u0148k\u00e1ch jako THC, co\u017e m\u00e1 za n\u00e1sledek zm\u011bn\u011bn\u00e9 vn\u00edm\u00e1n\u00ed, psych\u00f3zu, relaxaci a povznesenou n\u00e1ladu. Chcete-li z\u00edskat kvalitn\u00ed zbo\u017e\u00ed, sta\u010d\u00ed nav\u0161t\u00edvit n\u00e1\u0161 d\u016fv\u011bryhodn\u00fd internetov\u00fd obchod. Na\u0161e produkty nakupujeme v\u00fdhradn\u011b od renomovan\u00fdch v\u00fdrobc\u016f, abychom zajistili bezpe\u010dnost na\u0161ich z\u00e1kazn\u00edk\u016f. Nebudete litovat, \u017ee n\u00e1s vyzkou\u0161\u00edte, tak to pros\u00edm ud\u011blejte. KONTAKTUJTE N\u00c1S <a href=\"https:\/\/legitgrams.com\/cs\/\">LegitGrams<\/a><\/p>\n<p>Chemik\u00e1lie zvan\u00e9 kanabinoidy se p\u0159irozen\u011b vyskytuj\u00ed v rostlin\u00e1ch marihuany a p\u016fsob\u00ed jako slo\u017eky mnoha syntetick\u00fdch l\u00e9\u010div. \u00da\u010dinn\u00e1 l\u00e1tka v konop\u00ed a syntetick\u00fd marihuanov\u00fd pap\u00edr K2 jsou chemicky srovnateln\u00e9. \u00da\u010dinky jsou v\u00fdrazn\u011bj\u0161\u00ed na konci sezen\u00ed a \u010dlov\u011bk se m\u016f\u017ee c\u00edtit uklidn\u011bn\u00fd a povznesen\u00fd. Marihuana se pou\u017e\u00edv\u00e1 jako bezpe\u010dn\u00e1 n\u00e1hrada pro r\u016fzn\u00e9 rekrea\u010dn\u00ed a l\u00e9\u010debn\u00e9 \u00fa\u010dely, proto\u017ee si st\u00e1le v\u00edce lid\u00ed uv\u011bdomuje jej\u00ed skute\u010dn\u00e9 zdravotn\u00ed p\u0159\u00ednosy. M\u011bli byste v\u0161ak sledovat sv\u00e9 d\u00e1vkov\u00e1n\u00ed, proto\u017ee nadm\u011brn\u00e9 u\u017e\u00edv\u00e1n\u00ed m\u016f\u017ee m\u00edt za n\u00e1sledek ne\u017e\u00e1douc\u00ed vedlej\u0161\u00ed \u00fa\u010dinky, jako je \u00fazkost, halucinace, vysok\u00fd krevn\u00ed tlak, nepohodl\u00ed na hrudi, du\u0161nost, z\u00e1chvaty a zvracen\u00ed. d\u00e1le <a href=\"https:\/\/www.google.com\/search?q=Buy+K2+Paper+Online&amp;num=10&amp;sca_esv=1a2a07081c7891bb&amp;rlz=1C1RXQR_enIN1098IN1098&amp;sxsrf=AHTn8zo6KND-vLPK91ycz-gl24HROHOyKg%3A1742187805538&amp;ei=Ha3XZ67HIMrCjuMP4vKnsQk&amp;ved=0ahUKEwjuyZ-qq5CMAxVKoWMGHWL5KZYQ4dUDCBA&amp;uact=5&amp;oq=Buy+K2+Paper+Online&amp;gs_lp=Egxnd3Mtd2l6LXNlcnAiE0J1eSBLMiBQYXBlciBPbmxpbmVIsglQ4QVY4QVwA3gAkAEAmAG8AaABvAGqAQMwLjG4AQPIAQD4AQL4AQGYAgCgAgCYAwCIBgGSBwCgB0c&amp;sclient=gws-wiz-serp\">certain K2 spice<\/a> produkty na trhu mohou obsahovat nebezpe\u010dn\u00e9 chemik\u00e1lie. Proto je d\u016fle\u017eit\u00e9 nakupovat u d\u016fv\u011bryhodn\u00e9ho prodejce.<\/p>\n<p>Hledali jste ty nejlep\u0161\u00ed bylinn\u00e9 produkty, kter\u00e9 byste si mohli koupit? Nab\u00edz\u00edme v\u00e1m vynikaj\u00edc\u00ed mo\u017enost n\u00e1kupu pap\u00edru K2 online za f\u00e9rovou cenu a m\u00e1me zna\u010dnou glob\u00e1ln\u00ed spot\u0159ebitelskou z\u00e1kladnu. Krom\u011b toho, \u017ee m\u00e1me nejv\u011bt\u0161\u00ed v\u00fdb\u011br zbo\u017e\u00ed, poskytujeme tak\u00e9 bezpe\u010dn\u00e9 zp\u016fsoby platby a diskr\u00e9tn\u00ed p\u0159epravu. Zastavov\u00e1n\u00ed v okoln\u00edch ve\u010derk\u00e1ch nebo odpo\u010d\u00edvadlech nen\u00ed povinn\u00e9. Spole\u010dnost neust\u00e1le pracuje na zvy\u0161ov\u00e1n\u00ed kvality sv\u00e9ho zbo\u017e\u00ed a z\u00e1kaznick\u00e9 podpory, aby z\u016fstala konkurenceschopn\u00e1. Va\u0161e spokojenost je na\u0161\u00ed nejvy\u0161\u0161\u00ed prioritou a m\u00e1me erudovan\u00fd person\u00e1l, kter\u00fd se postar\u00e1 o jak\u00fdkoli probl\u00e9m. Pokud m\u00e1te n\u011bjak\u00e9 dotazy nebo obavy, nebojte se n\u00e1s kontaktovat.<\/p>\n<p>Pap\u00edr K2 na prodej za n\u00edzkou cenu <a href=\"https:\/\/en.wikipedia.org\/wiki\/K2\">K2<\/a>-infused document, Law you can buy spice paper, liquid K2 on paper, and <a href=\"https:\/\/duckduckgo.com\/?q=Buy+K2+Paper+Online&amp;t=h_&amp;ia=web\">high K2 spice paper<\/a> online.<\/p>\n<h2><\/h2>\n<h2><\/h2>\n<p>&nbsp;<\/p>","protected":false},"excerpt":{"rendered":"<p>Purchase K2 paper online. Get cheap K2 paper sheets delivered straight to your home. Buy K2 paper online. Cannabis users are increasingly turning to synthetic marijuana. A blend of artificial chemicals and finely chopped plant material with psychedelic effects is known as K2-infused paper. Research indicates that the chemicals bind to the same receptors on &hellip;<\/p>\n<p class=\"read-more\"> <a class=\"\" href=\"https:\/\/legitgrams.com\/cs\/produkt\/k2-papir\/\"> <span class=\"screen-reader-text\">Koupit pap\u00edr K2 online<\/span> \u010c\u00edst d\u00e1l \"<\/a><\/p>","protected":false},"featured_media":5342,"comment_status":"open","ping_status":"closed","template":"","meta":{"_uag_custom_page_level_css":"","site-sidebar-layout":"default","site-content-layout":"default","ast-global-header-display":"","ast-main-header-display":"","ast-hfb-above-header-display":"","ast-hfb-below-header-display":"","ast-hfb-mobile-header-display":"","site-post-title":"","ast-breadcrumbs-content":"","ast-featured-img":"","footer-sml-layout":"","theme-transparent-header-meta":"default","adv-header-id-meta":"","stick-header-meta":"default","header-above-stick-meta":"","header-main-stick-meta":"","header-below-stick-meta":"","_joinchat":[]},"product_brand":[],"product_cat":[602],"product_tag":[2992,2982,617,2974,2989,2986,2981,2973,2976,2977,2984,2975,2985,2987,2994,2995,2993,2990,2979,2991,2988,625,2980,2983,2978],"class_list":{"0":"post-4004","1":"product","2":"type-product","3":"status-publish","4":"has-post-thumbnail","6":"product_cat-k2-paper-and-spray","7":"product_tag-best-cheap-price-k2-paper","8":"product_tag-best-place-to-buy-k2-paper","9":"product_tag-bulk-online","10":"product_tag-buy-k2-paper","11":"product_tag-cheap-k2-paper","12":"product_tag-high-quality-k2-paper","13":"product_tag-how-to-buy-k2-paper","14":"product_tag-k2-paper","15":"product_tag-k2-paper-for-sale","16":"product_tag-k2-paper-k2-paper-supplier","17":"product_tag-k2-paper-legally","18":"product_tag-k2-paper-online","19":"product_tag-k2-paper-price","20":"product_tag-k2-paper-store","21":"product_tag-k2-paper-use","22":"product_tag-k2-paper-wiki","23":"product_tag-k2-paper-worldwide","24":"product_tag-k2-papers","25":"product_tag-order-k2-paper","26":"product_tag-purcharse-k2-paper","27":"product_tag-shop-k2-paper","28":"product_tag-top-quality","29":"product_tag-where-to-buy-k2-paper","30":"product_tag-where-to-order-k2-paper","31":"product_tag-wholesale-k2-paper","32":"desktop-align-left","33":"tablet-align-left","34":"mobile-align-left","35":"ast-product-gallery-layout-horizontal","36":"ast-product-gallery-with-no-image","37":"ast-product-single-variable","38":"ast-product-tabs-layout-horizontal","39":"ast-qv-on-image","41":"first","42":"instock","43":"shipping-taxable","44":"purchasable","45":"product-type-variable"},"yoast_head":"<!-- This site is optimized with the Yoast SEO plugin v25.9 - https:\/\/yoast.com\/wordpress\/plugins\/seo\/ -->\n<title>K2 Paper for Sale - Order K2 Paper Online | LegitGrams<\/title>\n<meta name=\"description\" content=\"Your order for K2 paper for sale is our responsibility. We will take your order to buy K2 paper into consideration and reach you in a short period. Place bulk orders now!\" \/>\n<meta name=\"robots\" content=\"index, follow, max-snippet:-1, max-image-preview:large, max-video-preview:-1\" \/>\n<link rel=\"canonical\" href=\"https:\/\/legitgrams.com\/cs\/produkt\/k2-papir\/\" \/>\n<meta property=\"og:locale\" content=\"cs_CZ\" \/>\n<meta property=\"og:type\" content=\"article\" \/>\n<meta property=\"og:title\" content=\"K2 Paper for Sale - Order K2 Paper Online | LegitGrams\" \/>\n<meta property=\"og:description\" content=\"Your order for K2 paper for sale is our responsibility. We will take your order to buy K2 paper into consideration and reach you in a short period. Place bulk orders now!\" \/>\n<meta property=\"og:url\" content=\"https:\/\/legitgrams.com\/cs\/produkt\/k2-papir\/\" \/>\n<meta property=\"og:site_name\" content=\"Legit Grams\" \/>\n<meta property=\"article:modified_time\" content=\"2025-04-04T07:35:26+00:00\" \/>\n<meta property=\"og:image\" content=\"https:\/\/legitgrams.com\/wp-content\/uploads\/2024\/09\/Buy-K2-paper-online.jpg\" \/>\n\t<meta property=\"og:image:width\" content=\"600\" \/>\n\t<meta property=\"og:image:height\" content=\"600\" \/>\n\t<meta property=\"og:image:type\" content=\"image\/jpeg\" \/>\n<meta name=\"twitter:card\" content=\"summary_large_image\" \/>\n<meta name=\"twitter:label1\" content=\"Odhadovan\u00e1 doba \u010dten\u00ed\" \/>\n\t<meta name=\"twitter:data1\" content=\"2 minuty\" \/>\n<script type=\"application\/ld+json\" class=\"yoast-schema-graph\">{\"@context\":\"https:\/\/schema.org\",\"@graph\":[{\"@type\":\"WebPage\",\"@id\":\"https:\/\/legitgrams.com\/product\/k2-paper\/\",\"url\":\"https:\/\/legitgrams.com\/product\/k2-paper\/\",\"name\":\"K2 Paper for Sale - Order K2 Paper Online | LegitGrams\",\"isPartOf\":{\"@id\":\"https:\/\/legitgrams.com\/#website\"},\"primaryImageOfPage\":{\"@id\":\"https:\/\/legitgrams.com\/product\/k2-paper\/#primaryimage\"},\"image\":{\"@id\":\"https:\/\/legitgrams.com\/product\/k2-paper\/#primaryimage\"},\"thumbnailUrl\":\"https:\/\/legitgrams.com\/wp-content\/uploads\/2024\/09\/Buy-K2-paper-online.jpg\",\"datePublished\":\"2024-09-21T07:51:28+00:00\",\"dateModified\":\"2025-04-04T07:35:26+00:00\",\"description\":\"Your order for K2 paper for sale is our responsibility. We will take your order to buy K2 paper into consideration and reach you in a short period. Place bulk orders now!\",\"breadcrumb\":{\"@id\":\"https:\/\/legitgrams.com\/product\/k2-paper\/#breadcrumb\"},\"inLanguage\":\"cs\",\"potentialAction\":[{\"@type\":\"ReadAction\",\"target\":[\"https:\/\/legitgrams.com\/product\/k2-paper\/\"]}]},{\"@type\":\"ImageObject\",\"inLanguage\":\"cs\",\"@id\":\"https:\/\/legitgrams.com\/product\/k2-paper\/#primaryimage\",\"url\":\"https:\/\/legitgrams.com\/wp-content\/uploads\/2024\/09\/Buy-K2-paper-online.jpg\",\"contentUrl\":\"https:\/\/legitgrams.com\/wp-content\/uploads\/2024\/09\/Buy-K2-paper-online.jpg\",\"width\":600,\"height\":600,\"caption\":\"K2 Paper for Sale\"},{\"@type\":\"BreadcrumbList\",\"@id\":\"https:\/\/legitgrams.com\/product\/k2-paper\/#breadcrumb\",\"itemListElement\":[{\"@type\":\"ListItem\",\"position\":1,\"name\":\"Home\",\"item\":\"https:\/\/legitgrams.com\/\"},{\"@type\":\"ListItem\",\"position\":2,\"name\":\"Shop\",\"item\":\"https:\/\/legitgrams.com\/shop\/\"},{\"@type\":\"ListItem\",\"position\":3,\"name\":\"Buy K2 Paper Online\"}]},{\"@type\":\"WebSite\",\"@id\":\"https:\/\/legitgrams.com\/#website\",\"url\":\"https:\/\/legitgrams.com\/\",\"name\":\"Legit Grams\",\"description\":\"My WordPress Blog\",\"publisher\":{\"@id\":\"https:\/\/legitgrams.com\/#organization\"},\"potentialAction\":[{\"@type\":\"SearchAction\",\"target\":{\"@type\":\"EntryPoint\",\"urlTemplate\":\"https:\/\/legitgrams.com\/?s={search_term_string}\"},\"query-input\":{\"@type\":\"PropertyValueSpecification\",\"valueRequired\":true,\"valueName\":\"search_term_string\"}}],\"inLanguage\":\"cs\"},{\"@type\":\"Organization\",\"@id\":\"https:\/\/legitgrams.com\/#organization\",\"name\":\"Legit Grams\",\"url\":\"https:\/\/legitgrams.com\/\",\"logo\":{\"@type\":\"ImageObject\",\"inLanguage\":\"cs\",\"@id\":\"https:\/\/legitgrams.com\/#\/schema\/logo\/image\/\",\"url\":\"https:\/\/legitgrams.com\/wp-content\/uploads\/2024\/09\/main-logo.png\",\"contentUrl\":\"https:\/\/legitgrams.com\/wp-content\/uploads\/2024\/09\/main-logo.png\",\"width\":270,\"height\":75,\"caption\":\"Legit Grams\"},\"image\":{\"@id\":\"https:\/\/legitgrams.com\/#\/schema\/logo\/image\/\"}}]}<\/script>\n<!-- \/ Yoast SEO plugin. -->","yoast_head_json":{"title":"K2 Paper na prodej - objednat K2 Paper online | LegitGrams","description":"Za va\u0161i objedn\u00e1vku pap\u00edru K2 na prodej neseme odpov\u011bdnost. Va\u0161i objedn\u00e1vku na n\u00e1kup pap\u00edru K2 vezmeme v \u00favahu a v kr\u00e1tk\u00e9 dob\u011b se k v\u00e1m dostaneme. Objedn\u00e1vejte hromadn\u011b nyn\u00ed!","robots":{"index":"index","follow":"follow","max-snippet":"max-snippet:-1","max-image-preview":"max-image-preview:large","max-video-preview":"max-video-preview:-1"},"canonical":"https:\/\/legitgrams.com\/cs\/produkt\/k2-papir\/","og_locale":"cs_CZ","og_type":"article","og_title":"K2 Paper for Sale - Order K2 Paper Online | LegitGrams","og_description":"Your order for K2 paper for sale is our responsibility. We will take your order to buy K2 paper into consideration and reach you in a short period. Place bulk orders now!","og_url":"https:\/\/legitgrams.com\/cs\/produkt\/k2-papir\/","og_site_name":"Legit Grams","article_modified_time":"2025-04-04T07:35:26+00:00","og_image":[{"width":600,"height":600,"url":"https:\/\/legitgrams.com\/wp-content\/uploads\/2024\/09\/Buy-K2-paper-online.jpg","type":"image\/jpeg"}],"twitter_card":"summary_large_image","twitter_misc":{"Odhadovan\u00e1 doba \u010dten\u00ed":"2 minuty"},"schema":{"@context":"https:\/\/schema.org","@graph":[{"@type":"WebPage","@id":"https:\/\/legitgrams.com\/product\/k2-paper\/","url":"https:\/\/legitgrams.com\/product\/k2-paper\/","name":"K2 Paper na prodej - objednat K2 Paper online | LegitGrams","isPartOf":{"@id":"https:\/\/legitgrams.com\/#website"},"primaryImageOfPage":{"@id":"https:\/\/legitgrams.com\/product\/k2-paper\/#primaryimage"},"image":{"@id":"https:\/\/legitgrams.com\/product\/k2-paper\/#primaryimage"},"thumbnailUrl":"https:\/\/legitgrams.com\/wp-content\/uploads\/2024\/09\/Buy-K2-paper-online.jpg","datePublished":"2024-09-21T07:51:28+00:00","dateModified":"2025-04-04T07:35:26+00:00","description":"Za va\u0161i objedn\u00e1vku pap\u00edru K2 na prodej neseme odpov\u011bdnost. Va\u0161i objedn\u00e1vku na n\u00e1kup pap\u00edru K2 vezmeme v \u00favahu a v kr\u00e1tk\u00e9 dob\u011b se k v\u00e1m dostaneme. Objedn\u00e1vejte hromadn\u011b nyn\u00ed!","breadcrumb":{"@id":"https:\/\/legitgrams.com\/product\/k2-paper\/#breadcrumb"},"inLanguage":"cs","potentialAction":[{"@type":"ReadAction","target":["https:\/\/legitgrams.com\/product\/k2-paper\/"]}]},{"@type":"ImageObject","inLanguage":"cs","@id":"https:\/\/legitgrams.com\/product\/k2-paper\/#primaryimage","url":"https:\/\/legitgrams.com\/wp-content\/uploads\/2024\/09\/Buy-K2-paper-online.jpg","contentUrl":"https:\/\/legitgrams.com\/wp-content\/uploads\/2024\/09\/Buy-K2-paper-online.jpg","width":600,"height":600,"caption":"K2 Paper for Sale"},{"@type":"BreadcrumbList","@id":"https:\/\/legitgrams.com\/product\/k2-paper\/#breadcrumb","itemListElement":[{"@type":"ListItem","position":1,"name":"Home","item":"https:\/\/legitgrams.com\/"},{"@type":"ListItem","position":2,"name":"Shop","item":"https:\/\/legitgrams.com\/shop\/"},{"@type":"ListItem","position":3,"name":"Buy K2 Paper Online"}]},{"@type":"WebSite","@id":"https:\/\/legitgrams.com\/#website","url":"https:\/\/legitgrams.com\/","name":"Leg\u00e1ln\u00ed gramy","description":"M\u016fj blog WordPress","publisher":{"@id":"https:\/\/legitgrams.com\/#organization"},"potentialAction":[{"@type":"SearchAction","target":{"@type":"EntryPoint","urlTemplate":"https:\/\/legitgrams.com\/?s={search_term_string}"},"query-input":{"@type":"PropertyValueSpecification","valueRequired":true,"valueName":"search_term_string"}}],"inLanguage":"cs"},{"@type":"Organization","@id":"https:\/\/legitgrams.com\/#organization","name":"Leg\u00e1ln\u00ed gramy","url":"https:\/\/legitgrams.com\/","logo":{"@type":"ImageObject","inLanguage":"cs","@id":"https:\/\/legitgrams.com\/#\/schema\/logo\/image\/","url":"https:\/\/legitgrams.com\/wp-content\/uploads\/2024\/09\/main-logo.png","contentUrl":"https:\/\/legitgrams.com\/wp-content\/uploads\/2024\/09\/main-logo.png","width":270,"height":75,"caption":"Legit Grams"},"image":{"@id":"https:\/\/legitgrams.com\/#\/schema\/logo\/image\/"}}]}},"uagb_featured_image_src":{"full":["https:\/\/legitgrams.com\/wp-content\/uploads\/2024\/09\/Buy-K2-paper-online.jpg",600,600,false],"thumbnail":["https:\/\/legitgrams.com\/wp-content\/uploads\/2024\/09\/Buy-K2-paper-online-150x150.jpg",150,150,true],"medium":["https:\/\/legitgrams.com\/wp-content\/uploads\/2024\/09\/Buy-K2-paper-online-300x300.jpg",300,300,true],"medium_large":["https:\/\/legitgrams.com\/wp-content\/uploads\/2024\/09\/Buy-K2-paper-online.jpg",600,600,false],"large":["https:\/\/legitgrams.com\/wp-content\/uploads\/2024\/09\/Buy-K2-paper-online.jpg",600,600,false],"1536x1536":["https:\/\/legitgrams.com\/wp-content\/uploads\/2024\/09\/Buy-K2-paper-online.jpg",600,600,false],"2048x2048":["https:\/\/legitgrams.com\/wp-content\/uploads\/2024\/09\/Buy-K2-paper-online.jpg",600,600,false],"trp-custom-language-flag":["https:\/\/legitgrams.com\/wp-content\/uploads\/2024\/09\/Buy-K2-paper-online-12x12.jpg",12,12,true],"woocommerce_thumbnail":["https:\/\/legitgrams.com\/wp-content\/uploads\/2024\/09\/Buy-K2-paper-online-300x300.jpg",300,300,true],"woocommerce_single":["https:\/\/legitgrams.com\/wp-content\/uploads\/2024\/09\/Buy-K2-paper-online.jpg",600,600,false],"woocommerce_gallery_thumbnail":["https:\/\/legitgrams.com\/wp-content\/uploads\/2024\/09\/Buy-K2-paper-online-100x100.jpg",100,100,true]},"uagb_author_info":{"display_name":"cokeblog18","author_link":"https:\/\/legitgrams.com\/cs\/author\/"},"uagb_comment_info":0,"uagb_excerpt":"Purchase K2 paper online. Get cheap K2 paper sheets delivered straight to your home. Buy K2 paper online. Cannabis users are increasingly turning to synthetic marijuana. A blend of artificial chemicals and finely chopped plant material with psychedelic effects is known as K2-infused paper. Research indicates that the chemicals bind to the same receptors on&hellip;","_links":{"self":[{"href":"https:\/\/legitgrams.com\/cs\/wp-json\/wp\/v2\/product\/4004","targetHints":{"allow":["GET"]}}],"collection":[{"href":"https:\/\/legitgrams.com\/cs\/wp-json\/wp\/v2\/product"}],"about":[{"href":"https:\/\/legitgrams.com\/cs\/wp-json\/wp\/v2\/types\/product"}],"replies":[{"embeddable":true,"href":"https:\/\/legitgrams.com\/cs\/wp-json\/wp\/v2\/comments?post=4004"}],"wp:featuredmedia":[{"embeddable":true,"href":"https:\/\/legitgrams.com\/cs\/wp-json\/wp\/v2\/media\/5342"}],"wp:attachment":[{"href":"https:\/\/legitgrams.com\/cs\/wp-json\/wp\/v2\/media?parent=4004"}],"wp:term":[{"taxonomy":"product_brand","embeddable":true,"href":"https:\/\/legitgrams.com\/cs\/wp-json\/wp\/v2\/product_brand?post=4004"},{"taxonomy":"product_cat","embeddable":true,"href":"https:\/\/legitgrams.com\/cs\/wp-json\/wp\/v2\/product_cat?post=4004"},{"taxonomy":"product_tag","embeddable":true,"href":"https:\/\/legitgrams.com\/cs\/wp-json\/wp\/v2\/product_tag?post=4004"}],"curies":[{"name":"wp","href":"https:\/\/api.w.org\/{rel}","templated":true}]}}