{"id":4005,"date":"2024-09-21T07:58:51","date_gmt":"2024-09-21T07:58:51","guid":{"rendered":"https:\/\/legitgrams.com\/?post_type=product&#038;p=4005"},"modified":"2025-04-04T07:07:15","modified_gmt":"2025-04-04T07:07:15","slug":"hi-tech-sirup-proti-kasli","status":"publish","type":"product","link":"https:\/\/legitgrams.com\/cs\/produkt\/hi-tech-sirup-proti-kasli\/","title":{"rendered":"Koupit Hi-Tech sirup proti ka\u0161li online"},"content":{"rendered":"<h2>N\u00e1kup Hi-Tech sirupu proti ka\u0161li online<\/h2>\n<p>Z\u00edskat <a href=\"https:\/\/legitgrams.com\/cs\/produkt\/hi-tech-sirup-proti-kasli\/\">high-tech sirup proti ka\u0161li<\/a> online za velmi dostupnou cenu. tak\u00e9 nakupovat kokain za \u00fa\u010delem dal\u0161\u00edho prodeje. GHB je mezi mnoha drogami a stimulanty, kter\u00e9 prod\u00e1v\u00e1me.<\/p>\n<p>Do you like palatables but think they&#8217;re too slow to get going? Because of its flavor and strength, <a href=\"https:\/\/www.bing.com\/search?q=KoupitHi-Techsirupprotikalionline&amp;qs=n&amp;form=QBRE&amp;sp=-1&amp;ghc=1&amp;lq=0&amp;pq=koupithi-techsirupprotikalionline&amp;sc=12-39&amp;sk=&amp;cvid=BB59F9DD2A2A4BA086DF0015374C5588&amp;ghsh=0&amp;ghacc=0&amp;ghpl=\">THC sirup<\/a> by se mohl st\u00e1t va\u0161\u00edm nov\u00fdm obl\u00edben\u00fdm l\u00e9kem na l\u00e9\u010dbu bolesti.<\/p>\n<p>Pro jedince, kte\u0159\u00ed hledaj\u00ed terapeutick\u00e9 i rekrea\u010dn\u00ed vyu\u017eit\u00ed, je konopn\u00fd sirup skv\u011bl\u00fd. Je \u00fa\u010dinn\u00fd, v\u00fdkonn\u00fd a rozv\u00e1\u017en\u011b pou\u017e\u00edvan\u00fd; obvykle trv\u00e1 20 a\u017e 30 minut, ne\u017e za\u010dne pracovat. Jednodu\u0161e si mus\u00edte vz\u00edt svou porci a zahrnout ji do jak\u00e9hokoli j\u00eddla nebo n\u00e1poje. Na druhou stranu, skromn\u00e9 \u200b\u200bmno\u017estv\u00ed je snadn\u00e9 po\u017e\u00edt. Je to tak jednoduch\u00e9!<\/p>\n<h2><span style=\"font-size: 16px; font-style: normal; font-weight: 400;\">high-tech sirup proti ka\u0161li, pr\u00e9miov\u00fd sirup proti ka\u0161li, pr\u00e9miov\u00fd sirup proti ka\u0161li na prodej, pr\u00e9miov\u00fd sirup proti ka\u0161li online a pr\u00e9miov\u00fd sirup proti ka\u0161li za n\u00edzk\u00e9 ceny. <a href=\"https:\/\/www.google.com\/search?q=Koupit+Hi-Tech+sirup+proti+kali+online&amp;sca_esv=eddefdb7b92e7545&amp;sxsrf=AHTn8zruZVh-q-k6M8t2J6aFTLqbguZbEQ1743751511937&amp;ei=V4nvZ9P0OL-M0PEP46T-qAY&amp;ved=0ahUKEwiT_MfL7L2MAxU_BjQIHWOSH2UQ4dUDCBA&amp;uact=5&amp;oq=Koupit+Hi-Tech+sirup+proti+kali+online&amp;gs_lp=Egxnd3Mtd2l6LXNlcnAiKEtvdXBpdCBIaS1UZWNoIHNpcnVwIHByb3RpIGthxaFsaSBvbmxpbmUyBRAhGKABMgUQIRigATIFECEYoAEyBRAhGKABMgUQIRirAjIFECEYqwJIwARQAFgAcAB4AZABAJgBrwSgAa8EqgEDNS0xuAEDyAEA-AEC-AEBmAIBoAK6BJgDAJIHAzQtMaAHzQWyBwM0LTG4B7oE&amp;sclient=gws-wiz-serp\">THC sirup<\/a> je doporu\u010den\u00fd zp\u016fsob, jak vyu\u017e\u00edt v\u0161ech v\u00fdhod t\u00e9to skute\u010dn\u011b pozoruhodn\u00e9 rostliny pro lidi, kte\u0159\u00ed nesnesou my\u0161lenku kou\u0159en\u00ed marihuany, nebo kte\u0159\u00ed jsou p\u0159\u00edli\u0161 nemocn\u00ed na to, aby tuto my\u0161lenku v\u016fbec zv\u00e1\u017eili. Dostupnost CBD sirupu by uv\u00edtali klienti podstupuj\u00edc\u00ed opatrnou terapii. To je v\u0161ak t\u00e9ma na jinou esej! <a href=\"https:\/\/legitgrams.com\/cs\/\">LegitGrams<\/a><br \/>\n<\/span><\/h2>\n<h3>Komplexn\u00ed pokyny pro v\u00fdrobu THC sirupu<\/h3>\n<p>Pokud hled\u00e1te jednoduch\u00fd recept na THC sirup, u\u017e nehledejte. S pouh\u00fdmi n\u011bkolika sou\u010d\u00e1stmi a mal\u00fdm vybaven\u00edm je ur\u010dit\u011b mo\u017en\u00e9 vyrobit nal\u00e9vac\u00ed materi\u00e1l <a href=\"https:\/\/duckduckgo.com\/?q=Koupit+Hi-Tech+sirup+proti+kali+online&amp;t=h_&amp;ia=web\">THC sirup<\/a> doma. THC m\u016f\u017ee b\u00fdt nejjednodu\u0161\u0161\u00ed l\u00e1tkou, kterou si m\u016f\u017eete sami vyrobit, proto\u017ee je nepravd\u011bpodobn\u00e9, \u017ee by bylo extrahov\u00e1no z rostlinn\u00e9ho materi\u00e1lu n\u011bjak\u00fdmi potenci\u00e1ln\u011b \u0161kodliv\u00fdmi syntetick\u00fdmi l\u00e1tkami.<\/p>\n<p>Co budete pot\u0159ebovat k v\u00fdrob\u011b vlastn\u00edho THC sm\u011bsn\u00e9ho sirupu, je...<\/p>\n<p>Aqua. Cca 200 ml sirupu sta\u010d\u00ed. Obvykle m\u016f\u017eete ud\u011blat v\u00edce pozd\u011bji, proto\u017ee vzorec je tak snadno sledovateln\u00fd.<\/p>\n<p>P\u011bkn\u00fd. Jak dlouho m\u016f\u017eete sv\u016fj konopn\u00fd sirup uchov\u00e1vat v lednici, z\u00e1vis\u00ed na tom, kolik cukru pou\u017eijete. V\u00fdsledn\u00fd sirup m\u016f\u017eete uchovat p\u0159ibli\u017en\u011b t\u0159i m\u011bs\u00edce, pokud pou\u017eijete dva d\u00edly cukru na jeden d\u00edl vody. I kdy\u017e nevydr\u017e\u00ed tak dlouho, lze vyrobit i sirup 1:1.<\/p>\n<p>M\u011bl by existovat n\u011bjak\u00fd druh surov\u00e9ho dekarboxylovan\u00e9ho THC produktu (kv\u011bt, trim, prot\u0159ep\u00e1v\u00e1n\u00ed, hash, olej, zlom, vosk), ale lze pou\u017e\u00edt cokoliv.<\/p>\n<h3>D\u00c1VKOV\u00c1N\u00cd THC SIRUPU<\/h3>\n<p>Ka\u017ed\u00fd \u010dlov\u011bk m\u00e1 velmi odli\u0161n\u00e9 mno\u017estv\u00ed THC sirupu. Je d\u016fle\u017eit\u00e9 db\u00e1t opatrnosti a vyv\u00e1\u017eit s\u00edlu jak\u00e9hokoli produktu obsahuj\u00edc\u00edho THC a jeho \u00fa\u010dinnost. High-tech sirup proti ka\u0161li na prodej, high-tech konopn\u00fd sirup, levn\u00fd high-tech sirup proti ka\u0161li a high-tech sirup proti ka\u0161li online<\/p>\n<p>Dom\u00e1c\u00ed m\u00edchan\u00e9 sirupy THC maj\u00ed tu nev\u00fdhodu, \u017ee je \u010dasto t\u011b\u017ek\u00e9 \u0159\u00edct, jak jsou koncentrovan\u00e9. Pokud v\u00e1s to znepokojuje nebo si jen nechcete proch\u00e1zet na\u0161e nejlep\u0161\u00ed mo\u017enosti z n\u00ed\u017ee uveden\u00e9ho trhu, abyste se vyhnuli (mal\u00e9mu) \u00fasil\u00ed nab\u00edzet vlastn\u00ed.<\/p>\n<p>Koupit <a href=\"https:\/\/en.wikipedia.org\/wiki\/High_tech\">Hi-Tech<\/a> Sirup proti ka\u0161li online: Koupit sirup proti ka\u0161li, koupit Hi-Tech ka\u0161el, online koupit sirup proti ka\u0161li, Jak koupit Hi-Tech sirup proti ka\u0161li, Kde ho koupit, Jak ho koupit online, Jak ho koupit v USA, Kanad\u011b a Spojen\u00e9 kr\u00e1lovstv\u00ed, Jak to koupit online, Kde to koupit, Dodavatel\u00e9, Bezpe\u010dn\u00e9 doru\u010den\u00ed, Hi-Tech sirup proti ka\u0161li je st\u00e1le k dispozici. Povoluj\u00ed Spojen\u00e9 st\u00e1ty n\u00e1kup Hi-Tech sirupu proti ka\u0161li? Jak\u00fd je proces objedn\u00e1n\u00ed Hi-Tech sirupu proti ka\u0161li? Je to v Kanad\u011b leg\u00e1ln\u00ed?<\/p>","protected":false},"excerpt":{"rendered":"<p>Purchase of Hi-Tech cough syrup Online Get high-tech cough syrup online for a very affordable price. also purchase cocaine to resell. GHB is among the many drugs and stimulants that we sell. Do you like palatables but think they&#8217;re too slow to get going? Because of its flavor and strength, THC syrup might become your &hellip;<\/p>\n<p class=\"read-more\"> <a class=\"\" href=\"https:\/\/legitgrams.com\/cs\/produkt\/hi-tech-sirup-proti-kasli\/\"> <span class=\"screen-reader-text\">Koupit Hi-Tech sirup proti ka\u0161li online<\/span> \u010c\u00edst d\u00e1l \"<\/a><\/p>","protected":false},"featured_media":5344,"comment_status":"open","ping_status":"closed","template":"","meta":{"_uag_custom_page_level_css":"","site-sidebar-layout":"default","site-content-layout":"default","ast-global-header-display":"","ast-main-header-display":"","ast-hfb-above-header-display":"","ast-hfb-below-header-display":"","ast-hfb-mobile-header-display":"","site-post-title":"","ast-breadcrumbs-content":"","ast-featured-img":"","footer-sml-layout":"","theme-transparent-header-meta":"default","adv-header-id-meta":"","stick-header-meta":"default","header-above-stick-meta":"","header-main-stick-meta":"","header-below-stick-meta":"","_joinchat":[]},"product_brand":[],"product_cat":[603],"product_tag":[2969,2959,617,2951,2966,2950,2953,2954,2961,2952,2962,2964,2971,2972,2970,2967,2963,2958,2956,2968,2965,625,2957,2960,2955],"class_list":{"0":"post-4005","1":"product","2":"type-product","3":"status-publish","4":"has-post-thumbnail","6":"product_cat-cough-syrup","7":"product_tag-best-cheap-price-hi-tech-cough-syrup","8":"product_tag-best-place-to-buy-hi-tech-cough-syrup","9":"product_tag-bulk-online","10":"product_tag-buy-hi-tech-cough-syrup","11":"product_tag-cheap-hi-tech-cough-syrup","12":"product_tag-hi-tech-cough-syrup","13":"product_tag-hi-tech-cough-syrup-for-sale","14":"product_tag-hi-tech-cough-syrup-hi-tech-cough-syrup-supplier","15":"product_tag-hi-tech-cough-syrup-legally","16":"product_tag-hi-tech-cough-syrup-online","17":"product_tag-hi-tech-cough-syrup-price","18":"product_tag-hi-tech-cough-syrup-store","19":"product_tag-hi-tech-cough-syrup-use","20":"product_tag-hi-tech-cough-syrup-wiki","21":"product_tag-hi-tech-cough-syrup-worldwide","22":"product_tag-hi-tech-cough-syrups","23":"product_tag-high-quality-hi-tech-cough-syrup","24":"product_tag-how-to-buy-hi-tech-cough-syrup","25":"product_tag-order-hi-tech-cough-syrup","26":"product_tag-purcharse-hi-tech-cough-syrup","27":"product_tag-shop-hi-tech-cough-syrup","28":"product_tag-top-quality","29":"product_tag-where-to-buy-hi-tech-cough-syrup","30":"product_tag-where-to-order-hi-tech-cough-syrup","31":"product_tag-wholesale-hi-tech-cough-syrup","32":"desktop-align-left","33":"tablet-align-left","34":"mobile-align-left","35":"ast-product-gallery-layout-horizontal","36":"ast-product-gallery-with-no-image","37":"ast-product-single-variable","38":"ast-product-tabs-layout-horizontal","39":"ast-qv-on-image","41":"first","42":"instock","43":"shipping-taxable","44":"purchasable","45":"product-type-variable"},"yoast_head":"<!-- This site is optimized with the Yoast SEO plugin v25.9 - https:\/\/yoast.com\/wordpress\/plugins\/seo\/ -->\n<title>Hi-Tech Cough Syrup for Sale - Buy Hi-Tech Cough Syrup Online<\/title>\n<meta name=\"description\" content=\"Buy Hi-Tech Cough Syruponline from our trusted online store for top-quality products. Get Hi-Tech Cough Syrup for sale easily and securely on our platform for ultimate customer satisfaction. Order Now!\" \/>\n<meta name=\"robots\" content=\"index, follow, max-snippet:-1, max-image-preview:large, max-video-preview:-1\" \/>\n<link rel=\"canonical\" href=\"https:\/\/legitgrams.com\/cs\/produkt\/hi-tech-sirup-proti-kasli\/\" \/>\n<meta property=\"og:locale\" content=\"cs_CZ\" \/>\n<meta property=\"og:type\" content=\"article\" \/>\n<meta property=\"og:title\" content=\"Hi-Tech Cough Syrup for Sale - Buy Hi-Tech Cough Syrup Online\" \/>\n<meta property=\"og:description\" content=\"Buy Hi-Tech Cough Syruponline from our trusted online store for top-quality products. Get Hi-Tech Cough Syrup for sale easily and securely on our platform for ultimate customer satisfaction. Order Now!\" \/>\n<meta property=\"og:url\" content=\"https:\/\/legitgrams.com\/cs\/produkt\/hi-tech-sirup-proti-kasli\/\" \/>\n<meta property=\"og:site_name\" content=\"Legit Grams\" \/>\n<meta property=\"article:modified_time\" content=\"2025-04-04T07:07:15+00:00\" \/>\n<meta property=\"og:image\" content=\"https:\/\/legitgrams.com\/wp-content\/uploads\/2024\/09\/buy-hi-tech-cough-syrup-online.jpg\" \/>\n\t<meta property=\"og:image:width\" content=\"600\" \/>\n\t<meta property=\"og:image:height\" content=\"600\" \/>\n\t<meta property=\"og:image:type\" content=\"image\/jpeg\" \/>\n<meta name=\"twitter:card\" content=\"summary_large_image\" \/>\n<meta name=\"twitter:label1\" content=\"Odhadovan\u00e1 doba \u010dten\u00ed\" \/>\n\t<meta name=\"twitter:data1\" content=\"3 minuty\" \/>\n<script type=\"application\/ld+json\" class=\"yoast-schema-graph\">{\"@context\":\"https:\/\/schema.org\",\"@graph\":[{\"@type\":\"WebPage\",\"@id\":\"https:\/\/legitgrams.com\/product\/hi-tech-cough-syrup\/\",\"url\":\"https:\/\/legitgrams.com\/product\/hi-tech-cough-syrup\/\",\"name\":\"Hi-Tech Cough Syrup for Sale - Buy Hi-Tech Cough Syrup Online\",\"isPartOf\":{\"@id\":\"https:\/\/legitgrams.com\/#website\"},\"primaryImageOfPage\":{\"@id\":\"https:\/\/legitgrams.com\/product\/hi-tech-cough-syrup\/#primaryimage\"},\"image\":{\"@id\":\"https:\/\/legitgrams.com\/product\/hi-tech-cough-syrup\/#primaryimage\"},\"thumbnailUrl\":\"https:\/\/legitgrams.com\/wp-content\/uploads\/2024\/09\/buy-hi-tech-cough-syrup-online.jpg\",\"datePublished\":\"2024-09-21T07:58:51+00:00\",\"dateModified\":\"2025-04-04T07:07:15+00:00\",\"description\":\"Buy Hi-Tech Cough Syruponline from our trusted online store for top-quality products. Get Hi-Tech Cough Syrup for sale easily and securely on our platform for ultimate customer satisfaction. Order Now!\",\"breadcrumb\":{\"@id\":\"https:\/\/legitgrams.com\/product\/hi-tech-cough-syrup\/#breadcrumb\"},\"inLanguage\":\"cs\",\"potentialAction\":[{\"@type\":\"ReadAction\",\"target\":[\"https:\/\/legitgrams.com\/product\/hi-tech-cough-syrup\/\"]}]},{\"@type\":\"ImageObject\",\"inLanguage\":\"cs\",\"@id\":\"https:\/\/legitgrams.com\/product\/hi-tech-cough-syrup\/#primaryimage\",\"url\":\"https:\/\/legitgrams.com\/wp-content\/uploads\/2024\/09\/buy-hi-tech-cough-syrup-online.jpg\",\"contentUrl\":\"https:\/\/legitgrams.com\/wp-content\/uploads\/2024\/09\/buy-hi-tech-cough-syrup-online.jpg\",\"width\":600,\"height\":600,\"caption\":\"Hi-Tech Cough Syrup for Sale\"},{\"@type\":\"BreadcrumbList\",\"@id\":\"https:\/\/legitgrams.com\/product\/hi-tech-cough-syrup\/#breadcrumb\",\"itemListElement\":[{\"@type\":\"ListItem\",\"position\":1,\"name\":\"Home\",\"item\":\"https:\/\/legitgrams.com\/\"},{\"@type\":\"ListItem\",\"position\":2,\"name\":\"Shop\",\"item\":\"https:\/\/legitgrams.com\/shop\/\"},{\"@type\":\"ListItem\",\"position\":3,\"name\":\"Buy Hi-Tech cough syrup Online\"}]},{\"@type\":\"WebSite\",\"@id\":\"https:\/\/legitgrams.com\/#website\",\"url\":\"https:\/\/legitgrams.com\/\",\"name\":\"Legit Grams\",\"description\":\"My WordPress Blog\",\"publisher\":{\"@id\":\"https:\/\/legitgrams.com\/#organization\"},\"potentialAction\":[{\"@type\":\"SearchAction\",\"target\":{\"@type\":\"EntryPoint\",\"urlTemplate\":\"https:\/\/legitgrams.com\/?s={search_term_string}\"},\"query-input\":{\"@type\":\"PropertyValueSpecification\",\"valueRequired\":true,\"valueName\":\"search_term_string\"}}],\"inLanguage\":\"cs\"},{\"@type\":\"Organization\",\"@id\":\"https:\/\/legitgrams.com\/#organization\",\"name\":\"Legit Grams\",\"url\":\"https:\/\/legitgrams.com\/\",\"logo\":{\"@type\":\"ImageObject\",\"inLanguage\":\"cs\",\"@id\":\"https:\/\/legitgrams.com\/#\/schema\/logo\/image\/\",\"url\":\"https:\/\/legitgrams.com\/wp-content\/uploads\/2024\/09\/main-logo.png\",\"contentUrl\":\"https:\/\/legitgrams.com\/wp-content\/uploads\/2024\/09\/main-logo.png\",\"width\":270,\"height\":75,\"caption\":\"Legit Grams\"},\"image\":{\"@id\":\"https:\/\/legitgrams.com\/#\/schema\/logo\/image\/\"}}]}<\/script>\n<!-- \/ Yoast SEO plugin. -->","yoast_head_json":{"title":"Hi-Tech sirup proti ka\u0161li na prodej \u2013 kupte si Hi-Tech sirup proti ka\u0161li online","description":"Kupte si Hi-Tech Sirup proti ka\u0161li online v na\u0161em d\u016fv\u011bryhodn\u00e9m internetov\u00e9m obchod\u011b s produkty nejvy\u0161\u0161\u00ed kvality. Z\u00edskejte Hi-Tech sirup proti ka\u0161li na prodej snadno a bezpe\u010dn\u011b na na\u0161\u00ed platform\u011b pro maxim\u00e1ln\u00ed spokojenost z\u00e1kazn\u00edk\u016f. Objedn\u00e1vejte nyn\u00ed!","robots":{"index":"index","follow":"follow","max-snippet":"max-snippet:-1","max-image-preview":"max-image-preview:large","max-video-preview":"max-video-preview:-1"},"canonical":"https:\/\/legitgrams.com\/cs\/produkt\/hi-tech-sirup-proti-kasli\/","og_locale":"cs_CZ","og_type":"article","og_title":"Hi-Tech Cough Syrup for Sale - Buy Hi-Tech Cough Syrup Online","og_description":"Buy Hi-Tech Cough Syruponline from our trusted online store for top-quality products. Get Hi-Tech Cough Syrup for sale easily and securely on our platform for ultimate customer satisfaction. Order Now!","og_url":"https:\/\/legitgrams.com\/cs\/produkt\/hi-tech-sirup-proti-kasli\/","og_site_name":"Legit Grams","article_modified_time":"2025-04-04T07:07:15+00:00","og_image":[{"width":600,"height":600,"url":"https:\/\/legitgrams.com\/wp-content\/uploads\/2024\/09\/buy-hi-tech-cough-syrup-online.jpg","type":"image\/jpeg"}],"twitter_card":"summary_large_image","twitter_misc":{"Odhadovan\u00e1 doba \u010dten\u00ed":"3 minuty"},"schema":{"@context":"https:\/\/schema.org","@graph":[{"@type":"WebPage","@id":"https:\/\/legitgrams.com\/product\/hi-tech-cough-syrup\/","url":"https:\/\/legitgrams.com\/product\/hi-tech-cough-syrup\/","name":"Hi-Tech sirup proti ka\u0161li na prodej \u2013 kupte si Hi-Tech sirup proti ka\u0161li online","isPartOf":{"@id":"https:\/\/legitgrams.com\/#website"},"primaryImageOfPage":{"@id":"https:\/\/legitgrams.com\/product\/hi-tech-cough-syrup\/#primaryimage"},"image":{"@id":"https:\/\/legitgrams.com\/product\/hi-tech-cough-syrup\/#primaryimage"},"thumbnailUrl":"https:\/\/legitgrams.com\/wp-content\/uploads\/2024\/09\/buy-hi-tech-cough-syrup-online.jpg","datePublished":"2024-09-21T07:58:51+00:00","dateModified":"2025-04-04T07:07:15+00:00","description":"Kupte si Hi-Tech Sirup proti ka\u0161li online v na\u0161em d\u016fv\u011bryhodn\u00e9m internetov\u00e9m obchod\u011b s produkty nejvy\u0161\u0161\u00ed kvality. Z\u00edskejte Hi-Tech sirup proti ka\u0161li na prodej snadno a bezpe\u010dn\u011b na na\u0161\u00ed platform\u011b pro maxim\u00e1ln\u00ed spokojenost z\u00e1kazn\u00edk\u016f. Objedn\u00e1vejte nyn\u00ed!","breadcrumb":{"@id":"https:\/\/legitgrams.com\/product\/hi-tech-cough-syrup\/#breadcrumb"},"inLanguage":"cs","potentialAction":[{"@type":"ReadAction","target":["https:\/\/legitgrams.com\/product\/hi-tech-cough-syrup\/"]}]},{"@type":"ImageObject","inLanguage":"cs","@id":"https:\/\/legitgrams.com\/product\/hi-tech-cough-syrup\/#primaryimage","url":"https:\/\/legitgrams.com\/wp-content\/uploads\/2024\/09\/buy-hi-tech-cough-syrup-online.jpg","contentUrl":"https:\/\/legitgrams.com\/wp-content\/uploads\/2024\/09\/buy-hi-tech-cough-syrup-online.jpg","width":600,"height":600,"caption":"Hi-Tech Cough Syrup for Sale"},{"@type":"BreadcrumbList","@id":"https:\/\/legitgrams.com\/product\/hi-tech-cough-syrup\/#breadcrumb","itemListElement":[{"@type":"ListItem","position":1,"name":"Home","item":"https:\/\/legitgrams.com\/"},{"@type":"ListItem","position":2,"name":"Shop","item":"https:\/\/legitgrams.com\/shop\/"},{"@type":"ListItem","position":3,"name":"Buy Hi-Tech cough syrup Online"}]},{"@type":"WebSite","@id":"https:\/\/legitgrams.com\/#website","url":"https:\/\/legitgrams.com\/","name":"Leg\u00e1ln\u00ed gramy","description":"M\u016fj blog WordPress","publisher":{"@id":"https:\/\/legitgrams.com\/#organization"},"potentialAction":[{"@type":"SearchAction","target":{"@type":"EntryPoint","urlTemplate":"https:\/\/legitgrams.com\/?s={search_term_string}"},"query-input":{"@type":"PropertyValueSpecification","valueRequired":true,"valueName":"search_term_string"}}],"inLanguage":"cs"},{"@type":"Organization","@id":"https:\/\/legitgrams.com\/#organization","name":"Leg\u00e1ln\u00ed gramy","url":"https:\/\/legitgrams.com\/","logo":{"@type":"ImageObject","inLanguage":"cs","@id":"https:\/\/legitgrams.com\/#\/schema\/logo\/image\/","url":"https:\/\/legitgrams.com\/wp-content\/uploads\/2024\/09\/main-logo.png","contentUrl":"https:\/\/legitgrams.com\/wp-content\/uploads\/2024\/09\/main-logo.png","width":270,"height":75,"caption":"Legit Grams"},"image":{"@id":"https:\/\/legitgrams.com\/#\/schema\/logo\/image\/"}}]}},"uagb_featured_image_src":{"full":["https:\/\/legitgrams.com\/wp-content\/uploads\/2024\/09\/buy-hi-tech-cough-syrup-online.jpg",600,600,false],"thumbnail":["https:\/\/legitgrams.com\/wp-content\/uploads\/2024\/09\/buy-hi-tech-cough-syrup-online-150x150.jpg",150,150,true],"medium":["https:\/\/legitgrams.com\/wp-content\/uploads\/2024\/09\/buy-hi-tech-cough-syrup-online-300x300.jpg",300,300,true],"medium_large":["https:\/\/legitgrams.com\/wp-content\/uploads\/2024\/09\/buy-hi-tech-cough-syrup-online.jpg",600,600,false],"large":["https:\/\/legitgrams.com\/wp-content\/uploads\/2024\/09\/buy-hi-tech-cough-syrup-online.jpg",600,600,false],"1536x1536":["https:\/\/legitgrams.com\/wp-content\/uploads\/2024\/09\/buy-hi-tech-cough-syrup-online.jpg",600,600,false],"2048x2048":["https:\/\/legitgrams.com\/wp-content\/uploads\/2024\/09\/buy-hi-tech-cough-syrup-online.jpg",600,600,false],"trp-custom-language-flag":["https:\/\/legitgrams.com\/wp-content\/uploads\/2024\/09\/buy-hi-tech-cough-syrup-online-12x12.jpg",12,12,true],"woocommerce_thumbnail":["https:\/\/legitgrams.com\/wp-content\/uploads\/2024\/09\/buy-hi-tech-cough-syrup-online-300x300.jpg",300,300,true],"woocommerce_single":["https:\/\/legitgrams.com\/wp-content\/uploads\/2024\/09\/buy-hi-tech-cough-syrup-online.jpg",600,600,false],"woocommerce_gallery_thumbnail":["https:\/\/legitgrams.com\/wp-content\/uploads\/2024\/09\/buy-hi-tech-cough-syrup-online-100x100.jpg",100,100,true]},"uagb_author_info":{"display_name":"cokeblog18","author_link":"https:\/\/legitgrams.com\/cs\/author\/"},"uagb_comment_info":0,"uagb_excerpt":"Purchase of Hi-Tech cough syrup Online Get high-tech cough syrup online for a very affordable price. also purchase cocaine to resell. GHB is among the many drugs and stimulants that we sell. Do you like palatables but think they&#8217;re too slow to get going? Because of its flavor and strength, THC syrup might become your&hellip;","_links":{"self":[{"href":"https:\/\/legitgrams.com\/cs\/wp-json\/wp\/v2\/product\/4005","targetHints":{"allow":["GET"]}}],"collection":[{"href":"https:\/\/legitgrams.com\/cs\/wp-json\/wp\/v2\/product"}],"about":[{"href":"https:\/\/legitgrams.com\/cs\/wp-json\/wp\/v2\/types\/product"}],"replies":[{"embeddable":true,"href":"https:\/\/legitgrams.com\/cs\/wp-json\/wp\/v2\/comments?post=4005"}],"wp:featuredmedia":[{"embeddable":true,"href":"https:\/\/legitgrams.com\/cs\/wp-json\/wp\/v2\/media\/5344"}],"wp:attachment":[{"href":"https:\/\/legitgrams.com\/cs\/wp-json\/wp\/v2\/media?parent=4005"}],"wp:term":[{"taxonomy":"product_brand","embeddable":true,"href":"https:\/\/legitgrams.com\/cs\/wp-json\/wp\/v2\/product_brand?post=4005"},{"taxonomy":"product_cat","embeddable":true,"href":"https:\/\/legitgrams.com\/cs\/wp-json\/wp\/v2\/product_cat?post=4005"},{"taxonomy":"product_tag","embeddable":true,"href":"https:\/\/legitgrams.com\/cs\/wp-json\/wp\/v2\/product_tag?post=4005"}],"curies":[{"name":"wp","href":"https:\/\/api.w.org\/{rel}","templated":true}]}}