{"id":4006,"date":"2024-09-21T08:07:07","date_gmt":"2024-09-21T08:07:07","guid":{"rendered":"https:\/\/legitgrams.com\/?post_type=product&#038;p=4006"},"modified":"2025-04-04T07:02:30","modified_gmt":"2025-04-04T07:02:30","slug":"sirup-proti-kasli-ketof","status":"publish","type":"product","link":"https:\/\/legitgrams.com\/cs\/produkt\/sirup-proti-kasli-ketof\/","title":{"rendered":"Koupit Ketof sirup proti ka\u0161li online"},"content":{"rendered":"<h2>N\u00e1kup sirupu proti ka\u0161li Ketof online<\/h2>\n<p>Koupit <a href=\"https:\/\/legitgrams.com\/cs\/produkt\/sirup-proti-kasli-ketof\/\">Sirup proti ka\u0161li Ketof<\/a>. Another option is to <a href=\"https:\/\/www.bing.com\/search?q=KoupitKetofsirupprotikalionline&amp;qs=n&amp;form=QBRE&amp;sp=-1&amp;lq=0&amp;pq=comprexaropeparatosseketofonline&amp;sc=1-37&amp;sk=&amp;cvid=60B16D1882E444ECA1C8E8089A2D5EB5&amp;ghsh=0&amp;ghacc=0&amp;ghpl=\">buy heroin online<\/a> za n\u00edzkou cenu. Mezi mnoha l\u00e1tkami, kter\u00e9 zde prod\u00e1v\u00e1me, pat\u0159\u00ed kokain, pervitin a mnoho dal\u0161\u00edch.<\/p>\n<h3>Jak m\u00e1m postupovat p\u0159i n\u00e1kupu keto sirupu online?<\/h3>\n<p>Hled\u00e1te online prodejce keto sirupu? Chemicals Lab v\u00e1m usnad\u0148uje a pohodln\u011b nakupuje sirup Ketof online. Usilovn\u011b pracujeme na tom, abychom zajistili, \u017ee p\u0159i n\u00e1kupu Ketof sirupu online v na\u0161\u00ed l\u00e9k\u00e1rn\u011b v\u017edy u\u0161et\u0159\u00edte. V Chemistry Lab je na\u0161\u00edm c\u00edlem poskytnout na\u0161im z\u00e1kazn\u00edk\u016fm v\u00edce za m\u00e9n\u011b pen\u011bz. <a href=\"https:\/\/legitgrams.com\/cs\/\">LegitGrams<\/a><\/p>\n<p><a href=\"https:\/\/www.google.com\/search?q=Buy+Ketof+Cough+syrup+Online&amp;num=10&amp;sca_esv=1a2a07081c7891bb&amp;rlz=1C1RXQR_enIN1098IN1098&amp;sxsrf=AHTn8zpOeIJ5pM0ZrO28bhjhMHEGTBMQUQ%3A1741322986952&amp;ei=6nrKZ-LgOZ2sseMPlsyj-AY&amp;ved=0ahUKEwji_c3QlfeLAxUdVmwGHRbmCG8Q4dUDCBA&amp;uact=5&amp;oq=Buy+Ketof+Cough+syrup+Online&amp;gs_lp=Egxnd3Mtd2l6LXNlcnAiHEJ1eSBLZXRvZiBDb3VnaCBzeXJ1cCBPbmxpbmUyBxAhGKABGAoyBxAhGKABGAoyBxAhGKABGApI2gZQmwNYmwNwAngAkAEAmAHDAaABwwGqAQMwLjG4AQPIAQD4AQL4AQGYAgGgAs8BmAMAiAYBkgcDMi0xoAeEBA&amp;sclient=gws-wiz-serp\">\u5728\u7ebf\u8d2d\u4e70 Ketof \u6b62\u54b3\u7cd6\u6d46<\/a>: Buy cough syrup, buy <a href=\"https:\/\/en.wikipedia.org\/wiki\/Ketotifen\">Ketof<\/a> ka\u0161el, koupit sirup proti ka\u0161li online, Kde mohu koupit sirup proti ka\u0161li vyroben\u00fd spole\u010dnost\u00ed Ketof? M\u016f\u017eeme koupit Ketof. Kupte si sirup proti ka\u0161li online, nechte si jej bezpe\u010dn\u011b doru\u010dit nebo si jej kupte od prodejc\u016f. V USA, Kanad\u011b a Velk\u00e9 Brit\u00e1nii jej m\u016f\u017eeme tak\u00e9 zakoupit. Ketof sirup proti ka\u0161li je st\u00e1le k dispozici. Povoluj\u00ed Spojen\u00e9 st\u00e1ty n\u00e1kup sirupu proti ka\u0161li Ketof? K \u010demu je proces <a href=\"https:\/\/duckduckgo.com\/?q=Buy+Ketof+Cough+syrup+Online&amp;t=h_&amp;ia=web\">objedn\u00e1n\u00ed sirupu proti ka\u0161li Ketof<\/a>? Is it legal to use Ketof cough syrup in Canada?<\/p>\n<h2><\/h2>\n<h2><\/h2>\n<h2><\/h2>\n<p>&nbsp;<\/p>\n<p>&nbsp;<\/p>","protected":false},"excerpt":{"rendered":"<p>Purchase of Ketof cough syrup Online Buy Ketof Cough Syrup. Another option is to buy heroin online at a low cost. Among the many substances we sell here are cocaine, crystal meth, and many more. How do I go about buying keto syrup online? Are you looking for an online seller of keto syrup? Chemicals &hellip;<\/p>\n<p class=\"read-more\"> <a class=\"\" href=\"https:\/\/legitgrams.com\/cs\/produkt\/sirup-proti-kasli-ketof\/\"> <span class=\"screen-reader-text\">Koupit Ketof sirup proti ka\u0161li online<\/span> \u010c\u00edst d\u00e1l \"<\/a><\/p>","protected":false},"featured_media":5345,"comment_status":"open","ping_status":"closed","template":"","meta":{"_uag_custom_page_level_css":"","site-sidebar-layout":"default","site-content-layout":"default","ast-global-header-display":"","ast-main-header-display":"","ast-hfb-above-header-display":"","ast-hfb-below-header-display":"","ast-hfb-mobile-header-display":"","site-post-title":"","ast-breadcrumbs-content":"","ast-featured-img":"","footer-sml-layout":"","theme-transparent-header-meta":"default","adv-header-id-meta":"","stick-header-meta":"default","header-above-stick-meta":"","header-main-stick-meta":"","header-below-stick-meta":"","_joinchat":[]},"product_brand":[],"product_cat":[603],"product_tag":[2946,2936,617,2928,2943,2940,2935,2927,2930,2931,2938,2929,2939,2941,2948,2949,2947,2944,2933,2945,2942,625,2934,2937,2932],"class_list":{"0":"post-4006","1":"product","2":"type-product","3":"status-publish","4":"has-post-thumbnail","6":"product_cat-cough-syrup","7":"product_tag-best-cheap-price-ketof-cough-syrup","8":"product_tag-best-place-to-buy-ketof-cough-syrup","9":"product_tag-bulk-online","10":"product_tag-buy-ketof-cough-syrup","11":"product_tag-cheap-ketof-cough-syrup","12":"product_tag-high-quality-ketof-cough-syrup","13":"product_tag-how-to-buy-ketof-cough-syrup","14":"product_tag-ketof-cough-syrup","15":"product_tag-ketof-cough-syrup-for-sale","16":"product_tag-ketof-cough-syrup-ketof-cough-syrup-supplier","17":"product_tag-ketof-cough-syrup-legally","18":"product_tag-ketof-cough-syrup-online","19":"product_tag-ketof-cough-syrup-price","20":"product_tag-ketof-cough-syrup-store","21":"product_tag-ketof-cough-syrup-use","22":"product_tag-ketof-cough-syrup-wiki","23":"product_tag-ketof-cough-syrup-worldwide","24":"product_tag-ketof-cough-syrups","25":"product_tag-order-ketof-cough-syrup","26":"product_tag-purcharse-ketof-cough-syrup","27":"product_tag-shop-ketof-cough-syrup","28":"product_tag-top-quality","29":"product_tag-where-to-buy-ketof-cough-syrup","30":"product_tag-where-to-order-ketof-cough-syrup","31":"product_tag-wholesale-ketof-cough-syrup","32":"desktop-align-left","33":"tablet-align-left","34":"mobile-align-left","35":"ast-product-gallery-layout-horizontal","36":"ast-product-gallery-with-no-image","37":"ast-product-single-variable","38":"ast-product-tabs-layout-horizontal","39":"ast-qv-on-image","41":"first","42":"instock","43":"shipping-taxable","44":"purchasable","45":"product-type-variable"},"yoast_head":"<!-- This site is optimized with the Yoast SEO plugin v25.9 - https:\/\/yoast.com\/wordpress\/plugins\/seo\/ -->\n<title>Ketof Cough Syrup for Sale - Buy Ketof Cough Syrup Online | LG<\/title>\n<meta name=\"description\" content=\"Explore our online store for Ketof Cough Syrup for sale, offering high-quality Ketof Cough Syrup. Buy Ketof Cough Syrup online securely and embark on your research journey with confidence.\" \/>\n<meta name=\"robots\" content=\"index, follow, max-snippet:-1, max-image-preview:large, max-video-preview:-1\" \/>\n<link rel=\"canonical\" href=\"https:\/\/legitgrams.com\/cs\/produkt\/sirup-proti-kasli-ketof\/\" \/>\n<meta property=\"og:locale\" content=\"cs_CZ\" \/>\n<meta property=\"og:type\" content=\"article\" \/>\n<meta property=\"og:title\" content=\"Ketof Cough Syrup for Sale - Buy Ketof Cough Syrup Online | LG\" \/>\n<meta property=\"og:description\" content=\"Explore our online store for Ketof Cough Syrup for sale, offering high-quality Ketof Cough Syrup. Buy Ketof Cough Syrup online securely and embark on your research journey with confidence.\" \/>\n<meta property=\"og:url\" content=\"https:\/\/legitgrams.com\/cs\/produkt\/sirup-proti-kasli-ketof\/\" \/>\n<meta property=\"og:site_name\" content=\"Legit Grams\" \/>\n<meta property=\"article:modified_time\" content=\"2025-04-04T07:02:30+00:00\" \/>\n<meta property=\"og:image\" content=\"https:\/\/legitgrams.com\/wp-content\/uploads\/2024\/09\/buy-ketof-cough-syrup-online.jpg\" \/>\n\t<meta property=\"og:image:width\" content=\"600\" \/>\n\t<meta property=\"og:image:height\" content=\"600\" \/>\n\t<meta property=\"og:image:type\" content=\"image\/jpeg\" \/>\n<meta name=\"twitter:card\" content=\"summary_large_image\" \/>\n<meta name=\"twitter:label1\" content=\"Odhadovan\u00e1 doba \u010dten\u00ed\" \/>\n\t<meta name=\"twitter:data1\" content=\"2 minuty\" \/>\n<script type=\"application\/ld+json\" class=\"yoast-schema-graph\">{\"@context\":\"https:\/\/schema.org\",\"@graph\":[{\"@type\":\"WebPage\",\"@id\":\"https:\/\/legitgrams.com\/product\/ketof-cough-syrup\/\",\"url\":\"https:\/\/legitgrams.com\/product\/ketof-cough-syrup\/\",\"name\":\"Ketof Cough Syrup for Sale - Buy Ketof Cough Syrup Online | LG\",\"isPartOf\":{\"@id\":\"https:\/\/legitgrams.com\/#website\"},\"primaryImageOfPage\":{\"@id\":\"https:\/\/legitgrams.com\/product\/ketof-cough-syrup\/#primaryimage\"},\"image\":{\"@id\":\"https:\/\/legitgrams.com\/product\/ketof-cough-syrup\/#primaryimage\"},\"thumbnailUrl\":\"https:\/\/legitgrams.com\/wp-content\/uploads\/2024\/09\/buy-ketof-cough-syrup-online.jpg\",\"datePublished\":\"2024-09-21T08:07:07+00:00\",\"dateModified\":\"2025-04-04T07:02:30+00:00\",\"description\":\"Explore our online store for Ketof Cough Syrup for sale, offering high-quality Ketof Cough Syrup. Buy Ketof Cough Syrup online securely and embark on your research journey with confidence.\",\"breadcrumb\":{\"@id\":\"https:\/\/legitgrams.com\/product\/ketof-cough-syrup\/#breadcrumb\"},\"inLanguage\":\"cs\",\"potentialAction\":[{\"@type\":\"ReadAction\",\"target\":[\"https:\/\/legitgrams.com\/product\/ketof-cough-syrup\/\"]}]},{\"@type\":\"ImageObject\",\"inLanguage\":\"cs\",\"@id\":\"https:\/\/legitgrams.com\/product\/ketof-cough-syrup\/#primaryimage\",\"url\":\"https:\/\/legitgrams.com\/wp-content\/uploads\/2024\/09\/buy-ketof-cough-syrup-online.jpg\",\"contentUrl\":\"https:\/\/legitgrams.com\/wp-content\/uploads\/2024\/09\/buy-ketof-cough-syrup-online.jpg\",\"width\":600,\"height\":600,\"caption\":\"Ketof Cough Syrup for Sale\"},{\"@type\":\"BreadcrumbList\",\"@id\":\"https:\/\/legitgrams.com\/product\/ketof-cough-syrup\/#breadcrumb\",\"itemListElement\":[{\"@type\":\"ListItem\",\"position\":1,\"name\":\"Home\",\"item\":\"https:\/\/legitgrams.com\/\"},{\"@type\":\"ListItem\",\"position\":2,\"name\":\"Shop\",\"item\":\"https:\/\/legitgrams.com\/shop\/\"},{\"@type\":\"ListItem\",\"position\":3,\"name\":\"Buy Ketof Cough syrup Online\"}]},{\"@type\":\"WebSite\",\"@id\":\"https:\/\/legitgrams.com\/#website\",\"url\":\"https:\/\/legitgrams.com\/\",\"name\":\"Legit Grams\",\"description\":\"My WordPress Blog\",\"publisher\":{\"@id\":\"https:\/\/legitgrams.com\/#organization\"},\"potentialAction\":[{\"@type\":\"SearchAction\",\"target\":{\"@type\":\"EntryPoint\",\"urlTemplate\":\"https:\/\/legitgrams.com\/?s={search_term_string}\"},\"query-input\":{\"@type\":\"PropertyValueSpecification\",\"valueRequired\":true,\"valueName\":\"search_term_string\"}}],\"inLanguage\":\"cs\"},{\"@type\":\"Organization\",\"@id\":\"https:\/\/legitgrams.com\/#organization\",\"name\":\"Legit Grams\",\"url\":\"https:\/\/legitgrams.com\/\",\"logo\":{\"@type\":\"ImageObject\",\"inLanguage\":\"cs\",\"@id\":\"https:\/\/legitgrams.com\/#\/schema\/logo\/image\/\",\"url\":\"https:\/\/legitgrams.com\/wp-content\/uploads\/2024\/09\/main-logo.png\",\"contentUrl\":\"https:\/\/legitgrams.com\/wp-content\/uploads\/2024\/09\/main-logo.png\",\"width\":270,\"height\":75,\"caption\":\"Legit Grams\"},\"image\":{\"@id\":\"https:\/\/legitgrams.com\/#\/schema\/logo\/image\/\"}}]}<\/script>\n<!-- \/ Yoast SEO plugin. -->","yoast_head_json":{"title":"Ketof Sirup proti ka\u0161li na prodej - Kupte si Ketof Sirup proti ka\u0161li online | LG","description":"Prozkoumejte n\u00e1\u0161 internetov\u00fd obchod, kter\u00fd nab\u00edz\u00ed vysoce kvalitn\u00ed sirup proti ka\u0161li Ketof. Kupte si Sirup proti ka\u0161li Ketof bezpe\u010dn\u011b online a vydejte se na cestu v\u00fdzkumu s d\u016fv\u011brou.","robots":{"index":"index","follow":"follow","max-snippet":"max-snippet:-1","max-image-preview":"max-image-preview:large","max-video-preview":"max-video-preview:-1"},"canonical":"https:\/\/legitgrams.com\/cs\/produkt\/sirup-proti-kasli-ketof\/","og_locale":"cs_CZ","og_type":"article","og_title":"Ketof Cough Syrup for Sale - Buy Ketof Cough Syrup Online | LG","og_description":"Explore our online store for Ketof Cough Syrup for sale, offering high-quality Ketof Cough Syrup. Buy Ketof Cough Syrup online securely and embark on your research journey with confidence.","og_url":"https:\/\/legitgrams.com\/cs\/produkt\/sirup-proti-kasli-ketof\/","og_site_name":"Legit Grams","article_modified_time":"2025-04-04T07:02:30+00:00","og_image":[{"width":600,"height":600,"url":"https:\/\/legitgrams.com\/wp-content\/uploads\/2024\/09\/buy-ketof-cough-syrup-online.jpg","type":"image\/jpeg"}],"twitter_card":"summary_large_image","twitter_misc":{"Odhadovan\u00e1 doba \u010dten\u00ed":"2 minuty"},"schema":{"@context":"https:\/\/schema.org","@graph":[{"@type":"WebPage","@id":"https:\/\/legitgrams.com\/product\/ketof-cough-syrup\/","url":"https:\/\/legitgrams.com\/product\/ketof-cough-syrup\/","name":"Ketof Sirup proti ka\u0161li na prodej - Kupte si Ketof Sirup proti ka\u0161li online | LG","isPartOf":{"@id":"https:\/\/legitgrams.com\/#website"},"primaryImageOfPage":{"@id":"https:\/\/legitgrams.com\/product\/ketof-cough-syrup\/#primaryimage"},"image":{"@id":"https:\/\/legitgrams.com\/product\/ketof-cough-syrup\/#primaryimage"},"thumbnailUrl":"https:\/\/legitgrams.com\/wp-content\/uploads\/2024\/09\/buy-ketof-cough-syrup-online.jpg","datePublished":"2024-09-21T08:07:07+00:00","dateModified":"2025-04-04T07:02:30+00:00","description":"Prozkoumejte n\u00e1\u0161 internetov\u00fd obchod, kter\u00fd nab\u00edz\u00ed vysoce kvalitn\u00ed sirup proti ka\u0161li Ketof. Kupte si Sirup proti ka\u0161li Ketof bezpe\u010dn\u011b online a vydejte se na cestu v\u00fdzkumu s d\u016fv\u011brou.","breadcrumb":{"@id":"https:\/\/legitgrams.com\/product\/ketof-cough-syrup\/#breadcrumb"},"inLanguage":"cs","potentialAction":[{"@type":"ReadAction","target":["https:\/\/legitgrams.com\/product\/ketof-cough-syrup\/"]}]},{"@type":"ImageObject","inLanguage":"cs","@id":"https:\/\/legitgrams.com\/product\/ketof-cough-syrup\/#primaryimage","url":"https:\/\/legitgrams.com\/wp-content\/uploads\/2024\/09\/buy-ketof-cough-syrup-online.jpg","contentUrl":"https:\/\/legitgrams.com\/wp-content\/uploads\/2024\/09\/buy-ketof-cough-syrup-online.jpg","width":600,"height":600,"caption":"Ketof Cough Syrup for Sale"},{"@type":"BreadcrumbList","@id":"https:\/\/legitgrams.com\/product\/ketof-cough-syrup\/#breadcrumb","itemListElement":[{"@type":"ListItem","position":1,"name":"Home","item":"https:\/\/legitgrams.com\/"},{"@type":"ListItem","position":2,"name":"Shop","item":"https:\/\/legitgrams.com\/shop\/"},{"@type":"ListItem","position":3,"name":"Buy Ketof Cough syrup Online"}]},{"@type":"WebSite","@id":"https:\/\/legitgrams.com\/#website","url":"https:\/\/legitgrams.com\/","name":"Leg\u00e1ln\u00ed gramy","description":"M\u016fj blog WordPress","publisher":{"@id":"https:\/\/legitgrams.com\/#organization"},"potentialAction":[{"@type":"SearchAction","target":{"@type":"EntryPoint","urlTemplate":"https:\/\/legitgrams.com\/?s={search_term_string}"},"query-input":{"@type":"PropertyValueSpecification","valueRequired":true,"valueName":"search_term_string"}}],"inLanguage":"cs"},{"@type":"Organization","@id":"https:\/\/legitgrams.com\/#organization","name":"Leg\u00e1ln\u00ed gramy","url":"https:\/\/legitgrams.com\/","logo":{"@type":"ImageObject","inLanguage":"cs","@id":"https:\/\/legitgrams.com\/#\/schema\/logo\/image\/","url":"https:\/\/legitgrams.com\/wp-content\/uploads\/2024\/09\/main-logo.png","contentUrl":"https:\/\/legitgrams.com\/wp-content\/uploads\/2024\/09\/main-logo.png","width":270,"height":75,"caption":"Legit Grams"},"image":{"@id":"https:\/\/legitgrams.com\/#\/schema\/logo\/image\/"}}]}},"uagb_featured_image_src":{"full":["https:\/\/legitgrams.com\/wp-content\/uploads\/2024\/09\/buy-ketof-cough-syrup-online.jpg",600,600,false],"thumbnail":["https:\/\/legitgrams.com\/wp-content\/uploads\/2024\/09\/buy-ketof-cough-syrup-online-150x150.jpg",150,150,true],"medium":["https:\/\/legitgrams.com\/wp-content\/uploads\/2024\/09\/buy-ketof-cough-syrup-online-300x300.jpg",300,300,true],"medium_large":["https:\/\/legitgrams.com\/wp-content\/uploads\/2024\/09\/buy-ketof-cough-syrup-online.jpg",600,600,false],"large":["https:\/\/legitgrams.com\/wp-content\/uploads\/2024\/09\/buy-ketof-cough-syrup-online.jpg",600,600,false],"1536x1536":["https:\/\/legitgrams.com\/wp-content\/uploads\/2024\/09\/buy-ketof-cough-syrup-online.jpg",600,600,false],"2048x2048":["https:\/\/legitgrams.com\/wp-content\/uploads\/2024\/09\/buy-ketof-cough-syrup-online.jpg",600,600,false],"trp-custom-language-flag":["https:\/\/legitgrams.com\/wp-content\/uploads\/2024\/09\/buy-ketof-cough-syrup-online-12x12.jpg",12,12,true],"woocommerce_thumbnail":["https:\/\/legitgrams.com\/wp-content\/uploads\/2024\/09\/buy-ketof-cough-syrup-online-300x300.jpg",300,300,true],"woocommerce_single":["https:\/\/legitgrams.com\/wp-content\/uploads\/2024\/09\/buy-ketof-cough-syrup-online.jpg",600,600,false],"woocommerce_gallery_thumbnail":["https:\/\/legitgrams.com\/wp-content\/uploads\/2024\/09\/buy-ketof-cough-syrup-online-100x100.jpg",100,100,true]},"uagb_author_info":{"display_name":"cokeblog18","author_link":"https:\/\/legitgrams.com\/cs\/author\/"},"uagb_comment_info":0,"uagb_excerpt":"Purchase of Ketof cough syrup Online Buy Ketof Cough Syrup. Another option is to buy heroin online at a low cost. Among the many substances we sell here are cocaine, crystal meth, and many more. How do I go about buying keto syrup online? Are you looking for an online seller of keto syrup? Chemicals&hellip;","_links":{"self":[{"href":"https:\/\/legitgrams.com\/cs\/wp-json\/wp\/v2\/product\/4006","targetHints":{"allow":["GET"]}}],"collection":[{"href":"https:\/\/legitgrams.com\/cs\/wp-json\/wp\/v2\/product"}],"about":[{"href":"https:\/\/legitgrams.com\/cs\/wp-json\/wp\/v2\/types\/product"}],"replies":[{"embeddable":true,"href":"https:\/\/legitgrams.com\/cs\/wp-json\/wp\/v2\/comments?post=4006"}],"wp:featuredmedia":[{"embeddable":true,"href":"https:\/\/legitgrams.com\/cs\/wp-json\/wp\/v2\/media\/5345"}],"wp:attachment":[{"href":"https:\/\/legitgrams.com\/cs\/wp-json\/wp\/v2\/media?parent=4006"}],"wp:term":[{"taxonomy":"product_brand","embeddable":true,"href":"https:\/\/legitgrams.com\/cs\/wp-json\/wp\/v2\/product_brand?post=4006"},{"taxonomy":"product_cat","embeddable":true,"href":"https:\/\/legitgrams.com\/cs\/wp-json\/wp\/v2\/product_cat?post=4006"},{"taxonomy":"product_tag","embeddable":true,"href":"https:\/\/legitgrams.com\/cs\/wp-json\/wp\/v2\/product_tag?post=4006"}],"curies":[{"name":"wp","href":"https:\/\/api.w.org\/{rel}","templated":true}]}}