{"id":4010,"date":"2024-09-21T08:20:56","date_gmt":"2024-09-21T08:20:56","guid":{"rendered":"https:\/\/legitgrams.com\/?post_type=product&#038;p=4010"},"modified":"2025-01-14T09:42:15","modified_gmt":"2025-01-14T09:42:15","slug":"mercedez-lebanon-hash","status":"publish","type":"product","link":"https:\/\/legitgrams.com\/cs\/produkt\/mercedez-lebanon-hash\/","title":{"rendered":"Mercedez Libanon Hash"},"content":{"rendered":"<h2>Koupit online Mercedez Libanon Hash<\/h2>\n<p>\u010cern\u00fd Mercedes je hash st\u0159edn\u00ed t\u0159\u00eddy, kter\u00fd se dov\u00e1\u017e\u00ed <a href=\"https:\/\/legitgrams.com\/cs\/produkt\/mercedez-lebanon-hash\/\">Libanon<\/a>. Jeho povrch je tmav\u011b hn\u011bd\u00fd, ale jeho vnit\u0159ek je sv\u011btle hn\u011bd\u00fd. M\u00e1 ko\u0159enitou, zemitou chu\u0165 s n\u00e1dechem v\u016fn\u011b. Jeho jemn\u00fd pocit a tvarovac\u00ed flexibilita, zejm\u00e9na p\u0159i zah\u0159\u00e1t\u00ed, usnad\u0148uj\u00ed pr\u00e1ci. Doru\u010den\u00ed do zahrani\u010d\u00ed<\/p>\n<h3>AAAA je klasifikace.<\/h3>\n<p>Minim\u00e1ln\u00ed mno\u017estv\u00ed objedn\u00e1vky je sedm gram\u016f.<\/p>\n<p>Pro v\u011bt\u0161\u00ed n\u00e1kupy n\u00e1s pros\u00edm kontaktujte.<\/p>\n<p>Mercedes Lebanon Hash Online: Koupit <a href=\"https:\/\/en.wikipedia.org\/wiki\/Mercedes-Benz\">Mercedez Libanon Hash<\/a>, Koupit Mercedez Lebanon Hash, Koupit Lebanon Hash online, Kde koupit Mercedez Lebanon Hash, Koupit Mercedez Lebanon Hash, Koupit Mercedez Lebanon Hash online, Koupit Mercedez Lebanon Hash online, USA, Kanada, Spojen\u00e9 kr\u00e1lovstv\u00ed, Koupit online, Dodavatel\u00e9, Bezpe\u010dn\u00e9 doru\u010den\u00ed, vy st\u00e1le m\u016f\u017eete zjistit, jak z\u00edskat Mercedez Libanon Hash, zda je leg\u00e1ln\u00ed v USA, zda je leg\u00e1ln\u00ed v Kanad\u011b a zda lze koupit online v USA. <a href=\"https:\/\/legitgrams.com\/cs\/\">LegitGrams<\/a><\/p>\n<h2><\/h2>\n<h2><\/h2>\n<p>&nbsp;<\/p>","protected":false},"excerpt":{"rendered":"<p>Purchase Online Mercedez Lebanon Hash The black Mercedes is a mid-range hash that is imported from Lebanon. Its surface is dark brown, but its interior is light brown. It has a spicy, earthy flavor with a hint of scent. Its delicate feel and shaping flexibility, particularly when heated, make it easy to work with. Delivery &hellip;<\/p>\n<p class=\"read-more\"> <a class=\"\" href=\"https:\/\/legitgrams.com\/cs\/produkt\/mercedez-lebanon-hash\/\"> <span class=\"screen-reader-text\">Mercedez Libanon Hash<\/span> \u010c\u00edst d\u00e1l \"<\/a><\/p>","protected":false},"featured_media":5381,"comment_status":"open","ping_status":"closed","template":"","meta":{"_uag_custom_page_level_css":"","site-sidebar-layout":"default","site-content-layout":"default","ast-global-header-display":"","ast-main-header-display":"","ast-hfb-above-header-display":"","ast-hfb-below-header-display":"","ast-hfb-mobile-header-display":"","site-post-title":"","ast-breadcrumbs-content":"","ast-featured-img":"","footer-sml-layout":"","theme-transparent-header-meta":"default","adv-header-id-meta":"","stick-header-meta":"default","header-above-stick-meta":"","header-main-stick-meta":"","header-below-stick-meta":"","_joinchat":[]},"product_brand":[],"product_cat":[605],"product_tag":[2854,2844,617,2836,2851,2848,2843,2835,2838,2846,2839,2837,2847,2849,2856,2857,2855,2852,2841,2853,2850,625,2842,2845,2840],"class_list":{"0":"post-4010","1":"product","2":"type-product","3":"status-publish","4":"has-post-thumbnail","6":"product_cat-hash-hashish","7":"product_tag-best-cheap-price-mercedez-lebanon-hash","8":"product_tag-best-place-to-buy-mercedez-lebanon-hash","9":"product_tag-bulk-online","10":"product_tag-buy-mercedez-lebanon-hash","11":"product_tag-cheap-mercedez-lebanon-hash","12":"product_tag-high-quality-mercedez-lebanon-hash","13":"product_tag-how-to-buy-mercedez-lebanon-hash","14":"product_tag-mercedez-lebanon-hash","15":"product_tag-mercedez-lebanon-hash-for-sale","16":"product_tag-mercedez-lebanon-hash-legally","17":"product_tag-mercedez-lebanon-hash-mercedez-lebanon-hash-supplier","18":"product_tag-mercedez-lebanon-hash-online","19":"product_tag-mercedez-lebanon-hash-price","20":"product_tag-mercedez-lebanon-hash-store","21":"product_tag-mercedez-lebanon-hash-use","22":"product_tag-mercedez-lebanon-hash-wiki","23":"product_tag-mercedez-lebanon-hash-worldwide","24":"product_tag-mercedez-lebanon-hashs","25":"product_tag-order-mercedez-lebanon-hash","26":"product_tag-purcharse-mercedez-lebanon-hash","27":"product_tag-shop-mercedez-lebanon-hash","28":"product_tag-top-quality","29":"product_tag-where-to-buy-mercedez-lebanon-hash","30":"product_tag-where-to-order-mercedez-lebanon-hash","31":"product_tag-wholesale-mercedez-lebanon-hash","32":"desktop-align-left","33":"tablet-align-left","34":"mobile-align-left","35":"ast-product-gallery-layout-horizontal","36":"ast-product-gallery-with-no-image","37":"ast-product-single-variable","38":"ast-product-tabs-layout-horizontal","39":"ast-qv-on-image","41":"first","42":"instock","43":"shipping-taxable","44":"purchasable","45":"product-type-variable"},"yoast_head":"<!-- This site is optimized with the Yoast SEO plugin v25.9 - https:\/\/yoast.com\/wordpress\/plugins\/seo\/ -->\n<title>Mercedez Lebanon Hash for Sale at Best price | LegitGrams<\/title>\n<meta name=\"description\" content=\"You can get Mercedez Lebanon Hash for sale at our store and get it at your doorstep without any hassle. We will help you to buy Mercedez Lebanon Hash online. Order now!\" \/>\n<meta name=\"robots\" content=\"index, follow, max-snippet:-1, max-image-preview:large, max-video-preview:-1\" \/>\n<link rel=\"canonical\" href=\"https:\/\/legitgrams.com\/cs\/produkt\/mercedez-lebanon-hash\/\" \/>\n<meta property=\"og:locale\" content=\"cs_CZ\" \/>\n<meta property=\"og:type\" content=\"article\" \/>\n<meta property=\"og:title\" content=\"Mercedez Lebanon Hash for Sale at Best price | LegitGrams\" \/>\n<meta property=\"og:description\" content=\"You can get Mercedez Lebanon Hash for sale at our store and get it at your doorstep without any hassle. We will help you to buy Mercedez Lebanon Hash online. Order now!\" \/>\n<meta property=\"og:url\" content=\"https:\/\/legitgrams.com\/cs\/produkt\/mercedez-lebanon-hash\/\" \/>\n<meta property=\"og:site_name\" content=\"Legit Grams\" \/>\n<meta property=\"article:modified_time\" content=\"2025-01-14T09:42:15+00:00\" \/>\n<meta property=\"og:image\" content=\"https:\/\/legitgrams.com\/wp-content\/uploads\/2024\/09\/Buy-Mercedez-Lebanon-Hash.jpg\" \/>\n\t<meta property=\"og:image:width\" content=\"600\" \/>\n\t<meta property=\"og:image:height\" content=\"600\" \/>\n\t<meta property=\"og:image:type\" content=\"image\/jpeg\" \/>\n<meta name=\"twitter:card\" content=\"summary_large_image\" \/>\n<meta name=\"twitter:label1\" content=\"Odhadovan\u00e1 doba \u010dten\u00ed\" \/>\n\t<meta name=\"twitter:data1\" content=\"2 minuty\" \/>\n<script type=\"application\/ld+json\" class=\"yoast-schema-graph\">{\"@context\":\"https:\/\/schema.org\",\"@graph\":[{\"@type\":\"WebPage\",\"@id\":\"https:\/\/legitgrams.com\/product\/mercedez-lebanon-hash\/\",\"url\":\"https:\/\/legitgrams.com\/product\/mercedez-lebanon-hash\/\",\"name\":\"Mercedez Lebanon Hash for Sale at Best price | LegitGrams\",\"isPartOf\":{\"@id\":\"https:\/\/legitgrams.com\/#website\"},\"primaryImageOfPage\":{\"@id\":\"https:\/\/legitgrams.com\/product\/mercedez-lebanon-hash\/#primaryimage\"},\"image\":{\"@id\":\"https:\/\/legitgrams.com\/product\/mercedez-lebanon-hash\/#primaryimage\"},\"thumbnailUrl\":\"https:\/\/legitgrams.com\/wp-content\/uploads\/2024\/09\/Buy-Mercedez-Lebanon-Hash.jpg\",\"datePublished\":\"2024-09-21T08:20:56+00:00\",\"dateModified\":\"2025-01-14T09:42:15+00:00\",\"description\":\"You can get Mercedez Lebanon Hash for sale at our store and get it at your doorstep without any hassle. We will help you to buy Mercedez Lebanon Hash online. Order now!\",\"breadcrumb\":{\"@id\":\"https:\/\/legitgrams.com\/product\/mercedez-lebanon-hash\/#breadcrumb\"},\"inLanguage\":\"cs\",\"potentialAction\":[{\"@type\":\"ReadAction\",\"target\":[\"https:\/\/legitgrams.com\/product\/mercedez-lebanon-hash\/\"]}]},{\"@type\":\"ImageObject\",\"inLanguage\":\"cs\",\"@id\":\"https:\/\/legitgrams.com\/product\/mercedez-lebanon-hash\/#primaryimage\",\"url\":\"https:\/\/legitgrams.com\/wp-content\/uploads\/2024\/09\/Buy-Mercedez-Lebanon-Hash.jpg\",\"contentUrl\":\"https:\/\/legitgrams.com\/wp-content\/uploads\/2024\/09\/Buy-Mercedez-Lebanon-Hash.jpg\",\"width\":600,\"height\":600,\"caption\":\"Mercedez Lebanon Hash for Sale\"},{\"@type\":\"BreadcrumbList\",\"@id\":\"https:\/\/legitgrams.com\/product\/mercedez-lebanon-hash\/#breadcrumb\",\"itemListElement\":[{\"@type\":\"ListItem\",\"position\":1,\"name\":\"Home\",\"item\":\"https:\/\/legitgrams.com\/\"},{\"@type\":\"ListItem\",\"position\":2,\"name\":\"Shop\",\"item\":\"https:\/\/legitgrams.com\/shop\/\"},{\"@type\":\"ListItem\",\"position\":3,\"name\":\"Mercedez Lebanon Hash\"}]},{\"@type\":\"WebSite\",\"@id\":\"https:\/\/legitgrams.com\/#website\",\"url\":\"https:\/\/legitgrams.com\/\",\"name\":\"Legit Grams\",\"description\":\"My WordPress Blog\",\"publisher\":{\"@id\":\"https:\/\/legitgrams.com\/#organization\"},\"potentialAction\":[{\"@type\":\"SearchAction\",\"target\":{\"@type\":\"EntryPoint\",\"urlTemplate\":\"https:\/\/legitgrams.com\/?s={search_term_string}\"},\"query-input\":{\"@type\":\"PropertyValueSpecification\",\"valueRequired\":true,\"valueName\":\"search_term_string\"}}],\"inLanguage\":\"cs\"},{\"@type\":\"Organization\",\"@id\":\"https:\/\/legitgrams.com\/#organization\",\"name\":\"Legit Grams\",\"url\":\"https:\/\/legitgrams.com\/\",\"logo\":{\"@type\":\"ImageObject\",\"inLanguage\":\"cs\",\"@id\":\"https:\/\/legitgrams.com\/#\/schema\/logo\/image\/\",\"url\":\"https:\/\/legitgrams.com\/wp-content\/uploads\/2024\/09\/main-logo.png\",\"contentUrl\":\"https:\/\/legitgrams.com\/wp-content\/uploads\/2024\/09\/main-logo.png\",\"width\":270,\"height\":75,\"caption\":\"Legit Grams\"},\"image\":{\"@id\":\"https:\/\/legitgrams.com\/#\/schema\/logo\/image\/\"}}]}<\/script>\n<!-- \/ Yoast SEO plugin. -->","yoast_head_json":{"title":"Mercedes Lebanon Hash na prodej za nejlep\u0161\u00ed cenu | LegitGrails","description":"Mercedez Lebanon Hash si m\u016f\u017eete po\u0159\u00eddit v na\u0161em obchod\u011b a bez pot\u00ed\u017e\u00ed si jej nechat doru\u010dit a\u017e dom\u016f. Pom\u016f\u017eeme v\u00e1m koupit Mercedez Lebanon Hash online. Objedn\u00e1vejte nyn\u00ed!","robots":{"index":"index","follow":"follow","max-snippet":"max-snippet:-1","max-image-preview":"max-image-preview:large","max-video-preview":"max-video-preview:-1"},"canonical":"https:\/\/legitgrams.com\/cs\/produkt\/mercedez-lebanon-hash\/","og_locale":"cs_CZ","og_type":"article","og_title":"Mercedez Lebanon Hash for Sale at Best price | LegitGrams","og_description":"You can get Mercedez Lebanon Hash for sale at our store and get it at your doorstep without any hassle. We will help you to buy Mercedez Lebanon Hash online. Order now!","og_url":"https:\/\/legitgrams.com\/cs\/produkt\/mercedez-lebanon-hash\/","og_site_name":"Legit Grams","article_modified_time":"2025-01-14T09:42:15+00:00","og_image":[{"width":600,"height":600,"url":"https:\/\/legitgrams.com\/wp-content\/uploads\/2024\/09\/Buy-Mercedez-Lebanon-Hash.jpg","type":"image\/jpeg"}],"twitter_card":"summary_large_image","twitter_misc":{"Odhadovan\u00e1 doba \u010dten\u00ed":"2 minuty"},"schema":{"@context":"https:\/\/schema.org","@graph":[{"@type":"WebPage","@id":"https:\/\/legitgrams.com\/product\/mercedez-lebanon-hash\/","url":"https:\/\/legitgrams.com\/product\/mercedez-lebanon-hash\/","name":"Mercedes Lebanon Hash na prodej za nejlep\u0161\u00ed cenu | LegitGrails","isPartOf":{"@id":"https:\/\/legitgrams.com\/#website"},"primaryImageOfPage":{"@id":"https:\/\/legitgrams.com\/product\/mercedez-lebanon-hash\/#primaryimage"},"image":{"@id":"https:\/\/legitgrams.com\/product\/mercedez-lebanon-hash\/#primaryimage"},"thumbnailUrl":"https:\/\/legitgrams.com\/wp-content\/uploads\/2024\/09\/Buy-Mercedez-Lebanon-Hash.jpg","datePublished":"2024-09-21T08:20:56+00:00","dateModified":"2025-01-14T09:42:15+00:00","description":"Mercedez Lebanon Hash si m\u016f\u017eete po\u0159\u00eddit v na\u0161em obchod\u011b a bez pot\u00ed\u017e\u00ed si jej nechat doru\u010dit a\u017e dom\u016f. Pom\u016f\u017eeme v\u00e1m koupit Mercedez Lebanon Hash online. Objedn\u00e1vejte nyn\u00ed!","breadcrumb":{"@id":"https:\/\/legitgrams.com\/product\/mercedez-lebanon-hash\/#breadcrumb"},"inLanguage":"cs","potentialAction":[{"@type":"ReadAction","target":["https:\/\/legitgrams.com\/product\/mercedez-lebanon-hash\/"]}]},{"@type":"ImageObject","inLanguage":"cs","@id":"https:\/\/legitgrams.com\/product\/mercedez-lebanon-hash\/#primaryimage","url":"https:\/\/legitgrams.com\/wp-content\/uploads\/2024\/09\/Buy-Mercedez-Lebanon-Hash.jpg","contentUrl":"https:\/\/legitgrams.com\/wp-content\/uploads\/2024\/09\/Buy-Mercedez-Lebanon-Hash.jpg","width":600,"height":600,"caption":"Mercedez Lebanon Hash for Sale"},{"@type":"BreadcrumbList","@id":"https:\/\/legitgrams.com\/product\/mercedez-lebanon-hash\/#breadcrumb","itemListElement":[{"@type":"ListItem","position":1,"name":"Home","item":"https:\/\/legitgrams.com\/"},{"@type":"ListItem","position":2,"name":"Shop","item":"https:\/\/legitgrams.com\/shop\/"},{"@type":"ListItem","position":3,"name":"Mercedez Lebanon Hash"}]},{"@type":"WebSite","@id":"https:\/\/legitgrams.com\/#website","url":"https:\/\/legitgrams.com\/","name":"Leg\u00e1ln\u00ed gramy","description":"M\u016fj blog WordPress","publisher":{"@id":"https:\/\/legitgrams.com\/#organization"},"potentialAction":[{"@type":"SearchAction","target":{"@type":"EntryPoint","urlTemplate":"https:\/\/legitgrams.com\/?s={search_term_string}"},"query-input":{"@type":"PropertyValueSpecification","valueRequired":true,"valueName":"search_term_string"}}],"inLanguage":"cs"},{"@type":"Organization","@id":"https:\/\/legitgrams.com\/#organization","name":"Leg\u00e1ln\u00ed gramy","url":"https:\/\/legitgrams.com\/","logo":{"@type":"ImageObject","inLanguage":"cs","@id":"https:\/\/legitgrams.com\/#\/schema\/logo\/image\/","url":"https:\/\/legitgrams.com\/wp-content\/uploads\/2024\/09\/main-logo.png","contentUrl":"https:\/\/legitgrams.com\/wp-content\/uploads\/2024\/09\/main-logo.png","width":270,"height":75,"caption":"Legit Grams"},"image":{"@id":"https:\/\/legitgrams.com\/#\/schema\/logo\/image\/"}}]}},"uagb_featured_image_src":{"full":["https:\/\/legitgrams.com\/wp-content\/uploads\/2024\/09\/Buy-Mercedez-Lebanon-Hash.jpg",600,600,false],"thumbnail":["https:\/\/legitgrams.com\/wp-content\/uploads\/2024\/09\/Buy-Mercedez-Lebanon-Hash-150x150.jpg",150,150,true],"medium":["https:\/\/legitgrams.com\/wp-content\/uploads\/2024\/09\/Buy-Mercedez-Lebanon-Hash-300x300.jpg",300,300,true],"medium_large":["https:\/\/legitgrams.com\/wp-content\/uploads\/2024\/09\/Buy-Mercedez-Lebanon-Hash.jpg",600,600,false],"large":["https:\/\/legitgrams.com\/wp-content\/uploads\/2024\/09\/Buy-Mercedez-Lebanon-Hash.jpg",600,600,false],"1536x1536":["https:\/\/legitgrams.com\/wp-content\/uploads\/2024\/09\/Buy-Mercedez-Lebanon-Hash.jpg",600,600,false],"2048x2048":["https:\/\/legitgrams.com\/wp-content\/uploads\/2024\/09\/Buy-Mercedez-Lebanon-Hash.jpg",600,600,false],"trp-custom-language-flag":["https:\/\/legitgrams.com\/wp-content\/uploads\/2024\/09\/Buy-Mercedez-Lebanon-Hash-12x12.jpg",12,12,true],"woocommerce_thumbnail":["https:\/\/legitgrams.com\/wp-content\/uploads\/2024\/09\/Buy-Mercedez-Lebanon-Hash-300x300.jpg",300,300,true],"woocommerce_single":["https:\/\/legitgrams.com\/wp-content\/uploads\/2024\/09\/Buy-Mercedez-Lebanon-Hash.jpg",600,600,false],"woocommerce_gallery_thumbnail":["https:\/\/legitgrams.com\/wp-content\/uploads\/2024\/09\/Buy-Mercedez-Lebanon-Hash-100x100.jpg",100,100,true]},"uagb_author_info":{"display_name":"cokeblog18","author_link":"https:\/\/legitgrams.com\/cs\/author\/"},"uagb_comment_info":0,"uagb_excerpt":"Purchase Online Mercedez Lebanon Hash The black Mercedes is a mid-range hash that is imported from Lebanon. Its surface is dark brown, but its interior is light brown. It has a spicy, earthy flavor with a hint of scent. Its delicate feel and shaping flexibility, particularly when heated, make it easy to work with. Delivery&hellip;","_links":{"self":[{"href":"https:\/\/legitgrams.com\/cs\/wp-json\/wp\/v2\/product\/4010","targetHints":{"allow":["GET"]}}],"collection":[{"href":"https:\/\/legitgrams.com\/cs\/wp-json\/wp\/v2\/product"}],"about":[{"href":"https:\/\/legitgrams.com\/cs\/wp-json\/wp\/v2\/types\/product"}],"replies":[{"embeddable":true,"href":"https:\/\/legitgrams.com\/cs\/wp-json\/wp\/v2\/comments?post=4010"}],"wp:featuredmedia":[{"embeddable":true,"href":"https:\/\/legitgrams.com\/cs\/wp-json\/wp\/v2\/media\/5381"}],"wp:attachment":[{"href":"https:\/\/legitgrams.com\/cs\/wp-json\/wp\/v2\/media?parent=4010"}],"wp:term":[{"taxonomy":"product_brand","embeddable":true,"href":"https:\/\/legitgrams.com\/cs\/wp-json\/wp\/v2\/product_brand?post=4010"},{"taxonomy":"product_cat","embeddable":true,"href":"https:\/\/legitgrams.com\/cs\/wp-json\/wp\/v2\/product_cat?post=4010"},{"taxonomy":"product_tag","embeddable":true,"href":"https:\/\/legitgrams.com\/cs\/wp-json\/wp\/v2\/product_tag?post=4010"}],"curies":[{"name":"wp","href":"https:\/\/api.w.org\/{rel}","templated":true}]}}