{"id":4013,"date":"2024-09-21T08:38:10","date_gmt":"2024-09-21T08:38:10","guid":{"rendered":"https:\/\/legitgrams.com\/?post_type=product&#038;p=4013"},"modified":"2025-01-14T10:17:54","modified_gmt":"2025-01-14T10:17:54","slug":"hasis-nederash","status":"publish","type":"product","link":"https:\/\/legitgrams.com\/cs\/produkt\/hasis-nederash\/","title":{"rendered":"Nederhash Hashish"},"content":{"rendered":"<h2>Nederhash Hashish Online n\u00e1kup<\/h2>\n<p>Co je to hash? V Nizozemsku se p\u011bstuj\u00ed rostliny konop\u00ed pou\u017e\u00edvan\u00e9 k v\u00fdrob\u011b ha\u0161i\u0161e. Existuje n\u011bkolik drobn\u00fdch venkovn\u00edch a sklen\u00edkov\u00fdch vylep\u0161en\u00ed, ale v\u011bt\u0161ina v\u00fdvoje rostlin se odehr\u00e1v\u00e1 uvnit\u0159. Generace: Zp\u016fsob sestaven\u00ed se li\u0161\u00ed podle v\u00fdrobce. Podobn\u011b jako v Maroku poskytuje screening v\u011bt\u0161inu hashe; existuje v\u0161ak tak\u00e9 mal\u00e9 mno\u017estv\u00ed ru\u010dn\u011b vy\u010di\u0161t\u011bn\u00e9ho hashe generovan\u00e9ho pomoc\u00ed afgh\u00e1nsk\u00e9ho p\u0159\u00edstupu, kter\u00fd je zjevn\u011b mnohem lep\u0161\u00ed. V ka\u017ed\u00e9m p\u0159\u00edpad\u011b ha\u0161i\u0161 obsahuje jen velmi malou \u010d\u00e1st p\u016fvodn\u00edho konop\u00ed. St\u00ednov\u00e1n\u00ed: Obvykle trochu zelen\u00e9, i kdy\u017e se to li\u0161\u00ed v z\u00e1vislosti na n\u00e1vrh\u00e1\u0159i a druhu pou\u017eit\u00e9ho konop\u00ed. Z\u00e1pach: V z\u00e1vislosti na druhu plevele m\u016f\u017ee b\u00fdt m\u00edrn\u011b travnat\u00fd nebo podobn\u00fd skunku. Chu\u0165: Podobn\u00e1 tomu, co ji\u017e bylo vysv\u011btleno. Konzistence: Holandsk\u00fd ha\u0161i\u0161 nen\u00ed v\u017edy p\u0159esn\u011b vylisov\u00e1n. Obecn\u011b se \u010dum\u00e1ky d\u011bl\u00ed p\u0159\u00edli\u0161 snadno, a to je zpracov\u00e1n\u00ed. Ka\u017edop\u00e1dn\u011b maj\u00ed tendenci se rychle p\u0159izp\u016fsobit a konzistence se ned\u00e1vno zlep\u0161ila. Ru\u010dn\u011b vy\u010di\u0161t\u011bn\u00fd hash, kter\u00fd je mnohem choulostiv\u011bj\u0161\u00ed ne\u017e afgh\u00e1nsk\u00fd, ve v\u00fd\u0161e uveden\u00e9m zjevn\u011b nen\u00ed zm\u00edn\u011bn. Obvykle jsou hashem pouze \u017eensk\u00e9 hlavy vyma\u010dkan\u00e9 a rozdrcen\u00e9 pod velk\u00fdmi v\u00e1hami, co\u017e m\u00e1 za n\u00e1sledek v\u00e1\u017enou nepravidelnost, kter\u00e1 se t\u00e9m\u011b\u0159 \u00fapln\u011b rozpr\u00e1\u0161\u00ed. Dopad: Druh generovan\u00e9ho high se li\u0161\u00ed v z\u00e1vislosti na druhu pou\u017eit\u00e9ho konop\u00ed, ale obecn\u011b je to docela intelektu\u00e1ln\u00ed a energizuj\u00edc\u00ed. Intenzita: Tento materi\u00e1l je neuv\u011b\u0159iteln\u011b v\u00fdkonn\u00fd a funguje l\u00e9pe ne\u017e jak\u00fdkoli jin\u00fd typ hash, kter\u00fd by typick\u00fd u\u017eivatel mohl pou\u017e\u00edt. Dokonce si vede l\u00e9pe ne\u017e t\u00e9m\u011b\u0159 v\u0161ichni slu\u0161n\u00ed Afgh\u00e1nci a v\u011bt\u0161ina Nep\u00e1lc\u016f (THC a\u017e 59 %). Dostupnost: Mimo Nizozemsko a jeho sousedn\u00ed zem\u011b velmi neobvykl\u00e9. Nemysl\u00edm si, \u017ee je velk\u00e1 \u0161ance, \u017ee se tento produkt n\u011bkdy dostane na britsk\u00fd trh. Sonstiges: V ka\u017ed\u00e9m p\u0159\u00edpad\u011b jsou n\u00e1klady v\u017edy vysok\u00e9 a existuj\u00ed rozd\u00edly v kvalit\u011b. Pro holandsk\u00e9 ha\u0161ov\u00e1n\u00ed nen\u00ed definov\u00e1na \u017e\u00e1dn\u00e1 kategorie. Sensi-Hash, neuv\u011b\u0159iteln\u00fd pr\u00e1\u0161ek, jsou v podstat\u011b krystaly THC t\u011bsn\u011b zabalen\u00e9.<\/p>\n<h3>Jak se vytv\u00e1\u0159ej\u00ed hashe?<\/h3>\n<p>V\u011bt\u0161ina odr\u016fd ha\u0161i\u0161e vznik\u00e1 t\u0159en\u00edm su\u0161en\u00fdch rostlin o velmi tenk\u00e9 pletivo. Po pr\u016fchodu s\u00edtem se od rostlinn\u00e9ho materi\u00e1lu odd\u011bl\u00ed trichomy. Pot\u00e9, co jsou prysky\u0159i\u010dn\u00e9 \u017el\u00e1zky sebr\u00e1ny, jsou stla\u010deny a zah\u0159\u00e1ty, aby se vytvo\u0159ila soudr\u017en\u00e1 hmota. <a href=\"https:\/\/en.wikipedia.org\/wiki\/Hashish\">ha\u0161i\u0161<\/a>.<\/p>\n<h3>Tr\u00e1va vs. ha\u0161i\u0161?<\/h3>\n<p>Nejprve si probereme z\u0159ejmou podobnost mezi ha\u0161i\u0161em a marihuanou: ob\u011b l\u00e1tky se z\u00edsk\u00e1vaj\u00ed ze stejn\u00fdch rostlin konop\u00ed. Jak nepochybn\u011b dob\u0159e v\u00edte, marihuana je kvetouc\u00ed pupen sami\u010d\u00ed rostliny konop\u00ed. Z t\u00fdch\u017e pupen\u016f se vyr\u00e1b\u00ed ha\u0161i\u0161ov\u00e9 konop\u00ed, ale zpracov\u00e1v\u00e1 se jinak. Kdy\u017e je rostlina konop\u00ed v pln\u00e9m kv\u011btu, kv\u011btn\u00ed pupeny se sklid\u00ed a farm\u00e1\u0159 d\u00e1le postupuje jedn\u00edm ze dvou zp\u016fsob\u016f. V p\u0159\u00edpad\u011b ha\u0161i\u0161ov\u00e9 drogy se kv\u011bty zav\u011bs\u00ed k su\u0161en\u00ed. Kone\u010dn\u00fdm v\u00fdsledkem je rostlina, kterou v\u0161ichni zn\u00e1me; po \u00fapln\u00e9m usu\u0161en\u00ed se odstran\u00ed v\u0161echna semena, prameny a p\u0159ebyte\u010dn\u00e9 listy. Rozhodn\u011bte se, \u010demu D\u00e1te mo\u017en\u00e1 p\u0159ednost ha\u0161i\u0161i nebo marihuan\u011b, ale jedin\u00fd zp\u016fsob, jak pln\u011b vyu\u017e\u00edt konop\u00ed, je vzd\u011bl\u00e1vat se o n\u011bm. Ne\u017e si zap\u00e1l\u00edte, ud\u011blejte si dom\u00e1c\u00ed \u00fakoly a jako obvykle se p\u0159ihlaste k odb\u011bru dal\u0161\u00edch rad!<\/p>\n<h3>Co je ha\u0161i\u0161?<\/h3>\n<p>Co je droga ha\u0161i\u0161? Ha\u0161i\u0161, b\u011b\u017en\u011b ozna\u010dovan\u00fd jako \"ha\u0161i\u0161\", je konopn\u00fd kv\u011bt, kter\u00fd vznik\u00e1 zpracov\u00e1n\u00edm a stla\u010den\u00edm trichom\u016f rostliny konop\u00ed. Kou\u0159\u00ed se, obvykle prost\u0159ednictv\u00edm d\u00fdmky, doutn\u00edku, vaporiz\u00e9ru nebo jointa, m\u016f\u017ee se v\u0161ak tak\u00e9 polykat. Jak se ha\u0161i\u0161 vyr\u00e1b\u00ed? Koupit ha\u0161i\u0161 Nederhash online Tyto trichomy se extrahuj\u00ed z pupen\u016f, list\u016f a stonk\u016f rostliny a zah\u0159\u00edv\u00e1n\u00edm nebo stla\u010dov\u00e1n\u00edm vznikaj\u00ed ha\u0161i\u0161, kter\u00fd je silnou l\u00e1tkou.<\/p>\n<h3>Jak se kou\u0159\u00ed ha\u0161i\u0161 v jointu?<\/h3>\n<p>Zkombinujte ji s tab\u00e1kem a konop\u00edm do \u0161luku. Pokud m\u00e1te such\u00fd blok, sta\u010d\u00ed ho rozdrtit nebo odlomit mal\u00e9 kam\u00ednky a p\u0159idat je do jointa p\u0159i rolov\u00e1n\u00ed. Kombinujte ho s marihuanou nebo ho pou\u017e\u00edvejte s tab\u00e1kem. Pokud pat\u0159\u00edte mezi hleda\u010de dobrodru\u017estv\u00ed, nepochybn\u011b budete cht\u00edt za\u017e\u00edt siln\u011bj\u0161\u00ed opojen\u00ed, kter\u00e9 nazna\u010duje druh\u00fd p\u0159\u00edstup. Nejlep\u0161\u00edm p\u0159\u00edstupem k ubalen\u00ed jointu z ha\u0161i\u0161e je rozl\u00e1mat ha\u0161i\u0161 a zkombinovat ho s trochou marihuany. Vzhledem k tomu, \u017ee je jednoduch\u00e9 se o n\u011bj pod\u011blit a chu\u0165 ha\u0161i\u0161e dokonale zv\u00fdraz\u0148uje doob\u00ed, je to vlastn\u011b nejlep\u0161\u00ed zp\u016fsob kou\u0159en\u00ed ha\u0161i\u0161e. Je leg\u00e1ln\u00ed \u0161lukovat ha\u0161i\u0161? V roce 1989 do\u0161lo k z\u00e1kazu prodeje, nicm\u00e9n\u011b z\u00e1kony se zav\u00e1d\u011bj\u00ed jen z\u0159\u00eddka a marihuana se voln\u011b prod\u00e1v\u00e1 v mnoha oblastech zem\u011b. Barbados, Povoleno pro zbo\u017en\u00e9 u\u017e\u00edv\u00e1n\u00ed opr\u00e1vn\u011bn\u00fdmi osobami<\/p>\n<h3>\u00da\u010dinky ha\u0161i\u0161e?<\/h3>\n<p>U\u017e\u00edv\u00e1n\u00ed ha\u0161i\u0161e m\u016f\u017ee zp\u016fsobit \u0159adu kr\u00e1tkodob\u00fdch vedlej\u0161\u00edch \u00fa\u010dink\u016f, jako je zhor\u0161en\u00ed pam\u011bti a u\u010den\u00ed, zm\u011bna vn\u00edm\u00e1n\u00ed \u010dasu, prostoru a hmatu, pot\u00ed\u017ee s jasn\u00fdm my\u0161len\u00edm a \u0159e\u0161en\u00edm probl\u00e9m\u016f, ztr\u00e1ta koordinace, zv\u00fd\u0161en\u00e1 srde\u010dn\u00ed frekvence, \u00fazkost a z\u00e1chvaty paniky. Proto\u017ee ha\u0161i\u0161 a dal\u0161\u00ed koncentr\u00e1ty obsahuj\u00ed vysok\u00e9 mno\u017estv\u00ed THC, mohou b\u00fdt \u00fa\u010dinky siln\u011bj\u0161\u00ed. <a href=\"https:\/\/legitgrams.com\/cs\/\">LegitGrams<\/a><\/p>\n<p>Bubble hash je koncentrovan\u00fd konopn\u00fd produkt vyroben\u00fd z milion\u016f trichom\u016f neboli lepkav\u00fdch \u017el\u00e1zek, kter\u00e9 se z rostliny odstra\u0148uj\u00ed m\u00edch\u00e1n\u00edm, pros\u00e9v\u00e1n\u00edm a zmrazov\u00e1n\u00edm vody. Podle toho, jak bublinkov\u00fd ha\u0161i\u0161 p\u0159i kontaktu s plamenem bubl\u00e1, z\u00edskal sv\u016fj n\u00e1zev. K jeho dom\u00e1c\u00ed p\u0159\u00edprav\u011b se pou\u017e\u00edvaj\u00ed s\u00e1\u010dky ozna\u010dovan\u00e9 tak\u00e9 jako \"bublinkov\u00e9 s\u00e1\u010dky\".<\/p>\n<p>Klasick\u00e1 odr\u016fda Sensi Seeds Hash Plant si b\u011bhem v\u00fdjime\u010dn\u011b kr\u00e1tk\u00e9 doby kveten\u00ed zachov\u00e1v\u00e1 kompaktn\u00ed velikost. Pe\u010dliv\u00fdm genetick\u00fdm v\u00fdb\u011brem vznikla tato odr\u016fda 90% India, kter\u00e1 odpov\u00edd\u00e1 z\u00e1hadn\u00e9mu origin\u00e1lu Northern Lights Hash Plant ze Spojen\u00fdch st\u00e1t\u016f.<\/p>\n<p>N\u00e1kup <a href=\"https:\/\/legitgrams.com\/cs\/produkt\/hasis-nederash\/\">Nederhash Hashish<\/a> Online - n\u00e1kup ha\u0161i\u0161e, n\u00e1kup ha\u0161i\u0161e, n\u00e1kup ha\u0161i\u0161e online, kde koupit ha\u0161i\u0161, kde koupit ha\u0161i\u0161 online, kde koupit ha\u0161i\u0161 online, kde koupit ha\u0161i\u0161 online, koupit ha\u0161i\u0161 online, dodavatel\u00e9, bezpe\u010dn\u00e9 doru\u010den\u00ed, USA, Kanada, Velk\u00e1 Brit\u00e1nie, ha\u0161i\u0161 Nederhash je st\u00e1le k dispozici; je leg\u00e1ln\u00ed ve Spojen\u00fdch st\u00e1tech; m\u016f\u017eete ho z\u00edskat online; m\u016f\u017eete z\u00edskat ha\u0161i\u0161 Nederhash; a je leg\u00e1ln\u00ed v Kanad\u011b.<\/p>","protected":false},"excerpt":{"rendered":"<p>Nederhash Hashish Online Purchase What is a hash? The Netherlands is where the cannabis plants used to make the hash are cultivated. There are a few tiny outdoor and greenhouse advancements, but the majority of plant development takes place indoors. Generation: The manner of assembling differs depending on the manufacturer. Similar to Morocco, screening provides &hellip;<\/p>\n<p class=\"read-more\"> <a class=\"\" href=\"https:\/\/legitgrams.com\/cs\/produkt\/hasis-nederash\/\"> <span class=\"screen-reader-text\">Nederhash Hashish<\/span> \u010c\u00edst d\u00e1l \"<\/a><\/p>","protected":false},"featured_media":5384,"comment_status":"open","ping_status":"closed","template":"","meta":{"_uag_custom_page_level_css":"","site-sidebar-layout":"default","site-content-layout":"default","ast-global-header-display":"","ast-main-header-display":"","ast-hfb-above-header-display":"","ast-hfb-below-header-display":"","ast-hfb-mobile-header-display":"","site-post-title":"","ast-breadcrumbs-content":"","ast-featured-img":"","footer-sml-layout":"","theme-transparent-header-meta":"default","adv-header-id-meta":"","stick-header-meta":"default","header-above-stick-meta":"","header-main-stick-meta":"","header-below-stick-meta":"","_joinchat":[]},"product_brand":[],"product_cat":[605],"product_tag":[2785,2775,617,2767,2782,2779,2774,2766,2769,2777,2770,2768,2778,2780,2787,2788,2786,2783,2772,2784,2781,625,2773,2776,2771],"class_list":{"0":"post-4013","1":"product","2":"type-product","3":"status-publish","4":"has-post-thumbnail","6":"product_cat-hash-hashish","7":"product_tag-best-cheap-price-nederhash-hashish","8":"product_tag-best-place-to-buy-nederhash-hashish","9":"product_tag-bulk-online","10":"product_tag-buy-nederhash-hashish","11":"product_tag-cheap-nederhash-hashish","12":"product_tag-high-quality-nederhash-hashish","13":"product_tag-how-to-buy-nederhash-hashish","14":"product_tag-nederhash-hashish","15":"product_tag-nederhash-hashish-for-sale","16":"product_tag-nederhash-hashish-legally","17":"product_tag-nederhash-hashish-nederhash-hashish-supplier","18":"product_tag-nederhash-hashish-online","19":"product_tag-nederhash-hashish-price","20":"product_tag-nederhash-hashish-store","21":"product_tag-nederhash-hashish-use","22":"product_tag-nederhash-hashish-wiki","23":"product_tag-nederhash-hashish-worldwide","24":"product_tag-nederhash-hashishs","25":"product_tag-order-nederhash-hashish","26":"product_tag-purcharse-nederhash-hashish","27":"product_tag-shop-nederhash-hashish","28":"product_tag-top-quality","29":"product_tag-where-to-buy-nederhash-hashish","30":"product_tag-where-to-order-nederhash-hashish","31":"product_tag-wholesale-nederhash-hashish","32":"desktop-align-left","33":"tablet-align-left","34":"mobile-align-left","35":"ast-product-gallery-layout-horizontal","36":"ast-product-gallery-with-no-image","37":"ast-product-single-variable","38":"ast-product-tabs-layout-horizontal","39":"ast-qv-on-image","41":"first","42":"instock","43":"shipping-taxable","44":"purchasable","45":"product-type-variable"},"yoast_head":"<!-- This site is optimized with the Yoast SEO plugin v25.9 - https:\/\/yoast.com\/wordpress\/plugins\/seo\/ -->\n<title>Nederhash Hashish for Sale - Buy Nederhash Hashish Online<\/title>\n<meta name=\"description\" content=\"Discover top-notch Nederhash Hashish for sale at our online store - buy Nederhash Hashish conveniently and securely to fuel your research. Explore and buy Nederhash Hashish online, advancing your scientific endeavors with ease. Order Now!\" \/>\n<meta name=\"robots\" content=\"index, follow, max-snippet:-1, max-image-preview:large, max-video-preview:-1\" \/>\n<link rel=\"canonical\" href=\"https:\/\/legitgrams.com\/cs\/produkt\/hasis-nederash\/\" \/>\n<meta property=\"og:locale\" content=\"cs_CZ\" \/>\n<meta property=\"og:type\" content=\"article\" \/>\n<meta property=\"og:title\" content=\"Nederhash Hashish for Sale - Buy Nederhash Hashish Online\" \/>\n<meta property=\"og:description\" content=\"Discover top-notch Nederhash Hashish for sale at our online store - buy Nederhash Hashish conveniently and securely to fuel your research. Explore and buy Nederhash Hashish online, advancing your scientific endeavors with ease. Order Now!\" \/>\n<meta property=\"og:url\" content=\"https:\/\/legitgrams.com\/cs\/produkt\/hasis-nederash\/\" \/>\n<meta property=\"og:site_name\" content=\"Legit Grams\" \/>\n<meta property=\"article:modified_time\" content=\"2025-01-14T10:17:54+00:00\" \/>\n<meta property=\"og:image\" content=\"https:\/\/legitgrams.com\/wp-content\/uploads\/2024\/09\/Buy-Nederhash-Hashish-Online.jpg\" \/>\n\t<meta property=\"og:image:width\" content=\"600\" \/>\n\t<meta property=\"og:image:height\" content=\"600\" \/>\n\t<meta property=\"og:image:type\" content=\"image\/jpeg\" \/>\n<meta name=\"twitter:card\" content=\"summary_large_image\" \/>\n<meta name=\"twitter:label1\" content=\"Odhadovan\u00e1 doba \u010dten\u00ed\" \/>\n\t<meta name=\"twitter:data1\" content=\"5 minut\" \/>\n<script type=\"application\/ld+json\" class=\"yoast-schema-graph\">{\"@context\":\"https:\/\/schema.org\",\"@graph\":[{\"@type\":\"WebPage\",\"@id\":\"https:\/\/legitgrams.com\/product\/nederhash-hashish\/\",\"url\":\"https:\/\/legitgrams.com\/product\/nederhash-hashish\/\",\"name\":\"Nederhash Hashish for Sale - Buy Nederhash Hashish Online\",\"isPartOf\":{\"@id\":\"https:\/\/legitgrams.com\/#website\"},\"primaryImageOfPage\":{\"@id\":\"https:\/\/legitgrams.com\/product\/nederhash-hashish\/#primaryimage\"},\"image\":{\"@id\":\"https:\/\/legitgrams.com\/product\/nederhash-hashish\/#primaryimage\"},\"thumbnailUrl\":\"https:\/\/legitgrams.com\/wp-content\/uploads\/2024\/09\/Buy-Nederhash-Hashish-Online.jpg\",\"datePublished\":\"2024-09-21T08:38:10+00:00\",\"dateModified\":\"2025-01-14T10:17:54+00:00\",\"description\":\"Discover top-notch Nederhash Hashish for sale at our online store - buy Nederhash Hashish conveniently and securely to fuel your research. Explore and buy Nederhash Hashish online, advancing your scientific endeavors with ease. Order Now!\",\"breadcrumb\":{\"@id\":\"https:\/\/legitgrams.com\/product\/nederhash-hashish\/#breadcrumb\"},\"inLanguage\":\"cs\",\"potentialAction\":[{\"@type\":\"ReadAction\",\"target\":[\"https:\/\/legitgrams.com\/product\/nederhash-hashish\/\"]}]},{\"@type\":\"ImageObject\",\"inLanguage\":\"cs\",\"@id\":\"https:\/\/legitgrams.com\/product\/nederhash-hashish\/#primaryimage\",\"url\":\"https:\/\/legitgrams.com\/wp-content\/uploads\/2024\/09\/Buy-Nederhash-Hashish-Online.jpg\",\"contentUrl\":\"https:\/\/legitgrams.com\/wp-content\/uploads\/2024\/09\/Buy-Nederhash-Hashish-Online.jpg\",\"width\":600,\"height\":600,\"caption\":\"Nederhash Hashish for Sale\"},{\"@type\":\"BreadcrumbList\",\"@id\":\"https:\/\/legitgrams.com\/product\/nederhash-hashish\/#breadcrumb\",\"itemListElement\":[{\"@type\":\"ListItem\",\"position\":1,\"name\":\"Home\",\"item\":\"https:\/\/legitgrams.com\/\"},{\"@type\":\"ListItem\",\"position\":2,\"name\":\"Shop\",\"item\":\"https:\/\/legitgrams.com\/shop\/\"},{\"@type\":\"ListItem\",\"position\":3,\"name\":\"Nederhash Hashish\"}]},{\"@type\":\"WebSite\",\"@id\":\"https:\/\/legitgrams.com\/#website\",\"url\":\"https:\/\/legitgrams.com\/\",\"name\":\"Legit Grams\",\"description\":\"My WordPress Blog\",\"publisher\":{\"@id\":\"https:\/\/legitgrams.com\/#organization\"},\"potentialAction\":[{\"@type\":\"SearchAction\",\"target\":{\"@type\":\"EntryPoint\",\"urlTemplate\":\"https:\/\/legitgrams.com\/?s={search_term_string}\"},\"query-input\":{\"@type\":\"PropertyValueSpecification\",\"valueRequired\":true,\"valueName\":\"search_term_string\"}}],\"inLanguage\":\"cs\"},{\"@type\":\"Organization\",\"@id\":\"https:\/\/legitgrams.com\/#organization\",\"name\":\"Legit Grams\",\"url\":\"https:\/\/legitgrams.com\/\",\"logo\":{\"@type\":\"ImageObject\",\"inLanguage\":\"cs\",\"@id\":\"https:\/\/legitgrams.com\/#\/schema\/logo\/image\/\",\"url\":\"https:\/\/legitgrams.com\/wp-content\/uploads\/2024\/09\/main-logo.png\",\"contentUrl\":\"https:\/\/legitgrams.com\/wp-content\/uploads\/2024\/09\/main-logo.png\",\"width\":270,\"height\":75,\"caption\":\"Legit Grams\"},\"image\":{\"@id\":\"https:\/\/legitgrams.com\/#\/schema\/logo\/image\/\"}}]}<\/script>\n<!-- \/ Yoast SEO plugin. -->","yoast_head_json":{"title":"Nederhash ha\u0161i\u0161 na prodej \u2013 kupte si Nederhash ha\u0161i\u0161 online","description":"Objevte \u0161pi\u010dkov\u00fd Nederhash Hashish na prodej v na\u0161em internetov\u00e9m obchod\u011b - nakupte Nederhash Hashish pohodln\u011b a bezpe\u010dn\u011b a podpo\u0159te sv\u016fj v\u00fdzkum. Prozkoumejte a nakupte Nederhash Hashish online, \u010d\u00edm\u017e snadno posunete sv\u00e9 v\u011bdeck\u00e9 \u00fasil\u00ed. Objedn\u00e1vejte nyn\u00ed!","robots":{"index":"index","follow":"follow","max-snippet":"max-snippet:-1","max-image-preview":"max-image-preview:large","max-video-preview":"max-video-preview:-1"},"canonical":"https:\/\/legitgrams.com\/cs\/produkt\/hasis-nederash\/","og_locale":"cs_CZ","og_type":"article","og_title":"Nederhash Hashish for Sale - Buy Nederhash Hashish Online","og_description":"Discover top-notch Nederhash Hashish for sale at our online store - buy Nederhash Hashish conveniently and securely to fuel your research. Explore and buy Nederhash Hashish online, advancing your scientific endeavors with ease. Order Now!","og_url":"https:\/\/legitgrams.com\/cs\/produkt\/hasis-nederash\/","og_site_name":"Legit Grams","article_modified_time":"2025-01-14T10:17:54+00:00","og_image":[{"width":600,"height":600,"url":"https:\/\/legitgrams.com\/wp-content\/uploads\/2024\/09\/Buy-Nederhash-Hashish-Online.jpg","type":"image\/jpeg"}],"twitter_card":"summary_large_image","twitter_misc":{"Odhadovan\u00e1 doba \u010dten\u00ed":"5 minut"},"schema":{"@context":"https:\/\/schema.org","@graph":[{"@type":"WebPage","@id":"https:\/\/legitgrams.com\/product\/nederhash-hashish\/","url":"https:\/\/legitgrams.com\/product\/nederhash-hashish\/","name":"Nederhash ha\u0161i\u0161 na prodej \u2013 kupte si Nederhash ha\u0161i\u0161 online","isPartOf":{"@id":"https:\/\/legitgrams.com\/#website"},"primaryImageOfPage":{"@id":"https:\/\/legitgrams.com\/product\/nederhash-hashish\/#primaryimage"},"image":{"@id":"https:\/\/legitgrams.com\/product\/nederhash-hashish\/#primaryimage"},"thumbnailUrl":"https:\/\/legitgrams.com\/wp-content\/uploads\/2024\/09\/Buy-Nederhash-Hashish-Online.jpg","datePublished":"2024-09-21T08:38:10+00:00","dateModified":"2025-01-14T10:17:54+00:00","description":"Objevte \u0161pi\u010dkov\u00fd Nederhash Hashish na prodej v na\u0161em internetov\u00e9m obchod\u011b - nakupte Nederhash Hashish pohodln\u011b a bezpe\u010dn\u011b a podpo\u0159te sv\u016fj v\u00fdzkum. Prozkoumejte a nakupte Nederhash Hashish online, \u010d\u00edm\u017e snadno posunete sv\u00e9 v\u011bdeck\u00e9 \u00fasil\u00ed. Objedn\u00e1vejte nyn\u00ed!","breadcrumb":{"@id":"https:\/\/legitgrams.com\/product\/nederhash-hashish\/#breadcrumb"},"inLanguage":"cs","potentialAction":[{"@type":"ReadAction","target":["https:\/\/legitgrams.com\/product\/nederhash-hashish\/"]}]},{"@type":"ImageObject","inLanguage":"cs","@id":"https:\/\/legitgrams.com\/product\/nederhash-hashish\/#primaryimage","url":"https:\/\/legitgrams.com\/wp-content\/uploads\/2024\/09\/Buy-Nederhash-Hashish-Online.jpg","contentUrl":"https:\/\/legitgrams.com\/wp-content\/uploads\/2024\/09\/Buy-Nederhash-Hashish-Online.jpg","width":600,"height":600,"caption":"Nederhash Hashish for Sale"},{"@type":"BreadcrumbList","@id":"https:\/\/legitgrams.com\/product\/nederhash-hashish\/#breadcrumb","itemListElement":[{"@type":"ListItem","position":1,"name":"Home","item":"https:\/\/legitgrams.com\/"},{"@type":"ListItem","position":2,"name":"Shop","item":"https:\/\/legitgrams.com\/shop\/"},{"@type":"ListItem","position":3,"name":"Nederhash Hashish"}]},{"@type":"WebSite","@id":"https:\/\/legitgrams.com\/#website","url":"https:\/\/legitgrams.com\/","name":"Leg\u00e1ln\u00ed gramy","description":"M\u016fj blog WordPress","publisher":{"@id":"https:\/\/legitgrams.com\/#organization"},"potentialAction":[{"@type":"SearchAction","target":{"@type":"EntryPoint","urlTemplate":"https:\/\/legitgrams.com\/?s={search_term_string}"},"query-input":{"@type":"PropertyValueSpecification","valueRequired":true,"valueName":"search_term_string"}}],"inLanguage":"cs"},{"@type":"Organization","@id":"https:\/\/legitgrams.com\/#organization","name":"Leg\u00e1ln\u00ed gramy","url":"https:\/\/legitgrams.com\/","logo":{"@type":"ImageObject","inLanguage":"cs","@id":"https:\/\/legitgrams.com\/#\/schema\/logo\/image\/","url":"https:\/\/legitgrams.com\/wp-content\/uploads\/2024\/09\/main-logo.png","contentUrl":"https:\/\/legitgrams.com\/wp-content\/uploads\/2024\/09\/main-logo.png","width":270,"height":75,"caption":"Legit Grams"},"image":{"@id":"https:\/\/legitgrams.com\/#\/schema\/logo\/image\/"}}]}},"uagb_featured_image_src":{"full":["https:\/\/legitgrams.com\/wp-content\/uploads\/2024\/09\/Buy-Nederhash-Hashish-Online.jpg",600,600,false],"thumbnail":["https:\/\/legitgrams.com\/wp-content\/uploads\/2024\/09\/Buy-Nederhash-Hashish-Online-150x150.jpg",150,150,true],"medium":["https:\/\/legitgrams.com\/wp-content\/uploads\/2024\/09\/Buy-Nederhash-Hashish-Online-300x300.jpg",300,300,true],"medium_large":["https:\/\/legitgrams.com\/wp-content\/uploads\/2024\/09\/Buy-Nederhash-Hashish-Online.jpg",600,600,false],"large":["https:\/\/legitgrams.com\/wp-content\/uploads\/2024\/09\/Buy-Nederhash-Hashish-Online.jpg",600,600,false],"1536x1536":["https:\/\/legitgrams.com\/wp-content\/uploads\/2024\/09\/Buy-Nederhash-Hashish-Online.jpg",600,600,false],"2048x2048":["https:\/\/legitgrams.com\/wp-content\/uploads\/2024\/09\/Buy-Nederhash-Hashish-Online.jpg",600,600,false],"trp-custom-language-flag":["https:\/\/legitgrams.com\/wp-content\/uploads\/2024\/09\/Buy-Nederhash-Hashish-Online-12x12.jpg",12,12,true],"woocommerce_thumbnail":["https:\/\/legitgrams.com\/wp-content\/uploads\/2024\/09\/Buy-Nederhash-Hashish-Online-300x300.jpg",300,300,true],"woocommerce_single":["https:\/\/legitgrams.com\/wp-content\/uploads\/2024\/09\/Buy-Nederhash-Hashish-Online.jpg",600,600,false],"woocommerce_gallery_thumbnail":["https:\/\/legitgrams.com\/wp-content\/uploads\/2024\/09\/Buy-Nederhash-Hashish-Online-100x100.jpg",100,100,true]},"uagb_author_info":{"display_name":"cokeblog18","author_link":"https:\/\/legitgrams.com\/cs\/author\/"},"uagb_comment_info":0,"uagb_excerpt":"Nederhash Hashish Online Purchase What is a hash? The Netherlands is where the cannabis plants used to make the hash are cultivated. There are a few tiny outdoor and greenhouse advancements, but the majority of plant development takes place indoors. Generation: The manner of assembling differs depending on the manufacturer. Similar to Morocco, screening provides&hellip;","_links":{"self":[{"href":"https:\/\/legitgrams.com\/cs\/wp-json\/wp\/v2\/product\/4013","targetHints":{"allow":["GET"]}}],"collection":[{"href":"https:\/\/legitgrams.com\/cs\/wp-json\/wp\/v2\/product"}],"about":[{"href":"https:\/\/legitgrams.com\/cs\/wp-json\/wp\/v2\/types\/product"}],"replies":[{"embeddable":true,"href":"https:\/\/legitgrams.com\/cs\/wp-json\/wp\/v2\/comments?post=4013"}],"wp:featuredmedia":[{"embeddable":true,"href":"https:\/\/legitgrams.com\/cs\/wp-json\/wp\/v2\/media\/5384"}],"wp:attachment":[{"href":"https:\/\/legitgrams.com\/cs\/wp-json\/wp\/v2\/media?parent=4013"}],"wp:term":[{"taxonomy":"product_brand","embeddable":true,"href":"https:\/\/legitgrams.com\/cs\/wp-json\/wp\/v2\/product_brand?post=4013"},{"taxonomy":"product_cat","embeddable":true,"href":"https:\/\/legitgrams.com\/cs\/wp-json\/wp\/v2\/product_cat?post=4013"},{"taxonomy":"product_tag","embeddable":true,"href":"https:\/\/legitgrams.com\/cs\/wp-json\/wp\/v2\/product_tag?post=4013"}],"curies":[{"name":"wp","href":"https:\/\/api.w.org\/{rel}","templated":true}]}}