{"id":4019,"date":"2024-09-21T09:39:07","date_gmt":"2024-09-21T09:39:07","guid":{"rendered":"https:\/\/legitgrams.com\/?post_type=product&#038;p=4019"},"modified":"2025-01-14T10:38:49","modified_gmt":"2025-01-14T10:38:49","slug":"pink-kush-hash","status":"publish","type":"product","link":"https:\/\/legitgrams.com\/cs\/produkt\/pink-kush-hash\/","title":{"rendered":"Pink Kush Hash"},"content":{"rendered":"<h2>Kupte si Pink Kush Hash online<\/h2>\n<p>Znalost toho, co je leg\u00e1ln\u00ed ha\u0161i\u0161, jak se li\u0161\u00ed od jin\u00fdch produkt\u016f z tr\u00e1vy a jak souvis\u00ed s konop\u00edm, je p\u0159ed n\u00e1kupem online nezbytn\u00e1. <a href=\"https:\/\/en.wikipedia.org\/wiki\/Hashish\">Hash<\/a>, dal\u0161\u00ed p\u0159\u00edstup k \u0159e\u0161en\u00ed st\u00e1tn\u00edho \"ha\u0161i\u0161e\", je koncentr\u00e1t konop\u00ed dod\u00e1van\u00fd s vyu\u017eit\u00edm smolky rostliny tr\u00e1vy. Tento proces zahrnuje odd\u011blov\u00e1n\u00ed m\u00edzn\u00edch org\u00e1n\u016f, n\u011bkdy ozna\u010dovan\u00fdch jako trichomy, z kv\u011bt\u016f rostliny konop\u00ed. Uv\u00e1d\u00ed se, \u017ee sm\u011bsi, kter\u00e9 jsou zodpov\u011bdn\u00e9 za to, \u017ee v\u00fdrobky Maryjane z\u00edsk\u00e1vaj\u00ed sv\u00e9 charakteristick\u00e9 vlastnosti a atributy, obsahuj\u00ed v t\u011bchto trichomech nejvy\u0161\u0161\u00ed koncentrace terpen\u016f a kanabinoid\u016f. D\u00edky vysok\u00e9 koncentraci terpen\u016f a kanabinoid\u016f m\u00e1 ha\u0161i\u0161 pozoruhodnou schopnost poskytnout u\u017eivatel\u016fm konop\u00ed mimo\u0159\u00e1dn\u011b siln\u00e9 a terapeutick\u00e9 z\u00e1\u017eitky. \u00da\u010delem ha\u0161i\u0161ov\u00e9ho oleje je \u00fa\u010dinn\u00fd odstra\u0148ova\u010d konop\u00ed, kter\u00fd je vhodn\u00fd ke konzumaci, vapov\u00e1n\u00ed, kou\u0159en\u00ed a k pot\u00edr\u00e1n\u00ed poko\u017eky. V n\u011bkter\u00fdch p\u0159\u00edpadech se u\u017e\u00edv\u00e1n\u00ed ha\u0161i\u0161ov\u00e9ho oleje ozna\u010duje jako \"sah\u00e1n\u00ed\" nebo \"konzumace\". THC neboli delta-9-tetrahydrokanabinol je slo\u017eka ha\u0161i\u0161ov\u00e9ho oleje z\u00edskan\u00e1 z rostlin konop\u00ed, kter\u00e1 je stejn\u011b revolu\u010dn\u00ed jako ostatn\u00ed produkty Maryjane.<\/p>\n<p>Bez ohledu na to je ha\u0161i\u0161ov\u00fd olej siln\u011bj\u0161\u00ed, s n\u00e1r\u016fstem a\u017e 90% ve zdroji THC. Ve skute\u010dnosti je typick\u00fd obsah THC v ostatn\u00edch produktech z konop\u00ed p\u0159ibli\u017en\u011b 12%. Spolehliv\u00e9<\/p>\n<p>V sou\u010dasn\u00e9 dob\u011b je nej\u00fa\u010dinn\u011bj\u0161\u00ed metodou extrakce oleje THC extrakce CO2. Je to tak\u00e9 nejb\u011b\u017en\u011bj\u0161\u00ed a nejbezpe\u010dn\u011bj\u0161\u00ed metoda v\u00fdroby destil\u00e1tu, \u017eiv\u00fdch gumov\u00fdch n\u00e1kla\u010f\u00e1k\u016f a konopn\u00e9ho oleje. D\u016fvodem, pro\u010d je v dne\u0161n\u00ed dob\u011b tak pot\u0159ebn\u00e1, je to, \u017ee tento THC olej neobsahuje dal\u0161\u00ed rozpou\u0161t\u011bdla, jako je butan nebo alkohol. <a href=\"https:\/\/legitgrams.com\/cs\/\">LegitGrams<\/a><\/p>\n<p>V\u011bt\u0161ina olej\u016f s obsahem THC m\u00e1 typ klesaj\u00edc\u00edho p\u0159ipraven\u00e9ho profesion\u00e1la. To je nezbytn\u00e9 pro zachov\u00e1n\u00ed dokonal\u00e9 konzistence oleje pro vaping. Dv\u011bma nej\u00fa\u017easn\u011bj\u0161\u00edmi reduk\u010dn\u00edmi \u010dinidly, kter\u00e1 jsou obvykle p\u0159\u00edtomna ve standardn\u00edm e-fluidu, jsou rostlinn\u00fd glycerin (VG) a propylenglykol (PG). N\u011bkolik jich m\u00e1 r\u016fzn\u00e1 plnidla, jako je PEG, a tak\u00e9 zna\u010dn\u011b pozdn\u00ed start TEC Temper, dal\u0161\u00ed stav odvozen\u00fd od tradi\u010dn\u00edch terpen\u016f. Ha\u0161i\u0161ov\u00fd olej, kter\u00fd je mo\u017en\u00e9 zakoupit.<\/p>\n<p><a href=\"https:\/\/legitgrams.com\/cs\/produkt\/pink-kush-hash\/\">Koupit Pink Kush Hash online<\/a>: Purchase Kush, Purchase Pink Kush Hash, Purchase Pink Hash Online, Where to Purchase Pink Kush Hash, Purchase Pink Kush Hash for Sale, Purchase Hash Online, Purchase Pink Kush Hash in the USA, Canada, UK, Purchase, Online, Suppliers, Secure Delivery St\u00e1le m\u016f\u017eete z\u00edskat Pink Kush Hash, zjistit, zda je leg\u00e1ln\u00ed v USA, z\u00edskat Pink Kush Hash online a zjistit, zda je leg\u00e1ln\u00ed v Kanad\u011b.<\/p>\n<p>&nbsp;<\/p>","protected":false},"excerpt":{"rendered":"<p>Purchase Pink Kush Hash Online Knowing what legal hash is, how it differs from other weed products, and how it relates to cannabis is essential knowledge to have before making an online purchase. Hash, another approach to deal with the state \u201chashish,\u201d is a cannabis concentrate delivered utilizing the pitch of a pot plant. The &hellip;<\/p>\n<p class=\"read-more\"> <a class=\"\" href=\"https:\/\/legitgrams.com\/cs\/produkt\/pink-kush-hash\/\"> <span class=\"screen-reader-text\">Pink Kush Hash<\/span> \u010c\u00edst d\u00e1l \"<\/a><\/p>","protected":false},"featured_media":5386,"comment_status":"open","ping_status":"closed","template":"","meta":{"_uag_custom_page_level_css":"","site-sidebar-layout":"default","site-content-layout":"default","ast-global-header-display":"","ast-main-header-display":"","ast-hfb-above-header-display":"","ast-hfb-below-header-display":"","ast-hfb-mobile-header-display":"","site-post-title":"","ast-breadcrumbs-content":"","ast-featured-img":"","footer-sml-layout":"","theme-transparent-header-meta":"default","adv-header-id-meta":"","stick-header-meta":"default","header-above-stick-meta":"","header-main-stick-meta":"","header-below-stick-meta":"","_joinchat":[]},"product_brand":[],"product_cat":[605],"product_tag":[2739,2729,617,2721,2736,2733,2728,2726,2720,2723,2731,2722,2724,2732,2734,2741,2742,2740,2737,2738,2735,625,2727,2730,2725],"class_list":{"0":"post-4019","1":"product","2":"type-product","3":"status-publish","4":"has-post-thumbnail","6":"product_cat-hash-hashish","7":"product_tag-best-cheap-price-pink-kush-hash","8":"product_tag-best-place-to-buy-pink-kush-hash","9":"product_tag-bulk-online","10":"product_tag-buy-pink-kush-hash","11":"product_tag-cheap-pink-kush-hash","12":"product_tag-high-quality-pink-kush-hash","13":"product_tag-how-to-buy-pink-kush-hash","14":"product_tag-order-pink-kush-hash","15":"product_tag-pink-kush-hash","16":"product_tag-pink-kush-hash-for-sale","17":"product_tag-pink-kush-hash-legally","18":"product_tag-pink-kush-hash-online","19":"product_tag-pink-kush-hash-pink-kush-hash-supplier","20":"product_tag-pink-kush-hash-price","21":"product_tag-pink-kush-hash-store","22":"product_tag-pink-kush-hash-use","23":"product_tag-pink-kush-hash-wiki","24":"product_tag-pink-kush-hash-worldwide","25":"product_tag-pink-kush-hashs","26":"product_tag-purcharse-pink-kush-hash","27":"product_tag-shop-pink-kush-hash","28":"product_tag-top-quality","29":"product_tag-where-to-buy-pink-kush-hash","30":"product_tag-where-to-order-pink-kush-hash","31":"product_tag-wholesale-pink-kush-hash","32":"desktop-align-left","33":"tablet-align-left","34":"mobile-align-left","35":"ast-product-gallery-layout-horizontal","36":"ast-product-gallery-with-no-image","37":"ast-product-single-variable","38":"ast-product-tabs-layout-horizontal","39":"ast-qv-on-image","41":"first","42":"instock","43":"shipping-taxable","44":"purchasable","45":"product-type-variable"},"yoast_head":"<!-- This site is optimized with the Yoast SEO plugin v25.9 - https:\/\/yoast.com\/wordpress\/plugins\/seo\/ -->\n<title>Pink Kush Hash for Sale - Order Pink Kush Hash Online<\/title>\n<meta name=\"description\" content=\"Discover top-notch Pink Kush Hash for sale at our online store - buy Pink Kush Hash conveniently and securely to fuel your research. Explore and buy Pink Kush Hash online, advancing your scientific endeavors with ease. Order Now!\" \/>\n<meta name=\"robots\" content=\"index, follow, max-snippet:-1, max-image-preview:large, max-video-preview:-1\" \/>\n<link rel=\"canonical\" href=\"https:\/\/legitgrams.com\/cs\/produkt\/pink-kush-hash\/\" \/>\n<meta property=\"og:locale\" content=\"cs_CZ\" \/>\n<meta property=\"og:type\" content=\"article\" \/>\n<meta property=\"og:title\" content=\"Pink Kush Hash for Sale - Order Pink Kush Hash Online\" \/>\n<meta property=\"og:description\" content=\"Discover top-notch Pink Kush Hash for sale at our online store - buy Pink Kush Hash conveniently and securely to fuel your research. Explore and buy Pink Kush Hash online, advancing your scientific endeavors with ease. Order Now!\" \/>\n<meta property=\"og:url\" content=\"https:\/\/legitgrams.com\/cs\/produkt\/pink-kush-hash\/\" \/>\n<meta property=\"og:site_name\" content=\"Legit Grams\" \/>\n<meta property=\"article:modified_time\" content=\"2025-01-14T10:38:49+00:00\" \/>\n<meta property=\"og:image\" content=\"https:\/\/legitgrams.com\/wp-content\/uploads\/2024\/09\/buy-pink-kush-hash.jpg\" \/>\n\t<meta property=\"og:image:width\" content=\"600\" \/>\n\t<meta property=\"og:image:height\" content=\"600\" \/>\n\t<meta property=\"og:image:type\" content=\"image\/jpeg\" \/>\n<meta name=\"twitter:card\" content=\"summary_large_image\" \/>\n<meta name=\"twitter:label1\" content=\"Odhadovan\u00e1 doba \u010dten\u00ed\" \/>\n\t<meta name=\"twitter:data1\" content=\"2 minuty\" \/>\n<script type=\"application\/ld+json\" class=\"yoast-schema-graph\">{\"@context\":\"https:\/\/schema.org\",\"@graph\":[{\"@type\":\"WebPage\",\"@id\":\"https:\/\/legitgrams.com\/product\/pink-kush-hash\/\",\"url\":\"https:\/\/legitgrams.com\/product\/pink-kush-hash\/\",\"name\":\"Pink Kush Hash for Sale - Order Pink Kush Hash Online\",\"isPartOf\":{\"@id\":\"https:\/\/legitgrams.com\/#website\"},\"primaryImageOfPage\":{\"@id\":\"https:\/\/legitgrams.com\/product\/pink-kush-hash\/#primaryimage\"},\"image\":{\"@id\":\"https:\/\/legitgrams.com\/product\/pink-kush-hash\/#primaryimage\"},\"thumbnailUrl\":\"https:\/\/legitgrams.com\/wp-content\/uploads\/2024\/09\/buy-pink-kush-hash.jpg\",\"datePublished\":\"2024-09-21T09:39:07+00:00\",\"dateModified\":\"2025-01-14T10:38:49+00:00\",\"description\":\"Discover top-notch Pink Kush Hash for sale at our online store - buy Pink Kush Hash conveniently and securely to fuel your research. Explore and buy Pink Kush Hash online, advancing your scientific endeavors with ease. Order Now!\",\"breadcrumb\":{\"@id\":\"https:\/\/legitgrams.com\/product\/pink-kush-hash\/#breadcrumb\"},\"inLanguage\":\"cs\",\"potentialAction\":[{\"@type\":\"ReadAction\",\"target\":[\"https:\/\/legitgrams.com\/product\/pink-kush-hash\/\"]}]},{\"@type\":\"ImageObject\",\"inLanguage\":\"cs\",\"@id\":\"https:\/\/legitgrams.com\/product\/pink-kush-hash\/#primaryimage\",\"url\":\"https:\/\/legitgrams.com\/wp-content\/uploads\/2024\/09\/buy-pink-kush-hash.jpg\",\"contentUrl\":\"https:\/\/legitgrams.com\/wp-content\/uploads\/2024\/09\/buy-pink-kush-hash.jpg\",\"width\":600,\"height\":600,\"caption\":\"Pink Kush Hash for Sale\"},{\"@type\":\"BreadcrumbList\",\"@id\":\"https:\/\/legitgrams.com\/product\/pink-kush-hash\/#breadcrumb\",\"itemListElement\":[{\"@type\":\"ListItem\",\"position\":1,\"name\":\"Home\",\"item\":\"https:\/\/legitgrams.com\/\"},{\"@type\":\"ListItem\",\"position\":2,\"name\":\"Shop\",\"item\":\"https:\/\/legitgrams.com\/shop\/\"},{\"@type\":\"ListItem\",\"position\":3,\"name\":\"Pink Kush Hash\"}]},{\"@type\":\"WebSite\",\"@id\":\"https:\/\/legitgrams.com\/#website\",\"url\":\"https:\/\/legitgrams.com\/\",\"name\":\"Legit Grams\",\"description\":\"My WordPress Blog\",\"publisher\":{\"@id\":\"https:\/\/legitgrams.com\/#organization\"},\"potentialAction\":[{\"@type\":\"SearchAction\",\"target\":{\"@type\":\"EntryPoint\",\"urlTemplate\":\"https:\/\/legitgrams.com\/?s={search_term_string}\"},\"query-input\":{\"@type\":\"PropertyValueSpecification\",\"valueRequired\":true,\"valueName\":\"search_term_string\"}}],\"inLanguage\":\"cs\"},{\"@type\":\"Organization\",\"@id\":\"https:\/\/legitgrams.com\/#organization\",\"name\":\"Legit Grams\",\"url\":\"https:\/\/legitgrams.com\/\",\"logo\":{\"@type\":\"ImageObject\",\"inLanguage\":\"cs\",\"@id\":\"https:\/\/legitgrams.com\/#\/schema\/logo\/image\/\",\"url\":\"https:\/\/legitgrams.com\/wp-content\/uploads\/2024\/09\/main-logo.png\",\"contentUrl\":\"https:\/\/legitgrams.com\/wp-content\/uploads\/2024\/09\/main-logo.png\",\"width\":270,\"height\":75,\"caption\":\"Legit Grams\"},\"image\":{\"@id\":\"https:\/\/legitgrams.com\/#\/schema\/logo\/image\/\"}}]}<\/script>\n<!-- \/ Yoast SEO plugin. -->","yoast_head_json":{"title":"Pink Kush Hash na prodej \u2013 objednejte si Pink Kush Hash online","description":"Objevte prvot\u0159\u00eddn\u00ed Pink Kush Hash na prodej v na\u0161em internetov\u00e9m obchod\u011b - nakupte si Pink Kush Hash pohodln\u011b a bezpe\u010dn\u011b a podpo\u0159te sv\u016fj v\u00fdzkum. Prozkoumejte a nakupte Pink Kush Hash online, \u010d\u00edm\u017e snadno posunete sv\u00e9 v\u011bdeck\u00e9 sna\u017een\u00ed kup\u0159edu. Objedn\u00e1vejte nyn\u00ed!","robots":{"index":"index","follow":"follow","max-snippet":"max-snippet:-1","max-image-preview":"max-image-preview:large","max-video-preview":"max-video-preview:-1"},"canonical":"https:\/\/legitgrams.com\/cs\/produkt\/pink-kush-hash\/","og_locale":"cs_CZ","og_type":"article","og_title":"Pink Kush Hash for Sale - Order Pink Kush Hash Online","og_description":"Discover top-notch Pink Kush Hash for sale at our online store - buy Pink Kush Hash conveniently and securely to fuel your research. Explore and buy Pink Kush Hash online, advancing your scientific endeavors with ease. Order Now!","og_url":"https:\/\/legitgrams.com\/cs\/produkt\/pink-kush-hash\/","og_site_name":"Legit Grams","article_modified_time":"2025-01-14T10:38:49+00:00","og_image":[{"width":600,"height":600,"url":"https:\/\/legitgrams.com\/wp-content\/uploads\/2024\/09\/buy-pink-kush-hash.jpg","type":"image\/jpeg"}],"twitter_card":"summary_large_image","twitter_misc":{"Odhadovan\u00e1 doba \u010dten\u00ed":"2 minuty"},"schema":{"@context":"https:\/\/schema.org","@graph":[{"@type":"WebPage","@id":"https:\/\/legitgrams.com\/product\/pink-kush-hash\/","url":"https:\/\/legitgrams.com\/product\/pink-kush-hash\/","name":"Pink Kush Hash na prodej \u2013 objednejte si Pink Kush Hash online","isPartOf":{"@id":"https:\/\/legitgrams.com\/#website"},"primaryImageOfPage":{"@id":"https:\/\/legitgrams.com\/product\/pink-kush-hash\/#primaryimage"},"image":{"@id":"https:\/\/legitgrams.com\/product\/pink-kush-hash\/#primaryimage"},"thumbnailUrl":"https:\/\/legitgrams.com\/wp-content\/uploads\/2024\/09\/buy-pink-kush-hash.jpg","datePublished":"2024-09-21T09:39:07+00:00","dateModified":"2025-01-14T10:38:49+00:00","description":"Objevte prvot\u0159\u00eddn\u00ed Pink Kush Hash na prodej v na\u0161em internetov\u00e9m obchod\u011b - nakupte si Pink Kush Hash pohodln\u011b a bezpe\u010dn\u011b a podpo\u0159te sv\u016fj v\u00fdzkum. Prozkoumejte a nakupte Pink Kush Hash online, \u010d\u00edm\u017e snadno posunete sv\u00e9 v\u011bdeck\u00e9 sna\u017een\u00ed kup\u0159edu. Objedn\u00e1vejte nyn\u00ed!","breadcrumb":{"@id":"https:\/\/legitgrams.com\/product\/pink-kush-hash\/#breadcrumb"},"inLanguage":"cs","potentialAction":[{"@type":"ReadAction","target":["https:\/\/legitgrams.com\/product\/pink-kush-hash\/"]}]},{"@type":"ImageObject","inLanguage":"cs","@id":"https:\/\/legitgrams.com\/product\/pink-kush-hash\/#primaryimage","url":"https:\/\/legitgrams.com\/wp-content\/uploads\/2024\/09\/buy-pink-kush-hash.jpg","contentUrl":"https:\/\/legitgrams.com\/wp-content\/uploads\/2024\/09\/buy-pink-kush-hash.jpg","width":600,"height":600,"caption":"Pink Kush Hash for Sale"},{"@type":"BreadcrumbList","@id":"https:\/\/legitgrams.com\/product\/pink-kush-hash\/#breadcrumb","itemListElement":[{"@type":"ListItem","position":1,"name":"Home","item":"https:\/\/legitgrams.com\/"},{"@type":"ListItem","position":2,"name":"Shop","item":"https:\/\/legitgrams.com\/shop\/"},{"@type":"ListItem","position":3,"name":"Pink Kush Hash"}]},{"@type":"WebSite","@id":"https:\/\/legitgrams.com\/#website","url":"https:\/\/legitgrams.com\/","name":"Leg\u00e1ln\u00ed gramy","description":"M\u016fj blog WordPress","publisher":{"@id":"https:\/\/legitgrams.com\/#organization"},"potentialAction":[{"@type":"SearchAction","target":{"@type":"EntryPoint","urlTemplate":"https:\/\/legitgrams.com\/?s={search_term_string}"},"query-input":{"@type":"PropertyValueSpecification","valueRequired":true,"valueName":"search_term_string"}}],"inLanguage":"cs"},{"@type":"Organization","@id":"https:\/\/legitgrams.com\/#organization","name":"Leg\u00e1ln\u00ed gramy","url":"https:\/\/legitgrams.com\/","logo":{"@type":"ImageObject","inLanguage":"cs","@id":"https:\/\/legitgrams.com\/#\/schema\/logo\/image\/","url":"https:\/\/legitgrams.com\/wp-content\/uploads\/2024\/09\/main-logo.png","contentUrl":"https:\/\/legitgrams.com\/wp-content\/uploads\/2024\/09\/main-logo.png","width":270,"height":75,"caption":"Legit Grams"},"image":{"@id":"https:\/\/legitgrams.com\/#\/schema\/logo\/image\/"}}]}},"uagb_featured_image_src":{"full":["https:\/\/legitgrams.com\/wp-content\/uploads\/2024\/09\/buy-pink-kush-hash.jpg",600,600,false],"thumbnail":["https:\/\/legitgrams.com\/wp-content\/uploads\/2024\/09\/buy-pink-kush-hash-150x150.jpg",150,150,true],"medium":["https:\/\/legitgrams.com\/wp-content\/uploads\/2024\/09\/buy-pink-kush-hash-300x300.jpg",300,300,true],"medium_large":["https:\/\/legitgrams.com\/wp-content\/uploads\/2024\/09\/buy-pink-kush-hash.jpg",600,600,false],"large":["https:\/\/legitgrams.com\/wp-content\/uploads\/2024\/09\/buy-pink-kush-hash.jpg",600,600,false],"1536x1536":["https:\/\/legitgrams.com\/wp-content\/uploads\/2024\/09\/buy-pink-kush-hash.jpg",600,600,false],"2048x2048":["https:\/\/legitgrams.com\/wp-content\/uploads\/2024\/09\/buy-pink-kush-hash.jpg",600,600,false],"trp-custom-language-flag":["https:\/\/legitgrams.com\/wp-content\/uploads\/2024\/09\/buy-pink-kush-hash-12x12.jpg",12,12,true],"woocommerce_thumbnail":["https:\/\/legitgrams.com\/wp-content\/uploads\/2024\/09\/buy-pink-kush-hash-300x300.jpg",300,300,true],"woocommerce_single":["https:\/\/legitgrams.com\/wp-content\/uploads\/2024\/09\/buy-pink-kush-hash.jpg",600,600,false],"woocommerce_gallery_thumbnail":["https:\/\/legitgrams.com\/wp-content\/uploads\/2024\/09\/buy-pink-kush-hash-100x100.jpg",100,100,true]},"uagb_author_info":{"display_name":"cokeblog18","author_link":"https:\/\/legitgrams.com\/cs\/author\/"},"uagb_comment_info":0,"uagb_excerpt":"Purchase Pink Kush Hash Online Knowing what legal hash is, how it differs from other weed products, and how it relates to cannabis is essential knowledge to have before making an online purchase. Hash, another approach to deal with the state \u201chashish,\u201d is a cannabis concentrate delivered utilizing the pitch of a pot plant. The&hellip;","_links":{"self":[{"href":"https:\/\/legitgrams.com\/cs\/wp-json\/wp\/v2\/product\/4019","targetHints":{"allow":["GET"]}}],"collection":[{"href":"https:\/\/legitgrams.com\/cs\/wp-json\/wp\/v2\/product"}],"about":[{"href":"https:\/\/legitgrams.com\/cs\/wp-json\/wp\/v2\/types\/product"}],"replies":[{"embeddable":true,"href":"https:\/\/legitgrams.com\/cs\/wp-json\/wp\/v2\/comments?post=4019"}],"wp:featuredmedia":[{"embeddable":true,"href":"https:\/\/legitgrams.com\/cs\/wp-json\/wp\/v2\/media\/5386"}],"wp:attachment":[{"href":"https:\/\/legitgrams.com\/cs\/wp-json\/wp\/v2\/media?parent=4019"}],"wp:term":[{"taxonomy":"product_brand","embeddable":true,"href":"https:\/\/legitgrams.com\/cs\/wp-json\/wp\/v2\/product_brand?post=4019"},{"taxonomy":"product_cat","embeddable":true,"href":"https:\/\/legitgrams.com\/cs\/wp-json\/wp\/v2\/product_cat?post=4019"},{"taxonomy":"product_tag","embeddable":true,"href":"https:\/\/legitgrams.com\/cs\/wp-json\/wp\/v2\/product_tag?post=4019"}],"curies":[{"name":"wp","href":"https:\/\/api.w.org\/{rel}","templated":true}]}}