{"id":4170,"date":"2024-09-21T12:08:45","date_gmt":"2024-09-21T12:08:45","guid":{"rendered":"https:\/\/legitgrams.com\/?post_type=product&#038;p=4170"},"modified":"2025-01-13T09:14:29","modified_gmt":"2025-01-13T09:14:29","slug":"alaskan-thunder-fuck-budder-top-shelf","status":"publish","type":"product","link":"https:\/\/legitgrams.com\/cs\/produkt\/alaskan-thunder-fuck-budder-top-shelf\/","title":{"rendered":"Alaskan Thunder Fuck Budder - Top Shelf"},"content":{"rendered":"<h2>Nejlep\u0161\u00ed police online: Alaskan Thunder Fuck Budder na prodej<\/h2>\n<p>Poch\u00e1zej\u00edc\u00ed v <a href=\"https:\/\/legitgrams.com\/cs\/produkt\/alaskan-thunder-fuck-budder-top-shelf\/\">Alja\u0161ka<\/a> Matanuska Valley, Alaskan Thunder Fuck je speci\u00e1ln\u00ed sativa-dominantn\u00ed odr\u016fda. Jin\u00e1 jm\u00e9na jsou Matanuska Tundra, Matanuska Thunder Fuck a ATF. P\u0159edpokl\u00e1d\u00e1 se, \u017ee za\u010dala jako sativa ze severn\u00ed Kalifornie k\u0159\u00ed\u017een\u00e1 s ruskou ruderalis, ale koncem 70. let byla zk\u0159\u00ed\u017eena s afgh\u00e1nskou genetikou. Tento kmen m\u00e1 siln\u00e9 aroma, kter\u00e9 obsahuje t\u00f3ny mentolu a skunku spolu s citronem a borovic\u00ed. ATF je popul\u00e1rn\u00ed pro svou schopnost stimulovat hlad, stejn\u011b jako pro sv\u00e9 li\u00e1novit\u00e9 \u00fa\u010dinky. Prvn\u00ed zn\u00e1mkou vysok\u00e9 hladiny ATF je n\u00e1hl\u00fd n\u00e1stup mozkov\u00e9 stimulace, kter\u00e1 podporuje kreativitu a dru\u017enost. T\u011blo rychle p\u0159ech\u00e1z\u00ed z tohoto intenzivn\u00edho vzru\u0161en\u00ed do klidn\u00e9ho stavu a hladu <a href=\"https:\/\/legitgrams.com\/cs\/\">LegitGrams<\/a><\/p>\n<p>uj\u00edm\u00e1 se. Alaskan Thunder Fuck pom\u00e1h\u00e1 s depres\u00ed, chronick\u00fdm stresem, sn\u00ed\u017eenou chut\u00ed k j\u00eddlu a m\u00edrn\u00fdm a\u017e st\u0159edn\u00edm nepohodl\u00edm.<\/p>\n<p>nakoupit <a href=\"https:\/\/en.wikipedia.org\/wiki\/Alaska\">Alaskan<\/a> Thunder Fuck Budder \u2013 Top Shelf \u2013 koupit Alaskan Thunder, koupit Alaskan Thunder Fuck Budder, koupit Alaskan Thunder Budder online, Kde z\u00edskat Alaskan Thunder Fuck Budder, kde koupit Alaskan Thunder Fuck Budder online, kde koupit Alaskan Thunder Fuck Budder v USA , Kanada a Spojen\u00e9 kr\u00e1lovstv\u00ed, kde jej koupit online, dodavatel\u00e9 a bezpe\u010dn\u00e9 doru\u010den\u00ed St\u00e1le m\u016f\u017eete z\u00edskat Alaskan Thunder Fuck Budder. Povoluj\u00ed Spojen\u00e9 st\u00e1ty prodej Alaskan Thunder Fuck Budder? Jak\u00fd je z\u00e1konn\u00fd zp\u016fsob, jak z\u00edskat Alaskan Thunder Fuck Budder online v Kanad\u011b?<\/p>","protected":false},"excerpt":{"rendered":"<p>Top Shelf Online: Alaskan Thunder Fuck Budder for Sale Originating in Alaska&#8217;s Matanuska Valley, Alaskan Thunder Fuck is a special sativa-dominant strain. Other names for it are Matanuska Tundra, Matanuska Thunder Fuck, and ATF. It is believed to have begun as a Northern California sativa crossed with a Russian ruderalis, but in the late 1970s &hellip;<\/p>\n<p class=\"read-more\"> <a class=\"\" href=\"https:\/\/legitgrams.com\/cs\/produkt\/alaskan-thunder-fuck-budder-top-shelf\/\"> <span class=\"screen-reader-text\">Alaskan Thunder Fuck Budder - Top Shelf<\/span> \u010c\u00edst d\u00e1l \"<\/a><\/p>","protected":false},"featured_media":5388,"comment_status":"open","ping_status":"closed","template":"","meta":{"_uag_custom_page_level_css":"","site-sidebar-layout":"default","site-content-layout":"default","ast-global-header-display":"","ast-main-header-display":"","ast-hfb-above-header-display":"","ast-hfb-below-header-display":"","ast-hfb-mobile-header-display":"","site-post-title":"","ast-breadcrumbs-content":"","ast-featured-img":"","footer-sml-layout":"","theme-transparent-header-meta":"default","adv-header-id-meta":"","stick-header-meta":"default","header-above-stick-meta":"","header-main-stick-meta":"","header-below-stick-meta":"","_joinchat":[]},"product_brand":[],"product_cat":[606],"product_tag":[2582,2586,2585,2593,2584,2594,2596,2603,2604,2602,2599,2601,2591,617,2583,2598,2595,2590,2588,2600,2597,625,2589,2592,2587],"class_list":{"0":"post-4170","1":"product","2":"type-product","3":"status-publish","4":"has-post-thumbnail","6":"product_cat-marijuana-wax","7":"product_tag-alaskan-thunder-fuck-budder-top-shelf","8":"product_tag-alaskan-thunder-fuck-budder-top-shelf-alaskan-thunder-fuck-budder-top-shelf-supplier","9":"product_tag-alaskan-thunder-fuck-budder-top-shelf-for-sale","10":"product_tag-alaskan-thunder-fuck-budder-top-shelf-legally","11":"product_tag-alaskan-thunder-fuck-budder-top-shelf-online","12":"product_tag-alaskan-thunder-fuck-budder-top-shelf-price","13":"product_tag-alaskan-thunder-fuck-budder-top-shelf-store","14":"product_tag-alaskan-thunder-fuck-budder-top-shelf-use","15":"product_tag-alaskan-thunder-fuck-budder-top-shelf-wiki","16":"product_tag-alaskan-thunder-fuck-budder-top-shelf-worldwide","17":"product_tag-alaskan-thunder-fuck-budder-top-shelfs","18":"product_tag-best-cheap-price-alaskan-thunder-fuck-budder-top-shelf","19":"product_tag-best-place-to-buy-alaskan-thunder-fuck-budder-top-shelf","20":"product_tag-bulk-online","21":"product_tag-buy-alaskan-thunder-fuck-budder-top-shelf","22":"product_tag-cheap-alaskan-thunder-fuck-budder-top-shelf","23":"product_tag-high-quality-alaskan-thunder-fuck-budder-top-shelf","24":"product_tag-how-to-buy-alaskan-thunder-fuck-budder-top-shelf","25":"product_tag-order-alaskan-thunder-fuck-budder-top-shelf","26":"product_tag-purcharse-alaskan-thunder-fuck-budder-top-shelf","27":"product_tag-shop-alaskan-thunder-fuck-budder-top-shelf","28":"product_tag-top-quality","29":"product_tag-where-to-buy-alaskan-thunder-fuck-budder-top-shelf","30":"product_tag-where-to-order-alaskan-thunder-fuck-budder-top-shelf","31":"product_tag-wholesale-alaskan-thunder-fuck-budder-top-shelf","32":"desktop-align-left","33":"tablet-align-left","34":"mobile-align-left","35":"ast-product-gallery-layout-horizontal","36":"ast-product-gallery-with-no-image","37":"ast-product-single-variable","38":"ast-product-tabs-layout-horizontal","39":"ast-qv-on-image","41":"first","42":"instock","43":"shipping-taxable","44":"purchasable","45":"product-type-variable"},"yoast_head":"<!-- This site is optimized with the Yoast SEO plugin v25.9 - https:\/\/yoast.com\/wordpress\/plugins\/seo\/ -->\n<title>Alaskan Thunder Fuck Budder for Sale - Shop Alaskan Online<\/title>\n<meta name=\"description\" content=\"Looking for a reliable source to buy alaskan thunder fuck budder online? Your search ends here. Order alaskan thunder Fuck budder online from our trusted store. Get Express Delivery Now!\" \/>\n<meta name=\"robots\" content=\"index, follow, max-snippet:-1, max-image-preview:large, max-video-preview:-1\" \/>\n<link rel=\"canonical\" href=\"https:\/\/legitgrams.com\/cs\/produkt\/alaskan-thunder-fuck-budder-top-shelf\/\" \/>\n<meta property=\"og:locale\" content=\"cs_CZ\" \/>\n<meta property=\"og:type\" content=\"article\" \/>\n<meta property=\"og:title\" content=\"Alaskan Thunder Fuck Budder for Sale - Shop Alaskan Online\" \/>\n<meta property=\"og:description\" content=\"Looking for a reliable source to buy alaskan thunder fuck budder online? Your search ends here. Order alaskan thunder Fuck budder online from our trusted store. Get Express Delivery Now!\" \/>\n<meta property=\"og:url\" content=\"https:\/\/legitgrams.com\/cs\/produkt\/alaskan-thunder-fuck-budder-top-shelf\/\" \/>\n<meta property=\"og:site_name\" content=\"Legit Grams\" \/>\n<meta property=\"article:modified_time\" content=\"2025-01-13T09:14:29+00:00\" \/>\n<meta property=\"og:image\" content=\"https:\/\/legitgrams.com\/wp-content\/uploads\/2024\/09\/Buy-Alaskan-Thunder-Fuck-Budder.jpg\" \/>\n\t<meta property=\"og:image:width\" content=\"600\" \/>\n\t<meta property=\"og:image:height\" content=\"600\" \/>\n\t<meta property=\"og:image:type\" content=\"image\/jpeg\" \/>\n<meta name=\"twitter:card\" content=\"summary_large_image\" \/>\n<meta name=\"twitter:label1\" content=\"Odhadovan\u00e1 doba \u010dten\u00ed\" \/>\n\t<meta name=\"twitter:data1\" content=\"2 minuty\" \/>\n<script type=\"application\/ld+json\" class=\"yoast-schema-graph\">{\"@context\":\"https:\/\/schema.org\",\"@graph\":[{\"@type\":\"WebPage\",\"@id\":\"https:\/\/legitgrams.com\/product\/alaskan-thunder-fuck-budder-top-shelf\/\",\"url\":\"https:\/\/legitgrams.com\/product\/alaskan-thunder-fuck-budder-top-shelf\/\",\"name\":\"Alaskan Thunder Fuck Budder for Sale - Shop Alaskan Online\",\"isPartOf\":{\"@id\":\"https:\/\/legitgrams.com\/#website\"},\"primaryImageOfPage\":{\"@id\":\"https:\/\/legitgrams.com\/product\/alaskan-thunder-fuck-budder-top-shelf\/#primaryimage\"},\"image\":{\"@id\":\"https:\/\/legitgrams.com\/product\/alaskan-thunder-fuck-budder-top-shelf\/#primaryimage\"},\"thumbnailUrl\":\"https:\/\/legitgrams.com\/wp-content\/uploads\/2024\/09\/Buy-Alaskan-Thunder-Fuck-Budder.jpg\",\"datePublished\":\"2024-09-21T12:08:45+00:00\",\"dateModified\":\"2025-01-13T09:14:29+00:00\",\"description\":\"Looking for a reliable source to buy alaskan thunder fuck budder online? Your search ends here. Order alaskan thunder Fuck budder online from our trusted store. Get Express Delivery Now!\",\"breadcrumb\":{\"@id\":\"https:\/\/legitgrams.com\/product\/alaskan-thunder-fuck-budder-top-shelf\/#breadcrumb\"},\"inLanguage\":\"cs\",\"potentialAction\":[{\"@type\":\"ReadAction\",\"target\":[\"https:\/\/legitgrams.com\/product\/alaskan-thunder-fuck-budder-top-shelf\/\"]}]},{\"@type\":\"ImageObject\",\"inLanguage\":\"cs\",\"@id\":\"https:\/\/legitgrams.com\/product\/alaskan-thunder-fuck-budder-top-shelf\/#primaryimage\",\"url\":\"https:\/\/legitgrams.com\/wp-content\/uploads\/2024\/09\/Buy-Alaskan-Thunder-Fuck-Budder.jpg\",\"contentUrl\":\"https:\/\/legitgrams.com\/wp-content\/uploads\/2024\/09\/Buy-Alaskan-Thunder-Fuck-Budder.jpg\",\"width\":600,\"height\":600,\"caption\":\"Alaskan Thunder Fuck Budder for Sale\"},{\"@type\":\"BreadcrumbList\",\"@id\":\"https:\/\/legitgrams.com\/product\/alaskan-thunder-fuck-budder-top-shelf\/#breadcrumb\",\"itemListElement\":[{\"@type\":\"ListItem\",\"position\":1,\"name\":\"Home\",\"item\":\"https:\/\/legitgrams.com\/\"},{\"@type\":\"ListItem\",\"position\":2,\"name\":\"Shop\",\"item\":\"https:\/\/legitgrams.com\/shop\/\"},{\"@type\":\"ListItem\",\"position\":3,\"name\":\"Alaskan Thunder Fuck Budder \u2013 Top Shelf\"}]},{\"@type\":\"WebSite\",\"@id\":\"https:\/\/legitgrams.com\/#website\",\"url\":\"https:\/\/legitgrams.com\/\",\"name\":\"Legit Grams\",\"description\":\"My WordPress Blog\",\"publisher\":{\"@id\":\"https:\/\/legitgrams.com\/#organization\"},\"potentialAction\":[{\"@type\":\"SearchAction\",\"target\":{\"@type\":\"EntryPoint\",\"urlTemplate\":\"https:\/\/legitgrams.com\/?s={search_term_string}\"},\"query-input\":{\"@type\":\"PropertyValueSpecification\",\"valueRequired\":true,\"valueName\":\"search_term_string\"}}],\"inLanguage\":\"cs\"},{\"@type\":\"Organization\",\"@id\":\"https:\/\/legitgrams.com\/#organization\",\"name\":\"Legit Grams\",\"url\":\"https:\/\/legitgrams.com\/\",\"logo\":{\"@type\":\"ImageObject\",\"inLanguage\":\"cs\",\"@id\":\"https:\/\/legitgrams.com\/#\/schema\/logo\/image\/\",\"url\":\"https:\/\/legitgrams.com\/wp-content\/uploads\/2024\/09\/main-logo.png\",\"contentUrl\":\"https:\/\/legitgrams.com\/wp-content\/uploads\/2024\/09\/main-logo.png\",\"width\":270,\"height\":75,\"caption\":\"Legit Grams\"},\"image\":{\"@id\":\"https:\/\/legitgrams.com\/#\/schema\/logo\/image\/\"}}]}<\/script>\n<!-- \/ Yoast SEO plugin. -->","yoast_head_json":{"title":"Alaskan Thunder Fuck Budder na prodej \u2013 nakupujte Alaskan online","description":"Hled\u00e1te spolehliv\u00fd zdroj pro n\u00e1kup alaskan thunder fuck budder online? Va\u0161e hled\u00e1n\u00ed kon\u010d\u00ed zde. Objednejte si alaskan thunder Fuck budder online z na\u0161eho d\u016fv\u011bryhodn\u00e9ho obchodu. Z\u00edskejte expresn\u00ed doru\u010den\u00ed nyn\u00ed!","robots":{"index":"index","follow":"follow","max-snippet":"max-snippet:-1","max-image-preview":"max-image-preview:large","max-video-preview":"max-video-preview:-1"},"canonical":"https:\/\/legitgrams.com\/cs\/produkt\/alaskan-thunder-fuck-budder-top-shelf\/","og_locale":"cs_CZ","og_type":"article","og_title":"Alaskan Thunder Fuck Budder for Sale - Shop Alaskan Online","og_description":"Looking for a reliable source to buy alaskan thunder fuck budder online? Your search ends here. Order alaskan thunder Fuck budder online from our trusted store. Get Express Delivery Now!","og_url":"https:\/\/legitgrams.com\/cs\/produkt\/alaskan-thunder-fuck-budder-top-shelf\/","og_site_name":"Legit Grams","article_modified_time":"2025-01-13T09:14:29+00:00","og_image":[{"width":600,"height":600,"url":"https:\/\/legitgrams.com\/wp-content\/uploads\/2024\/09\/Buy-Alaskan-Thunder-Fuck-Budder.jpg","type":"image\/jpeg"}],"twitter_card":"summary_large_image","twitter_misc":{"Odhadovan\u00e1 doba \u010dten\u00ed":"2 minuty"},"schema":{"@context":"https:\/\/schema.org","@graph":[{"@type":"WebPage","@id":"https:\/\/legitgrams.com\/product\/alaskan-thunder-fuck-budder-top-shelf\/","url":"https:\/\/legitgrams.com\/product\/alaskan-thunder-fuck-budder-top-shelf\/","name":"Alaskan Thunder Fuck Budder na prodej \u2013 nakupujte Alaskan online","isPartOf":{"@id":"https:\/\/legitgrams.com\/#website"},"primaryImageOfPage":{"@id":"https:\/\/legitgrams.com\/product\/alaskan-thunder-fuck-budder-top-shelf\/#primaryimage"},"image":{"@id":"https:\/\/legitgrams.com\/product\/alaskan-thunder-fuck-budder-top-shelf\/#primaryimage"},"thumbnailUrl":"https:\/\/legitgrams.com\/wp-content\/uploads\/2024\/09\/Buy-Alaskan-Thunder-Fuck-Budder.jpg","datePublished":"2024-09-21T12:08:45+00:00","dateModified":"2025-01-13T09:14:29+00:00","description":"Hled\u00e1te spolehliv\u00fd zdroj pro n\u00e1kup alaskan thunder fuck budder online? Va\u0161e hled\u00e1n\u00ed kon\u010d\u00ed zde. Objednejte si alaskan thunder Fuck budder online z na\u0161eho d\u016fv\u011bryhodn\u00e9ho obchodu. Z\u00edskejte expresn\u00ed doru\u010den\u00ed nyn\u00ed!","breadcrumb":{"@id":"https:\/\/legitgrams.com\/product\/alaskan-thunder-fuck-budder-top-shelf\/#breadcrumb"},"inLanguage":"cs","potentialAction":[{"@type":"ReadAction","target":["https:\/\/legitgrams.com\/product\/alaskan-thunder-fuck-budder-top-shelf\/"]}]},{"@type":"ImageObject","inLanguage":"cs","@id":"https:\/\/legitgrams.com\/product\/alaskan-thunder-fuck-budder-top-shelf\/#primaryimage","url":"https:\/\/legitgrams.com\/wp-content\/uploads\/2024\/09\/Buy-Alaskan-Thunder-Fuck-Budder.jpg","contentUrl":"https:\/\/legitgrams.com\/wp-content\/uploads\/2024\/09\/Buy-Alaskan-Thunder-Fuck-Budder.jpg","width":600,"height":600,"caption":"Alaskan Thunder Fuck Budder for Sale"},{"@type":"BreadcrumbList","@id":"https:\/\/legitgrams.com\/product\/alaskan-thunder-fuck-budder-top-shelf\/#breadcrumb","itemListElement":[{"@type":"ListItem","position":1,"name":"Home","item":"https:\/\/legitgrams.com\/"},{"@type":"ListItem","position":2,"name":"Shop","item":"https:\/\/legitgrams.com\/shop\/"},{"@type":"ListItem","position":3,"name":"Alaskan Thunder Fuck Budder \u2013 Top Shelf"}]},{"@type":"WebSite","@id":"https:\/\/legitgrams.com\/#website","url":"https:\/\/legitgrams.com\/","name":"Leg\u00e1ln\u00ed gramy","description":"M\u016fj blog WordPress","publisher":{"@id":"https:\/\/legitgrams.com\/#organization"},"potentialAction":[{"@type":"SearchAction","target":{"@type":"EntryPoint","urlTemplate":"https:\/\/legitgrams.com\/?s={search_term_string}"},"query-input":{"@type":"PropertyValueSpecification","valueRequired":true,"valueName":"search_term_string"}}],"inLanguage":"cs"},{"@type":"Organization","@id":"https:\/\/legitgrams.com\/#organization","name":"Leg\u00e1ln\u00ed gramy","url":"https:\/\/legitgrams.com\/","logo":{"@type":"ImageObject","inLanguage":"cs","@id":"https:\/\/legitgrams.com\/#\/schema\/logo\/image\/","url":"https:\/\/legitgrams.com\/wp-content\/uploads\/2024\/09\/main-logo.png","contentUrl":"https:\/\/legitgrams.com\/wp-content\/uploads\/2024\/09\/main-logo.png","width":270,"height":75,"caption":"Legit Grams"},"image":{"@id":"https:\/\/legitgrams.com\/#\/schema\/logo\/image\/"}}]}},"uagb_featured_image_src":{"full":["https:\/\/legitgrams.com\/wp-content\/uploads\/2024\/09\/Buy-Alaskan-Thunder-Fuck-Budder.jpg",600,600,false],"thumbnail":["https:\/\/legitgrams.com\/wp-content\/uploads\/2024\/09\/Buy-Alaskan-Thunder-Fuck-Budder-150x150.jpg",150,150,true],"medium":["https:\/\/legitgrams.com\/wp-content\/uploads\/2024\/09\/Buy-Alaskan-Thunder-Fuck-Budder-300x300.jpg",300,300,true],"medium_large":["https:\/\/legitgrams.com\/wp-content\/uploads\/2024\/09\/Buy-Alaskan-Thunder-Fuck-Budder.jpg",600,600,false],"large":["https:\/\/legitgrams.com\/wp-content\/uploads\/2024\/09\/Buy-Alaskan-Thunder-Fuck-Budder.jpg",600,600,false],"1536x1536":["https:\/\/legitgrams.com\/wp-content\/uploads\/2024\/09\/Buy-Alaskan-Thunder-Fuck-Budder.jpg",600,600,false],"2048x2048":["https:\/\/legitgrams.com\/wp-content\/uploads\/2024\/09\/Buy-Alaskan-Thunder-Fuck-Budder.jpg",600,600,false],"trp-custom-language-flag":["https:\/\/legitgrams.com\/wp-content\/uploads\/2024\/09\/Buy-Alaskan-Thunder-Fuck-Budder-12x12.jpg",12,12,true],"woocommerce_thumbnail":["https:\/\/legitgrams.com\/wp-content\/uploads\/2024\/09\/Buy-Alaskan-Thunder-Fuck-Budder-300x300.jpg",300,300,true],"woocommerce_single":["https:\/\/legitgrams.com\/wp-content\/uploads\/2024\/09\/Buy-Alaskan-Thunder-Fuck-Budder.jpg",600,600,false],"woocommerce_gallery_thumbnail":["https:\/\/legitgrams.com\/wp-content\/uploads\/2024\/09\/Buy-Alaskan-Thunder-Fuck-Budder-100x100.jpg",100,100,true]},"uagb_author_info":{"display_name":"cokeblog18","author_link":"https:\/\/legitgrams.com\/cs\/author\/"},"uagb_comment_info":0,"uagb_excerpt":"Top Shelf Online: Alaskan Thunder Fuck Budder for Sale Originating in Alaska&#8217;s Matanuska Valley, Alaskan Thunder Fuck is a special sativa-dominant strain. Other names for it are Matanuska Tundra, Matanuska Thunder Fuck, and ATF. It is believed to have begun as a Northern California sativa crossed with a Russian ruderalis, but in the late 1970s&hellip;","_links":{"self":[{"href":"https:\/\/legitgrams.com\/cs\/wp-json\/wp\/v2\/product\/4170","targetHints":{"allow":["GET"]}}],"collection":[{"href":"https:\/\/legitgrams.com\/cs\/wp-json\/wp\/v2\/product"}],"about":[{"href":"https:\/\/legitgrams.com\/cs\/wp-json\/wp\/v2\/types\/product"}],"replies":[{"embeddable":true,"href":"https:\/\/legitgrams.com\/cs\/wp-json\/wp\/v2\/comments?post=4170"}],"wp:featuredmedia":[{"embeddable":true,"href":"https:\/\/legitgrams.com\/cs\/wp-json\/wp\/v2\/media\/5388"}],"wp:attachment":[{"href":"https:\/\/legitgrams.com\/cs\/wp-json\/wp\/v2\/media?parent=4170"}],"wp:term":[{"taxonomy":"product_brand","embeddable":true,"href":"https:\/\/legitgrams.com\/cs\/wp-json\/wp\/v2\/product_brand?post=4170"},{"taxonomy":"product_cat","embeddable":true,"href":"https:\/\/legitgrams.com\/cs\/wp-json\/wp\/v2\/product_cat?post=4170"},{"taxonomy":"product_tag","embeddable":true,"href":"https:\/\/legitgrams.com\/cs\/wp-json\/wp\/v2\/product_tag?post=4170"}],"curies":[{"name":"wp","href":"https:\/\/api.w.org\/{rel}","templated":true}]}}