{"id":4173,"date":"2024-09-21T12:04:54","date_gmt":"2024-09-21T12:04:54","guid":{"rendered":"https:\/\/legitgrams.com\/?post_type=product&#038;p=4173"},"modified":"2025-01-13T08:10:27","modified_gmt":"2025-01-13T08:10:27","slug":"afghansky-cerny-hasis","status":"publish","type":"product","link":"https:\/\/legitgrams.com\/cs\/produkt\/afghansky-cerny-hasis\/","title":{"rendered":"Afgh\u00e1nsk\u00e1 \u010dern\u00e1 ha\u0161i\u0161"},"content":{"rendered":"<h2>Na prodej: Afghan Black Hash<\/h2>\n<p><a href=\"https:\/\/legitgrams.com\/cs\/produkt\/afghansky-cerny-hasis\/\">Koupit Afghani Black Hash online<\/a>. Afghan Black Hash je hash klon. Jde o mezin\u00e1rodn\u00ed trestn\u00fd \u010din, za kter\u00fd hroz\u00ed do\u017eivotn\u00ed trest odn\u011bt\u00ed svobody. Ji\u017e neobsahuje THC, syntetick\u00e9 kanabinoidy a \u0159adu v\u00fdzkumn\u00fdch chemick\u00fdch slou\u010denin (v\u010detn\u011b AM-2209, JWH-018, JWH-073, JWH-250 a mnoha dal\u0161\u00edch). Je to pravd\u011bpodobn\u011b nejlep\u0161\u00ed v\u011bze\u0148sk\u00fd hash. Bylinn\u00e9, potravin\u00e1\u0159sk\u00e9 slo\u017eky jsou pro n\u00e1s nejlep\u0161\u00ed. Chutn\u00e1 fantasticky, vypad\u00e1 jako ha\u0161, von\u00ed jako konop\u00ed a tak\u00e9 se zd\u00e1, \u017ee je ha\u0161. Afgh\u00e1nsk\u00e1 \u010dern\u00e1 <a href=\"https:\/\/en.wikipedia.org\/wiki\/Hashish\">ha\u0161i\u0161<\/a> odst\u00edn je hlavn\u00ed zp\u016fsob, jak\u00fdm se li\u0161\u00ed od odst\u00edn\u016f na\u0161eho ostatn\u00edho zbo\u017e\u00ed. Pokud nezn\u00e1te na\u0161e produkty, po\u0159i\u010fte si nejprve zku\u0161ebn\u00ed po\u010d\u00edta\u010d. Doprava je zdarma. <a href=\"https:\/\/legitgrams.com\/cs\/\">LegitGrams<\/a><\/p>\n<h3>Kupte si od n\u00e1s dal\u0161\u00ed nez\u00e1konn\u00e9 hashovac\u00ed produkty a n\u00e1klady mohou b\u00fdt<\/h3>\n<p>Naj\u00edt m\u00edsto pro n\u00e1kup afgh\u00e1nsk\u00e9ho \u010dern\u00e9ho hashe, koupit \u010dern\u00fd hash na prodej, koupit \u010dern\u00fd hash online, koupit \u010dern\u00fd hash ve Spojen\u00fdch st\u00e1tech, Kanad\u011b nebo Spojen\u00e9m kr\u00e1lovstv\u00ed, koupit online, dodavatel\u00e9, bezpe\u010dn\u00e9 doru\u010den\u00ed, koupit \u010dern\u00fd hash, koupit \u010dern\u00fd hash , koupit black hashy online, koupit hash pilulky, koupit black hash, koupit black hashy online, Afghan Black Hash je aktu\u00e1ln\u011b dostupn\u00fd. Jak\u00fd je pr\u00e1vn\u00ed status Afghan Black Hash v Kanad\u011b, Spojen\u00fdch st\u00e1tech a online, a tak\u00e9 jak si jej objednat<\/p>","protected":false},"excerpt":{"rendered":"<p>For Sale: Afghan Black Hash Buy Afghani Black Hash online. Afghan Black Hash is a hash clone. It is an international offense that carries a life sentence in prison. It no longer contains THC, synthetic cannabinoids, and a number of research chemical compounds (including AM-2209, JWH-018, JWH-073, JWH-250, and many more). It&#8217;s probably the best &hellip;<\/p>\n<p class=\"read-more\"> <a class=\"\" href=\"https:\/\/legitgrams.com\/cs\/produkt\/afghansky-cerny-hasis\/\"> <span class=\"screen-reader-text\">Afgh\u00e1nsk\u00e1 \u010dern\u00e1 ha\u0161i\u0161<\/span> \u010c\u00edst d\u00e1l \"<\/a><\/p>","protected":false},"featured_media":5369,"comment_status":"open","ping_status":"closed","template":"","meta":{"_uag_custom_page_level_css":"","site-sidebar-layout":"default","site-content-layout":"default","ast-global-header-display":"","ast-main-header-display":"","ast-hfb-above-header-display":"","ast-hfb-below-header-display":"","ast-hfb-mobile-header-display":"","site-post-title":"","ast-breadcrumbs-content":"","ast-featured-img":"","footer-sml-layout":"","theme-transparent-header-meta":"default","adv-header-id-meta":"","stick-header-meta":"default","header-above-stick-meta":"","header-main-stick-meta":"","header-below-stick-meta":"","_joinchat":[]},"product_brand":[],"product_cat":[605],"product_tag":[2651,2655,2654,2662,2653,2663,2665,2672,2673,2671,2668,2670,2660,617,2652,2667,2664,2659,2657,2669,2666,625,2658,2661,2656],"class_list":{"0":"post-4173","1":"product","2":"type-product","3":"status-publish","4":"has-post-thumbnail","6":"product_cat-hash-hashish","7":"product_tag-afghan-black-hash","8":"product_tag-afghan-black-hash-afghan-black-hash-supplier","9":"product_tag-afghan-black-hash-for-sale","10":"product_tag-afghan-black-hash-legally","11":"product_tag-afghan-black-hash-online","12":"product_tag-afghan-black-hash-price","13":"product_tag-afghan-black-hash-store","14":"product_tag-afghan-black-hash-use","15":"product_tag-afghan-black-hash-wiki","16":"product_tag-afghan-black-hash-worldwide","17":"product_tag-afghan-black-hashs","18":"product_tag-best-cheap-price-afghan-black-hash","19":"product_tag-best-place-to-buy-afghan-black-hash","20":"product_tag-bulk-online","21":"product_tag-buy-afghan-black-hash","22":"product_tag-cheap-afghan-black-hash","23":"product_tag-high-quality-afghan-black-hash","24":"product_tag-how-to-buy-afghan-black-hash","25":"product_tag-order-afghan-black-hash","26":"product_tag-purcharse-afghan-black-hash","27":"product_tag-shop-afghan-black-hash","28":"product_tag-top-quality","29":"product_tag-where-to-buy-afghan-black-hash","30":"product_tag-where-to-order-afghan-black-hash","31":"product_tag-wholesale-afghan-black-hash","32":"desktop-align-left","33":"tablet-align-left","34":"mobile-align-left","35":"ast-product-gallery-layout-horizontal","36":"ast-product-gallery-with-no-image","37":"ast-product-single-variable","38":"ast-product-tabs-layout-horizontal","39":"ast-qv-on-image","41":"first","42":"instock","43":"shipping-taxable","44":"purchasable","45":"product-type-variable"},"yoast_head":"<!-- This site is optimized with the Yoast SEO plugin v25.9 - https:\/\/yoast.com\/wordpress\/plugins\/seo\/ -->\n<title>Afghan Black Hash for Sale - Order Afghan Black Hash Online | LG<\/title>\n<meta name=\"description\" content=\"Looking to buy afghan black hash online at best price? You can get afghan black hash for sale from a weed store LegitGrams. Order Today with Special Discounts!\" \/>\n<meta name=\"robots\" content=\"index, follow, max-snippet:-1, max-image-preview:large, max-video-preview:-1\" \/>\n<link rel=\"canonical\" href=\"https:\/\/legitgrams.com\/cs\/produkt\/afghansky-cerny-hasis\/\" \/>\n<meta property=\"og:locale\" content=\"cs_CZ\" \/>\n<meta property=\"og:type\" content=\"article\" \/>\n<meta property=\"og:title\" content=\"Afghan Black Hash for Sale - Order Afghan Black Hash Online | LG\" \/>\n<meta property=\"og:description\" content=\"Looking to buy afghan black hash online at best price? You can get afghan black hash for sale from a weed store LegitGrams. Order Today with Special Discounts!\" \/>\n<meta property=\"og:url\" content=\"https:\/\/legitgrams.com\/cs\/produkt\/afghansky-cerny-hasis\/\" \/>\n<meta property=\"og:site_name\" content=\"Legit Grams\" \/>\n<meta property=\"article:modified_time\" content=\"2025-01-13T08:10:27+00:00\" \/>\n<meta property=\"og:image\" content=\"https:\/\/legitgrams.com\/wp-content\/uploads\/2024\/09\/Buy-Afghan-Black-Hash-Online.jpg\" \/>\n\t<meta property=\"og:image:width\" content=\"600\" \/>\n\t<meta property=\"og:image:height\" content=\"600\" \/>\n\t<meta property=\"og:image:type\" content=\"image\/jpeg\" \/>\n<meta name=\"twitter:card\" content=\"summary_large_image\" \/>\n<meta name=\"twitter:label1\" content=\"Odhadovan\u00e1 doba \u010dten\u00ed\" \/>\n\t<meta name=\"twitter:data1\" content=\"2 minuty\" \/>\n<script type=\"application\/ld+json\" class=\"yoast-schema-graph\">{\"@context\":\"https:\/\/schema.org\",\"@graph\":[{\"@type\":\"WebPage\",\"@id\":\"https:\/\/legitgrams.com\/product\/afghan-black-hash\/\",\"url\":\"https:\/\/legitgrams.com\/product\/afghan-black-hash\/\",\"name\":\"Afghan Black Hash for Sale - Order Afghan Black Hash Online | LG\",\"isPartOf\":{\"@id\":\"https:\/\/legitgrams.com\/#website\"},\"primaryImageOfPage\":{\"@id\":\"https:\/\/legitgrams.com\/product\/afghan-black-hash\/#primaryimage\"},\"image\":{\"@id\":\"https:\/\/legitgrams.com\/product\/afghan-black-hash\/#primaryimage\"},\"thumbnailUrl\":\"https:\/\/legitgrams.com\/wp-content\/uploads\/2024\/09\/Buy-Afghan-Black-Hash-Online.jpg\",\"datePublished\":\"2024-09-21T12:04:54+00:00\",\"dateModified\":\"2025-01-13T08:10:27+00:00\",\"description\":\"Looking to buy afghan black hash online at best price? You can get afghan black hash for sale from a weed store LegitGrams. Order Today with Special Discounts!\",\"breadcrumb\":{\"@id\":\"https:\/\/legitgrams.com\/product\/afghan-black-hash\/#breadcrumb\"},\"inLanguage\":\"cs\",\"potentialAction\":[{\"@type\":\"ReadAction\",\"target\":[\"https:\/\/legitgrams.com\/product\/afghan-black-hash\/\"]}]},{\"@type\":\"ImageObject\",\"inLanguage\":\"cs\",\"@id\":\"https:\/\/legitgrams.com\/product\/afghan-black-hash\/#primaryimage\",\"url\":\"https:\/\/legitgrams.com\/wp-content\/uploads\/2024\/09\/Buy-Afghan-Black-Hash-Online.jpg\",\"contentUrl\":\"https:\/\/legitgrams.com\/wp-content\/uploads\/2024\/09\/Buy-Afghan-Black-Hash-Online.jpg\",\"width\":600,\"height\":600,\"caption\":\"Afghan Black Hash for Sale\"},{\"@type\":\"BreadcrumbList\",\"@id\":\"https:\/\/legitgrams.com\/product\/afghan-black-hash\/#breadcrumb\",\"itemListElement\":[{\"@type\":\"ListItem\",\"position\":1,\"name\":\"Home\",\"item\":\"https:\/\/legitgrams.com\/\"},{\"@type\":\"ListItem\",\"position\":2,\"name\":\"Shop\",\"item\":\"https:\/\/legitgrams.com\/shop\/\"},{\"@type\":\"ListItem\",\"position\":3,\"name\":\"Afghan Black Hash\"}]},{\"@type\":\"WebSite\",\"@id\":\"https:\/\/legitgrams.com\/#website\",\"url\":\"https:\/\/legitgrams.com\/\",\"name\":\"Legit Grams\",\"description\":\"My WordPress Blog\",\"publisher\":{\"@id\":\"https:\/\/legitgrams.com\/#organization\"},\"potentialAction\":[{\"@type\":\"SearchAction\",\"target\":{\"@type\":\"EntryPoint\",\"urlTemplate\":\"https:\/\/legitgrams.com\/?s={search_term_string}\"},\"query-input\":{\"@type\":\"PropertyValueSpecification\",\"valueRequired\":true,\"valueName\":\"search_term_string\"}}],\"inLanguage\":\"cs\"},{\"@type\":\"Organization\",\"@id\":\"https:\/\/legitgrams.com\/#organization\",\"name\":\"Legit Grams\",\"url\":\"https:\/\/legitgrams.com\/\",\"logo\":{\"@type\":\"ImageObject\",\"inLanguage\":\"cs\",\"@id\":\"https:\/\/legitgrams.com\/#\/schema\/logo\/image\/\",\"url\":\"https:\/\/legitgrams.com\/wp-content\/uploads\/2024\/09\/main-logo.png\",\"contentUrl\":\"https:\/\/legitgrams.com\/wp-content\/uploads\/2024\/09\/main-logo.png\",\"width\":270,\"height\":75,\"caption\":\"Legit Grams\"},\"image\":{\"@id\":\"https:\/\/legitgrams.com\/#\/schema\/logo\/image\/\"}}]}<\/script>\n<!-- \/ Yoast SEO plugin. -->","yoast_head_json":{"title":"Afghan Black Hash na prodej - objednejte si Afghan Black Hash online | LG","description":"Hled\u00e1te koupit afghan black hash online za nejlep\u0161\u00ed cenu? Afghan black hash m\u016f\u017eete z\u00edskat na prodej v obchod\u011b s tr\u00e1vou LegitGrams. Objednejte si dnes se speci\u00e1ln\u00edmi slevami!","robots":{"index":"index","follow":"follow","max-snippet":"max-snippet:-1","max-image-preview":"max-image-preview:large","max-video-preview":"max-video-preview:-1"},"canonical":"https:\/\/legitgrams.com\/cs\/produkt\/afghansky-cerny-hasis\/","og_locale":"cs_CZ","og_type":"article","og_title":"Afghan Black Hash for Sale - Order Afghan Black Hash Online | LG","og_description":"Looking to buy afghan black hash online at best price? You can get afghan black hash for sale from a weed store LegitGrams. Order Today with Special Discounts!","og_url":"https:\/\/legitgrams.com\/cs\/produkt\/afghansky-cerny-hasis\/","og_site_name":"Legit Grams","article_modified_time":"2025-01-13T08:10:27+00:00","og_image":[{"width":600,"height":600,"url":"https:\/\/legitgrams.com\/wp-content\/uploads\/2024\/09\/Buy-Afghan-Black-Hash-Online.jpg","type":"image\/jpeg"}],"twitter_card":"summary_large_image","twitter_misc":{"Odhadovan\u00e1 doba \u010dten\u00ed":"2 minuty"},"schema":{"@context":"https:\/\/schema.org","@graph":[{"@type":"WebPage","@id":"https:\/\/legitgrams.com\/product\/afghan-black-hash\/","url":"https:\/\/legitgrams.com\/product\/afghan-black-hash\/","name":"Afghan Black Hash na prodej - objednejte si Afghan Black Hash online | LG","isPartOf":{"@id":"https:\/\/legitgrams.com\/#website"},"primaryImageOfPage":{"@id":"https:\/\/legitgrams.com\/product\/afghan-black-hash\/#primaryimage"},"image":{"@id":"https:\/\/legitgrams.com\/product\/afghan-black-hash\/#primaryimage"},"thumbnailUrl":"https:\/\/legitgrams.com\/wp-content\/uploads\/2024\/09\/Buy-Afghan-Black-Hash-Online.jpg","datePublished":"2024-09-21T12:04:54+00:00","dateModified":"2025-01-13T08:10:27+00:00","description":"Hled\u00e1te koupit afghan black hash online za nejlep\u0161\u00ed cenu? Afghan black hash m\u016f\u017eete z\u00edskat na prodej v obchod\u011b s tr\u00e1vou LegitGrams. Objednejte si dnes se speci\u00e1ln\u00edmi slevami!","breadcrumb":{"@id":"https:\/\/legitgrams.com\/product\/afghan-black-hash\/#breadcrumb"},"inLanguage":"cs","potentialAction":[{"@type":"ReadAction","target":["https:\/\/legitgrams.com\/product\/afghan-black-hash\/"]}]},{"@type":"ImageObject","inLanguage":"cs","@id":"https:\/\/legitgrams.com\/product\/afghan-black-hash\/#primaryimage","url":"https:\/\/legitgrams.com\/wp-content\/uploads\/2024\/09\/Buy-Afghan-Black-Hash-Online.jpg","contentUrl":"https:\/\/legitgrams.com\/wp-content\/uploads\/2024\/09\/Buy-Afghan-Black-Hash-Online.jpg","width":600,"height":600,"caption":"Afghan Black Hash for Sale"},{"@type":"BreadcrumbList","@id":"https:\/\/legitgrams.com\/product\/afghan-black-hash\/#breadcrumb","itemListElement":[{"@type":"ListItem","position":1,"name":"Home","item":"https:\/\/legitgrams.com\/"},{"@type":"ListItem","position":2,"name":"Shop","item":"https:\/\/legitgrams.com\/shop\/"},{"@type":"ListItem","position":3,"name":"Afghan Black Hash"}]},{"@type":"WebSite","@id":"https:\/\/legitgrams.com\/#website","url":"https:\/\/legitgrams.com\/","name":"Leg\u00e1ln\u00ed gramy","description":"M\u016fj blog WordPress","publisher":{"@id":"https:\/\/legitgrams.com\/#organization"},"potentialAction":[{"@type":"SearchAction","target":{"@type":"EntryPoint","urlTemplate":"https:\/\/legitgrams.com\/?s={search_term_string}"},"query-input":{"@type":"PropertyValueSpecification","valueRequired":true,"valueName":"search_term_string"}}],"inLanguage":"cs"},{"@type":"Organization","@id":"https:\/\/legitgrams.com\/#organization","name":"Leg\u00e1ln\u00ed gramy","url":"https:\/\/legitgrams.com\/","logo":{"@type":"ImageObject","inLanguage":"cs","@id":"https:\/\/legitgrams.com\/#\/schema\/logo\/image\/","url":"https:\/\/legitgrams.com\/wp-content\/uploads\/2024\/09\/main-logo.png","contentUrl":"https:\/\/legitgrams.com\/wp-content\/uploads\/2024\/09\/main-logo.png","width":270,"height":75,"caption":"Legit Grams"},"image":{"@id":"https:\/\/legitgrams.com\/#\/schema\/logo\/image\/"}}]}},"uagb_featured_image_src":{"full":["https:\/\/legitgrams.com\/wp-content\/uploads\/2024\/09\/Buy-Afghan-Black-Hash-Online.jpg",600,600,false],"thumbnail":["https:\/\/legitgrams.com\/wp-content\/uploads\/2024\/09\/Buy-Afghan-Black-Hash-Online-150x150.jpg",150,150,true],"medium":["https:\/\/legitgrams.com\/wp-content\/uploads\/2024\/09\/Buy-Afghan-Black-Hash-Online-300x300.jpg",300,300,true],"medium_large":["https:\/\/legitgrams.com\/wp-content\/uploads\/2024\/09\/Buy-Afghan-Black-Hash-Online.jpg",600,600,false],"large":["https:\/\/legitgrams.com\/wp-content\/uploads\/2024\/09\/Buy-Afghan-Black-Hash-Online.jpg",600,600,false],"1536x1536":["https:\/\/legitgrams.com\/wp-content\/uploads\/2024\/09\/Buy-Afghan-Black-Hash-Online.jpg",600,600,false],"2048x2048":["https:\/\/legitgrams.com\/wp-content\/uploads\/2024\/09\/Buy-Afghan-Black-Hash-Online.jpg",600,600,false],"trp-custom-language-flag":["https:\/\/legitgrams.com\/wp-content\/uploads\/2024\/09\/Buy-Afghan-Black-Hash-Online-12x12.jpg",12,12,true],"woocommerce_thumbnail":["https:\/\/legitgrams.com\/wp-content\/uploads\/2024\/09\/Buy-Afghan-Black-Hash-Online-300x300.jpg",300,300,true],"woocommerce_single":["https:\/\/legitgrams.com\/wp-content\/uploads\/2024\/09\/Buy-Afghan-Black-Hash-Online.jpg",600,600,false],"woocommerce_gallery_thumbnail":["https:\/\/legitgrams.com\/wp-content\/uploads\/2024\/09\/Buy-Afghan-Black-Hash-Online-100x100.jpg",100,100,true]},"uagb_author_info":{"display_name":"cokeblog18","author_link":"https:\/\/legitgrams.com\/cs\/author\/"},"uagb_comment_info":0,"uagb_excerpt":"For Sale: Afghan Black Hash Buy Afghani Black Hash online. Afghan Black Hash is a hash clone. It is an international offense that carries a life sentence in prison. It no longer contains THC, synthetic cannabinoids, and a number of research chemical compounds (including AM-2209, JWH-018, JWH-073, JWH-250, and many more). It&#8217;s probably the best&hellip;","_links":{"self":[{"href":"https:\/\/legitgrams.com\/cs\/wp-json\/wp\/v2\/product\/4173","targetHints":{"allow":["GET"]}}],"collection":[{"href":"https:\/\/legitgrams.com\/cs\/wp-json\/wp\/v2\/product"}],"about":[{"href":"https:\/\/legitgrams.com\/cs\/wp-json\/wp\/v2\/types\/product"}],"replies":[{"embeddable":true,"href":"https:\/\/legitgrams.com\/cs\/wp-json\/wp\/v2\/comments?post=4173"}],"wp:featuredmedia":[{"embeddable":true,"href":"https:\/\/legitgrams.com\/cs\/wp-json\/wp\/v2\/media\/5369"}],"wp:attachment":[{"href":"https:\/\/legitgrams.com\/cs\/wp-json\/wp\/v2\/media?parent=4173"}],"wp:term":[{"taxonomy":"product_brand","embeddable":true,"href":"https:\/\/legitgrams.com\/cs\/wp-json\/wp\/v2\/product_brand?post=4173"},{"taxonomy":"product_cat","embeddable":true,"href":"https:\/\/legitgrams.com\/cs\/wp-json\/wp\/v2\/product_cat?post=4173"},{"taxonomy":"product_tag","embeddable":true,"href":"https:\/\/legitgrams.com\/cs\/wp-json\/wp\/v2\/product_tag?post=4173"}],"curies":[{"name":"wp","href":"https:\/\/api.w.org\/{rel}","templated":true}]}}