{"id":4174,"date":"2024-09-21T12:04:04","date_gmt":"2024-09-21T12:04:04","guid":{"rendered":"https:\/\/legitgrams.com\/?post_type=product&#038;p=4174"},"modified":"2025-01-15T05:57:26","modified_gmt":"2025-01-15T05:57:26","slug":"bila-vdova-shatter-top-shelf","status":"publish","type":"product","link":"https:\/\/legitgrams.com\/cs\/produkt\/bila-vdova-shatter-top-shelf\/","title":{"rendered":"White Widow Shatter - Top Shelf"},"content":{"rendered":"<h2>White Widow Shatter je k dispozici ke koupi na horn\u00ed polici internetu.<\/h2>\n<p>Zakoupit <a href=\"https:\/\/legitgrams.com\/cs\/produkt\/bila-vdova-shatter-top-shelf\/\">White Widow Shatter<\/a>; obl\u00edben\u00e9 hybridn\u00ed plemeno, kter\u00e9 sah\u00e1 a\u017e do po\u010d\u00e1tku 90. let 20. stolet\u00ed. Hlavn\u00ed menu t\u00e9m\u011b\u0159 ka\u017ed\u00e9 amsterdamsk\u00e9 kav\u00e1rny nab\u00edz\u00ed tento celosv\u011btov\u011b zn\u00e1m\u00fd druh. Popularita White Widow vzrostla d\u00edky televizn\u00edmu seri\u00e1lu Weeds a odkaz\u016fm v rapov\u00e9 kultu\u0159e. Tento kmen m\u00e1 p\u011bkn\u011b vyv\u00e1\u017een\u00fd pom\u011br 60:40 sativa\/indica (brazilsk\u00e1 sativa x jihoindick\u00e1 indica) poskytuje jak uklid\u0148uj\u00edc\u00ed \u00fa\u010dinek, tak lep\u0161\u00ed kognitivn\u00ed v\u00fdkon. Pacienti si vyberou White Widow, kdy\u017e hledaj\u00ed vzru\u0161en\u00ed, kter\u00e9 jim umo\u017en\u00ed relaxovat a odpo\u010d\u00edvat a p\u0159itom se c\u00edtit du\u0161evn\u011b bd\u011bl\u00ed. Tento kmen je \u00fa\u010dinn\u00fd p\u0159i bolesti, nap\u011bt\u00ed, depresi a PTSD. Cel\u00fd exteri\u00e9r White Widow je pokryt b\u00edl\u00fdmi krystaly, odtud poch\u00e1z\u00ed jej\u00ed n\u00e1zev. Uv\u011bdomte si v\u0161ak \u2013 zvl\u00e1\u0161t\u011b pokud jste za\u010d\u00ednaj\u00edc\u00ed ku\u0159\u00e1k \u2013, \u017ee tento sladk\u00fd kou\u0159 m\u016f\u017ee zp\u016fsobit siln\u00fd ka\u0161el a nejprve se dramaticky roz\u0161\u00ed\u0159\u00ed. Co se t\u00fd\u010de v\u016fn\u011b, o\u010dek\u00e1vejte citrusov\u00e9, ko\u0159enit\u00e9 a trochu citronov\u00e9 podt\u00f3ny. Tento kmen je ide\u00e1ln\u00ed pro outdoorov\u00e9 aktivity, jako je klidn\u00e1 proch\u00e1zka nebo proch\u00e1zka po pl\u00e1\u017ei. <a href=\"https:\/\/legitgrams.com\/cs\/\">LegitGrams<\/a><\/p>\n<p>White Widow Shatter na prodej, White Widow Shatter na prodej, White Widow Shatter na prodej, Horn\u00ed police: Kde koupit White Widow Shatter Kde koupit White Widow Shatter online, Widow Shatter online v m\u00e9m okol\u00ed, <a href=\"https:\/\/en.wikipedia.org\/wiki\/White_Widow_(Cannabis)\">B\u00edl\u00e1 vdova<\/a> Dodavatel\u00e9 Shatter, bezpe\u010dn\u00e9 doru\u010den\u00ed, Widow Shatter na prodej v USA, Kanad\u011b a Spojen\u00e9m kr\u00e1lovstv\u00ed, White Widow Shatter online v m\u00e9m okol\u00ed, kde koupit White Widow Shatter online, White Widow Shatter je st\u00e1le k dispozici, v USA je leg\u00e1ln\u00ed, m\u016f\u017eete objednejte si to online a v Kanad\u011b je to leg\u00e1ln\u00ed.<\/p>\n<p>&nbsp;<\/p>\n<p>&nbsp;<\/p>","protected":false},"excerpt":{"rendered":"<p>White widow shatter is available for purchase on the top shelf of the internet. Purchase the White Widow Shatter; a popular hybrid breed that dates back to the early 1990s. The top menu at almost every Amsterdam cafe serves this strain, which is well-known worldwide. White Widow&#8217;s popularity has surged due to the Weeds television &hellip;<\/p>\n<p class=\"read-more\"> <a class=\"\" href=\"https:\/\/legitgrams.com\/cs\/produkt\/bila-vdova-shatter-top-shelf\/\"> <span class=\"screen-reader-text\">White Widow Shatter - Top Shelf<\/span> \u010c\u00edst d\u00e1l \"<\/a><\/p>","protected":false},"featured_media":5352,"comment_status":"open","ping_status":"closed","template":"","meta":{"_uag_custom_page_level_css":"","site-sidebar-layout":"default","site-content-layout":"default","ast-global-header-display":"","ast-main-header-display":"","ast-hfb-above-header-display":"","ast-hfb-below-header-display":"","ast-hfb-mobile-header-display":"","site-post-title":"","ast-breadcrumbs-content":"","ast-featured-img":"","footer-sml-layout":"","theme-transparent-header-meta":"default","adv-header-id-meta":"","stick-header-meta":"default","header-above-stick-meta":"","header-main-stick-meta":"","header-below-stick-meta":"","_joinchat":[]},"product_brand":[],"product_cat":[600,604],"product_tag":[2693,2683,617,2675,2690,2687,2682,2680,2692,2689,625,2681,2684,2674,2677,2685,2676,2686,2688,2695,2678,2696,2694,2691,2679],"class_list":{"0":"post-4174","1":"product","2":"type-product","3":"status-publish","4":"has-post-thumbnail","6":"product_cat-research-chemicals-and-bath-salt","7":"product_cat-shatter","8":"product_tag-best-cheap-price-white-widow-shatter-top-shelf","9":"product_tag-best-place-to-buy-white-widow-shatter-top-shelf","10":"product_tag-bulk-online","11":"product_tag-buy-white-widow-shatter-top-shelf","12":"product_tag-cheap-white-widow-shatter-top-shelf","13":"product_tag-high-quality-white-widow-shatter-top-shelf","14":"product_tag-how-to-buy-white-widow-shatter-top-shelf","15":"product_tag-order-white-widow-shatter-top-shelf","16":"product_tag-purcharse-white-widow-shatter-top-shelf","17":"product_tag-shop-white-widow-shatter-top-shelf","18":"product_tag-top-quality","19":"product_tag-where-to-buy-white-widow-shatter-top-shelf","20":"product_tag-where-to-order-white-widow-shatter-top-shelf","21":"product_tag-white-widow-shatter-top-shelf","22":"product_tag-white-widow-shatter-top-shelf-for-sale","23":"product_tag-white-widow-shatter-top-shelf-legally","24":"product_tag-white-widow-shatter-top-shelf-online","25":"product_tag-white-widow-shatter-top-shelf-price","26":"product_tag-white-widow-shatter-top-shelf-store","27":"product_tag-white-widow-shatter-top-shelf-use","28":"product_tag-white-widow-shatter-top-shelf-white-widow-shatter-top-shelf-supplier","29":"product_tag-white-widow-shatter-top-shelf-wiki","30":"product_tag-white-widow-shatter-top-shelf-worldwide","31":"product_tag-white-widow-shatter-top-shelfs","32":"product_tag-wholesale-white-widow-shatter-top-shelf","33":"desktop-align-left","34":"tablet-align-left","35":"mobile-align-left","36":"ast-product-gallery-layout-horizontal","37":"ast-product-gallery-with-no-image","38":"ast-product-single-variable","39":"ast-product-tabs-layout-horizontal","40":"ast-qv-on-image","42":"first","43":"instock","44":"shipping-taxable","45":"purchasable","46":"product-type-variable"},"yoast_head":"<!-- This site is optimized with the Yoast SEO plugin v25.9 - https:\/\/yoast.com\/wordpress\/plugins\/seo\/ -->\n<title>White Widow Shatter for sale - Order White Widow Shatter Online<\/title>\n<meta name=\"description\" content=\"Looking to buy white widow shatter online? discover a seamless platform at our online store where you can buy white widow shatter, ensuring top-grade quality for your research needs.\" \/>\n<meta name=\"robots\" content=\"index, follow, max-snippet:-1, max-image-preview:large, max-video-preview:-1\" \/>\n<link rel=\"canonical\" href=\"https:\/\/legitgrams.com\/cs\/produkt\/bila-vdova-shatter-top-shelf\/\" \/>\n<meta property=\"og:locale\" content=\"cs_CZ\" \/>\n<meta property=\"og:type\" content=\"article\" \/>\n<meta property=\"og:title\" content=\"White Widow Shatter for sale - Order White Widow Shatter Online\" \/>\n<meta property=\"og:description\" content=\"Looking to buy white widow shatter online? discover a seamless platform at our online store where you can buy white widow shatter, ensuring top-grade quality for your research needs.\" \/>\n<meta property=\"og:url\" content=\"https:\/\/legitgrams.com\/cs\/produkt\/bila-vdova-shatter-top-shelf\/\" \/>\n<meta property=\"og:site_name\" content=\"Legit Grams\" \/>\n<meta property=\"article:modified_time\" content=\"2025-01-15T05:57:26+00:00\" \/>\n<meta property=\"og:image\" content=\"https:\/\/legitgrams.com\/wp-content\/uploads\/2024\/09\/Buy-White-Widow-Shatter.jpg\" \/>\n\t<meta property=\"og:image:width\" content=\"600\" \/>\n\t<meta property=\"og:image:height\" content=\"600\" \/>\n\t<meta property=\"og:image:type\" content=\"image\/jpeg\" \/>\n<meta name=\"twitter:card\" content=\"summary_large_image\" \/>\n<meta name=\"twitter:label1\" content=\"Odhadovan\u00e1 doba \u010dten\u00ed\" \/>\n\t<meta name=\"twitter:data1\" content=\"2 minuty\" \/>\n<script type=\"application\/ld+json\" class=\"yoast-schema-graph\">{\"@context\":\"https:\/\/schema.org\",\"@graph\":[{\"@type\":\"WebPage\",\"@id\":\"https:\/\/legitgrams.com\/product\/white-widow-shatter-top-shelf\/\",\"url\":\"https:\/\/legitgrams.com\/product\/white-widow-shatter-top-shelf\/\",\"name\":\"White Widow Shatter for sale - Order White Widow Shatter Online\",\"isPartOf\":{\"@id\":\"https:\/\/legitgrams.com\/#website\"},\"primaryImageOfPage\":{\"@id\":\"https:\/\/legitgrams.com\/product\/white-widow-shatter-top-shelf\/#primaryimage\"},\"image\":{\"@id\":\"https:\/\/legitgrams.com\/product\/white-widow-shatter-top-shelf\/#primaryimage\"},\"thumbnailUrl\":\"https:\/\/legitgrams.com\/wp-content\/uploads\/2024\/09\/Buy-White-Widow-Shatter.jpg\",\"datePublished\":\"2024-09-21T12:04:04+00:00\",\"dateModified\":\"2025-01-15T05:57:26+00:00\",\"description\":\"Looking to buy white widow shatter online? discover a seamless platform at our online store where you can buy white widow shatter, ensuring top-grade quality for your research needs.\",\"breadcrumb\":{\"@id\":\"https:\/\/legitgrams.com\/product\/white-widow-shatter-top-shelf\/#breadcrumb\"},\"inLanguage\":\"cs\",\"potentialAction\":[{\"@type\":\"ReadAction\",\"target\":[\"https:\/\/legitgrams.com\/product\/white-widow-shatter-top-shelf\/\"]}]},{\"@type\":\"ImageObject\",\"inLanguage\":\"cs\",\"@id\":\"https:\/\/legitgrams.com\/product\/white-widow-shatter-top-shelf\/#primaryimage\",\"url\":\"https:\/\/legitgrams.com\/wp-content\/uploads\/2024\/09\/Buy-White-Widow-Shatter.jpg\",\"contentUrl\":\"https:\/\/legitgrams.com\/wp-content\/uploads\/2024\/09\/Buy-White-Widow-Shatter.jpg\",\"width\":600,\"height\":600,\"caption\":\"White Widow Shatter for Sale\"},{\"@type\":\"BreadcrumbList\",\"@id\":\"https:\/\/legitgrams.com\/product\/white-widow-shatter-top-shelf\/#breadcrumb\",\"itemListElement\":[{\"@type\":\"ListItem\",\"position\":1,\"name\":\"Home\",\"item\":\"https:\/\/legitgrams.com\/\"},{\"@type\":\"ListItem\",\"position\":2,\"name\":\"Shop\",\"item\":\"https:\/\/legitgrams.com\/shop\/\"},{\"@type\":\"ListItem\",\"position\":3,\"name\":\"White Widow Shatter \u2013 Top Shelf\"}]},{\"@type\":\"WebSite\",\"@id\":\"https:\/\/legitgrams.com\/#website\",\"url\":\"https:\/\/legitgrams.com\/\",\"name\":\"Legit Grams\",\"description\":\"My WordPress Blog\",\"publisher\":{\"@id\":\"https:\/\/legitgrams.com\/#organization\"},\"potentialAction\":[{\"@type\":\"SearchAction\",\"target\":{\"@type\":\"EntryPoint\",\"urlTemplate\":\"https:\/\/legitgrams.com\/?s={search_term_string}\"},\"query-input\":{\"@type\":\"PropertyValueSpecification\",\"valueRequired\":true,\"valueName\":\"search_term_string\"}}],\"inLanguage\":\"cs\"},{\"@type\":\"Organization\",\"@id\":\"https:\/\/legitgrams.com\/#organization\",\"name\":\"Legit Grams\",\"url\":\"https:\/\/legitgrams.com\/\",\"logo\":{\"@type\":\"ImageObject\",\"inLanguage\":\"cs\",\"@id\":\"https:\/\/legitgrams.com\/#\/schema\/logo\/image\/\",\"url\":\"https:\/\/legitgrams.com\/wp-content\/uploads\/2024\/09\/main-logo.png\",\"contentUrl\":\"https:\/\/legitgrams.com\/wp-content\/uploads\/2024\/09\/main-logo.png\",\"width\":270,\"height\":75,\"caption\":\"Legit Grams\"},\"image\":{\"@id\":\"https:\/\/legitgrams.com\/#\/schema\/logo\/image\/\"}}]}<\/script>\n<!-- \/ Yoast SEO plugin. -->","yoast_head_json":{"title":"White Widow Shatter na prodej - Objednejte si White Widow Shatter online","description":"Chcete si koupit white widow shatter online? objevte bezprobl\u00e9movou platformu v na\u0161em internetov\u00e9m obchod\u011b, kde si m\u016f\u017eete koupit white widow shatter, kter\u00fd v\u00e1m zajist\u00ed \u0161pi\u010dkovou kvalitu pro va\u0161e v\u00fdzkumn\u00e9 pot\u0159eby.","robots":{"index":"index","follow":"follow","max-snippet":"max-snippet:-1","max-image-preview":"max-image-preview:large","max-video-preview":"max-video-preview:-1"},"canonical":"https:\/\/legitgrams.com\/cs\/produkt\/bila-vdova-shatter-top-shelf\/","og_locale":"cs_CZ","og_type":"article","og_title":"White Widow Shatter for sale - Order White Widow Shatter Online","og_description":"Looking to buy white widow shatter online? discover a seamless platform at our online store where you can buy white widow shatter, ensuring top-grade quality for your research needs.","og_url":"https:\/\/legitgrams.com\/cs\/produkt\/bila-vdova-shatter-top-shelf\/","og_site_name":"Legit Grams","article_modified_time":"2025-01-15T05:57:26+00:00","og_image":[{"width":600,"height":600,"url":"https:\/\/legitgrams.com\/wp-content\/uploads\/2024\/09\/Buy-White-Widow-Shatter.jpg","type":"image\/jpeg"}],"twitter_card":"summary_large_image","twitter_misc":{"Odhadovan\u00e1 doba \u010dten\u00ed":"2 minuty"},"schema":{"@context":"https:\/\/schema.org","@graph":[{"@type":"WebPage","@id":"https:\/\/legitgrams.com\/product\/white-widow-shatter-top-shelf\/","url":"https:\/\/legitgrams.com\/product\/white-widow-shatter-top-shelf\/","name":"White Widow Shatter na prodej - Objednejte si White Widow Shatter online","isPartOf":{"@id":"https:\/\/legitgrams.com\/#website"},"primaryImageOfPage":{"@id":"https:\/\/legitgrams.com\/product\/white-widow-shatter-top-shelf\/#primaryimage"},"image":{"@id":"https:\/\/legitgrams.com\/product\/white-widow-shatter-top-shelf\/#primaryimage"},"thumbnailUrl":"https:\/\/legitgrams.com\/wp-content\/uploads\/2024\/09\/Buy-White-Widow-Shatter.jpg","datePublished":"2024-09-21T12:04:04+00:00","dateModified":"2025-01-15T05:57:26+00:00","description":"Chcete si koupit white widow shatter online? objevte bezprobl\u00e9movou platformu v na\u0161em internetov\u00e9m obchod\u011b, kde si m\u016f\u017eete koupit white widow shatter, kter\u00fd v\u00e1m zajist\u00ed \u0161pi\u010dkovou kvalitu pro va\u0161e v\u00fdzkumn\u00e9 pot\u0159eby.","breadcrumb":{"@id":"https:\/\/legitgrams.com\/product\/white-widow-shatter-top-shelf\/#breadcrumb"},"inLanguage":"cs","potentialAction":[{"@type":"ReadAction","target":["https:\/\/legitgrams.com\/product\/white-widow-shatter-top-shelf\/"]}]},{"@type":"ImageObject","inLanguage":"cs","@id":"https:\/\/legitgrams.com\/product\/white-widow-shatter-top-shelf\/#primaryimage","url":"https:\/\/legitgrams.com\/wp-content\/uploads\/2024\/09\/Buy-White-Widow-Shatter.jpg","contentUrl":"https:\/\/legitgrams.com\/wp-content\/uploads\/2024\/09\/Buy-White-Widow-Shatter.jpg","width":600,"height":600,"caption":"White Widow Shatter for Sale"},{"@type":"BreadcrumbList","@id":"https:\/\/legitgrams.com\/product\/white-widow-shatter-top-shelf\/#breadcrumb","itemListElement":[{"@type":"ListItem","position":1,"name":"Home","item":"https:\/\/legitgrams.com\/"},{"@type":"ListItem","position":2,"name":"Shop","item":"https:\/\/legitgrams.com\/shop\/"},{"@type":"ListItem","position":3,"name":"White Widow Shatter \u2013 Top Shelf"}]},{"@type":"WebSite","@id":"https:\/\/legitgrams.com\/#website","url":"https:\/\/legitgrams.com\/","name":"Leg\u00e1ln\u00ed gramy","description":"M\u016fj blog WordPress","publisher":{"@id":"https:\/\/legitgrams.com\/#organization"},"potentialAction":[{"@type":"SearchAction","target":{"@type":"EntryPoint","urlTemplate":"https:\/\/legitgrams.com\/?s={search_term_string}"},"query-input":{"@type":"PropertyValueSpecification","valueRequired":true,"valueName":"search_term_string"}}],"inLanguage":"cs"},{"@type":"Organization","@id":"https:\/\/legitgrams.com\/#organization","name":"Leg\u00e1ln\u00ed gramy","url":"https:\/\/legitgrams.com\/","logo":{"@type":"ImageObject","inLanguage":"cs","@id":"https:\/\/legitgrams.com\/#\/schema\/logo\/image\/","url":"https:\/\/legitgrams.com\/wp-content\/uploads\/2024\/09\/main-logo.png","contentUrl":"https:\/\/legitgrams.com\/wp-content\/uploads\/2024\/09\/main-logo.png","width":270,"height":75,"caption":"Legit Grams"},"image":{"@id":"https:\/\/legitgrams.com\/#\/schema\/logo\/image\/"}}]}},"uagb_featured_image_src":{"full":["https:\/\/legitgrams.com\/wp-content\/uploads\/2024\/09\/Buy-White-Widow-Shatter.jpg",600,600,false],"thumbnail":["https:\/\/legitgrams.com\/wp-content\/uploads\/2024\/09\/Buy-White-Widow-Shatter-150x150.jpg",150,150,true],"medium":["https:\/\/legitgrams.com\/wp-content\/uploads\/2024\/09\/Buy-White-Widow-Shatter-300x300.jpg",300,300,true],"medium_large":["https:\/\/legitgrams.com\/wp-content\/uploads\/2024\/09\/Buy-White-Widow-Shatter.jpg",600,600,false],"large":["https:\/\/legitgrams.com\/wp-content\/uploads\/2024\/09\/Buy-White-Widow-Shatter.jpg",600,600,false],"1536x1536":["https:\/\/legitgrams.com\/wp-content\/uploads\/2024\/09\/Buy-White-Widow-Shatter.jpg",600,600,false],"2048x2048":["https:\/\/legitgrams.com\/wp-content\/uploads\/2024\/09\/Buy-White-Widow-Shatter.jpg",600,600,false],"trp-custom-language-flag":["https:\/\/legitgrams.com\/wp-content\/uploads\/2024\/09\/Buy-White-Widow-Shatter-12x12.jpg",12,12,true],"woocommerce_thumbnail":["https:\/\/legitgrams.com\/wp-content\/uploads\/2024\/09\/Buy-White-Widow-Shatter-300x300.jpg",300,300,true],"woocommerce_single":["https:\/\/legitgrams.com\/wp-content\/uploads\/2024\/09\/Buy-White-Widow-Shatter.jpg",600,600,false],"woocommerce_gallery_thumbnail":["https:\/\/legitgrams.com\/wp-content\/uploads\/2024\/09\/Buy-White-Widow-Shatter-100x100.jpg",100,100,true]},"uagb_author_info":{"display_name":"cokeblog18","author_link":"https:\/\/legitgrams.com\/cs\/author\/"},"uagb_comment_info":0,"uagb_excerpt":"White widow shatter is available for purchase on the top shelf of the internet. Purchase the White Widow Shatter; a popular hybrid breed that dates back to the early 1990s. The top menu at almost every Amsterdam cafe serves this strain, which is well-known worldwide. White Widow&#8217;s popularity has surged due to the Weeds television&hellip;","_links":{"self":[{"href":"https:\/\/legitgrams.com\/cs\/wp-json\/wp\/v2\/product\/4174","targetHints":{"allow":["GET"]}}],"collection":[{"href":"https:\/\/legitgrams.com\/cs\/wp-json\/wp\/v2\/product"}],"about":[{"href":"https:\/\/legitgrams.com\/cs\/wp-json\/wp\/v2\/types\/product"}],"replies":[{"embeddable":true,"href":"https:\/\/legitgrams.com\/cs\/wp-json\/wp\/v2\/comments?post=4174"}],"wp:featuredmedia":[{"embeddable":true,"href":"https:\/\/legitgrams.com\/cs\/wp-json\/wp\/v2\/media\/5352"}],"wp:attachment":[{"href":"https:\/\/legitgrams.com\/cs\/wp-json\/wp\/v2\/media?parent=4174"}],"wp:term":[{"taxonomy":"product_brand","embeddable":true,"href":"https:\/\/legitgrams.com\/cs\/wp-json\/wp\/v2\/product_brand?post=4174"},{"taxonomy":"product_cat","embeddable":true,"href":"https:\/\/legitgrams.com\/cs\/wp-json\/wp\/v2\/product_cat?post=4174"},{"taxonomy":"product_tag","embeddable":true,"href":"https:\/\/legitgrams.com\/cs\/wp-json\/wp\/v2\/product_tag?post=4174"}],"curies":[{"name":"wp","href":"https:\/\/api.w.org\/{rel}","templated":true}]}}