{"id":4178,"date":"2024-09-21T12:15:17","date_gmt":"2024-09-21T12:15:17","guid":{"rendered":"https:\/\/legitgrams.com\/?post_type=product&#038;p=4178"},"modified":"2025-01-15T05:45:06","modified_gmt":"2025-01-15T05:45:06","slug":"thc-live-diamonds-superior-extrakt-3","status":"publish","type":"product","link":"https:\/\/legitgrams.com\/cs\/produkt\/thc-live-diamonds-superior-extrakt-3\/","title":{"rendered":"THC Live Diamonds - \u0161pi\u010dkov\u00fd extrakt"},"content":{"rendered":"<h2>Kupte si THC Live Diamonds \u2013 vynikaj\u00edc\u00ed extrakt online<\/h2>\n<p>Z\u00edskejte \u00fa\u017easn\u00fd extrakt THC Live Diamonds. Superior THC Live Diamonds je nejsiln\u011bj\u0161\u00ed dostupn\u00fd koncentr\u00e1t a je \u010dasto ozna\u010dov\u00e1n jako \u201enejsiln\u011bj\u0161\u00ed na sv\u011bt\u011b\u201c a je nejnov\u011bj\u0161\u00edm extraktem, kter\u00fd v pr\u016fmyslu konop\u00ed z\u00edsk\u00e1v\u00e1 zna\u010dnou pozornost. V\u00edce ne\u017e 99% \u010dist\u00e9 THC-A tvo\u0159\u00ed tento krystalick\u00fd extrakt; p\u0159i konzumaci THC-A neprodukuje velk\u00e9 mno\u017estv\u00ed THC; m\u00edsto toho se mus\u00ed sp\u00e1lit nebo dekarboxylovat, aby se vytvo\u0159ilo psychoaktivn\u00ed THC.<\/p>\n<p>Nejlep\u0161\u00ed <a href=\"https:\/\/en.wikipedia.org\/wiki\/Cannabis_concentrate\">THC Live Diamonds<\/a> maj\u00ed smysln\u011bj\u0161\u00ed koncentr\u00e1t, proto\u017ee jsou vyrobeny z \u017eiv\u00e9 prysky\u0159ice, kter\u00e1 pom\u00e1h\u00e1 udr\u017eovat terpeny!<\/p>\n<p>Visk\u00f3zn\u00ed \u017eiv\u00e1 prysky\u0159ice se uzav\u0159e do tlakov\u00e9 n\u00e1doby a nech\u00e1 se oh\u0159\u00e1t na pokojovou teplotu. V t\u00e9to kombinaci se nakonec za\u010dnou tvo\u0159it krystaly THCA a sestupovat na dno n\u00e1doby. Zbytkov\u00e9 terpeny v \u017eiv\u00e9 prysky\u0159ici stoupaj\u00ed k povrchu a vytv\u00e1\u0159ej\u00ed visk\u00f3zn\u00ed povlak. Kone\u010dn\u00fdm produktem je 97\u201399% koncentr\u00e1t THC obohacen\u00fd o chu\u0165 a zdravotn\u00ed p\u0159\u00ednosy terpen\u016f jedine\u010dn\u00fdch pro konkr\u00e9tn\u00ed kmen. <a href=\"https:\/\/legitgrams.com\/cs\/\">LegitGrams<\/a><\/p>\n<p>N\u00e1kup <a href=\"https:\/\/legitgrams.com\/cs\/produkt\/thc-live-diamonds-superior-extrakt-3\/\">THC Live Diamonds-Superior<\/a> Extrakt \u2013 n\u00e1kup diamant\u016f, n\u00e1kup THC Live Diamonds, N\u00e1kup THC Live Diamonds online, Kde koupit THC Live Diamonds, N\u00e1kup THC Live Diamonds, N\u00e1kup THC Live Diamonds online, N\u00e1kup THC Live Diamonds ve Spojen\u00fdch st\u00e1tech, Kanad\u011b, Spojen\u00e9m kr\u00e1lovstv\u00ed, N\u00e1kup , Online, Dodavatel\u00e9, Bezpe\u010dn\u00e9 doru\u010den\u00ed, \u017div\u00e9 diamanty s THC jsou st\u00e1le k dispozici. Je leg\u00e1ln\u00ed nakupovat THC Live Diamonds ve Spojen\u00fdch st\u00e1tech?<\/p>","protected":false},"excerpt":{"rendered":"<p>Purchase THC Live Diamonds- Superior Extract Online Get the wonderful extract THC Live Diamonds. Being the strongest concentrate available, Superior THC Live Diamonds is frequently referred to as &#8220;the strongest in the world&#8221; and is the most recent extract to garner substantial attention within the cannabis industry. Over 99% pure THC-A makes up this crystallized &hellip;<\/p>\n<p class=\"read-more\"> <a class=\"\" href=\"https:\/\/legitgrams.com\/cs\/produkt\/thc-live-diamonds-superior-extrakt-3\/\"> <span class=\"screen-reader-text\">THC Live Diamonds - \u0161pi\u010dkov\u00fd extrakt<\/span> \u010c\u00edst d\u00e1l \"<\/a><\/p>","protected":false},"featured_media":5391,"comment_status":"open","ping_status":"closed","template":"","meta":{"_uag_custom_page_level_css":"","site-sidebar-layout":"default","site-content-layout":"default","ast-global-header-display":"","ast-main-header-display":"","ast-hfb-above-header-display":"","ast-hfb-below-header-display":"","ast-hfb-mobile-header-display":"","site-post-title":"","ast-breadcrumbs-content":"","ast-featured-img":"","footer-sml-layout":"","theme-transparent-header-meta":"default","adv-header-id-meta":"","stick-header-meta":"default","header-above-stick-meta":"","header-main-stick-meta":"","header-below-stick-meta":"","_joinchat":[]},"product_brand":[],"product_cat":[606],"product_tag":[2555,2545,617,2537,2552,2549,2544,2542,2554,2551,2536,2539,2547,2538,2548,2550,2540,2557,2558,2556,2553,625,2543,2546,2541],"class_list":{"0":"post-4178","1":"product","2":"type-product","3":"status-publish","4":"has-post-thumbnail","6":"product_cat-marijuana-wax","7":"product_tag-best-cheap-price-thc-live-diamonds-superior-extract","8":"product_tag-best-place-to-buy-thc-live-diamonds-superior-extract","9":"product_tag-bulk-online","10":"product_tag-buy-thc-live-diamonds-superior-extract","11":"product_tag-cheap-thc-live-diamonds-superior-extract","12":"product_tag-high-quality-thc-live-diamonds-superior-extract","13":"product_tag-how-to-buy-thc-live-diamonds-superior-extract","14":"product_tag-order-thc-live-diamonds-superior-extract","15":"product_tag-purcharse-thc-live-diamonds-superior-extract","16":"product_tag-shop-thc-live-diamonds-superior-extract","17":"product_tag-thc-live-diamonds-superior-extract","18":"product_tag-thc-live-diamonds-superior-extract-for-sale","19":"product_tag-thc-live-diamonds-superior-extract-legally","20":"product_tag-thc-live-diamonds-superior-extract-online","21":"product_tag-thc-live-diamonds-superior-extract-price","22":"product_tag-thc-live-diamonds-superior-extract-store","23":"product_tag-thc-live-diamonds-superior-extract-thc-live-diamonds-superior-extract-supplier","24":"product_tag-thc-live-diamonds-superior-extract-use","25":"product_tag-thc-live-diamonds-superior-extract-wiki","26":"product_tag-thc-live-diamonds-superior-extract-worldwide","27":"product_tag-thc-live-diamonds-superior-extracts","28":"product_tag-top-quality","29":"product_tag-where-to-buy-thc-live-diamonds-superior-extract","30":"product_tag-where-to-order-thc-live-diamonds-superior-extract","31":"product_tag-wholesale-thc-live-diamonds-superior-extract","32":"desktop-align-left","33":"tablet-align-left","34":"mobile-align-left","35":"ast-product-gallery-layout-horizontal","36":"ast-product-gallery-with-no-image","37":"ast-product-single-variable","38":"ast-product-tabs-layout-horizontal","39":"ast-qv-on-image","41":"first","42":"instock","43":"shipping-taxable","44":"purchasable","45":"product-type-variable"},"yoast_head":"<!-- This site is optimized with the Yoast SEO plugin v25.9 - https:\/\/yoast.com\/wordpress\/plugins\/seo\/ -->\n<title>THC Live Diamonds for Sale - Order THC Live Diamonds Online<\/title>\n<meta name=\"description\" content=\"If you want to buy thc live diamonds online and looking for a reliable online store, then buy here. We offer only high-quality thc live diamonds for sale at an affordable price. Order thc live diamonds Now!\" \/>\n<meta name=\"robots\" content=\"index, follow, max-snippet:-1, max-image-preview:large, max-video-preview:-1\" \/>\n<link rel=\"canonical\" href=\"https:\/\/legitgrams.com\/cs\/produkt\/thc-live-diamonds-superior-extrakt-3\/\" \/>\n<meta property=\"og:locale\" content=\"cs_CZ\" \/>\n<meta property=\"og:type\" content=\"article\" \/>\n<meta property=\"og:title\" content=\"THC Live Diamonds for Sale - Order THC Live Diamonds Online\" \/>\n<meta property=\"og:description\" content=\"If you want to buy thc live diamonds online and looking for a reliable online store, then buy here. We offer only high-quality thc live diamonds for sale at an affordable price. Order thc live diamonds Now!\" \/>\n<meta property=\"og:url\" content=\"https:\/\/legitgrams.com\/cs\/produkt\/thc-live-diamonds-superior-extrakt-3\/\" \/>\n<meta property=\"og:site_name\" content=\"Legit Grams\" \/>\n<meta property=\"article:modified_time\" content=\"2025-01-15T05:45:06+00:00\" \/>\n<meta property=\"og:image\" content=\"https:\/\/legitgrams.com\/wp-content\/uploads\/2024\/09\/Buy-THC-Live-Diamonds-Superior-Extract.jpg\" \/>\n\t<meta property=\"og:image:width\" content=\"600\" \/>\n\t<meta property=\"og:image:height\" content=\"600\" \/>\n\t<meta property=\"og:image:type\" content=\"image\/jpeg\" \/>\n<meta name=\"twitter:card\" content=\"summary_large_image\" \/>\n<meta name=\"twitter:label1\" content=\"Odhadovan\u00e1 doba \u010dten\u00ed\" \/>\n\t<meta name=\"twitter:data1\" content=\"2 minuty\" \/>\n<script type=\"application\/ld+json\" class=\"yoast-schema-graph\">{\"@context\":\"https:\/\/schema.org\",\"@graph\":[{\"@type\":\"WebPage\",\"@id\":\"https:\/\/legitgrams.com\/product\/thc-live-diamonds-superior-extract\/\",\"url\":\"https:\/\/legitgrams.com\/product\/thc-live-diamonds-superior-extract\/\",\"name\":\"THC Live Diamonds for Sale - Order THC Live Diamonds Online\",\"isPartOf\":{\"@id\":\"https:\/\/legitgrams.com\/#website\"},\"primaryImageOfPage\":{\"@id\":\"https:\/\/legitgrams.com\/product\/thc-live-diamonds-superior-extract\/#primaryimage\"},\"image\":{\"@id\":\"https:\/\/legitgrams.com\/product\/thc-live-diamonds-superior-extract\/#primaryimage\"},\"thumbnailUrl\":\"https:\/\/legitgrams.com\/wp-content\/uploads\/2024\/09\/Buy-THC-Live-Diamonds-Superior-Extract.jpg\",\"datePublished\":\"2024-09-21T12:15:17+00:00\",\"dateModified\":\"2025-01-15T05:45:06+00:00\",\"description\":\"If you want to buy thc live diamonds online and looking for a reliable online store, then buy here. We offer only high-quality thc live diamonds for sale at an affordable price. Order thc live diamonds Now!\",\"breadcrumb\":{\"@id\":\"https:\/\/legitgrams.com\/product\/thc-live-diamonds-superior-extract\/#breadcrumb\"},\"inLanguage\":\"cs\",\"potentialAction\":[{\"@type\":\"ReadAction\",\"target\":[\"https:\/\/legitgrams.com\/product\/thc-live-diamonds-superior-extract\/\"]}]},{\"@type\":\"ImageObject\",\"inLanguage\":\"cs\",\"@id\":\"https:\/\/legitgrams.com\/product\/thc-live-diamonds-superior-extract\/#primaryimage\",\"url\":\"https:\/\/legitgrams.com\/wp-content\/uploads\/2024\/09\/Buy-THC-Live-Diamonds-Superior-Extract.jpg\",\"contentUrl\":\"https:\/\/legitgrams.com\/wp-content\/uploads\/2024\/09\/Buy-THC-Live-Diamonds-Superior-Extract.jpg\",\"width\":600,\"height\":600,\"caption\":\"THC Live Diamonds for Sale\"},{\"@type\":\"BreadcrumbList\",\"@id\":\"https:\/\/legitgrams.com\/product\/thc-live-diamonds-superior-extract\/#breadcrumb\",\"itemListElement\":[{\"@type\":\"ListItem\",\"position\":1,\"name\":\"Home\",\"item\":\"https:\/\/legitgrams.com\/\"},{\"@type\":\"ListItem\",\"position\":2,\"name\":\"Shop\",\"item\":\"https:\/\/legitgrams.com\/shop\/\"},{\"@type\":\"ListItem\",\"position\":3,\"name\":\"THC Live Diamonds- Superior Extract\"}]},{\"@type\":\"WebSite\",\"@id\":\"https:\/\/legitgrams.com\/#website\",\"url\":\"https:\/\/legitgrams.com\/\",\"name\":\"Legit Grams\",\"description\":\"My WordPress Blog\",\"publisher\":{\"@id\":\"https:\/\/legitgrams.com\/#organization\"},\"potentialAction\":[{\"@type\":\"SearchAction\",\"target\":{\"@type\":\"EntryPoint\",\"urlTemplate\":\"https:\/\/legitgrams.com\/?s={search_term_string}\"},\"query-input\":{\"@type\":\"PropertyValueSpecification\",\"valueRequired\":true,\"valueName\":\"search_term_string\"}}],\"inLanguage\":\"cs\"},{\"@type\":\"Organization\",\"@id\":\"https:\/\/legitgrams.com\/#organization\",\"name\":\"Legit Grams\",\"url\":\"https:\/\/legitgrams.com\/\",\"logo\":{\"@type\":\"ImageObject\",\"inLanguage\":\"cs\",\"@id\":\"https:\/\/legitgrams.com\/#\/schema\/logo\/image\/\",\"url\":\"https:\/\/legitgrams.com\/wp-content\/uploads\/2024\/09\/main-logo.png\",\"contentUrl\":\"https:\/\/legitgrams.com\/wp-content\/uploads\/2024\/09\/main-logo.png\",\"width\":270,\"height\":75,\"caption\":\"Legit Grams\"},\"image\":{\"@id\":\"https:\/\/legitgrams.com\/#\/schema\/logo\/image\/\"}}]}<\/script>\n<!-- \/ Yoast SEO plugin. -->","yoast_head_json":{"title":"THC \u017eiv\u00e9 diamanty na prodej - objednejte si THC \u017eiv\u00e9 diamanty online","description":"Pokud si chcete koupit thc live diamonds online a hled\u00e1te spolehliv\u00fd internetov\u00fd obchod, pak nakupujte zde. Nab\u00edz\u00edme k prodeji pouze vysoce kvalitn\u00ed thc \u017eiv\u00e9 diamanty za p\u0159ijatelnou cenu. Objednejte si thc live diamonds hned te\u010f!","robots":{"index":"index","follow":"follow","max-snippet":"max-snippet:-1","max-image-preview":"max-image-preview:large","max-video-preview":"max-video-preview:-1"},"canonical":"https:\/\/legitgrams.com\/cs\/produkt\/thc-live-diamonds-superior-extrakt-3\/","og_locale":"cs_CZ","og_type":"article","og_title":"THC Live Diamonds for Sale - Order THC Live Diamonds Online","og_description":"If you want to buy thc live diamonds online and looking for a reliable online store, then buy here. We offer only high-quality thc live diamonds for sale at an affordable price. Order thc live diamonds Now!","og_url":"https:\/\/legitgrams.com\/cs\/produkt\/thc-live-diamonds-superior-extrakt-3\/","og_site_name":"Legit Grams","article_modified_time":"2025-01-15T05:45:06+00:00","og_image":[{"width":600,"height":600,"url":"https:\/\/legitgrams.com\/wp-content\/uploads\/2024\/09\/Buy-THC-Live-Diamonds-Superior-Extract.jpg","type":"image\/jpeg"}],"twitter_card":"summary_large_image","twitter_misc":{"Odhadovan\u00e1 doba \u010dten\u00ed":"2 minuty"},"schema":{"@context":"https:\/\/schema.org","@graph":[{"@type":"WebPage","@id":"https:\/\/legitgrams.com\/product\/thc-live-diamonds-superior-extract\/","url":"https:\/\/legitgrams.com\/product\/thc-live-diamonds-superior-extract\/","name":"THC \u017eiv\u00e9 diamanty na prodej - objednejte si THC \u017eiv\u00e9 diamanty online","isPartOf":{"@id":"https:\/\/legitgrams.com\/#website"},"primaryImageOfPage":{"@id":"https:\/\/legitgrams.com\/product\/thc-live-diamonds-superior-extract\/#primaryimage"},"image":{"@id":"https:\/\/legitgrams.com\/product\/thc-live-diamonds-superior-extract\/#primaryimage"},"thumbnailUrl":"https:\/\/legitgrams.com\/wp-content\/uploads\/2024\/09\/Buy-THC-Live-Diamonds-Superior-Extract.jpg","datePublished":"2024-09-21T12:15:17+00:00","dateModified":"2025-01-15T05:45:06+00:00","description":"Pokud si chcete koupit thc live diamonds online a hled\u00e1te spolehliv\u00fd internetov\u00fd obchod, pak nakupujte zde. Nab\u00edz\u00edme k prodeji pouze vysoce kvalitn\u00ed thc \u017eiv\u00e9 diamanty za p\u0159ijatelnou cenu. Objednejte si thc live diamonds hned te\u010f!","breadcrumb":{"@id":"https:\/\/legitgrams.com\/product\/thc-live-diamonds-superior-extract\/#breadcrumb"},"inLanguage":"cs","potentialAction":[{"@type":"ReadAction","target":["https:\/\/legitgrams.com\/product\/thc-live-diamonds-superior-extract\/"]}]},{"@type":"ImageObject","inLanguage":"cs","@id":"https:\/\/legitgrams.com\/product\/thc-live-diamonds-superior-extract\/#primaryimage","url":"https:\/\/legitgrams.com\/wp-content\/uploads\/2024\/09\/Buy-THC-Live-Diamonds-Superior-Extract.jpg","contentUrl":"https:\/\/legitgrams.com\/wp-content\/uploads\/2024\/09\/Buy-THC-Live-Diamonds-Superior-Extract.jpg","width":600,"height":600,"caption":"THC Live Diamonds for Sale"},{"@type":"BreadcrumbList","@id":"https:\/\/legitgrams.com\/product\/thc-live-diamonds-superior-extract\/#breadcrumb","itemListElement":[{"@type":"ListItem","position":1,"name":"Home","item":"https:\/\/legitgrams.com\/"},{"@type":"ListItem","position":2,"name":"Shop","item":"https:\/\/legitgrams.com\/shop\/"},{"@type":"ListItem","position":3,"name":"THC Live Diamonds- Superior Extract"}]},{"@type":"WebSite","@id":"https:\/\/legitgrams.com\/#website","url":"https:\/\/legitgrams.com\/","name":"Leg\u00e1ln\u00ed gramy","description":"M\u016fj blog WordPress","publisher":{"@id":"https:\/\/legitgrams.com\/#organization"},"potentialAction":[{"@type":"SearchAction","target":{"@type":"EntryPoint","urlTemplate":"https:\/\/legitgrams.com\/?s={search_term_string}"},"query-input":{"@type":"PropertyValueSpecification","valueRequired":true,"valueName":"search_term_string"}}],"inLanguage":"cs"},{"@type":"Organization","@id":"https:\/\/legitgrams.com\/#organization","name":"Leg\u00e1ln\u00ed gramy","url":"https:\/\/legitgrams.com\/","logo":{"@type":"ImageObject","inLanguage":"cs","@id":"https:\/\/legitgrams.com\/#\/schema\/logo\/image\/","url":"https:\/\/legitgrams.com\/wp-content\/uploads\/2024\/09\/main-logo.png","contentUrl":"https:\/\/legitgrams.com\/wp-content\/uploads\/2024\/09\/main-logo.png","width":270,"height":75,"caption":"Legit Grams"},"image":{"@id":"https:\/\/legitgrams.com\/#\/schema\/logo\/image\/"}}]}},"uagb_featured_image_src":{"full":["https:\/\/legitgrams.com\/wp-content\/uploads\/2024\/09\/Buy-THC-Live-Diamonds-Superior-Extract.jpg",600,600,false],"thumbnail":["https:\/\/legitgrams.com\/wp-content\/uploads\/2024\/09\/Buy-THC-Live-Diamonds-Superior-Extract-150x150.jpg",150,150,true],"medium":["https:\/\/legitgrams.com\/wp-content\/uploads\/2024\/09\/Buy-THC-Live-Diamonds-Superior-Extract-300x300.jpg",300,300,true],"medium_large":["https:\/\/legitgrams.com\/wp-content\/uploads\/2024\/09\/Buy-THC-Live-Diamonds-Superior-Extract.jpg",600,600,false],"large":["https:\/\/legitgrams.com\/wp-content\/uploads\/2024\/09\/Buy-THC-Live-Diamonds-Superior-Extract.jpg",600,600,false],"1536x1536":["https:\/\/legitgrams.com\/wp-content\/uploads\/2024\/09\/Buy-THC-Live-Diamonds-Superior-Extract.jpg",600,600,false],"2048x2048":["https:\/\/legitgrams.com\/wp-content\/uploads\/2024\/09\/Buy-THC-Live-Diamonds-Superior-Extract.jpg",600,600,false],"trp-custom-language-flag":["https:\/\/legitgrams.com\/wp-content\/uploads\/2024\/09\/Buy-THC-Live-Diamonds-Superior-Extract-12x12.jpg",12,12,true],"woocommerce_thumbnail":["https:\/\/legitgrams.com\/wp-content\/uploads\/2024\/09\/Buy-THC-Live-Diamonds-Superior-Extract-300x300.jpg",300,300,true],"woocommerce_single":["https:\/\/legitgrams.com\/wp-content\/uploads\/2024\/09\/Buy-THC-Live-Diamonds-Superior-Extract.jpg",600,600,false],"woocommerce_gallery_thumbnail":["https:\/\/legitgrams.com\/wp-content\/uploads\/2024\/09\/Buy-THC-Live-Diamonds-Superior-Extract-100x100.jpg",100,100,true]},"uagb_author_info":{"display_name":"cokeblog18","author_link":"https:\/\/legitgrams.com\/cs\/author\/"},"uagb_comment_info":0,"uagb_excerpt":"Purchase THC Live Diamonds- Superior Extract Online Get the wonderful extract THC Live Diamonds. Being the strongest concentrate available, Superior THC Live Diamonds is frequently referred to as &#8220;the strongest in the world&#8221; and is the most recent extract to garner substantial attention within the cannabis industry. Over 99% pure THC-A makes up this crystallized&hellip;","_links":{"self":[{"href":"https:\/\/legitgrams.com\/cs\/wp-json\/wp\/v2\/product\/4178","targetHints":{"allow":["GET"]}}],"collection":[{"href":"https:\/\/legitgrams.com\/cs\/wp-json\/wp\/v2\/product"}],"about":[{"href":"https:\/\/legitgrams.com\/cs\/wp-json\/wp\/v2\/types\/product"}],"replies":[{"embeddable":true,"href":"https:\/\/legitgrams.com\/cs\/wp-json\/wp\/v2\/comments?post=4178"}],"wp:featuredmedia":[{"embeddable":true,"href":"https:\/\/legitgrams.com\/cs\/wp-json\/wp\/v2\/media\/5391"}],"wp:attachment":[{"href":"https:\/\/legitgrams.com\/cs\/wp-json\/wp\/v2\/media?parent=4178"}],"wp:term":[{"taxonomy":"product_brand","embeddable":true,"href":"https:\/\/legitgrams.com\/cs\/wp-json\/wp\/v2\/product_brand?post=4178"},{"taxonomy":"product_cat","embeddable":true,"href":"https:\/\/legitgrams.com\/cs\/wp-json\/wp\/v2\/product_cat?post=4178"},{"taxonomy":"product_tag","embeddable":true,"href":"https:\/\/legitgrams.com\/cs\/wp-json\/wp\/v2\/product_tag?post=4178"}],"curies":[{"name":"wp","href":"https:\/\/api.w.org\/{rel}","templated":true}]}}