{"id":4179,"date":"2024-09-21T12:15:48","date_gmt":"2024-09-21T12:15:48","guid":{"rendered":"https:\/\/legitgrams.com\/?post_type=product&#038;p=4179"},"modified":"2025-04-04T05:22:07","modified_gmt":"2025-04-04T05:22:07","slug":"charas-hash","status":"publish","type":"product","link":"https:\/\/legitgrams.com\/cs\/produkt\/charas-hash\/","title":{"rendered":"Koupit Charas Hash online"},"content":{"rendered":"<h2>Hash Charas na prodej<\/h2>\n<p>N\u00e1kup<a href=\"https:\/\/legitgrams.com\/cs\/produkt\/charas-hash\/\"> Charas Hash Online<\/a>. vytvo\u0159en\u00fd jemn\u00fdm hlazen\u00edm \u017eensk\u00fdch pupen\u016f mezi dlan\u011bmi. P\u0159ed p\u0159epravou je h\u0159i\u0161t\u011b slisov\u00e1no do typick\u00fdch kus\u016f a distribuov\u00e1no jako hashballs. St\u00ednov\u00e1n\u00ed: Tmav\u00e9, \u010dern\u00e9 na vn\u011bj\u0161\u00ed stran\u011b nebo sv\u011btle zelen\u00e9 uvnit\u0159. V\u016fn\u011b: Hork\u00e1 a\u017e velmi \u0161tiplav\u00e1. Jedine\u010dn\u00e1 v\u016fn\u011b. Chu\u0165: Na rozd\u00edl od afgh\u00e1nsk\u00e9 je trochu drsn\u00e1 na krku a velmi ko\u0159en\u011bn\u00e1. Konzistence: Je neuv\u011b\u0159iteln\u011b jemn\u00e1 a d\u00e1 se po\u0159\u00e1dn\u011b mas\u00edrovat, podobn\u011b jako Afghani. N\u011bkdy velmi jemn\u00e9, ale v\u017edy hust\u00e9. Dopad: radostn\u00fd a docela intenzivn\u00ed. propojen\u00fd s mozkem. S\u00edla: V\u00fdjime\u010dn\u011b siln\u00fd a siln\u00fd. <a href=\"https:\/\/www.google.com\/search?q=Buy+Charas+Hash+Online&amp;num=10&amp;sca_esv=1a2a07081c7891bb&amp;rlz=1C1RXQR_enIN1098IN1098&amp;sxsrf=AHTn8zpPTPwmcm9oO-AN2wUmYffkCWRnow%3A1741323067591&amp;ei=O3vKZ4rkI6ahseMPzujSwAE&amp;ved=0ahUKEwjK7Yf3lfeLAxWmUGwGHU60FBgQ4dUDCBA&amp;uact=5&amp;oq=Buy+Charas+Hash+Online&amp;gs_lp=Egxnd3Mtd2l6LXNlcnAiFkJ1eSBDaGFyYXMgSGFzaCBPbmxpbmVItgZQswNYswNwAngAkAEAmAHEAaABxAGqAQMwLjG4AQPIAQD4AQL4AQGYAgCgAgCYAwCIBgGSBwCgB0o&amp;sclient=gws-wiz-serp\">Charas<\/a> je \u010dasto skv\u011bl\u00fd ku\u0159\u00e1ck\u00fd produkt, podobn\u011b jako nep\u00e1lsk\u00fd. (10\u201326 % THC) Dostupnost: extr\u00e9mn\u011b neobvykl\u00e1; ob\u010das je k dispozici jen velmi mal\u00e9 mno\u017estv\u00ed. V\u011bt\u0161inu tohoto druhu dov\u00e1\u017eej\u00ed soukrom\u00ed turist\u00e9. ha\u0161i\u0161e do Indie. Samoz\u0159ejm\u011b Cena je ve srovn\u00e1n\u00ed s nep\u00e1lsk\u00fdm p\u0159emr\u0161t\u011bn\u00e1. <a href=\"https:\/\/www.bing.com\/search?q=Buy%20Charas%20Hash%20Online&amp;qs=n&amp;form=QBRE&amp;sp=-1&amp;lq=0&amp;pq=buy%20charas%20hash%20online&amp;sc=1-22&amp;sk=&amp;cvid=22778BFD864B4A47B902AE22B011D3AE&amp;ghsh=0&amp;ghacc=0&amp;ghpl=\">Charas<\/a> is usually sold as a hash piece called a &#8220;finger,&#8221; which resembles a hotdog. <a href=\"https:\/\/legitgrams.com\/cs\/\">LegitGrams<\/a><\/p>\n<p>Koupit Charas Hash online \u2013 Koupit Hash, Koupit Charas Hash, Koupit <a href=\"https:\/\/en.wikipedia.org\/wiki\/Charas\">Charas<\/a> Hash, Kde koupit Charas Hash, Koupit Charas Hash na prodej, Koupit Charas Hash v USA, Kanad\u011b, Velk\u00e9 Brit\u00e1nii, Koupit online, Dodavatel\u00e9, Bezpe\u010dn\u00e9 doru\u010den\u00ed, Nakupovat online, <a href=\"https:\/\/duckduckgo.com\/?q=Buy+Charas+Hash+Online&amp;t=h_&amp;ia=web\">Charas Hash<\/a> je st\u00e1le k dispozici; m\u016f\u017eete zkontrolovat jeho leg\u00e1lnost v USA, z\u00edskat jej online a zjistit, zda je leg\u00e1ln\u00ed v Kanad\u011b.<\/p>","protected":false},"excerpt":{"rendered":"<p>Hash Charas for Sale Purchase Charas Hash online. generated by gently stroking the female buds between your palms. Prior to transportation, the pitch is compressed into the typical pieces and distributed as hash balls. Shading: Dark, black on the outside, or light green inside. Scent: Hot to very tangy. A unique scent. Taste: Unlike Afghani, &hellip;<\/p>\n<p class=\"read-more\"> <a class=\"\" href=\"https:\/\/legitgrams.com\/cs\/produkt\/charas-hash\/\"> <span class=\"screen-reader-text\">Koupit Charas Hash online<\/span> \u010c\u00edst d\u00e1l \"<\/a><\/p>","protected":false},"featured_media":5372,"comment_status":"open","ping_status":"closed","template":"","meta":{"_uag_custom_page_level_css":"","site-sidebar-layout":"default","site-content-layout":"default","ast-global-header-display":"","ast-main-header-display":"","ast-hfb-above-header-display":"","ast-hfb-below-header-display":"","ast-hfb-mobile-header-display":"","site-post-title":"","ast-breadcrumbs-content":"","ast-featured-img":"","footer-sml-layout":"","theme-transparent-header-meta":"default","adv-header-id-meta":"","stick-header-meta":"default","header-above-stick-meta":"","header-main-stick-meta":"","header-below-stick-meta":"","_joinchat":[]},"product_brand":[],"product_cat":[605],"product_tag":[2532,2522,617,2514,2513,2517,2516,2524,2515,2525,2527,2534,2535,2533,2530,2529,2526,2521,2519,2531,2528,625,2520,2523,2518],"class_list":{"0":"post-4179","1":"product","2":"type-product","3":"status-publish","4":"has-post-thumbnail","6":"product_cat-hash-hashish","7":"product_tag-best-cheap-price-charas-hash","8":"product_tag-best-place-to-buy-charas-hash","9":"product_tag-bulk-online","10":"product_tag-buy-charas-hash","11":"product_tag-charas-hash","12":"product_tag-charas-hash-charas-hash-supplier","13":"product_tag-charas-hash-for-sale","14":"product_tag-charas-hash-legally","15":"product_tag-charas-hash-online","16":"product_tag-charas-hash-price","17":"product_tag-charas-hash-store","18":"product_tag-charas-hash-use","19":"product_tag-charas-hash-wiki","20":"product_tag-charas-hash-worldwide","21":"product_tag-charas-hashs","22":"product_tag-cheap-charas-hash","23":"product_tag-high-quality-charas-hash","24":"product_tag-how-to-buy-charas-hash","25":"product_tag-order-charas-hash","26":"product_tag-purcharse-charas-hash","27":"product_tag-shop-charas-hash","28":"product_tag-top-quality","29":"product_tag-where-to-buy-charas-hash","30":"product_tag-where-to-order-charas-hash","31":"product_tag-wholesale-charas-hash","32":"desktop-align-left","33":"tablet-align-left","34":"mobile-align-left","35":"ast-product-gallery-layout-horizontal","36":"ast-product-gallery-with-no-image","37":"ast-product-single-variable","38":"ast-product-tabs-layout-horizontal","39":"ast-qv-on-image","41":"first","42":"instock","43":"featured","44":"shipping-taxable","45":"purchasable","46":"product-type-variable"},"yoast_head":"<!-- This site is optimized with the Yoast SEO plugin v25.9 - https:\/\/yoast.com\/wordpress\/plugins\/seo\/ -->\n<title>Charas Hash for Sale - Buy Charas Hash Online - Order Hash<\/title>\n<meta name=\"description\" content=\"Looking for a reliable source to buy Charas Hash online? Your search ends here. Order Charas Hash online from our trusted store and enjoy a seamless buying process tailored for your research needs.\" \/>\n<meta name=\"robots\" content=\"index, follow, max-snippet:-1, max-image-preview:large, max-video-preview:-1\" \/>\n<link rel=\"canonical\" href=\"https:\/\/legitgrams.com\/cs\/produkt\/charas-hash\/\" \/>\n<meta property=\"og:locale\" content=\"cs_CZ\" \/>\n<meta property=\"og:type\" content=\"article\" \/>\n<meta property=\"og:title\" content=\"Charas Hash for Sale - Buy Charas Hash Online - Order Hash\" \/>\n<meta property=\"og:description\" content=\"Looking for a reliable source to buy Charas Hash online? Your search ends here. Order Charas Hash online from our trusted store and enjoy a seamless buying process tailored for your research needs.\" \/>\n<meta property=\"og:url\" content=\"https:\/\/legitgrams.com\/cs\/produkt\/charas-hash\/\" \/>\n<meta property=\"og:site_name\" content=\"Legit Grams\" \/>\n<meta property=\"article:modified_time\" content=\"2025-04-04T05:22:07+00:00\" \/>\n<meta property=\"og:image\" content=\"https:\/\/legitgrams.com\/wp-content\/uploads\/2024\/09\/Buy-Charas-Hash-Online.jpg\" \/>\n\t<meta property=\"og:image:width\" content=\"600\" \/>\n\t<meta property=\"og:image:height\" content=\"600\" \/>\n\t<meta property=\"og:image:type\" content=\"image\/jpeg\" \/>\n<meta name=\"twitter:card\" content=\"summary_large_image\" \/>\n<meta name=\"twitter:label1\" content=\"Odhadovan\u00e1 doba \u010dten\u00ed\" \/>\n\t<meta name=\"twitter:data1\" content=\"2 minuty\" \/>\n<script type=\"application\/ld+json\" class=\"yoast-schema-graph\">{\"@context\":\"https:\/\/schema.org\",\"@graph\":[{\"@type\":\"WebPage\",\"@id\":\"https:\/\/legitgrams.com\/product\/charas-hash\/\",\"url\":\"https:\/\/legitgrams.com\/product\/charas-hash\/\",\"name\":\"Charas Hash for Sale - Buy Charas Hash Online - Order Hash\",\"isPartOf\":{\"@id\":\"https:\/\/legitgrams.com\/#website\"},\"primaryImageOfPage\":{\"@id\":\"https:\/\/legitgrams.com\/product\/charas-hash\/#primaryimage\"},\"image\":{\"@id\":\"https:\/\/legitgrams.com\/product\/charas-hash\/#primaryimage\"},\"thumbnailUrl\":\"https:\/\/legitgrams.com\/wp-content\/uploads\/2024\/09\/Buy-Charas-Hash-Online.jpg\",\"datePublished\":\"2024-09-21T12:15:48+00:00\",\"dateModified\":\"2025-04-04T05:22:07+00:00\",\"description\":\"Looking for a reliable source to buy Charas Hash online? Your search ends here. Order Charas Hash online from our trusted store and enjoy a seamless buying process tailored for your research needs.\",\"breadcrumb\":{\"@id\":\"https:\/\/legitgrams.com\/product\/charas-hash\/#breadcrumb\"},\"inLanguage\":\"cs\",\"potentialAction\":[{\"@type\":\"ReadAction\",\"target\":[\"https:\/\/legitgrams.com\/product\/charas-hash\/\"]}]},{\"@type\":\"ImageObject\",\"inLanguage\":\"cs\",\"@id\":\"https:\/\/legitgrams.com\/product\/charas-hash\/#primaryimage\",\"url\":\"https:\/\/legitgrams.com\/wp-content\/uploads\/2024\/09\/Buy-Charas-Hash-Online.jpg\",\"contentUrl\":\"https:\/\/legitgrams.com\/wp-content\/uploads\/2024\/09\/Buy-Charas-Hash-Online.jpg\",\"width\":600,\"height\":600,\"caption\":\"Charas Hash for Sale\"},{\"@type\":\"BreadcrumbList\",\"@id\":\"https:\/\/legitgrams.com\/product\/charas-hash\/#breadcrumb\",\"itemListElement\":[{\"@type\":\"ListItem\",\"position\":1,\"name\":\"Home\",\"item\":\"https:\/\/legitgrams.com\/\"},{\"@type\":\"ListItem\",\"position\":2,\"name\":\"Shop\",\"item\":\"https:\/\/legitgrams.com\/shop\/\"},{\"@type\":\"ListItem\",\"position\":3,\"name\":\"Buy Charas Hash Online\"}]},{\"@type\":\"WebSite\",\"@id\":\"https:\/\/legitgrams.com\/#website\",\"url\":\"https:\/\/legitgrams.com\/\",\"name\":\"Legit Grams\",\"description\":\"My WordPress Blog\",\"publisher\":{\"@id\":\"https:\/\/legitgrams.com\/#organization\"},\"potentialAction\":[{\"@type\":\"SearchAction\",\"target\":{\"@type\":\"EntryPoint\",\"urlTemplate\":\"https:\/\/legitgrams.com\/?s={search_term_string}\"},\"query-input\":{\"@type\":\"PropertyValueSpecification\",\"valueRequired\":true,\"valueName\":\"search_term_string\"}}],\"inLanguage\":\"cs\"},{\"@type\":\"Organization\",\"@id\":\"https:\/\/legitgrams.com\/#organization\",\"name\":\"Legit Grams\",\"url\":\"https:\/\/legitgrams.com\/\",\"logo\":{\"@type\":\"ImageObject\",\"inLanguage\":\"cs\",\"@id\":\"https:\/\/legitgrams.com\/#\/schema\/logo\/image\/\",\"url\":\"https:\/\/legitgrams.com\/wp-content\/uploads\/2024\/09\/main-logo.png\",\"contentUrl\":\"https:\/\/legitgrams.com\/wp-content\/uploads\/2024\/09\/main-logo.png\",\"width\":270,\"height\":75,\"caption\":\"Legit Grams\"},\"image\":{\"@id\":\"https:\/\/legitgrams.com\/#\/schema\/logo\/image\/\"}}]}<\/script>\n<!-- \/ Yoast SEO plugin. -->","yoast_head_json":{"title":"Charas Hash na prodej - Koupit Charas Hash online - Order Hash","description":"Hled\u00e1te spolehliv\u00fd zdroj pro n\u00e1kup Charas Hash online? Va\u0161e hled\u00e1n\u00ed kon\u010d\u00ed zde. Objednejte si Charas Hash online z na\u0161eho d\u016fv\u011bryhodn\u00e9ho obchodu a u\u017eijte si bezprobl\u00e9mov\u00fd n\u00e1kupn\u00ed proces p\u0159izp\u016fsoben\u00fd va\u0161im v\u00fdzkumn\u00fdm pot\u0159eb\u00e1m.","robots":{"index":"index","follow":"follow","max-snippet":"max-snippet:-1","max-image-preview":"max-image-preview:large","max-video-preview":"max-video-preview:-1"},"canonical":"https:\/\/legitgrams.com\/cs\/produkt\/charas-hash\/","og_locale":"cs_CZ","og_type":"article","og_title":"Charas Hash for Sale - Buy Charas Hash Online - Order Hash","og_description":"Looking for a reliable source to buy Charas Hash online? Your search ends here. Order Charas Hash online from our trusted store and enjoy a seamless buying process tailored for your research needs.","og_url":"https:\/\/legitgrams.com\/cs\/produkt\/charas-hash\/","og_site_name":"Legit Grams","article_modified_time":"2025-04-04T05:22:07+00:00","og_image":[{"width":600,"height":600,"url":"https:\/\/legitgrams.com\/wp-content\/uploads\/2024\/09\/Buy-Charas-Hash-Online.jpg","type":"image\/jpeg"}],"twitter_card":"summary_large_image","twitter_misc":{"Odhadovan\u00e1 doba \u010dten\u00ed":"2 minuty"},"schema":{"@context":"https:\/\/schema.org","@graph":[{"@type":"WebPage","@id":"https:\/\/legitgrams.com\/product\/charas-hash\/","url":"https:\/\/legitgrams.com\/product\/charas-hash\/","name":"Charas Hash na prodej - Koupit Charas Hash online - Order Hash","isPartOf":{"@id":"https:\/\/legitgrams.com\/#website"},"primaryImageOfPage":{"@id":"https:\/\/legitgrams.com\/product\/charas-hash\/#primaryimage"},"image":{"@id":"https:\/\/legitgrams.com\/product\/charas-hash\/#primaryimage"},"thumbnailUrl":"https:\/\/legitgrams.com\/wp-content\/uploads\/2024\/09\/Buy-Charas-Hash-Online.jpg","datePublished":"2024-09-21T12:15:48+00:00","dateModified":"2025-04-04T05:22:07+00:00","description":"Hled\u00e1te spolehliv\u00fd zdroj pro n\u00e1kup Charas Hash online? Va\u0161e hled\u00e1n\u00ed kon\u010d\u00ed zde. Objednejte si Charas Hash online z na\u0161eho d\u016fv\u011bryhodn\u00e9ho obchodu a u\u017eijte si bezprobl\u00e9mov\u00fd n\u00e1kupn\u00ed proces p\u0159izp\u016fsoben\u00fd va\u0161im v\u00fdzkumn\u00fdm pot\u0159eb\u00e1m.","breadcrumb":{"@id":"https:\/\/legitgrams.com\/product\/charas-hash\/#breadcrumb"},"inLanguage":"cs","potentialAction":[{"@type":"ReadAction","target":["https:\/\/legitgrams.com\/product\/charas-hash\/"]}]},{"@type":"ImageObject","inLanguage":"cs","@id":"https:\/\/legitgrams.com\/product\/charas-hash\/#primaryimage","url":"https:\/\/legitgrams.com\/wp-content\/uploads\/2024\/09\/Buy-Charas-Hash-Online.jpg","contentUrl":"https:\/\/legitgrams.com\/wp-content\/uploads\/2024\/09\/Buy-Charas-Hash-Online.jpg","width":600,"height":600,"caption":"Charas Hash for Sale"},{"@type":"BreadcrumbList","@id":"https:\/\/legitgrams.com\/product\/charas-hash\/#breadcrumb","itemListElement":[{"@type":"ListItem","position":1,"name":"Home","item":"https:\/\/legitgrams.com\/"},{"@type":"ListItem","position":2,"name":"Shop","item":"https:\/\/legitgrams.com\/shop\/"},{"@type":"ListItem","position":3,"name":"Buy Charas Hash Online"}]},{"@type":"WebSite","@id":"https:\/\/legitgrams.com\/#website","url":"https:\/\/legitgrams.com\/","name":"Leg\u00e1ln\u00ed gramy","description":"M\u016fj blog WordPress","publisher":{"@id":"https:\/\/legitgrams.com\/#organization"},"potentialAction":[{"@type":"SearchAction","target":{"@type":"EntryPoint","urlTemplate":"https:\/\/legitgrams.com\/?s={search_term_string}"},"query-input":{"@type":"PropertyValueSpecification","valueRequired":true,"valueName":"search_term_string"}}],"inLanguage":"cs"},{"@type":"Organization","@id":"https:\/\/legitgrams.com\/#organization","name":"Leg\u00e1ln\u00ed gramy","url":"https:\/\/legitgrams.com\/","logo":{"@type":"ImageObject","inLanguage":"cs","@id":"https:\/\/legitgrams.com\/#\/schema\/logo\/image\/","url":"https:\/\/legitgrams.com\/wp-content\/uploads\/2024\/09\/main-logo.png","contentUrl":"https:\/\/legitgrams.com\/wp-content\/uploads\/2024\/09\/main-logo.png","width":270,"height":75,"caption":"Legit Grams"},"image":{"@id":"https:\/\/legitgrams.com\/#\/schema\/logo\/image\/"}}]}},"uagb_featured_image_src":{"full":["https:\/\/legitgrams.com\/wp-content\/uploads\/2024\/09\/Buy-Charas-Hash-Online.jpg",600,600,false],"thumbnail":["https:\/\/legitgrams.com\/wp-content\/uploads\/2024\/09\/Buy-Charas-Hash-Online-150x150.jpg",150,150,true],"medium":["https:\/\/legitgrams.com\/wp-content\/uploads\/2024\/09\/Buy-Charas-Hash-Online-300x300.jpg",300,300,true],"medium_large":["https:\/\/legitgrams.com\/wp-content\/uploads\/2024\/09\/Buy-Charas-Hash-Online.jpg",600,600,false],"large":["https:\/\/legitgrams.com\/wp-content\/uploads\/2024\/09\/Buy-Charas-Hash-Online.jpg",600,600,false],"1536x1536":["https:\/\/legitgrams.com\/wp-content\/uploads\/2024\/09\/Buy-Charas-Hash-Online.jpg",600,600,false],"2048x2048":["https:\/\/legitgrams.com\/wp-content\/uploads\/2024\/09\/Buy-Charas-Hash-Online.jpg",600,600,false],"trp-custom-language-flag":["https:\/\/legitgrams.com\/wp-content\/uploads\/2024\/09\/Buy-Charas-Hash-Online-12x12.jpg",12,12,true],"woocommerce_thumbnail":["https:\/\/legitgrams.com\/wp-content\/uploads\/2024\/09\/Buy-Charas-Hash-Online-300x300.jpg",300,300,true],"woocommerce_single":["https:\/\/legitgrams.com\/wp-content\/uploads\/2024\/09\/Buy-Charas-Hash-Online.jpg",600,600,false],"woocommerce_gallery_thumbnail":["https:\/\/legitgrams.com\/wp-content\/uploads\/2024\/09\/Buy-Charas-Hash-Online-100x100.jpg",100,100,true]},"uagb_author_info":{"display_name":"cokeblog18","author_link":"https:\/\/legitgrams.com\/cs\/author\/"},"uagb_comment_info":0,"uagb_excerpt":"Hash Charas for Sale Purchase Charas Hash online. generated by gently stroking the female buds between your palms. Prior to transportation, the pitch is compressed into the typical pieces and distributed as hash balls. Shading: Dark, black on the outside, or light green inside. Scent: Hot to very tangy. A unique scent. Taste: Unlike Afghani,&hellip;","_links":{"self":[{"href":"https:\/\/legitgrams.com\/cs\/wp-json\/wp\/v2\/product\/4179","targetHints":{"allow":["GET"]}}],"collection":[{"href":"https:\/\/legitgrams.com\/cs\/wp-json\/wp\/v2\/product"}],"about":[{"href":"https:\/\/legitgrams.com\/cs\/wp-json\/wp\/v2\/types\/product"}],"replies":[{"embeddable":true,"href":"https:\/\/legitgrams.com\/cs\/wp-json\/wp\/v2\/comments?post=4179"}],"wp:featuredmedia":[{"embeddable":true,"href":"https:\/\/legitgrams.com\/cs\/wp-json\/wp\/v2\/media\/5372"}],"wp:attachment":[{"href":"https:\/\/legitgrams.com\/cs\/wp-json\/wp\/v2\/media?parent=4179"}],"wp:term":[{"taxonomy":"product_brand","embeddable":true,"href":"https:\/\/legitgrams.com\/cs\/wp-json\/wp\/v2\/product_brand?post=4179"},{"taxonomy":"product_cat","embeddable":true,"href":"https:\/\/legitgrams.com\/cs\/wp-json\/wp\/v2\/product_cat?post=4179"},{"taxonomy":"product_tag","embeddable":true,"href":"https:\/\/legitgrams.com\/cs\/wp-json\/wp\/v2\/product_tag?post=4179"}],"curies":[{"name":"wp","href":"https:\/\/api.w.org\/{rel}","templated":true}]}}