{"id":4180,"date":"2024-09-21T12:16:27","date_gmt":"2024-09-21T12:16:27","guid":{"rendered":"https:\/\/legitgrams.com\/?post_type=product&#038;p=4180"},"modified":"2025-01-14T05:05:05","modified_gmt":"2025-01-14T05:05:05","slug":"zmrzlinovy-hase","status":"publish","type":"product","link":"https:\/\/legitgrams.com\/cs\/produkt\/zmrzlinovy-hase\/","title":{"rendered":"Gelato Hash"},"content":{"rendered":"<h2>Online n\u00e1kup Gelato Hash<\/h2>\n<p><a href=\"https:\/\/legitgrams.com\/cs\/produkt\/zmrzlinovy-hase\/\">Gelato Hash<\/a> je aktu\u00e1ln\u011b k dispozici ke koupi ve Velk\u00e9 Brit\u00e1nii a Evrop\u011b na Astra Weed! Gela hash je tak trochu lah\u016fdkou jak pro nov\u00e1\u010dky v radostn\u00e9m sv\u011bt\u011b ha\u0161i\u0161e, tak pro hashe nad\u0161ence. z nejstar\u0161\u00edch a nejzn\u00e1m\u011bj\u0161\u00edch konopn\u00fdch tradic. Tento hash je vytvo\u0159en pomoc\u00ed barevn\u00e9ho materi\u00e1lu, kter\u00fd byl ulo\u017een po dobu osmi t\u00fddn\u016f. Jedn\u00e1 se o nejkvalitn\u011bj\u0161\u00ed ha\u0161i\u0161. <a href=\"https:\/\/legitgrams.com\/cs\/\">LegitGrams<\/a><\/p>\n<p>Online n\u00e1kup gelato hash: koupit hash, koupit gelato hash, koupit hash online, gelato hash: kde ho koupit, gelato hash na prodej, koupit online, koupit v USA, Kanad\u011b a Velk\u00e9 Brit\u00e1nii, koupit online, dodavatel\u00e9 , Bezpe\u010dn\u00e9 doru\u010den\u00ed, Gelato Hash je st\u00e1le p\u0159\u00edstupn\u00fd. Je leg\u00e1ln\u00ed koupit <a href=\"https:\/\/en.wikipedia.org\/wiki\/Gelato\">Gelato<\/a> Hash online ve Spojen\u00fdch st\u00e1tech, jak si objednat Gelato Hash, Je Gelato Hash leg\u00e1ln\u00ed v Kanad\u011b<\/p>","protected":false},"excerpt":{"rendered":"<p>Gelato Hash Online Purchase Gelato Hash is currently available for purchase in the UK and Europe at Astra Weed! Gela hash is a bit of a treat for both newcomers to the joyous world of hashish and hash enthusiasts. of the oldest and most well-known cannabis traditions. This hash is created using colored material that &hellip;<\/p>\n<p class=\"read-more\"> <a class=\"\" href=\"https:\/\/legitgrams.com\/cs\/produkt\/zmrzlinovy-hase\/\"> <span class=\"screen-reader-text\">Gelato Hash<\/span> \u010c\u00edst d\u00e1l \"<\/a><\/p>","protected":false},"featured_media":5373,"comment_status":"open","ping_status":"closed","template":"","meta":{"_uag_custom_page_level_css":"","site-sidebar-layout":"default","site-content-layout":"default","ast-global-header-display":"","ast-main-header-display":"","ast-hfb-above-header-display":"","ast-hfb-below-header-display":"","ast-hfb-mobile-header-display":"","site-post-title":"","ast-breadcrumbs-content":"","ast-featured-img":"","footer-sml-layout":"","theme-transparent-header-meta":"default","adv-header-id-meta":"","stick-header-meta":"default","header-above-stick-meta":"","header-main-stick-meta":"","header-below-stick-meta":"","_joinchat":[]},"product_brand":[],"product_cat":[605],"product_tag":[2509,2499,617,2491,2506,2490,2493,2494,2501,2492,2504,2511,2512,2510,2502,2507,2503,2498,2496,2508,2505,625,2497,2500,2495],"class_list":{"0":"post-4180","1":"product","2":"type-product","3":"status-publish","4":"has-post-thumbnail","6":"product_cat-hash-hashish","7":"product_tag-best-cheap-price-gelato-hash","8":"product_tag-best-place-to-buy-gelato-hash","9":"product_tag-bulk-online","10":"product_tag-buy-gelato-hash","11":"product_tag-cheap-gelato-hash","12":"product_tag-gelato-hash","13":"product_tag-gelato-hash-for-sale","14":"product_tag-gelato-hash-gelato-hash-supplier","15":"product_tag-gelato-hash-legally","16":"product_tag-gelato-hash-online","17":"product_tag-gelato-hash-store","18":"product_tag-gelato-hash-use","19":"product_tag-gelato-hash-wiki","20":"product_tag-gelato-hash-worldwide","21":"product_tag-gelato-hashprice","22":"product_tag-gelato-hashs","23":"product_tag-high-quality-gelato-hash","24":"product_tag-how-to-buy-gelato-hash","25":"product_tag-order-gelato-hash","26":"product_tag-purcharse-gelato-hash","27":"product_tag-shop-gelato-hash","28":"product_tag-top-quality","29":"product_tag-where-to-buy-gelato-hash","30":"product_tag-where-to-order-gelato-hash","31":"product_tag-wholesale-gelato-hash","32":"desktop-align-left","33":"tablet-align-left","34":"mobile-align-left","35":"ast-product-gallery-layout-horizontal","36":"ast-product-gallery-with-no-image","37":"ast-product-single-variable","38":"ast-product-tabs-layout-horizontal","39":"ast-qv-on-image","41":"first","42":"instock","43":"shipping-taxable","44":"purchasable","45":"product-type-variable"},"yoast_head":"<!-- This site is optimized with the Yoast SEO plugin v25.9 - https:\/\/yoast.com\/wordpress\/plugins\/seo\/ -->\n<title>Gelato Hash for Sale - Buy Gelato Hash Online | LegitGrams<\/title>\n<meta name=\"description\" content=\"Get Gelato Hash for sale at one of the best online stores. We will help you buy Gelato Hash online of high quality. Don&#039;t delay to place your order and take advantage of the newest discounts!\" \/>\n<meta name=\"robots\" content=\"index, follow, max-snippet:-1, max-image-preview:large, max-video-preview:-1\" \/>\n<link rel=\"canonical\" href=\"https:\/\/legitgrams.com\/cs\/produkt\/zmrzlinovy-hase\/\" \/>\n<meta property=\"og:locale\" content=\"cs_CZ\" \/>\n<meta property=\"og:type\" content=\"article\" \/>\n<meta property=\"og:title\" content=\"Gelato Hash for Sale - Buy Gelato Hash Online | LegitGrams\" \/>\n<meta property=\"og:description\" content=\"Get Gelato Hash for sale at one of the best online stores. We will help you buy Gelato Hash online of high quality. Don&#039;t delay to place your order and take advantage of the newest discounts!\" \/>\n<meta property=\"og:url\" content=\"https:\/\/legitgrams.com\/cs\/produkt\/zmrzlinovy-hase\/\" \/>\n<meta property=\"og:site_name\" content=\"Legit Grams\" \/>\n<meta property=\"article:modified_time\" content=\"2025-01-14T05:05:05+00:00\" \/>\n<meta property=\"og:image\" content=\"https:\/\/legitgrams.com\/wp-content\/uploads\/2024\/09\/Buy-Gelato-Hash.jpg\" \/>\n\t<meta property=\"og:image:width\" content=\"600\" \/>\n\t<meta property=\"og:image:height\" content=\"600\" \/>\n\t<meta property=\"og:image:type\" content=\"image\/jpeg\" \/>\n<meta name=\"twitter:card\" content=\"summary_large_image\" \/>\n<meta name=\"twitter:label1\" content=\"Odhadovan\u00e1 doba \u010dten\u00ed\" \/>\n\t<meta name=\"twitter:data1\" content=\"1 minuta\" \/>\n<script type=\"application\/ld+json\" class=\"yoast-schema-graph\">{\"@context\":\"https:\/\/schema.org\",\"@graph\":[{\"@type\":\"WebPage\",\"@id\":\"https:\/\/legitgrams.com\/product\/gelato-hash\/\",\"url\":\"https:\/\/legitgrams.com\/product\/gelato-hash\/\",\"name\":\"Gelato Hash for Sale - Buy Gelato Hash Online | LegitGrams\",\"isPartOf\":{\"@id\":\"https:\/\/legitgrams.com\/#website\"},\"primaryImageOfPage\":{\"@id\":\"https:\/\/legitgrams.com\/product\/gelato-hash\/#primaryimage\"},\"image\":{\"@id\":\"https:\/\/legitgrams.com\/product\/gelato-hash\/#primaryimage\"},\"thumbnailUrl\":\"https:\/\/legitgrams.com\/wp-content\/uploads\/2024\/09\/Buy-Gelato-Hash.jpg\",\"datePublished\":\"2024-09-21T12:16:27+00:00\",\"dateModified\":\"2025-01-14T05:05:05+00:00\",\"description\":\"Get Gelato Hash for sale at one of the best online stores. We will help you buy Gelato Hash online of high quality. Don't delay to place your order and take advantage of the newest discounts!\",\"breadcrumb\":{\"@id\":\"https:\/\/legitgrams.com\/product\/gelato-hash\/#breadcrumb\"},\"inLanguage\":\"cs\",\"potentialAction\":[{\"@type\":\"ReadAction\",\"target\":[\"https:\/\/legitgrams.com\/product\/gelato-hash\/\"]}]},{\"@type\":\"ImageObject\",\"inLanguage\":\"cs\",\"@id\":\"https:\/\/legitgrams.com\/product\/gelato-hash\/#primaryimage\",\"url\":\"https:\/\/legitgrams.com\/wp-content\/uploads\/2024\/09\/Buy-Gelato-Hash.jpg\",\"contentUrl\":\"https:\/\/legitgrams.com\/wp-content\/uploads\/2024\/09\/Buy-Gelato-Hash.jpg\",\"width\":600,\"height\":600,\"caption\":\"Gelato Hash for Sale\"},{\"@type\":\"BreadcrumbList\",\"@id\":\"https:\/\/legitgrams.com\/product\/gelato-hash\/#breadcrumb\",\"itemListElement\":[{\"@type\":\"ListItem\",\"position\":1,\"name\":\"Home\",\"item\":\"https:\/\/legitgrams.com\/\"},{\"@type\":\"ListItem\",\"position\":2,\"name\":\"Shop\",\"item\":\"https:\/\/legitgrams.com\/shop\/\"},{\"@type\":\"ListItem\",\"position\":3,\"name\":\"Gelato Hash\"}]},{\"@type\":\"WebSite\",\"@id\":\"https:\/\/legitgrams.com\/#website\",\"url\":\"https:\/\/legitgrams.com\/\",\"name\":\"Legit Grams\",\"description\":\"My WordPress Blog\",\"publisher\":{\"@id\":\"https:\/\/legitgrams.com\/#organization\"},\"potentialAction\":[{\"@type\":\"SearchAction\",\"target\":{\"@type\":\"EntryPoint\",\"urlTemplate\":\"https:\/\/legitgrams.com\/?s={search_term_string}\"},\"query-input\":{\"@type\":\"PropertyValueSpecification\",\"valueRequired\":true,\"valueName\":\"search_term_string\"}}],\"inLanguage\":\"cs\"},{\"@type\":\"Organization\",\"@id\":\"https:\/\/legitgrams.com\/#organization\",\"name\":\"Legit Grams\",\"url\":\"https:\/\/legitgrams.com\/\",\"logo\":{\"@type\":\"ImageObject\",\"inLanguage\":\"cs\",\"@id\":\"https:\/\/legitgrams.com\/#\/schema\/logo\/image\/\",\"url\":\"https:\/\/legitgrams.com\/wp-content\/uploads\/2024\/09\/main-logo.png\",\"contentUrl\":\"https:\/\/legitgrams.com\/wp-content\/uploads\/2024\/09\/main-logo.png\",\"width\":270,\"height\":75,\"caption\":\"Legit Grams\"},\"image\":{\"@id\":\"https:\/\/legitgrams.com\/#\/schema\/logo\/image\/\"}}]}<\/script>\n<!-- \/ Yoast SEO plugin. -->","yoast_head_json":{"title":"Gelato Hash na prodej - Koupit Gelato Hash online | LegitGrams","description":"Po\u0159i\u010fte si Gelato Hash na prodej v jednom z nejlep\u0161\u00edch internetov\u00fdch obchod\u016f. Pom\u016f\u017eeme v\u00e1m koupit Gelato Hash online ve vysok\u00e9 kvalit\u011b. Neot\u00e1lejte s objedn\u00e1vkou a vyu\u017eijte nejnov\u011bj\u0161\u00ed slevy!","robots":{"index":"index","follow":"follow","max-snippet":"max-snippet:-1","max-image-preview":"max-image-preview:large","max-video-preview":"max-video-preview:-1"},"canonical":"https:\/\/legitgrams.com\/cs\/produkt\/zmrzlinovy-hase\/","og_locale":"cs_CZ","og_type":"article","og_title":"Gelato Hash for Sale - Buy Gelato Hash Online | LegitGrams","og_description":"Get Gelato Hash for sale at one of the best online stores. We will help you buy Gelato Hash online of high quality. Don't delay to place your order and take advantage of the newest discounts!","og_url":"https:\/\/legitgrams.com\/cs\/produkt\/zmrzlinovy-hase\/","og_site_name":"Legit Grams","article_modified_time":"2025-01-14T05:05:05+00:00","og_image":[{"width":600,"height":600,"url":"https:\/\/legitgrams.com\/wp-content\/uploads\/2024\/09\/Buy-Gelato-Hash.jpg","type":"image\/jpeg"}],"twitter_card":"summary_large_image","twitter_misc":{"Odhadovan\u00e1 doba \u010dten\u00ed":"1 minuta"},"schema":{"@context":"https:\/\/schema.org","@graph":[{"@type":"WebPage","@id":"https:\/\/legitgrams.com\/product\/gelato-hash\/","url":"https:\/\/legitgrams.com\/product\/gelato-hash\/","name":"Gelato Hash na prodej - Koupit Gelato Hash online | LegitGrams","isPartOf":{"@id":"https:\/\/legitgrams.com\/#website"},"primaryImageOfPage":{"@id":"https:\/\/legitgrams.com\/product\/gelato-hash\/#primaryimage"},"image":{"@id":"https:\/\/legitgrams.com\/product\/gelato-hash\/#primaryimage"},"thumbnailUrl":"https:\/\/legitgrams.com\/wp-content\/uploads\/2024\/09\/Buy-Gelato-Hash.jpg","datePublished":"2024-09-21T12:16:27+00:00","dateModified":"2025-01-14T05:05:05+00:00","description":"Po\u0159i\u010fte si Gelato Hash na prodej v jednom z nejlep\u0161\u00edch internetov\u00fdch obchod\u016f. Pom\u016f\u017eeme v\u00e1m koupit Gelato Hash online ve vysok\u00e9 kvalit\u011b. Neot\u00e1lejte s objedn\u00e1vkou a vyu\u017eijte nejnov\u011bj\u0161\u00ed slevy!","breadcrumb":{"@id":"https:\/\/legitgrams.com\/product\/gelato-hash\/#breadcrumb"},"inLanguage":"cs","potentialAction":[{"@type":"ReadAction","target":["https:\/\/legitgrams.com\/product\/gelato-hash\/"]}]},{"@type":"ImageObject","inLanguage":"cs","@id":"https:\/\/legitgrams.com\/product\/gelato-hash\/#primaryimage","url":"https:\/\/legitgrams.com\/wp-content\/uploads\/2024\/09\/Buy-Gelato-Hash.jpg","contentUrl":"https:\/\/legitgrams.com\/wp-content\/uploads\/2024\/09\/Buy-Gelato-Hash.jpg","width":600,"height":600,"caption":"Gelato Hash for Sale"},{"@type":"BreadcrumbList","@id":"https:\/\/legitgrams.com\/product\/gelato-hash\/#breadcrumb","itemListElement":[{"@type":"ListItem","position":1,"name":"Home","item":"https:\/\/legitgrams.com\/"},{"@type":"ListItem","position":2,"name":"Shop","item":"https:\/\/legitgrams.com\/shop\/"},{"@type":"ListItem","position":3,"name":"Gelato Hash"}]},{"@type":"WebSite","@id":"https:\/\/legitgrams.com\/#website","url":"https:\/\/legitgrams.com\/","name":"Leg\u00e1ln\u00ed gramy","description":"M\u016fj blog WordPress","publisher":{"@id":"https:\/\/legitgrams.com\/#organization"},"potentialAction":[{"@type":"SearchAction","target":{"@type":"EntryPoint","urlTemplate":"https:\/\/legitgrams.com\/?s={search_term_string}"},"query-input":{"@type":"PropertyValueSpecification","valueRequired":true,"valueName":"search_term_string"}}],"inLanguage":"cs"},{"@type":"Organization","@id":"https:\/\/legitgrams.com\/#organization","name":"Leg\u00e1ln\u00ed gramy","url":"https:\/\/legitgrams.com\/","logo":{"@type":"ImageObject","inLanguage":"cs","@id":"https:\/\/legitgrams.com\/#\/schema\/logo\/image\/","url":"https:\/\/legitgrams.com\/wp-content\/uploads\/2024\/09\/main-logo.png","contentUrl":"https:\/\/legitgrams.com\/wp-content\/uploads\/2024\/09\/main-logo.png","width":270,"height":75,"caption":"Legit Grams"},"image":{"@id":"https:\/\/legitgrams.com\/#\/schema\/logo\/image\/"}}]}},"uagb_featured_image_src":{"full":["https:\/\/legitgrams.com\/wp-content\/uploads\/2024\/09\/Buy-Gelato-Hash.jpg",600,600,false],"thumbnail":["https:\/\/legitgrams.com\/wp-content\/uploads\/2024\/09\/Buy-Gelato-Hash-150x150.jpg",150,150,true],"medium":["https:\/\/legitgrams.com\/wp-content\/uploads\/2024\/09\/Buy-Gelato-Hash-300x300.jpg",300,300,true],"medium_large":["https:\/\/legitgrams.com\/wp-content\/uploads\/2024\/09\/Buy-Gelato-Hash.jpg",600,600,false],"large":["https:\/\/legitgrams.com\/wp-content\/uploads\/2024\/09\/Buy-Gelato-Hash.jpg",600,600,false],"1536x1536":["https:\/\/legitgrams.com\/wp-content\/uploads\/2024\/09\/Buy-Gelato-Hash.jpg",600,600,false],"2048x2048":["https:\/\/legitgrams.com\/wp-content\/uploads\/2024\/09\/Buy-Gelato-Hash.jpg",600,600,false],"trp-custom-language-flag":["https:\/\/legitgrams.com\/wp-content\/uploads\/2024\/09\/Buy-Gelato-Hash-12x12.jpg",12,12,true],"woocommerce_thumbnail":["https:\/\/legitgrams.com\/wp-content\/uploads\/2024\/09\/Buy-Gelato-Hash-300x300.jpg",300,300,true],"woocommerce_single":["https:\/\/legitgrams.com\/wp-content\/uploads\/2024\/09\/Buy-Gelato-Hash.jpg",600,600,false],"woocommerce_gallery_thumbnail":["https:\/\/legitgrams.com\/wp-content\/uploads\/2024\/09\/Buy-Gelato-Hash-100x100.jpg",100,100,true]},"uagb_author_info":{"display_name":"cokeblog18","author_link":"https:\/\/legitgrams.com\/cs\/author\/"},"uagb_comment_info":0,"uagb_excerpt":"Gelato Hash Online Purchase Gelato Hash is currently available for purchase in the UK and Europe at Astra Weed! Gela hash is a bit of a treat for both newcomers to the joyous world of hashish and hash enthusiasts. of the oldest and most well-known cannabis traditions. This hash is created using colored material that&hellip;","_links":{"self":[{"href":"https:\/\/legitgrams.com\/cs\/wp-json\/wp\/v2\/product\/4180","targetHints":{"allow":["GET"]}}],"collection":[{"href":"https:\/\/legitgrams.com\/cs\/wp-json\/wp\/v2\/product"}],"about":[{"href":"https:\/\/legitgrams.com\/cs\/wp-json\/wp\/v2\/types\/product"}],"replies":[{"embeddable":true,"href":"https:\/\/legitgrams.com\/cs\/wp-json\/wp\/v2\/comments?post=4180"}],"wp:featuredmedia":[{"embeddable":true,"href":"https:\/\/legitgrams.com\/cs\/wp-json\/wp\/v2\/media\/5373"}],"wp:attachment":[{"href":"https:\/\/legitgrams.com\/cs\/wp-json\/wp\/v2\/media?parent=4180"}],"wp:term":[{"taxonomy":"product_brand","embeddable":true,"href":"https:\/\/legitgrams.com\/cs\/wp-json\/wp\/v2\/product_brand?post=4180"},{"taxonomy":"product_cat","embeddable":true,"href":"https:\/\/legitgrams.com\/cs\/wp-json\/wp\/v2\/product_cat?post=4180"},{"taxonomy":"product_tag","embeddable":true,"href":"https:\/\/legitgrams.com\/cs\/wp-json\/wp\/v2\/product_tag?post=4180"}],"curies":[{"name":"wp","href":"https:\/\/api.w.org\/{rel}","templated":true}]}}