{"id":4189,"date":"2024-09-21T12:41:57","date_gmt":"2024-09-21T12:41:57","guid":{"rendered":"https:\/\/legitgrams.com\/?post_type=product&#038;p=4189"},"modified":"2025-04-03T19:20:46","modified_gmt":"2025-04-03T19:20:46","slug":"zlaty-ucitel","status":"publish","type":"product","link":"https:\/\/legitgrams.com\/cs\/produkt\/zlaty-ucitel\/","title":{"rendered":"Koupit Golden Teacher Online"},"content":{"rendered":"<h2>Koupit Golden Teacher online<\/h2>\n<p><a href=\"https:\/\/legitgrams.com\/cs\/produkt\/zlaty-ucitel\/\">Zlat\u00ed u\u010ditel\u00e9<\/a> v\u011b\u0159\u00ed, \u017ee <a href=\"https:\/\/en.wikipedia.org\/wiki\/Psilocybe_cubensis\">psilocybe cubensis<\/a> je zvl\u00e1\u0161tn\u00ed druh houby, i kdy\u017e teprve ned\u00e1vno v 80. letech minul\u00e9ho stolet\u00ed se stal popul\u00e1rn\u00edm jako houba magick\u00e1. The <a href=\"https:\/\/www.bing.com\/search?q=Buy%20Golden%20Teacher%20Online&amp;qs=n&amp;form=QBRE&amp;sp=-1&amp;lq=0&amp;pq=buy%20golden%20teacher%20online&amp;sc=11-25&amp;sk=&amp;cvid=162DB480EB1D46FEA660EC0D3BA8E423&amp;ghsh=0&amp;ghacc=0&amp;ghpl=\">Zlat\u00fd u\u010ditel<\/a> is often more potent than many other strains of psilocybin cubensis since it does not grow as quickly.<br \/>\nP\u011bstitel\u00e9 miluj\u00ed p\u011bstov\u00e1n\u00ed kultur Golden Teachers, proto\u017ee generuj\u00ed skv\u011bl\u00e9 proplachy a vysok\u00e9 v\u00fdnosy. Navzdory pomal\u00e9mu r\u016fstu si to v\u00edce ne\u017e vynahrazuj\u00ed bohatou \u00farodou a poutav\u00fdm zlat\u00fdm zbarven\u00edm. Tento druh Psilocybe cubensis m\u00e1 dv\u011b aktivn\u00ed slo\u017eky: psilocybin a psilocin. <a href=\"https:\/\/legitgrams.com\/cs\/\">LegitGrams<\/a><\/p>\n<p>Tyto houby maj\u00ed ve skute\u010dnosti podobnou fyziologii.<\/p>\n<p>sv\u00fdm bratranc\u016fm v rodin\u011b Cubensis. MMJDirect poskytuje su\u0161en\u00e9 houby, kter\u00e9 maj\u00ed vynikaj\u00edc\u00ed dlouhodob\u00e9 skladov\u00e1n\u00ed. Pro neust\u00e1l\u00fd p\u0159\u00edsun psychedelick\u00fdch z\u00e1\u017eitk\u016f si kupte Zlat\u00e9 u\u010ditele z kanadsk\u00e9ho webu! <a href=\"https:\/\/www.google.com\/search?q=Kupte+si+Zlatho+uitele+online&amp;sca_esv=eddefdb7b92e7545&amp;sxsrf=AHTn8zp8Pp1i7ieytvD6_K7YM_wqYl7BoA1743708305883&amp;ei=keDuZ-XRNbLO0PEPo4i6yQo&amp;ved=0ahUKEwil3qfRy7yMAxUyJzQIHSOELqkQ4dUDCBA&amp;uact=5&amp;oq=Kupte+si+Zlatho+uitele+online&amp;gs_lp=Egxnd3Mtd2l6LXNlcnAiIUt1cHRlIHNpIFpsYXTDqWhvIHXEjWl0ZWxlIG9ubGluZTIFECEYoAEyBRAhGKABMgUQIRigATIFECEYoAEyBRAhGKABMgUQIRirAjIFECEYqwJI2wVQAFgAcAB4AJABAJgB_gKgAf4CqgEDMy0xuAEDyAEA-AEC-AEBmAIBoAKGA5gDAJIHAzMtMaAH_gWyBwMzLTG4B4YD&amp;sclient=gws-wiz-serp\">buy Golden Teachers<\/a> z kanadsk\u00fdch webov\u00fdch str\u00e1nek!<\/p>\n<h3>Skute\u010dn\u00e9 \u00fa\u010dinky Golden Teachers Mushrooms<\/h3>\n<p><a href=\"https:\/\/www.google.com\/search?q=Kupte+si+Zlatho+uitele+online&amp;sca_esv=eddefdb7b92e7545&amp;sxsrf=AHTn8zp8Pp1i7ieytvD6_K7YM_wqYl7BoA1743708305883&amp;ei=keDuZ-XRNbLO0PEPo4i6yQo&amp;ved=0ahUKEwil3qfRy7yMAxUyJzQIHSOELqkQ4dUDCBA&amp;uact=5&amp;oq=Kupte+si+Zlatho+uitele+online&amp;gs_lp=Egxnd3Mtd2l6LXNlcnAiIUt1cHRlIHNpIFpsYXTDqWhvIHXEjWl0ZWxlIG9ubGluZTIFECEYoAEyBRAhGKABMgUQIRigATIFECEYoAEyBRAhGKABMgUQIRirAjIFECEYqwJI2wVQAFgAcAB4AJABAJgB_gKgAf4CqgEDMy0xuAEDyAEA-AEC-AEBmAIBoAKGA5gDAJIHAzMtMaAH_gWyBwMzLTG4B4YD&amp;sclient=gws-wiz-serp\">Zlat\u00ed u\u010ditel\u00e9<\/a> je skv\u011bl\u00e1 volba pro lidi, kte\u0159\u00ed za\u010d\u00ednaj\u00ed s psychedeliky a houbami. M\u00e1 m\u00edrn\u00fd a\u017e vysok\u00fd psychoaktivn\u00ed \u00fa\u010dinek, kter\u00fd v\u011bt\u0161ina lid\u00ed zvl\u00e1dne i p\u0159i vy\u0161\u0161\u00edch d\u00e1vk\u00e1ch. Naopak Zlat\u00ed u\u010ditel\u00e9 jsou zcela metafyzi\u010dt\u00ed a duchovn\u00ed. Je v\u00e1m uk\u00e1z\u00e1n port\u00e1l, kter\u00fd jde do nejhlub\u0161\u00edch z\u00e1kout\u00ed va\u0161\u00ed spirituality, a most, kter\u00fd v\u00e1s spojuje s nejvzd\u00e1len\u011bj\u0161\u00edmi oblastmi Vesm\u00edru. Leg\u00e1ln\u00ed gramy<\/p>\n<p>V\u011bt\u0161ina spot\u0159ebitel\u016f tvrd\u00ed, \u017ee maj\u00ed pocit spojen\u00ed s p\u0159\u00edrodou a \u017eivotn\u00edm prost\u0159ed\u00edm. Je to srovnateln\u00e9 se spojen\u00edm v tom, \u017ee j\u00e1dro sv\u011bta do va\u0161eho v\u011bdom\u00ed, zvy\u0161uje va\u0161i citlivost na jeho rezonance a posuny. Pot\u00e9 byste m\u011bli nechat tento pocit naprost\u00e9 svobody a vnit\u0159n\u00edho osv\u011btlen\u00ed, aby v\u00e1s zm\u011bnil zevnit\u0159 ven. N\u00e1sleduj\u00edc\u00edch t\u0159i a\u017e \u0161est hodin si budete vychutn\u00e1vat jednotu s p\u0159\u00edrodou a sv\u011btem.<\/p>\n<p>Mezi dal\u0161\u00ed efekty pat\u0159\u00ed dojmy zkreslen\u00ed \u010dasu, kdy vn\u00edm\u00e1te, \u017ee \u010das plyne pomaleji ne\u017e obvykle. Je to nap\u0159\u00edklad jen dvacet minut, i kdy\u017e se v\u00e1m mohlo zd\u00e1t, \u017ee od doby, kdy jste absolvoval Golden Teachers Canada, uplynuly dv\u011b hodiny. Na druh\u00e9 stran\u011b psilocybin obvykle zp\u016fsobuje dilataci \u010dasu, co\u017e m\u00e1 za n\u00e1sledek budouc\u00ed \u010dasov\u00e9 p\u0159eskoky.<\/p>\n<h3>Co je t\u0159eba zv\u00e1\u017eit p\u0159ed pou\u017eit\u00edm Golden Teachers<\/h3>\n<p>Bez u\u017eite\u010dn\u00fdch doporu\u010den\u00ed <a href=\"https:\/\/duckduckgo.com\/?q=Kupte+si+Zlatho+uitele+online&amp;t=h_&amp;ia=web\">Zlat\u00ed u\u010ditel\u00e9<\/a> recenze by nebyla \u00fapln\u00e1 bez praktick\u00fdch rad, jak se spr\u00e1vn\u011b p\u0159ipravit p\u0159ed konzumac\u00ed. V prvn\u00ed \u0159ad\u011b byste m\u011bli m\u00edt v\u017edy n\u011bkoho, kdo v\u00e1s sleduje, pokud je to va\u0161e prvn\u00ed po\u017eit\u00ed psychedelick\u00fdch hub. Stejn\u011b tak, pokud si pl\u00e1nujete vz\u00edt v\u011bt\u0161\u00ed d\u00e1vku, zajist\u011bte si hl\u00edd\u00e1n\u00ed na v\u00fdlet\u011b, abyste se ujistili, \u017ee se b\u011bhem va\u0161eho psychedelick\u00e9ho z\u00e1\u017eitku nestane nic \u0161patn\u00e9ho. V p\u0159\u00edpad\u011b nouze bude st\u0159\u00edzliv\u00fd cestovn\u00ed sitter p\u0159ipraven poskytnout v\u010dasnou pomoc.<\/p>\n<p>V p\u0159\u00edpad\u011b, \u017ee jste zkonzumovali p\u0159\u00edli\u0161 mnoho Zlat\u00fdch u\u010ditel\u016f, mezi zn\u00e1m\u00e9 psychedelick\u00e9 supresory pat\u0159\u00ed j\u00eddlo, voda a vitam\u00edn C. P\u0159ed vytvo\u0159en\u00edm vlastn\u00edch d\u00e1vek byste se v\u0161ak m\u011bli poradit s odborn\u00edkem. Alternativn\u011b m\u016f\u017eete postupovat sami a postupn\u011b zvy\u0161ovat d\u00e1vkov\u00e1n\u00ed, dokud neobjev\u00edte tu, kter\u00e1 v\u00e1m nejl\u00e9pe vyhovuje.<\/p>\n<h3>Pro\u010d se tomu \u0159\u00edk\u00e1 Zlat\u00ed u\u010ditel\u00e9?<\/h3>\n<p>Slovo \u201ezlat\u00e1\u201c popisuje \u017eluto-zlat\u00fd odst\u00edn houby. M\u016f\u017eete si b\u00fdt jisti, \u017ee houba je v tu chv\u00edli pln\u011b dosp\u011bl\u00e1 a jedl\u00e1. Usu\u0161en\u00e9 houby budou m\u00edt st\u00e1le zlat\u00e9 t\u00f3ny klobouk\u016f, kter\u00e9 se podepisuj\u00ed na jejich kvalit\u011b a potenci\u00e1lu pro psychedelick\u00e9 \u00fa\u010dinky.<\/p>\n<p>Pokud jde o \u0161amansk\u00e9 a duchovn\u00ed vlastnosti t\u00e9to specifick\u00e9 houby, v\u00fdraz \u201eu\u010ditel\u201c m\u00e1 n\u011bkolik v\u00fdklad\u016f. Jeho v\u011bt\u0161\u00ed konzumace v\u00e1m doslova poskytne zcela nov\u00fd pohled na sv\u011bt. Mo\u017en\u00e1 z\u00edsk\u00e1te nov\u00e9 ch\u00e1p\u00e1n\u00ed vesm\u00edru a sebe sama. Tento druh v\u00fduky se zam\u011b\u0159uje na hlub\u0161\u00ed v\u00fdznam p\u0159\u00edrody a je zcela jedine\u010dn\u00fd a nenahraditeln\u00fd pro ka\u017ed\u00e9ho klienta.<\/p>\n<p>Transcend\u00eancia e, no seu extremo, a morte do ego s\u00e3o as interpreta\u00e7\u00f5es definitivas dos Golden Teachers. Isso despertar\u00e1 totalmente suas tend\u00eancias espirituais subjacentes e lhe fornecer\u00e1 novos insights sobre os mist\u00e9rios da natureza. Este cogumelo psilocibina \u00e9 um guia xam\u00e2nico que ajuda voc\u00ea a entender seu lugar no universo em um n\u00edvel muito mais profundo. Confira voc\u00ea mesmo comprando Golden Teachers na loja online do Canad\u00e1!<\/p>","protected":false},"excerpt":{"rendered":"<p>Purchase Golden Teacher Online Golden Teachers believe that psilocybe cubensis is a special kind of mushroom, even though it only recently became popular as a magical mushroom in the 1980s. The Golden Teacher is often more potent than many other strains of psilocybin cubensis since it does not grow as quickly. Growers love growing cultures &hellip;<\/p>\n<p class=\"read-more\"> <a class=\"\" href=\"https:\/\/legitgrams.com\/cs\/produkt\/zlaty-ucitel\/\"> <span class=\"screen-reader-text\">Koupit Golden Teacher Online<\/span> \u010c\u00edst d\u00e1l \"<\/a><\/p>","protected":false},"featured_media":5240,"comment_status":"open","ping_status":"closed","template":"","meta":{"_uag_custom_page_level_css":"","site-sidebar-layout":"default","site-content-layout":"default","ast-global-header-display":"","ast-main-header-display":"","ast-hfb-above-header-display":"","ast-hfb-below-header-display":"","ast-hfb-mobile-header-display":"","site-post-title":"","ast-breadcrumbs-content":"","ast-featured-img":"","footer-sml-layout":"","theme-transparent-header-meta":"default","adv-header-id-meta":"","stick-header-meta":"default","header-above-stick-meta":"","header-main-stick-meta":"","header-below-stick-meta":"","_joinchat":[]},"product_brand":[],"product_cat":[599],"product_tag":[2348,2338,617,2330,2345,2329,2332,2333,2340,2331,2343,2350,2351,2349,2341,2346,2342,2337,2335,2347,2344,625,2336,2339,2334],"class_list":{"0":"post-4189","1":"product","2":"type-product","3":"status-publish","4":"has-post-thumbnail","6":"product_cat-psilocybin-or-magic-mushrooms","7":"product_tag-best-cheap-price-golden-teacher","8":"product_tag-best-place-to-buy-golden-teacher","9":"product_tag-bulk-online","10":"product_tag-buy-golden-teacher","11":"product_tag-cheap-golden-teacher","12":"product_tag-golden-teacher","13":"product_tag-golden-teacher-for-sale","14":"product_tag-golden-teacher-golden-teacher-supplier","15":"product_tag-golden-teacher-legally","16":"product_tag-golden-teacher-online","17":"product_tag-golden-teacher-store","18":"product_tag-golden-teacher-use","19":"product_tag-golden-teacher-wiki","20":"product_tag-golden-teacher-worldwide","21":"product_tag-golden-teacherprice","22":"product_tag-golden-teachers","23":"product_tag-high-quality-golden-teacher","24":"product_tag-how-to-buy-golden-teacher","25":"product_tag-order-golden-teacher","26":"product_tag-purcharse-golden-teacher","27":"product_tag-shop-golden-teacher","28":"product_tag-top-quality","29":"product_tag-where-to-buy-golden-teacher","30":"product_tag-where-to-order-golden-teacher","31":"product_tag-wholesale-golden-teacher","32":"desktop-align-left","33":"tablet-align-left","34":"mobile-align-left","35":"ast-product-gallery-layout-horizontal","36":"ast-product-gallery-with-no-image","37":"ast-product-single-variable","38":"ast-product-tabs-layout-horizontal","39":"ast-qv-on-image","41":"first","42":"instock","43":"shipping-taxable","44":"purchasable","45":"product-type-variable"},"yoast_head":"<!-- This site is optimized with the Yoast SEO plugin v25.9 - https:\/\/yoast.com\/wordpress\/plugins\/seo\/ -->\n<title>Golden Teacher Psilocybin for Sale - Order Golden Teacher Online<\/title>\n<meta name=\"description\" content=\"At our Legitgrams, you can get Golden Teacher for sale at cheap rates. We deal with A-grade quality products only. Buy Golden Teacher online from our store now with fast &amp; secure shipping service.\" \/>\n<meta name=\"robots\" content=\"index, follow, max-snippet:-1, max-image-preview:large, max-video-preview:-1\" \/>\n<link rel=\"canonical\" href=\"https:\/\/legitgrams.com\/cs\/produkt\/zlaty-ucitel\/\" \/>\n<meta property=\"og:locale\" content=\"cs_CZ\" \/>\n<meta property=\"og:type\" content=\"article\" \/>\n<meta property=\"og:title\" content=\"Golden Teacher Psilocybin for Sale - Order Golden Teacher Online\" \/>\n<meta property=\"og:description\" content=\"At our Legitgrams, you can get Golden Teacher for sale at cheap rates. We deal with A-grade quality products only. Buy Golden Teacher online from our store now with fast &amp; secure shipping service.\" \/>\n<meta property=\"og:url\" content=\"https:\/\/legitgrams.com\/cs\/produkt\/zlaty-ucitel\/\" \/>\n<meta property=\"og:site_name\" content=\"Legit Grams\" \/>\n<meta property=\"article:modified_time\" content=\"2025-04-03T19:20:46+00:00\" \/>\n<meta property=\"og:image\" content=\"https:\/\/legitgrams.com\/wp-content\/uploads\/2024\/09\/golden-teacherpsilocybin-or-magic-mushrooms.jpg\" \/>\n\t<meta property=\"og:image:width\" content=\"430\" \/>\n\t<meta property=\"og:image:height\" content=\"430\" \/>\n\t<meta property=\"og:image:type\" content=\"image\/jpeg\" \/>\n<meta name=\"twitter:card\" content=\"summary_large_image\" \/>\n<meta name=\"twitter:label1\" content=\"Odhadovan\u00e1 doba \u010dten\u00ed\" \/>\n\t<meta name=\"twitter:data1\" content=\"4 minuty\" \/>\n<script type=\"application\/ld+json\" class=\"yoast-schema-graph\">{\"@context\":\"https:\/\/schema.org\",\"@graph\":[{\"@type\":\"WebPage\",\"@id\":\"https:\/\/legitgrams.com\/product\/golden-teacher\/\",\"url\":\"https:\/\/legitgrams.com\/product\/golden-teacher\/\",\"name\":\"Golden Teacher Psilocybin for Sale - Order Golden Teacher Online\",\"isPartOf\":{\"@id\":\"https:\/\/legitgrams.com\/#website\"},\"primaryImageOfPage\":{\"@id\":\"https:\/\/legitgrams.com\/product\/golden-teacher\/#primaryimage\"},\"image\":{\"@id\":\"https:\/\/legitgrams.com\/product\/golden-teacher\/#primaryimage\"},\"thumbnailUrl\":\"https:\/\/legitgrams.com\/wp-content\/uploads\/2024\/09\/golden-teacherpsilocybin-or-magic-mushrooms.jpg\",\"datePublished\":\"2024-09-21T12:41:57+00:00\",\"dateModified\":\"2025-04-03T19:20:46+00:00\",\"description\":\"At our Legitgrams, you can get Golden Teacher for sale at cheap rates. We deal with A-grade quality products only. Buy Golden Teacher online from our store now with fast & secure shipping service.\",\"breadcrumb\":{\"@id\":\"https:\/\/legitgrams.com\/product\/golden-teacher\/#breadcrumb\"},\"inLanguage\":\"cs\",\"potentialAction\":[{\"@type\":\"ReadAction\",\"target\":[\"https:\/\/legitgrams.com\/product\/golden-teacher\/\"]}]},{\"@type\":\"ImageObject\",\"inLanguage\":\"cs\",\"@id\":\"https:\/\/legitgrams.com\/product\/golden-teacher\/#primaryimage\",\"url\":\"https:\/\/legitgrams.com\/wp-content\/uploads\/2024\/09\/golden-teacherpsilocybin-or-magic-mushrooms.jpg\",\"contentUrl\":\"https:\/\/legitgrams.com\/wp-content\/uploads\/2024\/09\/golden-teacherpsilocybin-or-magic-mushrooms.jpg\",\"width\":430,\"height\":430,\"caption\":\"Golden Teacher Psilocybin for Sale\"},{\"@type\":\"BreadcrumbList\",\"@id\":\"https:\/\/legitgrams.com\/product\/golden-teacher\/#breadcrumb\",\"itemListElement\":[{\"@type\":\"ListItem\",\"position\":1,\"name\":\"Home\",\"item\":\"https:\/\/legitgrams.com\/\"},{\"@type\":\"ListItem\",\"position\":2,\"name\":\"Shop\",\"item\":\"https:\/\/legitgrams.com\/shop\/\"},{\"@type\":\"ListItem\",\"position\":3,\"name\":\"Buy Golden Teacher Online\"}]},{\"@type\":\"WebSite\",\"@id\":\"https:\/\/legitgrams.com\/#website\",\"url\":\"https:\/\/legitgrams.com\/\",\"name\":\"Legit Grams\",\"description\":\"My WordPress Blog\",\"publisher\":{\"@id\":\"https:\/\/legitgrams.com\/#organization\"},\"potentialAction\":[{\"@type\":\"SearchAction\",\"target\":{\"@type\":\"EntryPoint\",\"urlTemplate\":\"https:\/\/legitgrams.com\/?s={search_term_string}\"},\"query-input\":{\"@type\":\"PropertyValueSpecification\",\"valueRequired\":true,\"valueName\":\"search_term_string\"}}],\"inLanguage\":\"cs\"},{\"@type\":\"Organization\",\"@id\":\"https:\/\/legitgrams.com\/#organization\",\"name\":\"Legit Grams\",\"url\":\"https:\/\/legitgrams.com\/\",\"logo\":{\"@type\":\"ImageObject\",\"inLanguage\":\"cs\",\"@id\":\"https:\/\/legitgrams.com\/#\/schema\/logo\/image\/\",\"url\":\"https:\/\/legitgrams.com\/wp-content\/uploads\/2024\/09\/main-logo.png\",\"contentUrl\":\"https:\/\/legitgrams.com\/wp-content\/uploads\/2024\/09\/main-logo.png\",\"width\":270,\"height\":75,\"caption\":\"Legit Grams\"},\"image\":{\"@id\":\"https:\/\/legitgrams.com\/#\/schema\/logo\/image\/\"}}]}<\/script>\n<!-- \/ Yoast SEO plugin. -->","yoast_head_json":{"title":"Golden Teacher Psilocybin na prodej - Order Golden Teacher Online","description":"Na na\u0161ich Legitgramech m\u016f\u017eete z\u00edskat Golden Teacher na prodej za n\u00edzk\u00e9 ceny. Zab\u00fdv\u00e1me se pouze produkty A-grade kvality. Kupte si Golden Teacher online z na\u0161eho obchodu nyn\u00ed s rychlou a bezpe\u010dnou p\u0159epravn\u00ed slu\u017ebou.","robots":{"index":"index","follow":"follow","max-snippet":"max-snippet:-1","max-image-preview":"max-image-preview:large","max-video-preview":"max-video-preview:-1"},"canonical":"https:\/\/legitgrams.com\/cs\/produkt\/zlaty-ucitel\/","og_locale":"cs_CZ","og_type":"article","og_title":"Golden Teacher Psilocybin for Sale - Order Golden Teacher Online","og_description":"At our Legitgrams, you can get Golden Teacher for sale at cheap rates. We deal with A-grade quality products only. Buy Golden Teacher online from our store now with fast & secure shipping service.","og_url":"https:\/\/legitgrams.com\/cs\/produkt\/zlaty-ucitel\/","og_site_name":"Legit Grams","article_modified_time":"2025-04-03T19:20:46+00:00","og_image":[{"width":430,"height":430,"url":"https:\/\/legitgrams.com\/wp-content\/uploads\/2024\/09\/golden-teacherpsilocybin-or-magic-mushrooms.jpg","type":"image\/jpeg"}],"twitter_card":"summary_large_image","twitter_misc":{"Odhadovan\u00e1 doba \u010dten\u00ed":"4 minuty"},"schema":{"@context":"https:\/\/schema.org","@graph":[{"@type":"WebPage","@id":"https:\/\/legitgrams.com\/product\/golden-teacher\/","url":"https:\/\/legitgrams.com\/product\/golden-teacher\/","name":"Golden Teacher Psilocybin na prodej - Order Golden Teacher Online","isPartOf":{"@id":"https:\/\/legitgrams.com\/#website"},"primaryImageOfPage":{"@id":"https:\/\/legitgrams.com\/product\/golden-teacher\/#primaryimage"},"image":{"@id":"https:\/\/legitgrams.com\/product\/golden-teacher\/#primaryimage"},"thumbnailUrl":"https:\/\/legitgrams.com\/wp-content\/uploads\/2024\/09\/golden-teacherpsilocybin-or-magic-mushrooms.jpg","datePublished":"2024-09-21T12:41:57+00:00","dateModified":"2025-04-03T19:20:46+00:00","description":"Na na\u0161ich Legitgramech m\u016f\u017eete z\u00edskat Golden Teacher na prodej za n\u00edzk\u00e9 ceny. Zab\u00fdv\u00e1me se pouze produkty A-grade kvality. Kupte si Golden Teacher online z na\u0161eho obchodu nyn\u00ed s rychlou a bezpe\u010dnou p\u0159epravn\u00ed slu\u017ebou.","breadcrumb":{"@id":"https:\/\/legitgrams.com\/product\/golden-teacher\/#breadcrumb"},"inLanguage":"cs","potentialAction":[{"@type":"ReadAction","target":["https:\/\/legitgrams.com\/product\/golden-teacher\/"]}]},{"@type":"ImageObject","inLanguage":"cs","@id":"https:\/\/legitgrams.com\/product\/golden-teacher\/#primaryimage","url":"https:\/\/legitgrams.com\/wp-content\/uploads\/2024\/09\/golden-teacherpsilocybin-or-magic-mushrooms.jpg","contentUrl":"https:\/\/legitgrams.com\/wp-content\/uploads\/2024\/09\/golden-teacherpsilocybin-or-magic-mushrooms.jpg","width":430,"height":430,"caption":"Golden Teacher Psilocybin for Sale"},{"@type":"BreadcrumbList","@id":"https:\/\/legitgrams.com\/product\/golden-teacher\/#breadcrumb","itemListElement":[{"@type":"ListItem","position":1,"name":"Home","item":"https:\/\/legitgrams.com\/"},{"@type":"ListItem","position":2,"name":"Shop","item":"https:\/\/legitgrams.com\/shop\/"},{"@type":"ListItem","position":3,"name":"Buy Golden Teacher Online"}]},{"@type":"WebSite","@id":"https:\/\/legitgrams.com\/#website","url":"https:\/\/legitgrams.com\/","name":"Leg\u00e1ln\u00ed gramy","description":"M\u016fj blog WordPress","publisher":{"@id":"https:\/\/legitgrams.com\/#organization"},"potentialAction":[{"@type":"SearchAction","target":{"@type":"EntryPoint","urlTemplate":"https:\/\/legitgrams.com\/?s={search_term_string}"},"query-input":{"@type":"PropertyValueSpecification","valueRequired":true,"valueName":"search_term_string"}}],"inLanguage":"cs"},{"@type":"Organization","@id":"https:\/\/legitgrams.com\/#organization","name":"Leg\u00e1ln\u00ed gramy","url":"https:\/\/legitgrams.com\/","logo":{"@type":"ImageObject","inLanguage":"cs","@id":"https:\/\/legitgrams.com\/#\/schema\/logo\/image\/","url":"https:\/\/legitgrams.com\/wp-content\/uploads\/2024\/09\/main-logo.png","contentUrl":"https:\/\/legitgrams.com\/wp-content\/uploads\/2024\/09\/main-logo.png","width":270,"height":75,"caption":"Legit Grams"},"image":{"@id":"https:\/\/legitgrams.com\/#\/schema\/logo\/image\/"}}]}},"uagb_featured_image_src":{"full":["https:\/\/legitgrams.com\/wp-content\/uploads\/2024\/09\/golden-teacherpsilocybin-or-magic-mushrooms.jpg",430,430,false],"thumbnail":["https:\/\/legitgrams.com\/wp-content\/uploads\/2024\/09\/golden-teacherpsilocybin-or-magic-mushrooms-150x150.jpg",150,150,true],"medium":["https:\/\/legitgrams.com\/wp-content\/uploads\/2024\/09\/golden-teacherpsilocybin-or-magic-mushrooms-300x300.jpg",300,300,true],"medium_large":["https:\/\/legitgrams.com\/wp-content\/uploads\/2024\/09\/golden-teacherpsilocybin-or-magic-mushrooms.jpg",430,430,false],"large":["https:\/\/legitgrams.com\/wp-content\/uploads\/2024\/09\/golden-teacherpsilocybin-or-magic-mushrooms.jpg",430,430,false],"1536x1536":["https:\/\/legitgrams.com\/wp-content\/uploads\/2024\/09\/golden-teacherpsilocybin-or-magic-mushrooms.jpg",430,430,false],"2048x2048":["https:\/\/legitgrams.com\/wp-content\/uploads\/2024\/09\/golden-teacherpsilocybin-or-magic-mushrooms.jpg",430,430,false],"trp-custom-language-flag":["https:\/\/legitgrams.com\/wp-content\/uploads\/2024\/09\/golden-teacherpsilocybin-or-magic-mushrooms-12x12.jpg",12,12,true],"woocommerce_thumbnail":["https:\/\/legitgrams.com\/wp-content\/uploads\/2024\/09\/golden-teacherpsilocybin-or-magic-mushrooms-300x300.jpg",300,300,true],"woocommerce_single":["https:\/\/legitgrams.com\/wp-content\/uploads\/2024\/09\/golden-teacherpsilocybin-or-magic-mushrooms.jpg",430,430,false],"woocommerce_gallery_thumbnail":["https:\/\/legitgrams.com\/wp-content\/uploads\/2024\/09\/golden-teacherpsilocybin-or-magic-mushrooms-100x100.jpg",100,100,true]},"uagb_author_info":{"display_name":"cokeblog18","author_link":"https:\/\/legitgrams.com\/cs\/author\/"},"uagb_comment_info":0,"uagb_excerpt":"Purchase Golden Teacher Online Golden Teachers believe that psilocybe cubensis is a special kind of mushroom, even though it only recently became popular as a magical mushroom in the 1980s. The Golden Teacher is often more potent than many other strains of psilocybin cubensis since it does not grow as quickly. Growers love growing cultures&hellip;","_links":{"self":[{"href":"https:\/\/legitgrams.com\/cs\/wp-json\/wp\/v2\/product\/4189","targetHints":{"allow":["GET"]}}],"collection":[{"href":"https:\/\/legitgrams.com\/cs\/wp-json\/wp\/v2\/product"}],"about":[{"href":"https:\/\/legitgrams.com\/cs\/wp-json\/wp\/v2\/types\/product"}],"replies":[{"embeddable":true,"href":"https:\/\/legitgrams.com\/cs\/wp-json\/wp\/v2\/comments?post=4189"}],"wp:featuredmedia":[{"embeddable":true,"href":"https:\/\/legitgrams.com\/cs\/wp-json\/wp\/v2\/media\/5240"}],"wp:attachment":[{"href":"https:\/\/legitgrams.com\/cs\/wp-json\/wp\/v2\/media?parent=4189"}],"wp:term":[{"taxonomy":"product_brand","embeddable":true,"href":"https:\/\/legitgrams.com\/cs\/wp-json\/wp\/v2\/product_brand?post=4189"},{"taxonomy":"product_cat","embeddable":true,"href":"https:\/\/legitgrams.com\/cs\/wp-json\/wp\/v2\/product_cat?post=4189"},{"taxonomy":"product_tag","embeddable":true,"href":"https:\/\/legitgrams.com\/cs\/wp-json\/wp\/v2\/product_tag?post=4189"}],"curies":[{"name":"wp","href":"https:\/\/api.w.org\/{rel}","templated":true}]}}