{"id":4191,"date":"2024-09-21T12:38:32","date_gmt":"2024-09-21T12:38:32","guid":{"rendered":"https:\/\/legitgrams.com\/?post_type=product&#038;p=4191"},"modified":"2025-01-14T06:46:39","modified_gmt":"2025-01-14T06:46:39","slug":"jesus-og-weed-kmen-marihuany","status":"publish","type":"product","link":"https:\/\/legitgrams.com\/cs\/produkt\/jesus-og-weed-kmen-marihuany\/","title":{"rendered":"Kmen marihuany Jesus OG Weed"},"content":{"rendered":"<h2>Kupte si Jesus OG Weed Cannabis Strain online<\/h2>\n<p><a href=\"https:\/\/legitgrams.com\/cs\/produkt\/jesus-og-weed-kmen-marihuany\/\">Je\u017e\u00ed\u0161 a<\/a> je kombinace, kter\u00e1 m\u00e1 zvl\u00e1\u0161tn\u00ed schopnost povzn\u00e9st t\u011blo i mysl, a\u0165 u\u017e to pova\u017eujete za esoterick\u00e9. Subcools pro agreg\u00e1ty pou\u017e\u00edvan\u00e9 v produktivn\u00edm odchovu The Dank n\u00e1s poctil t\u00edmto \u00fa\u017easn\u00fdm p\u016fl na p\u016fl mashup Hell\u2019s Angel OG a TGA Jack the Ripper. Navzdory skute\u010dnosti, \u017ee ur\u010dit\u00e9 agreg\u00e1ty se v\u00edce p\u0159ikl\u00e1n\u011bj\u00ed k cerebr\u00e1ln\u00ed sativ\u011b na konci spektra, Jesus OG poskytuje vysokou, kter\u00e1 vyva\u017euje v\u00fdhody, kter\u00e9 jsou intelektu\u00e1ln\u00ed i fyzick\u00e9. Jesus OG m\u00e1 konzistentn\u00ed 20% koncentraci THC a nepochybn\u011b chutn\u00e1 jako citron.<\/p>\n<p>Jesus OG se vyzna\u010duje mal\u00fdmi a\u017e st\u0159edn\u011b velk\u00fdmi kv\u011bty, kter\u00e9 se seskupuj\u00ed do kompaktn\u00edch r\u00fd\u010dovit\u00fdch \u00fatvar\u016f. Obvykle indica, pupeny maj\u00ed t\u011bsn\u011b zabalen\u00fd tvar se smy\u010dkov\u00fdmi listy, kter\u00e9 zt\u011b\u017euj\u00ed odd\u011blen\u00ed kv\u011bt\u016f bez procesoru a zvy\u0161uj\u00ed jejich tlou\u0161\u0165ku. Samotn\u00e9 listy jsou jasn\u011b zelen\u00e9 s n\u011bkolika m\u011bd\u011bn\u00fdmi pest\u00edky, kter\u00e9 prosv\u00edtaj\u00ed. Disperze trichom\u016f dod\u00e1v\u00e1 tomuto kmeni leskl\u00fd lesk a v\u00fdjime\u010dn\u011b lepiv\u00fd povrch. Hlavn\u00ed v\u016fn\u011b vych\u00e1zej\u00edc\u00ed z t\u011bchto kv\u011bt\u016f je citron s n\u00e1dechem alk\u00e1lie; toto nen\u00ed obvykl\u00e9 aroma n\u011bkter\u00fdch odpa\u0159ovan\u00fdch \u010distic\u00edch prost\u0159edk\u016f. Je zde tak\u00e9 slab\u011b abrazivn\u00ed, vlhk\u00fd z\u00e1pach, kter\u00fd p\u0159etrv\u00e1v\u00e1 a zes\u00edl\u00ed, kdy\u017e jsou kv\u011bty konzumov\u00e1ny nebo roztrh\u00e1ny. Jesus OG p\u0159i kou\u0159en\u00ed zas\u00e1hne hladce. Na v\u00fddechu zanech\u00e1v\u00e1 silnou citrusovou a ko\u0159enitou chu\u0165, kterou mo\u017en\u00e1 znaj\u00ed fanou\u0161ci Jacka Herera, d\u011bde\u010dkov\u00e9ho kmene Jesus OG. <a href=\"https:\/\/legitgrams.com\/cs\/\">LegitGrams<\/a><\/p>\n<p>Z\u00e1kazn\u00edci Je\u017e\u00ed\u0161e mohou za\u017e\u00edt bzu\u010den\u00ed v hlav\u011b nebo n\u00e1hodn\u011b p\u0159imhou\u0159en\u00e9 o\u010di v d\u016fsledku rychl\u00fdch euforick\u00fdch \u00fa\u010dink\u016f Jesus OG. Tyto \u00fa\u010dinky jsou rychle n\u00e1sledov\u00e1ny nov\u011b objeven\u00fdm pocitem z\u00e1kladn\u00edho z\u00e1jmu o mozek. Je mo\u017en\u00e9, aby \u010dl\u00e1nky nebo n\u00e1hodn\u00e9 prvky nabyly zcela jin\u00e9ho v\u00fdznamu. Proto\u017ee je to tak zaj\u00edmav\u00e9, je tento kmen skv\u011bl\u00fd jako pr\u016fvodce pro \u00fakoly vy\u017eaduj\u00edc\u00ed kreativitu nebo studium. Nav\u00edc mohou m\u00edt m\u00edrn\u011b psychedelick\u00e9 \u00fa\u010dinky; ku\u0159\u00e1ci mohou vn\u00edmat zvuky, barvy nebo dokonce chut\u011b siln\u011bji, proto\u017ee jejich smysly si v\u00edce uv\u011bdomuj\u00ed sv\u00e9 prost\u0159ed\u00ed. Jesus OG m\u00e1 tak\u00e9 skute\u010dn\u00e9 zku\u0161enosti. Bez ohledu na to m\u016f\u017ee b\u00fdt typick\u00e1 bolestivost sval\u016f a hrudn\u00edku. Kdy\u017e se u\u017e\u00edv\u00e1 ve v\u011bt\u0161\u00edm mno\u017estv\u00ed, m\u016f\u017ee toto nap\u011bt\u00ed v\u00e9st k tomu, \u017ee patroni nehtov\u00e9ho salonu budou sed\u011bt v nejbli\u017e\u0161\u00edm sedadle pro l\u00e1sku.<\/p>\n<p>Tyto dob\u0159e zaokrouhlen\u00e9 v\u00fdhody jsou tak\u00e9 v\u00fdhodn\u00e9 pro ty, kte\u0159\u00ed je vyu\u017e\u00edvaj\u00ed <a href=\"https:\/\/en.wikipedia.org\/wiki\/Cannabis\">konop\u00ed<\/a> pro l\u00e9ka\u0159sk\u00e9 \u00fa\u010dely. Narkotick\u00e9 vlastnosti Jesus OG mohou pomoci s pulzuj\u00edc\u00ed, obt\u011b\u017euj\u00edc\u00ed a chronickou bolest\u00ed. Lze j\u00edm ulevit od men\u0161\u00edch bolest\u00ed mozku i siln\u011bj\u0161\u00edch bolest\u00ed hlavy. Dokonce i bolestiv\u00fd nitroo\u010dn\u00ed tlak spojen\u00fd s glaukomem lze \u00fa\u010dinn\u011b sn\u00ed\u017eit schopnost\u00ed tohoto kmene uvolnit o\u010di pacient\u016f. Mezit\u00edm m\u016f\u017ee ka\u017ed\u00fd, kdo bojuje se stresem, \u00fazkost\u00ed, skl\u00ed\u010denost\u00ed a PTSD, zjistit, \u017ee euforick\u00e1 inspirace Jesuse OG je \u00fa\u017easn\u00fdm do\u010dasn\u00fdm l\u00e9kem. Jeho vn\u00edmav\u00e9 centrum by mohlo pomoci pacient\u016fm s probl\u00e9my s deficitem pozornosti. Nicm\u00e9n\u011b, vzhledem k inklinaci tohoto kmene k dosa\u017een\u00ed neomezen\u00e9ho uva\u017eov\u00e1n\u00ed, m\u016f\u017ee u jedinc\u016f, kte\u0159\u00ed nejsou obezn\u00e1meni s \u201erasou mysli\u201c, kter\u00e1 skute\u010dn\u011b sativu doprov\u00e1z\u00ed, vyvolat \u0161\u00edlenstv\u00ed nebo neur\u00f3zu.<\/p>\n<h3>\u00da\u010dinky<\/h3>\n<p>o\u017eivuj\u00edc\u00ed, bla\u017een\u00fd, optimistick\u00fd, koncentrovan\u00fd a radostn\u00fd; m\u016f\u017ee sn\u00ed\u017eit \u00fanavu, bolesti hlavy, migr\u00e9ny, nevolnost, PTSD, stres, bipol\u00e1rn\u00ed poruchu, depresi, ADD\/ADHD a chronickou bolest.<br \/>\nP\u0159\u00edchut\u011b<br \/>\nSladk\u00e9, pikantn\u00ed, citronov\u00e9 a piniov\u00e9 v\u016fn\u011b<br \/>\nSladk\u00e1, zemit\u00e1, citronov\u00e1 a citliv\u00e1<br \/>\nKoupit Jesus OG Weed Marihuana kmen online: koupit Weed Marihuana kmen, koupit Jesus OG Weed Marihuana kmen, koupit OG Weed Marihuana kmen online, kde koupit Jesus OG Weed Marihuana kmen, Jesus OG Weed Marihuana kmen na prodej, Weed Marihuana kmen na prodej, koupit Marihuana Strain online, kde koupit Jesus OG Weed Marihuana Strain na prodej v USA, Kanad\u011b a USA Velk\u00e1 Brit\u00e1nie, nakupovat online, dodavatel\u00e9, bezpe\u010dn\u00e9 doru\u010den\u00ed, Existuje je\u0161t\u011b Jesus OG Weed Marihuana Strain? Je dostupn\u00fd v USA? Investujte do Je\u017e\u00ed\u0161e<\/p>\n<p>Jak si mohu objednat Je\u017e\u00ed\u0161e? OG Weed Marihuana Strain online v USA Kmen konop\u00ed zn\u00e1m\u00fd jako Jesus OG Weed: Je to leg\u00e1ln\u00ed v Kanad\u011b?<\/p>\n<h2><\/h2>\n<h2><\/h2>\n<p>&nbsp;<\/p>","protected":false},"excerpt":{"rendered":"<p>Purchase the Jesus OG Weed Cannabis Strain Online Jesus OG is a combination that has the special capacity to elevate both the body and the mind, whether you consider it esoteric. Subcools for aggregates used in productive rearing The Dank has honored us with this amazing half-and-half mashup of Hell&#8217;s Angel OG and TGA&#8217;s Jack &hellip;<\/p>\n<p class=\"read-more\"> <a class=\"\" href=\"https:\/\/legitgrams.com\/cs\/produkt\/jesus-og-weed-kmen-marihuany\/\"> <span class=\"screen-reader-text\">Kmen marihuany Jesus OG Weed<\/span> \u010c\u00edst d\u00e1l \"<\/a><\/p>","protected":false},"featured_media":5408,"comment_status":"open","ping_status":"closed","template":"","meta":{"_uag_custom_page_level_css":"","site-sidebar-layout":"default","site-content-layout":"default","ast-global-header-display":"","ast-main-header-display":"","ast-hfb-above-header-display":"","ast-hfb-below-header-display":"","ast-hfb-mobile-header-display":"","site-post-title":"","ast-breadcrumbs-content":"","ast-featured-img":"","footer-sml-layout":"","theme-transparent-header-meta":"default","adv-header-id-meta":"","stick-header-meta":"default","header-above-stick-meta":"","header-main-stick-meta":"","header-below-stick-meta":"","_joinchat":[]},"product_brand":[],"product_cat":[607],"product_tag":[2394,2384,617,2376,2391,2388,2383,2375,2378,2379,2386,2377,2389,2396,2397,2395,2387,2392,2381,2393,2390,625,2382,2385,2380],"class_list":{"0":"post-4191","1":"product","2":"type-product","3":"status-publish","4":"has-post-thumbnail","6":"product_cat-marijuana-cannabis","7":"product_tag-best-cheap-price-jesus-og-weed-marijuana-strain","8":"product_tag-best-place-to-buy-jesus-og-weed-marijuana-strain","9":"product_tag-bulk-online","10":"product_tag-buy-jesus-og-weed-marijuana-strain","11":"product_tag-cheap-jesus-og-weed-marijuana-strain","12":"product_tag-high-quality-jesus-og-weed-marijuana-strain","13":"product_tag-how-to-buy-jesus-og-weed-marijuana-strain","14":"product_tag-jesus-og-weed-marijuana-strain","15":"product_tag-jesus-og-weed-marijuana-strain-for-sale","16":"product_tag-jesus-og-weed-marijuana-strain-jesus-og-weed-marijuana-strain-supplier","17":"product_tag-jesus-og-weed-marijuana-strain-legally","18":"product_tag-jesus-og-weed-marijuana-strain-online","19":"product_tag-jesus-og-weed-marijuana-strain-store","20":"product_tag-jesus-og-weed-marijuana-strain-use","21":"product_tag-jesus-og-weed-marijuana-strain-wiki","22":"product_tag-jesus-og-weed-marijuana-strain-worldwide","23":"product_tag-jesus-og-weed-marijuana-strainprice","24":"product_tag-jesus-og-weed-marijuana-strains","25":"product_tag-order-jesus-og-weed-marijuana-strain","26":"product_tag-purcharse-jesus-og-weed-marijuana-strain","27":"product_tag-shop-jesus-og-weed-marijuana-strain","28":"product_tag-top-quality","29":"product_tag-where-to-buy-jesus-og-weed-marijuana-strain","30":"product_tag-where-to-order-jesus-og-weed-marijuana-strain","31":"product_tag-wholesale-jesus-og-weed-marijuana-strain","32":"desktop-align-left","33":"tablet-align-left","34":"mobile-align-left","35":"ast-product-gallery-layout-horizontal","36":"ast-product-gallery-with-no-image","37":"ast-product-single-variable","38":"ast-product-tabs-layout-horizontal","39":"ast-qv-on-image","41":"first","42":"instock","43":"shipping-taxable","44":"purchasable","45":"product-type-variable"},"yoast_head":"<!-- This site is optimized with the Yoast SEO plugin v25.9 - https:\/\/yoast.com\/wordpress\/plugins\/seo\/ -->\n<title>Jesus OG Weed Marijuana Strain for Sale - Buy Jesus OG Weed<\/title>\n<meta name=\"description\" content=\"Your requirement to buy Jesus OG Weed Marijuana Strain online can be fulfilled at our online Legitgrams store as we are having Jesus OG Weed Marijuana Strain for sale here. Place your order and get affordable deals every day.\" \/>\n<meta name=\"robots\" content=\"index, follow, max-snippet:-1, max-image-preview:large, max-video-preview:-1\" \/>\n<link rel=\"canonical\" href=\"https:\/\/legitgrams.com\/cs\/produkt\/jesus-og-weed-kmen-marihuany\/\" \/>\n<meta property=\"og:locale\" content=\"cs_CZ\" \/>\n<meta property=\"og:type\" content=\"article\" \/>\n<meta property=\"og:title\" content=\"Jesus OG Weed Marijuana Strain for Sale - Buy Jesus OG Weed\" \/>\n<meta property=\"og:description\" content=\"Your requirement to buy Jesus OG Weed Marijuana Strain online can be fulfilled at our online Legitgrams store as we are having Jesus OG Weed Marijuana Strain for sale here. Place your order and get affordable deals every day.\" \/>\n<meta property=\"og:url\" content=\"https:\/\/legitgrams.com\/cs\/produkt\/jesus-og-weed-kmen-marihuany\/\" \/>\n<meta property=\"og:site_name\" content=\"Legit Grams\" \/>\n<meta property=\"article:modified_time\" content=\"2025-01-14T06:46:39+00:00\" \/>\n<meta property=\"og:image\" content=\"https:\/\/legitgrams.com\/wp-content\/uploads\/2024\/09\/Buy-Jesus-OG-Weed-Marijuana-Strain-Online.jpg\" \/>\n\t<meta property=\"og:image:width\" content=\"600\" \/>\n\t<meta property=\"og:image:height\" content=\"600\" \/>\n\t<meta property=\"og:image:type\" content=\"image\/jpeg\" \/>\n<meta name=\"twitter:card\" content=\"summary_large_image\" \/>\n<meta name=\"twitter:label1\" content=\"Odhadovan\u00e1 doba \u010dten\u00ed\" \/>\n\t<meta name=\"twitter:data1\" content=\"6 minut\" \/>\n<script type=\"application\/ld+json\" class=\"yoast-schema-graph\">{\"@context\":\"https:\/\/schema.org\",\"@graph\":[{\"@type\":\"WebPage\",\"@id\":\"https:\/\/legitgrams.com\/product\/jesus-og-weed-marijuana-strain\/\",\"url\":\"https:\/\/legitgrams.com\/product\/jesus-og-weed-marijuana-strain\/\",\"name\":\"Jesus OG Weed Marijuana Strain for Sale - Buy Jesus OG Weed\",\"isPartOf\":{\"@id\":\"https:\/\/legitgrams.com\/#website\"},\"primaryImageOfPage\":{\"@id\":\"https:\/\/legitgrams.com\/product\/jesus-og-weed-marijuana-strain\/#primaryimage\"},\"image\":{\"@id\":\"https:\/\/legitgrams.com\/product\/jesus-og-weed-marijuana-strain\/#primaryimage\"},\"thumbnailUrl\":\"https:\/\/legitgrams.com\/wp-content\/uploads\/2024\/09\/Buy-Jesus-OG-Weed-Marijuana-Strain-Online.jpg\",\"datePublished\":\"2024-09-21T12:38:32+00:00\",\"dateModified\":\"2025-01-14T06:46:39+00:00\",\"description\":\"Your requirement to buy Jesus OG Weed Marijuana Strain online can be fulfilled at our online Legitgrams store as we are having Jesus OG Weed Marijuana Strain for sale here. Place your order and get affordable deals every day.\",\"breadcrumb\":{\"@id\":\"https:\/\/legitgrams.com\/product\/jesus-og-weed-marijuana-strain\/#breadcrumb\"},\"inLanguage\":\"cs\",\"potentialAction\":[{\"@type\":\"ReadAction\",\"target\":[\"https:\/\/legitgrams.com\/product\/jesus-og-weed-marijuana-strain\/\"]}]},{\"@type\":\"ImageObject\",\"inLanguage\":\"cs\",\"@id\":\"https:\/\/legitgrams.com\/product\/jesus-og-weed-marijuana-strain\/#primaryimage\",\"url\":\"https:\/\/legitgrams.com\/wp-content\/uploads\/2024\/09\/Buy-Jesus-OG-Weed-Marijuana-Strain-Online.jpg\",\"contentUrl\":\"https:\/\/legitgrams.com\/wp-content\/uploads\/2024\/09\/Buy-Jesus-OG-Weed-Marijuana-Strain-Online.jpg\",\"width\":600,\"height\":600,\"caption\":\"Jesus OG Weed Marijuana Strain for Sale\"},{\"@type\":\"BreadcrumbList\",\"@id\":\"https:\/\/legitgrams.com\/product\/jesus-og-weed-marijuana-strain\/#breadcrumb\",\"itemListElement\":[{\"@type\":\"ListItem\",\"position\":1,\"name\":\"Home\",\"item\":\"https:\/\/legitgrams.com\/\"},{\"@type\":\"ListItem\",\"position\":2,\"name\":\"Shop\",\"item\":\"https:\/\/legitgrams.com\/shop\/\"},{\"@type\":\"ListItem\",\"position\":3,\"name\":\"Jesus OG Weed Marijuana Strain\"}]},{\"@type\":\"WebSite\",\"@id\":\"https:\/\/legitgrams.com\/#website\",\"url\":\"https:\/\/legitgrams.com\/\",\"name\":\"Legit Grams\",\"description\":\"My WordPress Blog\",\"publisher\":{\"@id\":\"https:\/\/legitgrams.com\/#organization\"},\"potentialAction\":[{\"@type\":\"SearchAction\",\"target\":{\"@type\":\"EntryPoint\",\"urlTemplate\":\"https:\/\/legitgrams.com\/?s={search_term_string}\"},\"query-input\":{\"@type\":\"PropertyValueSpecification\",\"valueRequired\":true,\"valueName\":\"search_term_string\"}}],\"inLanguage\":\"cs\"},{\"@type\":\"Organization\",\"@id\":\"https:\/\/legitgrams.com\/#organization\",\"name\":\"Legit Grams\",\"url\":\"https:\/\/legitgrams.com\/\",\"logo\":{\"@type\":\"ImageObject\",\"inLanguage\":\"cs\",\"@id\":\"https:\/\/legitgrams.com\/#\/schema\/logo\/image\/\",\"url\":\"https:\/\/legitgrams.com\/wp-content\/uploads\/2024\/09\/main-logo.png\",\"contentUrl\":\"https:\/\/legitgrams.com\/wp-content\/uploads\/2024\/09\/main-logo.png\",\"width\":270,\"height\":75,\"caption\":\"Legit Grams\"},\"image\":{\"@id\":\"https:\/\/legitgrams.com\/#\/schema\/logo\/image\/\"}}]}<\/script>\n<!-- \/ Yoast SEO plugin. -->","yoast_head_json":{"title":"Jesus OG Weed Marihuana Kmen na prodej - Kupte Jesus OG Weed","description":"V\u00e1\u0161 po\u017eadavek na n\u00e1kup Jesus OG Weed Marihuana Strain online m\u016f\u017ee b\u00fdt spln\u011bn v na\u0161em online obchod\u011b Legitgrams, proto\u017ee zde m\u00e1me Jesus OG Weed Marihuana Strain na prodej. Objednejte si a z\u00edskejte cenov\u011b dostupn\u00e9 nab\u00eddky ka\u017ed\u00fd den.","robots":{"index":"index","follow":"follow","max-snippet":"max-snippet:-1","max-image-preview":"max-image-preview:large","max-video-preview":"max-video-preview:-1"},"canonical":"https:\/\/legitgrams.com\/cs\/produkt\/jesus-og-weed-kmen-marihuany\/","og_locale":"cs_CZ","og_type":"article","og_title":"Jesus OG Weed Marijuana Strain for Sale - Buy Jesus OG Weed","og_description":"Your requirement to buy Jesus OG Weed Marijuana Strain online can be fulfilled at our online Legitgrams store as we are having Jesus OG Weed Marijuana Strain for sale here. Place your order and get affordable deals every day.","og_url":"https:\/\/legitgrams.com\/cs\/produkt\/jesus-og-weed-kmen-marihuany\/","og_site_name":"Legit Grams","article_modified_time":"2025-01-14T06:46:39+00:00","og_image":[{"width":600,"height":600,"url":"https:\/\/legitgrams.com\/wp-content\/uploads\/2024\/09\/Buy-Jesus-OG-Weed-Marijuana-Strain-Online.jpg","type":"image\/jpeg"}],"twitter_card":"summary_large_image","twitter_misc":{"Odhadovan\u00e1 doba \u010dten\u00ed":"6 minut"},"schema":{"@context":"https:\/\/schema.org","@graph":[{"@type":"WebPage","@id":"https:\/\/legitgrams.com\/product\/jesus-og-weed-marijuana-strain\/","url":"https:\/\/legitgrams.com\/product\/jesus-og-weed-marijuana-strain\/","name":"Jesus OG Weed Marihuana Kmen na prodej - Kupte Jesus OG Weed","isPartOf":{"@id":"https:\/\/legitgrams.com\/#website"},"primaryImageOfPage":{"@id":"https:\/\/legitgrams.com\/product\/jesus-og-weed-marijuana-strain\/#primaryimage"},"image":{"@id":"https:\/\/legitgrams.com\/product\/jesus-og-weed-marijuana-strain\/#primaryimage"},"thumbnailUrl":"https:\/\/legitgrams.com\/wp-content\/uploads\/2024\/09\/Buy-Jesus-OG-Weed-Marijuana-Strain-Online.jpg","datePublished":"2024-09-21T12:38:32+00:00","dateModified":"2025-01-14T06:46:39+00:00","description":"V\u00e1\u0161 po\u017eadavek na n\u00e1kup Jesus OG Weed Marihuana Strain online m\u016f\u017ee b\u00fdt spln\u011bn v na\u0161em online obchod\u011b Legitgrams, proto\u017ee zde m\u00e1me Jesus OG Weed Marihuana Strain na prodej. Objednejte si a z\u00edskejte cenov\u011b dostupn\u00e9 nab\u00eddky ka\u017ed\u00fd den.","breadcrumb":{"@id":"https:\/\/legitgrams.com\/product\/jesus-og-weed-marijuana-strain\/#breadcrumb"},"inLanguage":"cs","potentialAction":[{"@type":"ReadAction","target":["https:\/\/legitgrams.com\/product\/jesus-og-weed-marijuana-strain\/"]}]},{"@type":"ImageObject","inLanguage":"cs","@id":"https:\/\/legitgrams.com\/product\/jesus-og-weed-marijuana-strain\/#primaryimage","url":"https:\/\/legitgrams.com\/wp-content\/uploads\/2024\/09\/Buy-Jesus-OG-Weed-Marijuana-Strain-Online.jpg","contentUrl":"https:\/\/legitgrams.com\/wp-content\/uploads\/2024\/09\/Buy-Jesus-OG-Weed-Marijuana-Strain-Online.jpg","width":600,"height":600,"caption":"Jesus OG Weed Marijuana Strain for Sale"},{"@type":"BreadcrumbList","@id":"https:\/\/legitgrams.com\/product\/jesus-og-weed-marijuana-strain\/#breadcrumb","itemListElement":[{"@type":"ListItem","position":1,"name":"Home","item":"https:\/\/legitgrams.com\/"},{"@type":"ListItem","position":2,"name":"Shop","item":"https:\/\/legitgrams.com\/shop\/"},{"@type":"ListItem","position":3,"name":"Jesus OG Weed Marijuana Strain"}]},{"@type":"WebSite","@id":"https:\/\/legitgrams.com\/#website","url":"https:\/\/legitgrams.com\/","name":"Leg\u00e1ln\u00ed gramy","description":"M\u016fj blog WordPress","publisher":{"@id":"https:\/\/legitgrams.com\/#organization"},"potentialAction":[{"@type":"SearchAction","target":{"@type":"EntryPoint","urlTemplate":"https:\/\/legitgrams.com\/?s={search_term_string}"},"query-input":{"@type":"PropertyValueSpecification","valueRequired":true,"valueName":"search_term_string"}}],"inLanguage":"cs"},{"@type":"Organization","@id":"https:\/\/legitgrams.com\/#organization","name":"Leg\u00e1ln\u00ed gramy","url":"https:\/\/legitgrams.com\/","logo":{"@type":"ImageObject","inLanguage":"cs","@id":"https:\/\/legitgrams.com\/#\/schema\/logo\/image\/","url":"https:\/\/legitgrams.com\/wp-content\/uploads\/2024\/09\/main-logo.png","contentUrl":"https:\/\/legitgrams.com\/wp-content\/uploads\/2024\/09\/main-logo.png","width":270,"height":75,"caption":"Legit Grams"},"image":{"@id":"https:\/\/legitgrams.com\/#\/schema\/logo\/image\/"}}]}},"uagb_featured_image_src":{"full":["https:\/\/legitgrams.com\/wp-content\/uploads\/2024\/09\/Buy-Jesus-OG-Weed-Marijuana-Strain-Online.jpg",600,600,false],"thumbnail":["https:\/\/legitgrams.com\/wp-content\/uploads\/2024\/09\/Buy-Jesus-OG-Weed-Marijuana-Strain-Online-150x150.jpg",150,150,true],"medium":["https:\/\/legitgrams.com\/wp-content\/uploads\/2024\/09\/Buy-Jesus-OG-Weed-Marijuana-Strain-Online-300x300.jpg",300,300,true],"medium_large":["https:\/\/legitgrams.com\/wp-content\/uploads\/2024\/09\/Buy-Jesus-OG-Weed-Marijuana-Strain-Online.jpg",600,600,false],"large":["https:\/\/legitgrams.com\/wp-content\/uploads\/2024\/09\/Buy-Jesus-OG-Weed-Marijuana-Strain-Online.jpg",600,600,false],"1536x1536":["https:\/\/legitgrams.com\/wp-content\/uploads\/2024\/09\/Buy-Jesus-OG-Weed-Marijuana-Strain-Online.jpg",600,600,false],"2048x2048":["https:\/\/legitgrams.com\/wp-content\/uploads\/2024\/09\/Buy-Jesus-OG-Weed-Marijuana-Strain-Online.jpg",600,600,false],"trp-custom-language-flag":["https:\/\/legitgrams.com\/wp-content\/uploads\/2024\/09\/Buy-Jesus-OG-Weed-Marijuana-Strain-Online-12x12.jpg",12,12,true],"woocommerce_thumbnail":["https:\/\/legitgrams.com\/wp-content\/uploads\/2024\/09\/Buy-Jesus-OG-Weed-Marijuana-Strain-Online-300x300.jpg",300,300,true],"woocommerce_single":["https:\/\/legitgrams.com\/wp-content\/uploads\/2024\/09\/Buy-Jesus-OG-Weed-Marijuana-Strain-Online.jpg",600,600,false],"woocommerce_gallery_thumbnail":["https:\/\/legitgrams.com\/wp-content\/uploads\/2024\/09\/Buy-Jesus-OG-Weed-Marijuana-Strain-Online-100x100.jpg",100,100,true]},"uagb_author_info":{"display_name":"cokeblog18","author_link":"https:\/\/legitgrams.com\/cs\/author\/"},"uagb_comment_info":0,"uagb_excerpt":"Purchase the Jesus OG Weed Cannabis Strain Online Jesus OG is a combination that has the special capacity to elevate both the body and the mind, whether you consider it esoteric. Subcools for aggregates used in productive rearing The Dank has honored us with this amazing half-and-half mashup of Hell&#8217;s Angel OG and TGA&#8217;s Jack&hellip;","_links":{"self":[{"href":"https:\/\/legitgrams.com\/cs\/wp-json\/wp\/v2\/product\/4191","targetHints":{"allow":["GET"]}}],"collection":[{"href":"https:\/\/legitgrams.com\/cs\/wp-json\/wp\/v2\/product"}],"about":[{"href":"https:\/\/legitgrams.com\/cs\/wp-json\/wp\/v2\/types\/product"}],"replies":[{"embeddable":true,"href":"https:\/\/legitgrams.com\/cs\/wp-json\/wp\/v2\/comments?post=4191"}],"wp:featuredmedia":[{"embeddable":true,"href":"https:\/\/legitgrams.com\/cs\/wp-json\/wp\/v2\/media\/5408"}],"wp:attachment":[{"href":"https:\/\/legitgrams.com\/cs\/wp-json\/wp\/v2\/media?parent=4191"}],"wp:term":[{"taxonomy":"product_brand","embeddable":true,"href":"https:\/\/legitgrams.com\/cs\/wp-json\/wp\/v2\/product_brand?post=4191"},{"taxonomy":"product_cat","embeddable":true,"href":"https:\/\/legitgrams.com\/cs\/wp-json\/wp\/v2\/product_cat?post=4191"},{"taxonomy":"product_tag","embeddable":true,"href":"https:\/\/legitgrams.com\/cs\/wp-json\/wp\/v2\/product_tag?post=4191"}],"curies":[{"name":"wp","href":"https:\/\/api.w.org\/{rel}","templated":true}]}}