{"id":4196,"date":"2024-09-21T12:43:39","date_gmt":"2024-09-21T12:43:39","guid":{"rendered":"https:\/\/legitgrams.com\/?post_type=product&#038;p=4196"},"modified":"2025-01-11T10:29:49","modified_gmt":"2025-01-11T10:29:49","slug":"2c-e-vyzkumne-chemicke-latky","status":"publish","type":"product","link":"https:\/\/legitgrams.com\/cs\/produkt\/2c-e-vyzkumne-chemicke-latky\/","title":{"rendered":"2C-E Research Chemical"},"content":{"rendered":"<h2>Prodej 2C-E Research Chemical<\/h2>\n<p>Dodavatel 2C, <a href=\"https:\/\/legitgrams.com\/cs\/produkt\/2c-e-vyzkumne-chemicke-latky\/\">Chemick\u00e1 anal\u00fdza 2CE<\/a>, akvizice 2C a prodej 2C<br \/>\n4,2-dimethoxy-ethylfenethylamin<br \/>\nSkupina 2,5-fenethylamin\u016f, b\u011b\u017en\u011b zn\u00e1m\u00fdch jako 2Cs, m\u00e1 psychotropn\u00ed vlastnosti a n\u011bkdy jsou klasifikov\u00e1ny jako nedovolen\u00e9 l\u00e1tky. Form\u00e1ln\u00edm zastoupen\u00edm 2C-E je 2,5-dimethoxy-4-ethylfenethylamin. Stejn\u011b jako ostatn\u00ed 2C je 2C-E inhibitor monoaminooxid\u00e1zy, kter\u00fd inhibuje rozklad dopaminu, ale ne serotoninu nebo norepinefrinu (odhady IC 72 a 89 \u03bcM, v tomto po\u0159ad\u00ed). Je pops\u00e1no jeho tr\u00e1ven\u00ed.2. P\u0159edpokl\u00e1d\u00e1me, \u017ee tuto polo\u017eku pou\u017eijeme v aplikac\u00edch, kter\u00e9 lze m\u011b\u0159it.<\/p>\n<p>Pokud je s v\u00e1mi v po\u0159\u00e1dku, upozor\u0148ujeme v\u00e1s, \u017ee dod\u00e1v\u00e1me <a href=\"https:\/\/en.wikipedia.org\/wiki\/2C-E\">2C-E<\/a> a dal\u0161\u00ed testovac\u00ed polo\u017eky s v\u00fdslovn\u00fdmi pokyny k jejich pou\u017eit\u00ed pouze pro vhodn\u00e9, racion\u00e1ln\u00ed studium v \u200b\u200bbezpe\u010dn\u00e9m, regulovan\u00e9m prost\u0159ed\u00ed v souladu s p\u0159\u00edslu\u0161n\u00fdmi z\u00e1kony a p\u0159edpisy v okol\u00ed klienta. Lidsk\u00e9 pou\u017eit\u00ed na\u0161ich produkt\u016f je bez v\u00fdjimky p\u0159\u00edsn\u011b zak\u00e1z\u00e1no.<\/p>\n<p>Pokud dnes provedete transakci, za\u0161leme v\u00e1\u0161 bal\u00ed\u010dek kamkoli do Spojen\u00fdch st\u00e1t\u016f, Evropy nebo sv\u011bta. P\u0159i v\u00fdvoji RC na\u0161e spole\u010dnost p\u0159\u00edmo spolupracuje s mnoha pulzuj\u00edc\u00edmi mezin\u00e1rodn\u00edmi laborato\u0159emi a jedn\u00edm z na\u0161ich hlavn\u00edch c\u00edl\u016f je z\u00edsk\u00e1v\u00e1n\u00ed \u0161pi\u010dkov\u00fdch objev\u016f. V\u00e1\u0161 po\u017eadavek je proto opravdu d\u016fle\u017eit\u00fd. N\u00e1\u0161 prodejce m\u00e1 s\u00eddlo v USA a podnik\u00e1 po cel\u00e9m sv\u011bt\u011b. Na internetu mohou z\u00e1kazn\u00edci rychle potvrdit dostupnost a odhad RC. Chcete-li zjistit, jak podat \u017e\u00e1dost, kontaktujte n\u00e1\u0161 u\u017eite\u010dn\u00fd a v\u00edcejazy\u010dn\u00fd z\u00e1kaznick\u00fd servis. V p\u0159\u00edpad\u011b, \u017ee byste si cht\u011bli objednat kombinaci l\u00e1tek nebo za sn\u00ed\u017eenou cenu, kontaktujte n\u00e1s pro dal\u0161\u00ed podrobnosti. V\u00e1\u017e\u00edme si na\u0161ich z\u00e1kazn\u00edk\u016f, tak\u017ee pokud pot\u0159ebujete pomoci s v\u00fdb\u011brem ide\u00e1ln\u00ed polo\u017eky, nebojte se n\u00e1s kontaktovat. P\u0159i z\u00edsk\u00e1v\u00e1n\u00ed chemik\u00e1li\u00ed pro v\u00fdzkum je kvalita z\u00e1sadn\u00ed. Ka\u017ed\u00fd den se seznam darovan\u00fdch v\u011bc\u00ed prodlu\u017euje. Na\u0161\u00edm c\u00edlem je v\u017edy poskytovat klient\u016fm dlouhodob\u00e9 hodnocen\u00ed kvality, rozvoj a zlep\u0161ov\u00e1n\u00ed. Ka\u017ed\u00fd z\u00e1kazn\u00edk m\u00e1 maxim\u00e1ln\u00ed d\u016fv\u011bru ve v\u0161echny poskytnut\u00e9 materi\u00e1ly. U n\u00e1s m\u016f\u017eete z\u00edskat rc a zjistit v\u0161e, co o nich, jejich v\u00fdhod\u00e1ch a spr\u00e1vn\u00fdch syntetick\u00fdch drog\u00e1ch pot\u0159ebujete v\u011bd\u011bt. <a href=\"https:\/\/legitgrams.com\/cs\/\">LegitGrams<\/a><\/p>\n<p>Dv\u011b studie o chemik\u00e1li\u00edch<\/p>\n<p>4,2-dimethoxy-ethylfenethylamin<\/p>\n<p>Zm\u011bna koncentrac\u00ed 2,5-fenetylaminu,<\/p>\n<p>P\u0159edpokl\u00e1d\u00e1 se, \u017ee skupina l\u00e1tek ozna\u010dovan\u00fdch jako 2,5-fenethylaminy nebo 2C, \u010dasto \u0159azen\u00e1 mezi neleg\u00e1ln\u00ed narkotika, m\u00e1 psychedelick\u00e9 \u00fa\u010dinky. Form\u00e1ln\u011b se 2,5-dimethoxy-4-ethylfenethylamin pou\u017e\u00edv\u00e1 k reprezentaci 2C\u2013E. Stejn\u011b jako ostatn\u00ed 2C, 2C-E inhibuje monoaminooxid\u00e1zu, kter\u00e1 zastavuje rozklad dopaminu, ale ne serotoninu nebo norepinefrinu (hodnoty IC 72 a 89 \u03bcM). Je pops\u00e1na jeho absorpce.2. To je b\u011b\u017en\u00e9 u m\u011b\u0159iteln\u00fdch aplikac\u00ed.<\/p>\n<p>Pokud si st\u00e1le nejste jisti, povolujeme pou\u017eit\u00ed 2C-E a dal\u0161\u00edch polo\u017eek hodnocen\u00ed pouze pro certifikovan\u00e1 pr\u00e1vn\u00ed vy\u0161et\u0159ov\u00e1n\u00ed, kter\u00e1 se prov\u00e1d\u011bj\u00ed v zabezpe\u010den\u00e9m, kontrolovan\u00e9m prost\u0159ed\u00ed v souladu s platn\u00fdmi m\u00edstn\u00edmi, st\u00e1tn\u00edmi a feder\u00e1ln\u00edmi p\u0159edpisy. Pou\u017e\u00edv\u00e1n\u00ed na\u0161ich produkt\u016f lidmi je p\u0159\u00edsn\u011b zak\u00e1z\u00e1no, bez v\u00fdjimek.<\/p>\n<p>Pl\u00e1nujte dop\u0159edu a my v\u00e1\u0161 bal\u00ed\u010dek doru\u010d\u00edme na jakoukoli adresu ve Spojen\u00fdch st\u00e1tech, Evrop\u011b nebo ve sv\u011bt\u011b. Na\u0161e spole\u010dnost spolupracuje s mnoha \u0161pi\u010dkov\u00fdmi laborato\u0159emi po cel\u00e9m sv\u011bt\u011b na v\u00fdvoji RC a my nal\u00e9hav\u011b pot\u0159ebujeme z\u00edskat vyroben\u00e9 n\u00e1sledn\u00e9 efekty v\u00fdjime\u010dn\u00e9 kvality, abychom uspokojili tuto popt\u00e1vku. Va\u0161e p\u0159\u00e1n\u00ed je proto nejvy\u0161\u0161\u00ed spravedlnosti. N\u00e1\u0161 prodejce poskytuje slu\u017eby z\u00e1kazn\u00edk\u016fm po cel\u00e9m sv\u011bt\u011b a s\u00eddl\u00ed ve Spojen\u00fdch st\u00e1tech. Na internetu mohou klienti snadno potvrdit dostupnost a hodnocen\u00ed RC. Jednodu\u0161e kontaktujte n\u00e1\u0161 p\u0159\u00e1telsk\u00fd, v\u00edcejazy\u010dn\u00fd z\u00e1kaznick\u00fd servis a zjist\u011bte, jak odeslat po\u017eadavek. Pokud chcete mluvit o sm\u011bsn\u00fdch l\u00e9c\u00edch nebo obecn\u011b, kontaktujte n\u00e1s pros\u00edm kdykoli pro dal\u0161\u00ed podrobnosti o \u00fahrad\u011b. Nev\u00e1hejte n\u00e1s kontaktovat s \u017e\u00e1dost\u00ed o pomoc, pokud m\u00e1te pot\u00ed\u017ee s nalezen\u00edm ide\u00e1ln\u00ed polo\u017eky, proto\u017ee n\u00e1m na na\u0161ich klientech z\u00e1le\u017e\u00ed. Kvalita je nejd\u016fle\u017eit\u011bj\u0161\u00edm faktorem p\u0159i diskusi o chemick\u00fdch l\u00e1tk\u00e1ch pro v\u00fdzkum. Seznam nab\u00edzen\u00fdch v\u011bc\u00ed se neust\u00e1le rozr\u016fst\u00e1. U na\u0161ich klient\u016f mus\u00edme neust\u00e1le hodnotit bolest, pokrok a zlep\u0161ov\u00e1n\u00ed kvality. Ka\u017ed\u00fd z\u00e1kazn\u00edk m\u00e1 nejvy\u0161\u0161\u00ed m\u00edru jistoty ohledn\u011b celkov\u00e9ho mno\u017estv\u00ed dod\u00e1van\u00e9ho materi\u00e1lu. Neprod\u00e1v\u00e1me pouze rc, ale tak\u00e9 o nich poskytujeme v\u0161echny \u010dasto p\u0159ehl\u00ed\u017een\u00e9 podrobnosti, v\u010detn\u011b jejich v\u00fdhod a dob\u0159e zpracovan\u00fdch recept\u016f.<\/p>\n<p>Kde mohu zakoupit v\u00fdzkumnou chemik\u00e1lii 2C-E? Kde si mohu koupit v\u00fdzkumnou chemik\u00e1lii 2C-E na prodej? Kde si mohu koupit 2C-E v\u00fdzkumnou chemik\u00e1lii online? \u2013 N\u00e1kup chemik\u00e1li\u00ed, n\u00e1kup chemik\u00e1li\u00ed pro v\u00fdzkum 2C-E, n\u00e1kup chemik\u00e1li\u00ed pro v\u00fdzkum online<\/p>","protected":false},"excerpt":{"rendered":"<p>Sale of 2C-E Research Chemical 2C supplier, 2CE chemical analysis, 2C acquisition, and 2C sale 4, 2-Dimethoxy-Ethylphenethylamine A group of 2,5-phenethylamines, commonly known as 2Cs, have psychotropic properties and are sometimes categorized as illicit substances. The formal representation of 2C-E is 2,5-dimethoxy-4-ethylphenethylamine. Like other 2Cs, 2C-E is a monoamine oxidase inhibitor that inhibits the breakdown &hellip;<\/p>\n<p class=\"read-more\"> <a class=\"\" href=\"https:\/\/legitgrams.com\/cs\/produkt\/2c-e-vyzkumne-chemicke-latky\/\"> <span class=\"screen-reader-text\">2C-E Research Chemical<\/span> \u010c\u00edst d\u00e1l \"<\/a><\/p>","protected":false},"featured_media":5254,"comment_status":"open","ping_status":"closed","template":"","meta":{"_uag_custom_page_level_css":"","site-sidebar-layout":"default","site-content-layout":"default","ast-global-header-display":"","ast-main-header-display":"","ast-hfb-above-header-display":"","ast-hfb-below-header-display":"","ast-hfb-mobile-header-display":"","site-post-title":"","ast-breadcrumbs-content":"","ast-featured-img":"","footer-sml-layout":"","theme-transparent-header-meta":"default","adv-header-id-meta":"","stick-header-meta":"default","header-above-stick-meta":"","header-main-stick-meta":"","header-below-stick-meta":"","_joinchat":[]},"product_brand":[],"product_cat":[600],"product_tag":[2260,2264,2263,2271,2262,2274,2281,2282,2280,2272,2277,2279,2269,617,2261,2276,2273,2268,2266,2278,2275,625,2267,2270,2265],"class_list":{"0":"post-4196","1":"product","2":"type-product","3":"status-publish","4":"has-post-thumbnail","6":"product_cat-research-chemicals-and-bath-salt","7":"product_tag-2c-e-research-chemical","8":"product_tag-2c-e-research-chemical-2c-e-research-chemical-supplier","9":"product_tag-2c-e-research-chemical-for-sale","10":"product_tag-2c-e-research-chemical-legally","11":"product_tag-2c-e-research-chemical-online","12":"product_tag-2c-e-research-chemical-store","13":"product_tag-2c-e-research-chemical-use","14":"product_tag-2c-e-research-chemical-wiki","15":"product_tag-2c-e-research-chemical-worldwide","16":"product_tag-2c-e-research-chemicalprice","17":"product_tag-2c-e-research-chemicals","18":"product_tag-best-cheap-price-2c-e-research-chemical","19":"product_tag-best-place-to-buy-2c-e-research-chemical","20":"product_tag-bulk-online","21":"product_tag-buy-2c-e-research-chemical","22":"product_tag-cheap-2c-e-research-chemical","23":"product_tag-high-quality-2c-e-research-chemical","24":"product_tag-how-to-buy-2c-e-research-chemical","25":"product_tag-order-2c-e-research-chemical","26":"product_tag-purcharse-2c-e-research-chemical","27":"product_tag-shop-2c-e-research-chemical","28":"product_tag-top-quality","29":"product_tag-where-to-buy-2c-e-research-chemical","30":"product_tag-where-to-order-2c-e-research-chemical","31":"product_tag-wholesale-2c-e-research-chemical","32":"desktop-align-left","33":"tablet-align-left","34":"mobile-align-left","35":"ast-product-gallery-layout-horizontal","36":"ast-product-gallery-with-no-image","37":"ast-product-single-variable","38":"ast-product-tabs-layout-horizontal","39":"ast-qv-on-image","41":"first","42":"instock","43":"shipping-taxable","44":"purchasable","45":"product-type-variable"},"yoast_head":"<!-- This site is optimized with the Yoast SEO plugin v25.9 - https:\/\/yoast.com\/wordpress\/plugins\/seo\/ -->\n<title>2C-E for Sale - Order 2C-E Research Chemical Powder Online<\/title>\n<meta name=\"description\" content=\"You can get 2C-E for sale at our LegitGrams store and get it at your doorstep without any hassle. We help you buy 2C-E online with unlock exclusive discounts on products. Limited offer, act fast!\" \/>\n<meta name=\"robots\" content=\"index, follow, max-snippet:-1, max-image-preview:large, max-video-preview:-1\" \/>\n<link rel=\"canonical\" href=\"https:\/\/legitgrams.com\/cs\/produkt\/2c-e-vyzkumne-chemicke-latky\/\" \/>\n<meta property=\"og:locale\" content=\"cs_CZ\" \/>\n<meta property=\"og:type\" content=\"article\" \/>\n<meta property=\"og:title\" content=\"2C-E for Sale - Order 2C-E Research Chemical Powder Online\" \/>\n<meta property=\"og:description\" content=\"You can get 2C-E for sale at our LegitGrams store and get it at your doorstep without any hassle. We help you buy 2C-E online with unlock exclusive discounts on products. Limited offer, act fast!\" \/>\n<meta property=\"og:url\" content=\"https:\/\/legitgrams.com\/cs\/produkt\/2c-e-vyzkumne-chemicke-latky\/\" \/>\n<meta property=\"og:site_name\" content=\"Legit Grams\" \/>\n<meta property=\"article:modified_time\" content=\"2025-01-11T10:29:49+00:00\" \/>\n<meta property=\"og:image\" content=\"https:\/\/legitgrams.com\/wp-content\/uploads\/2024\/09\/buy-etizolam-powder-online.jpg\" \/>\n\t<meta property=\"og:image:width\" content=\"600\" \/>\n\t<meta property=\"og:image:height\" content=\"600\" \/>\n\t<meta property=\"og:image:type\" content=\"image\/jpeg\" \/>\n<meta name=\"twitter:card\" content=\"summary_large_image\" \/>\n<meta name=\"twitter:label1\" content=\"Odhadovan\u00e1 doba \u010dten\u00ed\" \/>\n\t<meta name=\"twitter:data1\" content=\"4 minuty\" \/>\n<script type=\"application\/ld+json\" class=\"yoast-schema-graph\">{\"@context\":\"https:\/\/schema.org\",\"@graph\":[{\"@type\":\"WebPage\",\"@id\":\"https:\/\/legitgrams.com\/product\/2c-e-research-chemical\/\",\"url\":\"https:\/\/legitgrams.com\/product\/2c-e-research-chemical\/\",\"name\":\"2C-E for Sale - Order 2C-E Research Chemical Powder Online\",\"isPartOf\":{\"@id\":\"https:\/\/legitgrams.com\/#website\"},\"primaryImageOfPage\":{\"@id\":\"https:\/\/legitgrams.com\/product\/2c-e-research-chemical\/#primaryimage\"},\"image\":{\"@id\":\"https:\/\/legitgrams.com\/product\/2c-e-research-chemical\/#primaryimage\"},\"thumbnailUrl\":\"https:\/\/legitgrams.com\/wp-content\/uploads\/2024\/09\/buy-etizolam-powder-online.jpg\",\"datePublished\":\"2024-09-21T12:43:39+00:00\",\"dateModified\":\"2025-01-11T10:29:49+00:00\",\"description\":\"You can get 2C-E for sale at our LegitGrams store and get it at your doorstep without any hassle. We help you buy 2C-E online with unlock exclusive discounts on products. Limited offer, act fast!\",\"breadcrumb\":{\"@id\":\"https:\/\/legitgrams.com\/product\/2c-e-research-chemical\/#breadcrumb\"},\"inLanguage\":\"cs\",\"potentialAction\":[{\"@type\":\"ReadAction\",\"target\":[\"https:\/\/legitgrams.com\/product\/2c-e-research-chemical\/\"]}]},{\"@type\":\"ImageObject\",\"inLanguage\":\"cs\",\"@id\":\"https:\/\/legitgrams.com\/product\/2c-e-research-chemical\/#primaryimage\",\"url\":\"https:\/\/legitgrams.com\/wp-content\/uploads\/2024\/09\/buy-etizolam-powder-online.jpg\",\"contentUrl\":\"https:\/\/legitgrams.com\/wp-content\/uploads\/2024\/09\/buy-etizolam-powder-online.jpg\",\"width\":600,\"height\":600,\"caption\":\"2C-E for Sale\"},{\"@type\":\"BreadcrumbList\",\"@id\":\"https:\/\/legitgrams.com\/product\/2c-e-research-chemical\/#breadcrumb\",\"itemListElement\":[{\"@type\":\"ListItem\",\"position\":1,\"name\":\"Home\",\"item\":\"https:\/\/legitgrams.com\/\"},{\"@type\":\"ListItem\",\"position\":2,\"name\":\"Shop\",\"item\":\"https:\/\/legitgrams.com\/shop\/\"},{\"@type\":\"ListItem\",\"position\":3,\"name\":\"2C-E Research Chemical\"}]},{\"@type\":\"WebSite\",\"@id\":\"https:\/\/legitgrams.com\/#website\",\"url\":\"https:\/\/legitgrams.com\/\",\"name\":\"Legit Grams\",\"description\":\"My WordPress Blog\",\"publisher\":{\"@id\":\"https:\/\/legitgrams.com\/#organization\"},\"potentialAction\":[{\"@type\":\"SearchAction\",\"target\":{\"@type\":\"EntryPoint\",\"urlTemplate\":\"https:\/\/legitgrams.com\/?s={search_term_string}\"},\"query-input\":{\"@type\":\"PropertyValueSpecification\",\"valueRequired\":true,\"valueName\":\"search_term_string\"}}],\"inLanguage\":\"cs\"},{\"@type\":\"Organization\",\"@id\":\"https:\/\/legitgrams.com\/#organization\",\"name\":\"Legit Grams\",\"url\":\"https:\/\/legitgrams.com\/\",\"logo\":{\"@type\":\"ImageObject\",\"inLanguage\":\"cs\",\"@id\":\"https:\/\/legitgrams.com\/#\/schema\/logo\/image\/\",\"url\":\"https:\/\/legitgrams.com\/wp-content\/uploads\/2024\/09\/main-logo.png\",\"contentUrl\":\"https:\/\/legitgrams.com\/wp-content\/uploads\/2024\/09\/main-logo.png\",\"width\":270,\"height\":75,\"caption\":\"Legit Grams\"},\"image\":{\"@id\":\"https:\/\/legitgrams.com\/#\/schema\/logo\/image\/\"}}]}<\/script>\n<!-- \/ Yoast SEO plugin. -->","yoast_head_json":{"title":"2C-E na prodej - Objednat 2C-E Research Chemical Powder Online","description":"2C-E si m\u016f\u017eete po\u0159\u00eddit na prodej v na\u0161em obchod\u011b LegitGrams a dostat ho bez jak\u00fdchkoli pot\u00ed\u017e\u00ed a\u017e k v\u00e1m dom\u016f. Pom\u00e1h\u00e1me v\u00e1m koupit 2C-E online s odemknut\u00edm exkluzivn\u00edch slev na produkty. Nab\u00eddka je omezen\u00e1, jednejte rychle!","robots":{"index":"index","follow":"follow","max-snippet":"max-snippet:-1","max-image-preview":"max-image-preview:large","max-video-preview":"max-video-preview:-1"},"canonical":"https:\/\/legitgrams.com\/cs\/produkt\/2c-e-vyzkumne-chemicke-latky\/","og_locale":"cs_CZ","og_type":"article","og_title":"2C-E for Sale - Order 2C-E Research Chemical Powder Online","og_description":"You can get 2C-E for sale at our LegitGrams store and get it at your doorstep without any hassle. We help you buy 2C-E online with unlock exclusive discounts on products. Limited offer, act fast!","og_url":"https:\/\/legitgrams.com\/cs\/produkt\/2c-e-vyzkumne-chemicke-latky\/","og_site_name":"Legit Grams","article_modified_time":"2025-01-11T10:29:49+00:00","og_image":[{"width":600,"height":600,"url":"https:\/\/legitgrams.com\/wp-content\/uploads\/2024\/09\/buy-etizolam-powder-online.jpg","type":"image\/jpeg"}],"twitter_card":"summary_large_image","twitter_misc":{"Odhadovan\u00e1 doba \u010dten\u00ed":"4 minuty"},"schema":{"@context":"https:\/\/schema.org","@graph":[{"@type":"WebPage","@id":"https:\/\/legitgrams.com\/product\/2c-e-research-chemical\/","url":"https:\/\/legitgrams.com\/product\/2c-e-research-chemical\/","name":"2C-E na prodej - Objednat 2C-E Research Chemical Powder Online","isPartOf":{"@id":"https:\/\/legitgrams.com\/#website"},"primaryImageOfPage":{"@id":"https:\/\/legitgrams.com\/product\/2c-e-research-chemical\/#primaryimage"},"image":{"@id":"https:\/\/legitgrams.com\/product\/2c-e-research-chemical\/#primaryimage"},"thumbnailUrl":"https:\/\/legitgrams.com\/wp-content\/uploads\/2024\/09\/buy-etizolam-powder-online.jpg","datePublished":"2024-09-21T12:43:39+00:00","dateModified":"2025-01-11T10:29:49+00:00","description":"2C-E si m\u016f\u017eete po\u0159\u00eddit na prodej v na\u0161em obchod\u011b LegitGrams a dostat ho bez jak\u00fdchkoli pot\u00ed\u017e\u00ed a\u017e k v\u00e1m dom\u016f. Pom\u00e1h\u00e1me v\u00e1m koupit 2C-E online s odemknut\u00edm exkluzivn\u00edch slev na produkty. Nab\u00eddka je omezen\u00e1, jednejte rychle!","breadcrumb":{"@id":"https:\/\/legitgrams.com\/product\/2c-e-research-chemical\/#breadcrumb"},"inLanguage":"cs","potentialAction":[{"@type":"ReadAction","target":["https:\/\/legitgrams.com\/product\/2c-e-research-chemical\/"]}]},{"@type":"ImageObject","inLanguage":"cs","@id":"https:\/\/legitgrams.com\/product\/2c-e-research-chemical\/#primaryimage","url":"https:\/\/legitgrams.com\/wp-content\/uploads\/2024\/09\/buy-etizolam-powder-online.jpg","contentUrl":"https:\/\/legitgrams.com\/wp-content\/uploads\/2024\/09\/buy-etizolam-powder-online.jpg","width":600,"height":600,"caption":"2C-E for Sale"},{"@type":"BreadcrumbList","@id":"https:\/\/legitgrams.com\/product\/2c-e-research-chemical\/#breadcrumb","itemListElement":[{"@type":"ListItem","position":1,"name":"Home","item":"https:\/\/legitgrams.com\/"},{"@type":"ListItem","position":2,"name":"Shop","item":"https:\/\/legitgrams.com\/shop\/"},{"@type":"ListItem","position":3,"name":"2C-E Research Chemical"}]},{"@type":"WebSite","@id":"https:\/\/legitgrams.com\/#website","url":"https:\/\/legitgrams.com\/","name":"Leg\u00e1ln\u00ed gramy","description":"M\u016fj blog WordPress","publisher":{"@id":"https:\/\/legitgrams.com\/#organization"},"potentialAction":[{"@type":"SearchAction","target":{"@type":"EntryPoint","urlTemplate":"https:\/\/legitgrams.com\/?s={search_term_string}"},"query-input":{"@type":"PropertyValueSpecification","valueRequired":true,"valueName":"search_term_string"}}],"inLanguage":"cs"},{"@type":"Organization","@id":"https:\/\/legitgrams.com\/#organization","name":"Leg\u00e1ln\u00ed gramy","url":"https:\/\/legitgrams.com\/","logo":{"@type":"ImageObject","inLanguage":"cs","@id":"https:\/\/legitgrams.com\/#\/schema\/logo\/image\/","url":"https:\/\/legitgrams.com\/wp-content\/uploads\/2024\/09\/main-logo.png","contentUrl":"https:\/\/legitgrams.com\/wp-content\/uploads\/2024\/09\/main-logo.png","width":270,"height":75,"caption":"Legit Grams"},"image":{"@id":"https:\/\/legitgrams.com\/#\/schema\/logo\/image\/"}}]}},"uagb_featured_image_src":{"full":["https:\/\/legitgrams.com\/wp-content\/uploads\/2024\/09\/buy-etizolam-powder-online.jpg",600,600,false],"thumbnail":["https:\/\/legitgrams.com\/wp-content\/uploads\/2024\/09\/buy-etizolam-powder-online-150x150.jpg",150,150,true],"medium":["https:\/\/legitgrams.com\/wp-content\/uploads\/2024\/09\/buy-etizolam-powder-online-300x300.jpg",300,300,true],"medium_large":["https:\/\/legitgrams.com\/wp-content\/uploads\/2024\/09\/buy-etizolam-powder-online.jpg",600,600,false],"large":["https:\/\/legitgrams.com\/wp-content\/uploads\/2024\/09\/buy-etizolam-powder-online.jpg",600,600,false],"1536x1536":["https:\/\/legitgrams.com\/wp-content\/uploads\/2024\/09\/buy-etizolam-powder-online.jpg",600,600,false],"2048x2048":["https:\/\/legitgrams.com\/wp-content\/uploads\/2024\/09\/buy-etizolam-powder-online.jpg",600,600,false],"trp-custom-language-flag":["https:\/\/legitgrams.com\/wp-content\/uploads\/2024\/09\/buy-etizolam-powder-online-12x12.jpg",12,12,true],"woocommerce_thumbnail":["https:\/\/legitgrams.com\/wp-content\/uploads\/2024\/09\/buy-etizolam-powder-online-300x300.jpg",300,300,true],"woocommerce_single":["https:\/\/legitgrams.com\/wp-content\/uploads\/2024\/09\/buy-etizolam-powder-online.jpg",600,600,false],"woocommerce_gallery_thumbnail":["https:\/\/legitgrams.com\/wp-content\/uploads\/2024\/09\/buy-etizolam-powder-online-100x100.jpg",100,100,true]},"uagb_author_info":{"display_name":"cokeblog18","author_link":"https:\/\/legitgrams.com\/cs\/author\/"},"uagb_comment_info":0,"uagb_excerpt":"Sale of 2C-E Research Chemical 2C supplier, 2CE chemical analysis, 2C acquisition, and 2C sale 4, 2-Dimethoxy-Ethylphenethylamine A group of 2,5-phenethylamines, commonly known as 2Cs, have psychotropic properties and are sometimes categorized as illicit substances. The formal representation of 2C-E is 2,5-dimethoxy-4-ethylphenethylamine. Like other 2Cs, 2C-E is a monoamine oxidase inhibitor that inhibits the breakdown&hellip;","_links":{"self":[{"href":"https:\/\/legitgrams.com\/cs\/wp-json\/wp\/v2\/product\/4196","targetHints":{"allow":["GET"]}}],"collection":[{"href":"https:\/\/legitgrams.com\/cs\/wp-json\/wp\/v2\/product"}],"about":[{"href":"https:\/\/legitgrams.com\/cs\/wp-json\/wp\/v2\/types\/product"}],"replies":[{"embeddable":true,"href":"https:\/\/legitgrams.com\/cs\/wp-json\/wp\/v2\/comments?post=4196"}],"wp:featuredmedia":[{"embeddable":true,"href":"https:\/\/legitgrams.com\/cs\/wp-json\/wp\/v2\/media\/5254"}],"wp:attachment":[{"href":"https:\/\/legitgrams.com\/cs\/wp-json\/wp\/v2\/media?parent=4196"}],"wp:term":[{"taxonomy":"product_brand","embeddable":true,"href":"https:\/\/legitgrams.com\/cs\/wp-json\/wp\/v2\/product_brand?post=4196"},{"taxonomy":"product_cat","embeddable":true,"href":"https:\/\/legitgrams.com\/cs\/wp-json\/wp\/v2\/product_cat?post=4196"},{"taxonomy":"product_tag","embeddable":true,"href":"https:\/\/legitgrams.com\/cs\/wp-json\/wp\/v2\/product_tag?post=4196"}],"curies":[{"name":"wp","href":"https:\/\/api.w.org\/{rel}","templated":true}]}}