{"id":4199,"date":"2024-09-22T05:57:36","date_gmt":"2024-09-22T05:57:36","guid":{"rendered":"https:\/\/legitgrams.com\/?post_type=product&#038;p=4199"},"modified":"2025-01-14T05:15:59","modified_gmt":"2025-01-14T05:15:59","slug":"mastny-ruzovy-bubba-budder-top-shelf","status":"publish","type":"product","link":"https:\/\/legitgrams.com\/cs\/produkt\/mastny-ruzovy-bubba-budder-top-shelf\/","title":{"rendered":"Greasy Pink Bubba Budder - Top Shelf"},"content":{"rendered":"<h2>Kupte si Greasy Pink Bubba Budder online na horn\u00ed poli\u010dce.<br \/>\nZ\u00edskejte Greasy Pink Bubba Budder z horn\u00ed police.<\/h2>\n<p>Kmeny Pink Kush a Bubba Kush byly zk\u0159\u00ed\u017eeny, aby vznikl \u201eGrievous\u201c Pink Bubba, hybrid, kter\u00fd je p\u0159ev\u00e1\u017en\u011b indica. \u201eMastn\u00e9\u201c Pravd\u011bpodobn\u011b nejlep\u0161\u00ed pou\u017eit\u00ed ve\u010der, <a href=\"https:\/\/legitgrams.com\/cs\/produkt\/mastny-ruzovy-bubba-budder-top-shelf\/\">Pink Bubba<\/a> je siln\u00fd t\u011blesn\u00fd relaxant, kter\u00fd rozpou\u0161t\u00ed t\u011blesn\u00e9 bolesti a bolesti. V d\u016fsledku tohoto p\u0159\u00edjemn\u00e9ho vzru\u0161en\u00ed a tich\u00e9 relaxace se u\u017eivatel nakonec dostane do snov\u00e9ho a klidn\u00e9ho stavu. Relaxa\u010dn\u00ed \u00fa\u010dinky \u201eGreasy\u201c Pink Bubba jsou postupn\u00e9 a umo\u017e\u0148uj\u00ed u\u017eivateli vstoupit do t\u011bchto n\u00e1dhern\u011b klidn\u00fdch stav\u016f. Tento kmen obsahuje zemit\u00e9, kv\u011btinov\u00e9 a r\u016f\u017eov\u00e9 t\u00f3ny, kter\u00e9 p\u0159etrv\u00e1vaj\u00ed na pat\u0159e a dod\u00e1vaj\u00ed mu tradi\u010dn\u00ed v\u016fni Kush. \"Greasy\" Pink Bubba funguje dob\u0159e p\u0159i l\u00e9\u010db\u011b \u0159ady p\u0159etrv\u00e1vaj\u00edc\u00edch bolest\u00ed a z\u00e1n\u011bt\u016f, bolest\u00ed hlavy, migr\u00e9n, nespavosti, \u00fazkosti, deprese a chronick\u00e9ho stresu jsou p\u0159\u00edklady l\u00e9ka\u0159sk\u00fdch vyrovn\u00e1n\u00ed. <a href=\"https:\/\/legitgrams.com\/cs\/produkt\/mastny-ruzovy-bubba-budder-top-shelf\/\">\u00a0<\/a><a href=\"https:\/\/en.wikipedia.org\/wiki\/Pink_Grease\">\u00a0<\/a><a href=\"https:\/\/legitgrams.com\/cs\/\">LegitGrams<\/a><\/p>\n<p>Pink Bubba Budder na prodej, Pink Bubba Budder na prodej, Koupit Pink Budder online, kde koupit Greasy Pink Bubba Budder online, Horn\u00ed police \u2013 Koupit Bubba Budder, Mastn\u00e9 r\u016f\u017eov\u00e9 Bubba Budder, Online n\u00e1kup, Kde koupit <a href=\"https:\/\/en.wikipedia.org\/wiki\/Pink_Grease\">Mastn\u00e1 r\u016f\u017eov\u00e1\u00a0<\/a> Bubba Budder: USA, Kanada, Velk\u00e1 Brit\u00e1nie, n\u00e1kup, online, dodavatel\u00e9, bezpe\u010dn\u00e9 doru\u010den\u00ed Mastn\u00fd r\u016f\u017eov\u00fd Bubba Budder je st\u00e1le k dispozici. Krom\u011b toho se m\u016f\u017eete dozv\u011bd\u011bt, jak z\u00edskat Greasy Pink Bubba Budder, zda je to leg\u00e1ln\u00ed v Kanad\u011b a zda je to leg\u00e1ln\u00ed v USA.<\/p>\n<p>&nbsp;<\/p>\n<p>&nbsp;<\/p>\n<p><a href=\"https:\/\/legitgrams.com\/cs\/produkt\/mastny-ruzovy-bubba-budder-top-shelf\/\">\u00a0\u00a0<\/a><\/p>","protected":false},"excerpt":{"rendered":"<p>Purchase Greasy Pink Bubba Budder Online at Top Shelf. Get a Greasy Pink Bubba Budder from the Top Shelf. Pink Kush and Bubba Kush strains were crossed to generate &#8220;Grievous&#8221; Pink Bubba, a hybrid that is mostly indica. &#8220;Greasy&#8221; Probably best used in the evening, Pink Bubba is a potent bodily relaxant that melts away &hellip;<\/p>\n<p class=\"read-more\"> <a class=\"\" href=\"https:\/\/legitgrams.com\/cs\/produkt\/mastny-ruzovy-bubba-budder-top-shelf\/\"> <span class=\"screen-reader-text\">Greasy Pink Bubba Budder - Top Shelf<\/span> \u010c\u00edst d\u00e1l \"<\/a><\/p>","protected":false},"featured_media":5389,"comment_status":"open","ping_status":"closed","template":"","meta":{"_uag_custom_page_level_css":"","site-sidebar-layout":"default","site-content-layout":"default","ast-global-header-display":"","ast-main-header-display":"","ast-hfb-above-header-display":"","ast-hfb-below-header-display":"","ast-hfb-mobile-header-display":"","site-post-title":"","ast-breadcrumbs-content":"","ast-featured-img":"","footer-sml-layout":"","theme-transparent-header-meta":"default","adv-header-id-meta":"","stick-header-meta":"default","header-above-stick-meta":"","header-main-stick-meta":"","header-below-stick-meta":"","_joinchat":[]},"product_brand":[],"product_cat":[606],"product_tag":[2095,2085,617,2077,2092,2076,2079,2080,2087,2078,2090,2097,2098,2096,2088,2093,2089,2084,2082,2094,2091,625,2083,2086,2081],"class_list":{"0":"post-4199","1":"product","2":"type-product","3":"status-publish","4":"has-post-thumbnail","6":"product_cat-marijuana-wax","7":"product_tag-best-cheap-price-greasy-pink-bubba-budder-top-shelf","8":"product_tag-best-place-to-buy-greasy-pink-bubba-budder-top-shelf","9":"product_tag-bulk-online","10":"product_tag-buy-greasy-pink-bubba-budder-top-shelf","11":"product_tag-cheap-greasy-pink-bubba-budder-top-shelf","12":"product_tag-greasy-pink-bubba-budder-top-shelf","13":"product_tag-greasy-pink-bubba-budder-top-shelf-for-sale","14":"product_tag-greasy-pink-bubba-budder-top-shelf-greasy-pink-bubba-budder-top-shelf-supplier","15":"product_tag-greasy-pink-bubba-budder-top-shelf-legally","16":"product_tag-greasy-pink-bubba-budder-top-shelf-online","17":"product_tag-greasy-pink-bubba-budder-top-shelf-store","18":"product_tag-greasy-pink-bubba-budder-top-shelf-use","19":"product_tag-greasy-pink-bubba-budder-top-shelf-wiki","20":"product_tag-greasy-pink-bubba-budder-top-shelf-worldwide","21":"product_tag-greasy-pink-bubba-budder-top-shelfprice","22":"product_tag-greasy-pink-bubba-budder-top-shelfs","23":"product_tag-high-quality-greasy-pink-bubba-budder-top-shelf","24":"product_tag-how-to-buy-greasy-pink-bubba-budder-top-shelf","25":"product_tag-order-greasy-pink-bubba-budder-top-shelf","26":"product_tag-purcharse-greasy-pink-bubba-budder-top-shelf","27":"product_tag-shop-greasy-pink-bubba-budder-top-shelf","28":"product_tag-top-quality","29":"product_tag-where-to-buy-greasy-pink-bubba-budder-top-shelf","30":"product_tag-where-to-order-greasy-pink-bubba-budder-top-shelf","31":"product_tag-wholesale-greasy-pink-bubba-budder-top-shelf","32":"desktop-align-left","33":"tablet-align-left","34":"mobile-align-left","35":"ast-product-gallery-layout-horizontal","36":"ast-product-gallery-with-no-image","37":"ast-product-single-variable","38":"ast-product-tabs-layout-horizontal","39":"ast-qv-on-image","41":"first","42":"instock","43":"shipping-taxable","44":"purchasable","45":"product-type-variable"},"yoast_head":"<!-- This site is optimized with the Yoast SEO plugin v25.9 - https:\/\/yoast.com\/wordpress\/plugins\/seo\/ -->\n<title>Greasy Pink Bubba Budder for Sale - Buy Greasy Pink Bubba<\/title>\n<meta name=\"description\" content=\"Your requirement to buy Greasy Pink Bubba Budder can be fulfilled at our online Legitgrams store as we are having Greasy Pink Bubba Budder for sale here. Place your order and get affordable deals every day.\" \/>\n<meta name=\"robots\" content=\"index, follow, max-snippet:-1, max-image-preview:large, max-video-preview:-1\" \/>\n<link rel=\"canonical\" href=\"https:\/\/legitgrams.com\/cs\/produkt\/mastny-ruzovy-bubba-budder-top-shelf\/\" \/>\n<meta property=\"og:locale\" content=\"cs_CZ\" \/>\n<meta property=\"og:type\" content=\"article\" \/>\n<meta property=\"og:title\" content=\"Greasy Pink Bubba Budder for Sale - Buy Greasy Pink Bubba\" \/>\n<meta property=\"og:description\" content=\"Your requirement to buy Greasy Pink Bubba Budder can be fulfilled at our online Legitgrams store as we are having Greasy Pink Bubba Budder for sale here. Place your order and get affordable deals every day.\" \/>\n<meta property=\"og:url\" content=\"https:\/\/legitgrams.com\/cs\/produkt\/mastny-ruzovy-bubba-budder-top-shelf\/\" \/>\n<meta property=\"og:site_name\" content=\"Legit Grams\" \/>\n<meta property=\"article:modified_time\" content=\"2025-01-14T05:15:59+00:00\" \/>\n<meta property=\"og:image\" content=\"https:\/\/legitgrams.com\/wp-content\/uploads\/2024\/09\/Buy-Greasy-Pink-Bubba-Budder.jpg\" \/>\n\t<meta property=\"og:image:width\" content=\"600\" \/>\n\t<meta property=\"og:image:height\" content=\"600\" \/>\n\t<meta property=\"og:image:type\" content=\"image\/jpeg\" \/>\n<meta name=\"twitter:card\" content=\"summary_large_image\" \/>\n<meta name=\"twitter:label1\" content=\"Odhadovan\u00e1 doba \u010dten\u00ed\" \/>\n\t<meta name=\"twitter:data1\" content=\"2 minuty\" \/>\n<script type=\"application\/ld+json\" class=\"yoast-schema-graph\">{\"@context\":\"https:\/\/schema.org\",\"@graph\":[{\"@type\":\"WebPage\",\"@id\":\"https:\/\/legitgrams.com\/product\/greasy-pink-bubba-budder-top-shelf\/\",\"url\":\"https:\/\/legitgrams.com\/product\/greasy-pink-bubba-budder-top-shelf\/\",\"name\":\"Greasy Pink Bubba Budder for Sale - Buy Greasy Pink Bubba\",\"isPartOf\":{\"@id\":\"https:\/\/legitgrams.com\/#website\"},\"primaryImageOfPage\":{\"@id\":\"https:\/\/legitgrams.com\/product\/greasy-pink-bubba-budder-top-shelf\/#primaryimage\"},\"image\":{\"@id\":\"https:\/\/legitgrams.com\/product\/greasy-pink-bubba-budder-top-shelf\/#primaryimage\"},\"thumbnailUrl\":\"https:\/\/legitgrams.com\/wp-content\/uploads\/2024\/09\/Buy-Greasy-Pink-Bubba-Budder.jpg\",\"datePublished\":\"2024-09-22T05:57:36+00:00\",\"dateModified\":\"2025-01-14T05:15:59+00:00\",\"description\":\"Your requirement to buy Greasy Pink Bubba Budder can be fulfilled at our online Legitgrams store as we are having Greasy Pink Bubba Budder for sale here. Place your order and get affordable deals every day.\",\"breadcrumb\":{\"@id\":\"https:\/\/legitgrams.com\/product\/greasy-pink-bubba-budder-top-shelf\/#breadcrumb\"},\"inLanguage\":\"cs\",\"potentialAction\":[{\"@type\":\"ReadAction\",\"target\":[\"https:\/\/legitgrams.com\/product\/greasy-pink-bubba-budder-top-shelf\/\"]}]},{\"@type\":\"ImageObject\",\"inLanguage\":\"cs\",\"@id\":\"https:\/\/legitgrams.com\/product\/greasy-pink-bubba-budder-top-shelf\/#primaryimage\",\"url\":\"https:\/\/legitgrams.com\/wp-content\/uploads\/2024\/09\/Buy-Greasy-Pink-Bubba-Budder.jpg\",\"contentUrl\":\"https:\/\/legitgrams.com\/wp-content\/uploads\/2024\/09\/Buy-Greasy-Pink-Bubba-Budder.jpg\",\"width\":600,\"height\":600,\"caption\":\"Greasy Pink Bubba Budder for Sale\"},{\"@type\":\"BreadcrumbList\",\"@id\":\"https:\/\/legitgrams.com\/product\/greasy-pink-bubba-budder-top-shelf\/#breadcrumb\",\"itemListElement\":[{\"@type\":\"ListItem\",\"position\":1,\"name\":\"Home\",\"item\":\"https:\/\/legitgrams.com\/\"},{\"@type\":\"ListItem\",\"position\":2,\"name\":\"Shop\",\"item\":\"https:\/\/legitgrams.com\/shop\/\"},{\"@type\":\"ListItem\",\"position\":3,\"name\":\"Greasy Pink Bubba Budder \u2013 Top Shelf\"}]},{\"@type\":\"WebSite\",\"@id\":\"https:\/\/legitgrams.com\/#website\",\"url\":\"https:\/\/legitgrams.com\/\",\"name\":\"Legit Grams\",\"description\":\"My WordPress Blog\",\"publisher\":{\"@id\":\"https:\/\/legitgrams.com\/#organization\"},\"potentialAction\":[{\"@type\":\"SearchAction\",\"target\":{\"@type\":\"EntryPoint\",\"urlTemplate\":\"https:\/\/legitgrams.com\/?s={search_term_string}\"},\"query-input\":{\"@type\":\"PropertyValueSpecification\",\"valueRequired\":true,\"valueName\":\"search_term_string\"}}],\"inLanguage\":\"cs\"},{\"@type\":\"Organization\",\"@id\":\"https:\/\/legitgrams.com\/#organization\",\"name\":\"Legit Grams\",\"url\":\"https:\/\/legitgrams.com\/\",\"logo\":{\"@type\":\"ImageObject\",\"inLanguage\":\"cs\",\"@id\":\"https:\/\/legitgrams.com\/#\/schema\/logo\/image\/\",\"url\":\"https:\/\/legitgrams.com\/wp-content\/uploads\/2024\/09\/main-logo.png\",\"contentUrl\":\"https:\/\/legitgrams.com\/wp-content\/uploads\/2024\/09\/main-logo.png\",\"width\":270,\"height\":75,\"caption\":\"Legit Grams\"},\"image\":{\"@id\":\"https:\/\/legitgrams.com\/#\/schema\/logo\/image\/\"}}]}<\/script>\n<!-- \/ Yoast SEO plugin. -->","yoast_head_json":{"title":"Sextacy Powder na prodej - Koupit Sextacy Powder online | LG","description":"V\u00e1\u0161 po\u017eadavek na koupi Greasy Pink Bubba Budder m\u016f\u017ee b\u00fdt spln\u011bn v na\u0161em online obchod\u011b Legitgrams, proto\u017ee zde m\u00e1me na prodej Greasy Pink Bubba Budder. Objednejte si a z\u00edskejte cenov\u011b dostupn\u00e9 nab\u00eddky ka\u017ed\u00fd den.","robots":{"index":"index","follow":"follow","max-snippet":"max-snippet:-1","max-image-preview":"max-image-preview:large","max-video-preview":"max-video-preview:-1"},"canonical":"https:\/\/legitgrams.com\/cs\/produkt\/mastny-ruzovy-bubba-budder-top-shelf\/","og_locale":"cs_CZ","og_type":"article","og_title":"Greasy Pink Bubba Budder for Sale - Buy Greasy Pink Bubba","og_description":"Your requirement to buy Greasy Pink Bubba Budder can be fulfilled at our online Legitgrams store as we are having Greasy Pink Bubba Budder for sale here. Place your order and get affordable deals every day.","og_url":"https:\/\/legitgrams.com\/cs\/produkt\/mastny-ruzovy-bubba-budder-top-shelf\/","og_site_name":"Legit Grams","article_modified_time":"2025-01-14T05:15:59+00:00","og_image":[{"width":600,"height":600,"url":"https:\/\/legitgrams.com\/wp-content\/uploads\/2024\/09\/Buy-Greasy-Pink-Bubba-Budder.jpg","type":"image\/jpeg"}],"twitter_card":"summary_large_image","twitter_misc":{"Odhadovan\u00e1 doba \u010dten\u00ed":"2 minuty"},"schema":{"@context":"https:\/\/schema.org","@graph":[{"@type":"WebPage","@id":"https:\/\/legitgrams.com\/product\/greasy-pink-bubba-budder-top-shelf\/","url":"https:\/\/legitgrams.com\/product\/greasy-pink-bubba-budder-top-shelf\/","name":"Sextacy Powder na prodej - Koupit Sextacy Powder online | LG","isPartOf":{"@id":"https:\/\/legitgrams.com\/#website"},"primaryImageOfPage":{"@id":"https:\/\/legitgrams.com\/product\/greasy-pink-bubba-budder-top-shelf\/#primaryimage"},"image":{"@id":"https:\/\/legitgrams.com\/product\/greasy-pink-bubba-budder-top-shelf\/#primaryimage"},"thumbnailUrl":"https:\/\/legitgrams.com\/wp-content\/uploads\/2024\/09\/Buy-Greasy-Pink-Bubba-Budder.jpg","datePublished":"2024-09-22T05:57:36+00:00","dateModified":"2025-01-14T05:15:59+00:00","description":"V\u00e1\u0161 po\u017eadavek na koupi Greasy Pink Bubba Budder m\u016f\u017ee b\u00fdt spln\u011bn v na\u0161em online obchod\u011b Legitgrams, proto\u017ee zde m\u00e1me na prodej Greasy Pink Bubba Budder. Objednejte si a z\u00edskejte cenov\u011b dostupn\u00e9 nab\u00eddky ka\u017ed\u00fd den.","breadcrumb":{"@id":"https:\/\/legitgrams.com\/product\/greasy-pink-bubba-budder-top-shelf\/#breadcrumb"},"inLanguage":"cs","potentialAction":[{"@type":"ReadAction","target":["https:\/\/legitgrams.com\/product\/greasy-pink-bubba-budder-top-shelf\/"]}]},{"@type":"ImageObject","inLanguage":"cs","@id":"https:\/\/legitgrams.com\/product\/greasy-pink-bubba-budder-top-shelf\/#primaryimage","url":"https:\/\/legitgrams.com\/wp-content\/uploads\/2024\/09\/Buy-Greasy-Pink-Bubba-Budder.jpg","contentUrl":"https:\/\/legitgrams.com\/wp-content\/uploads\/2024\/09\/Buy-Greasy-Pink-Bubba-Budder.jpg","width":600,"height":600,"caption":"Greasy Pink Bubba Budder for Sale"},{"@type":"BreadcrumbList","@id":"https:\/\/legitgrams.com\/product\/greasy-pink-bubba-budder-top-shelf\/#breadcrumb","itemListElement":[{"@type":"ListItem","position":1,"name":"Home","item":"https:\/\/legitgrams.com\/"},{"@type":"ListItem","position":2,"name":"Shop","item":"https:\/\/legitgrams.com\/shop\/"},{"@type":"ListItem","position":3,"name":"Greasy Pink Bubba Budder \u2013 Top Shelf"}]},{"@type":"WebSite","@id":"https:\/\/legitgrams.com\/#website","url":"https:\/\/legitgrams.com\/","name":"Leg\u00e1ln\u00ed gramy","description":"M\u016fj blog WordPress","publisher":{"@id":"https:\/\/legitgrams.com\/#organization"},"potentialAction":[{"@type":"SearchAction","target":{"@type":"EntryPoint","urlTemplate":"https:\/\/legitgrams.com\/?s={search_term_string}"},"query-input":{"@type":"PropertyValueSpecification","valueRequired":true,"valueName":"search_term_string"}}],"inLanguage":"cs"},{"@type":"Organization","@id":"https:\/\/legitgrams.com\/#organization","name":"Leg\u00e1ln\u00ed gramy","url":"https:\/\/legitgrams.com\/","logo":{"@type":"ImageObject","inLanguage":"cs","@id":"https:\/\/legitgrams.com\/#\/schema\/logo\/image\/","url":"https:\/\/legitgrams.com\/wp-content\/uploads\/2024\/09\/main-logo.png","contentUrl":"https:\/\/legitgrams.com\/wp-content\/uploads\/2024\/09\/main-logo.png","width":270,"height":75,"caption":"Legit Grams"},"image":{"@id":"https:\/\/legitgrams.com\/#\/schema\/logo\/image\/"}}]}},"uagb_featured_image_src":{"full":["https:\/\/legitgrams.com\/wp-content\/uploads\/2024\/09\/Buy-Greasy-Pink-Bubba-Budder.jpg",600,600,false],"thumbnail":["https:\/\/legitgrams.com\/wp-content\/uploads\/2024\/09\/Buy-Greasy-Pink-Bubba-Budder-150x150.jpg",150,150,true],"medium":["https:\/\/legitgrams.com\/wp-content\/uploads\/2024\/09\/Buy-Greasy-Pink-Bubba-Budder-300x300.jpg",300,300,true],"medium_large":["https:\/\/legitgrams.com\/wp-content\/uploads\/2024\/09\/Buy-Greasy-Pink-Bubba-Budder.jpg",600,600,false],"large":["https:\/\/legitgrams.com\/wp-content\/uploads\/2024\/09\/Buy-Greasy-Pink-Bubba-Budder.jpg",600,600,false],"1536x1536":["https:\/\/legitgrams.com\/wp-content\/uploads\/2024\/09\/Buy-Greasy-Pink-Bubba-Budder.jpg",600,600,false],"2048x2048":["https:\/\/legitgrams.com\/wp-content\/uploads\/2024\/09\/Buy-Greasy-Pink-Bubba-Budder.jpg",600,600,false],"trp-custom-language-flag":["https:\/\/legitgrams.com\/wp-content\/uploads\/2024\/09\/Buy-Greasy-Pink-Bubba-Budder-12x12.jpg",12,12,true],"woocommerce_thumbnail":["https:\/\/legitgrams.com\/wp-content\/uploads\/2024\/09\/Buy-Greasy-Pink-Bubba-Budder-300x300.jpg",300,300,true],"woocommerce_single":["https:\/\/legitgrams.com\/wp-content\/uploads\/2024\/09\/Buy-Greasy-Pink-Bubba-Budder.jpg",600,600,false],"woocommerce_gallery_thumbnail":["https:\/\/legitgrams.com\/wp-content\/uploads\/2024\/09\/Buy-Greasy-Pink-Bubba-Budder-100x100.jpg",100,100,true]},"uagb_author_info":{"display_name":"cokeblog18","author_link":"https:\/\/legitgrams.com\/cs\/author\/"},"uagb_comment_info":0,"uagb_excerpt":"Purchase Greasy Pink Bubba Budder Online at Top Shelf. Get a Greasy Pink Bubba Budder from the Top Shelf. Pink Kush and Bubba Kush strains were crossed to generate &#8220;Grievous&#8221; Pink Bubba, a hybrid that is mostly indica. &#8220;Greasy&#8221; Probably best used in the evening, Pink Bubba is a potent bodily relaxant that melts away&hellip;","_links":{"self":[{"href":"https:\/\/legitgrams.com\/cs\/wp-json\/wp\/v2\/product\/4199","targetHints":{"allow":["GET"]}}],"collection":[{"href":"https:\/\/legitgrams.com\/cs\/wp-json\/wp\/v2\/product"}],"about":[{"href":"https:\/\/legitgrams.com\/cs\/wp-json\/wp\/v2\/types\/product"}],"replies":[{"embeddable":true,"href":"https:\/\/legitgrams.com\/cs\/wp-json\/wp\/v2\/comments?post=4199"}],"wp:featuredmedia":[{"embeddable":true,"href":"https:\/\/legitgrams.com\/cs\/wp-json\/wp\/v2\/media\/5389"}],"wp:attachment":[{"href":"https:\/\/legitgrams.com\/cs\/wp-json\/wp\/v2\/media?parent=4199"}],"wp:term":[{"taxonomy":"product_brand","embeddable":true,"href":"https:\/\/legitgrams.com\/cs\/wp-json\/wp\/v2\/product_brand?post=4199"},{"taxonomy":"product_cat","embeddable":true,"href":"https:\/\/legitgrams.com\/cs\/wp-json\/wp\/v2\/product_cat?post=4199"},{"taxonomy":"product_tag","embeddable":true,"href":"https:\/\/legitgrams.com\/cs\/wp-json\/wp\/v2\/product_tag?post=4199"}],"curies":[{"name":"wp","href":"https:\/\/api.w.org\/{rel}","templated":true}]}}