{"id":4200,"date":"2024-09-22T05:48:26","date_gmt":"2024-09-22T05:48:26","guid":{"rendered":"https:\/\/legitgrams.com\/?post_type=product&#038;p=4200"},"modified":"2025-01-14T10:47:35","modified_gmt":"2025-01-14T10:47:35","slug":"psilocybe-cyanescens","status":"publish","type":"product","link":"https:\/\/legitgrams.com\/cs\/produkt\/psilocybe-cyanescens\/","title":{"rendered":"Psilocybe Cyanescens"},"content":{"rendered":"<h2>Koupit online Psilocybe Cyanescens<\/h2>\n<p>Houba Psilocybe Azurescens, jeden ze 180 druh\u016f rodu Psilocybe, prosp\u00edv\u00e1 v \u0159ad\u011b prost\u0159ed\u00ed. L\u00e9taj\u00edc\u00ed tal\u00ed\u0159e, Indigo Psilocybe, Azzies a Blue Angels jsou n\u011bkter\u00e9 dal\u0161\u00ed n\u00e1zvy pro Psilocybe Azurscens.<\/p>\n<p>V\u011bdci o objevu napsali mnoho od jeho prvn\u00edho uskute\u010dn\u011bn\u00ed v roce 1979. Nap\u0159\u00edklad tento druh dostal jm\u00e9no Azurescens od Paula Stametse ve sv\u00e9 knize z roku 1996 \u201ePsilocybin shrooms of the world\u201c. Azurov\u00e1 nebo modr\u00e1 barva houby je zhruba p\u0159elo\u017eena jako \u201eAzurescens\u201c.<\/p>\n<p>Houba obsahuje 1,8% psilocybinu, 0,5% psilocinu a 0,4% baeocystinu. Jedn\u00e1 se o nejsiln\u011bj\u0161\u00ed druh v synt\u00e9ze tryptamin\u016f. Jako p\u0159\u00edklad lze uv\u00e9st, \u017ee tento druh m\u00e1 t\u0159ikr\u00e1t vy\u0161\u0161\u00ed \u00fa\u010dinnost ne\u017e nap\u0159. <a href=\"https:\/\/legitgrams.com\/cs\/produkt\/psilocybe-cyanescens\/\">Psilocybe Cyanscens<\/a> a Psilocybe Cubensis dohromady.<\/p>\n<p>Podrobn\u011bj\u0161\u00ed zkoum\u00e1n\u00ed t\u00e9to houby odhaluje jedine\u010dn\u00e9, neobvykl\u00e9 vlastnosti. Mezi tyto vlastnosti pat\u0159\u00ed:<\/p>\n<p>Spory: Tato houba m\u00e1 dv\u011b r\u016fzn\u00e9 barvy v\u00fdtrus\u016f: tmav\u011b purpurov\u011b hn\u011bdou a fialov\u011b \u010dernou. Od ostatn\u00edch hub stejn\u00e9ho rodu se li\u0161\u00ed sv\u00fdm elipsoidn\u00edm tvarem. <a href=\"https:\/\/legitgrams.com\/cs\/\">LegitGrams<\/a><\/p>\n<p>Pileus: Ku\u017eelovit\u00fd nebo vypoukl\u00fd tvar klobouku houby se ozna\u010duje jako piloseus. V ml\u00e1d\u00ed z\u00edsk\u00e1v\u00e1 hn\u011bd\u00fd nebo karamelov\u00fd odst\u00edn. Hlubok\u00e1 tmav\u00e1 plocha v m\u00edst\u011b klobouku se v\u0161ak m\u011bn\u00ed na sv\u011btle sl\u00e1movou, dokud zcela nezaschne, jakmile houby za\u010dnou blednout.<\/p>\n<p>Stipe: Stonek houby, kter\u00fd m\u00e1 zak\u0159iven\u00fd vzhled a je zes\u00edlen\u00fd kolem b\u00e1ze. Hedv\u00e1bn\u011b b\u00edl\u00fd vzhled t\u0159en\u011b se nakonec zm\u011bn\u00ed na modroindigovou barvu d\u00edky vysok\u00e9 koncentraci indolu.<\/p>\n<p>Lamella: Tyto dvou\u00farov\u0148ov\u00e9 struktury se tak\u00e9 ozna\u010duj\u00ed jako \u017e\u00e1bry. V \u010derstv\u00e9m stavu z\u00edsk\u00e1vaj\u00ed lamely karamelov\u00fd nebo ka\u0161tanov\u011b hn\u011bd\u00fd odst\u00edn.<\/p>\n<h3>Popis Psilocybe Azurescens Magic Mushroom<\/h3>\n<p>Jak ji\u017e bylo uvedeno, Psilocybe Azeruscens pat\u0159\u00ed do rodu Psilocybe, kter\u00fd m\u00e1 180 druh\u016f. R\u016fzn\u00e9 druhy se vyv\u00edjej\u00ed v r\u016fzn\u00fdch prost\u0159ed\u00edch s r\u016fznou vlhkost\u00ed. Nap\u0159\u00edklad tento konkr\u00e9tn\u00ed druh roste dob\u0159e venku.<\/p>\n<p>K pln\u00e9mu vyu\u017eit\u00ed \u00fa\u010dink\u016f houby jsou zapot\u0159eb\u00ed biochemick\u00e9 l\u00e1tky psilocybin, baeocystin a psilocin, kter\u00e9 jsou vysoce \u00fa\u010dinn\u00e9. V r\u00e1mci tohoto rodu existuj\u00ed dal\u0161\u00ed dva cenn\u00e9 druhy: Psilocybe Cubensis a <a href=\"https:\/\/en.wikipedia.org\/wiki\/Psilocybe_cyanescens\">Psilocybe Cyanescens<\/a>. Tato houba je velmi obl\u00edben\u00e1 na severoz\u00e1pad\u011b Tich\u00e9ho oce\u00e1nu ve Spojen\u00fdch st\u00e1tech.<\/p>\n<p>Historie t\u00e9to houby sah\u00e1 a\u017e do roku 1979, kdy ji objevili oregon\u0161t\u00ed skauti. Ti zjistili, \u017ee tyto houby jsou psychotropn\u00ed pot\u00e9, co se na n\u011b pod\u00edvali bl\u00ed\u017ee. Paul Stamets ji pozd\u011bji v roce 1996 pojmenoval Psilocybe Azurescens. Podle Stametsova \u010dl\u00e1nku byl p\u0159edm\u011btem Azurescens modr\u00fd odst\u00edn t\u0159en\u011b. N\u011bkte\u0159\u00ed tvrd\u00ed, \u017ee jm\u00e9no bylo inspirov\u00e1no jeho synem, kter\u00fd m\u011bl podobn\u00e9 jm\u00e9no.<\/p>\n<h3>\u00da\u010dinky houby Psilocybe Azurescens<\/h3>\n<p>V azerolaktu se hojn\u011b vyskytuj\u00ed psychoaktivn\u00ed l\u00e1tky jako psilocybin, baeocystin a psilocin. Pr\u00e1v\u011b chemick\u00e9 slo\u017eky tohoto druhu Psilocybe dod\u00e1vaj\u00ed houb\u00e1m halucinogenn\u00ed vlastnosti. Pro psychedelick\u00e9 \u00fa\u010dinky je charakteristick\u00e9 znecitliv\u011bn\u00ed kon\u010detin. Nicm\u00e9n\u011b vzru\u0161en\u00ed a halucinace tento \u00fa\u010dinek p\u0159ev\u00e1\u017e\u00ed. Konzumace hub m\u016f\u017ee vyvolat v\u011bt\u0161\u00ed chu\u0165 komunikovat s lidmi a \u00fa\u010dastnit se r\u016fzn\u00fdch aktivit.<\/p>\n<h3>Informace o Psilocybe Azurscens Magic Shroom Growth<\/h3>\n<p>Vzhledem k hojnosti d\u0159evnat\u00e9ho materi\u00e1lu se P. Azurscens vyskytuje snadn\u011bji na b\u0159ez\u00edch vodn\u00edch ploch ne\u017e na jin\u00fdch m\u00edstech. Pod\u00e9l b\u0159eh\u016f roste tak\u00e9 dunov\u00e1 tr\u00e1va, kter\u00e1 vytv\u00e1\u0159\u00ed koberec, jen\u017e podporuje slab\u00e9 houby.<\/p>\n<p>Azurscens sn\u00e1\u0161\u00ed i velmi n\u00edzk\u00e9 teploty, co\u017e mu pom\u00e1h\u00e1 prosperovat v oblastech s drsn\u00fdmi zimami. Krom\u011b toho se houb\u00e1m da\u0159\u00ed i na pon\u011bkud vlh\u010d\u00edm listnat\u00e9m d\u0159ev\u011b. Tento druh lze \u010dasto pozorovat rostouc\u00ed mezi ostru\u017ein\u00edm a v hou\u0161tin\u00e1ch.<\/p>\n<h3>Vyu\u017eit\u00ed houby Psilocybe Azurscens v medic\u00edn\u011b<\/h3>\n<p>Vysok\u00e1 koncentrace psilocybinu v t\u00e9to houb\u011b m\u00e1 \u0159adu l\u00e9\u010debn\u00fdch \u00fa\u010dink\u016f. \u00da\u010dinky vysok\u00e9 hlavy mohou pomoci p\u0159i l\u00e9\u010db\u011b \u00fazkostn\u00fdch poruch. Chemick\u00e1 slo\u017eka tak\u00e9 pom\u00e1h\u00e1 p\u0159i l\u00e9\u010db\u011b deprese, \u00fazkosti, poruchy pozornosti s hyperaktivitou (ADHD) a obsedantn\u011b-kompulzivn\u00ed poruchy (OCD).<\/p>\n<h3>Jednotlivci<\/h3>\n<p>Jedinci, kte\u0159\u00ed se pot\u00fdkaj\u00ed s alkoholismem a z\u00e1vislost\u00ed na kou\u0159en\u00ed, mohou tak\u00e9 vyu\u017e\u00edt houby jako formu l\u00e9\u010dby sv\u00fdch nemoc\u00ed. Psilocybin sni\u017euje chu\u0165 na j\u00eddlo, co\u017e je podle studi\u00ed skv\u011bl\u00e1 metoda l\u00e9\u010dby z\u00e1vislosti. P. Azurscens doporu\u010duj\u00ed l\u00e9ka\u0159i pacient\u016fm s poruchami \u0159e\u010di, proto\u017ee zvy\u0161uje soci\u00e1ln\u00ed jistotu.<\/p>\n<h3>Ne\u017e\u00e1douc\u00ed \u00fa\u010dinky magick\u00fdch hub Psilocybe Azurscens<\/h3>\n<p>Expozice magick\u00e9 houb\u011b P. Azurscens m\u016f\u017ee m\u00edt \u0159adu ne\u017e\u00e1douc\u00edch \u00fa\u010dink\u016f. N\u011bkter\u00e9 z nich mohou b\u00fdt smrteln\u00e9, i kdy\u017e v\u011bt\u0161ina z nich trv\u00e1 jen kr\u00e1tce. Nej\u010dast\u011bj\u0161\u00edmi ne\u017e\u00e1douc\u00edmi \u00fa\u010dinky jsou \u017ealude\u010dn\u00ed pot\u00ed\u017ee, z\u00e1chvaty zvracen\u00ed a z\u00e1chvaty paniky. V z\u00e1va\u017en\u00fdch situac\u00edch m\u016f\u017ee zv\u00fd\u0161en\u00fd krevn\u00ed tlak a tepov\u00e1 frekvence vy\u00fastit v infarkt.<\/p>\n<h3>Shrnut\u00ed<\/h3>\n<p>Azurscens se mo\u017en\u00e1 brzy dostane na prvn\u00ed m\u00edsto, pokud jde o rekrea\u010dn\u00ed a terapeutick\u00e9 \u00fa\u010dinky. D\u00edky sv\u00e9 p\u0159izp\u016fsobivosti a n\u00edzk\u00fdm n\u00e1rok\u016fm na r\u016fst jsou ide\u00e1ln\u00ed pro zku\u0161en\u00e9 i nezku\u0161en\u00e9 p\u011bstitele.<\/p>\n<p>Pokud pot\u0159ebujete pomoc p\u0159i zvl\u00e1d\u00e1n\u00ed r\u016fzn\u00fdch psychick\u00fdch stav\u016f a p\u0159ekon\u00e1v\u00e1n\u00ed z\u00e1vislosti, jsou pro v\u00e1s tou nejlep\u0161\u00ed volbou. Ne\u017e abyste se zfetovali drogami, zvolte rad\u011bji jednoduchou, ale \u00fa\u010dinnou l\u00e9\u010dbu. A\u017e si budete vychutn\u00e1vat v\u00fdhody t\u00e9to houby, m\u011bjte na pam\u011bti jej\u00ed pr\u016fvodn\u00ed ne\u017e\u00e1douc\u00ed \u00fa\u010dinky.<\/p>\n<p>Psilocybe Cyanescens: Zakoupit online<\/p>\n<p>Na prodej: Psilocybe Cyanescens<\/p>","protected":false},"excerpt":{"rendered":"<p>Purchase Online Psilocybe Cyanescens The Psilocybe Azurescens mushroom, one of the 180 species in the Psilocybe genus, thrives in a range of environments. Flying Saucers, Indigo Psilocybe, Azzies, and Blue Angels are some other names for Psilocybe Azurscens. Researchers have written a great deal about the discovery since it was first made in 1979. For &hellip;<\/p>\n<p class=\"read-more\"> <a class=\"\" href=\"https:\/\/legitgrams.com\/cs\/produkt\/psilocybe-cyanescens\/\"> <span class=\"screen-reader-text\">Psilocybe Cyanescens<\/span> \u010c\u00edst d\u00e1l \"<\/a><\/p>","protected":false},"featured_media":5245,"comment_status":"open","ping_status":"closed","template":"","meta":{"_uag_custom_page_level_css":"","site-sidebar-layout":"default","site-content-layout":"default","ast-global-header-display":"","ast-main-header-display":"","ast-hfb-above-header-display":"","ast-hfb-below-header-display":"","ast-hfb-mobile-header-display":"","site-post-title":"","ast-breadcrumbs-content":"","ast-featured-img":"","footer-sml-layout":"","theme-transparent-header-meta":"default","adv-header-id-meta":"","stick-header-meta":"default","header-above-stick-meta":"","header-main-stick-meta":"","header-below-stick-meta":"","_joinchat":[]},"product_brand":[],"product_cat":[599],"product_tag":[2118,2108,617,2100,2115,2112,2107,2105,2099,2102,2110,2101,2103,2113,2120,2121,2119,2111,2116,2117,2114,625,2106,2109,2104],"class_list":{"0":"post-4200","1":"product","2":"type-product","3":"status-publish","4":"has-post-thumbnail","6":"product_cat-psilocybin-or-magic-mushrooms","7":"product_tag-best-cheap-price-psilocybe-cyanescens","8":"product_tag-best-place-to-buy-psilocybe-cyanescens","9":"product_tag-bulk-online","10":"product_tag-buy-psilocybe-cyanescens","11":"product_tag-cheap-psilocybe-cyanescens","12":"product_tag-high-quality-psilocybe-cyanescens","13":"product_tag-how-to-buy-psilocybe-cyanescens","14":"product_tag-order-psilocybe-cyanescens","15":"product_tag-psilocybe-cyanescens","16":"product_tag-psilocybe-cyanescens-for-sale","17":"product_tag-psilocybe-cyanescens-legally","18":"product_tag-psilocybe-cyanescens-online","19":"product_tag-psilocybe-cyanescens-psilocybe-cyanescens-supplier","20":"product_tag-psilocybe-cyanescens-store","21":"product_tag-psilocybe-cyanescens-use","22":"product_tag-psilocybe-cyanescens-wiki","23":"product_tag-psilocybe-cyanescens-worldwide","24":"product_tag-psilocybe-cyanescensprice","25":"product_tag-psilocybe-cyanescenss","26":"product_tag-purcharse-psilocybe-cyanescens","27":"product_tag-shop-psilocybe-cyanescens","28":"product_tag-top-quality","29":"product_tag-where-to-buy-psilocybe-cyanescens","30":"product_tag-where-to-order-psilocybe-cyanescens","31":"product_tag-wholesale-psilocybe-cyanescens","32":"desktop-align-left","33":"tablet-align-left","34":"mobile-align-left","35":"ast-product-gallery-layout-horizontal","36":"ast-product-gallery-with-no-image","37":"ast-product-single-variable","38":"ast-product-tabs-layout-horizontal","39":"ast-qv-on-image","41":"first","42":"instock","43":"shipping-taxable","44":"purchasable","45":"product-type-variable"},"yoast_head":"<!-- This site is optimized with the Yoast SEO plugin v25.9 - https:\/\/yoast.com\/wordpress\/plugins\/seo\/ -->\n<title>Psilocybe Cyanescens for Sale - Buy Psilocybe Cyanescens Online<\/title>\n<meta name=\"description\" content=\"If you want to buy psilocybe cyanescens online and looking for a reliable online store, then buy here. We offer only high-quality psilocybe cyanescens for sale at an affordable price. Order Psilocybe Cyanescens Now!\" \/>\n<meta name=\"robots\" content=\"index, follow, max-snippet:-1, max-image-preview:large, max-video-preview:-1\" \/>\n<link rel=\"canonical\" href=\"https:\/\/legitgrams.com\/cs\/produkt\/psilocybe-cyanescens\/\" \/>\n<meta property=\"og:locale\" content=\"cs_CZ\" \/>\n<meta property=\"og:type\" content=\"article\" \/>\n<meta property=\"og:title\" content=\"Psilocybe Cyanescens for Sale - Buy Psilocybe Cyanescens Online\" \/>\n<meta property=\"og:description\" content=\"If you want to buy psilocybe cyanescens online and looking for a reliable online store, then buy here. We offer only high-quality psilocybe cyanescens for sale at an affordable price. Order Psilocybe Cyanescens Now!\" \/>\n<meta property=\"og:url\" content=\"https:\/\/legitgrams.com\/cs\/produkt\/psilocybe-cyanescens\/\" \/>\n<meta property=\"og:site_name\" content=\"Legit Grams\" \/>\n<meta property=\"article:modified_time\" content=\"2025-01-14T10:47:35+00:00\" \/>\n<meta property=\"og:image\" content=\"https:\/\/legitgrams.com\/wp-content\/uploads\/2024\/09\/psilocybe-cyanescenshome.jpg\" \/>\n\t<meta property=\"og:image:width\" content=\"430\" \/>\n\t<meta property=\"og:image:height\" content=\"430\" \/>\n\t<meta property=\"og:image:type\" content=\"image\/jpeg\" \/>\n<meta name=\"twitter:card\" content=\"summary_large_image\" \/>\n<meta name=\"twitter:label1\" content=\"Odhadovan\u00e1 doba \u010dten\u00ed\" \/>\n\t<meta name=\"twitter:data1\" content=\"4 minuty\" \/>\n<script type=\"application\/ld+json\" class=\"yoast-schema-graph\">{\"@context\":\"https:\/\/schema.org\",\"@graph\":[{\"@type\":\"WebPage\",\"@id\":\"https:\/\/legitgrams.com\/product\/psilocybe-cyanescens\/\",\"url\":\"https:\/\/legitgrams.com\/product\/psilocybe-cyanescens\/\",\"name\":\"Psilocybe Cyanescens for Sale - Buy Psilocybe Cyanescens Online\",\"isPartOf\":{\"@id\":\"https:\/\/legitgrams.com\/#website\"},\"primaryImageOfPage\":{\"@id\":\"https:\/\/legitgrams.com\/product\/psilocybe-cyanescens\/#primaryimage\"},\"image\":{\"@id\":\"https:\/\/legitgrams.com\/product\/psilocybe-cyanescens\/#primaryimage\"},\"thumbnailUrl\":\"https:\/\/legitgrams.com\/wp-content\/uploads\/2024\/09\/psilocybe-cyanescenshome.jpg\",\"datePublished\":\"2024-09-22T05:48:26+00:00\",\"dateModified\":\"2025-01-14T10:47:35+00:00\",\"description\":\"If you want to buy psilocybe cyanescens online and looking for a reliable online store, then buy here. We offer only high-quality psilocybe cyanescens for sale at an affordable price. Order Psilocybe Cyanescens Now!\",\"breadcrumb\":{\"@id\":\"https:\/\/legitgrams.com\/product\/psilocybe-cyanescens\/#breadcrumb\"},\"inLanguage\":\"cs\",\"potentialAction\":[{\"@type\":\"ReadAction\",\"target\":[\"https:\/\/legitgrams.com\/product\/psilocybe-cyanescens\/\"]}]},{\"@type\":\"ImageObject\",\"inLanguage\":\"cs\",\"@id\":\"https:\/\/legitgrams.com\/product\/psilocybe-cyanescens\/#primaryimage\",\"url\":\"https:\/\/legitgrams.com\/wp-content\/uploads\/2024\/09\/psilocybe-cyanescenshome.jpg\",\"contentUrl\":\"https:\/\/legitgrams.com\/wp-content\/uploads\/2024\/09\/psilocybe-cyanescenshome.jpg\",\"width\":430,\"height\":430,\"caption\":\"Psilocybe Cyanescens for Sale\"},{\"@type\":\"BreadcrumbList\",\"@id\":\"https:\/\/legitgrams.com\/product\/psilocybe-cyanescens\/#breadcrumb\",\"itemListElement\":[{\"@type\":\"ListItem\",\"position\":1,\"name\":\"Home\",\"item\":\"https:\/\/legitgrams.com\/\"},{\"@type\":\"ListItem\",\"position\":2,\"name\":\"Shop\",\"item\":\"https:\/\/legitgrams.com\/shop\/\"},{\"@type\":\"ListItem\",\"position\":3,\"name\":\"Psilocybe Cyanescens\"}]},{\"@type\":\"WebSite\",\"@id\":\"https:\/\/legitgrams.com\/#website\",\"url\":\"https:\/\/legitgrams.com\/\",\"name\":\"Legit Grams\",\"description\":\"My WordPress Blog\",\"publisher\":{\"@id\":\"https:\/\/legitgrams.com\/#organization\"},\"potentialAction\":[{\"@type\":\"SearchAction\",\"target\":{\"@type\":\"EntryPoint\",\"urlTemplate\":\"https:\/\/legitgrams.com\/?s={search_term_string}\"},\"query-input\":{\"@type\":\"PropertyValueSpecification\",\"valueRequired\":true,\"valueName\":\"search_term_string\"}}],\"inLanguage\":\"cs\"},{\"@type\":\"Organization\",\"@id\":\"https:\/\/legitgrams.com\/#organization\",\"name\":\"Legit Grams\",\"url\":\"https:\/\/legitgrams.com\/\",\"logo\":{\"@type\":\"ImageObject\",\"inLanguage\":\"cs\",\"@id\":\"https:\/\/legitgrams.com\/#\/schema\/logo\/image\/\",\"url\":\"https:\/\/legitgrams.com\/wp-content\/uploads\/2024\/09\/main-logo.png\",\"contentUrl\":\"https:\/\/legitgrams.com\/wp-content\/uploads\/2024\/09\/main-logo.png\",\"width\":270,\"height\":75,\"caption\":\"Legit Grams\"},\"image\":{\"@id\":\"https:\/\/legitgrams.com\/#\/schema\/logo\/image\/\"}}]}<\/script>\n<!-- \/ Yoast SEO plugin. -->","yoast_head_json":{"title":"Psilocybe Cyanescens na prodej - Koupit Psilocybe Cyanescens online","description":"Pokud si chcete koupit psilocybe cyanescens online a hled\u00e1te spolehliv\u00fd internetov\u00fd obchod, pak nakupujte zde. Nab\u00edz\u00edme pouze kvalitn\u00ed psilocybe cyanescens na prodej za p\u0159ijatelnou cenu. Objednejte si Psilocybe cyanescens nyn\u00ed!","robots":{"index":"index","follow":"follow","max-snippet":"max-snippet:-1","max-image-preview":"max-image-preview:large","max-video-preview":"max-video-preview:-1"},"canonical":"https:\/\/legitgrams.com\/cs\/produkt\/psilocybe-cyanescens\/","og_locale":"cs_CZ","og_type":"article","og_title":"Psilocybe Cyanescens for Sale - Buy Psilocybe Cyanescens Online","og_description":"If you want to buy psilocybe cyanescens online and looking for a reliable online store, then buy here. We offer only high-quality psilocybe cyanescens for sale at an affordable price. Order Psilocybe Cyanescens Now!","og_url":"https:\/\/legitgrams.com\/cs\/produkt\/psilocybe-cyanescens\/","og_site_name":"Legit Grams","article_modified_time":"2025-01-14T10:47:35+00:00","og_image":[{"width":430,"height":430,"url":"https:\/\/legitgrams.com\/wp-content\/uploads\/2024\/09\/psilocybe-cyanescenshome.jpg","type":"image\/jpeg"}],"twitter_card":"summary_large_image","twitter_misc":{"Odhadovan\u00e1 doba \u010dten\u00ed":"4 minuty"},"schema":{"@context":"https:\/\/schema.org","@graph":[{"@type":"WebPage","@id":"https:\/\/legitgrams.com\/product\/psilocybe-cyanescens\/","url":"https:\/\/legitgrams.com\/product\/psilocybe-cyanescens\/","name":"Psilocybe Cyanescens na prodej - Koupit Psilocybe Cyanescens online","isPartOf":{"@id":"https:\/\/legitgrams.com\/#website"},"primaryImageOfPage":{"@id":"https:\/\/legitgrams.com\/product\/psilocybe-cyanescens\/#primaryimage"},"image":{"@id":"https:\/\/legitgrams.com\/product\/psilocybe-cyanescens\/#primaryimage"},"thumbnailUrl":"https:\/\/legitgrams.com\/wp-content\/uploads\/2024\/09\/psilocybe-cyanescenshome.jpg","datePublished":"2024-09-22T05:48:26+00:00","dateModified":"2025-01-14T10:47:35+00:00","description":"Pokud si chcete koupit psilocybe cyanescens online a hled\u00e1te spolehliv\u00fd internetov\u00fd obchod, pak nakupujte zde. Nab\u00edz\u00edme pouze kvalitn\u00ed psilocybe cyanescens na prodej za p\u0159ijatelnou cenu. Objednejte si Psilocybe cyanescens nyn\u00ed!","breadcrumb":{"@id":"https:\/\/legitgrams.com\/product\/psilocybe-cyanescens\/#breadcrumb"},"inLanguage":"cs","potentialAction":[{"@type":"ReadAction","target":["https:\/\/legitgrams.com\/product\/psilocybe-cyanescens\/"]}]},{"@type":"ImageObject","inLanguage":"cs","@id":"https:\/\/legitgrams.com\/product\/psilocybe-cyanescens\/#primaryimage","url":"https:\/\/legitgrams.com\/wp-content\/uploads\/2024\/09\/psilocybe-cyanescenshome.jpg","contentUrl":"https:\/\/legitgrams.com\/wp-content\/uploads\/2024\/09\/psilocybe-cyanescenshome.jpg","width":430,"height":430,"caption":"Psilocybe Cyanescens for Sale"},{"@type":"BreadcrumbList","@id":"https:\/\/legitgrams.com\/product\/psilocybe-cyanescens\/#breadcrumb","itemListElement":[{"@type":"ListItem","position":1,"name":"Home","item":"https:\/\/legitgrams.com\/"},{"@type":"ListItem","position":2,"name":"Shop","item":"https:\/\/legitgrams.com\/shop\/"},{"@type":"ListItem","position":3,"name":"Psilocybe Cyanescens"}]},{"@type":"WebSite","@id":"https:\/\/legitgrams.com\/#website","url":"https:\/\/legitgrams.com\/","name":"Leg\u00e1ln\u00ed gramy","description":"M\u016fj blog WordPress","publisher":{"@id":"https:\/\/legitgrams.com\/#organization"},"potentialAction":[{"@type":"SearchAction","target":{"@type":"EntryPoint","urlTemplate":"https:\/\/legitgrams.com\/?s={search_term_string}"},"query-input":{"@type":"PropertyValueSpecification","valueRequired":true,"valueName":"search_term_string"}}],"inLanguage":"cs"},{"@type":"Organization","@id":"https:\/\/legitgrams.com\/#organization","name":"Leg\u00e1ln\u00ed gramy","url":"https:\/\/legitgrams.com\/","logo":{"@type":"ImageObject","inLanguage":"cs","@id":"https:\/\/legitgrams.com\/#\/schema\/logo\/image\/","url":"https:\/\/legitgrams.com\/wp-content\/uploads\/2024\/09\/main-logo.png","contentUrl":"https:\/\/legitgrams.com\/wp-content\/uploads\/2024\/09\/main-logo.png","width":270,"height":75,"caption":"Legit Grams"},"image":{"@id":"https:\/\/legitgrams.com\/#\/schema\/logo\/image\/"}}]}},"uagb_featured_image_src":{"full":["https:\/\/legitgrams.com\/wp-content\/uploads\/2024\/09\/psilocybe-cyanescenshome.jpg",430,430,false],"thumbnail":["https:\/\/legitgrams.com\/wp-content\/uploads\/2024\/09\/psilocybe-cyanescenshome-150x150.jpg",150,150,true],"medium":["https:\/\/legitgrams.com\/wp-content\/uploads\/2024\/09\/psilocybe-cyanescenshome-300x300.jpg",300,300,true],"medium_large":["https:\/\/legitgrams.com\/wp-content\/uploads\/2024\/09\/psilocybe-cyanescenshome.jpg",430,430,false],"large":["https:\/\/legitgrams.com\/wp-content\/uploads\/2024\/09\/psilocybe-cyanescenshome.jpg",430,430,false],"1536x1536":["https:\/\/legitgrams.com\/wp-content\/uploads\/2024\/09\/psilocybe-cyanescenshome.jpg",430,430,false],"2048x2048":["https:\/\/legitgrams.com\/wp-content\/uploads\/2024\/09\/psilocybe-cyanescenshome.jpg",430,430,false],"trp-custom-language-flag":["https:\/\/legitgrams.com\/wp-content\/uploads\/2024\/09\/psilocybe-cyanescenshome-12x12.jpg",12,12,true],"woocommerce_thumbnail":["https:\/\/legitgrams.com\/wp-content\/uploads\/2024\/09\/psilocybe-cyanescenshome-300x300.jpg",300,300,true],"woocommerce_single":["https:\/\/legitgrams.com\/wp-content\/uploads\/2024\/09\/psilocybe-cyanescenshome.jpg",430,430,false],"woocommerce_gallery_thumbnail":["https:\/\/legitgrams.com\/wp-content\/uploads\/2024\/09\/psilocybe-cyanescenshome-100x100.jpg",100,100,true]},"uagb_author_info":{"display_name":"cokeblog18","author_link":"https:\/\/legitgrams.com\/cs\/author\/"},"uagb_comment_info":0,"uagb_excerpt":"Purchase Online Psilocybe Cyanescens The Psilocybe Azurescens mushroom, one of the 180 species in the Psilocybe genus, thrives in a range of environments. Flying Saucers, Indigo Psilocybe, Azzies, and Blue Angels are some other names for Psilocybe Azurscens. Researchers have written a great deal about the discovery since it was first made in 1979. For&hellip;","_links":{"self":[{"href":"https:\/\/legitgrams.com\/cs\/wp-json\/wp\/v2\/product\/4200","targetHints":{"allow":["GET"]}}],"collection":[{"href":"https:\/\/legitgrams.com\/cs\/wp-json\/wp\/v2\/product"}],"about":[{"href":"https:\/\/legitgrams.com\/cs\/wp-json\/wp\/v2\/types\/product"}],"replies":[{"embeddable":true,"href":"https:\/\/legitgrams.com\/cs\/wp-json\/wp\/v2\/comments?post=4200"}],"wp:featuredmedia":[{"embeddable":true,"href":"https:\/\/legitgrams.com\/cs\/wp-json\/wp\/v2\/media\/5245"}],"wp:attachment":[{"href":"https:\/\/legitgrams.com\/cs\/wp-json\/wp\/v2\/media?parent=4200"}],"wp:term":[{"taxonomy":"product_brand","embeddable":true,"href":"https:\/\/legitgrams.com\/cs\/wp-json\/wp\/v2\/product_brand?post=4200"},{"taxonomy":"product_cat","embeddable":true,"href":"https:\/\/legitgrams.com\/cs\/wp-json\/wp\/v2\/product_cat?post=4200"},{"taxonomy":"product_tag","embeddable":true,"href":"https:\/\/legitgrams.com\/cs\/wp-json\/wp\/v2\/product_tag?post=4200"}],"curies":[{"name":"wp","href":"https:\/\/api.w.org\/{rel}","templated":true}]}}