{"id":4206,"date":"2024-09-22T05:21:42","date_gmt":"2024-09-22T05:21:42","guid":{"rendered":"https:\/\/legitgrams.com\/?post_type=product&#038;p=4206"},"modified":"2026-01-31T19:22:53","modified_gmt":"2026-01-31T19:22:53","slug":"fentanyl-tablety","status":"publish","type":"product","link":"https:\/\/legitgrams.com\/cs\/produkt\/fentanyl-tablety\/","title":{"rendered":"Koupit tablety fentanylu online"},"content":{"rendered":"<h2>Kupte si pilulky fentanylu online.<\/h2>\n<p>\u00da\u010delem <a href=\"https:\/\/legitgrams.com\/cs\/produkt\/fentanyl-tablety\/\">fentanyl<\/a> je sn\u00ed\u017eit nepohodl\u00ed.<br \/>\nNa str\u00e1nk\u00e1ch <a href=\"https:\/\/www.bing.com\/search?q=KoupitFentanyltabletyonline&amp;qs=n&amp;form=QBRE&amp;sp=-1&amp;lq=0&amp;pq=koupitfentanyltabletyonline&amp;sc=0-30&amp;sk=&amp;cvid=7702AEF7C7E94976AA727EE6203DF9D3&amp;ghsh=0&amp;ghacc=0&amp;ghpl=\">Fentanyl<\/a> Mechanism:<br \/>\nFentanyl sni\u017euje schopnost \u010dlov\u011bka vn\u00edmat bolest a reagovat na ni. <a href=\"https:\/\/legitgrams.com\/cs\/\">LegitGrams<\/a><\/p>\n<h3>Jak se m\u00e1 fentanyl pou\u017e\u00edvat:<\/h3>\n<p>Ne\u017e za\u010dnete u\u017e\u00edvat tento l\u00e9k s jin\u00fdmi siln\u00fdmi l\u00e9ky proti bolesti, promluvte si se sv\u00fdm l\u00e9ka\u0159em. Pijte hodn\u011b n\u00e1poj\u016f bez kofeinu, pokud v\u00e1m l\u00e9ka\u0159 ne\u0159ekne, abyste omezili p\u0159\u00edjem tekutin. Ve\u010fte si den\u00edk sv\u00e9 bolesti.<\/p>\n<p>N\u00e1kup <a href=\"https:\/\/en.wikipedia.org\/wiki\/Fentanyl\">fentanyl<\/a> tablets online: <a href=\"https:\/\/www.google.com\/search?q=Koupit+Fentanyl+tablety+online&amp;sca_esv=eddefdb7b92e7545&amp;sxsrf=AHTn8zppS8H0u6-s4e5UsSQp3kxRuJyCrQ1743706596345&amp;ei=5NnuZ9zpFKKS0PEP_ri-sA8&amp;ved=0ahUKEwjc65GixbyMAxUiCTQIHX6cD_YQ4dUDCBA&amp;uact=5&amp;oq=Koupit+Fentanyl+tablety+online&amp;gs_lp=Egxnd3Mtd2l6LXNlcnAiHktvdXBpdCBGZW50YW55bCB0YWJsZXR5IG9ubGluZTIFECEYoAEyBRAhGKABMgUQIRigATIFECEYoAEyBRAhGKABSPgEUABYAHAAeACQAQCYAYADoAGAA6oBAzMtMbgBA8gBAPgBAvgBAZgCAaAChQOYAwCSBwMzLTGgB8sEsgcDMy0xuAeFAw&amp;sclient=gws-wiz-serp\">koupit fentanyl<\/a>, koupit tablety fentanylu, koupit fentanyl online, kde koupit tablety fentanylu, fentanyl na prodej, koupit tablety online, kde koupit tablety fentanylu online, n\u00e1kup tablet fentanylu online, dodavatel\u00e9, bezpe\u010dn\u00e9 doru\u010den\u00ed, tablety fentanylu jsou st\u00e1le dostupn\u00e9. Jsou tablety fentanylu povoleny v USA, kde <a href=\"https:\/\/duckduckgo.com\/?q=Koupit+Fentanyl+tablety+online&amp;t=h_&amp;ia=web\">koupit tablety fentanylu<\/a>tablety povolen\u00e9 v USA, kde koupit fentanylov\u00e9 tablety, jak z\u00edskat fentanylov\u00e9 tablety a zda jsou povoleny v Kanad\u011b.<\/p>","protected":false},"excerpt":{"rendered":"<p>Purchase fentanyl pills online. The purpose of fentanyl is to reduce discomfort. The Fentanyl Mechanism: Fentanyl reduces a person&#8217;s ability to perceive and respond to pain. LegitGrams How fentanyl should be used: Before taking this medication with other strong painkillers, speak with your doctor. Drink lots of decaffeinated beverages unless your doctor tells you to &hellip;<\/p>\n<p class=\"read-more\"> <a class=\"\" href=\"https:\/\/legitgrams.com\/cs\/produkt\/fentanyl-tablety\/\"> <span class=\"screen-reader-text\">Koupit tablety fentanylu online<\/span> \u010c\u00edst d\u00e1l \"<\/a><\/p>","protected":false},"featured_media":5210,"comment_status":"open","ping_status":"closed","template":"","meta":{"_uag_custom_page_level_css":"","site-sidebar-layout":"default","site-content-layout":"default","ast-global-header-display":"","ast-main-header-display":"","ast-hfb-above-header-display":"","ast-hfb-below-header-display":"","ast-hfb-mobile-header-display":"","site-post-title":"","ast-breadcrumbs-content":"","ast-featured-img":"","footer-sml-layout":"","theme-transparent-header-meta":"default","adv-header-id-meta":"","stick-header-meta":"default","header-above-stick-meta":"","header-main-stick-meta":"","header-below-stick-meta":"","_joinchat":[]},"product_brand":[],"product_cat":[608,597,609],"product_tag":[2256,2246,617,2238,2253,2237,2241,2240,2248,2239,2251,2258,2259,2257,2249,2254,2250,2245,2243,2255,2252,625,2244,2247,2242],"class_list":{"0":"post-4206","1":"product","2":"type-product","3":"status-publish","4":"has-post-thumbnail","6":"product_cat-pain-pills","7":"product_cat-pain-sleeping-sex-pills","8":"product_cat-sex-pills","9":"product_tag-best-cheap-price-fentanyl-tablets","10":"product_tag-best-place-to-buy-fentanyl-tablets","11":"product_tag-bulk-online","12":"product_tag-buy-fentanyl-tablets","13":"product_tag-cheap-fentanyl-tablets","14":"product_tag-fentanyl-tablets","15":"product_tag-fentanyl-tablets-fentanyl-tablets-supplier","16":"product_tag-fentanyl-tablets-for-sale","17":"product_tag-fentanyl-tablets-legally","18":"product_tag-fentanyl-tablets-online","19":"product_tag-fentanyl-tablets-store","20":"product_tag-fentanyl-tablets-use","21":"product_tag-fentanyl-tablets-wiki","22":"product_tag-fentanyl-tablets-worldwide","23":"product_tag-fentanyl-tabletsprice","24":"product_tag-fentanyl-tabletss","25":"product_tag-high-quality-fentanyl-tablets","26":"product_tag-how-to-buy-fentanyl-tablets","27":"product_tag-order-fentanyl-tablets","28":"product_tag-purcharse-fentanyl-tablets","29":"product_tag-shop-fentanyl-tablets","30":"product_tag-top-quality","31":"product_tag-where-to-buy-fentanyl-tablets","32":"product_tag-where-to-order-fentanyl-tablets","33":"product_tag-wholesale-fentanyl-tablets","34":"desktop-align-left","35":"tablet-align-left","36":"mobile-align-left","37":"ast-product-gallery-layout-horizontal","38":"ast-product-gallery-with-no-image","39":"ast-product-single-variable","40":"ast-product-tabs-layout-horizontal","41":"ast-qv-on-image","43":"first","44":"instock","45":"shipping-taxable","46":"purchasable","47":"product-type-variable"},"yoast_head":"<!-- This site is optimized with the Yoast SEO plugin v25.9 - https:\/\/yoast.com\/wordpress\/plugins\/seo\/ -->\n<title>Fentanyl Tablets for Sale - Order Fentanyl Tablets Online | LG<\/title>\n<meta name=\"description\" content=\"Get Fentanyl Tablets for sale at one of the best online stores Legitgrams. We will help you buy Fentanyl Tablets online of high quality. Don&#039;t delay to place your order and take advantage of the newest discounts!\" \/>\n<meta name=\"robots\" content=\"index, follow, max-snippet:-1, max-image-preview:large, max-video-preview:-1\" \/>\n<link rel=\"canonical\" href=\"https:\/\/legitgrams.com\/cs\/produkt\/fentanyl-tablety\/\" \/>\n<meta property=\"og:locale\" content=\"cs_CZ\" \/>\n<meta property=\"og:type\" content=\"article\" \/>\n<meta property=\"og:title\" content=\"Fentanyl Tablets for Sale - Order Fentanyl Tablets Online | LG\" \/>\n<meta property=\"og:description\" content=\"Get Fentanyl Tablets for sale at one of the best online stores Legitgrams. We will help you buy Fentanyl Tablets online of high quality. Don&#039;t delay to place your order and take advantage of the newest discounts!\" \/>\n<meta property=\"og:url\" content=\"https:\/\/legitgrams.com\/cs\/produkt\/fentanyl-tablety\/\" \/>\n<meta property=\"og:site_name\" content=\"Legit Grams\" \/>\n<meta property=\"article:modified_time\" content=\"2026-01-31T19:22:53+00:00\" \/>\n<meta property=\"og:image\" content=\"https:\/\/legitgrams.com\/wp-content\/uploads\/2024\/09\/buy-fentanyl-tablets-online-1.jpg\" \/>\n\t<meta property=\"og:image:width\" content=\"600\" \/>\n\t<meta property=\"og:image:height\" content=\"600\" \/>\n\t<meta property=\"og:image:type\" content=\"image\/jpeg\" \/>\n<meta name=\"twitter:card\" content=\"summary_large_image\" \/>\n<meta name=\"twitter:label1\" content=\"Odhadovan\u00e1 doba \u010dten\u00ed\" \/>\n\t<meta name=\"twitter:data1\" content=\"1 minuta\" \/>\n<script type=\"application\/ld+json\" class=\"yoast-schema-graph\">{\"@context\":\"https:\/\/schema.org\",\"@graph\":[{\"@type\":\"WebPage\",\"@id\":\"https:\/\/legitgrams.com\/product\/fentanyl-tablets\/\",\"url\":\"https:\/\/legitgrams.com\/product\/fentanyl-tablets\/\",\"name\":\"Fentanyl Tablets for Sale - Order Fentanyl Tablets Online | LG\",\"isPartOf\":{\"@id\":\"https:\/\/legitgrams.com\/#website\"},\"primaryImageOfPage\":{\"@id\":\"https:\/\/legitgrams.com\/product\/fentanyl-tablets\/#primaryimage\"},\"image\":{\"@id\":\"https:\/\/legitgrams.com\/product\/fentanyl-tablets\/#primaryimage\"},\"thumbnailUrl\":\"https:\/\/legitgrams.com\/wp-content\/uploads\/2024\/09\/buy-fentanyl-tablets-online-1.jpg\",\"datePublished\":\"2024-09-22T05:21:42+00:00\",\"dateModified\":\"2026-01-31T19:22:53+00:00\",\"description\":\"Get Fentanyl Tablets for sale at one of the best online stores Legitgrams. We will help you buy Fentanyl Tablets online of high quality. Don't delay to place your order and take advantage of the newest discounts!\",\"breadcrumb\":{\"@id\":\"https:\/\/legitgrams.com\/product\/fentanyl-tablets\/#breadcrumb\"},\"inLanguage\":\"cs\",\"potentialAction\":[{\"@type\":\"ReadAction\",\"target\":[\"https:\/\/legitgrams.com\/product\/fentanyl-tablets\/\"]}]},{\"@type\":\"ImageObject\",\"inLanguage\":\"cs\",\"@id\":\"https:\/\/legitgrams.com\/product\/fentanyl-tablets\/#primaryimage\",\"url\":\"https:\/\/legitgrams.com\/wp-content\/uploads\/2024\/09\/buy-fentanyl-tablets-online-1.jpg\",\"contentUrl\":\"https:\/\/legitgrams.com\/wp-content\/uploads\/2024\/09\/buy-fentanyl-tablets-online-1.jpg\",\"width\":600,\"height\":600,\"caption\":\"Fentanyl Tablets for Sale\"},{\"@type\":\"BreadcrumbList\",\"@id\":\"https:\/\/legitgrams.com\/product\/fentanyl-tablets\/#breadcrumb\",\"itemListElement\":[{\"@type\":\"ListItem\",\"position\":1,\"name\":\"Home\",\"item\":\"https:\/\/legitgrams.com\/\"},{\"@type\":\"ListItem\",\"position\":2,\"name\":\"Shop\",\"item\":\"https:\/\/legitgrams.com\/shop\/\"},{\"@type\":\"ListItem\",\"position\":3,\"name\":\"Buy Fentanyl Tablets Online\"}]},{\"@type\":\"WebSite\",\"@id\":\"https:\/\/legitgrams.com\/#website\",\"url\":\"https:\/\/legitgrams.com\/\",\"name\":\"Legit Grams\",\"description\":\"My WordPress Blog\",\"publisher\":{\"@id\":\"https:\/\/legitgrams.com\/#organization\"},\"potentialAction\":[{\"@type\":\"SearchAction\",\"target\":{\"@type\":\"EntryPoint\",\"urlTemplate\":\"https:\/\/legitgrams.com\/?s={search_term_string}\"},\"query-input\":{\"@type\":\"PropertyValueSpecification\",\"valueRequired\":true,\"valueName\":\"search_term_string\"}}],\"inLanguage\":\"cs\"},{\"@type\":\"Organization\",\"@id\":\"https:\/\/legitgrams.com\/#organization\",\"name\":\"Legit Grams\",\"url\":\"https:\/\/legitgrams.com\/\",\"logo\":{\"@type\":\"ImageObject\",\"inLanguage\":\"cs\",\"@id\":\"https:\/\/legitgrams.com\/#\/schema\/logo\/image\/\",\"url\":\"https:\/\/legitgrams.com\/wp-content\/uploads\/2024\/09\/main-logo.png\",\"contentUrl\":\"https:\/\/legitgrams.com\/wp-content\/uploads\/2024\/09\/main-logo.png\",\"width\":270,\"height\":75,\"caption\":\"Legit Grams\"},\"image\":{\"@id\":\"https:\/\/legitgrams.com\/#\/schema\/logo\/image\/\"}}]}<\/script>\n<!-- \/ Yoast SEO plugin. -->","yoast_head_json":{"title":"Fentanyl tablety na prodej - objednat fentanyl tablety online | LG","description":"Fentanyl tablety na prodej v jednom z nejlep\u0161\u00edch online obchod\u016f Legitgrams. Pom\u016f\u017eeme v\u00e1m koupit Fentanyl Tablety online vysok\u00e9 kvality. Neot\u00e1lejte s objedn\u00e1vkou a vyu\u017eijte nejnov\u011bj\u0161\u00edch slev!","robots":{"index":"index","follow":"follow","max-snippet":"max-snippet:-1","max-image-preview":"max-image-preview:large","max-video-preview":"max-video-preview:-1"},"canonical":"https:\/\/legitgrams.com\/cs\/produkt\/fentanyl-tablety\/","og_locale":"cs_CZ","og_type":"article","og_title":"Fentanyl Tablets for Sale - Order Fentanyl Tablets Online | LG","og_description":"Get Fentanyl Tablets for sale at one of the best online stores Legitgrams. We will help you buy Fentanyl Tablets online of high quality. Don't delay to place your order and take advantage of the newest discounts!","og_url":"https:\/\/legitgrams.com\/cs\/produkt\/fentanyl-tablety\/","og_site_name":"Legit Grams","article_modified_time":"2026-01-31T19:22:53+00:00","og_image":[{"width":600,"height":600,"url":"https:\/\/legitgrams.com\/wp-content\/uploads\/2024\/09\/buy-fentanyl-tablets-online-1.jpg","type":"image\/jpeg"}],"twitter_card":"summary_large_image","twitter_misc":{"Odhadovan\u00e1 doba \u010dten\u00ed":"1 minuta"},"schema":{"@context":"https:\/\/schema.org","@graph":[{"@type":"WebPage","@id":"https:\/\/legitgrams.com\/product\/fentanyl-tablets\/","url":"https:\/\/legitgrams.com\/product\/fentanyl-tablets\/","name":"Fentanyl tablety na prodej - objednat fentanyl tablety online | LG","isPartOf":{"@id":"https:\/\/legitgrams.com\/#website"},"primaryImageOfPage":{"@id":"https:\/\/legitgrams.com\/product\/fentanyl-tablets\/#primaryimage"},"image":{"@id":"https:\/\/legitgrams.com\/product\/fentanyl-tablets\/#primaryimage"},"thumbnailUrl":"https:\/\/legitgrams.com\/wp-content\/uploads\/2024\/09\/buy-fentanyl-tablets-online-1.jpg","datePublished":"2024-09-22T05:21:42+00:00","dateModified":"2026-01-31T19:22:53+00:00","description":"Fentanyl tablety na prodej v jednom z nejlep\u0161\u00edch online obchod\u016f Legitgrams. Pom\u016f\u017eeme v\u00e1m koupit Fentanyl Tablety online vysok\u00e9 kvality. Neot\u00e1lejte s objedn\u00e1vkou a vyu\u017eijte nejnov\u011bj\u0161\u00edch slev!","breadcrumb":{"@id":"https:\/\/legitgrams.com\/product\/fentanyl-tablets\/#breadcrumb"},"inLanguage":"cs","potentialAction":[{"@type":"ReadAction","target":["https:\/\/legitgrams.com\/product\/fentanyl-tablets\/"]}]},{"@type":"ImageObject","inLanguage":"cs","@id":"https:\/\/legitgrams.com\/product\/fentanyl-tablets\/#primaryimage","url":"https:\/\/legitgrams.com\/wp-content\/uploads\/2024\/09\/buy-fentanyl-tablets-online-1.jpg","contentUrl":"https:\/\/legitgrams.com\/wp-content\/uploads\/2024\/09\/buy-fentanyl-tablets-online-1.jpg","width":600,"height":600,"caption":"Fentanyl Tablets for Sale"},{"@type":"BreadcrumbList","@id":"https:\/\/legitgrams.com\/product\/fentanyl-tablets\/#breadcrumb","itemListElement":[{"@type":"ListItem","position":1,"name":"Home","item":"https:\/\/legitgrams.com\/"},{"@type":"ListItem","position":2,"name":"Shop","item":"https:\/\/legitgrams.com\/shop\/"},{"@type":"ListItem","position":3,"name":"Buy Fentanyl Tablets Online"}]},{"@type":"WebSite","@id":"https:\/\/legitgrams.com\/#website","url":"https:\/\/legitgrams.com\/","name":"Leg\u00e1ln\u00ed gramy","description":"M\u016fj blog WordPress","publisher":{"@id":"https:\/\/legitgrams.com\/#organization"},"potentialAction":[{"@type":"SearchAction","target":{"@type":"EntryPoint","urlTemplate":"https:\/\/legitgrams.com\/?s={search_term_string}"},"query-input":{"@type":"PropertyValueSpecification","valueRequired":true,"valueName":"search_term_string"}}],"inLanguage":"cs"},{"@type":"Organization","@id":"https:\/\/legitgrams.com\/#organization","name":"Leg\u00e1ln\u00ed gramy","url":"https:\/\/legitgrams.com\/","logo":{"@type":"ImageObject","inLanguage":"cs","@id":"https:\/\/legitgrams.com\/#\/schema\/logo\/image\/","url":"https:\/\/legitgrams.com\/wp-content\/uploads\/2024\/09\/main-logo.png","contentUrl":"https:\/\/legitgrams.com\/wp-content\/uploads\/2024\/09\/main-logo.png","width":270,"height":75,"caption":"Legit Grams"},"image":{"@id":"https:\/\/legitgrams.com\/#\/schema\/logo\/image\/"}}]}},"uagb_featured_image_src":{"full":["https:\/\/legitgrams.com\/wp-content\/uploads\/2024\/09\/buy-fentanyl-tablets-online-1.jpg",600,600,false],"thumbnail":["https:\/\/legitgrams.com\/wp-content\/uploads\/2024\/09\/buy-fentanyl-tablets-online-1-150x150.jpg",150,150,true],"medium":["https:\/\/legitgrams.com\/wp-content\/uploads\/2024\/09\/buy-fentanyl-tablets-online-1-300x300.jpg",300,300,true],"medium_large":["https:\/\/legitgrams.com\/wp-content\/uploads\/2024\/09\/buy-fentanyl-tablets-online-1.jpg",600,600,false],"large":["https:\/\/legitgrams.com\/wp-content\/uploads\/2024\/09\/buy-fentanyl-tablets-online-1.jpg",600,600,false],"1536x1536":["https:\/\/legitgrams.com\/wp-content\/uploads\/2024\/09\/buy-fentanyl-tablets-online-1.jpg",600,600,false],"2048x2048":["https:\/\/legitgrams.com\/wp-content\/uploads\/2024\/09\/buy-fentanyl-tablets-online-1.jpg",600,600,false],"trp-custom-language-flag":["https:\/\/legitgrams.com\/wp-content\/uploads\/2024\/09\/buy-fentanyl-tablets-online-1-12x12.jpg",12,12,true],"woocommerce_thumbnail":["https:\/\/legitgrams.com\/wp-content\/uploads\/2024\/09\/buy-fentanyl-tablets-online-1-300x300.jpg",300,300,true],"woocommerce_single":["https:\/\/legitgrams.com\/wp-content\/uploads\/2024\/09\/buy-fentanyl-tablets-online-1.jpg",600,600,false],"woocommerce_gallery_thumbnail":["https:\/\/legitgrams.com\/wp-content\/uploads\/2024\/09\/buy-fentanyl-tablets-online-1-100x100.jpg",100,100,true]},"uagb_author_info":{"display_name":"cokeblog18","author_link":"https:\/\/legitgrams.com\/cs\/author\/"},"uagb_comment_info":4,"uagb_excerpt":"Purchase fentanyl pills online. The purpose of fentanyl is to reduce discomfort. The Fentanyl Mechanism: Fentanyl reduces a person&#8217;s ability to perceive and respond to pain. LegitGrams How fentanyl should be used: Before taking this medication with other strong painkillers, speak with your doctor. Drink lots of decaffeinated beverages unless your doctor tells you to&hellip;","_links":{"self":[{"href":"https:\/\/legitgrams.com\/cs\/wp-json\/wp\/v2\/product\/4206","targetHints":{"allow":["GET"]}}],"collection":[{"href":"https:\/\/legitgrams.com\/cs\/wp-json\/wp\/v2\/product"}],"about":[{"href":"https:\/\/legitgrams.com\/cs\/wp-json\/wp\/v2\/types\/product"}],"replies":[{"embeddable":true,"href":"https:\/\/legitgrams.com\/cs\/wp-json\/wp\/v2\/comments?post=4206"}],"wp:featuredmedia":[{"embeddable":true,"href":"https:\/\/legitgrams.com\/cs\/wp-json\/wp\/v2\/media\/5210"}],"wp:attachment":[{"href":"https:\/\/legitgrams.com\/cs\/wp-json\/wp\/v2\/media?parent=4206"}],"wp:term":[{"taxonomy":"product_brand","embeddable":true,"href":"https:\/\/legitgrams.com\/cs\/wp-json\/wp\/v2\/product_brand?post=4206"},{"taxonomy":"product_cat","embeddable":true,"href":"https:\/\/legitgrams.com\/cs\/wp-json\/wp\/v2\/product_cat?post=4206"},{"taxonomy":"product_tag","embeddable":true,"href":"https:\/\/legitgrams.com\/cs\/wp-json\/wp\/v2\/product_tag?post=4206"}],"curies":[{"name":"wp","href":"https:\/\/api.w.org\/{rel}","templated":true}]}}