{"id":4211,"date":"2024-09-22T05:22:44","date_gmt":"2024-09-22T05:22:44","guid":{"rendered":"https:\/\/legitgrams.com\/?post_type=product&#038;p=4211"},"modified":"2025-04-03T12:30:56","modified_gmt":"2025-04-03T12:30:56","slug":"al-lad-blotters","status":"publish","type":"product","link":"https:\/\/legitgrams.com\/cs\/produkt\/al-lad-blotters\/","title":{"rendered":"Kupte si AL Lad blotters online"},"content":{"rendered":"<h2>Levn\u00e9 Al Ld blottery na prodej<\/h2>\n<p>Z\u00edskejte 150 mcg pr\u00e9mies <a href=\"https:\/\/legitgrams.com\/cs\/produkt\/al-lad-blotters\/\">AL-LAD pijavice<\/a> online za zv\u00fdhodn\u011bnou cenu.<\/p>\n<h3>AL-LAD: Co to je?<\/h3>\n<p>6-allyl-6-norLSD, tak\u00e9 zn\u00e1m\u00fd jako <a href=\"https:\/\/en.wikipedia.org\/wiki\/AL-LAD\">AL-LAD<\/a>, je psychedelick\u00e1 droga, kter\u00e1 je podobn\u00e1 diethylamidu kyseliny lysergov\u00e9 (LSD). Kdy\u017e byl poprv\u00e9 syntetizov\u00e1n v roce 1976, z\u00edskal si oblibu jako l\u00e9k na trz\u00edch s \u201enov\u00fdmi psychoaktivn\u00edmi l\u00e1tkami\u201c a \u201echemik\u00e1liemi pro v\u00fdzkum\u201c. <a href=\"https:\/\/www.bing.com\/search?q=KuptesiALLadblottersonline&amp;qs=n&amp;form=QBRE&amp;sp=-1&amp;ghc=1&amp;lq=0&amp;pq=kuptesialladblottersonline&amp;sc=12-31&amp;sk=&amp;cvid=AEA1AC83AA74407CA0DAE192FEA31EA7&amp;ghsh=0&amp;ghacc=0&amp;ghpl=\">AL-LAD<\/a> vyvol\u00e1v\u00e1 psychoaktivn\u00ed \u201etrip\u201c, kter\u00fd je n\u00e1padn\u011b podobn\u00fd z\u00e1\u017eitku z LSD.<\/p>\n<p>AL-LAD z\u00edskal popularitu pro rekrea\u010dn\u00ed pou\u017eit\u00ed ve Velk\u00e9 Brit\u00e1nii a Irsku. Ve sv\u00e9 knize TIHKAL (Tryptaminy I Have Known And Loved) z roku 1997 se na ni Alexander Shulgin zmi\u0148oval. V d\u016fsledku toho se pov\u011bst drogy roz\u0161\u00ed\u0159ila mezin\u00e1rodn\u011b. V sou\u010dasn\u00e9 dob\u011b s drogou experimentuj\u00ed lid\u00e9 po cel\u00e9m sv\u011bt\u011b, v\u010detn\u011b Spojen\u00fdch st\u00e1t\u016f.<\/p>\n<p>Nen\u00ed jasn\u00e9 co p\u0159esn\u011b <a href=\"https:\/\/www.google.com\/search?q=Buy+AL+Lad+Blotters+Online&amp;num=10&amp;sca_esv=1a2a07081c7891bb&amp;rlz=1C1RXQR_enIN1098IN1098&amp;sxsrf=AHTn8zrQ09rbT77U3-bBTxxLn2TehM5CkA%3A1741410493205&amp;ei=vdDLZ7KSDKadseMPzIXs4AI&amp;ved=0ahUKEwjy5OvO2_mLAxWmTmwGHcwCGywQ4dUDCBI&amp;uact=5&amp;oq=Buy+AL+Lad+Blotters+Online&amp;gs_lp=Egxnd3Mtd2l6LXNlcnAiGkJ1eSBBTCBMYWQgQmxvdHRlcnMgT25saW5lMgUQIRigATIFECEYoAEyBRAhGKABSLoHUJQDWJQDcAJ4AJABAJgBwwGgAcMBqgEDMC4xuAEDyAEA-AEC-AEBmAIDoALVAcICDhAAGIAEGLADGIYDGIoFmAMAiAYBkAYBkgcFMi4wLjGgB-0C&amp;sclient=gws-wiz-serp\">AL-LAD\u2019s<\/a> pr\u00e1vn\u00ed stav je. Feder\u00e1ln\u00ed vl\u00e1da Spojen\u00fdch st\u00e1t\u016f ji nem\u00e1 v \u00famyslu regulovat. Proto\u017ee se v\u0161ak jedn\u00e1 o analog LSD, m\u016f\u017eete b\u00fdt st\u00edh\u00e1ni podle feder\u00e1ln\u00edho z\u00e1kona o analogii, pokud jej prod\u00e1te nebo jej budete m\u00edt s \u00famyslem jej pou\u017e\u00edt na jin\u00e9 osoby. <a href=\"https:\/\/legitgrams.com\/cs\/\">LegitGrams<\/a><\/p>\n<p>Z\u00e1\u017eitky AL-LAD jsou ve v\u011bt\u0161in\u011b ohled\u016f podobn\u00e9 v\u00fdlet\u016fm s LSD. U\u017eivatel\u00e9 \u010dasto pou\u017e\u00edvaj\u00ed sav\u00fd pap\u00edr k peror\u00e1ln\u00edmu u\u017e\u00edv\u00e1n\u00ed drogy. V d\u016fsledku toho se \u00fa\u010dinky \u010dasto dostavuj\u00ed 20 a\u017e 60 minut po konzumaci. U\u017eivatel\u00e9 za\u017eij\u00ed:<\/p>\n<p>Zv\u00fd\u0161en\u00e1 vitalita nebo vzru\u0161en\u00ed pocity vzru\u0161en\u00ed, brn\u011bn\u00ed nebo necitlivosti v kon\u010detin\u00e1ch, zv\u00fd\u0161en\u00e1 bd\u011blost a iluze vizu\u00e1ln\u00edch zkreslen\u00ed.<\/p>\n<p>The use of <a href=\"https:\/\/duckduckgo.com\/?q=Kupte+si+AL+Lad+blotters+online&amp;t=h_&amp;ia=web\">AL-LAD<\/a> m\u016f\u017ee m\u00edt za n\u00e1sledek n\u00e1sleduj\u00edc\u00ed nep\u0159\u00edzniv\u00e9 \u00fa\u010dinky: neschopnost soust\u0159edit se nebo jasn\u011b myslet, zv\u00fd\u0161en\u00e1 srde\u010dn\u00ed frekvence Zm\u011bny t\u011blesn\u00e9 teploty p\u0159i zvracen\u00ed negativn\u00ed vzorce my\u0161len\u00ed a iluze Vazokonstrikce nebo sta\u017een\u00ed krevn\u00edch c\u00e9v Z\u00e1chvaty<\/p>\n<p>LSD pat\u0159\u00ed mezi psychedelika, kter\u00e1 byla nejv\u00edce zkoum\u00e1na. P\u0159esto AL-LAD nebyl p\u0159edm\u011btem mnoha d\u016fkladn\u00fdch v\u011bdeck\u00fdch v\u00fdzkum\u016f, p\u0159esto\u017ee byl ozna\u010dov\u00e1n jako \u201ev\u00fdzkumn\u00e1 droga\u201c. To nazna\u010duje, \u017ee seznam kr\u00e1tkodob\u00fdch \u00fa\u010dink\u016f nem\u016f\u017ee b\u00fdt \u00fapln\u00fd. Krom\u011b toho nebyla provedena \u017e\u00e1dn\u00e1 studie o dlouhodob\u00fdch n\u00e1sledc\u00edch l\u00e9ku.<\/p>\n<p>Zneu\u017e\u00edv\u00e1n\u00ed halucinogen\u016f po del\u0161\u00ed dobu m\u016f\u017ee m\u00edt \u0159adu \u0161kodliv\u00fdch nep\u0159\u00edzniv\u00fdch \u00fa\u010dink\u016f. Halucinogenn\u00ed perzistentn\u00ed porucha vn\u00edm\u00e1n\u00ed (HPPD) je stav, kter\u00fd zp\u016fsobuje n\u00e1hl\u00e9 vzplanut\u00ed zrakov\u00fdch zkreslen\u00ed nebo halucinac\u00ed. Bylo prok\u00e1z\u00e1no, \u017ee velk\u00e9 mno\u017estv\u00ed u\u017eivatel\u016f halucinogen\u016f, v\u010detn\u011b t\u011bch, kte\u0159\u00ed u\u017e\u00edvali DMT, LSD a houby, trp\u00ed t\u00edmto chronick\u00fdm onemocn\u011bn\u00edm.<\/p>\n<h3>Z\u00edskejte cenov\u011b dostupn\u00e9, vysoce kvalitn\u00ed blottery AL-LAD online<\/h3>\n<p>Z\u00edskejte pr\u00e9miov\u00e9 saje AL-LAD online se slevou \u2013 kupte si cenov\u011b dostupn\u00e9 saje, pr\u00e9miov\u00e9 saje AL-LAD, online saje AL-LAD, Kde mohu koupit vysoce kvalitn\u00ed saje AL-LAD? Kde najdu levn\u00e9 saje AL-LAD na prodej? Kde si mohu koupit vysoce kvalitn\u00ed saje AL-LAD online? Dodavatel\u00e9, bezpe\u010dn\u00e1 doprava a pr\u00e9miov\u00e9 saje AL-LAD za rozumnou cenu na prodej v USA, Kanad\u011b a Velk\u00e9 Brit\u00e1nii Je leg\u00e1ln\u00ed nakupovat kvalitn\u00ed sa\u010dky AL-LAD levn\u011b ve Spojen\u00fdch st\u00e1tech? Jak si mohu koupit kvalitn\u00ed sav\u00fd pap\u00edr AL-LAD levn\u011b? Je povoleno je zakoupit v Kanad\u011b?<\/p>","protected":false},"excerpt":{"rendered":"<p>Cheap Al Ld Blotters for Sale Get 150mcg of premium AL-LAD blotters online at a discounted price. AL-LAD: What Is It? 6-allyl-6-norLSD, also known as AL-LAD, is a psychedelic drug that is similar to lysergic acid diethylamide (LSD). When it was first synthesized in 1976, it gained favor as a remedy in the markets for &hellip;<\/p>\n<p class=\"read-more\"> <a class=\"\" href=\"https:\/\/legitgrams.com\/cs\/produkt\/al-lad-blotters\/\"> <span class=\"screen-reader-text\">Kupte si AL Lad blotters online<\/span> \u010c\u00edst d\u00e1l \"<\/a><\/p>","protected":false},"featured_media":5186,"comment_status":"open","ping_status":"closed","template":"","meta":{"_uag_custom_page_level_css":"","site-sidebar-layout":"default","site-content-layout":"default","ast-global-header-display":"","ast-main-header-display":"","ast-hfb-above-header-display":"","ast-hfb-below-header-display":"","ast-hfb-mobile-header-display":"","site-post-title":"","ast-breadcrumbs-content":"","ast-featured-img":"","footer-sml-layout":"","theme-transparent-header-meta":"default","adv-header-id-meta":"","stick-header-meta":"default","header-above-stick-meta":"","header-main-stick-meta":"","header-below-stick-meta":"","_joinchat":[]},"product_brand":[],"product_cat":[595],"product_tag":[2214,2218,2217,2225,2216,2228,2235,2236,2234,2226,2231,2233,2223,617,2215,2230,2227,2222,2220,2232,2229,625,2221,2224,2219],"class_list":{"0":"post-4211","1":"product","2":"type-product","3":"status-publish","4":"has-post-thumbnail","6":"product_cat-psychedelic-drugs","7":"product_tag-al-lad-blotters","8":"product_tag-al-lad-blotters-al-lad-blotters-supplier","9":"product_tag-al-lad-blotters-for-sale","10":"product_tag-al-lad-blotters-legally","11":"product_tag-al-lad-blotters-online","12":"product_tag-al-lad-blotters-store","13":"product_tag-al-lad-blotters-use","14":"product_tag-al-lad-blotters-wiki","15":"product_tag-al-lad-blotters-worldwide","16":"product_tag-al-lad-blottersprice","17":"product_tag-al-lad-blotterss","18":"product_tag-best-cheap-price-al-lad-blotters","19":"product_tag-best-place-to-buy-al-lad-blotters","20":"product_tag-bulk-online","21":"product_tag-buy-al-lad-blotters","22":"product_tag-cheap-al-lad-blotters","23":"product_tag-high-quality-al-lad-blotters","24":"product_tag-how-to-buy-al-lad-blotters","25":"product_tag-order-al-lad-blotters","26":"product_tag-purcharse-al-lad-blotters","27":"product_tag-shop-al-lad-blotters","28":"product_tag-top-quality","29":"product_tag-where-to-buy-al-lad-blotters","30":"product_tag-where-to-order-al-lad-blotters","31":"product_tag-wholesale-al-lad-blotters","32":"desktop-align-left","33":"tablet-align-left","34":"mobile-align-left","35":"ast-product-gallery-layout-horizontal","36":"ast-product-gallery-with-no-image","37":"ast-product-single-variable","38":"ast-product-tabs-layout-horizontal","39":"ast-qv-on-image","41":"first","42":"instock","43":"shipping-taxable","44":"purchasable","45":"product-type-variable"},"yoast_head":"<!-- This site is optimized with the Yoast SEO plugin v25.9 - https:\/\/yoast.com\/wordpress\/plugins\/seo\/ -->\n<title>AL Lad Blotters for Sale - Buy AL Lad Blotters Online | LegitGrams<\/title>\n<meta name=\"description\" content=\"At our LegitGrams online store, we have AL Lad Blotters for sale. You can easily buy AL Lad Blotters online of top quality from us available at the best prices. Order now!\" \/>\n<meta name=\"robots\" content=\"index, follow, max-snippet:-1, max-image-preview:large, max-video-preview:-1\" \/>\n<link rel=\"canonical\" href=\"https:\/\/legitgrams.com\/cs\/produkt\/al-lad-blotters\/\" \/>\n<meta property=\"og:locale\" content=\"cs_CZ\" \/>\n<meta property=\"og:type\" content=\"article\" \/>\n<meta property=\"og:title\" content=\"AL Lad Blotters for Sale - Buy AL Lad Blotters Online | LegitGrams\" \/>\n<meta property=\"og:description\" content=\"At our LegitGrams online store, we have AL Lad Blotters for sale. You can easily buy AL Lad Blotters online of top quality from us available at the best prices. Order now!\" \/>\n<meta property=\"og:url\" content=\"https:\/\/legitgrams.com\/cs\/produkt\/al-lad-blotters\/\" \/>\n<meta property=\"og:site_name\" content=\"Legit Grams\" \/>\n<meta property=\"article:modified_time\" content=\"2025-04-03T12:30:56+00:00\" \/>\n<meta property=\"og:image\" content=\"https:\/\/legitgrams.com\/wp-content\/uploads\/2024\/09\/Buy-Quality-AL-LAD-blotters-Cheap-Online.jpg\" \/>\n\t<meta property=\"og:image:width\" content=\"600\" \/>\n\t<meta property=\"og:image:height\" content=\"600\" \/>\n\t<meta property=\"og:image:type\" content=\"image\/jpeg\" \/>\n<meta name=\"twitter:card\" content=\"summary_large_image\" \/>\n<meta name=\"twitter:label1\" content=\"Odhadovan\u00e1 doba \u010dten\u00ed\" \/>\n\t<meta name=\"twitter:data1\" content=\"3 minuty\" \/>\n<script type=\"application\/ld+json\" class=\"yoast-schema-graph\">{\"@context\":\"https:\/\/schema.org\",\"@graph\":[{\"@type\":\"WebPage\",\"@id\":\"https:\/\/legitgrams.com\/product\/al-lad-blotters\/\",\"url\":\"https:\/\/legitgrams.com\/product\/al-lad-blotters\/\",\"name\":\"AL Lad Blotters for Sale - Buy AL Lad Blotters Online | LegitGrams\",\"isPartOf\":{\"@id\":\"https:\/\/legitgrams.com\/#website\"},\"primaryImageOfPage\":{\"@id\":\"https:\/\/legitgrams.com\/product\/al-lad-blotters\/#primaryimage\"},\"image\":{\"@id\":\"https:\/\/legitgrams.com\/product\/al-lad-blotters\/#primaryimage\"},\"thumbnailUrl\":\"https:\/\/legitgrams.com\/wp-content\/uploads\/2024\/09\/Buy-Quality-AL-LAD-blotters-Cheap-Online.jpg\",\"datePublished\":\"2024-09-22T05:22:44+00:00\",\"dateModified\":\"2025-04-03T12:30:56+00:00\",\"description\":\"At our LegitGrams online store, we have AL Lad Blotters for sale. You can easily buy AL Lad Blotters online of top quality from us available at the best prices. Order now!\",\"breadcrumb\":{\"@id\":\"https:\/\/legitgrams.com\/product\/al-lad-blotters\/#breadcrumb\"},\"inLanguage\":\"cs\",\"potentialAction\":[{\"@type\":\"ReadAction\",\"target\":[\"https:\/\/legitgrams.com\/product\/al-lad-blotters\/\"]}]},{\"@type\":\"ImageObject\",\"inLanguage\":\"cs\",\"@id\":\"https:\/\/legitgrams.com\/product\/al-lad-blotters\/#primaryimage\",\"url\":\"https:\/\/legitgrams.com\/wp-content\/uploads\/2024\/09\/Buy-Quality-AL-LAD-blotters-Cheap-Online.jpg\",\"contentUrl\":\"https:\/\/legitgrams.com\/wp-content\/uploads\/2024\/09\/Buy-Quality-AL-LAD-blotters-Cheap-Online.jpg\",\"width\":600,\"height\":600,\"caption\":\"Al Ld Blotters Cheap for Sale\"},{\"@type\":\"BreadcrumbList\",\"@id\":\"https:\/\/legitgrams.com\/product\/al-lad-blotters\/#breadcrumb\",\"itemListElement\":[{\"@type\":\"ListItem\",\"position\":1,\"name\":\"Home\",\"item\":\"https:\/\/legitgrams.com\/\"},{\"@type\":\"ListItem\",\"position\":2,\"name\":\"Shop\",\"item\":\"https:\/\/legitgrams.com\/shop\/\"},{\"@type\":\"ListItem\",\"position\":3,\"name\":\"Buy AL Lad Blotters Online\"}]},{\"@type\":\"WebSite\",\"@id\":\"https:\/\/legitgrams.com\/#website\",\"url\":\"https:\/\/legitgrams.com\/\",\"name\":\"Legit Grams\",\"description\":\"My WordPress Blog\",\"publisher\":{\"@id\":\"https:\/\/legitgrams.com\/#organization\"},\"potentialAction\":[{\"@type\":\"SearchAction\",\"target\":{\"@type\":\"EntryPoint\",\"urlTemplate\":\"https:\/\/legitgrams.com\/?s={search_term_string}\"},\"query-input\":{\"@type\":\"PropertyValueSpecification\",\"valueRequired\":true,\"valueName\":\"search_term_string\"}}],\"inLanguage\":\"cs\"},{\"@type\":\"Organization\",\"@id\":\"https:\/\/legitgrams.com\/#organization\",\"name\":\"Legit Grams\",\"url\":\"https:\/\/legitgrams.com\/\",\"logo\":{\"@type\":\"ImageObject\",\"inLanguage\":\"cs\",\"@id\":\"https:\/\/legitgrams.com\/#\/schema\/logo\/image\/\",\"url\":\"https:\/\/legitgrams.com\/wp-content\/uploads\/2024\/09\/main-logo.png\",\"contentUrl\":\"https:\/\/legitgrams.com\/wp-content\/uploads\/2024\/09\/main-logo.png\",\"width\":270,\"height\":75,\"caption\":\"Legit Grams\"},\"image\":{\"@id\":\"https:\/\/legitgrams.com\/#\/schema\/logo\/image\/\"}}]}<\/script>\n<!-- \/ Yoast SEO plugin. -->","yoast_head_json":{"title":"AL Lad Blotters na prodej - Koupit AL Lad Blotters online | LegitGrams","description":"V na\u0161em internetov\u00e9m obchod\u011b LegitGrams m\u00e1me na prodej AL Lad Blotters. U n\u00e1s si m\u016f\u017eete snadno koupit AL Lad Blotters online \u0161pi\u010dkov\u00e9 kvality za nejlep\u0161\u00ed ceny. Objedn\u00e1vejte nyn\u00ed!","robots":{"index":"index","follow":"follow","max-snippet":"max-snippet:-1","max-image-preview":"max-image-preview:large","max-video-preview":"max-video-preview:-1"},"canonical":"https:\/\/legitgrams.com\/cs\/produkt\/al-lad-blotters\/","og_locale":"cs_CZ","og_type":"article","og_title":"AL Lad Blotters for Sale - Buy AL Lad Blotters Online | LegitGrams","og_description":"At our LegitGrams online store, we have AL Lad Blotters for sale. You can easily buy AL Lad Blotters online of top quality from us available at the best prices. Order now!","og_url":"https:\/\/legitgrams.com\/cs\/produkt\/al-lad-blotters\/","og_site_name":"Legit Grams","article_modified_time":"2025-04-03T12:30:56+00:00","og_image":[{"width":600,"height":600,"url":"https:\/\/legitgrams.com\/wp-content\/uploads\/2024\/09\/Buy-Quality-AL-LAD-blotters-Cheap-Online.jpg","type":"image\/jpeg"}],"twitter_card":"summary_large_image","twitter_misc":{"Odhadovan\u00e1 doba \u010dten\u00ed":"3 minuty"},"schema":{"@context":"https:\/\/schema.org","@graph":[{"@type":"WebPage","@id":"https:\/\/legitgrams.com\/product\/al-lad-blotters\/","url":"https:\/\/legitgrams.com\/product\/al-lad-blotters\/","name":"AL Lad Blotters na prodej - Koupit AL Lad Blotters online | LegitGrams","isPartOf":{"@id":"https:\/\/legitgrams.com\/#website"},"primaryImageOfPage":{"@id":"https:\/\/legitgrams.com\/product\/al-lad-blotters\/#primaryimage"},"image":{"@id":"https:\/\/legitgrams.com\/product\/al-lad-blotters\/#primaryimage"},"thumbnailUrl":"https:\/\/legitgrams.com\/wp-content\/uploads\/2024\/09\/Buy-Quality-AL-LAD-blotters-Cheap-Online.jpg","datePublished":"2024-09-22T05:22:44+00:00","dateModified":"2025-04-03T12:30:56+00:00","description":"V na\u0161em internetov\u00e9m obchod\u011b LegitGrams m\u00e1me na prodej AL Lad Blotters. U n\u00e1s si m\u016f\u017eete snadno koupit AL Lad Blotters online \u0161pi\u010dkov\u00e9 kvality za nejlep\u0161\u00ed ceny. Objedn\u00e1vejte nyn\u00ed!","breadcrumb":{"@id":"https:\/\/legitgrams.com\/product\/al-lad-blotters\/#breadcrumb"},"inLanguage":"cs","potentialAction":[{"@type":"ReadAction","target":["https:\/\/legitgrams.com\/product\/al-lad-blotters\/"]}]},{"@type":"ImageObject","inLanguage":"cs","@id":"https:\/\/legitgrams.com\/product\/al-lad-blotters\/#primaryimage","url":"https:\/\/legitgrams.com\/wp-content\/uploads\/2024\/09\/Buy-Quality-AL-LAD-blotters-Cheap-Online.jpg","contentUrl":"https:\/\/legitgrams.com\/wp-content\/uploads\/2024\/09\/Buy-Quality-AL-LAD-blotters-Cheap-Online.jpg","width":600,"height":600,"caption":"Al Ld Blotters Cheap for Sale"},{"@type":"BreadcrumbList","@id":"https:\/\/legitgrams.com\/product\/al-lad-blotters\/#breadcrumb","itemListElement":[{"@type":"ListItem","position":1,"name":"Home","item":"https:\/\/legitgrams.com\/"},{"@type":"ListItem","position":2,"name":"Shop","item":"https:\/\/legitgrams.com\/shop\/"},{"@type":"ListItem","position":3,"name":"Buy AL Lad Blotters Online"}]},{"@type":"WebSite","@id":"https:\/\/legitgrams.com\/#website","url":"https:\/\/legitgrams.com\/","name":"Leg\u00e1ln\u00ed gramy","description":"M\u016fj blog WordPress","publisher":{"@id":"https:\/\/legitgrams.com\/#organization"},"potentialAction":[{"@type":"SearchAction","target":{"@type":"EntryPoint","urlTemplate":"https:\/\/legitgrams.com\/?s={search_term_string}"},"query-input":{"@type":"PropertyValueSpecification","valueRequired":true,"valueName":"search_term_string"}}],"inLanguage":"cs"},{"@type":"Organization","@id":"https:\/\/legitgrams.com\/#organization","name":"Leg\u00e1ln\u00ed gramy","url":"https:\/\/legitgrams.com\/","logo":{"@type":"ImageObject","inLanguage":"cs","@id":"https:\/\/legitgrams.com\/#\/schema\/logo\/image\/","url":"https:\/\/legitgrams.com\/wp-content\/uploads\/2024\/09\/main-logo.png","contentUrl":"https:\/\/legitgrams.com\/wp-content\/uploads\/2024\/09\/main-logo.png","width":270,"height":75,"caption":"Legit Grams"},"image":{"@id":"https:\/\/legitgrams.com\/#\/schema\/logo\/image\/"}}]}},"uagb_featured_image_src":{"full":["https:\/\/legitgrams.com\/wp-content\/uploads\/2024\/09\/Buy-Quality-AL-LAD-blotters-Cheap-Online.jpg",600,600,false],"thumbnail":["https:\/\/legitgrams.com\/wp-content\/uploads\/2024\/09\/Buy-Quality-AL-LAD-blotters-Cheap-Online-150x150.jpg",150,150,true],"medium":["https:\/\/legitgrams.com\/wp-content\/uploads\/2024\/09\/Buy-Quality-AL-LAD-blotters-Cheap-Online-300x300.jpg",300,300,true],"medium_large":["https:\/\/legitgrams.com\/wp-content\/uploads\/2024\/09\/Buy-Quality-AL-LAD-blotters-Cheap-Online.jpg",600,600,false],"large":["https:\/\/legitgrams.com\/wp-content\/uploads\/2024\/09\/Buy-Quality-AL-LAD-blotters-Cheap-Online.jpg",600,600,false],"1536x1536":["https:\/\/legitgrams.com\/wp-content\/uploads\/2024\/09\/Buy-Quality-AL-LAD-blotters-Cheap-Online.jpg",600,600,false],"2048x2048":["https:\/\/legitgrams.com\/wp-content\/uploads\/2024\/09\/Buy-Quality-AL-LAD-blotters-Cheap-Online.jpg",600,600,false],"trp-custom-language-flag":["https:\/\/legitgrams.com\/wp-content\/uploads\/2024\/09\/Buy-Quality-AL-LAD-blotters-Cheap-Online-12x12.jpg",12,12,true],"woocommerce_thumbnail":["https:\/\/legitgrams.com\/wp-content\/uploads\/2024\/09\/Buy-Quality-AL-LAD-blotters-Cheap-Online-300x300.jpg",300,300,true],"woocommerce_single":["https:\/\/legitgrams.com\/wp-content\/uploads\/2024\/09\/Buy-Quality-AL-LAD-blotters-Cheap-Online.jpg",600,600,false],"woocommerce_gallery_thumbnail":["https:\/\/legitgrams.com\/wp-content\/uploads\/2024\/09\/Buy-Quality-AL-LAD-blotters-Cheap-Online-100x100.jpg",100,100,true]},"uagb_author_info":{"display_name":"cokeblog18","author_link":"https:\/\/legitgrams.com\/cs\/author\/"},"uagb_comment_info":0,"uagb_excerpt":"Cheap Al Ld Blotters for Sale Get 150mcg of premium AL-LAD blotters online at a discounted price. AL-LAD: What Is It? 6-allyl-6-norLSD, also known as AL-LAD, is a psychedelic drug that is similar to lysergic acid diethylamide (LSD). When it was first synthesized in 1976, it gained favor as a remedy in the markets for&hellip;","_links":{"self":[{"href":"https:\/\/legitgrams.com\/cs\/wp-json\/wp\/v2\/product\/4211","targetHints":{"allow":["GET"]}}],"collection":[{"href":"https:\/\/legitgrams.com\/cs\/wp-json\/wp\/v2\/product"}],"about":[{"href":"https:\/\/legitgrams.com\/cs\/wp-json\/wp\/v2\/types\/product"}],"replies":[{"embeddable":true,"href":"https:\/\/legitgrams.com\/cs\/wp-json\/wp\/v2\/comments?post=4211"}],"wp:featuredmedia":[{"embeddable":true,"href":"https:\/\/legitgrams.com\/cs\/wp-json\/wp\/v2\/media\/5186"}],"wp:attachment":[{"href":"https:\/\/legitgrams.com\/cs\/wp-json\/wp\/v2\/media?parent=4211"}],"wp:term":[{"taxonomy":"product_brand","embeddable":true,"href":"https:\/\/legitgrams.com\/cs\/wp-json\/wp\/v2\/product_brand?post=4211"},{"taxonomy":"product_cat","embeddable":true,"href":"https:\/\/legitgrams.com\/cs\/wp-json\/wp\/v2\/product_cat?post=4211"},{"taxonomy":"product_tag","embeddable":true,"href":"https:\/\/legitgrams.com\/cs\/wp-json\/wp\/v2\/product_tag?post=4211"}],"curies":[{"name":"wp","href":"https:\/\/api.w.org\/{rel}","templated":true}]}}