{"id":4213,"date":"2024-09-22T05:40:13","date_gmt":"2024-09-22T05:40:13","guid":{"rendered":"https:\/\/legitgrams.com\/?post_type=product&#038;p=4213"},"modified":"2026-01-08T15:18:32","modified_gmt":"2026-01-08T15:18:32","slug":"metamfetaminove-pilulky","status":"publish","type":"product","link":"https:\/\/legitgrams.com\/cs\/produkt\/metamfetaminove-pilulky\/","title":{"rendered":"Crystal Meth Pills"},"content":{"rendered":"<h2>Crystal Meth pilulky na prodej online<\/h2>\n<p><a href=\"https:\/\/legitgrams.com\/cs\/produkt\/metamfetaminove-pilulky\/\">Krystalick\u00fd metamfetamin<\/a> je stimulant, kter\u00fd p\u0159\u00edmo ovliv\u0148uje centr\u00e1ln\u00ed nervov\u00fd syst\u00e9m lidsk\u00e9ho mozku. Je to vysoce n\u00e1vykov\u00e1 droga, kter\u00e1 m\u00e1 n\u011bkolik pozitivn\u00edch aplikac\u00ed. Tento stimulant je v seznamu syntetick\u00fdch stimulant\u016f.<\/p>\n<p>B\u011bhem druh\u00e9 sv\u011btov\u00e9 v\u00e1lky byla vyvinuta prvn\u00ed krystalick\u00e1 droga na podporu arm\u00e1dy. To bylo pak pou\u017eito k udr\u017een\u00ed bd\u011blosti a zm\u00edrn\u011bn\u00ed bolesti zp\u016fsoben\u00e9 kulkou. Nyn\u00ed je v\u0161ak \u010dasto pou\u017e\u00edv\u00e1n a stal se celosv\u011btov\u011b zn\u00e1m\u00fdm. V z\u00e1vislosti pouze na tom, co jejich t\u011blo vy\u017eaduje, lid\u00e9 jej u\u017e\u00edvaj\u00ed kou\u0159en\u00edm, chr\u00e1p\u00e1n\u00edm nebo p\u0159\u00edm\u00fdm vst\u0159ikov\u00e1n\u00edm.<\/p>\n<h3>Krystalick\u00fd pervitin vs metamfetamin<\/h3>\n<p>Jednou z mnoha v\u00fdhod krystalick\u00e9ho metanu je, \u017ee m\u016f\u017ee n\u011bkomu zvednout n\u00e1ladu, kdy\u017e se c\u00edt\u00ed na dn\u011b. kv\u016fli jeho probl\u00e9m\u016fm. D\u00edky t\u00e9to vlastnosti si za\u010d\u00edn\u00e1 z\u00edsk\u00e1vat oblibu v klubech a tane\u010dn\u00edch barech, kde jej z\u00e1kazn\u00edci vyu\u017e\u00edvaj\u00ed k odreagov\u00e1n\u00ed.<\/p>\n<p>Centr\u00e1ln\u00ed nervov\u00fd syst\u00e9m je stimulov\u00e1n krystalick\u00fdm pervitinem, kter\u00fd umo\u017e\u0148uje mozku p\u0159edstavit si \u0161\u0165astn\u00e9, typick\u00e9 prost\u0159ed\u00ed, ve kter\u00e9m se mu m\u016f\u017ee da\u0159it. To vysv\u011btluje, pro\u010d je \u010dasto zn\u00e1m\u00e1 jako droga na p\u00e1rty. <a href=\"https:\/\/legitgrams.com\/cs\/\">LegitGrams<\/a><\/p>\n<p>U\u017eivatel tohoto pro-droga se tak\u00e9 c\u00edt\u00ed velmi jist\u00fd, \u017ee m\u016f\u017ee p\u0159e\u017e\u00edt za jak\u00fdchkoli okolnost\u00ed. Pou\u017e\u00edvaj\u00ed ho tak\u00e9 ti, kte\u0159\u00ed lezli na vysok\u00e9 hory, aby zv\u00fd\u0161ili svou energetickou hladinu. Nav\u00edc jim krystalick\u00fd pervitin umo\u017e\u0148uje p\u0159e\u017e\u00edt v tak nebezpe\u010dn\u00fdch podm\u00ednk\u00e1ch.<\/p>\n<p><strong>U\u017e\u00edv\u00e1n\u00ed krystalick\u00e9ho pervitinu pro l\u00e9ka\u0159sk\u00e9 \u00fa\u010dely<\/strong><\/p>\n<p>Krom\u011b u\u017e\u00edv\u00e1n\u00ed krystalick\u00e9ho pervitinu pro osobn\u00ed pot\u0159ebu jej lid\u00e9 u\u017e\u00edvaj\u00ed tak\u00e9 v souladu s l\u00e9ka\u0159sk\u00fdmi pokyny. L\u00e9ka\u0159i p\u0159edepisuj\u00ed l\u00e9ky vyroben\u00e9 z krystalick\u00e9ho pervitinu.<\/p>\n<p>p\u0159i kontaktu s t\u011bmi, kte\u0159\u00ed jsou v depresi a pot\u0159ebuj\u00ed rychlou \u00falevu. Lid\u00e9 uv\u00e1d\u011bj\u00ed, \u017ee se po pou\u017eit\u00ed c\u00edt\u00ed neuv\u011b\u0159iteln\u011b uvoln\u011bn\u011b a nabit\u00ed energi\u00ed.<\/p>\n<p>P\u0159esto je pro \u010dlov\u011bka velmi prosp\u011b\u0161n\u00fdm prol\u00e9kem. Nadm\u011brn\u00e9 nebo neregulovan\u00e9 u\u017e\u00edv\u00e1n\u00ed krystalick\u00e9ho pervitinu m\u00e1 v\u0161ak \u0159adu nev\u00fdhod. Krystalick\u00fd pervitin by se m\u011bl u\u017e\u00edvat jen z\u0159\u00eddka kv\u016fli jeho dlouhodob\u00fdm \u00fa\u010dink\u016fm na lidsk\u00fd organismus.<\/p>\n<p>V na\u0161em internetov\u00e9m obchod\u011b poskytujeme k\u0159i\u0161\u0165\u00e1lov\u00fd pervitin za neuv\u011b\u0159iteln\u011b dostupnou cenu spolu s rychl\u00fdm dod\u00e1n\u00edm produktu p\u0159\u00edmo k v\u00e1m dom\u016f.<\/p>\n<p>Kupte si krystalick\u00fd pervitin online a z\u00edskejte levn\u00fd ledov\u00fd pervitin.<\/p>\n<p>Z\u00edskejte zde levn\u00fd ledov\u00fd pervitin. Na\u0161e online recenze si m\u016f\u017eete p\u0159e\u010d\u00edst na adrese a mnoho lid\u00ed n\u00e1m dalo souhlas. prominentn\u00ed prodejci. V\u011bt\u0161ina na\u0161ich z\u00e1kazn\u00edk\u016f je spokojena. Krom\u011b pervitinu poskytujeme k online prodeji dal\u0161\u00ed narkotika, jako je heroin a kokain. Metamfetamin se obvykle prod\u00e1v\u00e1 jako b\u00edl\u00fd krystalick\u00fd pr\u00e1\u0161ek, kter\u00fd se rychle rozpou\u0161t\u00ed ve vod\u011b nebo alkoholu, nem\u00e1 chu\u0165 a z\u00e1pach.<\/p>\n<p>Vedlej\u0161\u00ed \u00fa\u010dinky Crystal Meth?<\/p>\n<p>Ztr\u00e1ta chuti k j\u00eddlu, zv\u00fd\u0161en\u00e1 t\u011blesn\u00e1 teplota, krevn\u00ed tlak, tepov\u00e1 frekvence a dilatace zornic, nepravideln\u00e9 sp\u00e1nkov\u00e9 vzorce, zvracen\u00ed, podivn\u00e9, nevyzpytateln\u00e9 a n\u011bkdy n\u00e1siln\u00e9 chov\u00e1n\u00ed, hyperexcitabilita, podr\u00e1\u017ed\u011bnost, halucinace, strach a nep\u0159\u00ed\u010detnost jsou n\u011bkter\u00e9 z vedlej\u0161\u00edch \u00fa\u010dink\u016f krystalick\u00fd pervitin. Nadm\u011brn\u00e9 d\u00e1vky mohou zp\u016fsobit z\u00e1chvaty, k\u0159e\u010de nebo dokonce smrt.<\/p>\n<p>Koupit <a href=\"https:\/\/en.wikipedia.org\/wiki\/Methamphetamine\">Krystalick\u00fd metamfetamin<\/a> Online \u2013 Koupit Crystal, Koupit Crystal Meth online, Koupit Crystal Pills online, Kde koupit Crystal Meth Pills: Online, dodavatel\u00e9, bezpe\u010dn\u00e9 doru\u010den\u00ed, USA, Kanada, Velk\u00e1 Brit\u00e1nie na prodej, kde z\u00edskat krystalov\u00e9 pervitinov\u00e9 pilulky online, pilulky na prodej a pilulky ke koupi Pilulky krystalov\u00e9ho pervitinu jsou st\u00e1le k dispozici. M\u016f\u017eete zjistit, zda jsou leg\u00e1ln\u00ed v Kanad\u011b, jak zadat internetovou objedn\u00e1vku a zda jsou leg\u00e1ln\u00ed ve Spojen\u00fdch st\u00e1tech.<\/p>","protected":false},"excerpt":{"rendered":"<p>Crystal Meth Pills for Sale Online Crystal meth is a stimulant that directly impacts the central nervous system of the human brain. It is a highly addictive drug that has several positive applications. This stimulant is in the list of synthetic stimulants. During World War II, the first crystal meth drug was developed to support &hellip;<\/p>\n<p class=\"read-more\"> <a class=\"\" href=\"https:\/\/legitgrams.com\/cs\/produkt\/metamfetaminove-pilulky\/\"> <span class=\"screen-reader-text\">Crystal Meth Pills<\/span> \u010c\u00edst d\u00e1l \"<\/a><\/p>","protected":false},"featured_media":5181,"comment_status":"open","ping_status":"closed","template":"","meta":{"_uag_custom_page_level_css":"","site-sidebar-layout":"default","site-content-layout":"default","ast-global-header-display":"","ast-main-header-display":"","ast-hfb-above-header-display":"","ast-hfb-below-header-display":"","ast-hfb-mobile-header-display":"","site-post-title":"","ast-breadcrumbs-content":"","ast-featured-img":"","footer-sml-layout":"","theme-transparent-header-meta":"default","adv-header-id-meta":"","stick-header-meta":"default","header-above-stick-meta":"","header-main-stick-meta":"","header-below-stick-meta":"","_joinchat":[]},"product_brand":[],"product_cat":[595],"product_tag":[2187,2177,617,2169,2184,2168,2172,2171,2179,2170,2182,2189,2190,2188,2180,2185,2181,2176,2174,2186,2183,625,2175,2178,2173],"class_list":{"0":"post-4213","1":"product","2":"type-product","3":"status-publish","4":"has-post-thumbnail","6":"product_cat-psychedelic-drugs","7":"product_tag-best-cheap-price-crystal-meth-pills","8":"product_tag-best-place-to-buy-crystal-meth-pills","9":"product_tag-bulk-online","10":"product_tag-buy-crystal-meth-pills","11":"product_tag-cheap-crystal-meth-pills","12":"product_tag-crystal-meth-pills","13":"product_tag-crystal-meth-pills-crystal-meth-pills-supplier","14":"product_tag-crystal-meth-pills-for-sale","15":"product_tag-crystal-meth-pills-legally","16":"product_tag-crystal-meth-pills-online","17":"product_tag-crystal-meth-pills-store","18":"product_tag-crystal-meth-pills-use","19":"product_tag-crystal-meth-pills-wiki","20":"product_tag-crystal-meth-pills-worldwide","21":"product_tag-crystal-meth-pillsprice","22":"product_tag-crystal-meth-pillss","23":"product_tag-high-quality-crystal-meth-pills","24":"product_tag-how-to-buy-crystal-meth-pills","25":"product_tag-order-crystal-meth-pills","26":"product_tag-purcharse-crystal-meth-pills","27":"product_tag-shop-crystal-meth-pills","28":"product_tag-top-quality","29":"product_tag-where-to-buy-crystal-meth-pills","30":"product_tag-where-to-order-crystal-meth-pills","31":"product_tag-wholesale-crystal-meth-pills","32":"desktop-align-left","33":"tablet-align-left","34":"mobile-align-left","35":"ast-product-gallery-layout-horizontal","36":"ast-product-gallery-with-no-image","37":"ast-product-single-variable","38":"ast-product-tabs-layout-horizontal","39":"ast-qv-on-image","41":"first","42":"instock","43":"shipping-taxable","44":"purchasable","45":"product-type-variable"},"yoast_head":"<!-- This site is optimized with the Yoast SEO plugin v25.9 - https:\/\/yoast.com\/wordpress\/plugins\/seo\/ -->\n<title>Crystal Meth Pills for Sale - Buy Crystal Meth Pills Online<\/title>\n<meta name=\"description\" content=\"Your requirement to buy Crystal Meth Pills online can be fulfilled at our online store as we have Crystal Meth Pills for sale here. Place your order and get affordable deals every day. Order Now!\" \/>\n<meta name=\"robots\" content=\"index, follow, max-snippet:-1, max-image-preview:large, max-video-preview:-1\" \/>\n<link rel=\"canonical\" href=\"https:\/\/legitgrams.com\/cs\/produkt\/metamfetaminove-pilulky\/\" \/>\n<meta property=\"og:locale\" content=\"cs_CZ\" \/>\n<meta property=\"og:type\" content=\"article\" \/>\n<meta property=\"og:title\" content=\"Crystal Meth Pills for Sale - Buy Crystal Meth Pills Online\" \/>\n<meta property=\"og:description\" content=\"Your requirement to buy Crystal Meth Pills online can be fulfilled at our online store as we have Crystal Meth Pills for sale here. Place your order and get affordable deals every day. Order Now!\" \/>\n<meta property=\"og:url\" content=\"https:\/\/legitgrams.com\/cs\/produkt\/metamfetaminove-pilulky\/\" \/>\n<meta property=\"og:site_name\" content=\"Legit Grams\" \/>\n<meta property=\"article:modified_time\" content=\"2026-01-08T15:18:32+00:00\" \/>\n<meta property=\"og:image\" content=\"https:\/\/legitgrams.com\/wp-content\/uploads\/2024\/09\/crystal-meth-online.jpg\" \/>\n\t<meta property=\"og:image:width\" content=\"600\" \/>\n\t<meta property=\"og:image:height\" content=\"600\" \/>\n\t<meta property=\"og:image:type\" content=\"image\/jpeg\" \/>\n<meta name=\"twitter:card\" content=\"summary_large_image\" \/>\n<meta name=\"twitter:label1\" content=\"Odhadovan\u00e1 doba \u010dten\u00ed\" \/>\n\t<meta name=\"twitter:data1\" content=\"3 minuty\" \/>\n<script type=\"application\/ld+json\" class=\"yoast-schema-graph\">{\"@context\":\"https:\/\/schema.org\",\"@graph\":[{\"@type\":\"WebPage\",\"@id\":\"https:\/\/legitgrams.com\/product\/crystal-meth-pills\/\",\"url\":\"https:\/\/legitgrams.com\/product\/crystal-meth-pills\/\",\"name\":\"Crystal Meth Pills for Sale - Buy Crystal Meth Pills Online\",\"isPartOf\":{\"@id\":\"https:\/\/legitgrams.com\/#website\"},\"primaryImageOfPage\":{\"@id\":\"https:\/\/legitgrams.com\/product\/crystal-meth-pills\/#primaryimage\"},\"image\":{\"@id\":\"https:\/\/legitgrams.com\/product\/crystal-meth-pills\/#primaryimage\"},\"thumbnailUrl\":\"https:\/\/legitgrams.com\/wp-content\/uploads\/2024\/09\/crystal-meth-online.jpg\",\"datePublished\":\"2024-09-22T05:40:13+00:00\",\"dateModified\":\"2026-01-08T15:18:32+00:00\",\"description\":\"Your requirement to buy Crystal Meth Pills online can be fulfilled at our online store as we have Crystal Meth Pills for sale here. Place your order and get affordable deals every day. Order Now!\",\"breadcrumb\":{\"@id\":\"https:\/\/legitgrams.com\/product\/crystal-meth-pills\/#breadcrumb\"},\"inLanguage\":\"cs\",\"potentialAction\":[{\"@type\":\"ReadAction\",\"target\":[\"https:\/\/legitgrams.com\/product\/crystal-meth-pills\/\"]}]},{\"@type\":\"ImageObject\",\"inLanguage\":\"cs\",\"@id\":\"https:\/\/legitgrams.com\/product\/crystal-meth-pills\/#primaryimage\",\"url\":\"https:\/\/legitgrams.com\/wp-content\/uploads\/2024\/09\/crystal-meth-online.jpg\",\"contentUrl\":\"https:\/\/legitgrams.com\/wp-content\/uploads\/2024\/09\/crystal-meth-online.jpg\",\"width\":600,\"height\":600,\"caption\":\"Crystal Meth Online Pills for sale\"},{\"@type\":\"BreadcrumbList\",\"@id\":\"https:\/\/legitgrams.com\/product\/crystal-meth-pills\/#breadcrumb\",\"itemListElement\":[{\"@type\":\"ListItem\",\"position\":1,\"name\":\"Home\",\"item\":\"https:\/\/legitgrams.com\/\"},{\"@type\":\"ListItem\",\"position\":2,\"name\":\"Shop\",\"item\":\"https:\/\/legitgrams.com\/shop\/\"},{\"@type\":\"ListItem\",\"position\":3,\"name\":\"Crystal Meth Pills\"}]},{\"@type\":\"WebSite\",\"@id\":\"https:\/\/legitgrams.com\/#website\",\"url\":\"https:\/\/legitgrams.com\/\",\"name\":\"Legit Grams\",\"description\":\"My WordPress Blog\",\"publisher\":{\"@id\":\"https:\/\/legitgrams.com\/#organization\"},\"potentialAction\":[{\"@type\":\"SearchAction\",\"target\":{\"@type\":\"EntryPoint\",\"urlTemplate\":\"https:\/\/legitgrams.com\/?s={search_term_string}\"},\"query-input\":{\"@type\":\"PropertyValueSpecification\",\"valueRequired\":true,\"valueName\":\"search_term_string\"}}],\"inLanguage\":\"cs\"},{\"@type\":\"Organization\",\"@id\":\"https:\/\/legitgrams.com\/#organization\",\"name\":\"Legit Grams\",\"url\":\"https:\/\/legitgrams.com\/\",\"logo\":{\"@type\":\"ImageObject\",\"inLanguage\":\"cs\",\"@id\":\"https:\/\/legitgrams.com\/#\/schema\/logo\/image\/\",\"url\":\"https:\/\/legitgrams.com\/wp-content\/uploads\/2024\/09\/main-logo.png\",\"contentUrl\":\"https:\/\/legitgrams.com\/wp-content\/uploads\/2024\/09\/main-logo.png\",\"width\":270,\"height\":75,\"caption\":\"Legit Grams\"},\"image\":{\"@id\":\"https:\/\/legitgrams.com\/#\/schema\/logo\/image\/\"}}]}<\/script>\n<!-- \/ Yoast SEO plugin. -->","yoast_head_json":{"title":"Crystal Meth Pills na prodej - Koupit Crystal Meth Pills Online","description":"V\u00e1\u0161 po\u017eadavek na n\u00e1kup Crystal Meth Pills online m\u016f\u017ee b\u00fdt spln\u011bn v na\u0161em internetov\u00e9m obchod\u011b, proto\u017ee zde m\u00e1me Crystal Meth Pills na prodej. Objednejte si a z\u00edskejte cenov\u011b dostupn\u00e9 nab\u00eddky ka\u017ed\u00fd den. Objednejte si nyn\u00ed!","robots":{"index":"index","follow":"follow","max-snippet":"max-snippet:-1","max-image-preview":"max-image-preview:large","max-video-preview":"max-video-preview:-1"},"canonical":"https:\/\/legitgrams.com\/cs\/produkt\/metamfetaminove-pilulky\/","og_locale":"cs_CZ","og_type":"article","og_title":"Crystal Meth Pills for Sale - Buy Crystal Meth Pills Online","og_description":"Your requirement to buy Crystal Meth Pills online can be fulfilled at our online store as we have Crystal Meth Pills for sale here. Place your order and get affordable deals every day. Order Now!","og_url":"https:\/\/legitgrams.com\/cs\/produkt\/metamfetaminove-pilulky\/","og_site_name":"Legit Grams","article_modified_time":"2026-01-08T15:18:32+00:00","og_image":[{"width":600,"height":600,"url":"https:\/\/legitgrams.com\/wp-content\/uploads\/2024\/09\/crystal-meth-online.jpg","type":"image\/jpeg"}],"twitter_card":"summary_large_image","twitter_misc":{"Odhadovan\u00e1 doba \u010dten\u00ed":"3 minuty"},"schema":{"@context":"https:\/\/schema.org","@graph":[{"@type":"WebPage","@id":"https:\/\/legitgrams.com\/product\/crystal-meth-pills\/","url":"https:\/\/legitgrams.com\/product\/crystal-meth-pills\/","name":"Crystal Meth Pills na prodej - Koupit Crystal Meth Pills Online","isPartOf":{"@id":"https:\/\/legitgrams.com\/#website"},"primaryImageOfPage":{"@id":"https:\/\/legitgrams.com\/product\/crystal-meth-pills\/#primaryimage"},"image":{"@id":"https:\/\/legitgrams.com\/product\/crystal-meth-pills\/#primaryimage"},"thumbnailUrl":"https:\/\/legitgrams.com\/wp-content\/uploads\/2024\/09\/crystal-meth-online.jpg","datePublished":"2024-09-22T05:40:13+00:00","dateModified":"2026-01-08T15:18:32+00:00","description":"V\u00e1\u0161 po\u017eadavek na n\u00e1kup Crystal Meth Pills online m\u016f\u017ee b\u00fdt spln\u011bn v na\u0161em internetov\u00e9m obchod\u011b, proto\u017ee zde m\u00e1me Crystal Meth Pills na prodej. Objednejte si a z\u00edskejte cenov\u011b dostupn\u00e9 nab\u00eddky ka\u017ed\u00fd den. Objednejte si nyn\u00ed!","breadcrumb":{"@id":"https:\/\/legitgrams.com\/product\/crystal-meth-pills\/#breadcrumb"},"inLanguage":"cs","potentialAction":[{"@type":"ReadAction","target":["https:\/\/legitgrams.com\/product\/crystal-meth-pills\/"]}]},{"@type":"ImageObject","inLanguage":"cs","@id":"https:\/\/legitgrams.com\/product\/crystal-meth-pills\/#primaryimage","url":"https:\/\/legitgrams.com\/wp-content\/uploads\/2024\/09\/crystal-meth-online.jpg","contentUrl":"https:\/\/legitgrams.com\/wp-content\/uploads\/2024\/09\/crystal-meth-online.jpg","width":600,"height":600,"caption":"Crystal Meth Online Pills for sale"},{"@type":"BreadcrumbList","@id":"https:\/\/legitgrams.com\/product\/crystal-meth-pills\/#breadcrumb","itemListElement":[{"@type":"ListItem","position":1,"name":"Home","item":"https:\/\/legitgrams.com\/"},{"@type":"ListItem","position":2,"name":"Shop","item":"https:\/\/legitgrams.com\/shop\/"},{"@type":"ListItem","position":3,"name":"Crystal Meth Pills"}]},{"@type":"WebSite","@id":"https:\/\/legitgrams.com\/#website","url":"https:\/\/legitgrams.com\/","name":"Leg\u00e1ln\u00ed gramy","description":"M\u016fj blog WordPress","publisher":{"@id":"https:\/\/legitgrams.com\/#organization"},"potentialAction":[{"@type":"SearchAction","target":{"@type":"EntryPoint","urlTemplate":"https:\/\/legitgrams.com\/?s={search_term_string}"},"query-input":{"@type":"PropertyValueSpecification","valueRequired":true,"valueName":"search_term_string"}}],"inLanguage":"cs"},{"@type":"Organization","@id":"https:\/\/legitgrams.com\/#organization","name":"Leg\u00e1ln\u00ed gramy","url":"https:\/\/legitgrams.com\/","logo":{"@type":"ImageObject","inLanguage":"cs","@id":"https:\/\/legitgrams.com\/#\/schema\/logo\/image\/","url":"https:\/\/legitgrams.com\/wp-content\/uploads\/2024\/09\/main-logo.png","contentUrl":"https:\/\/legitgrams.com\/wp-content\/uploads\/2024\/09\/main-logo.png","width":270,"height":75,"caption":"Legit Grams"},"image":{"@id":"https:\/\/legitgrams.com\/#\/schema\/logo\/image\/"}}]}},"uagb_featured_image_src":{"full":["https:\/\/legitgrams.com\/wp-content\/uploads\/2024\/09\/crystal-meth-online.jpg",600,600,false],"thumbnail":["https:\/\/legitgrams.com\/wp-content\/uploads\/2024\/09\/crystal-meth-online-150x150.jpg",150,150,true],"medium":["https:\/\/legitgrams.com\/wp-content\/uploads\/2024\/09\/crystal-meth-online-300x300.jpg",300,300,true],"medium_large":["https:\/\/legitgrams.com\/wp-content\/uploads\/2024\/09\/crystal-meth-online.jpg",600,600,false],"large":["https:\/\/legitgrams.com\/wp-content\/uploads\/2024\/09\/crystal-meth-online.jpg",600,600,false],"1536x1536":["https:\/\/legitgrams.com\/wp-content\/uploads\/2024\/09\/crystal-meth-online.jpg",600,600,false],"2048x2048":["https:\/\/legitgrams.com\/wp-content\/uploads\/2024\/09\/crystal-meth-online.jpg",600,600,false],"trp-custom-language-flag":["https:\/\/legitgrams.com\/wp-content\/uploads\/2024\/09\/crystal-meth-online-12x12.jpg",12,12,true],"woocommerce_thumbnail":["https:\/\/legitgrams.com\/wp-content\/uploads\/2024\/09\/crystal-meth-online-300x300.jpg",300,300,true],"woocommerce_single":["https:\/\/legitgrams.com\/wp-content\/uploads\/2024\/09\/crystal-meth-online.jpg",600,600,false],"woocommerce_gallery_thumbnail":["https:\/\/legitgrams.com\/wp-content\/uploads\/2024\/09\/crystal-meth-online-100x100.jpg",100,100,true]},"uagb_author_info":{"display_name":"cokeblog18","author_link":"https:\/\/legitgrams.com\/cs\/author\/"},"uagb_comment_info":2,"uagb_excerpt":"Crystal Meth Pills for Sale Online Crystal meth is a stimulant that directly impacts the central nervous system of the human brain. It is a highly addictive drug that has several positive applications. This stimulant is in the list of synthetic stimulants. During World War II, the first crystal meth drug was developed to support&hellip;","_links":{"self":[{"href":"https:\/\/legitgrams.com\/cs\/wp-json\/wp\/v2\/product\/4213","targetHints":{"allow":["GET"]}}],"collection":[{"href":"https:\/\/legitgrams.com\/cs\/wp-json\/wp\/v2\/product"}],"about":[{"href":"https:\/\/legitgrams.com\/cs\/wp-json\/wp\/v2\/types\/product"}],"replies":[{"embeddable":true,"href":"https:\/\/legitgrams.com\/cs\/wp-json\/wp\/v2\/comments?post=4213"}],"wp:featuredmedia":[{"embeddable":true,"href":"https:\/\/legitgrams.com\/cs\/wp-json\/wp\/v2\/media\/5181"}],"wp:attachment":[{"href":"https:\/\/legitgrams.com\/cs\/wp-json\/wp\/v2\/media?parent=4213"}],"wp:term":[{"taxonomy":"product_brand","embeddable":true,"href":"https:\/\/legitgrams.com\/cs\/wp-json\/wp\/v2\/product_brand?post=4213"},{"taxonomy":"product_cat","embeddable":true,"href":"https:\/\/legitgrams.com\/cs\/wp-json\/wp\/v2\/product_cat?post=4213"},{"taxonomy":"product_tag","embeddable":true,"href":"https:\/\/legitgrams.com\/cs\/wp-json\/wp\/v2\/product_tag?post=4213"}],"curies":[{"name":"wp","href":"https:\/\/api.w.org\/{rel}","templated":true}]}}