{"id":4214,"date":"2024-09-22T05:41:53","date_gmt":"2024-09-22T05:41:53","guid":{"rendered":"https:\/\/legitgrams.com\/?post_type=product&#038;p=4214"},"modified":"2025-04-03T11:28:24","modified_gmt":"2025-04-03T11:28:24","slug":"levne-tekute-lsd","status":"publish","type":"product","link":"https:\/\/legitgrams.com\/cs\/produkt\/levne-tekute-lsd\/","title":{"rendered":"Koupit levn\u00e9 Tekut\u00e9 LSD online"},"content":{"rendered":"<h2>N\u00edzkon\u00e1kladov\u00e9 tekut\u00e9 LSD k n\u00e1kupu<\/h2>\n<p>Acid je odr\u016fda pojmenovan\u00e1 po trochu siln\u011bj\u0161\u00edm narkotiku, podobn\u011b jako <a href=\"https:\/\/www.bing.com\/search?q=KuptesilevntekutLSDonline&amp;qs=n&amp;form=QBRE&amp;sp=-1&amp;lq=0&amp;pq=kuptesilevntekutlsdonline&amp;sc=0-32&amp;sk=&amp;cvid=7C01EE7A626145B3B1CC6D3B654E33B0&amp;ghsh=0&amp;ghacc=0&amp;ghpl=\">Zelen\u00e1 trhlina<\/a> (which is not to be confused with <a href=\"https:\/\/en.wikipedia.org\/wiki\/LSD\">LSD<\/a>). Kdy\u017e vezmeme v \u00favahu v\u0161echny okolnosti, Acid je siln\u00e1 a nab\u00edz\u00ed jak matouc\u00ed v\u016fni, tak vyv\u00e1\u017een\u00e9 \u00fa\u010dinky. Kyselina je vyrobena z genetiky nejobl\u00edben\u011bj\u0161\u00edho newyorsk\u00e9ho Sour Diesel v t\u00e9to oblasti a vyr\u00e1b\u00ed ji Paradise Seeds, stejn\u00e1 firma, kter\u00e1 n\u00e1m dala Delahaze a Sensi Star. D\u00edky sv\u00e9 p\u0159ita\u017elivosti se um\u00edstila na t\u0159et\u00edm m\u00edst\u011b v kategorii Nejlep\u0161\u00ed kv\u011btina p\u011bstovan\u00e1 uvnit\u0159 ve \u0161pan\u011blsk\u00e9m Copa THC Valencia 2016. Podle odhad\u016f obsahuje \u017d\u00edrav\u00fd mezi 16 % a 23 % THC.<\/p>\n<p>\u017d\u00edrav\u00fd osl\u0148uje odhadovan\u00fdmi kv\u011bty, kter\u00e9 se pohybuj\u00ed ve velikostech od st\u0159edn\u00edch a\u017e po obrovsk\u00e9, a zachov\u00e1vaj\u00ed si \u010dlenitou r\u00fd\u010dovou strukturu, jako miniaturn\u00ed verze typick\u00fdch v\u00e1no\u010dn\u00edch stromk\u016f, kter\u00e9 se ze \u0161irok\u00e9, zaoblen\u00e9 z\u00e1kladny se \u0161pi\u010datou \u0161pi\u010dkou utahuj\u00ed. Pevn\u00e1, tlust\u00e1 struktura t\u011bchto pupen\u016f jasn\u011b nazna\u010duje, \u017ee jde p\u0159edev\u0161\u00edm o indiku. Listy jsou protk\u00e1ny zemit\u011b zbarven\u00fdmi pest\u00edky a maj\u00ed p\u0159erostl\u00fd, matn\u011b zelen\u00fd t\u00f3n, zkroucen\u00fd t\u011bsn\u011b dovnit\u0159 sm\u011brem ke st\u0159edov\u00fdm stonk\u016fm. A kone\u010dn\u011b, vn\u011bj\u0161\u00ed a vnit\u0159n\u00ed povrchy Acidov\u00fdch kv\u011bt\u016f jsou pokryty leskl\u00fdmi b\u00edl\u00fdmi trichomy. Siln\u00fd \u00fa\u010dinek kyseliny je p\u0159ipisov\u00e1n t\u011bmto trichom\u016fm, kter\u00e9 tak\u00e9 velmi zt\u011b\u017euj\u00ed odd\u011blen\u00ed pupen\u016f bez procesoru.<\/p>\n<p>Acid nepochybn\u011b von\u00ed ve spr\u00e1vn\u00fd \u010das lehce kysele, s ostrou citrusovou p\u0159\u00edchut\u00ed. Nav\u00edc jsou zde pi\u017emov\u00e9, zemit\u00e9 podt\u00f3ny, kter\u00e9 p\u0159ipom\u00ednaj\u00ed lepkavou \u0161p\u00ednu a kadidlo. Odd\u011blov\u00e1n\u00ed nebo mlet\u00ed t\u011bchto statn\u00fdch pecek na po\u010dk\u00e1n\u00ed uvol\u0148uje zn\u00e1m\u00fd a agresivn\u00ed mate\u0159sk\u00fd kmen New York Tannic, kter\u00fd je zdrojem kysel\u00e9 nafty. <a href=\"https:\/\/www.google.com\/search?q=Buy+Cheap+Liquid+LSD+Online&amp;num=10&amp;sca_esv=1a2a07081c7891bb&amp;rlz=1C1RXQR_enIN1098IN1098&amp;sxsrf=AHTn8zqh1zJy4rS6yMm0-ReR-8i-f2LMGg%3A1741771896069&amp;ei=eFTRZ8r2A8zE4-EPhLbS6Ac&amp;ved=0ahUKEwjKkpT5nYSMAxVM4jgGHQSbFH0Q4dUDCBA&amp;uact=5&amp;oq=Buy+Cheap+Liquid+LSD+Online&amp;gs_lp=Egxnd3Mtd2l6LXNlcnAiG0J1eSBDaGVhcCBMaXF1aWQgTFNEIE9ubGluZUjyBVCJA1iJA3ACeACQAQCYAfkBoAH5AaoBAzItMbgBA8gBAPgBAvgBAZgCAKACAJgDAIgGAZIHAKAHTw&amp;sclient=gws-wiz-serp\">Acid<\/a> vytv\u00e1\u0159\u00ed p\u0159\u00edjemn\u00fd, hladk\u00fd kou\u0159, kter\u00fd se snadno vdechuje, kdy\u017e se zap\u00e1l\u00ed v lince nebo ve spojce. Tento t\u011b\u017ek\u00fd kou\u0159 ztr\u00e1c\u00ed sv\u00e9 naftov\u00e9 a citronov\u00e9 t\u00f3ny, kdy\u017e je vydechov\u00e1n.<\/p>\n<p>Ku\u0159\u00e1k\u016fv dojem z jejich vn\u011bj\u0161\u00edch vylep\u0161en\u00ed je zkreslen postupn\u00fdm n\u00e1stupem koroze. N\u011bkter\u00e9 zvuky, jako by byly produkov\u00e1ny v dozvukov\u00e9 komo\u0159e, mohou b\u00fdt zes\u00edleny. V\u011bt\u0161\u00ed trakci m\u016f\u017ee z\u00edskat i z\u00e1\u0159iv\u00e9 osv\u011btlen\u00ed a v\u00fdrazn\u00e9 t\u00f3ny. Intenzivn\u011bj\u0161\u00ed psychedelick\u00e9 z\u00e1zraky, jako jsou vnit\u0159n\u00ed zvraty t\u011bla a hmatateln\u00fd pocit prodlou\u017een\u00ed \u010dasu, se za\u010dnou projevovat, kdy\u017e tyto hmatateln\u00e9 efekty vyvrchol\u00ed. Nakonec mohou ku\u0159\u00e1ci zaznamenat z\u00e1m\u011brnou v\u00e1hu obklopuj\u00edc\u00ed jejich lymfatick\u00e9 org\u00e1ny a sp\u00e1nky, stejn\u011b jako m\u00edrn\u00e9 zv\u00fd\u0161en\u00ed slin\u011bn\u00ed. Z t\u011bchto zimnic se tvo\u0159\u00ed vlny rozpl\u00e9t\u00e1n\u00ed, pohybuj\u00edc\u00ed se po z\u00e1dech a ven do st\u0159edu a kon\u010detin. I kdy\u017e tyto uklid\u0148uj\u00edc\u00ed \u00fa\u010dinky nemus\u00ed jedince \u00fapln\u011b znehybnit, mohou je povzbudit k odpo\u010dinku v co nejpohodln\u011bj\u0161\u00edm prost\u0159ed\u00ed.<\/p>\n<p>Dal\u0161\u00edm p\u0159\u00edznakem leptav\u00e9ho opojen\u00ed je ment\u00e1ln\u00ed stav, ve kter\u00e9m se ku\u0159\u00e1k m\u016f\u017ee p\u0159ipoutat k podivn\u00fdm n\u00e1pad\u016fm nebo my\u0161lenk\u00e1m a shled\u00e1vat je v\u00edce fascinuj\u00edc\u00edmi, ne\u017e ve skute\u010dnosti jsou. Takov\u00e9 my\u0161len\u00ed s otev\u0159enou mysl\u00ed m\u016f\u017ee b\u00fdt u\u017eite\u010dnou strategi\u00ed pro \u0159e\u0161en\u00ed ur\u010dit\u00fdch \u00fakol\u016f v pr\u00e1ci nebo pro vypracov\u00e1n\u00ed origin\u00e1ln\u00edch odpov\u011bd\u00ed na n\u00e1ro\u010dn\u00e9 ot\u00e1zky. Psychologick\u00e9 \u00fa\u010dinky kyseliny se postupem \u010dasu nebo jak se m\u011b\u0159en\u00ed prodlu\u017euj\u00ed, st\u00e1vaj\u00ed pozoruhodn\u011bj\u0161\u00edmi, ne\u017e jsou zjevn\u00e9, co\u017e neguje p\u0159edchoz\u00ed \u00fa\u010dinnost a je zbyte\u010dn\u00e9. Tento kmen si nejl\u00e9pe vychutn\u00e1te pozd\u011b ve\u010der nebo v noci, proto\u017ee jeho s\u00edla pomalu kles\u00e1. <a href=\"https:\/\/legitgrams.com\/cs\/\">LegitGrams<\/a><\/p>\n<p>Nakupujte LSD, kyselinu, tekut\u00e9 LSD 200 ug\/kapku, tekutou kyselinu LSD, obchod s tekut\u00fdm LSD, tekut\u00e9 LSD online a tekut\u00e9 LSD zbo\u017e\u00ed online.<\/p>\n<p><a href=\"https:\/\/legitgrams.com\/cs\/produkt\/levne-tekute-lsd\/\">N\u00e1kup levn\u00e9ho tekut\u00e9ho LSD<\/a> Online: Koupit LSD, koupit levn\u00e9 tekut\u00e9 LSD, koupit tekut\u00e9 LSD online, kde koupit levn\u00e9 LSD online, levn\u00e9 LSD na prodej a levn\u00e9 tekut\u00e9 LSD Kde koupit levn\u00e9 tekut\u00e9 LSD, levn\u00e9 tekut\u00e9 LSD na prodej v USA, Kanad\u011b a Velk\u00e9 Brit\u00e1nii, Koupit online, Dodavatel\u00e9, Bezpe\u010dn\u00e9 doru\u010den\u00ed, Jak objednat levn\u00e9 tekut\u00e9 LSD M\u00e1 levn\u00e9 tekut\u00e9 LSD v Kanad\u011b pr\u00e1vn\u00ed status? LSD leg\u00e1ln\u00ed ve Spojen\u00fdch st\u00e1tech, <a href=\"https:\/\/duckduckgo.com\/?q=Kupte+si+levn+tekut+LSD+online&amp;t=h_\">Koupit levn\u00e9 Tekut\u00e9 LSD online<\/a> ve Spojen\u00fdch st\u00e1tech.<\/p>","protected":false},"excerpt":{"rendered":"<p>Low-Cost Liquid LSD for Purchase Acid is a strain named after a little more potent narcotic, much like Green Crack (which is not to be confused with LSD). All things considered, Acid is strong, offering both a confusing smell and counterbalanced effects. Acid is made from the genetics of the most well-liked New York Sour &hellip;<\/p>\n<p class=\"read-more\"> <a class=\"\" href=\"https:\/\/legitgrams.com\/cs\/produkt\/levne-tekute-lsd\/\"> <span class=\"screen-reader-text\">Koupit levn\u00e9 Tekut\u00e9 LSD online<\/span> \u010c\u00edst d\u00e1l \"<\/a><\/p>","protected":false},"featured_media":5179,"comment_status":"open","ping_status":"closed","template":"","meta":{"_uag_custom_page_level_css":"","site-sidebar-layout":"default","site-content-layout":"default","ast-global-header-display":"","ast-main-header-display":"","ast-hfb-above-header-display":"","ast-hfb-below-header-display":"","ast-hfb-mobile-header-display":"","site-post-title":"","ast-breadcrumbs-content":"","ast-featured-img":"","footer-sml-layout":"","theme-transparent-header-meta":"default","adv-header-id-meta":"","stick-header-meta":"default","header-above-stick-meta":"","header-main-stick-meta":"","header-below-stick-meta":"","_joinchat":[]},"product_brand":[],"product_cat":[595],"product_tag":[2164,2154,617,2146,2161,2145,2149,2148,2156,2147,2159,2166,2167,2165,2157,2162,2158,2153,2151,2163,2160,625,2152,2155,2150],"class_list":{"0":"post-4214","1":"product","2":"type-product","3":"status-publish","4":"has-post-thumbnail","6":"product_cat-psychedelic-drugs","7":"product_tag-best-cheap-price-cheap-liquid-lsd","8":"product_tag-best-place-to-buy-cheap-liquid-lsd","9":"product_tag-bulk-online","10":"product_tag-buy-cheap-liquid-lsd","11":"product_tag-cheap-cheap-liquid-lsd","12":"product_tag-cheap-liquid-lsd","13":"product_tag-cheap-liquid-lsd-cheap-liquid-lsd-supplier","14":"product_tag-cheap-liquid-lsd-for-sale","15":"product_tag-cheap-liquid-lsd-legally","16":"product_tag-cheap-liquid-lsd-online","17":"product_tag-cheap-liquid-lsd-store","18":"product_tag-cheap-liquid-lsd-use","19":"product_tag-cheap-liquid-lsd-wiki","20":"product_tag-cheap-liquid-lsd-worldwide","21":"product_tag-cheap-liquid-lsdprice","22":"product_tag-cheap-liquid-lsds","23":"product_tag-high-quality-cheap-liquid-lsd","24":"product_tag-how-to-buy-cheap-liquid-lsd","25":"product_tag-order-cheap-liquid-lsd","26":"product_tag-purcharse-cheap-liquid-lsd","27":"product_tag-shop-cheap-liquid-lsd","28":"product_tag-top-quality","29":"product_tag-where-to-buy-cheap-liquid-lsd","30":"product_tag-where-to-order-cheap-liquid-lsd","31":"product_tag-wholesale-cheap-liquid-lsd","32":"desktop-align-left","33":"tablet-align-left","34":"mobile-align-left","35":"ast-product-gallery-layout-horizontal","36":"ast-product-gallery-with-no-image","37":"ast-product-single-variable","38":"ast-product-tabs-layout-horizontal","39":"ast-qv-on-image","41":"first","42":"instock","43":"shipping-taxable","44":"purchasable","45":"product-type-variable"},"yoast_head":"<!-- This site is optimized with the Yoast SEO plugin v25.9 - https:\/\/yoast.com\/wordpress\/plugins\/seo\/ -->\n<title>Liquid LSD for Sale - Buy Liquid LSD Online at Best Price<\/title>\n<meta name=\"description\" content=\"Looking to Buy Liquid LSD Online? Discover a seamless platform at our online store where you can buy Liquid LSD , ensuring top-grade quality for your research needs.\" \/>\n<meta name=\"robots\" content=\"index, follow, max-snippet:-1, max-image-preview:large, max-video-preview:-1\" \/>\n<link rel=\"canonical\" href=\"https:\/\/legitgrams.com\/cs\/produkt\/levne-tekute-lsd\/\" \/>\n<meta property=\"og:locale\" content=\"cs_CZ\" \/>\n<meta property=\"og:type\" content=\"article\" \/>\n<meta property=\"og:title\" content=\"Liquid LSD for Sale - Buy Liquid LSD Online at Best Price\" \/>\n<meta property=\"og:description\" content=\"Looking to Buy Liquid LSD Online? Discover a seamless platform at our online store where you can buy Liquid LSD , ensuring top-grade quality for your research needs.\" \/>\n<meta property=\"og:url\" content=\"https:\/\/legitgrams.com\/cs\/produkt\/levne-tekute-lsd\/\" \/>\n<meta property=\"og:site_name\" content=\"Legit Grams\" \/>\n<meta property=\"article:modified_time\" content=\"2025-04-03T11:28:24+00:00\" \/>\n<meta property=\"og:image\" content=\"https:\/\/legitgrams.com\/wp-content\/uploads\/2024\/09\/buy-cheap-liquid-lsd-online.jpg\" \/>\n\t<meta property=\"og:image:width\" content=\"600\" \/>\n\t<meta property=\"og:image:height\" content=\"600\" \/>\n\t<meta property=\"og:image:type\" content=\"image\/jpeg\" \/>\n<meta name=\"twitter:card\" content=\"summary_large_image\" \/>\n<meta name=\"twitter:label1\" content=\"Odhadovan\u00e1 doba \u010dten\u00ed\" \/>\n\t<meta name=\"twitter:data1\" content=\"3 minuty\" \/>\n<script type=\"application\/ld+json\" class=\"yoast-schema-graph\">{\"@context\":\"https:\/\/schema.org\",\"@graph\":[{\"@type\":\"WebPage\",\"@id\":\"https:\/\/legitgrams.com\/product\/cheap-liquid-lsd\/\",\"url\":\"https:\/\/legitgrams.com\/product\/cheap-liquid-lsd\/\",\"name\":\"Liquid LSD for Sale - Buy Liquid LSD Online at Best Price\",\"isPartOf\":{\"@id\":\"https:\/\/legitgrams.com\/#website\"},\"primaryImageOfPage\":{\"@id\":\"https:\/\/legitgrams.com\/product\/cheap-liquid-lsd\/#primaryimage\"},\"image\":{\"@id\":\"https:\/\/legitgrams.com\/product\/cheap-liquid-lsd\/#primaryimage\"},\"thumbnailUrl\":\"https:\/\/legitgrams.com\/wp-content\/uploads\/2024\/09\/buy-cheap-liquid-lsd-online.jpg\",\"datePublished\":\"2024-09-22T05:41:53+00:00\",\"dateModified\":\"2025-04-03T11:28:24+00:00\",\"description\":\"Looking to Buy Liquid LSD Online? Discover a seamless platform at our online store where you can buy Liquid LSD , ensuring top-grade quality for your research needs.\",\"breadcrumb\":{\"@id\":\"https:\/\/legitgrams.com\/product\/cheap-liquid-lsd\/#breadcrumb\"},\"inLanguage\":\"cs\",\"potentialAction\":[{\"@type\":\"ReadAction\",\"target\":[\"https:\/\/legitgrams.com\/product\/cheap-liquid-lsd\/\"]}]},{\"@type\":\"ImageObject\",\"inLanguage\":\"cs\",\"@id\":\"https:\/\/legitgrams.com\/product\/cheap-liquid-lsd\/#primaryimage\",\"url\":\"https:\/\/legitgrams.com\/wp-content\/uploads\/2024\/09\/buy-cheap-liquid-lsd-online.jpg\",\"contentUrl\":\"https:\/\/legitgrams.com\/wp-content\/uploads\/2024\/09\/buy-cheap-liquid-lsd-online.jpg\",\"width\":600,\"height\":600,\"caption\":\"Cheap Liquid LSD for Sale\"},{\"@type\":\"BreadcrumbList\",\"@id\":\"https:\/\/legitgrams.com\/product\/cheap-liquid-lsd\/#breadcrumb\",\"itemListElement\":[{\"@type\":\"ListItem\",\"position\":1,\"name\":\"Home\",\"item\":\"https:\/\/legitgrams.com\/\"},{\"@type\":\"ListItem\",\"position\":2,\"name\":\"Shop\",\"item\":\"https:\/\/legitgrams.com\/shop\/\"},{\"@type\":\"ListItem\",\"position\":3,\"name\":\"Buy Cheap Liquid LSD Online\"}]},{\"@type\":\"WebSite\",\"@id\":\"https:\/\/legitgrams.com\/#website\",\"url\":\"https:\/\/legitgrams.com\/\",\"name\":\"Legit Grams\",\"description\":\"My WordPress Blog\",\"publisher\":{\"@id\":\"https:\/\/legitgrams.com\/#organization\"},\"potentialAction\":[{\"@type\":\"SearchAction\",\"target\":{\"@type\":\"EntryPoint\",\"urlTemplate\":\"https:\/\/legitgrams.com\/?s={search_term_string}\"},\"query-input\":{\"@type\":\"PropertyValueSpecification\",\"valueRequired\":true,\"valueName\":\"search_term_string\"}}],\"inLanguage\":\"cs\"},{\"@type\":\"Organization\",\"@id\":\"https:\/\/legitgrams.com\/#organization\",\"name\":\"Legit Grams\",\"url\":\"https:\/\/legitgrams.com\/\",\"logo\":{\"@type\":\"ImageObject\",\"inLanguage\":\"cs\",\"@id\":\"https:\/\/legitgrams.com\/#\/schema\/logo\/image\/\",\"url\":\"https:\/\/legitgrams.com\/wp-content\/uploads\/2024\/09\/main-logo.png\",\"contentUrl\":\"https:\/\/legitgrams.com\/wp-content\/uploads\/2024\/09\/main-logo.png\",\"width\":270,\"height\":75,\"caption\":\"Legit Grams\"},\"image\":{\"@id\":\"https:\/\/legitgrams.com\/#\/schema\/logo\/image\/\"}}]}<\/script>\n<!-- \/ Yoast SEO plugin. -->","yoast_head_json":{"title":"Liquid LSD na prodej - Koupit Liquid LSD online za nejlep\u0161\u00ed cenu","description":"Chcete si koupit tekut\u00e9 LSD online? Objevte bezprobl\u00e9movou platformu v na\u0161em internetov\u00e9m obchod\u011b, kde si m\u016f\u017eete koupit Liquid LSD , co\u017e zaru\u010duje \u0161pi\u010dkovou kvalitu pro va\u0161e v\u00fdzkumn\u00e9 pot\u0159eby.","robots":{"index":"index","follow":"follow","max-snippet":"max-snippet:-1","max-image-preview":"max-image-preview:large","max-video-preview":"max-video-preview:-1"},"canonical":"https:\/\/legitgrams.com\/cs\/produkt\/levne-tekute-lsd\/","og_locale":"cs_CZ","og_type":"article","og_title":"Liquid LSD for Sale - Buy Liquid LSD Online at Best Price","og_description":"Looking to Buy Liquid LSD Online? Discover a seamless platform at our online store where you can buy Liquid LSD , ensuring top-grade quality for your research needs.","og_url":"https:\/\/legitgrams.com\/cs\/produkt\/levne-tekute-lsd\/","og_site_name":"Legit Grams","article_modified_time":"2025-04-03T11:28:24+00:00","og_image":[{"width":600,"height":600,"url":"https:\/\/legitgrams.com\/wp-content\/uploads\/2024\/09\/buy-cheap-liquid-lsd-online.jpg","type":"image\/jpeg"}],"twitter_card":"summary_large_image","twitter_misc":{"Odhadovan\u00e1 doba \u010dten\u00ed":"3 minuty"},"schema":{"@context":"https:\/\/schema.org","@graph":[{"@type":"WebPage","@id":"https:\/\/legitgrams.com\/product\/cheap-liquid-lsd\/","url":"https:\/\/legitgrams.com\/product\/cheap-liquid-lsd\/","name":"Liquid LSD na prodej - Koupit Liquid LSD online za nejlep\u0161\u00ed cenu","isPartOf":{"@id":"https:\/\/legitgrams.com\/#website"},"primaryImageOfPage":{"@id":"https:\/\/legitgrams.com\/product\/cheap-liquid-lsd\/#primaryimage"},"image":{"@id":"https:\/\/legitgrams.com\/product\/cheap-liquid-lsd\/#primaryimage"},"thumbnailUrl":"https:\/\/legitgrams.com\/wp-content\/uploads\/2024\/09\/buy-cheap-liquid-lsd-online.jpg","datePublished":"2024-09-22T05:41:53+00:00","dateModified":"2025-04-03T11:28:24+00:00","description":"Chcete si koupit tekut\u00e9 LSD online? Objevte bezprobl\u00e9movou platformu v na\u0161em internetov\u00e9m obchod\u011b, kde si m\u016f\u017eete koupit Liquid LSD , co\u017e zaru\u010duje \u0161pi\u010dkovou kvalitu pro va\u0161e v\u00fdzkumn\u00e9 pot\u0159eby.","breadcrumb":{"@id":"https:\/\/legitgrams.com\/product\/cheap-liquid-lsd\/#breadcrumb"},"inLanguage":"cs","potentialAction":[{"@type":"ReadAction","target":["https:\/\/legitgrams.com\/product\/cheap-liquid-lsd\/"]}]},{"@type":"ImageObject","inLanguage":"cs","@id":"https:\/\/legitgrams.com\/product\/cheap-liquid-lsd\/#primaryimage","url":"https:\/\/legitgrams.com\/wp-content\/uploads\/2024\/09\/buy-cheap-liquid-lsd-online.jpg","contentUrl":"https:\/\/legitgrams.com\/wp-content\/uploads\/2024\/09\/buy-cheap-liquid-lsd-online.jpg","width":600,"height":600,"caption":"Cheap Liquid LSD for Sale"},{"@type":"BreadcrumbList","@id":"https:\/\/legitgrams.com\/product\/cheap-liquid-lsd\/#breadcrumb","itemListElement":[{"@type":"ListItem","position":1,"name":"Home","item":"https:\/\/legitgrams.com\/"},{"@type":"ListItem","position":2,"name":"Shop","item":"https:\/\/legitgrams.com\/shop\/"},{"@type":"ListItem","position":3,"name":"Buy Cheap Liquid LSD Online"}]},{"@type":"WebSite","@id":"https:\/\/legitgrams.com\/#website","url":"https:\/\/legitgrams.com\/","name":"Leg\u00e1ln\u00ed gramy","description":"M\u016fj blog WordPress","publisher":{"@id":"https:\/\/legitgrams.com\/#organization"},"potentialAction":[{"@type":"SearchAction","target":{"@type":"EntryPoint","urlTemplate":"https:\/\/legitgrams.com\/?s={search_term_string}"},"query-input":{"@type":"PropertyValueSpecification","valueRequired":true,"valueName":"search_term_string"}}],"inLanguage":"cs"},{"@type":"Organization","@id":"https:\/\/legitgrams.com\/#organization","name":"Leg\u00e1ln\u00ed gramy","url":"https:\/\/legitgrams.com\/","logo":{"@type":"ImageObject","inLanguage":"cs","@id":"https:\/\/legitgrams.com\/#\/schema\/logo\/image\/","url":"https:\/\/legitgrams.com\/wp-content\/uploads\/2024\/09\/main-logo.png","contentUrl":"https:\/\/legitgrams.com\/wp-content\/uploads\/2024\/09\/main-logo.png","width":270,"height":75,"caption":"Legit Grams"},"image":{"@id":"https:\/\/legitgrams.com\/#\/schema\/logo\/image\/"}}]}},"uagb_featured_image_src":{"full":["https:\/\/legitgrams.com\/wp-content\/uploads\/2024\/09\/buy-cheap-liquid-lsd-online.jpg",600,600,false],"thumbnail":["https:\/\/legitgrams.com\/wp-content\/uploads\/2024\/09\/buy-cheap-liquid-lsd-online-150x150.jpg",150,150,true],"medium":["https:\/\/legitgrams.com\/wp-content\/uploads\/2024\/09\/buy-cheap-liquid-lsd-online-300x300.jpg",300,300,true],"medium_large":["https:\/\/legitgrams.com\/wp-content\/uploads\/2024\/09\/buy-cheap-liquid-lsd-online.jpg",600,600,false],"large":["https:\/\/legitgrams.com\/wp-content\/uploads\/2024\/09\/buy-cheap-liquid-lsd-online.jpg",600,600,false],"1536x1536":["https:\/\/legitgrams.com\/wp-content\/uploads\/2024\/09\/buy-cheap-liquid-lsd-online.jpg",600,600,false],"2048x2048":["https:\/\/legitgrams.com\/wp-content\/uploads\/2024\/09\/buy-cheap-liquid-lsd-online.jpg",600,600,false],"trp-custom-language-flag":["https:\/\/legitgrams.com\/wp-content\/uploads\/2024\/09\/buy-cheap-liquid-lsd-online-12x12.jpg",12,12,true],"woocommerce_thumbnail":["https:\/\/legitgrams.com\/wp-content\/uploads\/2024\/09\/buy-cheap-liquid-lsd-online-300x300.jpg",300,300,true],"woocommerce_single":["https:\/\/legitgrams.com\/wp-content\/uploads\/2024\/09\/buy-cheap-liquid-lsd-online.jpg",600,600,false],"woocommerce_gallery_thumbnail":["https:\/\/legitgrams.com\/wp-content\/uploads\/2024\/09\/buy-cheap-liquid-lsd-online-100x100.jpg",100,100,true]},"uagb_author_info":{"display_name":"cokeblog18","author_link":"https:\/\/legitgrams.com\/cs\/author\/"},"uagb_comment_info":0,"uagb_excerpt":"Low-Cost Liquid LSD for Purchase Acid is a strain named after a little more potent narcotic, much like Green Crack (which is not to be confused with LSD). All things considered, Acid is strong, offering both a confusing smell and counterbalanced effects. Acid is made from the genetics of the most well-liked New York Sour&hellip;","_links":{"self":[{"href":"https:\/\/legitgrams.com\/cs\/wp-json\/wp\/v2\/product\/4214","targetHints":{"allow":["GET"]}}],"collection":[{"href":"https:\/\/legitgrams.com\/cs\/wp-json\/wp\/v2\/product"}],"about":[{"href":"https:\/\/legitgrams.com\/cs\/wp-json\/wp\/v2\/types\/product"}],"replies":[{"embeddable":true,"href":"https:\/\/legitgrams.com\/cs\/wp-json\/wp\/v2\/comments?post=4214"}],"wp:featuredmedia":[{"embeddable":true,"href":"https:\/\/legitgrams.com\/cs\/wp-json\/wp\/v2\/media\/5179"}],"wp:attachment":[{"href":"https:\/\/legitgrams.com\/cs\/wp-json\/wp\/v2\/media?parent=4214"}],"wp:term":[{"taxonomy":"product_brand","embeddable":true,"href":"https:\/\/legitgrams.com\/cs\/wp-json\/wp\/v2\/product_brand?post=4214"},{"taxonomy":"product_cat","embeddable":true,"href":"https:\/\/legitgrams.com\/cs\/wp-json\/wp\/v2\/product_cat?post=4214"},{"taxonomy":"product_tag","embeddable":true,"href":"https:\/\/legitgrams.com\/cs\/wp-json\/wp\/v2\/product_tag?post=4214"}],"curies":[{"name":"wp","href":"https:\/\/api.w.org\/{rel}","templated":true}]}}