{"id":4215,"date":"2024-09-22T05:43:00","date_gmt":"2024-09-22T05:43:00","guid":{"rendered":"https:\/\/legitgrams.com\/?post_type=product&#038;p=4215"},"modified":"2025-01-14T07:11:19","modified_gmt":"2025-01-14T07:11:19","slug":"ketamin-hcl","status":"publish","type":"product","link":"https:\/\/legitgrams.com\/cs\/produkt\/ketamin-hcl\/","title":{"rendered":"Ketamin HCL"},"content":{"rendered":"<h2>Nakupujte ketamin HCL online za n\u00edzk\u00e9 ceny<\/h2>\n<p>Ti, kte\u0159\u00ed berou <a href=\"https:\/\/legitgrams.com\/cs\/produkt\/ketamin-hcl\/\">ketaminu<\/a> jsou okr\u00e1d\u00e1ni, obt\u011b\u017eov\u00e1ni, vystra\u0161eni nebo zran\u011bni, proto\u017ee jen m\u00e1lokdo si je v\u011bdom jeho \u201edisociativn\u00edch\u201c negativn\u00edch \u00fa\u010dink\u016f. P\u0159esto\u017ee dokon\u010den\u00ed trv\u00e1 jen 15 a\u017e 40 minut, K odd\u011bluje mysl od t\u011bla, tak\u017ee v tu chv\u00edli nen\u00ed mo\u017en\u00e9 c\u00edtit se bezpe\u010dn\u011b nebo m\u00edt kontrolu nad sv\u00fdm vlastn\u00edm t\u011blem. Je nemo\u017en\u00e9 b\u011bhat, chodit nebo se dokonce pohybovat; kter\u00e1koli z t\u011bchto \u010dinnost\u00ed by mohla b\u00fdt nebezpe\u010dn\u00e1 v p\u0159\u00edpad\u011b neo\u010dek\u00e1van\u011b obt\u00ed\u017en\u00e9 situace. Existuj\u00ed ur\u010dit\u00e9 podrobnosti, o kter\u00fdch byste si m\u011bli b\u00fdt v\u011bdomi, i kdy\u017e K u\u017e n\u011bjakou dobu pou\u017e\u00edv\u00e1te a mysl\u00edte si, \u017ee o n\u011bm v\u00edte v\u0161echno. Chcete-li se chr\u00e1nit a co nejl\u00e9pe vyu\u017e\u00edt sv\u016fj \u010das s K, dodr\u017eujte tyto tipy. Pod\u00edvejte se na tyto pokyny pro bezpe\u010dn\u011bj\u0161\u00ed cestov\u00e1n\u00ed po Koreji. Dal\u0161\u00ed podrobnosti t\u00fdkaj\u00edc\u00ed se <a href=\"https:\/\/en.wikipedia.org\/wiki\/Ketamine\">K<\/a>'z\u00e1zem\u00ed, drogov\u00e1 kultura, \u00fa\u010dinky jako droga atd. budou brzy p\u0159id\u00e1ny; nav\u0161tivte na\u0161i str\u00e1nku. <a href=\"https:\/\/legitgrams.com\/cs\/\">LegitGrams<\/a><\/p>\n<h2><\/h2>\n<p>&nbsp;<\/p>","protected":false},"excerpt":{"rendered":"<p>Purchase Ketamine HCL Online at Low Prices Those who take ketamine&#8217;s are robbed, molested, frightened, or hurt because few others are aware of its &#8220;dissociative&#8221; negative effects. Despite just taking 15 to 40 minutes to finish, K separates the mind from the body, making it impossible to feel safe or in control of your own &hellip;<\/p>\n<p class=\"read-more\"> <a class=\"\" href=\"https:\/\/legitgrams.com\/cs\/produkt\/ketamin-hcl\/\"> <span class=\"screen-reader-text\">Ketamin HCL<\/span> \u010c\u00edst d\u00e1l \"<\/a><\/p>","protected":false},"featured_media":5178,"comment_status":"open","ping_status":"closed","template":"","meta":{"_uag_custom_page_level_css":"","site-sidebar-layout":"default","site-content-layout":"default","ast-global-header-display":"","ast-main-header-display":"","ast-hfb-above-header-display":"","ast-hfb-below-header-display":"","ast-hfb-mobile-header-display":"","site-post-title":"","ast-breadcrumbs-content":"","ast-featured-img":"","footer-sml-layout":"","theme-transparent-header-meta":"default","adv-header-id-meta":"","stick-header-meta":"default","header-above-stick-meta":"","header-main-stick-meta":"","header-below-stick-meta":"","_joinchat":[]},"product_brand":[],"product_cat":[595],"product_tag":[2141,2131,617,2123,2138,2135,2130,2122,2125,2126,2133,2124,2136,2143,2144,2142,2134,2139,2128,2140,2137,625,2129,2132,2127],"class_list":{"0":"post-4215","1":"product","2":"type-product","3":"status-publish","4":"has-post-thumbnail","6":"product_cat-psychedelic-drugs","7":"product_tag-best-cheap-price-ketamine-hcl","8":"product_tag-best-place-to-buy-ketamine-hcl","9":"product_tag-bulk-online","10":"product_tag-buy-ketamine-hcl","11":"product_tag-cheap-ketamine-hcl","12":"product_tag-high-quality-ketamine-hcl","13":"product_tag-how-to-buy-ketamine-hcl","14":"product_tag-ketamine-hcl","15":"product_tag-ketamine-hcl-for-sale","16":"product_tag-ketamine-hcl-ketamine-hcl-supplier","17":"product_tag-ketamine-hcl-legally","18":"product_tag-ketamine-hcl-online","19":"product_tag-ketamine-hcl-store","20":"product_tag-ketamine-hcl-use","21":"product_tag-ketamine-hcl-wiki","22":"product_tag-ketamine-hcl-worldwide","23":"product_tag-ketamine-hclprice","24":"product_tag-ketamine-hcls","25":"product_tag-order-ketamine-hcl","26":"product_tag-purcharse-ketamine-hcl","27":"product_tag-shop-ketamine-hcl","28":"product_tag-top-quality","29":"product_tag-where-to-buy-ketamine-hcl","30":"product_tag-where-to-order-ketamine-hcl","31":"product_tag-wholesale-ketamine-hcl","32":"desktop-align-left","33":"tablet-align-left","34":"mobile-align-left","35":"ast-product-gallery-layout-horizontal","36":"ast-product-gallery-with-no-image","37":"ast-product-single-variable","38":"ast-product-tabs-layout-horizontal","39":"ast-qv-on-image","41":"first","42":"instock","43":"shipping-taxable","44":"purchasable","45":"product-type-variable"},"yoast_head":"<!-- This site is optimized with the Yoast SEO plugin v25.9 - https:\/\/yoast.com\/wordpress\/plugins\/seo\/ -->\n<title>Ketamine HCL for Sale - Buy Ketamine HCL Online | LegitGrams<\/title>\n<meta name=\"description\" content=\"Looking to buy Ketamine HCL online at a reasonable price? Visit our reputable Legitgrams online store and get Ketamine HCL for sale today. Place an order now!\" \/>\n<meta name=\"robots\" content=\"index, follow, max-snippet:-1, max-image-preview:large, max-video-preview:-1\" \/>\n<link rel=\"canonical\" href=\"https:\/\/legitgrams.com\/cs\/produkt\/ketamin-hcl\/\" \/>\n<meta property=\"og:locale\" content=\"cs_CZ\" \/>\n<meta property=\"og:type\" content=\"article\" \/>\n<meta property=\"og:title\" content=\"Ketamine HCL for Sale - Buy Ketamine HCL Online | LegitGrams\" \/>\n<meta property=\"og:description\" content=\"Looking to buy Ketamine HCL online at a reasonable price? Visit our reputable Legitgrams online store and get Ketamine HCL for sale today. Place an order now!\" \/>\n<meta property=\"og:url\" content=\"https:\/\/legitgrams.com\/cs\/produkt\/ketamin-hcl\/\" \/>\n<meta property=\"og:site_name\" content=\"Legit Grams\" \/>\n<meta property=\"article:modified_time\" content=\"2025-01-14T07:11:19+00:00\" \/>\n<meta property=\"og:image\" content=\"https:\/\/legitgrams.com\/wp-content\/uploads\/2024\/09\/ketaminel.jpg\" \/>\n\t<meta property=\"og:image:width\" content=\"600\" \/>\n\t<meta property=\"og:image:height\" content=\"600\" \/>\n\t<meta property=\"og:image:type\" content=\"image\/jpeg\" \/>\n<meta name=\"twitter:card\" content=\"summary_large_image\" \/>\n<meta name=\"twitter:label1\" content=\"Odhadovan\u00e1 doba \u010dten\u00ed\" \/>\n\t<meta name=\"twitter:data1\" content=\"1 minuta\" \/>\n<script type=\"application\/ld+json\" class=\"yoast-schema-graph\">{\"@context\":\"https:\/\/schema.org\",\"@graph\":[{\"@type\":\"WebPage\",\"@id\":\"https:\/\/legitgrams.com\/product\/ketamine-hcl\/\",\"url\":\"https:\/\/legitgrams.com\/product\/ketamine-hcl\/\",\"name\":\"Ketamine HCL for Sale - Buy Ketamine HCL Online | LegitGrams\",\"isPartOf\":{\"@id\":\"https:\/\/legitgrams.com\/#website\"},\"primaryImageOfPage\":{\"@id\":\"https:\/\/legitgrams.com\/product\/ketamine-hcl\/#primaryimage\"},\"image\":{\"@id\":\"https:\/\/legitgrams.com\/product\/ketamine-hcl\/#primaryimage\"},\"thumbnailUrl\":\"https:\/\/legitgrams.com\/wp-content\/uploads\/2024\/09\/ketaminel.jpg\",\"datePublished\":\"2024-09-22T05:43:00+00:00\",\"dateModified\":\"2025-01-14T07:11:19+00:00\",\"description\":\"Looking to buy Ketamine HCL online at a reasonable price? Visit our reputable Legitgrams online store and get Ketamine HCL for sale today. Place an order now!\",\"breadcrumb\":{\"@id\":\"https:\/\/legitgrams.com\/product\/ketamine-hcl\/#breadcrumb\"},\"inLanguage\":\"cs\",\"potentialAction\":[{\"@type\":\"ReadAction\",\"target\":[\"https:\/\/legitgrams.com\/product\/ketamine-hcl\/\"]}]},{\"@type\":\"ImageObject\",\"inLanguage\":\"cs\",\"@id\":\"https:\/\/legitgrams.com\/product\/ketamine-hcl\/#primaryimage\",\"url\":\"https:\/\/legitgrams.com\/wp-content\/uploads\/2024\/09\/ketaminel.jpg\",\"contentUrl\":\"https:\/\/legitgrams.com\/wp-content\/uploads\/2024\/09\/ketaminel.jpg\",\"width\":600,\"height\":600,\"caption\":\"Ketamine HCL for Sale\"},{\"@type\":\"BreadcrumbList\",\"@id\":\"https:\/\/legitgrams.com\/product\/ketamine-hcl\/#breadcrumb\",\"itemListElement\":[{\"@type\":\"ListItem\",\"position\":1,\"name\":\"Home\",\"item\":\"https:\/\/legitgrams.com\/\"},{\"@type\":\"ListItem\",\"position\":2,\"name\":\"Shop\",\"item\":\"https:\/\/legitgrams.com\/shop\/\"},{\"@type\":\"ListItem\",\"position\":3,\"name\":\"Ketamine HCL\"}]},{\"@type\":\"WebSite\",\"@id\":\"https:\/\/legitgrams.com\/#website\",\"url\":\"https:\/\/legitgrams.com\/\",\"name\":\"Legit Grams\",\"description\":\"My WordPress Blog\",\"publisher\":{\"@id\":\"https:\/\/legitgrams.com\/#organization\"},\"potentialAction\":[{\"@type\":\"SearchAction\",\"target\":{\"@type\":\"EntryPoint\",\"urlTemplate\":\"https:\/\/legitgrams.com\/?s={search_term_string}\"},\"query-input\":{\"@type\":\"PropertyValueSpecification\",\"valueRequired\":true,\"valueName\":\"search_term_string\"}}],\"inLanguage\":\"cs\"},{\"@type\":\"Organization\",\"@id\":\"https:\/\/legitgrams.com\/#organization\",\"name\":\"Legit Grams\",\"url\":\"https:\/\/legitgrams.com\/\",\"logo\":{\"@type\":\"ImageObject\",\"inLanguage\":\"cs\",\"@id\":\"https:\/\/legitgrams.com\/#\/schema\/logo\/image\/\",\"url\":\"https:\/\/legitgrams.com\/wp-content\/uploads\/2024\/09\/main-logo.png\",\"contentUrl\":\"https:\/\/legitgrams.com\/wp-content\/uploads\/2024\/09\/main-logo.png\",\"width\":270,\"height\":75,\"caption\":\"Legit Grams\"},\"image\":{\"@id\":\"https:\/\/legitgrams.com\/#\/schema\/logo\/image\/\"}}]}<\/script>\n<!-- \/ Yoast SEO plugin. -->","yoast_head_json":{"title":"Ketamin HCL na prodej - Koupit ketamin HCL online | LegitGrams","description":"Chcete si koupit Ketamin HCL online za rozumnou cenu? Nav\u0161tivte n\u00e1\u0161 renomovan\u00fd internetov\u00fd obchod Legitgrams a z\u00edskejte Ketamine HCL na prodej je\u0161t\u011b dnes. Objednejte si ho nyn\u00ed!","robots":{"index":"index","follow":"follow","max-snippet":"max-snippet:-1","max-image-preview":"max-image-preview:large","max-video-preview":"max-video-preview:-1"},"canonical":"https:\/\/legitgrams.com\/cs\/produkt\/ketamin-hcl\/","og_locale":"cs_CZ","og_type":"article","og_title":"Ketamine HCL for Sale - Buy Ketamine HCL Online | LegitGrams","og_description":"Looking to buy Ketamine HCL online at a reasonable price? Visit our reputable Legitgrams online store and get Ketamine HCL for sale today. Place an order now!","og_url":"https:\/\/legitgrams.com\/cs\/produkt\/ketamin-hcl\/","og_site_name":"Legit Grams","article_modified_time":"2025-01-14T07:11:19+00:00","og_image":[{"width":600,"height":600,"url":"https:\/\/legitgrams.com\/wp-content\/uploads\/2024\/09\/ketaminel.jpg","type":"image\/jpeg"}],"twitter_card":"summary_large_image","twitter_misc":{"Odhadovan\u00e1 doba \u010dten\u00ed":"1 minuta"},"schema":{"@context":"https:\/\/schema.org","@graph":[{"@type":"WebPage","@id":"https:\/\/legitgrams.com\/product\/ketamine-hcl\/","url":"https:\/\/legitgrams.com\/product\/ketamine-hcl\/","name":"Ketamin HCL na prodej - Koupit ketamin HCL online | LegitGrams","isPartOf":{"@id":"https:\/\/legitgrams.com\/#website"},"primaryImageOfPage":{"@id":"https:\/\/legitgrams.com\/product\/ketamine-hcl\/#primaryimage"},"image":{"@id":"https:\/\/legitgrams.com\/product\/ketamine-hcl\/#primaryimage"},"thumbnailUrl":"https:\/\/legitgrams.com\/wp-content\/uploads\/2024\/09\/ketaminel.jpg","datePublished":"2024-09-22T05:43:00+00:00","dateModified":"2025-01-14T07:11:19+00:00","description":"Chcete si koupit Ketamin HCL online za rozumnou cenu? Nav\u0161tivte n\u00e1\u0161 renomovan\u00fd internetov\u00fd obchod Legitgrams a z\u00edskejte Ketamine HCL na prodej je\u0161t\u011b dnes. Objednejte si ho nyn\u00ed!","breadcrumb":{"@id":"https:\/\/legitgrams.com\/product\/ketamine-hcl\/#breadcrumb"},"inLanguage":"cs","potentialAction":[{"@type":"ReadAction","target":["https:\/\/legitgrams.com\/product\/ketamine-hcl\/"]}]},{"@type":"ImageObject","inLanguage":"cs","@id":"https:\/\/legitgrams.com\/product\/ketamine-hcl\/#primaryimage","url":"https:\/\/legitgrams.com\/wp-content\/uploads\/2024\/09\/ketaminel.jpg","contentUrl":"https:\/\/legitgrams.com\/wp-content\/uploads\/2024\/09\/ketaminel.jpg","width":600,"height":600,"caption":"Ketamine HCL for Sale"},{"@type":"BreadcrumbList","@id":"https:\/\/legitgrams.com\/product\/ketamine-hcl\/#breadcrumb","itemListElement":[{"@type":"ListItem","position":1,"name":"Home","item":"https:\/\/legitgrams.com\/"},{"@type":"ListItem","position":2,"name":"Shop","item":"https:\/\/legitgrams.com\/shop\/"},{"@type":"ListItem","position":3,"name":"Ketamine HCL"}]},{"@type":"WebSite","@id":"https:\/\/legitgrams.com\/#website","url":"https:\/\/legitgrams.com\/","name":"Leg\u00e1ln\u00ed gramy","description":"M\u016fj blog WordPress","publisher":{"@id":"https:\/\/legitgrams.com\/#organization"},"potentialAction":[{"@type":"SearchAction","target":{"@type":"EntryPoint","urlTemplate":"https:\/\/legitgrams.com\/?s={search_term_string}"},"query-input":{"@type":"PropertyValueSpecification","valueRequired":true,"valueName":"search_term_string"}}],"inLanguage":"cs"},{"@type":"Organization","@id":"https:\/\/legitgrams.com\/#organization","name":"Leg\u00e1ln\u00ed gramy","url":"https:\/\/legitgrams.com\/","logo":{"@type":"ImageObject","inLanguage":"cs","@id":"https:\/\/legitgrams.com\/#\/schema\/logo\/image\/","url":"https:\/\/legitgrams.com\/wp-content\/uploads\/2024\/09\/main-logo.png","contentUrl":"https:\/\/legitgrams.com\/wp-content\/uploads\/2024\/09\/main-logo.png","width":270,"height":75,"caption":"Legit Grams"},"image":{"@id":"https:\/\/legitgrams.com\/#\/schema\/logo\/image\/"}}]}},"uagb_featured_image_src":{"full":["https:\/\/legitgrams.com\/wp-content\/uploads\/2024\/09\/ketaminel.jpg",600,600,false],"thumbnail":["https:\/\/legitgrams.com\/wp-content\/uploads\/2024\/09\/ketaminel-150x150.jpg",150,150,true],"medium":["https:\/\/legitgrams.com\/wp-content\/uploads\/2024\/09\/ketaminel-300x300.jpg",300,300,true],"medium_large":["https:\/\/legitgrams.com\/wp-content\/uploads\/2024\/09\/ketaminel.jpg",600,600,false],"large":["https:\/\/legitgrams.com\/wp-content\/uploads\/2024\/09\/ketaminel.jpg",600,600,false],"1536x1536":["https:\/\/legitgrams.com\/wp-content\/uploads\/2024\/09\/ketaminel.jpg",600,600,false],"2048x2048":["https:\/\/legitgrams.com\/wp-content\/uploads\/2024\/09\/ketaminel.jpg",600,600,false],"trp-custom-language-flag":["https:\/\/legitgrams.com\/wp-content\/uploads\/2024\/09\/ketaminel-12x12.jpg",12,12,true],"woocommerce_thumbnail":["https:\/\/legitgrams.com\/wp-content\/uploads\/2024\/09\/ketaminel-300x300.jpg",300,300,true],"woocommerce_single":["https:\/\/legitgrams.com\/wp-content\/uploads\/2024\/09\/ketaminel.jpg",600,600,false],"woocommerce_gallery_thumbnail":["https:\/\/legitgrams.com\/wp-content\/uploads\/2024\/09\/ketaminel-100x100.jpg",100,100,true]},"uagb_author_info":{"display_name":"cokeblog18","author_link":"https:\/\/legitgrams.com\/cs\/author\/"},"uagb_comment_info":0,"uagb_excerpt":"Purchase Ketamine HCL Online at Low Prices Those who take ketamine&#8217;s are robbed, molested, frightened, or hurt because few others are aware of its &#8220;dissociative&#8221; negative effects. Despite just taking 15 to 40 minutes to finish, K separates the mind from the body, making it impossible to feel safe or in control of your own&hellip;","_links":{"self":[{"href":"https:\/\/legitgrams.com\/cs\/wp-json\/wp\/v2\/product\/4215","targetHints":{"allow":["GET"]}}],"collection":[{"href":"https:\/\/legitgrams.com\/cs\/wp-json\/wp\/v2\/product"}],"about":[{"href":"https:\/\/legitgrams.com\/cs\/wp-json\/wp\/v2\/types\/product"}],"replies":[{"embeddable":true,"href":"https:\/\/legitgrams.com\/cs\/wp-json\/wp\/v2\/comments?post=4215"}],"wp:featuredmedia":[{"embeddable":true,"href":"https:\/\/legitgrams.com\/cs\/wp-json\/wp\/v2\/media\/5178"}],"wp:attachment":[{"href":"https:\/\/legitgrams.com\/cs\/wp-json\/wp\/v2\/media?parent=4215"}],"wp:term":[{"taxonomy":"product_brand","embeddable":true,"href":"https:\/\/legitgrams.com\/cs\/wp-json\/wp\/v2\/product_brand?post=4215"},{"taxonomy":"product_cat","embeddable":true,"href":"https:\/\/legitgrams.com\/cs\/wp-json\/wp\/v2\/product_cat?post=4215"},{"taxonomy":"product_tag","embeddable":true,"href":"https:\/\/legitgrams.com\/cs\/wp-json\/wp\/v2\/product_tag?post=4215"}],"curies":[{"name":"wp","href":"https:\/\/api.w.org\/{rel}","templated":true}]}}