{"id":4218,"date":"2024-09-22T06:05:19","date_gmt":"2024-09-22T06:05:19","guid":{"rendered":"https:\/\/legitgrams.com\/?post_type=product&#038;p=4218"},"modified":"2025-04-03T10:49:23","modified_gmt":"2025-04-03T10:49:23","slug":"psilocybe-azurescens","status":"publish","type":"product","link":"https:\/\/legitgrams.com\/cs\/produkt\/psilocybe-azurescens\/","title":{"rendered":"Koupit Psilocybe Azurescens online"},"content":{"rendered":"<h2>Koupit Psilocybe Azurescens Online<\/h2>\n<h3>Na prodej: Psilocybe Azurescens<\/h3>\n<p>Mezi 180 druhy hub rodu Psilocybe, <a href=\"https:\/\/legitgrams.com\/cs\/produkt\/psilocybe-azurescens\/\">Psilocybe Azurescens<\/a> grows in a variety of habitats. Other names for <a href=\"https:\/\/www.bing.com\/search?q=KoupitPsilocybeAzurescensonline&amp;qs=n&amp;form=QBRE&amp;sp=-1&amp;lq=0&amp;pq=comprepsilocybeazurescensonline&amp;sc=18-34&amp;sk=&amp;cvid=CBAE588FC85D40F290586246CCFBA06E&amp;ghsh=0&amp;ghacc=0&amp;ghpl=\">Psilocybe<\/a> Azurscens zahrnuj\u00ed l\u00e9taj\u00edc\u00ed tal\u00ed\u0159e, Indigo Psilocybe, Azzies a Blue Angels.<\/p>\n<p>Od roku 1979, kdy bylo toto zji\u0161t\u011bn\u00ed u\u010din\u011bno, o n\u011bm v\u011bdci publikovali \u0159adu \u010dl\u00e1nk\u016f. Nap\u0159\u00edklad Paul Stamets pojmenoval druh Azurescens ve sv\u00e9 knize \"Psilocybinov\u00e9 houby sv\u011bta\" z roku 1996. Term\u00edn Azurescens je odvozen z hrub\u00e9ho p\u0159ekladu azurov\u00e9 nebo modr\u00e9 barvy houby.<\/p>\n<p>Houba obsahuje 1,8% psilocybinu, 0,5% psilocinu a 0,4% baeocystinu. Jedn\u00e1 se o nejsiln\u011bj\u0161\u00ed druh v synt\u00e9ze tryptamin\u016f. Tento druh m\u00e1 nap\u0159\u00edklad t\u0159ikr\u00e1t vy\u0161\u0161\u00ed \u00fa\u010dinnost ne\u017e nap\u0159. <a href=\"https:\/\/en.wikipedia.org\/wiki\/Psilocybe_cubensis\">Psilocybe Cubensis<\/a> a Cyanscens psilocybe.<\/p>\n<p>Podrobn\u011bj\u0161\u00ed zkoum\u00e1n\u00ed t\u00e9to houby odhaluje jedine\u010dn\u00e9, neobvykl\u00e9 vlastnosti. Mezi tyto vlastnosti pat\u0159\u00ed:<\/p>\n<p>Spory: Tato houba m\u00e1 dv\u011b r\u016fzn\u00e9 barvy v\u00fdtrus\u016f: tmav\u011b purpurov\u011b hn\u011bdou a fialov\u011b \u010dernou. Od ostatn\u00edch hub stejn\u00e9ho rodu se li\u0161\u00ed sv\u00fdm elipsoidn\u00edm tvarem. <a href=\"https:\/\/legitgrams.com\/cs\/\">LegitGrams<\/a><\/p>\n<p>Pileus: Term\u00edn \"pileus\" se t\u00fdk\u00e1 ku\u017eelovit\u00e9ho nebo konvexn\u00edho tvaru klobouk\u016f hub. Kdy\u017e je pileus mlad\u00fd, z\u00edsk\u00e1 hn\u011bdou nebo karamelovou barvu. Ale jak houby za\u010dnou mizet, hlubok\u00e1, tmav\u00e1 oblast m\u00edsta se st\u00e1v\u00e1 sv\u011btle sl\u00e1movou, dokud \u00fapln\u011b nevyschne.<\/p>\n<p>Zak\u0159iven\u00fd stonek houby, kter\u00fd se v bl\u00edzkosti z\u00e1kladny zahu\u0161\u0165uje, se naz\u00fdv\u00e1 stonek. Zv\u00fd\u0161en\u00fd obsah indolu zp\u016fsobuje, \u017ee hladk\u00e1 b\u00edl\u00e1 t\u0159tina se zm\u011bn\u00ed na modro-indigovou.<\/p>\n<p>Lamela: \u017d\u00e1bry houby jsou jin\u00fdm n\u00e1zvem pro tyto dvouvrstv\u00e9 struktury. Kdy\u017e je lamela \u010derstv\u00e1, z\u00edsk\u00e1 karamelovou nebo ka\u0161tanov\u011b hn\u011bdou barvu.<\/p>\n<h3>Popis kouzeln\u00e9 houby Psilocybe Azurescens<\/h3>\n<p><a href=\"https:\/\/www.google.com\/search?q=Koupit+Psilocybe+Azurescens+online&amp;sca_esv=eddefdb7b92e7545&amp;sxsrf=AHTn8zqd4OjQjMpYtjQRjV3XpqkoSq0aZg1743678390791&amp;ei=tmvuZ92CMKKS0PEPto7ZoAI&amp;ved=0ahUKEwjdtdeY3LuMAxUiCTQIHTZHFiQQ4dUDCBA&amp;uact=5&amp;oq=Koupit+Psilocybe+Azurescens+online&amp;gs_lp=Egxnd3Mtd2l6LXNlcnAiIktvdXBpdCBQc2lsb2N5YmUgQXp1cmVzY2VucyBvbmxpbmUyBRAhGKABMgUQIRigATIFECEYoAFIowRQAFgAcAB4AJABAJgBtAOgAbQDqgEDNC0xuAEDyAEA-AEC-AEBmAIBoAK5A5gDAJIHAzQtMaAHtQOyBwM0LTG4B7kD&amp;sclient=gws-wiz-serp\">Psilocybe Azurescens<\/a> je \u010dlenem 180 druh\u016f rodu Psilocybe, jak ji\u017e bylo zm\u00edn\u011bno. R\u016fzn\u00e9 druhy vyu\u017e\u00edvaj\u00ed pro sv\u016fj v\u00fdvoj r\u016fzn\u00e1 stanovi\u0161t\u011b s r\u016fznou \u00farovn\u00ed vlhkosti. Tento konkr\u00e9tn\u00ed druh nap\u0159\u00edklad prosp\u00edv\u00e1 venku.<\/p>\n<p>Pot\u0159ebujete v\u00fdjime\u010dn\u011b siln\u00e9 biochemik\u00e1lie psilocybin, baeocystin a psilocin, abyste za\u017eili pln\u00e9 \u00fa\u010dinky houby. Psilocybe Cubensis a <a href=\"https:\/\/duckduckgo.com\/?q=Buy+Psilocybe+Azurescens+Online&amp;t=h_&amp;ia=web\">Psilocybe Cyanescens<\/a> jsou dva dal\u0161\u00ed cenn\u00e9 druhy nalezen\u00e9 v tomto rodu. Na pacifick\u00e9m severoz\u00e1pad\u011b Spojen\u00fdch st\u00e1t\u016f je tato houba velmi popul\u00e1rn\u00ed.<\/p>\n<p>Skauti tuto houbu p\u0159edstavili v roce 1979. Identifikace t\u00e9to houby za\u010dala v roce 1979, kdy ji skauti na\u0161li v Oregonu. P\u0159i dal\u0161\u00edm vy\u0161et\u0159ov\u00e1n\u00ed v\u011bdci zjistili, \u017ee tyto houby maj\u00ed psychoaktivn\u00ed vlastnosti. Paul Stamets ji v roce 1996 p\u0159ejmenoval na Psilocybe Azurescens. Modr\u00fd odst\u00edn t\u0159en\u011b byl zam\u011b\u0159en na Azurescens na z\u00e1klad\u011b publikace Stamets. Jin\u00ed tvrd\u00ed, \u017ee jm\u00e9no bylo inspirov\u00e1no j\u00edm, proto\u017ee jeho d\u00edt\u011b se jmenovalo stejn\u011b.<\/p>\n<h3>\u00da\u010dinky Psilocybe Azurescens na houby<\/h3>\n<p>Azurescens obsahuje r\u016fzn\u00e9 psychoaktivn\u00ed slou\u010deniny, v\u010detn\u011b psilocybinu, baeocystinu a psilocinu. Chemick\u00e9 slo\u017eky, kter\u00e9 d\u00e1vaj\u00ed houb\u00e1m jejich halucinogenn\u00ed vlastnosti, jsou p\u0159\u00edtomny v tomto druhu psilocybe. Jednou z charakteristik psychedelick\u00fdch z\u00e1\u017eitk\u016f je necitlivost kon\u010detin. Tento efekt je v\u0161ak p\u0159ev\u00e1\u017een vzru\u0161en\u00edm a halucinacemi. U\u017e\u00edv\u00e1n\u00ed hub je m\u016f\u017ee p\u0159im\u011bt, aby se zapojovali do v\u00edce soci\u00e1ln\u00edch interakc\u00ed a \u0159ady aktivit.<\/p>\n<p>Podrobnosti o r\u016fstu Psilocybe Azurscens Magic Shrooms. Azurscens je snaz\u0161\u00ed naj\u00edt na pob\u0159e\u017e\u00ed ne\u017e jinde, proto\u017ee je k dispozici d\u0159evit\u00fd materi\u00e1l. Krom\u011b toho se pod\u00e9l pob\u0159e\u017e\u00ed vyv\u00edj\u00ed dunov\u00e1 tr\u00e1va, kter\u00e1 vytv\u00e1\u0159\u00ed koberec, kter\u00fd udr\u017euje slab\u00e9 houby ve vzp\u0159\u00edmen\u00e9 poloze.<\/p>\n<p><strong>Aspergillus aureus<\/strong><\/p>\n<p>V oblastech s tuh\u00fdmi zimami se azaurscens da\u0159\u00ed d\u00edky sv\u00e9 schopnosti tolerovat extr\u00e9mn\u011b n\u00edzk\u00e9 teploty. Krom\u011b toho mohou houby r\u016fst na listnat\u00e9m d\u0159ev\u011b, kter\u00e9 je trochu vlhk\u00e9. B\u011b\u017en\u011b lze tento druh vid\u011bt r\u016fst v hou\u0161tin\u00e1ch a mezi ostru\u017einami.<\/p>\n<h3>Aplikace houby Psilocybe Azurscens v l\u00e9ka\u0159stv\u00ed<\/h3>\n<p>Vysok\u00fd obsah psilocybinu v t\u00e9to houb\u011b m\u00e1 n\u011bkolik l\u00e9\u010div\u00fdch v\u00fdhod. \u00dazkostn\u00e9 poruchy mohou t\u011b\u017eit z \u00fa\u010dink\u016f vysok\u00e9 hlavy. Krom\u011b toho m\u016f\u017ee l\u00e9k l\u00e9\u010dit obsedantn\u011b-kompulzivn\u00ed poruchu (OCD), depresi, \u00fazkost a poruchu pozornosti s hyperaktivitou (ADHD).<\/p>\n<p>Pro lidi, kte\u0159\u00ed bojuj\u00ed s alkoholismem a z\u00e1vislost\u00ed na kou\u0159en\u00ed, m\u016f\u017ee b\u00fdt tak\u00e9 prosp\u011b\u0161n\u00e9 pou\u017e\u00edvat houby jako l\u00e9k na sv\u00e9 neduhy. Psilocybin je vynikaj\u00edc\u00ed zp\u016fsob, jak sn\u00ed\u017eit chu\u0165 k j\u00eddlu Studie ukazuj\u00ed, \u017ee jej lze pou\u017e\u00edt k l\u00e9\u010db\u011b z\u00e1vislosti. Proto\u017ee P. Azurscens zvy\u0161uje soci\u00e1ln\u00ed sebev\u011bdom\u00ed, l\u00e9ka\u0159i jej doporu\u010duj\u00ed jedinc\u016fm s probl\u00e9my s \u0159e\u010d\u00ed.<\/p>\n<h3>Vedlej\u0161\u00ed \u00fa\u010dinky kouzeln\u00e9 houby Psilocybe Azurescens<\/h3>\n<p>Expozice magick\u00fdm houb\u00e1m P. Azurscens m\u016f\u017ee m\u00edt \u010detn\u00e9 negativn\u00ed d\u016fsledky. Zat\u00edmco v\u011bt\u0161ina z nich trv\u00e1 jen n\u011bkolik minut, n\u011bkter\u00e9 z nich maj\u00ed potenci\u00e1l b\u00fdt fat\u00e1ln\u00ed. Nej\u010dast\u011bj\u0161\u00edmi vedlej\u0161\u00edmi \u00fa\u010dinky jsou z\u00e1chvaty paniky, epizody zvracen\u00ed a \u017ealude\u010dn\u00ed nevolnost. Zv\u00fd\u0161en\u00fd krevn\u00ed tlak a tepov\u00e1 frekvence mohou v extr\u00e9mn\u00edch p\u0159\u00edpadech zp\u016fsobit infarkt.<\/p>\n<h3>Na z\u00e1v\u011br<\/h3>\n<p>Pokud jde o terapeutick\u00e9 a rekrea\u010dn\u00ed v\u00fdhody, mohou azurscens brzy p\u0159edb\u011bhnout v\u0161echny ostatn\u00ed. Jejich v\u0161estrannost a n\u00edzk\u00e9 n\u00e1roky na r\u016fst je \u010din\u00ed ide\u00e1ln\u00edmi pro za\u010d\u00ednaj\u00edc\u00ed i zku\u0161en\u00e9 p\u011bstitele.<\/p>\n<p>Jsou tou nejlep\u0161\u00ed volbou, kterou m\u00e1te, pokud jsou va\u0161\u00ed nejlep\u0161\u00ed s\u00e1zkou, pokud pot\u0159ebujete pomoc p\u0159i p\u0159ekon\u00e1v\u00e1n\u00ed z\u00e1vislosti a zvl\u00e1d\u00e1n\u00ed dal\u0161\u00edch probl\u00e9m\u016f du\u0161evn\u00edho zdrav\u00ed. Vyberte si jednoduchou, ale \u00fa\u010dinnou metodu, jak se dostat nahoru m\u00edsto u\u017e\u00edv\u00e1n\u00ed drog. Zat\u00edmco si u\u017e\u00edv\u00e1te v\u00fdhody t\u00e9to houby, uv\u011bdomte si potenci\u00e1ln\u00ed vedlej\u0161\u00ed \u00fa\u010dinky.<br \/>\nNa prodej: Azurescens psilocybe<br \/>\nV\u00fdtrusy Psilocybe Azurescens na prodej<br \/>\nProd\u00e1v\u00e1me su\u0161en\u00e9 psilocybe azurescens.<\/p>","protected":false},"excerpt":{"rendered":"<p>Purchase Psilocybe Azurescens Online For Sale: Psilocybe Azurescens Among the 180 species of mushrooms in the Psilocybe genus, Psilocybe Azurescens grows in a variety of habitats. Other names for Psilocybe Azurscens include Flying Saucers, Indigo Psilocybe, Azzies, and Blue Angels. Since the initial finding was made in 1979, numerous articles about it have been published &hellip;<\/p>\n<p class=\"read-more\"> <a class=\"\" href=\"https:\/\/legitgrams.com\/cs\/produkt\/psilocybe-azurescens\/\"> <span class=\"screen-reader-text\">Koupit Psilocybe Azurescens online<\/span> \u010c\u00edst d\u00e1l \"<\/a><\/p>","protected":false},"featured_media":5242,"comment_status":"open","ping_status":"closed","template":"","meta":{"_uag_custom_page_level_css":"","site-sidebar-layout":"default","site-content-layout":"default","ast-global-header-display":"","ast-main-header-display":"","ast-hfb-above-header-display":"","ast-hfb-below-header-display":"","ast-hfb-mobile-header-display":"","site-post-title":"","ast-breadcrumbs-content":"","ast-featured-img":"","footer-sml-layout":"","theme-transparent-header-meta":"default","adv-header-id-meta":"","stick-header-meta":"default","header-above-stick-meta":"","header-main-stick-meta":"","header-below-stick-meta":"","_joinchat":[]},"product_brand":[],"product_cat":[599],"product_tag":[2049,2039,617,2031,2046,2043,2038,2036,2030,2033,2041,2032,2034,2044,2051,2052,2050,2042,2047,2048,2045,625,2037,2040,2035],"class_list":{"0":"post-4218","1":"product","2":"type-product","3":"status-publish","4":"has-post-thumbnail","6":"product_cat-psilocybin-or-magic-mushrooms","7":"product_tag-best-cheap-price-psilocybe-azurescens","8":"product_tag-best-place-to-buy-psilocybe-azurescens","9":"product_tag-bulk-online","10":"product_tag-buy-psilocybe-azurescens","11":"product_tag-cheap-psilocybe-azurescens","12":"product_tag-high-quality-psilocybe-azurescens","13":"product_tag-how-to-buy-psilocybe-azurescens","14":"product_tag-order-psilocybe-azurescens","15":"product_tag-psilocybe-azurescens","16":"product_tag-psilocybe-azurescens-for-sale","17":"product_tag-psilocybe-azurescens-legally","18":"product_tag-psilocybe-azurescens-online","19":"product_tag-psilocybe-azurescens-psilocybe-azurescens-supplier","20":"product_tag-psilocybe-azurescens-store","21":"product_tag-psilocybe-azurescens-use","22":"product_tag-psilocybe-azurescens-wiki","23":"product_tag-psilocybe-azurescens-worldwide","24":"product_tag-psilocybe-azurescensprice","25":"product_tag-psilocybe-azurescenss","26":"product_tag-purcharse-psilocybe-azurescens","27":"product_tag-shop-psilocybe-azurescens","28":"product_tag-top-quality","29":"product_tag-where-to-buy-psilocybe-azurescens","30":"product_tag-where-to-order-psilocybe-azurescens","31":"product_tag-wholesale-psilocybe-azurescens","32":"desktop-align-left","33":"tablet-align-left","34":"mobile-align-left","35":"ast-product-gallery-layout-horizontal","36":"ast-product-gallery-with-no-image","37":"ast-product-single-variable","38":"ast-product-tabs-layout-horizontal","39":"ast-qv-on-image","41":"first","42":"instock","43":"shipping-taxable","44":"purchasable","45":"product-type-variable"},"yoast_head":"<!-- This site is optimized with the Yoast SEO plugin v25.9 - https:\/\/yoast.com\/wordpress\/plugins\/seo\/ -->\n<title>Psilocybe Azurescens for Sale - Buy Psilocybe Azurescens Online<\/title>\n<meta name=\"description\" content=\"If you want to buy Psilocybe Azurescens online and looking for a reliable online shop, then buy here. We offer only high-quality Psilocybe Azurescens for sale at an affordable price. Order Psilocybe Azurescens Now!\" \/>\n<meta name=\"robots\" content=\"index, follow, max-snippet:-1, max-image-preview:large, max-video-preview:-1\" \/>\n<link rel=\"canonical\" href=\"https:\/\/legitgrams.com\/cs\/produkt\/psilocybe-azurescens\/\" \/>\n<meta property=\"og:locale\" content=\"cs_CZ\" \/>\n<meta property=\"og:type\" content=\"article\" \/>\n<meta property=\"og:title\" content=\"Psilocybe Azurescens for Sale - Buy Psilocybe Azurescens Online\" \/>\n<meta property=\"og:description\" content=\"If you want to buy Psilocybe Azurescens online and looking for a reliable online shop, then buy here. We offer only high-quality Psilocybe Azurescens for sale at an affordable price. Order Psilocybe Azurescens Now!\" \/>\n<meta property=\"og:url\" content=\"https:\/\/legitgrams.com\/cs\/produkt\/psilocybe-azurescens\/\" \/>\n<meta property=\"og:site_name\" content=\"Legit Grams\" \/>\n<meta property=\"article:modified_time\" content=\"2025-04-03T10:49:23+00:00\" \/>\n<meta property=\"og:image\" content=\"https:\/\/legitgrams.com\/wp-content\/uploads\/2024\/09\/psilocybe-azurescens-onlinepsilocybin-or-magic-mushrooms.jpg\" \/>\n\t<meta property=\"og:image:width\" content=\"430\" \/>\n\t<meta property=\"og:image:height\" content=\"430\" \/>\n\t<meta property=\"og:image:type\" content=\"image\/jpeg\" \/>\n<meta name=\"twitter:card\" content=\"summary_large_image\" \/>\n<meta name=\"twitter:label1\" content=\"Odhadovan\u00e1 doba \u010dten\u00ed\" \/>\n\t<meta name=\"twitter:data1\" content=\"4 minuty\" \/>\n<script type=\"application\/ld+json\" class=\"yoast-schema-graph\">{\"@context\":\"https:\/\/schema.org\",\"@graph\":[{\"@type\":\"WebPage\",\"@id\":\"https:\/\/legitgrams.com\/product\/psilocybe-azurescens\/\",\"url\":\"https:\/\/legitgrams.com\/product\/psilocybe-azurescens\/\",\"name\":\"Psilocybe Azurescens for Sale - Buy Psilocybe Azurescens Online\",\"isPartOf\":{\"@id\":\"https:\/\/legitgrams.com\/#website\"},\"primaryImageOfPage\":{\"@id\":\"https:\/\/legitgrams.com\/product\/psilocybe-azurescens\/#primaryimage\"},\"image\":{\"@id\":\"https:\/\/legitgrams.com\/product\/psilocybe-azurescens\/#primaryimage\"},\"thumbnailUrl\":\"https:\/\/legitgrams.com\/wp-content\/uploads\/2024\/09\/psilocybe-azurescens-onlinepsilocybin-or-magic-mushrooms.jpg\",\"datePublished\":\"2024-09-22T06:05:19+00:00\",\"dateModified\":\"2025-04-03T10:49:23+00:00\",\"description\":\"If you want to buy Psilocybe Azurescens online and looking for a reliable online shop, then buy here. We offer only high-quality Psilocybe Azurescens for sale at an affordable price. Order Psilocybe Azurescens Now!\",\"breadcrumb\":{\"@id\":\"https:\/\/legitgrams.com\/product\/psilocybe-azurescens\/#breadcrumb\"},\"inLanguage\":\"cs\",\"potentialAction\":[{\"@type\":\"ReadAction\",\"target\":[\"https:\/\/legitgrams.com\/product\/psilocybe-azurescens\/\"]}]},{\"@type\":\"ImageObject\",\"inLanguage\":\"cs\",\"@id\":\"https:\/\/legitgrams.com\/product\/psilocybe-azurescens\/#primaryimage\",\"url\":\"https:\/\/legitgrams.com\/wp-content\/uploads\/2024\/09\/psilocybe-azurescens-onlinepsilocybin-or-magic-mushrooms.jpg\",\"contentUrl\":\"https:\/\/legitgrams.com\/wp-content\/uploads\/2024\/09\/psilocybe-azurescens-onlinepsilocybin-or-magic-mushrooms.jpg\",\"width\":430,\"height\":430,\"caption\":\"Psilocybe Azurescens for Sale\"},{\"@type\":\"BreadcrumbList\",\"@id\":\"https:\/\/legitgrams.com\/product\/psilocybe-azurescens\/#breadcrumb\",\"itemListElement\":[{\"@type\":\"ListItem\",\"position\":1,\"name\":\"Home\",\"item\":\"https:\/\/legitgrams.com\/\"},{\"@type\":\"ListItem\",\"position\":2,\"name\":\"Shop\",\"item\":\"https:\/\/legitgrams.com\/shop\/\"},{\"@type\":\"ListItem\",\"position\":3,\"name\":\"Buy Psilocybe Azurescens Online\"}]},{\"@type\":\"WebSite\",\"@id\":\"https:\/\/legitgrams.com\/#website\",\"url\":\"https:\/\/legitgrams.com\/\",\"name\":\"Legit Grams\",\"description\":\"My WordPress Blog\",\"publisher\":{\"@id\":\"https:\/\/legitgrams.com\/#organization\"},\"potentialAction\":[{\"@type\":\"SearchAction\",\"target\":{\"@type\":\"EntryPoint\",\"urlTemplate\":\"https:\/\/legitgrams.com\/?s={search_term_string}\"},\"query-input\":{\"@type\":\"PropertyValueSpecification\",\"valueRequired\":true,\"valueName\":\"search_term_string\"}}],\"inLanguage\":\"cs\"},{\"@type\":\"Organization\",\"@id\":\"https:\/\/legitgrams.com\/#organization\",\"name\":\"Legit Grams\",\"url\":\"https:\/\/legitgrams.com\/\",\"logo\":{\"@type\":\"ImageObject\",\"inLanguage\":\"cs\",\"@id\":\"https:\/\/legitgrams.com\/#\/schema\/logo\/image\/\",\"url\":\"https:\/\/legitgrams.com\/wp-content\/uploads\/2024\/09\/main-logo.png\",\"contentUrl\":\"https:\/\/legitgrams.com\/wp-content\/uploads\/2024\/09\/main-logo.png\",\"width\":270,\"height\":75,\"caption\":\"Legit Grams\"},\"image\":{\"@id\":\"https:\/\/legitgrams.com\/#\/schema\/logo\/image\/\"}}]}<\/script>\n<!-- \/ Yoast SEO plugin. -->","yoast_head_json":{"title":"Psilocybe Azurescens na prodej - Koupit Psilocybe Azurescens online","description":"Pokud si chcete koupit Psilocybe Azurescens online a hled\u00e1te spolehliv\u00fd internetov\u00fd obchod, nakupujte zde. Nab\u00edz\u00edme pouze kvalitn\u00ed Psilocybe Azurescens na prodej za p\u0159ijatelnou cenu. Objednejte si Psilocybe Azurescens nyn\u00ed!","robots":{"index":"index","follow":"follow","max-snippet":"max-snippet:-1","max-image-preview":"max-image-preview:large","max-video-preview":"max-video-preview:-1"},"canonical":"https:\/\/legitgrams.com\/cs\/produkt\/psilocybe-azurescens\/","og_locale":"cs_CZ","og_type":"article","og_title":"Psilocybe Azurescens for Sale - Buy Psilocybe Azurescens Online","og_description":"If you want to buy Psilocybe Azurescens online and looking for a reliable online shop, then buy here. We offer only high-quality Psilocybe Azurescens for sale at an affordable price. Order Psilocybe Azurescens Now!","og_url":"https:\/\/legitgrams.com\/cs\/produkt\/psilocybe-azurescens\/","og_site_name":"Legit Grams","article_modified_time":"2025-04-03T10:49:23+00:00","og_image":[{"width":430,"height":430,"url":"https:\/\/legitgrams.com\/wp-content\/uploads\/2024\/09\/psilocybe-azurescens-onlinepsilocybin-or-magic-mushrooms.jpg","type":"image\/jpeg"}],"twitter_card":"summary_large_image","twitter_misc":{"Odhadovan\u00e1 doba \u010dten\u00ed":"4 minuty"},"schema":{"@context":"https:\/\/schema.org","@graph":[{"@type":"WebPage","@id":"https:\/\/legitgrams.com\/product\/psilocybe-azurescens\/","url":"https:\/\/legitgrams.com\/product\/psilocybe-azurescens\/","name":"Psilocybe Azurescens na prodej - Koupit Psilocybe Azurescens online","isPartOf":{"@id":"https:\/\/legitgrams.com\/#website"},"primaryImageOfPage":{"@id":"https:\/\/legitgrams.com\/product\/psilocybe-azurescens\/#primaryimage"},"image":{"@id":"https:\/\/legitgrams.com\/product\/psilocybe-azurescens\/#primaryimage"},"thumbnailUrl":"https:\/\/legitgrams.com\/wp-content\/uploads\/2024\/09\/psilocybe-azurescens-onlinepsilocybin-or-magic-mushrooms.jpg","datePublished":"2024-09-22T06:05:19+00:00","dateModified":"2025-04-03T10:49:23+00:00","description":"Pokud si chcete koupit Psilocybe Azurescens online a hled\u00e1te spolehliv\u00fd internetov\u00fd obchod, nakupujte zde. Nab\u00edz\u00edme pouze kvalitn\u00ed Psilocybe Azurescens na prodej za p\u0159ijatelnou cenu. Objednejte si Psilocybe Azurescens nyn\u00ed!","breadcrumb":{"@id":"https:\/\/legitgrams.com\/product\/psilocybe-azurescens\/#breadcrumb"},"inLanguage":"cs","potentialAction":[{"@type":"ReadAction","target":["https:\/\/legitgrams.com\/product\/psilocybe-azurescens\/"]}]},{"@type":"ImageObject","inLanguage":"cs","@id":"https:\/\/legitgrams.com\/product\/psilocybe-azurescens\/#primaryimage","url":"https:\/\/legitgrams.com\/wp-content\/uploads\/2024\/09\/psilocybe-azurescens-onlinepsilocybin-or-magic-mushrooms.jpg","contentUrl":"https:\/\/legitgrams.com\/wp-content\/uploads\/2024\/09\/psilocybe-azurescens-onlinepsilocybin-or-magic-mushrooms.jpg","width":430,"height":430,"caption":"Psilocybe Azurescens for Sale"},{"@type":"BreadcrumbList","@id":"https:\/\/legitgrams.com\/product\/psilocybe-azurescens\/#breadcrumb","itemListElement":[{"@type":"ListItem","position":1,"name":"Home","item":"https:\/\/legitgrams.com\/"},{"@type":"ListItem","position":2,"name":"Shop","item":"https:\/\/legitgrams.com\/shop\/"},{"@type":"ListItem","position":3,"name":"Buy Psilocybe Azurescens Online"}]},{"@type":"WebSite","@id":"https:\/\/legitgrams.com\/#website","url":"https:\/\/legitgrams.com\/","name":"Leg\u00e1ln\u00ed gramy","description":"M\u016fj blog WordPress","publisher":{"@id":"https:\/\/legitgrams.com\/#organization"},"potentialAction":[{"@type":"SearchAction","target":{"@type":"EntryPoint","urlTemplate":"https:\/\/legitgrams.com\/?s={search_term_string}"},"query-input":{"@type":"PropertyValueSpecification","valueRequired":true,"valueName":"search_term_string"}}],"inLanguage":"cs"},{"@type":"Organization","@id":"https:\/\/legitgrams.com\/#organization","name":"Leg\u00e1ln\u00ed gramy","url":"https:\/\/legitgrams.com\/","logo":{"@type":"ImageObject","inLanguage":"cs","@id":"https:\/\/legitgrams.com\/#\/schema\/logo\/image\/","url":"https:\/\/legitgrams.com\/wp-content\/uploads\/2024\/09\/main-logo.png","contentUrl":"https:\/\/legitgrams.com\/wp-content\/uploads\/2024\/09\/main-logo.png","width":270,"height":75,"caption":"Legit Grams"},"image":{"@id":"https:\/\/legitgrams.com\/#\/schema\/logo\/image\/"}}]}},"uagb_featured_image_src":{"full":["https:\/\/legitgrams.com\/wp-content\/uploads\/2024\/09\/psilocybe-azurescens-onlinepsilocybin-or-magic-mushrooms.jpg",430,430,false],"thumbnail":["https:\/\/legitgrams.com\/wp-content\/uploads\/2024\/09\/psilocybe-azurescens-onlinepsilocybin-or-magic-mushrooms-150x150.jpg",150,150,true],"medium":["https:\/\/legitgrams.com\/wp-content\/uploads\/2024\/09\/psilocybe-azurescens-onlinepsilocybin-or-magic-mushrooms-300x300.jpg",300,300,true],"medium_large":["https:\/\/legitgrams.com\/wp-content\/uploads\/2024\/09\/psilocybe-azurescens-onlinepsilocybin-or-magic-mushrooms.jpg",430,430,false],"large":["https:\/\/legitgrams.com\/wp-content\/uploads\/2024\/09\/psilocybe-azurescens-onlinepsilocybin-or-magic-mushrooms.jpg",430,430,false],"1536x1536":["https:\/\/legitgrams.com\/wp-content\/uploads\/2024\/09\/psilocybe-azurescens-onlinepsilocybin-or-magic-mushrooms.jpg",430,430,false],"2048x2048":["https:\/\/legitgrams.com\/wp-content\/uploads\/2024\/09\/psilocybe-azurescens-onlinepsilocybin-or-magic-mushrooms.jpg",430,430,false],"trp-custom-language-flag":["https:\/\/legitgrams.com\/wp-content\/uploads\/2024\/09\/psilocybe-azurescens-onlinepsilocybin-or-magic-mushrooms-12x12.jpg",12,12,true],"woocommerce_thumbnail":["https:\/\/legitgrams.com\/wp-content\/uploads\/2024\/09\/psilocybe-azurescens-onlinepsilocybin-or-magic-mushrooms-300x300.jpg",300,300,true],"woocommerce_single":["https:\/\/legitgrams.com\/wp-content\/uploads\/2024\/09\/psilocybe-azurescens-onlinepsilocybin-or-magic-mushrooms.jpg",430,430,false],"woocommerce_gallery_thumbnail":["https:\/\/legitgrams.com\/wp-content\/uploads\/2024\/09\/psilocybe-azurescens-onlinepsilocybin-or-magic-mushrooms-100x100.jpg",100,100,true]},"uagb_author_info":{"display_name":"cokeblog18","author_link":"https:\/\/legitgrams.com\/cs\/author\/"},"uagb_comment_info":0,"uagb_excerpt":"Purchase Psilocybe Azurescens Online For Sale: Psilocybe Azurescens Among the 180 species of mushrooms in the Psilocybe genus, Psilocybe Azurescens grows in a variety of habitats. Other names for Psilocybe Azurscens include Flying Saucers, Indigo Psilocybe, Azzies, and Blue Angels. Since the initial finding was made in 1979, numerous articles about it have been published&hellip;","_links":{"self":[{"href":"https:\/\/legitgrams.com\/cs\/wp-json\/wp\/v2\/product\/4218","targetHints":{"allow":["GET"]}}],"collection":[{"href":"https:\/\/legitgrams.com\/cs\/wp-json\/wp\/v2\/product"}],"about":[{"href":"https:\/\/legitgrams.com\/cs\/wp-json\/wp\/v2\/types\/product"}],"replies":[{"embeddable":true,"href":"https:\/\/legitgrams.com\/cs\/wp-json\/wp\/v2\/comments?post=4218"}],"wp:featuredmedia":[{"embeddable":true,"href":"https:\/\/legitgrams.com\/cs\/wp-json\/wp\/v2\/media\/5242"}],"wp:attachment":[{"href":"https:\/\/legitgrams.com\/cs\/wp-json\/wp\/v2\/media?parent=4218"}],"wp:term":[{"taxonomy":"product_brand","embeddable":true,"href":"https:\/\/legitgrams.com\/cs\/wp-json\/wp\/v2\/product_brand?post=4218"},{"taxonomy":"product_cat","embeddable":true,"href":"https:\/\/legitgrams.com\/cs\/wp-json\/wp\/v2\/product_cat?post=4218"},{"taxonomy":"product_tag","embeddable":true,"href":"https:\/\/legitgrams.com\/cs\/wp-json\/wp\/v2\/product_tag?post=4218"}],"curies":[{"name":"wp","href":"https:\/\/api.w.org\/{rel}","templated":true}]}}