{"id":4220,"date":"2024-09-22T06:13:24","date_gmt":"2024-09-22T06:13:24","guid":{"rendered":"https:\/\/legitgrams.com\/?post_type=product&#038;p=4220"},"modified":"2025-01-15T05:34:15","modified_gmt":"2025-01-15T05:34:15","slug":"sextacy-prasek","status":"publish","type":"product","link":"https:\/\/legitgrams.com\/cs\/produkt\/sextacy-prasek\/","title":{"rendered":"Sextacy pr\u00e1\u0161ek"},"content":{"rendered":"<h2>Objednejte si Pure Quality Sextacy Powder online<\/h2>\n<h3>Z\u00cdSKAT SEXTACY PR\u00c1\u0160EK.<\/h3>\n<p>N\u00e1kup sextacy pr\u00e1\u0161ku ve velk\u00e9m online<\/p>\n<p><a href=\"https:\/\/legitgrams.com\/cs\/produkt\/sextacy-prasek\/\">Sextacy pr\u00e1\u0161ek<\/a> je nov\u00fd a zaj\u00edmav\u00fd produkt, kter\u00fd lze zakoupit.<\/p>\n<p>Sextacy se dod\u00e1v\u00e1 pouze ve form\u011b pr\u00e1\u0161ku a \u00fa\u010dinnou slo\u017ekou p\u0159\u00edpravku je a-PVP!<\/p>\n<p>S\u00edla: 5 z 5. pr\u00e9miov\u00fd pr\u00e1\u0161ek Sextacy Ultimate, kter\u00fd je z\u00e1konn\u00fd.<\/p>\n<p>Doprovo\u010fte laborato\u0159 t\u00edmto zbrusu nov\u00fdm, exkluzivn\u00edm p\u0159edm\u011btem. <a href=\"https:\/\/legitgrams.com\/cs\/\">LegitGrams<\/a><\/p>","protected":false},"excerpt":{"rendered":"<p>Order Pure Quality Sextacy Powder Online GET SEXTACY POWDER. Purchase sextacy powder in bulk online Sextacy Powder is a novel and intriguing product that can be bought. Sextacy only comes in powder form, and a-PVP is the product&#8217;s active ingredient! Strength: 5 out of 5. premium Sextacy Ultimate powder that is lawful. Accompany the lab &hellip;<\/p>\n<p class=\"read-more\"> <a class=\"\" href=\"https:\/\/legitgrams.com\/cs\/produkt\/sextacy-prasek\/\"> <span class=\"screen-reader-text\">Sextacy pr\u00e1\u0161ek<\/span> \u010c\u00edst d\u00e1l \"<\/a><\/p>","protected":false},"featured_media":5303,"comment_status":"open","ping_status":"closed","template":"","meta":{"_uag_custom_page_level_css":"","site-sidebar-layout":"default","site-content-layout":"default","ast-global-header-display":"","ast-main-header-display":"","ast-hfb-above-header-display":"","ast-hfb-below-header-display":"","ast-hfb-mobile-header-display":"","site-post-title":"","ast-breadcrumbs-content":"","ast-featured-img":"","footer-sml-layout":"","theme-transparent-header-meta":"default","adv-header-id-meta":"","stick-header-meta":"default","header-above-stick-meta":"","header-main-stick-meta":"","header-below-stick-meta":"","_joinchat":[]},"product_brand":[],"product_cat":[600],"product_tag":[2003,1993,617,1985,2000,1997,1992,1990,2002,1984,1987,1995,1986,1988,1998,2005,2006,2004,1996,2001,1999,625,1991,1994,1989],"class_list":{"0":"post-4220","1":"product","2":"type-product","3":"status-publish","4":"has-post-thumbnail","6":"product_cat-research-chemicals-and-bath-salt","7":"product_tag-best-cheap-price-sextacy-powder","8":"product_tag-best-place-to-buy-sextacy-powder","9":"product_tag-bulk-online","10":"product_tag-buy-sextacy-powder","11":"product_tag-cheap-sextacy-powder","12":"product_tag-high-quality-sextacy-powder","13":"product_tag-how-to-buy-sextacy-powder","14":"product_tag-order-sextacy-powder","15":"product_tag-purcharse-sextacy-powder","16":"product_tag-sextacy-powder","17":"product_tag-sextacy-powder-for-sale","18":"product_tag-sextacy-powder-legally","19":"product_tag-sextacy-powder-online","20":"product_tag-sextacy-powder-sextacy-powder-supplier","21":"product_tag-sextacy-powder-store","22":"product_tag-sextacy-powder-use","23":"product_tag-sextacy-powder-wiki","24":"product_tag-sextacy-powder-worldwide","25":"product_tag-sextacy-powderprice","26":"product_tag-sextacy-powders","27":"product_tag-shop-sextacy-powder","28":"product_tag-top-quality","29":"product_tag-where-to-buy-sextacy-powder","30":"product_tag-where-to-order-sextacy-powder","31":"product_tag-wholesale-sextacy-powder","32":"desktop-align-left","33":"tablet-align-left","34":"mobile-align-left","35":"ast-product-gallery-layout-horizontal","36":"ast-product-gallery-with-no-image","37":"ast-product-single-variable","38":"ast-product-tabs-layout-horizontal","39":"ast-qv-on-image","41":"first","42":"instock","43":"shipping-taxable","44":"purchasable","45":"product-type-variable"},"yoast_head":"<!-- This site is optimized with the Yoast SEO plugin v25.9 - https:\/\/yoast.com\/wordpress\/plugins\/seo\/ -->\n<title>Sextacy Powder for Sale - Buy Sextacy Powder Online | LG<\/title>\n<meta name=\"description\" content=\"If you want to buy sextacy powder online and looking for a reliable online shop, then buy here. We offer only high-quality sextacy powder for sale at an affordable price. Order Now!\" \/>\n<meta name=\"robots\" content=\"index, follow, max-snippet:-1, max-image-preview:large, max-video-preview:-1\" \/>\n<link rel=\"canonical\" href=\"https:\/\/legitgrams.com\/cs\/produkt\/sextacy-prasek\/\" \/>\n<meta property=\"og:locale\" content=\"cs_CZ\" \/>\n<meta property=\"og:type\" content=\"article\" \/>\n<meta property=\"og:title\" content=\"Sextacy Powder for Sale - Buy Sextacy Powder Online | LG\" \/>\n<meta property=\"og:description\" content=\"If you want to buy sextacy powder online and looking for a reliable online shop, then buy here. We offer only high-quality sextacy powder for sale at an affordable price. Order Now!\" \/>\n<meta property=\"og:url\" content=\"https:\/\/legitgrams.com\/cs\/produkt\/sextacy-prasek\/\" \/>\n<meta property=\"og:site_name\" content=\"Legit Grams\" \/>\n<meta property=\"article:modified_time\" content=\"2025-01-15T05:34:15+00:00\" \/>\n<meta property=\"og:image\" content=\"https:\/\/legitgrams.com\/wp-content\/uploads\/2024\/09\/buy-pure-quality-sextacy-powder-online.jpg\" \/>\n\t<meta property=\"og:image:width\" content=\"600\" \/>\n\t<meta property=\"og:image:height\" content=\"600\" \/>\n\t<meta property=\"og:image:type\" content=\"image\/jpeg\" \/>\n<meta name=\"twitter:card\" content=\"summary_large_image\" \/>\n<meta name=\"twitter:label1\" content=\"Odhadovan\u00e1 doba \u010dten\u00ed\" \/>\n\t<meta name=\"twitter:data1\" content=\"1 minuta\" \/>\n<script type=\"application\/ld+json\" class=\"yoast-schema-graph\">{\"@context\":\"https:\/\/schema.org\",\"@graph\":[{\"@type\":\"WebPage\",\"@id\":\"https:\/\/legitgrams.com\/product\/sextacy-powder\/\",\"url\":\"https:\/\/legitgrams.com\/product\/sextacy-powder\/\",\"name\":\"Sextacy Powder for Sale - Buy Sextacy Powder Online | LG\",\"isPartOf\":{\"@id\":\"https:\/\/legitgrams.com\/#website\"},\"primaryImageOfPage\":{\"@id\":\"https:\/\/legitgrams.com\/product\/sextacy-powder\/#primaryimage\"},\"image\":{\"@id\":\"https:\/\/legitgrams.com\/product\/sextacy-powder\/#primaryimage\"},\"thumbnailUrl\":\"https:\/\/legitgrams.com\/wp-content\/uploads\/2024\/09\/buy-pure-quality-sextacy-powder-online.jpg\",\"datePublished\":\"2024-09-22T06:13:24+00:00\",\"dateModified\":\"2025-01-15T05:34:15+00:00\",\"description\":\"If you want to buy sextacy powder online and looking for a reliable online shop, then buy here. We offer only high-quality sextacy powder for sale at an affordable price. Order Now!\",\"breadcrumb\":{\"@id\":\"https:\/\/legitgrams.com\/product\/sextacy-powder\/#breadcrumb\"},\"inLanguage\":\"cs\",\"potentialAction\":[{\"@type\":\"ReadAction\",\"target\":[\"https:\/\/legitgrams.com\/product\/sextacy-powder\/\"]}]},{\"@type\":\"ImageObject\",\"inLanguage\":\"cs\",\"@id\":\"https:\/\/legitgrams.com\/product\/sextacy-powder\/#primaryimage\",\"url\":\"https:\/\/legitgrams.com\/wp-content\/uploads\/2024\/09\/buy-pure-quality-sextacy-powder-online.jpg\",\"contentUrl\":\"https:\/\/legitgrams.com\/wp-content\/uploads\/2024\/09\/buy-pure-quality-sextacy-powder-online.jpg\",\"width\":600,\"height\":600,\"caption\":\"Sextacy Powder for Sale\"},{\"@type\":\"BreadcrumbList\",\"@id\":\"https:\/\/legitgrams.com\/product\/sextacy-powder\/#breadcrumb\",\"itemListElement\":[{\"@type\":\"ListItem\",\"position\":1,\"name\":\"Home\",\"item\":\"https:\/\/legitgrams.com\/\"},{\"@type\":\"ListItem\",\"position\":2,\"name\":\"Shop\",\"item\":\"https:\/\/legitgrams.com\/shop\/\"},{\"@type\":\"ListItem\",\"position\":3,\"name\":\"Sextacy Powder\"}]},{\"@type\":\"WebSite\",\"@id\":\"https:\/\/legitgrams.com\/#website\",\"url\":\"https:\/\/legitgrams.com\/\",\"name\":\"Legit Grams\",\"description\":\"My WordPress Blog\",\"publisher\":{\"@id\":\"https:\/\/legitgrams.com\/#organization\"},\"potentialAction\":[{\"@type\":\"SearchAction\",\"target\":{\"@type\":\"EntryPoint\",\"urlTemplate\":\"https:\/\/legitgrams.com\/?s={search_term_string}\"},\"query-input\":{\"@type\":\"PropertyValueSpecification\",\"valueRequired\":true,\"valueName\":\"search_term_string\"}}],\"inLanguage\":\"cs\"},{\"@type\":\"Organization\",\"@id\":\"https:\/\/legitgrams.com\/#organization\",\"name\":\"Legit Grams\",\"url\":\"https:\/\/legitgrams.com\/\",\"logo\":{\"@type\":\"ImageObject\",\"inLanguage\":\"cs\",\"@id\":\"https:\/\/legitgrams.com\/#\/schema\/logo\/image\/\",\"url\":\"https:\/\/legitgrams.com\/wp-content\/uploads\/2024\/09\/main-logo.png\",\"contentUrl\":\"https:\/\/legitgrams.com\/wp-content\/uploads\/2024\/09\/main-logo.png\",\"width\":270,\"height\":75,\"caption\":\"Legit Grams\"},\"image\":{\"@id\":\"https:\/\/legitgrams.com\/#\/schema\/logo\/image\/\"}}]}<\/script>\n<!-- \/ Yoast SEO plugin. -->","yoast_head_json":{"title":"Sextacy Powder na prodej - Koupit Sextacy Powder online | LG","description":"Chcete-li si koupit sextacy pr\u00e1\u0161ek online a hled\u00e1te spolehliv\u00fd internetov\u00fd obchod, pak si zde kupte. Nab\u00edz\u00edme pouze vysoce kvalitn\u00ed sextacy pr\u00e1\u0161ek na prodej za p\u0159ijatelnou cenu. Objednejte si nyn\u00ed!","robots":{"index":"index","follow":"follow","max-snippet":"max-snippet:-1","max-image-preview":"max-image-preview:large","max-video-preview":"max-video-preview:-1"},"canonical":"https:\/\/legitgrams.com\/cs\/produkt\/sextacy-prasek\/","og_locale":"cs_CZ","og_type":"article","og_title":"Sextacy Powder for Sale - Buy Sextacy Powder Online | LG","og_description":"If you want to buy sextacy powder online and looking for a reliable online shop, then buy here. We offer only high-quality sextacy powder for sale at an affordable price. Order Now!","og_url":"https:\/\/legitgrams.com\/cs\/produkt\/sextacy-prasek\/","og_site_name":"Legit Grams","article_modified_time":"2025-01-15T05:34:15+00:00","og_image":[{"width":600,"height":600,"url":"https:\/\/legitgrams.com\/wp-content\/uploads\/2024\/09\/buy-pure-quality-sextacy-powder-online.jpg","type":"image\/jpeg"}],"twitter_card":"summary_large_image","twitter_misc":{"Odhadovan\u00e1 doba \u010dten\u00ed":"1 minuta"},"schema":{"@context":"https:\/\/schema.org","@graph":[{"@type":"WebPage","@id":"https:\/\/legitgrams.com\/product\/sextacy-powder\/","url":"https:\/\/legitgrams.com\/product\/sextacy-powder\/","name":"Sextacy Powder na prodej - Koupit Sextacy Powder online | LG","isPartOf":{"@id":"https:\/\/legitgrams.com\/#website"},"primaryImageOfPage":{"@id":"https:\/\/legitgrams.com\/product\/sextacy-powder\/#primaryimage"},"image":{"@id":"https:\/\/legitgrams.com\/product\/sextacy-powder\/#primaryimage"},"thumbnailUrl":"https:\/\/legitgrams.com\/wp-content\/uploads\/2024\/09\/buy-pure-quality-sextacy-powder-online.jpg","datePublished":"2024-09-22T06:13:24+00:00","dateModified":"2025-01-15T05:34:15+00:00","description":"Chcete-li si koupit sextacy pr\u00e1\u0161ek online a hled\u00e1te spolehliv\u00fd internetov\u00fd obchod, pak si zde kupte. Nab\u00edz\u00edme pouze vysoce kvalitn\u00ed sextacy pr\u00e1\u0161ek na prodej za p\u0159ijatelnou cenu. Objednejte si nyn\u00ed!","breadcrumb":{"@id":"https:\/\/legitgrams.com\/product\/sextacy-powder\/#breadcrumb"},"inLanguage":"cs","potentialAction":[{"@type":"ReadAction","target":["https:\/\/legitgrams.com\/product\/sextacy-powder\/"]}]},{"@type":"ImageObject","inLanguage":"cs","@id":"https:\/\/legitgrams.com\/product\/sextacy-powder\/#primaryimage","url":"https:\/\/legitgrams.com\/wp-content\/uploads\/2024\/09\/buy-pure-quality-sextacy-powder-online.jpg","contentUrl":"https:\/\/legitgrams.com\/wp-content\/uploads\/2024\/09\/buy-pure-quality-sextacy-powder-online.jpg","width":600,"height":600,"caption":"Sextacy Powder for Sale"},{"@type":"BreadcrumbList","@id":"https:\/\/legitgrams.com\/product\/sextacy-powder\/#breadcrumb","itemListElement":[{"@type":"ListItem","position":1,"name":"Home","item":"https:\/\/legitgrams.com\/"},{"@type":"ListItem","position":2,"name":"Shop","item":"https:\/\/legitgrams.com\/shop\/"},{"@type":"ListItem","position":3,"name":"Sextacy Powder"}]},{"@type":"WebSite","@id":"https:\/\/legitgrams.com\/#website","url":"https:\/\/legitgrams.com\/","name":"Leg\u00e1ln\u00ed gramy","description":"M\u016fj blog WordPress","publisher":{"@id":"https:\/\/legitgrams.com\/#organization"},"potentialAction":[{"@type":"SearchAction","target":{"@type":"EntryPoint","urlTemplate":"https:\/\/legitgrams.com\/?s={search_term_string}"},"query-input":{"@type":"PropertyValueSpecification","valueRequired":true,"valueName":"search_term_string"}}],"inLanguage":"cs"},{"@type":"Organization","@id":"https:\/\/legitgrams.com\/#organization","name":"Leg\u00e1ln\u00ed gramy","url":"https:\/\/legitgrams.com\/","logo":{"@type":"ImageObject","inLanguage":"cs","@id":"https:\/\/legitgrams.com\/#\/schema\/logo\/image\/","url":"https:\/\/legitgrams.com\/wp-content\/uploads\/2024\/09\/main-logo.png","contentUrl":"https:\/\/legitgrams.com\/wp-content\/uploads\/2024\/09\/main-logo.png","width":270,"height":75,"caption":"Legit Grams"},"image":{"@id":"https:\/\/legitgrams.com\/#\/schema\/logo\/image\/"}}]}},"uagb_featured_image_src":{"full":["https:\/\/legitgrams.com\/wp-content\/uploads\/2024\/09\/buy-pure-quality-sextacy-powder-online.jpg",600,600,false],"thumbnail":["https:\/\/legitgrams.com\/wp-content\/uploads\/2024\/09\/buy-pure-quality-sextacy-powder-online-150x150.jpg",150,150,true],"medium":["https:\/\/legitgrams.com\/wp-content\/uploads\/2024\/09\/buy-pure-quality-sextacy-powder-online-300x300.jpg",300,300,true],"medium_large":["https:\/\/legitgrams.com\/wp-content\/uploads\/2024\/09\/buy-pure-quality-sextacy-powder-online.jpg",600,600,false],"large":["https:\/\/legitgrams.com\/wp-content\/uploads\/2024\/09\/buy-pure-quality-sextacy-powder-online.jpg",600,600,false],"1536x1536":["https:\/\/legitgrams.com\/wp-content\/uploads\/2024\/09\/buy-pure-quality-sextacy-powder-online.jpg",600,600,false],"2048x2048":["https:\/\/legitgrams.com\/wp-content\/uploads\/2024\/09\/buy-pure-quality-sextacy-powder-online.jpg",600,600,false],"trp-custom-language-flag":["https:\/\/legitgrams.com\/wp-content\/uploads\/2024\/09\/buy-pure-quality-sextacy-powder-online-12x12.jpg",12,12,true],"woocommerce_thumbnail":["https:\/\/legitgrams.com\/wp-content\/uploads\/2024\/09\/buy-pure-quality-sextacy-powder-online-300x300.jpg",300,300,true],"woocommerce_single":["https:\/\/legitgrams.com\/wp-content\/uploads\/2024\/09\/buy-pure-quality-sextacy-powder-online.jpg",600,600,false],"woocommerce_gallery_thumbnail":["https:\/\/legitgrams.com\/wp-content\/uploads\/2024\/09\/buy-pure-quality-sextacy-powder-online-100x100.jpg",100,100,true]},"uagb_author_info":{"display_name":"cokeblog18","author_link":"https:\/\/legitgrams.com\/cs\/author\/"},"uagb_comment_info":0,"uagb_excerpt":"Order Pure Quality Sextacy Powder Online GET SEXTACY POWDER. Purchase sextacy powder in bulk online Sextacy Powder is a novel and intriguing product that can be bought. Sextacy only comes in powder form, and a-PVP is the product&#8217;s active ingredient! Strength: 5 out of 5. premium Sextacy Ultimate powder that is lawful. Accompany the lab&hellip;","_links":{"self":[{"href":"https:\/\/legitgrams.com\/cs\/wp-json\/wp\/v2\/product\/4220","targetHints":{"allow":["GET"]}}],"collection":[{"href":"https:\/\/legitgrams.com\/cs\/wp-json\/wp\/v2\/product"}],"about":[{"href":"https:\/\/legitgrams.com\/cs\/wp-json\/wp\/v2\/types\/product"}],"replies":[{"embeddable":true,"href":"https:\/\/legitgrams.com\/cs\/wp-json\/wp\/v2\/comments?post=4220"}],"wp:featuredmedia":[{"embeddable":true,"href":"https:\/\/legitgrams.com\/cs\/wp-json\/wp\/v2\/media\/5303"}],"wp:attachment":[{"href":"https:\/\/legitgrams.com\/cs\/wp-json\/wp\/v2\/media?parent=4220"}],"wp:term":[{"taxonomy":"product_brand","embeddable":true,"href":"https:\/\/legitgrams.com\/cs\/wp-json\/wp\/v2\/product_brand?post=4220"},{"taxonomy":"product_cat","embeddable":true,"href":"https:\/\/legitgrams.com\/cs\/wp-json\/wp\/v2\/product_cat?post=4220"},{"taxonomy":"product_tag","embeddable":true,"href":"https:\/\/legitgrams.com\/cs\/wp-json\/wp\/v2\/product_tag?post=4220"}],"curies":[{"name":"wp","href":"https:\/\/api.w.org\/{rel}","templated":true}]}}