{"id":4221,"date":"2024-09-22T06:14:11","date_gmt":"2024-09-22T06:14:11","guid":{"rendered":"https:\/\/legitgrams.com\/?post_type=product&#038;p=4221"},"modified":"2025-04-03T10:22:11","modified_gmt":"2025-04-03T10:22:11","slug":"mdma-prasek","status":"publish","type":"product","link":"https:\/\/legitgrams.com\/cs\/produkt\/mdma-prasek\/","title":{"rendered":"Koupit MDMA pr\u00e1\u0161ek online"},"content":{"rendered":"<h2>Kupte si origin\u00e1ln\u00ed pr\u00e1\u0161ek MDMA online.<\/h2>\n<p>Kupujte origin\u00e1ln\u00ed <a href=\"https:\/\/legitgrams.com\/cs\/produkt\/mdma-prasek\/\">Pr\u00e1\u0161ek MDMA<\/a> online. M\u00e1me tu nejkvalitn\u011bj\u0161\u00ed pr\u00e1\u0161ek MDMA (ext\u00e1ze\/molly), kter\u00fd lze zakoupit zde.<\/p>\n<p><a href=\"https:\/\/www.bing.com\/search?q=Buy%20MDMA%20Powder%20Online&amp;qs=n&amp;form=QBRE&amp;sp=-1&amp;lq=0&amp;pq=buy%20mdma%20powder%20online&amp;sc=0-22&amp;sk=&amp;cvid=535EEE1EF66F471792227A1FFBB85945&amp;ghsh=0&amp;ghacc=0&amp;ghpl=\">Pure MDMA powder<\/a> lze zakoupit online. Ext\u00e1zi\/Molly Powder je mo\u017en\u00e9 koupit online.<\/p>\n<p>Psychoaktivn\u00ed droga kategorizovan\u00e1 jako n\u00e1hra\u017eka amfetaminu a methylendioxyfenetylaminu je <a href=\"https:\/\/www.google.com\/search?q=Koupit+MDMA+prek+online&amp;sca_esv=eddefdb7b92e7545&amp;sxsrf=AHTn8zrGuUqt5wS6xUAMLR2ziKIt6aCBYg1743676032818&amp;ei=gGLuZ97UMYvG0PEPgOrs6Qg&amp;ved=0ahUKEwjelKi007uMAxULIzQIHQA1O40Q4dUDCBA&amp;uact=5&amp;oq=Koupit+MDMA+prek+online&amp;gs_lp=Egxnd3Mtd2l6LXNlcnAiG0tvdXBpdCBNRE1BIHByw6HFoWVrIG9ubGluZTIFECEYoAEyBRAhGKABMgUQIRigATIFECEYoAEyBRAhGKABSMsEUABYAHAAeAGQAQCYAf4CoAH-AqoBAzMtMbgBA8gBAPgBAvgBAZgCAaACggOYAwCSBwMzLTGgB8YEsgcDMy0xuAeCAw&amp;sclient=gws-wiz-serp\">MDMA<\/a> (vyjednan\u00fd 3,4-methylendioxymetamfetamin), kter\u00fd lze zakoupit online. Nejv\u00edce se pou\u017e\u00edv\u00e1 pro sv\u00e9 sympatick\u00e9 a euforick\u00e9 \u00fa\u010dinky. Drogerie: Kupte si MDMA Pure Powder. MDMA uvol\u0148uje serotonin, norepinefrin a dopamin krom\u011b toho, \u017ee p\u016fsob\u00ed jako inhibitor zp\u011btn\u00e9ho vychyt\u00e1v\u00e1n\u00ed. <a href=\"https:\/\/legitgrams.com\/cs\/\">LegitGrams<\/a> nab\u00edz\u00ed MDMA pr\u00e1\u0161ek k prodeji online.<\/p>\n<p>Term\u00edn \u201eext\u00e1ze\u201c (zkr\u00e1cen\u011b \u201eE\u201c, \u201eX\u201c nebo \u201eXTC\u201c), kter\u00fd se \u010dasto pou\u017e\u00edv\u00e1 k ozna\u010den\u00ed MDMA prod\u00e1van\u00e9ho online, obvykle odkazuje na formu tablet, p\u0159i\u010dem\u017e m\u016f\u017ee tak\u00e9 nazna\u010dovat mo\u017enost podvodn\u00e9ho dopl\u0148ku.<\/p>\n<p>A express\u00e3o \u201c\u00e0 venda \u2014 Mandy\u201d Nos EUA e no Reino Unido, \u201cMolly \u00e0 venda\u201d descreve o MDMA como um p\u00f3 cristalino que \u00e9 praticamente livre de ingredientes falsificados. \u00c0s vezes, Molly pode estar falando sobre medicamentos semelhantes, como mefedrona, metilona, \u200b\u200bcompra de MDMA puro em p\u00f3, compra de MDPV online ou qualquer outra classe de produtos qu\u00edmicos farmacol\u00f3gicos chamados sais de banho.<\/p>\n<p>N\u00e1kup <a href=\"https:\/\/duckduckgo.com\/?q=Koupit+MDMA+prek+online&amp;t=h_\">pure MDMA powder<\/a> online, n\u00e1kup \u010dist\u00e9 <a href=\"https:\/\/en.wikipedia.org\/wiki\/MDMA\">MDMA<\/a> pr\u00e1\u0161ek v USA, n\u00e1kup \u010dist\u00e9ho pr\u00e1\u0161ku MDMA online v USA, kde koupit pr\u00e1\u0161ek \u010dist\u00e9ho MDMA, kde koupit pr\u00e1\u0161ek \u010dist\u00e9ho MDMA v okol\u00ed, kde koupit pr\u00e1\u0161ek \u010dist\u00e9ho MDMA, kde koupit pr\u00e1\u0161ek \u010dist\u00e9ho MDMA v USA, Kanad\u011b a Velk\u00e9 Brit\u00e1nii , Kde koupit Pure MDMA Powder Online, Dodavatel\u00e9, Bezpe\u010dn\u00e1 doprava \u010cist\u00fd MDMA pr\u00e1\u0161ek lze st\u00e1le z\u00edskat ur\u010dit\u00fdmi zp\u016fsoby, v\u010detn\u011b nap\u0159\u00edklad zji\u0161t\u011bn\u00ed, jak si jej objednat nebo zda je leg\u00e1ln\u00ed si jej koupit online v USA. Povoluje Kanada pou\u017eit\u00ed \u010dist\u00e9ho pr\u00e1\u0161ku MDMA?<\/p>\n<h2><\/h2>\n<h2><\/h2>\n<p>&nbsp;<\/p>","protected":false},"excerpt":{"rendered":"<p>Purchase genuine MDMA powder online. Buy genuine MDMA powder online. We have the highest grade MDMA (Ecstasy\/Molly) Powder available for purchase here. Pure MDMA powder can be purchased online. It is possible to buy Ecstasy\/Molly Powder online. A psychoactive drug categorized as an amphetamine and methylenedioxyphenethylamine substitute is MDMA (negotiated 3,4-methylenedioxy-methamphetamine), which may be purchased &hellip;<\/p>\n<p class=\"read-more\"> <a class=\"\" href=\"https:\/\/legitgrams.com\/cs\/produkt\/mdma-prasek\/\"> <span class=\"screen-reader-text\">Koupit MDMA pr\u00e1\u0161ek online<\/span> \u010c\u00edst d\u00e1l \"<\/a><\/p>","protected":false},"featured_media":5301,"comment_status":"open","ping_status":"closed","template":"","meta":{"_uag_custom_page_level_css":"","site-sidebar-layout":"default","site-content-layout":"default","ast-global-header-display":"","ast-main-header-display":"","ast-hfb-above-header-display":"","ast-hfb-below-header-display":"","ast-hfb-mobile-header-display":"","site-post-title":"","ast-breadcrumbs-content":"","ast-featured-img":"","footer-sml-layout":"","theme-transparent-header-meta":"default","adv-header-id-meta":"","stick-header-meta":"default","header-above-stick-meta":"","header-main-stick-meta":"","header-below-stick-meta":"","_joinchat":[]},"product_brand":[],"product_cat":[600],"product_tag":[1980,1970,617,1962,1977,1974,1969,1961,1964,1972,1965,1963,1975,1982,1983,1981,1973,1978,1967,1979,1976,625,1968,1971,1966],"class_list":{"0":"post-4221","1":"product","2":"type-product","3":"status-publish","4":"has-post-thumbnail","6":"product_cat-research-chemicals-and-bath-salt","7":"product_tag-best-cheap-price-mdma-powder","8":"product_tag-best-place-to-buy-mdma-powder","9":"product_tag-bulk-online","10":"product_tag-buy-mdma-powder","11":"product_tag-cheap-mdma-powder","12":"product_tag-high-quality-mdma-powder","13":"product_tag-how-to-buy-mdma-powder","14":"product_tag-mdma-powder","15":"product_tag-mdma-powder-for-sale","16":"product_tag-mdma-powder-legally","17":"product_tag-mdma-powder-mdma-powder-supplier","18":"product_tag-mdma-powder-online","19":"product_tag-mdma-powder-store","20":"product_tag-mdma-powder-use","21":"product_tag-mdma-powder-wiki","22":"product_tag-mdma-powder-worldwide","23":"product_tag-mdma-powderprice","24":"product_tag-mdma-powders","25":"product_tag-order-mdma-powder","26":"product_tag-purcharse-mdma-powder","27":"product_tag-shop-mdma-powder","28":"product_tag-top-quality","29":"product_tag-where-to-buy-mdma-powder","30":"product_tag-where-to-order-mdma-powder","31":"product_tag-wholesale-mdma-powder","32":"desktop-align-left","33":"tablet-align-left","34":"mobile-align-left","35":"ast-product-gallery-layout-horizontal","36":"ast-product-gallery-with-no-image","37":"ast-product-single-variable","38":"ast-product-tabs-layout-horizontal","39":"ast-qv-on-image","41":"first","42":"instock","43":"shipping-taxable","44":"purchasable","45":"product-type-variable"},"yoast_head":"<!-- This site is optimized with the Yoast SEO plugin v25.9 - https:\/\/yoast.com\/wordpress\/plugins\/seo\/ -->\n<title>MDMA Powder for Sale - Buy MDMA Powder Online | LegitGrams<\/title>\n<meta name=\"description\" content=\"Looking to buy MDMA powder online at a reasonable price? Visit our reputable Legitgrams online store and get MDMA powder for sale today. Place an order now!\" \/>\n<meta name=\"robots\" content=\"index, follow, max-snippet:-1, max-image-preview:large, max-video-preview:-1\" \/>\n<link rel=\"canonical\" href=\"https:\/\/legitgrams.com\/cs\/produkt\/mdma-prasek\/\" \/>\n<meta property=\"og:locale\" content=\"cs_CZ\" \/>\n<meta property=\"og:type\" content=\"article\" \/>\n<meta property=\"og:title\" content=\"MDMA Powder for Sale - Buy MDMA Powder Online | LegitGrams\" \/>\n<meta property=\"og:description\" content=\"Looking to buy MDMA powder online at a reasonable price? Visit our reputable Legitgrams online store and get MDMA powder for sale today. Place an order now!\" \/>\n<meta property=\"og:url\" content=\"https:\/\/legitgrams.com\/cs\/produkt\/mdma-prasek\/\" \/>\n<meta property=\"og:site_name\" content=\"Legit Grams\" \/>\n<meta property=\"article:modified_time\" content=\"2025-04-03T10:22:11+00:00\" \/>\n<meta property=\"og:image\" content=\"https:\/\/legitgrams.com\/wp-content\/uploads\/2024\/09\/Buy-pure-MDMA-powder-online.jpg\" \/>\n\t<meta property=\"og:image:width\" content=\"600\" \/>\n\t<meta property=\"og:image:height\" content=\"600\" \/>\n\t<meta property=\"og:image:type\" content=\"image\/jpeg\" \/>\n<meta name=\"twitter:card\" content=\"summary_large_image\" \/>\n<meta name=\"twitter:label1\" content=\"Odhadovan\u00e1 doba \u010dten\u00ed\" \/>\n\t<meta name=\"twitter:data1\" content=\"2 minuty\" \/>\n<script type=\"application\/ld+json\" class=\"yoast-schema-graph\">{\"@context\":\"https:\/\/schema.org\",\"@graph\":[{\"@type\":\"WebPage\",\"@id\":\"https:\/\/legitgrams.com\/product\/mdma-powder\/\",\"url\":\"https:\/\/legitgrams.com\/product\/mdma-powder\/\",\"name\":\"MDMA Powder for Sale - Buy MDMA Powder Online | LegitGrams\",\"isPartOf\":{\"@id\":\"https:\/\/legitgrams.com\/#website\"},\"primaryImageOfPage\":{\"@id\":\"https:\/\/legitgrams.com\/product\/mdma-powder\/#primaryimage\"},\"image\":{\"@id\":\"https:\/\/legitgrams.com\/product\/mdma-powder\/#primaryimage\"},\"thumbnailUrl\":\"https:\/\/legitgrams.com\/wp-content\/uploads\/2024\/09\/Buy-pure-MDMA-powder-online.jpg\",\"datePublished\":\"2024-09-22T06:14:11+00:00\",\"dateModified\":\"2025-04-03T10:22:11+00:00\",\"description\":\"Looking to buy MDMA powder online at a reasonable price? Visit our reputable Legitgrams online store and get MDMA powder for sale today. Place an order now!\",\"breadcrumb\":{\"@id\":\"https:\/\/legitgrams.com\/product\/mdma-powder\/#breadcrumb\"},\"inLanguage\":\"cs\",\"potentialAction\":[{\"@type\":\"ReadAction\",\"target\":[\"https:\/\/legitgrams.com\/product\/mdma-powder\/\"]}]},{\"@type\":\"ImageObject\",\"inLanguage\":\"cs\",\"@id\":\"https:\/\/legitgrams.com\/product\/mdma-powder\/#primaryimage\",\"url\":\"https:\/\/legitgrams.com\/wp-content\/uploads\/2024\/09\/Buy-pure-MDMA-powder-online.jpg\",\"contentUrl\":\"https:\/\/legitgrams.com\/wp-content\/uploads\/2024\/09\/Buy-pure-MDMA-powder-online.jpg\",\"width\":600,\"height\":600,\"caption\":\"MDMA Powder for Sale\"},{\"@type\":\"BreadcrumbList\",\"@id\":\"https:\/\/legitgrams.com\/product\/mdma-powder\/#breadcrumb\",\"itemListElement\":[{\"@type\":\"ListItem\",\"position\":1,\"name\":\"Home\",\"item\":\"https:\/\/legitgrams.com\/\"},{\"@type\":\"ListItem\",\"position\":2,\"name\":\"Shop\",\"item\":\"https:\/\/legitgrams.com\/shop\/\"},{\"@type\":\"ListItem\",\"position\":3,\"name\":\"Buy MDMA Powder Online\"}]},{\"@type\":\"WebSite\",\"@id\":\"https:\/\/legitgrams.com\/#website\",\"url\":\"https:\/\/legitgrams.com\/\",\"name\":\"Legit Grams\",\"description\":\"My WordPress Blog\",\"publisher\":{\"@id\":\"https:\/\/legitgrams.com\/#organization\"},\"potentialAction\":[{\"@type\":\"SearchAction\",\"target\":{\"@type\":\"EntryPoint\",\"urlTemplate\":\"https:\/\/legitgrams.com\/?s={search_term_string}\"},\"query-input\":{\"@type\":\"PropertyValueSpecification\",\"valueRequired\":true,\"valueName\":\"search_term_string\"}}],\"inLanguage\":\"cs\"},{\"@type\":\"Organization\",\"@id\":\"https:\/\/legitgrams.com\/#organization\",\"name\":\"Legit Grams\",\"url\":\"https:\/\/legitgrams.com\/\",\"logo\":{\"@type\":\"ImageObject\",\"inLanguage\":\"cs\",\"@id\":\"https:\/\/legitgrams.com\/#\/schema\/logo\/image\/\",\"url\":\"https:\/\/legitgrams.com\/wp-content\/uploads\/2024\/09\/main-logo.png\",\"contentUrl\":\"https:\/\/legitgrams.com\/wp-content\/uploads\/2024\/09\/main-logo.png\",\"width\":270,\"height\":75,\"caption\":\"Legit Grams\"},\"image\":{\"@id\":\"https:\/\/legitgrams.com\/#\/schema\/logo\/image\/\"}}]}<\/script>\n<!-- \/ Yoast SEO plugin. -->","yoast_head_json":{"title":"MDMA pr\u00e1\u0161ek na prodej - koupit MDMA pr\u00e1\u0161ek online | LegitGrams","description":"Chcete si koupit MDMA pr\u00e1\u0161ek online za rozumnou cenu? Nav\u0161tivte n\u00e1\u0161 renomovan\u00fd internetov\u00fd obchod Legitgrams a z\u00edskejte MDMA pr\u00e1\u0161ek na prodej je\u0161t\u011b dnes. Objednejte si ho nyn\u00ed!","robots":{"index":"index","follow":"follow","max-snippet":"max-snippet:-1","max-image-preview":"max-image-preview:large","max-video-preview":"max-video-preview:-1"},"canonical":"https:\/\/legitgrams.com\/cs\/produkt\/mdma-prasek\/","og_locale":"cs_CZ","og_type":"article","og_title":"MDMA Powder for Sale - Buy MDMA Powder Online | LegitGrams","og_description":"Looking to buy MDMA powder online at a reasonable price? Visit our reputable Legitgrams online store and get MDMA powder for sale today. Place an order now!","og_url":"https:\/\/legitgrams.com\/cs\/produkt\/mdma-prasek\/","og_site_name":"Legit Grams","article_modified_time":"2025-04-03T10:22:11+00:00","og_image":[{"width":600,"height":600,"url":"https:\/\/legitgrams.com\/wp-content\/uploads\/2024\/09\/Buy-pure-MDMA-powder-online.jpg","type":"image\/jpeg"}],"twitter_card":"summary_large_image","twitter_misc":{"Odhadovan\u00e1 doba \u010dten\u00ed":"2 minuty"},"schema":{"@context":"https:\/\/schema.org","@graph":[{"@type":"WebPage","@id":"https:\/\/legitgrams.com\/product\/mdma-powder\/","url":"https:\/\/legitgrams.com\/product\/mdma-powder\/","name":"MDMA pr\u00e1\u0161ek na prodej - koupit MDMA pr\u00e1\u0161ek online | LegitGrams","isPartOf":{"@id":"https:\/\/legitgrams.com\/#website"},"primaryImageOfPage":{"@id":"https:\/\/legitgrams.com\/product\/mdma-powder\/#primaryimage"},"image":{"@id":"https:\/\/legitgrams.com\/product\/mdma-powder\/#primaryimage"},"thumbnailUrl":"https:\/\/legitgrams.com\/wp-content\/uploads\/2024\/09\/Buy-pure-MDMA-powder-online.jpg","datePublished":"2024-09-22T06:14:11+00:00","dateModified":"2025-04-03T10:22:11+00:00","description":"Chcete si koupit MDMA pr\u00e1\u0161ek online za rozumnou cenu? Nav\u0161tivte n\u00e1\u0161 renomovan\u00fd internetov\u00fd obchod Legitgrams a z\u00edskejte MDMA pr\u00e1\u0161ek na prodej je\u0161t\u011b dnes. Objednejte si ho nyn\u00ed!","breadcrumb":{"@id":"https:\/\/legitgrams.com\/product\/mdma-powder\/#breadcrumb"},"inLanguage":"cs","potentialAction":[{"@type":"ReadAction","target":["https:\/\/legitgrams.com\/product\/mdma-powder\/"]}]},{"@type":"ImageObject","inLanguage":"cs","@id":"https:\/\/legitgrams.com\/product\/mdma-powder\/#primaryimage","url":"https:\/\/legitgrams.com\/wp-content\/uploads\/2024\/09\/Buy-pure-MDMA-powder-online.jpg","contentUrl":"https:\/\/legitgrams.com\/wp-content\/uploads\/2024\/09\/Buy-pure-MDMA-powder-online.jpg","width":600,"height":600,"caption":"MDMA Powder for Sale"},{"@type":"BreadcrumbList","@id":"https:\/\/legitgrams.com\/product\/mdma-powder\/#breadcrumb","itemListElement":[{"@type":"ListItem","position":1,"name":"Home","item":"https:\/\/legitgrams.com\/"},{"@type":"ListItem","position":2,"name":"Shop","item":"https:\/\/legitgrams.com\/shop\/"},{"@type":"ListItem","position":3,"name":"Buy MDMA Powder Online"}]},{"@type":"WebSite","@id":"https:\/\/legitgrams.com\/#website","url":"https:\/\/legitgrams.com\/","name":"Leg\u00e1ln\u00ed gramy","description":"M\u016fj blog WordPress","publisher":{"@id":"https:\/\/legitgrams.com\/#organization"},"potentialAction":[{"@type":"SearchAction","target":{"@type":"EntryPoint","urlTemplate":"https:\/\/legitgrams.com\/?s={search_term_string}"},"query-input":{"@type":"PropertyValueSpecification","valueRequired":true,"valueName":"search_term_string"}}],"inLanguage":"cs"},{"@type":"Organization","@id":"https:\/\/legitgrams.com\/#organization","name":"Leg\u00e1ln\u00ed gramy","url":"https:\/\/legitgrams.com\/","logo":{"@type":"ImageObject","inLanguage":"cs","@id":"https:\/\/legitgrams.com\/#\/schema\/logo\/image\/","url":"https:\/\/legitgrams.com\/wp-content\/uploads\/2024\/09\/main-logo.png","contentUrl":"https:\/\/legitgrams.com\/wp-content\/uploads\/2024\/09\/main-logo.png","width":270,"height":75,"caption":"Legit Grams"},"image":{"@id":"https:\/\/legitgrams.com\/#\/schema\/logo\/image\/"}}]}},"uagb_featured_image_src":{"full":["https:\/\/legitgrams.com\/wp-content\/uploads\/2024\/09\/Buy-pure-MDMA-powder-online.jpg",600,600,false],"thumbnail":["https:\/\/legitgrams.com\/wp-content\/uploads\/2024\/09\/Buy-pure-MDMA-powder-online-150x150.jpg",150,150,true],"medium":["https:\/\/legitgrams.com\/wp-content\/uploads\/2024\/09\/Buy-pure-MDMA-powder-online-300x300.jpg",300,300,true],"medium_large":["https:\/\/legitgrams.com\/wp-content\/uploads\/2024\/09\/Buy-pure-MDMA-powder-online.jpg",600,600,false],"large":["https:\/\/legitgrams.com\/wp-content\/uploads\/2024\/09\/Buy-pure-MDMA-powder-online.jpg",600,600,false],"1536x1536":["https:\/\/legitgrams.com\/wp-content\/uploads\/2024\/09\/Buy-pure-MDMA-powder-online.jpg",600,600,false],"2048x2048":["https:\/\/legitgrams.com\/wp-content\/uploads\/2024\/09\/Buy-pure-MDMA-powder-online.jpg",600,600,false],"trp-custom-language-flag":["https:\/\/legitgrams.com\/wp-content\/uploads\/2024\/09\/Buy-pure-MDMA-powder-online-12x12.jpg",12,12,true],"woocommerce_thumbnail":["https:\/\/legitgrams.com\/wp-content\/uploads\/2024\/09\/Buy-pure-MDMA-powder-online-300x300.jpg",300,300,true],"woocommerce_single":["https:\/\/legitgrams.com\/wp-content\/uploads\/2024\/09\/Buy-pure-MDMA-powder-online.jpg",600,600,false],"woocommerce_gallery_thumbnail":["https:\/\/legitgrams.com\/wp-content\/uploads\/2024\/09\/Buy-pure-MDMA-powder-online-100x100.jpg",100,100,true]},"uagb_author_info":{"display_name":"cokeblog18","author_link":"https:\/\/legitgrams.com\/cs\/author\/"},"uagb_comment_info":0,"uagb_excerpt":"Purchase genuine MDMA powder online. Buy genuine MDMA powder online. We have the highest grade MDMA (Ecstasy\/Molly) Powder available for purchase here. Pure MDMA powder can be purchased online. It is possible to buy Ecstasy\/Molly Powder online. A psychoactive drug categorized as an amphetamine and methylenedioxyphenethylamine substitute is MDMA (negotiated 3,4-methylenedioxy-methamphetamine), which may be purchased&hellip;","_links":{"self":[{"href":"https:\/\/legitgrams.com\/cs\/wp-json\/wp\/v2\/product\/4221","targetHints":{"allow":["GET"]}}],"collection":[{"href":"https:\/\/legitgrams.com\/cs\/wp-json\/wp\/v2\/product"}],"about":[{"href":"https:\/\/legitgrams.com\/cs\/wp-json\/wp\/v2\/types\/product"}],"replies":[{"embeddable":true,"href":"https:\/\/legitgrams.com\/cs\/wp-json\/wp\/v2\/comments?post=4221"}],"wp:featuredmedia":[{"embeddable":true,"href":"https:\/\/legitgrams.com\/cs\/wp-json\/wp\/v2\/media\/5301"}],"wp:attachment":[{"href":"https:\/\/legitgrams.com\/cs\/wp-json\/wp\/v2\/media?parent=4221"}],"wp:term":[{"taxonomy":"product_brand","embeddable":true,"href":"https:\/\/legitgrams.com\/cs\/wp-json\/wp\/v2\/product_brand?post=4221"},{"taxonomy":"product_cat","embeddable":true,"href":"https:\/\/legitgrams.com\/cs\/wp-json\/wp\/v2\/product_cat?post=4221"},{"taxonomy":"product_tag","embeddable":true,"href":"https:\/\/legitgrams.com\/cs\/wp-json\/wp\/v2\/product_tag?post=4221"}],"curies":[{"name":"wp","href":"https:\/\/api.w.org\/{rel}","templated":true}]}}