{"id":4225,"date":"2024-09-22T06:41:44","date_gmt":"2024-09-22T06:41:44","guid":{"rendered":"https:\/\/legitgrams.com\/?post_type=product&#038;p=4225"},"modified":"2025-04-03T08:35:57","modified_gmt":"2025-04-03T08:35:57","slug":"pure-10mg-ald-52-powder","status":"publish","type":"product","link":"https:\/\/legitgrams.com\/cs\/produkt\/pure-10mg-ald-52-powder\/","title":{"rendered":"Koupit \u010dist\u00fd pr\u00e1\u0161ek 10mg ALD-52 online"},"content":{"rendered":"<h2>N\u00e1kup \u010dist\u00e9ho pr\u00e1\u0161ku 10mg ALD-52 online<\/h2>\n<p>1-acetyl-LSD nebo <a href=\"https:\/\/en.wikipedia.org\/wiki\/ALD-52\">ALD-52 POWDER<\/a>, pat\u0159\u00ed do skupiny lysergamid\u016f. Prvn\u00ed objev u\u010dinil pan Hoffman, ale k jeho popularizaci do\u0161lo a\u017e v 60. letech 20. stolet\u00ed.<\/p>\n<p>UPAC pro ALD-52: (6aR,9R)4,6,6a,7,8,9-hexahydroindolo[4,3-fg] -4-acetyl-N,N-diethyl-7-methyl-Nin-karboxamid chinolin.<\/p>\n<h3>ALD-52 dod\u00e1v\u00e1me ve 100\u00b5g blistrech pro ide\u00e1ln\u00ed studium.<\/h3>\n<p>1. Diethylamid kyseliny acetyl-lysergov\u00e9 (<a href=\"https:\/\/www.bing.com\/search?q=Buy%20Pure%2010mg%20ALD-52%20Powder%20Online&amp;qs=n&amp;form=seinsb&amp;sp=-1&amp;lq=0&amp;pq=buy%20pure%2010mg%20ald-52%20powder%20online&amp;sc=0-34&amp;sk=&amp;cvid=98ED20E9773F4292AC21970C1A3D4F47&amp;ghsh=0&amp;ghacc=0&amp;ghpl=\">1A-LSD<\/a>) je nekontrolovan\u00fd prot\u011bj\u0161ek LSD, kter\u00fd je \u010dasto ozna\u010dov\u00e1n jako Orange Sunshine Acid nebo ALD-52. Je docela podobn\u00fd LSD-25, proto\u017ee je homologem 1P-LSD. <a href=\"https:\/\/legitgrams.com\/cs\/\">LegitGrams<\/a><\/p>\n<p><a href=\"https:\/\/legitgrams.com\/cs\/produkt\/pure-10mg-ald-52-powder\/\">N\u00e1kup \u010dist\u00e9ho pr\u00e1\u0161ku 10mg ALD-52 online<\/a> &#8211; <a href=\"https:\/\/www.google.com\/search?q=Koupit+Pure+10mg+ALD-52+Powder+online&amp;sca_esv=eddefdb7b92e7545&amp;sxsrf=AHTn8zoaTdakpU-DqSm-Y5oaBOGtteBEvw1743670206122&amp;ei=vkvuZ8eZB7KL0PEP68P14Qk&amp;ved=0ahUKEwjH8PbZvbuMAxWyBTQIHethPZwQ4dUDCBA&amp;uact=5&amp;oq=Koupit+Pure+10mg+ALD-52+Powder+online&amp;gs_lp=Egxnd3Mtd2l6LXNlcnAiJUtvdXBpdCBQdXJlIDEwbWcgQUxELTUyIFBvd2RlciBvbmxpbmUyBRAhGKABMgUQIRigAUjoBFAAWABwAHgAkAEAmAHwAqAB8AKqAQMzLTG4AQPIAQD4AQL4AQGYAgGgAvMCmAMAkgcDMy0xoAfNArIHAzMtMbgH8wI&amp;sclient=gws-wiz-serp\">Kupte si \u010dist\u00fd 10mg ALD-52 pr\u00e1\u0161ek<\/a>r, Koupit \u010dist\u00fd 10mg ALD-52 pr\u00e1\u0161ek USA, Koupit \u010dist\u00fd 10mg ALD-52 pr\u00e1\u0161ek online USA, kde koupit \u010dist\u00fd 10mg ALD-52 pr\u00e1\u0161ek, koupit \u010dist\u00fd 10mg ALD-52 pr\u00e1\u0161ek, <a href=\"https:\/\/duckduckgo.com\/?q=Koupit+Pure+10mg+ALD-52+Powder+online&amp;t=h_\">Koupit \u010dist\u00fd 10mg ALD-52 pr\u00e1\u0161ek na prodej<\/a>, Koupit Pure 10mg ALD-52 Powder Near Me, Koupit Pure 10mg ALD-52 Powder powder online v okol\u00ed, kde z\u00edskat \u010dist\u00fd pr\u00e1\u0161ek 10 mg ALD-52, kde z\u00edskat \u010dist\u00fd pr\u00e1\u0161ek 10 mg ALD-52 online, dodavatel\u00e9, bezpe\u010dn\u00e9 doru\u010den\u00ed, USA, Kanada, Spojen\u00e9 kr\u00e1lovstv\u00ed, koupit, online, St\u00e1le m\u016f\u017eete z\u00edskat pr\u00e1\u0161ek ALD Pure-52. M\u016f\u017eete tak\u00e9 zjistit, zda je pr\u00e1\u0161ek Pure 10 mg ALD-52 leg\u00e1ln\u00ed ve Spojen\u00fdch st\u00e1tech, jak si objednat pr\u00e1\u0161ek Pure 10 mg ALD-52 a zda je pr\u00e1\u0161ek Pure 10 mg ALD-52 leg\u00e1ln\u00ed v Kanad\u011b.<\/p>","protected":false},"excerpt":{"rendered":"<p>Purchase Pure 10mg ALD-52 Powder Online 1-Acetyl-LSD, or ALD-52 POWDER, is a member of the Lysergamide group. Mr. Hoffman made the first discovery, but it wasn&#8217;t made popular until the 1960s. UPAC for ALD-52: (6aR,9R)4,6,6a,7,8,9-hexahydroindolo[4,3-fg] -4-acetyl-N,N-diethyl-7-methylNine-carboxamide quinoline. We provide our ALD-52 in 100\u00b5g blotters for ideal study. 1. Acetyl-Lysergic Acid Diethylamide (1A-LSD) is an uncontrolled &hellip;<\/p>\n<p class=\"read-more\"> <a class=\"\" href=\"https:\/\/legitgrams.com\/cs\/produkt\/pure-10mg-ald-52-powder\/\"> <span class=\"screen-reader-text\">Koupit \u010dist\u00fd pr\u00e1\u0161ek 10mg ALD-52 online<\/span> \u010c\u00edst d\u00e1l \"<\/a><\/p>","protected":false},"featured_media":5297,"comment_status":"open","ping_status":"closed","template":"","meta":{"_uag_custom_page_level_css":"","site-sidebar-layout":"default","site-content-layout":"default","ast-global-header-display":"","ast-main-header-display":"","ast-hfb-above-header-display":"","ast-hfb-below-header-display":"","ast-hfb-mobile-header-display":"","site-post-title":"","ast-breadcrumbs-content":"","ast-featured-img":"","footer-sml-layout":"","theme-transparent-header-meta":"default","adv-header-id-meta":"","stick-header-meta":"default","header-above-stick-meta":"","header-main-stick-meta":"","header-below-stick-meta":"","_joinchat":[]},"product_brand":[],"product_cat":[600],"product_tag":[1796,1786,617,1778,1793,1790,1785,1783,1795,1777,1780,1788,1779,1781,1791,1798,1799,1797,1789,1794,1792,625,1784,1787,1782],"class_list":{"0":"post-4225","1":"product","2":"type-product","3":"status-publish","4":"has-post-thumbnail","6":"product_cat-research-chemicals-and-bath-salt","7":"product_tag-best-cheap-price-pure-10mg-ald-52-powder","8":"product_tag-best-place-to-buy-pure-10mg-ald-52-powder","9":"product_tag-bulk-online","10":"product_tag-buy-pure-10mg-ald-52-powder","11":"product_tag-cheap-pure-10mg-ald-52-powder","12":"product_tag-high-quality-pure-10mg-ald-52-powder","13":"product_tag-how-to-buy-pure-10mg-ald-52-powder","14":"product_tag-order-pure-10mg-ald-52-powder","15":"product_tag-purcharse-pure-10mg-ald-52-powder","16":"product_tag-pure-10mg-ald-52-powder","17":"product_tag-pure-10mg-ald-52-powder-for-sale","18":"product_tag-pure-10mg-ald-52-powder-legally","19":"product_tag-pure-10mg-ald-52-powder-online","20":"product_tag-pure-10mg-ald-52-powder-pure-10mg-ald-52-powder-supplier","21":"product_tag-pure-10mg-ald-52-powder-store","22":"product_tag-pure-10mg-ald-52-powder-use","23":"product_tag-pure-10mg-ald-52-powder-wiki","24":"product_tag-pure-10mg-ald-52-powder-worldwide","25":"product_tag-pure-10mg-ald-52-powderprice","26":"product_tag-pure-10mg-ald-52-powders","27":"product_tag-shop-pure-10mg-ald-52-powder","28":"product_tag-top-quality","29":"product_tag-where-to-buy-pure-10mg-ald-52-powder","30":"product_tag-where-to-order-pure-10mg-ald-52-powder","31":"product_tag-wholesale-pure-10mg-ald-52-powder","32":"desktop-align-left","33":"tablet-align-left","34":"mobile-align-left","35":"ast-product-gallery-layout-horizontal","36":"ast-product-gallery-with-no-image","37":"ast-product-single-variable","38":"ast-product-tabs-layout-horizontal","39":"ast-qv-on-image","41":"first","42":"instock","43":"shipping-taxable","44":"purchasable","45":"product-type-variable"},"yoast_head":"<!-- This site is optimized with the Yoast SEO plugin v25.9 - https:\/\/yoast.com\/wordpress\/plugins\/seo\/ -->\n<title>10mg ALD-52 Powder for Sale - Buy10mg ALD-52 Powder Online<\/title>\n<meta name=\"description\" content=\"Discover top-notch 10mg ald-52 powder for sale at our online store - buy pure 10mg ald-52 powder conveniently and securely to fuel your research. Order Now with Fast and Discreet Shipping!\" \/>\n<meta name=\"robots\" content=\"index, follow, max-snippet:-1, max-image-preview:large, max-video-preview:-1\" \/>\n<link rel=\"canonical\" href=\"https:\/\/legitgrams.com\/cs\/produkt\/pure-10mg-ald-52-powder\/\" \/>\n<meta property=\"og:locale\" content=\"cs_CZ\" \/>\n<meta property=\"og:type\" content=\"article\" \/>\n<meta property=\"og:title\" content=\"10mg ALD-52 Powder for Sale - Buy10mg ALD-52 Powder Online\" \/>\n<meta property=\"og:description\" content=\"Discover top-notch 10mg ald-52 powder for sale at our online store - buy pure 10mg ald-52 powder conveniently and securely to fuel your research. Order Now with Fast and Discreet Shipping!\" \/>\n<meta property=\"og:url\" content=\"https:\/\/legitgrams.com\/cs\/produkt\/pure-10mg-ald-52-powder\/\" \/>\n<meta property=\"og:site_name\" content=\"Legit Grams\" \/>\n<meta property=\"article:modified_time\" content=\"2025-04-03T08:35:57+00:00\" \/>\n<meta property=\"og:image\" content=\"https:\/\/legitgrams.com\/wp-content\/uploads\/2024\/09\/buy-pure-10mg-ald-52-powder-online.jpg\" \/>\n\t<meta property=\"og:image:width\" content=\"600\" \/>\n\t<meta property=\"og:image:height\" content=\"600\" \/>\n\t<meta property=\"og:image:type\" content=\"image\/jpeg\" \/>\n<meta name=\"twitter:card\" content=\"summary_large_image\" \/>\n<meta name=\"twitter:label1\" content=\"Odhadovan\u00e1 doba \u010dten\u00ed\" \/>\n\t<meta name=\"twitter:data1\" content=\"2 minuty\" \/>\n<script type=\"application\/ld+json\" class=\"yoast-schema-graph\">{\"@context\":\"https:\/\/schema.org\",\"@graph\":[{\"@type\":\"WebPage\",\"@id\":\"https:\/\/legitgrams.com\/product\/pure-10mg-ald-52-powder\/\",\"url\":\"https:\/\/legitgrams.com\/product\/pure-10mg-ald-52-powder\/\",\"name\":\"10mg ALD-52 Powder for Sale - Buy10mg ALD-52 Powder Online\",\"isPartOf\":{\"@id\":\"https:\/\/legitgrams.com\/#website\"},\"primaryImageOfPage\":{\"@id\":\"https:\/\/legitgrams.com\/product\/pure-10mg-ald-52-powder\/#primaryimage\"},\"image\":{\"@id\":\"https:\/\/legitgrams.com\/product\/pure-10mg-ald-52-powder\/#primaryimage\"},\"thumbnailUrl\":\"https:\/\/legitgrams.com\/wp-content\/uploads\/2024\/09\/buy-pure-10mg-ald-52-powder-online.jpg\",\"datePublished\":\"2024-09-22T06:41:44+00:00\",\"dateModified\":\"2025-04-03T08:35:57+00:00\",\"description\":\"Discover top-notch 10mg ald-52 powder for sale at our online store - buy pure 10mg ald-52 powder conveniently and securely to fuel your research. Order Now with Fast and Discreet Shipping!\",\"breadcrumb\":{\"@id\":\"https:\/\/legitgrams.com\/product\/pure-10mg-ald-52-powder\/#breadcrumb\"},\"inLanguage\":\"cs\",\"potentialAction\":[{\"@type\":\"ReadAction\",\"target\":[\"https:\/\/legitgrams.com\/product\/pure-10mg-ald-52-powder\/\"]}]},{\"@type\":\"ImageObject\",\"inLanguage\":\"cs\",\"@id\":\"https:\/\/legitgrams.com\/product\/pure-10mg-ald-52-powder\/#primaryimage\",\"url\":\"https:\/\/legitgrams.com\/wp-content\/uploads\/2024\/09\/buy-pure-10mg-ald-52-powder-online.jpg\",\"contentUrl\":\"https:\/\/legitgrams.com\/wp-content\/uploads\/2024\/09\/buy-pure-10mg-ald-52-powder-online.jpg\",\"width\":600,\"height\":600,\"caption\":\"Pure 10mg ALD-52 Powder for Sale\"},{\"@type\":\"BreadcrumbList\",\"@id\":\"https:\/\/legitgrams.com\/product\/pure-10mg-ald-52-powder\/#breadcrumb\",\"itemListElement\":[{\"@type\":\"ListItem\",\"position\":1,\"name\":\"Home\",\"item\":\"https:\/\/legitgrams.com\/\"},{\"@type\":\"ListItem\",\"position\":2,\"name\":\"Shop\",\"item\":\"https:\/\/legitgrams.com\/shop\/\"},{\"@type\":\"ListItem\",\"position\":3,\"name\":\"Buy Pure 10mg ALD-52 Powder Online\"}]},{\"@type\":\"WebSite\",\"@id\":\"https:\/\/legitgrams.com\/#website\",\"url\":\"https:\/\/legitgrams.com\/\",\"name\":\"Legit Grams\",\"description\":\"My WordPress Blog\",\"publisher\":{\"@id\":\"https:\/\/legitgrams.com\/#organization\"},\"potentialAction\":[{\"@type\":\"SearchAction\",\"target\":{\"@type\":\"EntryPoint\",\"urlTemplate\":\"https:\/\/legitgrams.com\/?s={search_term_string}\"},\"query-input\":{\"@type\":\"PropertyValueSpecification\",\"valueRequired\":true,\"valueName\":\"search_term_string\"}}],\"inLanguage\":\"cs\"},{\"@type\":\"Organization\",\"@id\":\"https:\/\/legitgrams.com\/#organization\",\"name\":\"Legit Grams\",\"url\":\"https:\/\/legitgrams.com\/\",\"logo\":{\"@type\":\"ImageObject\",\"inLanguage\":\"cs\",\"@id\":\"https:\/\/legitgrams.com\/#\/schema\/logo\/image\/\",\"url\":\"https:\/\/legitgrams.com\/wp-content\/uploads\/2024\/09\/main-logo.png\",\"contentUrl\":\"https:\/\/legitgrams.com\/wp-content\/uploads\/2024\/09\/main-logo.png\",\"width\":270,\"height\":75,\"caption\":\"Legit Grams\"},\"image\":{\"@id\":\"https:\/\/legitgrams.com\/#\/schema\/logo\/image\/\"}}]}<\/script>\n<!-- \/ Yoast SEO plugin. -->","yoast_head_json":{"title":"10mg ALD-52 pr\u00e1\u0161ek na prodej \u2013 kupte 10mg ALD-52 pr\u00e1\u0161ek online","description":"Objevte prvot\u0159\u00eddn\u00ed pr\u00e1\u0161ek 10mg ald-52 na prodej v na\u0161em internetov\u00e9m obchod\u011b - kupte si \u010dist\u00fd pr\u00e1\u0161ek 10mg ald-52 pohodln\u011b a bezpe\u010dn\u011b, abyste podpo\u0159ili sv\u016fj v\u00fdzkum. Objednejte si nyn\u00ed s rychlou a diskr\u00e9tn\u00ed p\u0159epravou!","robots":{"index":"index","follow":"follow","max-snippet":"max-snippet:-1","max-image-preview":"max-image-preview:large","max-video-preview":"max-video-preview:-1"},"canonical":"https:\/\/legitgrams.com\/cs\/produkt\/pure-10mg-ald-52-powder\/","og_locale":"cs_CZ","og_type":"article","og_title":"10mg ALD-52 Powder for Sale - Buy10mg ALD-52 Powder Online","og_description":"Discover top-notch 10mg ald-52 powder for sale at our online store - buy pure 10mg ald-52 powder conveniently and securely to fuel your research. Order Now with Fast and Discreet Shipping!","og_url":"https:\/\/legitgrams.com\/cs\/produkt\/pure-10mg-ald-52-powder\/","og_site_name":"Legit Grams","article_modified_time":"2025-04-03T08:35:57+00:00","og_image":[{"width":600,"height":600,"url":"https:\/\/legitgrams.com\/wp-content\/uploads\/2024\/09\/buy-pure-10mg-ald-52-powder-online.jpg","type":"image\/jpeg"}],"twitter_card":"summary_large_image","twitter_misc":{"Odhadovan\u00e1 doba \u010dten\u00ed":"2 minuty"},"schema":{"@context":"https:\/\/schema.org","@graph":[{"@type":"WebPage","@id":"https:\/\/legitgrams.com\/product\/pure-10mg-ald-52-powder\/","url":"https:\/\/legitgrams.com\/product\/pure-10mg-ald-52-powder\/","name":"10mg ALD-52 pr\u00e1\u0161ek na prodej \u2013 kupte 10mg ALD-52 pr\u00e1\u0161ek online","isPartOf":{"@id":"https:\/\/legitgrams.com\/#website"},"primaryImageOfPage":{"@id":"https:\/\/legitgrams.com\/product\/pure-10mg-ald-52-powder\/#primaryimage"},"image":{"@id":"https:\/\/legitgrams.com\/product\/pure-10mg-ald-52-powder\/#primaryimage"},"thumbnailUrl":"https:\/\/legitgrams.com\/wp-content\/uploads\/2024\/09\/buy-pure-10mg-ald-52-powder-online.jpg","datePublished":"2024-09-22T06:41:44+00:00","dateModified":"2025-04-03T08:35:57+00:00","description":"Objevte prvot\u0159\u00eddn\u00ed pr\u00e1\u0161ek 10mg ald-52 na prodej v na\u0161em internetov\u00e9m obchod\u011b - kupte si \u010dist\u00fd pr\u00e1\u0161ek 10mg ald-52 pohodln\u011b a bezpe\u010dn\u011b, abyste podpo\u0159ili sv\u016fj v\u00fdzkum. Objednejte si nyn\u00ed s rychlou a diskr\u00e9tn\u00ed p\u0159epravou!","breadcrumb":{"@id":"https:\/\/legitgrams.com\/product\/pure-10mg-ald-52-powder\/#breadcrumb"},"inLanguage":"cs","potentialAction":[{"@type":"ReadAction","target":["https:\/\/legitgrams.com\/product\/pure-10mg-ald-52-powder\/"]}]},{"@type":"ImageObject","inLanguage":"cs","@id":"https:\/\/legitgrams.com\/product\/pure-10mg-ald-52-powder\/#primaryimage","url":"https:\/\/legitgrams.com\/wp-content\/uploads\/2024\/09\/buy-pure-10mg-ald-52-powder-online.jpg","contentUrl":"https:\/\/legitgrams.com\/wp-content\/uploads\/2024\/09\/buy-pure-10mg-ald-52-powder-online.jpg","width":600,"height":600,"caption":"Pure 10mg ALD-52 Powder for Sale"},{"@type":"BreadcrumbList","@id":"https:\/\/legitgrams.com\/product\/pure-10mg-ald-52-powder\/#breadcrumb","itemListElement":[{"@type":"ListItem","position":1,"name":"Home","item":"https:\/\/legitgrams.com\/"},{"@type":"ListItem","position":2,"name":"Shop","item":"https:\/\/legitgrams.com\/shop\/"},{"@type":"ListItem","position":3,"name":"Buy Pure 10mg ALD-52 Powder Online"}]},{"@type":"WebSite","@id":"https:\/\/legitgrams.com\/#website","url":"https:\/\/legitgrams.com\/","name":"Leg\u00e1ln\u00ed gramy","description":"M\u016fj blog WordPress","publisher":{"@id":"https:\/\/legitgrams.com\/#organization"},"potentialAction":[{"@type":"SearchAction","target":{"@type":"EntryPoint","urlTemplate":"https:\/\/legitgrams.com\/?s={search_term_string}"},"query-input":{"@type":"PropertyValueSpecification","valueRequired":true,"valueName":"search_term_string"}}],"inLanguage":"cs"},{"@type":"Organization","@id":"https:\/\/legitgrams.com\/#organization","name":"Leg\u00e1ln\u00ed gramy","url":"https:\/\/legitgrams.com\/","logo":{"@type":"ImageObject","inLanguage":"cs","@id":"https:\/\/legitgrams.com\/#\/schema\/logo\/image\/","url":"https:\/\/legitgrams.com\/wp-content\/uploads\/2024\/09\/main-logo.png","contentUrl":"https:\/\/legitgrams.com\/wp-content\/uploads\/2024\/09\/main-logo.png","width":270,"height":75,"caption":"Legit Grams"},"image":{"@id":"https:\/\/legitgrams.com\/#\/schema\/logo\/image\/"}}]}},"uagb_featured_image_src":{"full":["https:\/\/legitgrams.com\/wp-content\/uploads\/2024\/09\/buy-pure-10mg-ald-52-powder-online.jpg",600,600,false],"thumbnail":["https:\/\/legitgrams.com\/wp-content\/uploads\/2024\/09\/buy-pure-10mg-ald-52-powder-online-150x150.jpg",150,150,true],"medium":["https:\/\/legitgrams.com\/wp-content\/uploads\/2024\/09\/buy-pure-10mg-ald-52-powder-online-300x300.jpg",300,300,true],"medium_large":["https:\/\/legitgrams.com\/wp-content\/uploads\/2024\/09\/buy-pure-10mg-ald-52-powder-online.jpg",600,600,false],"large":["https:\/\/legitgrams.com\/wp-content\/uploads\/2024\/09\/buy-pure-10mg-ald-52-powder-online.jpg",600,600,false],"1536x1536":["https:\/\/legitgrams.com\/wp-content\/uploads\/2024\/09\/buy-pure-10mg-ald-52-powder-online.jpg",600,600,false],"2048x2048":["https:\/\/legitgrams.com\/wp-content\/uploads\/2024\/09\/buy-pure-10mg-ald-52-powder-online.jpg",600,600,false],"trp-custom-language-flag":["https:\/\/legitgrams.com\/wp-content\/uploads\/2024\/09\/buy-pure-10mg-ald-52-powder-online-12x12.jpg",12,12,true],"woocommerce_thumbnail":["https:\/\/legitgrams.com\/wp-content\/uploads\/2024\/09\/buy-pure-10mg-ald-52-powder-online-300x300.jpg",300,300,true],"woocommerce_single":["https:\/\/legitgrams.com\/wp-content\/uploads\/2024\/09\/buy-pure-10mg-ald-52-powder-online.jpg",600,600,false],"woocommerce_gallery_thumbnail":["https:\/\/legitgrams.com\/wp-content\/uploads\/2024\/09\/buy-pure-10mg-ald-52-powder-online-100x100.jpg",100,100,true]},"uagb_author_info":{"display_name":"cokeblog18","author_link":"https:\/\/legitgrams.com\/cs\/author\/"},"uagb_comment_info":0,"uagb_excerpt":"Purchase Pure 10mg ALD-52 Powder Online 1-Acetyl-LSD, or ALD-52 POWDER, is a member of the Lysergamide group. Mr. Hoffman made the first discovery, but it wasn&#8217;t made popular until the 1960s. UPAC for ALD-52: (6aR,9R)4,6,6a,7,8,9-hexahydroindolo[4,3-fg] -4-acetyl-N,N-diethyl-7-methylNine-carboxamide quinoline. We provide our ALD-52 in 100\u00b5g blotters for ideal study. 1. Acetyl-Lysergic Acid Diethylamide (1A-LSD) is an uncontrolled&hellip;","_links":{"self":[{"href":"https:\/\/legitgrams.com\/cs\/wp-json\/wp\/v2\/product\/4225","targetHints":{"allow":["GET"]}}],"collection":[{"href":"https:\/\/legitgrams.com\/cs\/wp-json\/wp\/v2\/product"}],"about":[{"href":"https:\/\/legitgrams.com\/cs\/wp-json\/wp\/v2\/types\/product"}],"replies":[{"embeddable":true,"href":"https:\/\/legitgrams.com\/cs\/wp-json\/wp\/v2\/comments?post=4225"}],"wp:featuredmedia":[{"embeddable":true,"href":"https:\/\/legitgrams.com\/cs\/wp-json\/wp\/v2\/media\/5297"}],"wp:attachment":[{"href":"https:\/\/legitgrams.com\/cs\/wp-json\/wp\/v2\/media?parent=4225"}],"wp:term":[{"taxonomy":"product_brand","embeddable":true,"href":"https:\/\/legitgrams.com\/cs\/wp-json\/wp\/v2\/product_brand?post=4225"},{"taxonomy":"product_cat","embeddable":true,"href":"https:\/\/legitgrams.com\/cs\/wp-json\/wp\/v2\/product_cat?post=4225"},{"taxonomy":"product_tag","embeddable":true,"href":"https:\/\/legitgrams.com\/cs\/wp-json\/wp\/v2\/product_tag?post=4225"}],"curies":[{"name":"wp","href":"https:\/\/api.w.org\/{rel}","templated":true}]}}