{"id":4226,"date":"2024-09-22T06:41:05","date_gmt":"2024-09-22T06:41:05","guid":{"rendered":"https:\/\/legitgrams.com\/?post_type=product&#038;p=4226"},"modified":"2025-04-03T08:58:31","modified_gmt":"2025-04-03T08:58:31","slug":"metizolam-prasek","status":"publish","type":"product","link":"https:\/\/legitgrams.com\/cs\/produkt\/metizolam-prasek\/","title":{"rendered":"Koupit Metizolam pr\u00e1\u0161ek online"},"content":{"rendered":"<h2>Koupit pr\u00e1\u0161kov\u00fd metizolam online<\/h2>\n<p>API, aktivn\u00ed farmaceutick\u00e9 slo\u017eky, meziprodukty, DMF, FDA, US Drug Master Files, dokumentace a certifikace pro etizolamov\u00fd pr\u00e1\u0161ek jsou vyr\u00e1b\u011bny a dod\u00e1v\u00e1ny celosv\u011btov\u011b spole\u010dnost\u00ed Dandy Drugs. Nab\u00edz\u00edme n\u00e1kup \u0161pi\u010dkov\u00fdch zdroj\u016f s odpov\u00eddaj\u00edc\u00edmi technick\u00fdmi bal\u00ed\u010dky v souladu s komercializa\u010dn\u00edmi nebo RND\/Development standardy. Distributor etizolamu z \u010c\u00edny. v\u00fdrobci etizolamu. N\u00e1kup etizolamov\u00e9ho pr\u00e1\u0161ku. dodavatel\u00e9 etizolamov\u00e9ho pr\u00e1\u0161ku. <a href=\"https:\/\/www.bing.com\/search?q=KoupitMetizolamprekonline&amp;qs=n&amp;form=QBRE&amp;sp=-1&amp;lq=0&amp;pq=compremetizolamemponline&amp;sc=1-29&amp;sk=&amp;cvid=FCBE26FE4A3A4708A09DAAB74599C075&amp;ghsh=0&amp;ghacc=0&amp;ghpl=\">powdered Metizolam in bulk<\/a>.<\/p>\n<p>Na\u0161e produkty jsou aktivn\u00ed farmaceutickou slo\u017ekou pou\u017e\u00edvanou ve farmaceutick\u00e9m pr\u016fmyslu a jsou vyr\u00e1b\u011bny v za\u0159\u00edzen\u00ed, kter\u00e9 odpov\u00edd\u00e1 norm\u00e1m cGMP. Pro v\u00edce podrobnost\u00ed, v\u010detn\u011b aktu\u00e1ln\u00edho stavu DMF produktu, n\u00e1s pros\u00edm kontaktujte. T\u011b\u0161\u00edme se na spolupr\u00e1ci s v\u00e1mi na v\u00fdzkumn\u00fdch a v\u00fdvojov\u00fdch projektech.<\/p>\n<p><a href=\"https:\/\/www.google.com\/search?q=Koupit+Metizolam+prek+online&amp;sca_esv=eddefdb7b92e7545&amp;sxsrf=AHTn8zoiFfCbgwlX4InAKvs8vH4goIyFoA1743671666367&amp;ei=clHuZ6uaFqfy0PEPz96QsQY&amp;ved=0ahUKEwirm52Sw7uMAxUnOTQIHU8vJGYQ4dUDCBA&amp;uact=5&amp;oq=Koupit+Metizolam+prek+online&amp;gs_lp=Egxnd3Mtd2l6LXNlcnAiIEtvdXBpdCBNZXRpem9sYW0gcHLDocWhZWsgb25saW5lMgcQIRigARgKMgcQIRigARgKMgcQIRigARgKMgcQIRigARgKMgcQIRigARgKMgUQIRirAjIFECEYqwJIpAVQAFgAcAB4AJABAJgBgQOgAYEDqgEDMy0xuAEDyAEA-AEC-AEBmAIBoAKGA5gDAOIDBRIBMSBAkgcDMy0xoAfhB7IHAzMtMbgHhgM&amp;sclient=gws-wiz-serp\">Metizolam<\/a> je analog benzodiazepinu, kter\u00fd se prod\u00e1v\u00e1 pod etizolamem, tak\u00e9 zn\u00e1m\u00fdm jako metilaam, metizola, Sedekopan, <a href=\"https:\/\/duckduckgo.com\/?q=Koupit+Metizolam+prek+online&amp;t=h_\">metizest<\/a>, Pasaden nebo Depas, je analog benzodiazepinu. Benzodiazepin nen\u00ed tot\u00e9\u017e co tato l\u00e1tka. Proto\u017ee triazolov\u00fd kruh f\u00fazoval a thiofenov\u00fd kruh nahradil benzenov\u00fd kruh, l\u00e9kem je nyn\u00ed thienotriazolodiazepin. M\u00e1 relaxa\u010dn\u00ed, hypnotick\u00e9, sedativn\u00ed, antikonvulzivn\u00ed, amnestick\u00e9 a anxiolytick\u00e9 vlastnosti kostern\u00edho svalstva.<\/p>\n<h3>Pro\u010d my?<\/h3>\n<p>Renomovan\u00fd zdroj Po v\u00fdrob\u011b a testov\u00e1n\u00ed pro zaji\u0161t\u011bn\u00ed sledovatelnosti m\u011b\u0159en\u00ed jsou materi\u00e1ly, kter\u00e9 spl\u0148uj\u00ed normy ISO17025 a Guide 34, zkou\u0161eny na certifikovan\u00e9m za\u0159\u00edzen\u00ed pomoc\u00ed autorizovan\u00fdch analytick\u00fdch metod. produkt, kter\u00fd byl vytvo\u0159en s ohledem na forenzn\u00ed a v\u00fdzkumn\u00e9 aplikace.<\/p>\n<p>Dandy Drugs je indick\u00e1 farmaceutick\u00e1 spole\u010dnost, kter\u00e1 m\u00e1 p\u0159\u00edm\u00e9 spojen\u00ed s \u010d\u00ednsk\u00fdmi dodavateli a dal\u0161\u00edmi spole\u010dnostmi v Indii. Na\u0161im z\u00e1kazn\u00edk\u016fm poskytujeme pouze ty nejlep\u0161\u00ed produkty. to sam\u00e9, na co jsme si zvykli p\u0159i n\u00e1kupu.s<\/p>\n<p>Ka\u017ed\u00fd produkt m\u00e1 nejvy\u0161\u0161\u00ed kvalitu a \u017e\u00e1d\u00e1me v\u0161echny z\u00e1kazn\u00edky, aby GC\/MS p\u0159i sv\u00fdch n\u00e1kupech zajistili p\u0159esnost a pravost. Spokojenost na\u0161ich klient\u016f a zaji\u0161t\u011bn\u00ed toho, \u017ee dostanou to, co bylo sl\u00edbeno, jsou na\u0161e hlavn\u00ed priority.<\/p>\n<p>P\u0159e\u017eit\u00ed na\u0161ich <a href=\"https:\/\/legitgrams.com\/cs\/\">company<\/a> z\u00e1vis\u00ed na na\u0161\u00ed schopnosti dokon\u010dit va\u0161i transakci kompletn\u011b a v\u010das poka\u017ed\u00e9. Na\u0161\u00edm c\u00edlem je v\u017edy \u0159e\u0161it probl\u00e9my a poskytovat v\u00e1m nejlep\u0161\u00ed kvalitu za nejdostupn\u011bj\u0161\u00ed cenu.<\/p>\n<p>P\u0159e\u017eit\u00ed na\u0161\u00ed spole\u010dnosti z\u00e1vis\u00ed na na\u0161\u00ed schopnosti dokon\u010dit va\u0161i transakci \u00fapln\u011b a poka\u017ed\u00e9 podle pl\u00e1nu. Na\u0161\u00edm c\u00edlem je v\u017edy vy\u0159e\u0161it probl\u00e9my a poskytnout v\u00e1m nejlep\u0161\u00ed kvalitu za nejdostupn\u011bj\u0161\u00ed cenu.<\/p>\n<p>As soon as your product ships, you will obtain tracking numbers so you can keep tabs on its progress. <a href=\"https:\/\/legitgrams.com\/cs\/produkt\/metizolam-prasek\/\">Acquire etizolam powder<\/a> Nejlep\u0161\u00edm m\u00edstem pro n\u00e1kup etizolamov\u00e9ho pr\u00e1\u0161ku online, stejn\u011b jako jeho r\u016fzn\u00fdch analog\u016f, je Dandy Drugs, pokud hled\u00e1te. Etizolamov\u00fd pr\u00e1\u0161ek si m\u016f\u017eete pohodln\u011b a bezpe\u010dn\u011b objednat po\u0161tou. Nab\u00edz\u00edme snadno pou\u017eiteln\u00e9 online tr\u017ei\u0161t\u011b, kde si m\u016f\u017eete po\u0159\u00eddit levn\u00fd etizolamov\u00fd pr\u00e1\u0161ek za velkoobchodn\u00ed ceny od dodavatel\u016f a v\u00fdrobc\u016f v \u010c\u00edn\u011b a Indii. Jsme zku\u0161en\u00ed v diskr\u00e9tn\u00edm a tajn\u00e9m zas\u00edl\u00e1n\u00ed do Spojen\u00fdch st\u00e1t\u016f, Kanady, Velk\u00e9 Brit\u00e1nie, Austr\u00e1lie a dal\u0161\u00edch zem\u00ed. P\u0159ed objedn\u00e1n\u00edm pr\u00e1\u0161ku online ve va\u0161em st\u00e1t\u011b bez l\u00e9ka\u0159sk\u00e9ho p\u0159edpisu se pros\u00edm ujist\u011bte, \u017ee rozum\u00edte jeho pou\u017eit\u00ed, ne\u017e\u00e1douc\u00edm \u00fa\u010dink\u016fm a mo\u017en\u00fdm pr\u00e1vn\u00edm d\u016fsledk\u016fm. - M\u00e1me dobrou pov\u011bst dodavatele v\u00fdzkumn\u00fdch chemik\u00e1li\u00ed. K dispozici je \u017eiv\u00fd chat 24 hodin denn\u011b, 7 dn\u00ed v t\u00fddnu. Pokud si nejste n\u011b\u010d\u00edm jisti, zeptejte se. Existuje mnoho platebn\u00edch mo\u017enost\u00ed, kter\u00e9 vyhov\u00ed va\u0161im pot\u0159eb\u00e1m.<\/p>\n<h3>Objednat pr\u00e1\u0161kov\u00fd metizolam online.<\/h3>\n<p>Etizolam, zn\u00e1m\u00fd tak\u00e9 jako desmethyletizolam, je syntetick\u00fd depresivn\u00ed a psychoaktivn\u00ed l\u00e9k chemick\u00e9 t\u0159\u00eddy thieno-diazepin. Uv\u00e1d\u00ed se, \u017ee poskytuje \u00fa\u010dinky podobn\u00e9 \u00fa\u010dink\u016fm etizolamu, jako je disinhibice, ospalost, zast\u0159en\u00ed pam\u011bti, zast\u0159en\u00ed nep\u0159\u00edjemn\u00fdch pocit\u016f a svalov\u00fd klid. V porovn\u00e1n\u00ed s etizolamem je o polovinu intenzivn\u011bj\u0161\u00ed a m\u00e1 o 60% del\u0161\u00ed polo\u010das rozpadu.<\/p>\n<p>Metizolam was granted a prescription by a Japanese organization in 1995 to treat anxiety. Apart from that, no human use is known to have occurred until September 2015, when internet retailers delivered it as an unclear situation study material.<\/p>\n<p>Jedn\u00edm ze z\u00e1kladn\u00edch \u010dlen\u016f skupiny benzodiazepin\u016f je etizolam. Etizolam, zn\u00e1m\u00fd tak\u00e9 pod n\u00e1zvy Depas, Etizolam a Etilaam, je z\u00e1kladn\u00edm \u010dlenem skupiny benzodiazepin\u016f, kter\u00fd se b\u011b\u017en\u011b prod\u00e1v\u00e1. I kdy\u017e o tomto v\u00fdzkumn\u00e9m materi\u00e1lu nen\u00ed mnoho zn\u00e1mo, n\u011bkolik studi\u00ed nazna\u010duje, \u017ee m\u00e1 uklid\u0148uj\u00edc\u00ed, relaxa\u010dn\u00ed, sv\u00e1d\u011bc\u00ed, anxiolytick\u00e9 a antikonvulzivn\u00ed vlastnosti kostern\u00edho svalstva.<\/p>\n<p>Etizolam je snadno dostupn\u00fd k n\u00e1kupu online ve form\u011b tablet, kapsl\u00ed a pr\u00e1\u0161ku. Vzhledem k tomu, \u017ee jej lze snadno zakoupit online za m\u00e9n\u011b pen\u011bz, m\u00e1 velk\u00fd potenci\u00e1l pro drsn\u00e9 pou\u017eit\u00ed m\u00edsto p\u0159edepsan\u00fdch benzodiazepin\u016f. Od t\u00e9to chv\u00edle logick\u00e9 psan\u00ed vy\u017eaduje z\u00e1kladn\u00ed znalosti metizolamu, jako je jeho p\u0159esn\u00e9 zkoum\u00e1n\u00ed a zp\u016fsob, jak\u00fdm se droga rozptyluje a metabolizuje v t\u011ble. P\u0159esto\u017ee drogov\u00e9 skupiny tuto l\u00e1tku shrom\u00e1\u017edily, m\u00e1 nyn\u00ed leg\u00e1ln\u00ed status pouze ve Velk\u00e9 Brit\u00e1nii, \u0160v\u00e9dsku aKanad\u011b, kde je v\u00fdroba nebo dod\u00e1v\u00e1n\u00ed t\u00e9to drogy neleg\u00e1ln\u00ed. <a href=\"https:\/\/legitgrams.com\/cs\/\">LegitGrams<\/a><\/p>\n<p>Etizolam byl poprv\u00e9 propagov\u00e1n japonskou spole\u010dnost\u00ed jako konkurent l\u00e9k\u016f na zm\u00edrn\u011bn\u00ed \u00fazkosti, ale o t\u00e9to v\u00fdzkumn\u00e9 l\u00e1tce toho nen\u00ed mnoho zn\u00e1mo. Bez ohledu na to n\u011bkolik klinick\u00fdch studi\u00ed podporuje my\u0161lenku, \u017ee metamfetamin funguje jako svalov\u00e9 relaxans, narkotikum a depresivum.<\/p>\n<p>Tiofenov\u00fd kruh se propl\u00e9t\u00e1 s diazepinov\u00fdm kruhem a vytv\u00e1\u0159\u00ed tak <a href=\"https:\/\/en.wikipedia.org\/wiki\/Metizolam\">metizolam<\/a>. P\u0159esto\u017ee jeho triazolov\u00fd kruh v sou\u010dasn\u00e9 dob\u011b neobsahuje metylov\u00fd z\u00e1klad, \u010d\u00edm\u017e se z\u00e1sadn\u011b li\u0161\u00ed od vn\u00edman\u00e9 slou\u010deniny etizolam, maj\u00ed ob\u011b podobn\u00fd z\u00e1kladn\u00ed tvar, co\u017e nazna\u010duje, \u017ee metizolam m\u00e1 krom\u011b pomoci pacient\u016fm s nedostatkem sp\u00e1nku tak\u00e9 podobnou schopnost ovliv\u0148ovat intelektu\u00e1ln\u00ed v\u00fdkonnost. Aby bylo mo\u017en\u00e9 ur\u010dit p\u0159esnou odpov\u011b\u010f, mus\u00ed se odborn\u00edci a v\u011bdci pod\u00edvat na roli metizolamu p\u0159i nedostatku opa\u010dn\u00e9ho sp\u00e1nku. Zku\u0161ebn\u00ed laborato\u0159e by m\u011bly nakupovat vysoce kvalitn\u00ed v\u011bze\u0148sk\u00e9 pr\u00e1\u0161ky online z webov\u00fdch str\u00e1nek, kter\u00e9 pova\u017euj\u00ed za prodejce slou\u010denin, aby z\u00edskaly sv\u00e9 sm\u011b\u0161n\u00e9 pr\u00e9miov\u00e9 syntetick\u00e9 l\u00e1tky, metizolam a etizolam. To by jim mohlo pomoci ur\u010dit vhodnost a tak\u00e9 pochopit, jak tyto dv\u011b sm\u011bsi ovliv\u0148uj\u00ed ty, kte\u0159\u00ed maj\u00ed nedostatek sp\u00e1nku.<\/p>\n<p>N\u00e1kup Metizolam Powder Online - N\u00e1kup pr\u00e1\u0161ku, N\u00e1kup Metizolam Powder USA, N\u00e1kup Metizolam Powder Online USA, Metizolam Powder na prodej, N\u00e1kup Metizolam Powder Near Me, N\u00e1kup Metizolam Powder Online, N\u00e1kup Metizolam Powder Online, N\u00e1kup Metizolam Powder Online, USA, Kanada, Velk\u00e1 Brit\u00e1nie, N\u00e1kup, Online, Dodavatel\u00e9, Bezpe\u010dn\u00e9 doru\u010den\u00ed, St\u00e1le je k dispozici Metizolam Powder. Je metizolam v pr\u00e1\u0161ku povolen? v USA, kde koupit Metizolam Powder, jak objednat Metizolam Powder a zda je povolen v Kanad\u011b.<\/p>","protected":false},"excerpt":{"rendered":"<p>Purchase Powdered Metizolam Online API, active pharmaceutical ingredients, intermediates, DMF, FDA, US Drug Master Files, documentation, and certification for etizolam powder are all produced and supplied globally by Dandy Drugs. We offer to purchase top-notch sources with corresponding technical packages in accordance with commercialization or RND\/Development standards. Etizolam distributor from China. manufacturers of etizolam. Purchase &hellip;<\/p>\n<p class=\"read-more\"> <a class=\"\" href=\"https:\/\/legitgrams.com\/cs\/produkt\/metizolam-prasek\/\"> <span class=\"screen-reader-text\">Koupit Metizolam pr\u00e1\u0161ek online<\/span> \u010c\u00edst d\u00e1l \"<\/a><\/p>","protected":false},"featured_media":5291,"comment_status":"open","ping_status":"closed","template":"","meta":{"_uag_custom_page_level_css":"","site-sidebar-layout":"default","site-content-layout":"default","ast-global-header-display":"","ast-main-header-display":"","ast-hfb-above-header-display":"","ast-hfb-below-header-display":"","ast-hfb-mobile-header-display":"","site-post-title":"","ast-breadcrumbs-content":"","ast-featured-img":"","footer-sml-layout":"","theme-transparent-header-meta":"default","adv-header-id-meta":"","stick-header-meta":"default","header-above-stick-meta":"","header-main-stick-meta":"","header-below-stick-meta":"","_joinchat":[]},"product_brand":[],"product_cat":[600],"product_tag":[1819,1809,617,1801,1816,1813,1808,1800,1803,1811,1804,1802,1814,1821,1822,1820,1812,1817,1806,1818,1815,625,1807,1810,1805],"class_list":{"0":"post-4226","1":"product","2":"type-product","3":"status-publish","4":"has-post-thumbnail","6":"product_cat-research-chemicals-and-bath-salt","7":"product_tag-best-cheap-price-metizolam-powder","8":"product_tag-best-place-to-buy-metizolam-powder","9":"product_tag-bulk-online","10":"product_tag-buy-metizolam-powder","11":"product_tag-cheap-metizolam-powder","12":"product_tag-high-quality-metizolam-powder","13":"product_tag-how-to-buy-metizolam-powder","14":"product_tag-metizolam-powder","15":"product_tag-metizolam-powder-for-sale","16":"product_tag-metizolam-powder-legally","17":"product_tag-metizolam-powder-metizolam-powder-supplier","18":"product_tag-metizolam-powder-online","19":"product_tag-metizolam-powder-store","20":"product_tag-metizolam-powder-use","21":"product_tag-metizolam-powder-wiki","22":"product_tag-metizolam-powder-worldwide","23":"product_tag-metizolam-powderprice","24":"product_tag-metizolam-powders","25":"product_tag-order-metizolam-powder","26":"product_tag-purcharse-metizolam-powder","27":"product_tag-shop-metizolam-powder","28":"product_tag-top-quality","29":"product_tag-where-to-buy-metizolam-powder","30":"product_tag-where-to-order-metizolam-powder","31":"product_tag-wholesale-metizolam-powder","32":"desktop-align-left","33":"tablet-align-left","34":"mobile-align-left","35":"ast-product-gallery-layout-horizontal","36":"ast-product-gallery-with-no-image","37":"ast-product-single-variable","38":"ast-product-tabs-layout-horizontal","39":"ast-qv-on-image","41":"first","42":"instock","43":"shipping-taxable","44":"purchasable","45":"product-type-variable"},"yoast_head":"<!-- This site is optimized with the Yoast SEO plugin v25.9 - https:\/\/yoast.com\/wordpress\/plugins\/seo\/ -->\n<title>Metizolam Powder for Sale - Buy Metizolam Powder Online | LG<\/title>\n<meta name=\"description\" content=\"Looking to buy Metizolam Powder online at a reasonable price? Visit our reputable Legitgrams online store and get Metizolam Powder for sale today. Place an order now!\" \/>\n<meta name=\"robots\" content=\"index, follow, max-snippet:-1, max-image-preview:large, max-video-preview:-1\" \/>\n<link rel=\"canonical\" href=\"https:\/\/legitgrams.com\/cs\/produkt\/metizolam-prasek\/\" \/>\n<meta property=\"og:locale\" content=\"cs_CZ\" \/>\n<meta property=\"og:type\" content=\"article\" \/>\n<meta property=\"og:title\" content=\"Metizolam Powder for Sale - Buy Metizolam Powder Online | LG\" \/>\n<meta property=\"og:description\" content=\"Looking to buy Metizolam Powder online at a reasonable price? Visit our reputable Legitgrams online store and get Metizolam Powder for sale today. Place an order now!\" \/>\n<meta property=\"og:url\" content=\"https:\/\/legitgrams.com\/cs\/produkt\/metizolam-prasek\/\" \/>\n<meta property=\"og:site_name\" content=\"Legit Grams\" \/>\n<meta property=\"article:modified_time\" content=\"2025-04-03T08:58:31+00:00\" \/>\n<meta property=\"og:image\" content=\"https:\/\/legitgrams.com\/wp-content\/uploads\/2024\/09\/buy-metizolam-powder-online-1.jpg\" \/>\n\t<meta property=\"og:image:width\" content=\"600\" \/>\n\t<meta property=\"og:image:height\" content=\"600\" \/>\n\t<meta property=\"og:image:type\" content=\"image\/jpeg\" \/>\n<meta name=\"twitter:card\" content=\"summary_large_image\" \/>\n<meta name=\"twitter:label1\" content=\"Odhadovan\u00e1 doba \u010dten\u00ed\" \/>\n\t<meta name=\"twitter:data1\" content=\"5 minut\" \/>\n<script type=\"application\/ld+json\" class=\"yoast-schema-graph\">{\"@context\":\"https:\/\/schema.org\",\"@graph\":[{\"@type\":\"WebPage\",\"@id\":\"https:\/\/legitgrams.com\/product\/metizolam-powder\/\",\"url\":\"https:\/\/legitgrams.com\/product\/metizolam-powder\/\",\"name\":\"Metizolam Powder for Sale - Buy Metizolam Powder Online | LG\",\"isPartOf\":{\"@id\":\"https:\/\/legitgrams.com\/#website\"},\"primaryImageOfPage\":{\"@id\":\"https:\/\/legitgrams.com\/product\/metizolam-powder\/#primaryimage\"},\"image\":{\"@id\":\"https:\/\/legitgrams.com\/product\/metizolam-powder\/#primaryimage\"},\"thumbnailUrl\":\"https:\/\/legitgrams.com\/wp-content\/uploads\/2024\/09\/buy-metizolam-powder-online-1.jpg\",\"datePublished\":\"2024-09-22T06:41:05+00:00\",\"dateModified\":\"2025-04-03T08:58:31+00:00\",\"description\":\"Looking to buy Metizolam Powder online at a reasonable price? Visit our reputable Legitgrams online store and get Metizolam Powder for sale today. Place an order now!\",\"breadcrumb\":{\"@id\":\"https:\/\/legitgrams.com\/product\/metizolam-powder\/#breadcrumb\"},\"inLanguage\":\"cs\",\"potentialAction\":[{\"@type\":\"ReadAction\",\"target\":[\"https:\/\/legitgrams.com\/product\/metizolam-powder\/\"]}]},{\"@type\":\"ImageObject\",\"inLanguage\":\"cs\",\"@id\":\"https:\/\/legitgrams.com\/product\/metizolam-powder\/#primaryimage\",\"url\":\"https:\/\/legitgrams.com\/wp-content\/uploads\/2024\/09\/buy-metizolam-powder-online-1.jpg\",\"contentUrl\":\"https:\/\/legitgrams.com\/wp-content\/uploads\/2024\/09\/buy-metizolam-powder-online-1.jpg\",\"width\":600,\"height\":600,\"caption\":\"Metizolam Powder for Sale\"},{\"@type\":\"BreadcrumbList\",\"@id\":\"https:\/\/legitgrams.com\/product\/metizolam-powder\/#breadcrumb\",\"itemListElement\":[{\"@type\":\"ListItem\",\"position\":1,\"name\":\"Home\",\"item\":\"https:\/\/legitgrams.com\/\"},{\"@type\":\"ListItem\",\"position\":2,\"name\":\"Shop\",\"item\":\"https:\/\/legitgrams.com\/shop\/\"},{\"@type\":\"ListItem\",\"position\":3,\"name\":\"Buy Metizolam Powder Online\"}]},{\"@type\":\"WebSite\",\"@id\":\"https:\/\/legitgrams.com\/#website\",\"url\":\"https:\/\/legitgrams.com\/\",\"name\":\"Legit Grams\",\"description\":\"My WordPress Blog\",\"publisher\":{\"@id\":\"https:\/\/legitgrams.com\/#organization\"},\"potentialAction\":[{\"@type\":\"SearchAction\",\"target\":{\"@type\":\"EntryPoint\",\"urlTemplate\":\"https:\/\/legitgrams.com\/?s={search_term_string}\"},\"query-input\":{\"@type\":\"PropertyValueSpecification\",\"valueRequired\":true,\"valueName\":\"search_term_string\"}}],\"inLanguage\":\"cs\"},{\"@type\":\"Organization\",\"@id\":\"https:\/\/legitgrams.com\/#organization\",\"name\":\"Legit Grams\",\"url\":\"https:\/\/legitgrams.com\/\",\"logo\":{\"@type\":\"ImageObject\",\"inLanguage\":\"cs\",\"@id\":\"https:\/\/legitgrams.com\/#\/schema\/logo\/image\/\",\"url\":\"https:\/\/legitgrams.com\/wp-content\/uploads\/2024\/09\/main-logo.png\",\"contentUrl\":\"https:\/\/legitgrams.com\/wp-content\/uploads\/2024\/09\/main-logo.png\",\"width\":270,\"height\":75,\"caption\":\"Legit Grams\"},\"image\":{\"@id\":\"https:\/\/legitgrams.com\/#\/schema\/logo\/image\/\"}}]}<\/script>\n<!-- \/ Yoast SEO plugin. -->","yoast_head_json":{"title":"Metizolamov\u00fd pr\u00e1\u0161ek na prodej - Koupit metizolamov\u00fd pr\u00e1\u0161ek online | LG","description":"Hled\u00e1te koupit Metizolam pr\u00e1\u0161ek online za rozumnou cenu? Nav\u0161tivte n\u00e1\u0161 renomovan\u00fd internetov\u00fd obchod Legitgrams a z\u00edskejte Metizolam Powder na prodej je\u0161t\u011b dnes. Objednejte si ho nyn\u00ed!","robots":{"index":"index","follow":"follow","max-snippet":"max-snippet:-1","max-image-preview":"max-image-preview:large","max-video-preview":"max-video-preview:-1"},"canonical":"https:\/\/legitgrams.com\/cs\/produkt\/metizolam-prasek\/","og_locale":"cs_CZ","og_type":"article","og_title":"Metizolam Powder for Sale - Buy Metizolam Powder Online | LG","og_description":"Looking to buy Metizolam Powder online at a reasonable price? Visit our reputable Legitgrams online store and get Metizolam Powder for sale today. Place an order now!","og_url":"https:\/\/legitgrams.com\/cs\/produkt\/metizolam-prasek\/","og_site_name":"Legit Grams","article_modified_time":"2025-04-03T08:58:31+00:00","og_image":[{"width":600,"height":600,"url":"https:\/\/legitgrams.com\/wp-content\/uploads\/2024\/09\/buy-metizolam-powder-online-1.jpg","type":"image\/jpeg"}],"twitter_card":"summary_large_image","twitter_misc":{"Odhadovan\u00e1 doba \u010dten\u00ed":"5 minut"},"schema":{"@context":"https:\/\/schema.org","@graph":[{"@type":"WebPage","@id":"https:\/\/legitgrams.com\/product\/metizolam-powder\/","url":"https:\/\/legitgrams.com\/product\/metizolam-powder\/","name":"Metizolamov\u00fd pr\u00e1\u0161ek na prodej - Koupit metizolamov\u00fd pr\u00e1\u0161ek online | LG","isPartOf":{"@id":"https:\/\/legitgrams.com\/#website"},"primaryImageOfPage":{"@id":"https:\/\/legitgrams.com\/product\/metizolam-powder\/#primaryimage"},"image":{"@id":"https:\/\/legitgrams.com\/product\/metizolam-powder\/#primaryimage"},"thumbnailUrl":"https:\/\/legitgrams.com\/wp-content\/uploads\/2024\/09\/buy-metizolam-powder-online-1.jpg","datePublished":"2024-09-22T06:41:05+00:00","dateModified":"2025-04-03T08:58:31+00:00","description":"Hled\u00e1te koupit Metizolam pr\u00e1\u0161ek online za rozumnou cenu? Nav\u0161tivte n\u00e1\u0161 renomovan\u00fd internetov\u00fd obchod Legitgrams a z\u00edskejte Metizolam Powder na prodej je\u0161t\u011b dnes. Objednejte si ho nyn\u00ed!","breadcrumb":{"@id":"https:\/\/legitgrams.com\/product\/metizolam-powder\/#breadcrumb"},"inLanguage":"cs","potentialAction":[{"@type":"ReadAction","target":["https:\/\/legitgrams.com\/product\/metizolam-powder\/"]}]},{"@type":"ImageObject","inLanguage":"cs","@id":"https:\/\/legitgrams.com\/product\/metizolam-powder\/#primaryimage","url":"https:\/\/legitgrams.com\/wp-content\/uploads\/2024\/09\/buy-metizolam-powder-online-1.jpg","contentUrl":"https:\/\/legitgrams.com\/wp-content\/uploads\/2024\/09\/buy-metizolam-powder-online-1.jpg","width":600,"height":600,"caption":"Metizolam Powder for Sale"},{"@type":"BreadcrumbList","@id":"https:\/\/legitgrams.com\/product\/metizolam-powder\/#breadcrumb","itemListElement":[{"@type":"ListItem","position":1,"name":"Home","item":"https:\/\/legitgrams.com\/"},{"@type":"ListItem","position":2,"name":"Shop","item":"https:\/\/legitgrams.com\/shop\/"},{"@type":"ListItem","position":3,"name":"Buy Metizolam Powder Online"}]},{"@type":"WebSite","@id":"https:\/\/legitgrams.com\/#website","url":"https:\/\/legitgrams.com\/","name":"Leg\u00e1ln\u00ed gramy","description":"M\u016fj blog WordPress","publisher":{"@id":"https:\/\/legitgrams.com\/#organization"},"potentialAction":[{"@type":"SearchAction","target":{"@type":"EntryPoint","urlTemplate":"https:\/\/legitgrams.com\/?s={search_term_string}"},"query-input":{"@type":"PropertyValueSpecification","valueRequired":true,"valueName":"search_term_string"}}],"inLanguage":"cs"},{"@type":"Organization","@id":"https:\/\/legitgrams.com\/#organization","name":"Leg\u00e1ln\u00ed gramy","url":"https:\/\/legitgrams.com\/","logo":{"@type":"ImageObject","inLanguage":"cs","@id":"https:\/\/legitgrams.com\/#\/schema\/logo\/image\/","url":"https:\/\/legitgrams.com\/wp-content\/uploads\/2024\/09\/main-logo.png","contentUrl":"https:\/\/legitgrams.com\/wp-content\/uploads\/2024\/09\/main-logo.png","width":270,"height":75,"caption":"Legit Grams"},"image":{"@id":"https:\/\/legitgrams.com\/#\/schema\/logo\/image\/"}}]}},"uagb_featured_image_src":{"full":["https:\/\/legitgrams.com\/wp-content\/uploads\/2024\/09\/buy-metizolam-powder-online-1.jpg",600,600,false],"thumbnail":["https:\/\/legitgrams.com\/wp-content\/uploads\/2024\/09\/buy-metizolam-powder-online-1-150x150.jpg",150,150,true],"medium":["https:\/\/legitgrams.com\/wp-content\/uploads\/2024\/09\/buy-metizolam-powder-online-1-300x300.jpg",300,300,true],"medium_large":["https:\/\/legitgrams.com\/wp-content\/uploads\/2024\/09\/buy-metizolam-powder-online-1.jpg",600,600,false],"large":["https:\/\/legitgrams.com\/wp-content\/uploads\/2024\/09\/buy-metizolam-powder-online-1.jpg",600,600,false],"1536x1536":["https:\/\/legitgrams.com\/wp-content\/uploads\/2024\/09\/buy-metizolam-powder-online-1.jpg",600,600,false],"2048x2048":["https:\/\/legitgrams.com\/wp-content\/uploads\/2024\/09\/buy-metizolam-powder-online-1.jpg",600,600,false],"trp-custom-language-flag":["https:\/\/legitgrams.com\/wp-content\/uploads\/2024\/09\/buy-metizolam-powder-online-1-12x12.jpg",12,12,true],"woocommerce_thumbnail":["https:\/\/legitgrams.com\/wp-content\/uploads\/2024\/09\/buy-metizolam-powder-online-1-300x300.jpg",300,300,true],"woocommerce_single":["https:\/\/legitgrams.com\/wp-content\/uploads\/2024\/09\/buy-metizolam-powder-online-1.jpg",600,600,false],"woocommerce_gallery_thumbnail":["https:\/\/legitgrams.com\/wp-content\/uploads\/2024\/09\/buy-metizolam-powder-online-1-100x100.jpg",100,100,true]},"uagb_author_info":{"display_name":"cokeblog18","author_link":"https:\/\/legitgrams.com\/cs\/author\/"},"uagb_comment_info":0,"uagb_excerpt":"Purchase Powdered Metizolam Online API, active pharmaceutical ingredients, intermediates, DMF, FDA, US Drug Master Files, documentation, and certification for etizolam powder are all produced and supplied globally by Dandy Drugs. We offer to purchase top-notch sources with corresponding technical packages in accordance with commercialization or RND\/Development standards. Etizolam distributor from China. manufacturers of etizolam. Purchase&hellip;","_links":{"self":[{"href":"https:\/\/legitgrams.com\/cs\/wp-json\/wp\/v2\/product\/4226","targetHints":{"allow":["GET"]}}],"collection":[{"href":"https:\/\/legitgrams.com\/cs\/wp-json\/wp\/v2\/product"}],"about":[{"href":"https:\/\/legitgrams.com\/cs\/wp-json\/wp\/v2\/types\/product"}],"replies":[{"embeddable":true,"href":"https:\/\/legitgrams.com\/cs\/wp-json\/wp\/v2\/comments?post=4226"}],"wp:featuredmedia":[{"embeddable":true,"href":"https:\/\/legitgrams.com\/cs\/wp-json\/wp\/v2\/media\/5291"}],"wp:attachment":[{"href":"https:\/\/legitgrams.com\/cs\/wp-json\/wp\/v2\/media?parent=4226"}],"wp:term":[{"taxonomy":"product_brand","embeddable":true,"href":"https:\/\/legitgrams.com\/cs\/wp-json\/wp\/v2\/product_brand?post=4226"},{"taxonomy":"product_cat","embeddable":true,"href":"https:\/\/legitgrams.com\/cs\/wp-json\/wp\/v2\/product_cat?post=4226"},{"taxonomy":"product_tag","embeddable":true,"href":"https:\/\/legitgrams.com\/cs\/wp-json\/wp\/v2\/product_tag?post=4226"}],"curies":[{"name":"wp","href":"https:\/\/api.w.org\/{rel}","templated":true}]}}