{"id":4248,"date":"2024-09-22T07:01:57","date_gmt":"2024-09-22T07:01:57","guid":{"rendered":"https:\/\/legitgrams.com\/?post_type=product&#038;p=4248"},"modified":"2025-01-14T05:04:49","modified_gmt":"2025-01-14T05:04:49","slug":"fub-akb48-prasek-1-oz-cisty","status":"publish","type":"product","link":"https:\/\/legitgrams.com\/cs\/produkt\/fub-akb48-prasek-1-oz-cisty\/","title":{"rendered":"Fub Akb48 pr\u00e1\u0161ek 1 oz \u010dist\u00fd"},"content":{"rendered":"<h2>Kupte si 1 unci \u010dist\u00e9ho pr\u00e1\u0161ku Fub Akb48 online.<\/h2>\n<p>Online, koupit <a href=\"https:\/\/legitgrams.com\/cs\/produkt\/fub-akb48-prasek-1-oz-cisty\/\">FUB-APINACA \u010cist\u00fd pr\u00e1\u0161ek<\/a>. Syntetick\u00e9 konop\u00ed vyroben\u00e9 z indazolu, AFUBINACA \u2014 tak\u00e9 zn\u00e1m\u00e9 jako FUB-AKB48 \u2014 se prod\u00e1v\u00e1 online jako designov\u00fd l\u00e9k. P\u0159edpokl\u00e1d\u00e1 se, \u017ee je to siln\u00fd agonista receptoru CB1. V tomto analogu 5F-APINACA a APINACA je bradavkov\u00fd \u0159et\u011bzec nahrazen fluorbenzylem.<\/p>\n<p>FUB-AKB-48 je kompletn\u00ed agonista s vazebn\u00fdmi afinitami 0,174 nM pro receptor CB2 a 1,06 nM pro kanabinoidn\u00ed receptor CB1.<\/p>\n<p>2014\u5e7411\u670810\u65e5\uff0c\u745e\u5178\u536b\u751f\u5f53\u5c40\u63d0\u8bae\u5c06FUB-APINACA\u5f52\u7c7b\u4e3a\u5371\u9669\u7269\u8d28\u3002 <a href=\"https:\/\/legitgrams.com\/cs\/\">LegitGrams<\/a><\/p>\n<h3>Kupte si pyr\u00e9 fub-apinaka<\/h3>\n<p>Kupte jednu unci \u010dist\u00e9ho <a href=\"https:\/\/en.wikipedia.org\/wiki\/AKB48\">Fub Akb48<\/a> pr\u00e1\u0161ek online na webu Fub Akb48 Zakoupit 1 oz Pure Fub Akb48 Powder Online \u2013 Koupit Fub Akb48, Koupit 1 oz Pure Fub Akb48 Powder online, Koupit 1 oz Pure online Kde koupit 1 oz Pure Fub Akb48 Powder Kde koupit 1 oz Pure Fub Akb48 Powder Online, Fub Akb48 Powder 1 oz Pure na prodej v USA, Kanad\u011b a Velk\u00e9 Brit\u00e1nii, N\u00e1kup online, Dodavatel\u00e9, Bezpe\u010dn\u00e9 doru\u010den\u00ed, N\u00e1kup pr\u00e1\u0161ku Fub Akb48, pr\u00e1\u0161ku Fub Akb48 1 oz Pure je st\u00e1le mo\u017en\u00e9: Je leg\u00e1ln\u00ed koupit pr\u00e1\u0161ek Fub Akb48 1 oz Pure ve Spojen\u00fdch st\u00e1tech st\u00e1ty? Jak mohu z\u00edskat 1 unci pr\u00e1\u0161ku Pure Fub Akb48? Je Fub Akb48<\/p>","protected":false},"excerpt":{"rendered":"<p>Purchase 1 oz of pure Fub Akb48 powder online. Online, buy FUB-APINACA Pure Powder. A synthetic cannabis made from indazole, AFUBINACA\u2014also known as FUB-AKB48\u2014is sold online as a designer medication. It is believed to be a potent CB1 receptor agonist. Fluorobenzyl is substituted for the nipple chain in this analogue of 5F-APINACA and APINACA. FUB-AKB-48 &hellip;<\/p>\n<p class=\"read-more\"> <a class=\"\" href=\"https:\/\/legitgrams.com\/cs\/produkt\/fub-akb48-prasek-1-oz-cisty\/\"> <span class=\"screen-reader-text\">Fub Akb48 pr\u00e1\u0161ek 1 oz \u010dist\u00fd<\/span> \u010c\u00edst d\u00e1l \"<\/a><\/p>","protected":false},"featured_media":5279,"comment_status":"open","ping_status":"closed","template":"","meta":{"_uag_custom_page_level_css":"","site-sidebar-layout":"default","site-content-layout":"default","ast-global-header-display":"","ast-main-header-display":"","ast-hfb-above-header-display":"","ast-hfb-below-header-display":"","ast-hfb-mobile-header-display":"","site-post-title":"","ast-breadcrumbs-content":"","ast-featured-img":"","footer-sml-layout":"","theme-transparent-header-meta":"default","adv-header-id-meta":"","stick-header-meta":"default","header-above-stick-meta":"","header-main-stick-meta":"","header-below-stick-meta":"","_joinchat":[]},"product_brand":[],"product_cat":[600],"product_tag":[1681,1671,617,1663,1678,1662,1665,1666,1673,1664,1676,1683,1684,1682,1674,1679,1675,1670,1668,1680,1677,625,1669,1672,1667],"class_list":{"0":"post-4248","1":"product","2":"type-product","3":"status-publish","4":"has-post-thumbnail","6":"product_cat-research-chemicals-and-bath-salt","7":"product_tag-best-cheap-price-fub-akb48-powder-1-oz-pure","8":"product_tag-best-place-to-buy-fub-akb48-powder-1-oz-pure","9":"product_tag-bulk-online","10":"product_tag-buy-fub-akb48-powder-1-oz-pure","11":"product_tag-cheap-fub-akb48-powder-1-oz-pure","12":"product_tag-fub-akb48-powder-1-oz-pure","13":"product_tag-fub-akb48-powder-1-oz-pure-for-sale","14":"product_tag-fub-akb48-powder-1-oz-pure-fub-akb48-powder-1-oz-pure-supplier","15":"product_tag-fub-akb48-powder-1-oz-pure-legally","16":"product_tag-fub-akb48-powder-1-oz-pure-online","17":"product_tag-fub-akb48-powder-1-oz-pure-store","18":"product_tag-fub-akb48-powder-1-oz-pure-use","19":"product_tag-fub-akb48-powder-1-oz-pure-wiki","20":"product_tag-fub-akb48-powder-1-oz-pure-worldwide","21":"product_tag-fub-akb48-powder-1-oz-pureprice","22":"product_tag-fub-akb48-powder-1-oz-pures","23":"product_tag-high-quality-fub-akb48-powder-1-oz-pure","24":"product_tag-how-to-buy-fub-akb48-powder-1-oz-pure","25":"product_tag-order-fub-akb48-powder-1-oz-pure","26":"product_tag-purcharse-fub-akb48-powder-1-oz-pure","27":"product_tag-shop-fub-akb48-powder-1-oz-pure","28":"product_tag-top-quality","29":"product_tag-where-to-buy-fub-akb48-powder-1-oz-pure","30":"product_tag-where-to-order-fub-akb48-powder-1-oz-pure","31":"product_tag-wholesale-fub-akb48-powder-1-oz-pure","32":"desktop-align-left","33":"tablet-align-left","34":"mobile-align-left","35":"ast-product-gallery-layout-horizontal","36":"ast-product-gallery-with-no-image","37":"ast-product-single-variable","38":"ast-product-tabs-layout-horizontal","39":"ast-qv-on-image","41":"first","42":"instock","43":"shipping-taxable","44":"purchasable","45":"product-type-variable"},"yoast_head":"<!-- This site is optimized with the Yoast SEO plugin v25.9 - https:\/\/yoast.com\/wordpress\/plugins\/seo\/ -->\n<title>Fub Akb48 Powder for Sale - Order Fub Akb48 Powder Online<\/title>\n<meta name=\"description\" content=\"Buy Fub Akb48 Powder online from our trusted online store for top-quality products. Get Fub Akb48 Powder for sale easily and securely on our platform for ultimate customer satisfaction. Order Now!\" \/>\n<meta name=\"robots\" content=\"index, follow, max-snippet:-1, max-image-preview:large, max-video-preview:-1\" \/>\n<link rel=\"canonical\" href=\"https:\/\/legitgrams.com\/cs\/produkt\/fub-akb48-prasek-1-oz-cisty\/\" \/>\n<meta property=\"og:locale\" content=\"cs_CZ\" \/>\n<meta property=\"og:type\" content=\"article\" \/>\n<meta property=\"og:title\" content=\"Fub Akb48 Powder for Sale - Order Fub Akb48 Powder Online\" \/>\n<meta property=\"og:description\" content=\"Buy Fub Akb48 Powder online from our trusted online store for top-quality products. Get Fub Akb48 Powder for sale easily and securely on our platform for ultimate customer satisfaction. Order Now!\" \/>\n<meta property=\"og:url\" content=\"https:\/\/legitgrams.com\/cs\/produkt\/fub-akb48-prasek-1-oz-cisty\/\" \/>\n<meta property=\"og:site_name\" content=\"Legit Grams\" \/>\n<meta property=\"article:modified_time\" content=\"2025-01-14T05:04:49+00:00\" \/>\n<meta property=\"og:image\" content=\"https:\/\/legitgrams.com\/wp-content\/uploads\/2024\/09\/buy-fub-AKB48-powder-1-or-pure.jpg\" \/>\n\t<meta property=\"og:image:width\" content=\"600\" \/>\n\t<meta property=\"og:image:height\" content=\"600\" \/>\n\t<meta property=\"og:image:type\" content=\"image\/jpeg\" \/>\n<meta name=\"twitter:card\" content=\"summary_large_image\" \/>\n<meta name=\"twitter:label1\" content=\"Odhadovan\u00e1 doba \u010dten\u00ed\" \/>\n\t<meta name=\"twitter:data1\" content=\"2 minuty\" \/>\n<script type=\"application\/ld+json\" class=\"yoast-schema-graph\">{\"@context\":\"https:\/\/schema.org\",\"@graph\":[{\"@type\":\"WebPage\",\"@id\":\"https:\/\/legitgrams.com\/product\/fub-akb48-powder-1-oz-pure\/\",\"url\":\"https:\/\/legitgrams.com\/product\/fub-akb48-powder-1-oz-pure\/\",\"name\":\"Fub Akb48 Powder for Sale - Order Fub Akb48 Powder Online\",\"isPartOf\":{\"@id\":\"https:\/\/legitgrams.com\/#website\"},\"primaryImageOfPage\":{\"@id\":\"https:\/\/legitgrams.com\/product\/fub-akb48-powder-1-oz-pure\/#primaryimage\"},\"image\":{\"@id\":\"https:\/\/legitgrams.com\/product\/fub-akb48-powder-1-oz-pure\/#primaryimage\"},\"thumbnailUrl\":\"https:\/\/legitgrams.com\/wp-content\/uploads\/2024\/09\/buy-fub-AKB48-powder-1-or-pure.jpg\",\"datePublished\":\"2024-09-22T07:01:57+00:00\",\"dateModified\":\"2025-01-14T05:04:49+00:00\",\"description\":\"Buy Fub Akb48 Powder online from our trusted online store for top-quality products. Get Fub Akb48 Powder for sale easily and securely on our platform for ultimate customer satisfaction. Order Now!\",\"breadcrumb\":{\"@id\":\"https:\/\/legitgrams.com\/product\/fub-akb48-powder-1-oz-pure\/#breadcrumb\"},\"inLanguage\":\"cs\",\"potentialAction\":[{\"@type\":\"ReadAction\",\"target\":[\"https:\/\/legitgrams.com\/product\/fub-akb48-powder-1-oz-pure\/\"]}]},{\"@type\":\"ImageObject\",\"inLanguage\":\"cs\",\"@id\":\"https:\/\/legitgrams.com\/product\/fub-akb48-powder-1-oz-pure\/#primaryimage\",\"url\":\"https:\/\/legitgrams.com\/wp-content\/uploads\/2024\/09\/buy-fub-AKB48-powder-1-or-pure.jpg\",\"contentUrl\":\"https:\/\/legitgrams.com\/wp-content\/uploads\/2024\/09\/buy-fub-AKB48-powder-1-or-pure.jpg\",\"width\":600,\"height\":600,\"caption\":\"Fub Akb48 Powder for Sale\"},{\"@type\":\"BreadcrumbList\",\"@id\":\"https:\/\/legitgrams.com\/product\/fub-akb48-powder-1-oz-pure\/#breadcrumb\",\"itemListElement\":[{\"@type\":\"ListItem\",\"position\":1,\"name\":\"Home\",\"item\":\"https:\/\/legitgrams.com\/\"},{\"@type\":\"ListItem\",\"position\":2,\"name\":\"Shop\",\"item\":\"https:\/\/legitgrams.com\/shop\/\"},{\"@type\":\"ListItem\",\"position\":3,\"name\":\"Fub Akb48 Powder 1 oz Pure\"}]},{\"@type\":\"WebSite\",\"@id\":\"https:\/\/legitgrams.com\/#website\",\"url\":\"https:\/\/legitgrams.com\/\",\"name\":\"Legit Grams\",\"description\":\"My WordPress Blog\",\"publisher\":{\"@id\":\"https:\/\/legitgrams.com\/#organization\"},\"potentialAction\":[{\"@type\":\"SearchAction\",\"target\":{\"@type\":\"EntryPoint\",\"urlTemplate\":\"https:\/\/legitgrams.com\/?s={search_term_string}\"},\"query-input\":{\"@type\":\"PropertyValueSpecification\",\"valueRequired\":true,\"valueName\":\"search_term_string\"}}],\"inLanguage\":\"cs\"},{\"@type\":\"Organization\",\"@id\":\"https:\/\/legitgrams.com\/#organization\",\"name\":\"Legit Grams\",\"url\":\"https:\/\/legitgrams.com\/\",\"logo\":{\"@type\":\"ImageObject\",\"inLanguage\":\"cs\",\"@id\":\"https:\/\/legitgrams.com\/#\/schema\/logo\/image\/\",\"url\":\"https:\/\/legitgrams.com\/wp-content\/uploads\/2024\/09\/main-logo.png\",\"contentUrl\":\"https:\/\/legitgrams.com\/wp-content\/uploads\/2024\/09\/main-logo.png\",\"width\":270,\"height\":75,\"caption\":\"Legit Grams\"},\"image\":{\"@id\":\"https:\/\/legitgrams.com\/#\/schema\/logo\/image\/\"}}]}<\/script>\n<!-- \/ Yoast SEO plugin. -->","yoast_head_json":{"title":"Fub Akb48 Powder na prodej - objednejte si Fub Akb48 Powder online","description":"Kupte si Fub Akb48 Powder online z na\u0161eho d\u016fv\u011bryhodn\u00e9ho internetov\u00e9ho obchodu s produkty nejvy\u0161\u0161\u00ed kvality. Z\u00edskejte Fub Akb48 Powder na prodej snadno a bezpe\u010dn\u011b na na\u0161\u00ed platform\u011b pro maxim\u00e1ln\u00ed spokojenost z\u00e1kazn\u00edk\u016f. Objednejte si nyn\u00ed!","robots":{"index":"index","follow":"follow","max-snippet":"max-snippet:-1","max-image-preview":"max-image-preview:large","max-video-preview":"max-video-preview:-1"},"canonical":"https:\/\/legitgrams.com\/cs\/produkt\/fub-akb48-prasek-1-oz-cisty\/","og_locale":"cs_CZ","og_type":"article","og_title":"Fub Akb48 Powder for Sale - Order Fub Akb48 Powder Online","og_description":"Buy Fub Akb48 Powder online from our trusted online store for top-quality products. Get Fub Akb48 Powder for sale easily and securely on our platform for ultimate customer satisfaction. Order Now!","og_url":"https:\/\/legitgrams.com\/cs\/produkt\/fub-akb48-prasek-1-oz-cisty\/","og_site_name":"Legit Grams","article_modified_time":"2025-01-14T05:04:49+00:00","og_image":[{"width":600,"height":600,"url":"https:\/\/legitgrams.com\/wp-content\/uploads\/2024\/09\/buy-fub-AKB48-powder-1-or-pure.jpg","type":"image\/jpeg"}],"twitter_card":"summary_large_image","twitter_misc":{"Odhadovan\u00e1 doba \u010dten\u00ed":"2 minuty"},"schema":{"@context":"https:\/\/schema.org","@graph":[{"@type":"WebPage","@id":"https:\/\/legitgrams.com\/product\/fub-akb48-powder-1-oz-pure\/","url":"https:\/\/legitgrams.com\/product\/fub-akb48-powder-1-oz-pure\/","name":"Fub Akb48 Powder na prodej - objednejte si Fub Akb48 Powder online","isPartOf":{"@id":"https:\/\/legitgrams.com\/#website"},"primaryImageOfPage":{"@id":"https:\/\/legitgrams.com\/product\/fub-akb48-powder-1-oz-pure\/#primaryimage"},"image":{"@id":"https:\/\/legitgrams.com\/product\/fub-akb48-powder-1-oz-pure\/#primaryimage"},"thumbnailUrl":"https:\/\/legitgrams.com\/wp-content\/uploads\/2024\/09\/buy-fub-AKB48-powder-1-or-pure.jpg","datePublished":"2024-09-22T07:01:57+00:00","dateModified":"2025-01-14T05:04:49+00:00","description":"Kupte si Fub Akb48 Powder online z na\u0161eho d\u016fv\u011bryhodn\u00e9ho internetov\u00e9ho obchodu s produkty nejvy\u0161\u0161\u00ed kvality. Z\u00edskejte Fub Akb48 Powder na prodej snadno a bezpe\u010dn\u011b na na\u0161\u00ed platform\u011b pro maxim\u00e1ln\u00ed spokojenost z\u00e1kazn\u00edk\u016f. Objednejte si nyn\u00ed!","breadcrumb":{"@id":"https:\/\/legitgrams.com\/product\/fub-akb48-powder-1-oz-pure\/#breadcrumb"},"inLanguage":"cs","potentialAction":[{"@type":"ReadAction","target":["https:\/\/legitgrams.com\/product\/fub-akb48-powder-1-oz-pure\/"]}]},{"@type":"ImageObject","inLanguage":"cs","@id":"https:\/\/legitgrams.com\/product\/fub-akb48-powder-1-oz-pure\/#primaryimage","url":"https:\/\/legitgrams.com\/wp-content\/uploads\/2024\/09\/buy-fub-AKB48-powder-1-or-pure.jpg","contentUrl":"https:\/\/legitgrams.com\/wp-content\/uploads\/2024\/09\/buy-fub-AKB48-powder-1-or-pure.jpg","width":600,"height":600,"caption":"Fub Akb48 Powder for Sale"},{"@type":"BreadcrumbList","@id":"https:\/\/legitgrams.com\/product\/fub-akb48-powder-1-oz-pure\/#breadcrumb","itemListElement":[{"@type":"ListItem","position":1,"name":"Home","item":"https:\/\/legitgrams.com\/"},{"@type":"ListItem","position":2,"name":"Shop","item":"https:\/\/legitgrams.com\/shop\/"},{"@type":"ListItem","position":3,"name":"Fub Akb48 Powder 1 oz Pure"}]},{"@type":"WebSite","@id":"https:\/\/legitgrams.com\/#website","url":"https:\/\/legitgrams.com\/","name":"Leg\u00e1ln\u00ed gramy","description":"M\u016fj blog WordPress","publisher":{"@id":"https:\/\/legitgrams.com\/#organization"},"potentialAction":[{"@type":"SearchAction","target":{"@type":"EntryPoint","urlTemplate":"https:\/\/legitgrams.com\/?s={search_term_string}"},"query-input":{"@type":"PropertyValueSpecification","valueRequired":true,"valueName":"search_term_string"}}],"inLanguage":"cs"},{"@type":"Organization","@id":"https:\/\/legitgrams.com\/#organization","name":"Leg\u00e1ln\u00ed gramy","url":"https:\/\/legitgrams.com\/","logo":{"@type":"ImageObject","inLanguage":"cs","@id":"https:\/\/legitgrams.com\/#\/schema\/logo\/image\/","url":"https:\/\/legitgrams.com\/wp-content\/uploads\/2024\/09\/main-logo.png","contentUrl":"https:\/\/legitgrams.com\/wp-content\/uploads\/2024\/09\/main-logo.png","width":270,"height":75,"caption":"Legit Grams"},"image":{"@id":"https:\/\/legitgrams.com\/#\/schema\/logo\/image\/"}}]}},"uagb_featured_image_src":{"full":["https:\/\/legitgrams.com\/wp-content\/uploads\/2024\/09\/buy-fub-AKB48-powder-1-or-pure.jpg",600,600,false],"thumbnail":["https:\/\/legitgrams.com\/wp-content\/uploads\/2024\/09\/buy-fub-AKB48-powder-1-or-pure-150x150.jpg",150,150,true],"medium":["https:\/\/legitgrams.com\/wp-content\/uploads\/2024\/09\/buy-fub-AKB48-powder-1-or-pure-300x300.jpg",300,300,true],"medium_large":["https:\/\/legitgrams.com\/wp-content\/uploads\/2024\/09\/buy-fub-AKB48-powder-1-or-pure.jpg",600,600,false],"large":["https:\/\/legitgrams.com\/wp-content\/uploads\/2024\/09\/buy-fub-AKB48-powder-1-or-pure.jpg",600,600,false],"1536x1536":["https:\/\/legitgrams.com\/wp-content\/uploads\/2024\/09\/buy-fub-AKB48-powder-1-or-pure.jpg",600,600,false],"2048x2048":["https:\/\/legitgrams.com\/wp-content\/uploads\/2024\/09\/buy-fub-AKB48-powder-1-or-pure.jpg",600,600,false],"trp-custom-language-flag":["https:\/\/legitgrams.com\/wp-content\/uploads\/2024\/09\/buy-fub-AKB48-powder-1-or-pure-12x12.jpg",12,12,true],"woocommerce_thumbnail":["https:\/\/legitgrams.com\/wp-content\/uploads\/2024\/09\/buy-fub-AKB48-powder-1-or-pure-300x300.jpg",300,300,true],"woocommerce_single":["https:\/\/legitgrams.com\/wp-content\/uploads\/2024\/09\/buy-fub-AKB48-powder-1-or-pure.jpg",600,600,false],"woocommerce_gallery_thumbnail":["https:\/\/legitgrams.com\/wp-content\/uploads\/2024\/09\/buy-fub-AKB48-powder-1-or-pure-100x100.jpg",100,100,true]},"uagb_author_info":{"display_name":"cokeblog18","author_link":"https:\/\/legitgrams.com\/cs\/author\/"},"uagb_comment_info":0,"uagb_excerpt":"Purchase 1 oz of pure Fub Akb48 powder online. Online, buy FUB-APINACA Pure Powder. A synthetic cannabis made from indazole, AFUBINACA\u2014also known as FUB-AKB48\u2014is sold online as a designer medication. It is believed to be a potent CB1 receptor agonist. Fluorobenzyl is substituted for the nipple chain in this analogue of 5F-APINACA and APINACA. FUB-AKB-48&hellip;","_links":{"self":[{"href":"https:\/\/legitgrams.com\/cs\/wp-json\/wp\/v2\/product\/4248","targetHints":{"allow":["GET"]}}],"collection":[{"href":"https:\/\/legitgrams.com\/cs\/wp-json\/wp\/v2\/product"}],"about":[{"href":"https:\/\/legitgrams.com\/cs\/wp-json\/wp\/v2\/types\/product"}],"replies":[{"embeddable":true,"href":"https:\/\/legitgrams.com\/cs\/wp-json\/wp\/v2\/comments?post=4248"}],"wp:featuredmedia":[{"embeddable":true,"href":"https:\/\/legitgrams.com\/cs\/wp-json\/wp\/v2\/media\/5279"}],"wp:attachment":[{"href":"https:\/\/legitgrams.com\/cs\/wp-json\/wp\/v2\/media?parent=4248"}],"wp:term":[{"taxonomy":"product_brand","embeddable":true,"href":"https:\/\/legitgrams.com\/cs\/wp-json\/wp\/v2\/product_brand?post=4248"},{"taxonomy":"product_cat","embeddable":true,"href":"https:\/\/legitgrams.com\/cs\/wp-json\/wp\/v2\/product_cat?post=4248"},{"taxonomy":"product_tag","embeddable":true,"href":"https:\/\/legitgrams.com\/cs\/wp-json\/wp\/v2\/product_tag?post=4248"}],"curies":[{"name":"wp","href":"https:\/\/api.w.org\/{rel}","templated":true}]}}