{"id":4250,"date":"2024-09-22T07:10:45","date_gmt":"2024-09-22T07:10:45","guid":{"rendered":"https:\/\/legitgrams.com\/?post_type=product&#038;p=4250"},"modified":"2025-01-14T08:14:53","modified_gmt":"2025-01-14T08:14:53","slug":"kapalne-lsd-kapka","status":"publish","type":"product","link":"https:\/\/legitgrams.com\/cs\/produkt\/kapalne-lsd-kapka\/","title":{"rendered":"kapaln\u00e9 LSD Drop"},"content":{"rendered":"<h2>Koupit tekut\u00e9 LSD 200ug Drop Online: Co je tekut\u00e9 LSD?<\/h2>\n<p>\u017ditn\u00e9 houby obsahuj\u00ed chemickou l\u00e1tku, kter\u00e1 se pou\u017e\u00edv\u00e1 k v\u00fdrob\u011b halucinogenn\u00ed drogy zn\u00e1m\u00e9 jako LSD neboli diethylamid kyseliny lysergov\u00e9. Jeho nejzn\u00e1m\u011bj\u0161\u00ed pou\u017eit\u00ed bylo b\u011bhem kontrakultury 60. let a n\u00e1sledn\u00fd z\u00e1kaz po\u0161kodil jeho pov\u011bst.<\/p>\n<p>LSD vyrobil v roce 1938 \u0161v\u00fdcarsk\u00fd v\u011bdec Albert Hofmann ve sv\u00e9 laborato\u0159i ve \u0161v\u00fdcarsk\u00e9m Curychu. Jeho halucinogenn\u00ed vlastnosti n\u00e1hodn\u011b objevil v roce 1943 pot\u00e9, co se mal\u00fd kousek dostal na jeho k\u016f\u017ei.<\/p>\n<p>Z\u00edskejte LSD. LSD, jeden z nej\u00fa\u010dinn\u011bj\u0161\u00edch halucinogen\u016f na trhu, m\u00e1 \u0161irokou \u0161k\u00e1lu kulturn\u00edch, duchovn\u00edch a terapeutick\u00fdch vyu\u017eit\u00ed.<\/p>\n<h3>Farmakologie: Kupte si levn\u011b 200 ug tekut\u00e9ho LSD &amp; Drop online<\/h3>\n<p>Kdy\u017e <a href=\"https:\/\/legitgrams.com\/cs\/produkt\/kapalne-lsd-kapka\/\">LSD<\/a> Kdy\u017e se spot\u0159ebuje, aktivuje 5-HT (serotoninov\u00fd) receptor, co\u017e m\u00e1 za n\u00e1sledek v\u00fdrazn\u00e9 zv\u00fd\u0161en\u00ed inhibic\u00ed syst\u00e9m\u016f, kter\u00e9 reguluj\u00ed hladiny serotoninu v mozku. Z\u00edskejte 200 ug zlevn\u011bn\u00e9ho tekut\u00e9ho LSD online. Cena 200 ug tekut\u00e9ho lsd Z 15 r\u016fzn\u00fdch serotoninov\u00fdch receptor\u016f v mozku preferuje LSD p\u0159edev\u0161\u00edm podtyp 2A (5-HT2A). Receptor 5-HT2A se pod\u00edl\u00ed na kognitivn\u00edch procesech v prefront\u00e1ln\u00edm kortexu. Vzhledem k tomu, \u017ee mnoho v\u00fdhod LSD poch\u00e1z\u00ed z prefront\u00e1ln\u00edho kortexu, je to d\u016fle\u017eit\u00fd aspekt. <a href=\"https:\/\/legitgrams.com\/cs\/\">LegitGrams<\/a><\/p>\n<h3>Jak se vyr\u00e1b\u00ed LSD?<\/h3>\n<p>D\u016fkladn\u00e9 porozum\u011bn\u00ed organick\u00e9 chemii, pln\u011b funk\u010dn\u00ed laborato\u0159 (s p\u0159\u00edstupem do temn\u00e9 komory a schopnost\u00ed sterilizovat za\u0159\u00edzen\u00ed) a ur\u010dit\u00fdmi slou\u010deninami, kter\u00e9 jsou nyn\u00ed bu\u010f zak\u00e1z\u00e1ny, nebo jejich prodej p\u0159\u00edsn\u011b reguluje v\u00fdroba <a href=\"https:\/\/en.wikipedia.org\/wiki\/LSD\">LSD<\/a>, je vy\u017eadov\u00e1n Drug Enforcement Agency (DEA).<\/p>\n<p>Na rozd\u00edl od ingredienc\u00ed pot\u0159ebn\u00fdch k v\u00fdrob\u011b metamfetaminu tyto ingredience chyb\u00ed ve v\u011bt\u0161in\u011b ka\u017edodenn\u00edch p\u0159edm\u011bt\u016f pro dom\u00e1cnost.<\/p>\n<p>P\u0159edpokl\u00e1d\u00e1 se, \u017ee prefront\u00e1ln\u00ed k\u016fra je zapojena do rozhodov\u00e1n\u00ed, komplexn\u00edho pl\u00e1nov\u00e1n\u00ed kognitivn\u00edho chov\u00e1n\u00ed, regulace soci\u00e1ln\u00edho chov\u00e1n\u00ed a vyjad\u0159ov\u00e1n\u00ed osobnosti. Z\u00edskejte 200 ug zlevn\u011bn\u00e9ho tekut\u00e9ho LSD online. Schopnost p\u0159ij\u00edmat informace z jin\u00fdch mozkov\u00fdch syst\u00e9m\u016f a aplikovat je k rozhodov\u00e1n\u00ed orientovan\u00e9mu na c\u00edl je stejn\u011b z\u00e1sadn\u00ed.<\/p>\n<p>Z\u00edskejte kapalnou kapku LSD 200 ug online: Kupte si kapaln\u00e9 LSD, kupte kapku tekut\u00e9ho LSD 200 ug, kupte si kapku tekut\u00e9ho LSD online, Kde si mohu koupit kapku tekut\u00e9ho LSD 200 ug?, Koupit kapku tekut\u00e9ho LSD 200 ug, Koupit tekut\u00e9 LSD 200 ug, Koupit tekut\u00e9 LSD 200 ug, Koupit 200 ug tekut\u00e9ho LSD, Kupte 200 ug tekut\u00e9ho LSD, Kupte 200 ug tekut\u00e9ho LSD Drop v USA, Kanad\u011b a Velk\u00e9 Brit\u00e1nii, Koupit online, Dodavatel\u00e9, Bezpe\u010dn\u00e9 doru\u010den\u00ed, St\u00e1le je k dispozici 200 ug kapek tekut\u00e9ho LSD. Jak si objednat kapku 200 ug tekut\u00e9ho LSD Mohu si v USA koupit tekut\u00e9 200ug kapky LSD online? Je leg\u00e1ln\u00ed koupit kapku LSD 200ug v Kanad\u011b?<\/p>\n<h2><\/h2>\n<h2><\/h2>\n<p>&nbsp;<\/p>","protected":false},"excerpt":{"rendered":"<p>Purchase liquid LSD 200ug Drop Online: What is LSD liquid? Rye mushrooms contain a chemical that is used to make the hallucinogenic drug known as LSD, or lysergic acid diethylamide. Its most well-known use was during the counterculture of the 1960s, and the subsequent ban damaged its reputation. LSD was produced in 1938 by Swiss &hellip;<\/p>\n<p class=\"read-more\"> <a class=\"\" href=\"https:\/\/legitgrams.com\/cs\/produkt\/kapalne-lsd-kapka\/\"> <span class=\"screen-reader-text\">kapaln\u00e9 LSD Drop<\/span> \u010c\u00edst d\u00e1l \"<\/a><\/p>","protected":false},"featured_media":5184,"comment_status":"open","ping_status":"closed","template":"","meta":{"_uag_custom_page_level_css":"","site-sidebar-layout":"default","site-content-layout":"default","ast-global-header-display":"","ast-main-header-display":"","ast-hfb-above-header-display":"","ast-hfb-below-header-display":"","ast-hfb-mobile-header-display":"","site-post-title":"","ast-breadcrumbs-content":"","ast-featured-img":"","footer-sml-layout":"","theme-transparent-header-meta":"default","adv-header-id-meta":"","stick-header-meta":"default","header-above-stick-meta":"","header-main-stick-meta":"","header-below-stick-meta":"","_joinchat":[]},"product_brand":[],"product_cat":[595],"product_tag":[1637,1627,617,1619,1634,1631,1626,1618,1621,1629,1622,1620,1632,1639,1640,1638,1630,1635,1624,1636,1633,625,1625,1628,1623],"class_list":{"0":"post-4250","1":"product","2":"type-product","3":"status-publish","4":"has-post-thumbnail","6":"product_cat-psychedelic-drugs","7":"product_tag-best-cheap-price-liquid-lsd-drop","8":"product_tag-best-place-to-buy-liquid-lsd-drop","9":"product_tag-bulk-online","10":"product_tag-buy-liquid-lsd-drop","11":"product_tag-cheap-liquid-lsd-drop","12":"product_tag-high-quality-liquid-lsd-drop","13":"product_tag-how-to-buy-liquid-lsd-drop","14":"product_tag-liquid-lsd-drop","15":"product_tag-liquid-lsd-drop-for-sale","16":"product_tag-liquid-lsd-drop-legally","17":"product_tag-liquid-lsd-drop-liquid-lsd-drop-supplier","18":"product_tag-liquid-lsd-drop-online","19":"product_tag-liquid-lsd-drop-store","20":"product_tag-liquid-lsd-drop-use","21":"product_tag-liquid-lsd-drop-wiki","22":"product_tag-liquid-lsd-drop-worldwide","23":"product_tag-liquid-lsd-dropprice","24":"product_tag-liquid-lsd-drops","25":"product_tag-order-liquid-lsd-drop","26":"product_tag-purcharse-liquid-lsd-drop","27":"product_tag-shop-liquid-lsd-drop","28":"product_tag-top-quality","29":"product_tag-where-to-buy-liquid-lsd-drop","30":"product_tag-where-to-order-liquid-lsd-drop","31":"product_tag-wholesale-liquid-lsd-drop","32":"desktop-align-left","33":"tablet-align-left","34":"mobile-align-left","35":"ast-product-gallery-layout-horizontal","36":"ast-product-gallery-with-no-image","37":"ast-product-single-variable","38":"ast-product-tabs-layout-horizontal","39":"ast-qv-on-image","41":"first","42":"instock","43":"shipping-taxable","44":"purchasable","45":"product-type-variable"},"yoast_head":"<!-- This site is optimized with the Yoast SEO plugin v25.9 - https:\/\/yoast.com\/wordpress\/plugins\/seo\/ -->\n<title>liquid LSD Drop for Sale - Buy liquid LSD Drop Online | LegitGrams<\/title>\n<meta name=\"description\" content=\"Explore our online store for liquid LSD Drop for sale, offering high-quality liquid LSD Drop. Buy liquid LSD Drop online securely and embark on your research journey with confidence.\" \/>\n<meta name=\"robots\" content=\"index, follow, max-snippet:-1, max-image-preview:large, max-video-preview:-1\" \/>\n<link rel=\"canonical\" href=\"https:\/\/legitgrams.com\/cs\/produkt\/kapalne-lsd-kapka\/\" \/>\n<meta property=\"og:locale\" content=\"cs_CZ\" \/>\n<meta property=\"og:type\" content=\"article\" \/>\n<meta property=\"og:title\" content=\"liquid LSD Drop for Sale - Buy liquid LSD Drop Online | LegitGrams\" \/>\n<meta property=\"og:description\" content=\"Explore our online store for liquid LSD Drop for sale, offering high-quality liquid LSD Drop. Buy liquid LSD Drop online securely and embark on your research journey with confidence.\" \/>\n<meta property=\"og:url\" content=\"https:\/\/legitgrams.com\/cs\/produkt\/kapalne-lsd-kapka\/\" \/>\n<meta property=\"og:site_name\" content=\"Legit Grams\" \/>\n<meta property=\"article:modified_time\" content=\"2025-01-14T08:14:53+00:00\" \/>\n<meta property=\"og:image\" content=\"https:\/\/legitgrams.com\/wp-content\/uploads\/2024\/09\/Buy-liquid-lsd-200ug-drop-Online-Cheap.jpg\" \/>\n\t<meta property=\"og:image:width\" content=\"600\" \/>\n\t<meta property=\"og:image:height\" content=\"600\" \/>\n\t<meta property=\"og:image:type\" content=\"image\/jpeg\" \/>\n<meta name=\"twitter:card\" content=\"summary_large_image\" \/>\n<meta name=\"twitter:label1\" content=\"Odhadovan\u00e1 doba \u010dten\u00ed\" \/>\n\t<meta name=\"twitter:data1\" content=\"4 minuty\" \/>\n<script type=\"application\/ld+json\" class=\"yoast-schema-graph\">{\"@context\":\"https:\/\/schema.org\",\"@graph\":[{\"@type\":\"WebPage\",\"@id\":\"https:\/\/legitgrams.com\/product\/liquid-lsd-drop\/\",\"url\":\"https:\/\/legitgrams.com\/product\/liquid-lsd-drop\/\",\"name\":\"liquid LSD Drop for Sale - Buy liquid LSD Drop Online | LegitGrams\",\"isPartOf\":{\"@id\":\"https:\/\/legitgrams.com\/#website\"},\"primaryImageOfPage\":{\"@id\":\"https:\/\/legitgrams.com\/product\/liquid-lsd-drop\/#primaryimage\"},\"image\":{\"@id\":\"https:\/\/legitgrams.com\/product\/liquid-lsd-drop\/#primaryimage\"},\"thumbnailUrl\":\"https:\/\/legitgrams.com\/wp-content\/uploads\/2024\/09\/Buy-liquid-lsd-200ug-drop-Online-Cheap.jpg\",\"datePublished\":\"2024-09-22T07:10:45+00:00\",\"dateModified\":\"2025-01-14T08:14:53+00:00\",\"description\":\"Explore our online store for liquid LSD Drop for sale, offering high-quality liquid LSD Drop. Buy liquid LSD Drop online securely and embark on your research journey with confidence.\",\"breadcrumb\":{\"@id\":\"https:\/\/legitgrams.com\/product\/liquid-lsd-drop\/#breadcrumb\"},\"inLanguage\":\"cs\",\"potentialAction\":[{\"@type\":\"ReadAction\",\"target\":[\"https:\/\/legitgrams.com\/product\/liquid-lsd-drop\/\"]}]},{\"@type\":\"ImageObject\",\"inLanguage\":\"cs\",\"@id\":\"https:\/\/legitgrams.com\/product\/liquid-lsd-drop\/#primaryimage\",\"url\":\"https:\/\/legitgrams.com\/wp-content\/uploads\/2024\/09\/Buy-liquid-lsd-200ug-drop-Online-Cheap.jpg\",\"contentUrl\":\"https:\/\/legitgrams.com\/wp-content\/uploads\/2024\/09\/Buy-liquid-lsd-200ug-drop-Online-Cheap.jpg\",\"width\":600,\"height\":600,\"caption\":\"liquid LSD Drop for Sale\"},{\"@type\":\"BreadcrumbList\",\"@id\":\"https:\/\/legitgrams.com\/product\/liquid-lsd-drop\/#breadcrumb\",\"itemListElement\":[{\"@type\":\"ListItem\",\"position\":1,\"name\":\"Home\",\"item\":\"https:\/\/legitgrams.com\/\"},{\"@type\":\"ListItem\",\"position\":2,\"name\":\"Shop\",\"item\":\"https:\/\/legitgrams.com\/shop\/\"},{\"@type\":\"ListItem\",\"position\":3,\"name\":\"liquid LSD Drop\"}]},{\"@type\":\"WebSite\",\"@id\":\"https:\/\/legitgrams.com\/#website\",\"url\":\"https:\/\/legitgrams.com\/\",\"name\":\"Legit Grams\",\"description\":\"My WordPress Blog\",\"publisher\":{\"@id\":\"https:\/\/legitgrams.com\/#organization\"},\"potentialAction\":[{\"@type\":\"SearchAction\",\"target\":{\"@type\":\"EntryPoint\",\"urlTemplate\":\"https:\/\/legitgrams.com\/?s={search_term_string}\"},\"query-input\":{\"@type\":\"PropertyValueSpecification\",\"valueRequired\":true,\"valueName\":\"search_term_string\"}}],\"inLanguage\":\"cs\"},{\"@type\":\"Organization\",\"@id\":\"https:\/\/legitgrams.com\/#organization\",\"name\":\"Legit Grams\",\"url\":\"https:\/\/legitgrams.com\/\",\"logo\":{\"@type\":\"ImageObject\",\"inLanguage\":\"cs\",\"@id\":\"https:\/\/legitgrams.com\/#\/schema\/logo\/image\/\",\"url\":\"https:\/\/legitgrams.com\/wp-content\/uploads\/2024\/09\/main-logo.png\",\"contentUrl\":\"https:\/\/legitgrams.com\/wp-content\/uploads\/2024\/09\/main-logo.png\",\"width\":270,\"height\":75,\"caption\":\"Legit Grams\"},\"image\":{\"@id\":\"https:\/\/legitgrams.com\/#\/schema\/logo\/image\/\"}}]}<\/script>\n<!-- \/ Yoast SEO plugin. -->","yoast_head_json":{"title":"liquid LSD Drop na prodej - koupit liquid LSD Drop online | LegitGrams","description":"Prozkoumejte n\u00e1\u0161 internetov\u00fd obchod s kapaln\u00fdm LSD Drop na prodej, kter\u00fd nab\u00edz\u00ed vysoce kvalitn\u00ed kapaln\u00e9 LSD Drop. Kupte si kapaln\u00e9 LSD Drop bezpe\u010dn\u011b online a vydejte se na cestu v\u00fdzkumu s d\u016fv\u011brou.","robots":{"index":"index","follow":"follow","max-snippet":"max-snippet:-1","max-image-preview":"max-image-preview:large","max-video-preview":"max-video-preview:-1"},"canonical":"https:\/\/legitgrams.com\/cs\/produkt\/kapalne-lsd-kapka\/","og_locale":"cs_CZ","og_type":"article","og_title":"liquid LSD Drop for Sale - Buy liquid LSD Drop Online | LegitGrams","og_description":"Explore our online store for liquid LSD Drop for sale, offering high-quality liquid LSD Drop. Buy liquid LSD Drop online securely and embark on your research journey with confidence.","og_url":"https:\/\/legitgrams.com\/cs\/produkt\/kapalne-lsd-kapka\/","og_site_name":"Legit Grams","article_modified_time":"2025-01-14T08:14:53+00:00","og_image":[{"width":600,"height":600,"url":"https:\/\/legitgrams.com\/wp-content\/uploads\/2024\/09\/Buy-liquid-lsd-200ug-drop-Online-Cheap.jpg","type":"image\/jpeg"}],"twitter_card":"summary_large_image","twitter_misc":{"Odhadovan\u00e1 doba \u010dten\u00ed":"4 minuty"},"schema":{"@context":"https:\/\/schema.org","@graph":[{"@type":"WebPage","@id":"https:\/\/legitgrams.com\/product\/liquid-lsd-drop\/","url":"https:\/\/legitgrams.com\/product\/liquid-lsd-drop\/","name":"liquid LSD Drop na prodej - koupit liquid LSD Drop online | LegitGrams","isPartOf":{"@id":"https:\/\/legitgrams.com\/#website"},"primaryImageOfPage":{"@id":"https:\/\/legitgrams.com\/product\/liquid-lsd-drop\/#primaryimage"},"image":{"@id":"https:\/\/legitgrams.com\/product\/liquid-lsd-drop\/#primaryimage"},"thumbnailUrl":"https:\/\/legitgrams.com\/wp-content\/uploads\/2024\/09\/Buy-liquid-lsd-200ug-drop-Online-Cheap.jpg","datePublished":"2024-09-22T07:10:45+00:00","dateModified":"2025-01-14T08:14:53+00:00","description":"Prozkoumejte n\u00e1\u0161 internetov\u00fd obchod s kapaln\u00fdm LSD Drop na prodej, kter\u00fd nab\u00edz\u00ed vysoce kvalitn\u00ed kapaln\u00e9 LSD Drop. Kupte si kapaln\u00e9 LSD Drop bezpe\u010dn\u011b online a vydejte se na cestu v\u00fdzkumu s d\u016fv\u011brou.","breadcrumb":{"@id":"https:\/\/legitgrams.com\/product\/liquid-lsd-drop\/#breadcrumb"},"inLanguage":"cs","potentialAction":[{"@type":"ReadAction","target":["https:\/\/legitgrams.com\/product\/liquid-lsd-drop\/"]}]},{"@type":"ImageObject","inLanguage":"cs","@id":"https:\/\/legitgrams.com\/product\/liquid-lsd-drop\/#primaryimage","url":"https:\/\/legitgrams.com\/wp-content\/uploads\/2024\/09\/Buy-liquid-lsd-200ug-drop-Online-Cheap.jpg","contentUrl":"https:\/\/legitgrams.com\/wp-content\/uploads\/2024\/09\/Buy-liquid-lsd-200ug-drop-Online-Cheap.jpg","width":600,"height":600,"caption":"liquid LSD Drop for Sale"},{"@type":"BreadcrumbList","@id":"https:\/\/legitgrams.com\/product\/liquid-lsd-drop\/#breadcrumb","itemListElement":[{"@type":"ListItem","position":1,"name":"Home","item":"https:\/\/legitgrams.com\/"},{"@type":"ListItem","position":2,"name":"Shop","item":"https:\/\/legitgrams.com\/shop\/"},{"@type":"ListItem","position":3,"name":"liquid LSD Drop"}]},{"@type":"WebSite","@id":"https:\/\/legitgrams.com\/#website","url":"https:\/\/legitgrams.com\/","name":"Leg\u00e1ln\u00ed gramy","description":"M\u016fj blog WordPress","publisher":{"@id":"https:\/\/legitgrams.com\/#organization"},"potentialAction":[{"@type":"SearchAction","target":{"@type":"EntryPoint","urlTemplate":"https:\/\/legitgrams.com\/?s={search_term_string}"},"query-input":{"@type":"PropertyValueSpecification","valueRequired":true,"valueName":"search_term_string"}}],"inLanguage":"cs"},{"@type":"Organization","@id":"https:\/\/legitgrams.com\/#organization","name":"Leg\u00e1ln\u00ed gramy","url":"https:\/\/legitgrams.com\/","logo":{"@type":"ImageObject","inLanguage":"cs","@id":"https:\/\/legitgrams.com\/#\/schema\/logo\/image\/","url":"https:\/\/legitgrams.com\/wp-content\/uploads\/2024\/09\/main-logo.png","contentUrl":"https:\/\/legitgrams.com\/wp-content\/uploads\/2024\/09\/main-logo.png","width":270,"height":75,"caption":"Legit Grams"},"image":{"@id":"https:\/\/legitgrams.com\/#\/schema\/logo\/image\/"}}]}},"uagb_featured_image_src":{"full":["https:\/\/legitgrams.com\/wp-content\/uploads\/2024\/09\/Buy-liquid-lsd-200ug-drop-Online-Cheap.jpg",600,600,false],"thumbnail":["https:\/\/legitgrams.com\/wp-content\/uploads\/2024\/09\/Buy-liquid-lsd-200ug-drop-Online-Cheap-150x150.jpg",150,150,true],"medium":["https:\/\/legitgrams.com\/wp-content\/uploads\/2024\/09\/Buy-liquid-lsd-200ug-drop-Online-Cheap-300x300.jpg",300,300,true],"medium_large":["https:\/\/legitgrams.com\/wp-content\/uploads\/2024\/09\/Buy-liquid-lsd-200ug-drop-Online-Cheap.jpg",600,600,false],"large":["https:\/\/legitgrams.com\/wp-content\/uploads\/2024\/09\/Buy-liquid-lsd-200ug-drop-Online-Cheap.jpg",600,600,false],"1536x1536":["https:\/\/legitgrams.com\/wp-content\/uploads\/2024\/09\/Buy-liquid-lsd-200ug-drop-Online-Cheap.jpg",600,600,false],"2048x2048":["https:\/\/legitgrams.com\/wp-content\/uploads\/2024\/09\/Buy-liquid-lsd-200ug-drop-Online-Cheap.jpg",600,600,false],"trp-custom-language-flag":["https:\/\/legitgrams.com\/wp-content\/uploads\/2024\/09\/Buy-liquid-lsd-200ug-drop-Online-Cheap-12x12.jpg",12,12,true],"woocommerce_thumbnail":["https:\/\/legitgrams.com\/wp-content\/uploads\/2024\/09\/Buy-liquid-lsd-200ug-drop-Online-Cheap-300x300.jpg",300,300,true],"woocommerce_single":["https:\/\/legitgrams.com\/wp-content\/uploads\/2024\/09\/Buy-liquid-lsd-200ug-drop-Online-Cheap.jpg",600,600,false],"woocommerce_gallery_thumbnail":["https:\/\/legitgrams.com\/wp-content\/uploads\/2024\/09\/Buy-liquid-lsd-200ug-drop-Online-Cheap-100x100.jpg",100,100,true]},"uagb_author_info":{"display_name":"cokeblog18","author_link":"https:\/\/legitgrams.com\/cs\/author\/"},"uagb_comment_info":0,"uagb_excerpt":"Purchase liquid LSD 200ug Drop Online: What is LSD liquid? Rye mushrooms contain a chemical that is used to make the hallucinogenic drug known as LSD, or lysergic acid diethylamide. Its most well-known use was during the counterculture of the 1960s, and the subsequent ban damaged its reputation. LSD was produced in 1938 by Swiss&hellip;","_links":{"self":[{"href":"https:\/\/legitgrams.com\/cs\/wp-json\/wp\/v2\/product\/4250","targetHints":{"allow":["GET"]}}],"collection":[{"href":"https:\/\/legitgrams.com\/cs\/wp-json\/wp\/v2\/product"}],"about":[{"href":"https:\/\/legitgrams.com\/cs\/wp-json\/wp\/v2\/types\/product"}],"replies":[{"embeddable":true,"href":"https:\/\/legitgrams.com\/cs\/wp-json\/wp\/v2\/comments?post=4250"}],"wp:featuredmedia":[{"embeddable":true,"href":"https:\/\/legitgrams.com\/cs\/wp-json\/wp\/v2\/media\/5184"}],"wp:attachment":[{"href":"https:\/\/legitgrams.com\/cs\/wp-json\/wp\/v2\/media?parent=4250"}],"wp:term":[{"taxonomy":"product_brand","embeddable":true,"href":"https:\/\/legitgrams.com\/cs\/wp-json\/wp\/v2\/product_brand?post=4250"},{"taxonomy":"product_cat","embeddable":true,"href":"https:\/\/legitgrams.com\/cs\/wp-json\/wp\/v2\/product_cat?post=4250"},{"taxonomy":"product_tag","embeddable":true,"href":"https:\/\/legitgrams.com\/cs\/wp-json\/wp\/v2\/product_tag?post=4250"}],"curies":[{"name":"wp","href":"https:\/\/api.w.org\/{rel}","templated":true}]}}