{"id":4254,"date":"2024-09-22T07:33:20","date_gmt":"2024-09-22T07:33:20","guid":{"rendered":"https:\/\/legitgrams.com\/?post_type=product&#038;p=4254"},"modified":"2025-01-14T10:48:38","modified_gmt":"2025-01-14T10:48:38","slug":"psilocybe-utopia","status":"publish","type":"product","link":"https:\/\/legitgrams.com\/cs\/produkt\/psilocybe-utopia\/","title":{"rendered":"Psilocybe Utopia"},"content":{"rendered":"<h2>Koupit online Psilocybe Utopia<br \/>\nJak udr\u017eet kouzeln\u00e9 lan\u00fd\u017ee \u010derstv\u00e9 a skladovat je<\/h2>\n<p>Magic Truffles by m\u011bly b\u00fdt v\u017edy skladov\u00e1ny ve vakuov\u011b uzav\u0159en\u00e9, neotev\u0159en\u00e9 n\u00e1dob\u011b v chladni\u010dce p\u0159i teplot\u011b mezi 2 a 4 \u00b0C. Pokud jsou lan\u00fd\u017ee takto skladov\u00e1ny, vydr\u017e\u00ed a\u017e do data minim\u00e1ln\u00ed trvanlivosti. Po prolomen\u00ed vakuov\u00e9 bari\u00e9ry lze lan\u00fd\u017ee skladovat a\u017e dva dny, ani\u017e by ztratily svou \u00fa\u010dinnost.<\/p>\n<h3>Kouzeln\u00e9 lan\u00fd\u017eov\u00e9 efekty<\/h3>\n<p>V kouzeln\u00fdch lan\u00fd\u017e\u00edch se psilocin a <a href=\"https:\/\/legitgrams.com\/cs\/produkt\/psilocybe-utopia\/\">psilocybin<\/a> jsou \u00fa\u010dinn\u00e9 l\u00e1tky. Ob\u011b l\u00e1tky se snadno vst\u0159eb\u00e1vaj\u00ed do t\u011bla a dod\u00e1vaj\u00ed Magic Truffles halucinogenn\u00ed vlastnosti.<\/p>\n<p>Konzumace magick\u00fdch lan\u00fd\u017e\u016f v\u00e1m m\u016f\u017ee v mal\u00e9m mno\u017estv\u00ed p\u0159in\u00e9st pocit \u0161t\u011bst\u00ed a opojen\u00ed. Kdy\u017e jste v t\u00e9to n\u00e1lad\u011b, m\u016f\u017eete st\u00e1le snadno komunikovat a vn\u00edmat sv\u00e9 okol\u00ed. P\u0159i po\u017eit\u00ed v\u011bt\u0161\u00edho mno\u017estv\u00ed magick\u00e9 lan\u00fd\u017ee m\u011bn\u00ed realitu a mohou v\u00e9st k blud\u016fm.<\/p>\n<p>Po 30 minut\u00e1ch (n\u011bkdy i po 10 minut\u00e1ch) po\u017eit\u00ed za\u010dnou kouzeln\u00e9 lan\u00fd\u017ee \u00fa\u010dinkovat. N\u011bkolik p\u0159\u00edklad\u016f t\u011bchto ne\u017e\u00e1douc\u00edch \u00fa\u010dink\u016f p\u0159edstavuje pocen\u00ed dlan\u00ed, vzdechy, zimnice, pocit neklidu a nevolnost. Trip postupuje sm\u011brem k pot\u011b\u0161en\u00ed a \u0161t\u011bst\u00ed, jak \u00fa\u010dinky s\u00edl\u00ed, a\u010dkoli m\u016f\u017ee ude\u0159it i \u00fazkost. Mezi mo\u017en\u00e9 vedlej\u0161\u00ed \u00fa\u010dinky pat\u0159\u00ed intimn\u00ed vazby na kolegy psychonauty, halucinace a vize.<\/p>\n<p>\u00da\u010dinky magick\u00fdch lan\u00fd\u017e\u016f se obvykle st\u00e1vaj\u00ed konzistentn\u011bj\u0161\u00edmi a p\u0159est\u00e1vaj\u00ed se stup\u0148ovat po hodin\u011b. Obvykle trvaj\u00ed t\u0159i a\u017e p\u011bt hodin, v z\u00e1vislosti na mno\u017estv\u00ed po\u017eit\u00fdch l\u00e1tek. Pot\u00e9 \u00fa\u010dinky odezn\u00edvaj\u00ed po jedn\u00e9 a\u017e dvou hodin\u00e1ch. Toto odezn\u00edv\u00e1n\u00ed \u010dasto prob\u00edh\u00e1 ve vln\u00e1ch, co\u017e by mohlo p\u0159ed op\u011btovn\u00fdm n\u00e1razov\u00fdm zv\u00fd\u0161en\u00edm \u00fa\u010dink\u016f znamenat, \u017ee se cesta bl\u00ed\u017e\u00ed ke konci. Z tohoto d\u016fvodu se ujist\u011bte, \u017ee m\u00e1te v\u0161e napl\u00e1nov\u00e1no a \u017ee v den, kdy budete zakop\u00e1vat o lan\u00fd\u017ee, nem\u00e1te \u017e\u00e1dn\u00e9 jin\u00e9 povinnosti.<\/p>\n<p>B\u011bhem prvn\u00ed hodiny cesty se v\u00e1m m\u016f\u017ee ud\u011blat nevolno nebo se v\u00e1m m\u016f\u017ee zvednout \u017ealudek. Obvykle tento pocit ustoup\u00ed, jakmile se \u00fa\u010dinky kouzeln\u00fdch lan\u00fd\u017e\u016f prohloub\u00ed.<\/p>\n<p>Na tom, co uvid\u00edte a za\u017eijete b\u011bhem exkurze Kouzeln\u00fd lan\u00fd\u017e, se v\u00fdznamn\u011b pod\u00edl\u00ed prost\u0159ed\u00ed a va\u0161e rozpolo\u017een\u00ed. Va\u0161e z\u00e1\u017eitky jsou siln\u011b ovlivn\u011bny va\u0161\u00edm emocion\u00e1ln\u00edm stavem ve dnech p\u0159edch\u00e1zej\u00edc\u00edch v\u00fdletu a tak\u00e9 prost\u0159ed\u00edm, do kter\u00e9ho se vyd\u00e1te. Hektick\u00fd a n\u00e1ro\u010dn\u00fd t\u00fdden m\u016f\u017eete zakon\u010dit trochu nerv\u00f3zn\u00ed a napjatou dovolenou s nov\u00fdm pohledem a el\u00e1nem.<\/p>\n<p>Z\u00e1v\u011brem lze \u0159\u00edci, \u017ee kouzeln\u00e9 lan\u00fd\u017ee pou\u017e\u00edvejte pouze tehdy, kdy\u017e jste v klidu a du\u0161evn\u00ed rovnov\u00e1ze. Magick\u00e9 lan\u00fd\u017ee by se m\u011bly konzumovat pouze v klidn\u00e9m a zn\u00e1m\u00e9m prost\u0159ed\u00ed, ide\u00e1ln\u011b s osobami, kter\u00fdm m\u016f\u017eete d\u016fv\u011b\u0159ovat. Kdy\u017e jste ve m\u011bst\u011b, nen\u00ed nic nep\u0159\u00edjemn\u011bj\u0161\u00edho, ne\u017e kdy\u017e se lid\u00e9 h\u00e1daj\u00ed.<\/p>\n<h3>Mno\u017estv\u00ed Magic Truffles<\/h3>\n<p>Lan\u00fd\u017ee s magi\u00ed Utopia jsou mimo\u0159\u00e1dn\u011b siln\u00e9. Pou\u017e\u00edvejte pouze mal\u00e9 d\u00e1vky a pouze pro za\u010d\u00e1te\u010dn\u00edky!<\/p>\n<p>U\u017e\u00edvejte 0,2 a\u017e 0,5 gramu Magic Truffles na osobu jako mikrod\u00e1vku.<\/p>\n<p>Na lehk\u00fd v\u00fdlet si vezm\u011bte 5-7 gram\u016f kouzeln\u00fdch lan\u00fd\u017e\u016f na osobu.<\/p>\n<p>Pro intenzivn\u00ed z\u00e1\u017eitek si vezm\u011bte 10 gram\u016f magick\u00fdch lan\u00fd\u017e\u016f na osobu.<\/p>\n<p>Pro intenzivn\u00ed z\u00e1\u017eitek si vezm\u011bte 15 gram\u016f kouzeln\u00fdch lan\u00fd\u017e\u016f na osobu.<\/p>\n<h3>Vyu\u017eit\u00ed kouzeln\u00fdch lan\u00fd\u017e\u016f<\/h3>\n<p>Konzumujte neva\u0159en\u00e9 kouzeln\u00e9 lan\u00fd\u017ee. Pokud jde o konzumaci neva\u0159en\u00fdch kouzeln\u00fdch lan\u00fd\u017e\u016f. Pro dosa\u017een\u00ed optim\u00e1ln\u00edch v\u00fdsledk\u016f u\u017e\u00edvejte nala\u010dno. Ujist\u011bte se, \u017ee m\u00e1te alespo\u0148 dv\u011b a\u017e \u010dty\u0159i hodiny p\u0159ed cestou \u010das na konzumaci posledn\u00edho j\u00eddla. Doporu\u010duje se vyhnout se pit\u00ed \u010dehokoli s kofeinem.<\/p>\n<p>Lan\u00fd\u017ee d\u016fkladn\u011b roz\u017ev\u00fdkejte; t\u00edm napom\u016f\u017eete vst\u0159eb\u00e1v\u00e1n\u00ed psychedelick\u00fdch l\u00e1tek v t\u011ble a zabr\u00e1n\u00edte nevolnosti.<\/p>\n<p>Nejste fanou\u0161kem p\u0159\u00edchut\u011b Magic Truffle? Chcete-li chu\u0165 skr\u00fdt, sn\u011bzte lan\u00fd\u017ee v pol\u00e9vce, s \u010dajem nebo s hrst\u00ed mandl\u00ed. S\u00edla lan\u00fd\u017e\u016f je ovlivn\u011bna, pokud jsou va\u0159en\u00e9. <a href=\"https:\/\/legitgrams.com\/cs\/\">LegitGrams<\/a><\/p>\n<p>Utopia Psilocybe<\/p>\n<p>Pozor!<\/p>\n<p>Nem\u00edchejte je s alkoholem ani jin\u00fdmi drogami.<\/p>\n<p>Pou\u017eit\u00ed samostatn\u011b nebo v kombinaci s jin\u00fdmi l\u00e9ky nebo inhibitory MAO.<\/p>\n<p>Pokud trp\u00edte depres\u00ed nebo jste n\u00e1chyln\u00ed k psych\u00f3z\u00e1m, u\u017e\u00edvejte s opatrnost\u00ed.<\/p>\n<p>Pokud \u010dek\u00e1te nebo koj\u00edte d\u00edt\u011b, bu\u010fte opatrn\u00ed.<\/p>\n<p>Pou\u017eijte pouze v p\u0159\u00edpad\u011b, \u017ee jste star\u0161\u00ed osmn\u00e1cti let.<\/p>\n<h3>N\u00e1hodn\u00e1 fakta<\/h3>\n<p>Lan\u00fd\u017ee, zn\u00e1m\u00e9 tak\u00e9 jako sklerocia, jsou \u017eiv\u00e9 zbo\u017e\u00ed. Je pravd\u011bpodobn\u00e9, \u017ee balen\u00ed obsahuje zachycen\u00fd vzduch, konkr\u00e9tn\u011b CO2. V d\u016fsledku toho se na vn\u011bj\u0161\u00ed stran\u011b lan\u00fd\u017e\u016f za\u010dnou tvo\u0159it b\u00edl\u00e9 \"chloupky\" a sklerocia budou d\u00e1le r\u016fst. Toto mycelium dokl\u00e1d\u00e1 dobr\u00fd zdravotn\u00ed stav lan\u00fd\u017e\u016f. Nevad\u00ed to p\u0159i cestov\u00e1n\u00ed a je to jedl\u00e9.<\/p>\n<p>Spory <a href=\"https:\/\/en.wikipedia.org\/wiki\/Psilocybe\">Psilocybe utopia<\/a><\/p>","protected":false},"excerpt":{"rendered":"<p>Purchase Online Psilocybe Utopia How to keep magic truffles fresh and store them Magic Truffles should always be stored in their vacuum-sealed, unopened container in the refrigerator between 2 and 4 \u00b0C. If the truffles are stored this way, they will last until the best-before date. Once the vacuum barrier is broken, the truffles can &hellip;<\/p>\n<p class=\"read-more\"> <a class=\"\" href=\"https:\/\/legitgrams.com\/cs\/produkt\/psilocybe-utopia\/\"> <span class=\"screen-reader-text\">Psilocybe Utopia<\/span> \u010c\u00edst d\u00e1l \"<\/a><\/p>","protected":false},"featured_media":5248,"comment_status":"open","ping_status":"closed","template":"","meta":{"_uag_custom_page_level_css":"","site-sidebar-layout":"default","site-content-layout":"default","ast-global-header-display":"","ast-main-header-display":"","ast-hfb-above-header-display":"","ast-hfb-below-header-display":"","ast-hfb-mobile-header-display":"","site-post-title":"","ast-breadcrumbs-content":"","ast-featured-img":"","footer-sml-layout":"","theme-transparent-header-meta":"default","adv-header-id-meta":"","stick-header-meta":"default","header-above-stick-meta":"","header-main-stick-meta":"","header-below-stick-meta":"","_joinchat":[]},"product_brand":[],"product_cat":[599],"product_tag":[1545,1535,617,1527,1542,1539,1534,1532,1526,1529,1537,1528,1530,1540,1547,1548,1546,1538,1543,1544,1541,625,1533,1536,1531],"class_list":{"0":"post-4254","1":"product","2":"type-product","3":"status-publish","4":"has-post-thumbnail","6":"product_cat-psilocybin-or-magic-mushrooms","7":"product_tag-best-cheap-price-psilocybe-utopia","8":"product_tag-best-place-to-buy-psilocybe-utopia","9":"product_tag-bulk-online","10":"product_tag-buy-psilocybe-utopia","11":"product_tag-cheap-psilocybe-utopia","12":"product_tag-high-quality-psilocybe-utopia","13":"product_tag-how-to-buy-psilocybe-utopia","14":"product_tag-order-psilocybe-utopia","15":"product_tag-psilocybe-utopia","16":"product_tag-psilocybe-utopia-for-sale","17":"product_tag-psilocybe-utopia-legally","18":"product_tag-psilocybe-utopia-online","19":"product_tag-psilocybe-utopia-psilocybe-utopia-supplier","20":"product_tag-psilocybe-utopia-store","21":"product_tag-psilocybe-utopia-use","22":"product_tag-psilocybe-utopia-wiki","23":"product_tag-psilocybe-utopia-worldwide","24":"product_tag-psilocybe-utopiaprice","25":"product_tag-psilocybe-utopias","26":"product_tag-purcharse-psilocybe-utopia","27":"product_tag-shop-psilocybe-utopia","28":"product_tag-top-quality","29":"product_tag-where-to-buy-psilocybe-utopia","30":"product_tag-where-to-order-psilocybe-utopia","31":"product_tag-wholesale-psilocybe-utopia","32":"desktop-align-left","33":"tablet-align-left","34":"mobile-align-left","35":"ast-product-gallery-layout-horizontal","36":"ast-product-gallery-with-no-image","37":"ast-product-single-variable","38":"ast-product-tabs-layout-horizontal","39":"ast-qv-on-image","41":"first","42":"instock","43":"shipping-taxable","44":"purchasable","45":"product-type-variable"},"yoast_head":"<!-- This site is optimized with the Yoast SEO plugin v25.9 - https:\/\/yoast.com\/wordpress\/plugins\/seo\/ -->\n<title>Psilocybe Utopia for Sale - Order Psilocybe Utopia Online<\/title>\n<meta name=\"description\" content=\"Find premium psilocybe utopia for sale at our online store, providing a secure platform to buy psilocybe utopia online with ease, catering to your research needs.\" \/>\n<meta name=\"robots\" content=\"index, follow, max-snippet:-1, max-image-preview:large, max-video-preview:-1\" \/>\n<link rel=\"canonical\" href=\"https:\/\/legitgrams.com\/cs\/produkt\/psilocybe-utopia\/\" \/>\n<meta property=\"og:locale\" content=\"cs_CZ\" \/>\n<meta property=\"og:type\" content=\"article\" \/>\n<meta property=\"og:title\" content=\"Psilocybe Utopia for Sale - Order Psilocybe Utopia Online\" \/>\n<meta property=\"og:description\" content=\"Find premium psilocybe utopia for sale at our online store, providing a secure platform to buy psilocybe utopia online with ease, catering to your research needs.\" \/>\n<meta property=\"og:url\" content=\"https:\/\/legitgrams.com\/cs\/produkt\/psilocybe-utopia\/\" \/>\n<meta property=\"og:site_name\" content=\"Legit Grams\" \/>\n<meta property=\"article:modified_time\" content=\"2025-01-14T10:48:38+00:00\" \/>\n<meta property=\"og:image\" content=\"https:\/\/legitgrams.com\/wp-content\/uploads\/2024\/09\/psilocybe-utopiapsilocybin-or-magic-mushrooms.jpg\" \/>\n\t<meta property=\"og:image:width\" content=\"430\" \/>\n\t<meta property=\"og:image:height\" content=\"430\" \/>\n\t<meta property=\"og:image:type\" content=\"image\/jpeg\" \/>\n<meta name=\"twitter:card\" content=\"summary_large_image\" \/>\n<meta name=\"twitter:label1\" content=\"Odhadovan\u00e1 doba \u010dten\u00ed\" \/>\n\t<meta name=\"twitter:data1\" content=\"4 minuty\" \/>\n<script type=\"application\/ld+json\" class=\"yoast-schema-graph\">{\"@context\":\"https:\/\/schema.org\",\"@graph\":[{\"@type\":\"WebPage\",\"@id\":\"https:\/\/legitgrams.com\/product\/psilocybe-utopia\/\",\"url\":\"https:\/\/legitgrams.com\/product\/psilocybe-utopia\/\",\"name\":\"Psilocybe Utopia for Sale - Order Psilocybe Utopia Online\",\"isPartOf\":{\"@id\":\"https:\/\/legitgrams.com\/#website\"},\"primaryImageOfPage\":{\"@id\":\"https:\/\/legitgrams.com\/product\/psilocybe-utopia\/#primaryimage\"},\"image\":{\"@id\":\"https:\/\/legitgrams.com\/product\/psilocybe-utopia\/#primaryimage\"},\"thumbnailUrl\":\"https:\/\/legitgrams.com\/wp-content\/uploads\/2024\/09\/psilocybe-utopiapsilocybin-or-magic-mushrooms.jpg\",\"datePublished\":\"2024-09-22T07:33:20+00:00\",\"dateModified\":\"2025-01-14T10:48:38+00:00\",\"description\":\"Find premium psilocybe utopia for sale at our online store, providing a secure platform to buy psilocybe utopia online with ease, catering to your research needs.\",\"breadcrumb\":{\"@id\":\"https:\/\/legitgrams.com\/product\/psilocybe-utopia\/#breadcrumb\"},\"inLanguage\":\"cs\",\"potentialAction\":[{\"@type\":\"ReadAction\",\"target\":[\"https:\/\/legitgrams.com\/product\/psilocybe-utopia\/\"]}]},{\"@type\":\"ImageObject\",\"inLanguage\":\"cs\",\"@id\":\"https:\/\/legitgrams.com\/product\/psilocybe-utopia\/#primaryimage\",\"url\":\"https:\/\/legitgrams.com\/wp-content\/uploads\/2024\/09\/psilocybe-utopiapsilocybin-or-magic-mushrooms.jpg\",\"contentUrl\":\"https:\/\/legitgrams.com\/wp-content\/uploads\/2024\/09\/psilocybe-utopiapsilocybin-or-magic-mushrooms.jpg\",\"width\":430,\"height\":430,\"caption\":\"Psilocybe Utopia for Sale\"},{\"@type\":\"BreadcrumbList\",\"@id\":\"https:\/\/legitgrams.com\/product\/psilocybe-utopia\/#breadcrumb\",\"itemListElement\":[{\"@type\":\"ListItem\",\"position\":1,\"name\":\"Home\",\"item\":\"https:\/\/legitgrams.com\/\"},{\"@type\":\"ListItem\",\"position\":2,\"name\":\"Shop\",\"item\":\"https:\/\/legitgrams.com\/shop\/\"},{\"@type\":\"ListItem\",\"position\":3,\"name\":\"Psilocybe Utopia\"}]},{\"@type\":\"WebSite\",\"@id\":\"https:\/\/legitgrams.com\/#website\",\"url\":\"https:\/\/legitgrams.com\/\",\"name\":\"Legit Grams\",\"description\":\"My WordPress Blog\",\"publisher\":{\"@id\":\"https:\/\/legitgrams.com\/#organization\"},\"potentialAction\":[{\"@type\":\"SearchAction\",\"target\":{\"@type\":\"EntryPoint\",\"urlTemplate\":\"https:\/\/legitgrams.com\/?s={search_term_string}\"},\"query-input\":{\"@type\":\"PropertyValueSpecification\",\"valueRequired\":true,\"valueName\":\"search_term_string\"}}],\"inLanguage\":\"cs\"},{\"@type\":\"Organization\",\"@id\":\"https:\/\/legitgrams.com\/#organization\",\"name\":\"Legit Grams\",\"url\":\"https:\/\/legitgrams.com\/\",\"logo\":{\"@type\":\"ImageObject\",\"inLanguage\":\"cs\",\"@id\":\"https:\/\/legitgrams.com\/#\/schema\/logo\/image\/\",\"url\":\"https:\/\/legitgrams.com\/wp-content\/uploads\/2024\/09\/main-logo.png\",\"contentUrl\":\"https:\/\/legitgrams.com\/wp-content\/uploads\/2024\/09\/main-logo.png\",\"width\":270,\"height\":75,\"caption\":\"Legit Grams\"},\"image\":{\"@id\":\"https:\/\/legitgrams.com\/#\/schema\/logo\/image\/\"}}]}<\/script>\n<!-- \/ Yoast SEO plugin. -->","yoast_head_json":{"title":"Psilocybe Utopia na prodej - Psilocybe Utopia Online","description":"Najd\u011bte pr\u00e9miov\u00e9 psilocybe utopia na prodej v na\u0161em internetov\u00e9m obchod\u011b, kter\u00fd poskytuje bezpe\u010dnou platformu pro snadn\u00fd n\u00e1kup psilocybe utopia online a uspokoj\u00ed va\u0161e v\u00fdzkumn\u00e9 pot\u0159eby.","robots":{"index":"index","follow":"follow","max-snippet":"max-snippet:-1","max-image-preview":"max-image-preview:large","max-video-preview":"max-video-preview:-1"},"canonical":"https:\/\/legitgrams.com\/cs\/produkt\/psilocybe-utopia\/","og_locale":"cs_CZ","og_type":"article","og_title":"Psilocybe Utopia for Sale - Order Psilocybe Utopia Online","og_description":"Find premium psilocybe utopia for sale at our online store, providing a secure platform to buy psilocybe utopia online with ease, catering to your research needs.","og_url":"https:\/\/legitgrams.com\/cs\/produkt\/psilocybe-utopia\/","og_site_name":"Legit Grams","article_modified_time":"2025-01-14T10:48:38+00:00","og_image":[{"width":430,"height":430,"url":"https:\/\/legitgrams.com\/wp-content\/uploads\/2024\/09\/psilocybe-utopiapsilocybin-or-magic-mushrooms.jpg","type":"image\/jpeg"}],"twitter_card":"summary_large_image","twitter_misc":{"Odhadovan\u00e1 doba \u010dten\u00ed":"4 minuty"},"schema":{"@context":"https:\/\/schema.org","@graph":[{"@type":"WebPage","@id":"https:\/\/legitgrams.com\/product\/psilocybe-utopia\/","url":"https:\/\/legitgrams.com\/product\/psilocybe-utopia\/","name":"Psilocybe Utopia na prodej - Psilocybe Utopia Online","isPartOf":{"@id":"https:\/\/legitgrams.com\/#website"},"primaryImageOfPage":{"@id":"https:\/\/legitgrams.com\/product\/psilocybe-utopia\/#primaryimage"},"image":{"@id":"https:\/\/legitgrams.com\/product\/psilocybe-utopia\/#primaryimage"},"thumbnailUrl":"https:\/\/legitgrams.com\/wp-content\/uploads\/2024\/09\/psilocybe-utopiapsilocybin-or-magic-mushrooms.jpg","datePublished":"2024-09-22T07:33:20+00:00","dateModified":"2025-01-14T10:48:38+00:00","description":"Najd\u011bte pr\u00e9miov\u00e9 psilocybe utopia na prodej v na\u0161em internetov\u00e9m obchod\u011b, kter\u00fd poskytuje bezpe\u010dnou platformu pro snadn\u00fd n\u00e1kup psilocybe utopia online a uspokoj\u00ed va\u0161e v\u00fdzkumn\u00e9 pot\u0159eby.","breadcrumb":{"@id":"https:\/\/legitgrams.com\/product\/psilocybe-utopia\/#breadcrumb"},"inLanguage":"cs","potentialAction":[{"@type":"ReadAction","target":["https:\/\/legitgrams.com\/product\/psilocybe-utopia\/"]}]},{"@type":"ImageObject","inLanguage":"cs","@id":"https:\/\/legitgrams.com\/product\/psilocybe-utopia\/#primaryimage","url":"https:\/\/legitgrams.com\/wp-content\/uploads\/2024\/09\/psilocybe-utopiapsilocybin-or-magic-mushrooms.jpg","contentUrl":"https:\/\/legitgrams.com\/wp-content\/uploads\/2024\/09\/psilocybe-utopiapsilocybin-or-magic-mushrooms.jpg","width":430,"height":430,"caption":"Psilocybe Utopia for Sale"},{"@type":"BreadcrumbList","@id":"https:\/\/legitgrams.com\/product\/psilocybe-utopia\/#breadcrumb","itemListElement":[{"@type":"ListItem","position":1,"name":"Home","item":"https:\/\/legitgrams.com\/"},{"@type":"ListItem","position":2,"name":"Shop","item":"https:\/\/legitgrams.com\/shop\/"},{"@type":"ListItem","position":3,"name":"Psilocybe Utopia"}]},{"@type":"WebSite","@id":"https:\/\/legitgrams.com\/#website","url":"https:\/\/legitgrams.com\/","name":"Leg\u00e1ln\u00ed gramy","description":"M\u016fj blog WordPress","publisher":{"@id":"https:\/\/legitgrams.com\/#organization"},"potentialAction":[{"@type":"SearchAction","target":{"@type":"EntryPoint","urlTemplate":"https:\/\/legitgrams.com\/?s={search_term_string}"},"query-input":{"@type":"PropertyValueSpecification","valueRequired":true,"valueName":"search_term_string"}}],"inLanguage":"cs"},{"@type":"Organization","@id":"https:\/\/legitgrams.com\/#organization","name":"Leg\u00e1ln\u00ed gramy","url":"https:\/\/legitgrams.com\/","logo":{"@type":"ImageObject","inLanguage":"cs","@id":"https:\/\/legitgrams.com\/#\/schema\/logo\/image\/","url":"https:\/\/legitgrams.com\/wp-content\/uploads\/2024\/09\/main-logo.png","contentUrl":"https:\/\/legitgrams.com\/wp-content\/uploads\/2024\/09\/main-logo.png","width":270,"height":75,"caption":"Legit Grams"},"image":{"@id":"https:\/\/legitgrams.com\/#\/schema\/logo\/image\/"}}]}},"uagb_featured_image_src":{"full":["https:\/\/legitgrams.com\/wp-content\/uploads\/2024\/09\/psilocybe-utopiapsilocybin-or-magic-mushrooms.jpg",430,430,false],"thumbnail":["https:\/\/legitgrams.com\/wp-content\/uploads\/2024\/09\/psilocybe-utopiapsilocybin-or-magic-mushrooms-150x150.jpg",150,150,true],"medium":["https:\/\/legitgrams.com\/wp-content\/uploads\/2024\/09\/psilocybe-utopiapsilocybin-or-magic-mushrooms-300x300.jpg",300,300,true],"medium_large":["https:\/\/legitgrams.com\/wp-content\/uploads\/2024\/09\/psilocybe-utopiapsilocybin-or-magic-mushrooms.jpg",430,430,false],"large":["https:\/\/legitgrams.com\/wp-content\/uploads\/2024\/09\/psilocybe-utopiapsilocybin-or-magic-mushrooms.jpg",430,430,false],"1536x1536":["https:\/\/legitgrams.com\/wp-content\/uploads\/2024\/09\/psilocybe-utopiapsilocybin-or-magic-mushrooms.jpg",430,430,false],"2048x2048":["https:\/\/legitgrams.com\/wp-content\/uploads\/2024\/09\/psilocybe-utopiapsilocybin-or-magic-mushrooms.jpg",430,430,false],"trp-custom-language-flag":["https:\/\/legitgrams.com\/wp-content\/uploads\/2024\/09\/psilocybe-utopiapsilocybin-or-magic-mushrooms-12x12.jpg",12,12,true],"woocommerce_thumbnail":["https:\/\/legitgrams.com\/wp-content\/uploads\/2024\/09\/psilocybe-utopiapsilocybin-or-magic-mushrooms-300x300.jpg",300,300,true],"woocommerce_single":["https:\/\/legitgrams.com\/wp-content\/uploads\/2024\/09\/psilocybe-utopiapsilocybin-or-magic-mushrooms.jpg",430,430,false],"woocommerce_gallery_thumbnail":["https:\/\/legitgrams.com\/wp-content\/uploads\/2024\/09\/psilocybe-utopiapsilocybin-or-magic-mushrooms-100x100.jpg",100,100,true]},"uagb_author_info":{"display_name":"cokeblog18","author_link":"https:\/\/legitgrams.com\/cs\/author\/"},"uagb_comment_info":0,"uagb_excerpt":"Purchase Online Psilocybe Utopia How to keep magic truffles fresh and store them Magic Truffles should always be stored in their vacuum-sealed, unopened container in the refrigerator between 2 and 4 \u00b0C. If the truffles are stored this way, they will last until the best-before date. Once the vacuum barrier is broken, the truffles can&hellip;","_links":{"self":[{"href":"https:\/\/legitgrams.com\/cs\/wp-json\/wp\/v2\/product\/4254","targetHints":{"allow":["GET"]}}],"collection":[{"href":"https:\/\/legitgrams.com\/cs\/wp-json\/wp\/v2\/product"}],"about":[{"href":"https:\/\/legitgrams.com\/cs\/wp-json\/wp\/v2\/types\/product"}],"replies":[{"embeddable":true,"href":"https:\/\/legitgrams.com\/cs\/wp-json\/wp\/v2\/comments?post=4254"}],"wp:featuredmedia":[{"embeddable":true,"href":"https:\/\/legitgrams.com\/cs\/wp-json\/wp\/v2\/media\/5248"}],"wp:attachment":[{"href":"https:\/\/legitgrams.com\/cs\/wp-json\/wp\/v2\/media?parent=4254"}],"wp:term":[{"taxonomy":"product_brand","embeddable":true,"href":"https:\/\/legitgrams.com\/cs\/wp-json\/wp\/v2\/product_brand?post=4254"},{"taxonomy":"product_cat","embeddable":true,"href":"https:\/\/legitgrams.com\/cs\/wp-json\/wp\/v2\/product_cat?post=4254"},{"taxonomy":"product_tag","embeddable":true,"href":"https:\/\/legitgrams.com\/cs\/wp-json\/wp\/v2\/product_tag?post=4254"}],"curies":[{"name":"wp","href":"https:\/\/api.w.org\/{rel}","templated":true}]}}