{"id":4256,"date":"2024-09-22T07:51:10","date_gmt":"2024-09-22T07:51:10","guid":{"rendered":"https:\/\/legitgrams.com\/?post_type=product&#038;p=4256"},"modified":"2025-01-11T10:29:19","modified_gmt":"2025-01-11T10:29:19","slug":"3-fmc-praskovy-vyzkum-chemicky","status":"publish","type":"product","link":"https:\/\/legitgrams.com\/cs\/produkt\/3-fmc-praskovy-vyzkum-chemicky\/","title":{"rendered":"3-FMC Pr\u00e1\u0161ek V\u00fdzkum Chemick\u00e9"},"content":{"rendered":"<h2>Koupit 3-FMC Research Chemical Powder online<\/h2>\n<p>N\u00e1kup <a href=\"https:\/\/legitgrams.com\/cs\/produkt\/3-fmc-praskovy-vyzkum-chemicky\/\">Pr\u00e1\u0161ek 3-FMC<\/a> chemick\u00e9 l\u00e1tky ve velk\u00e9m mno\u017estv\u00ed. Objedn\u00e1vejte online pr\u00e1v\u011b te\u010f. Velkoobchodn\u00ed ceny jsou zaru\u010den\u011b n\u00edzk\u00e9.<br \/>\nPr\u00e1\u0161ek 3-FMC je stimulant pat\u0159\u00edc\u00ed do chemick\u00fdch rodin katinon\u016f, amfetamin\u016f a fenetylaminu. Je to strukturn\u00ed izomer 4-FMC (flephedron).<\/p>\n<h3>(3-fluorfenyl a 2-methylaminopropan-1-on) (RS) -1-<\/h3>\n<p>Prove\u010fte online n\u00e1kup 3-FMC Powder, <a href=\"https:\/\/en.wikipedia.org\/wiki\/3-Fluoromethcathinone\">3-FMC<\/a> Powder Research Chemical, 3-FMC Powder Research Chemical, Research Chemical Online, Kde z\u00edskat 3-FMC Powder pro v\u00fdzkum, kde koupit 3-FMC Powder na prodej, kde koupit 3-FMC Powder online, 3-FMC Powder Research Chemical : Kde to koupit, kde to koupit v USA, Kanad\u011b a Velk\u00e9 Brit\u00e1nii Online nakupov\u00e1n\u00ed, dodavatel\u00e9, bezpe\u010dn\u00e9 doru\u010den\u00ed, 3. V\u00fdzkumn\u00e1 chemick\u00e1 l\u00e1tka FMC Powder je st\u00e1le dostupn\u00e1. Je chemick\u00e1 l\u00e1tka 3-FMC Powder Research povolena v USA? Kde mohu z\u00edskat 3-FMC Powder Research Chemical, jak jej mohu z\u00edskat a je to leg\u00e1ln\u00ed v Kanad\u011b? <a href=\"https:\/\/legitgrams.com\/cs\/\">LegitGrams<\/a><\/p>","protected":false},"excerpt":{"rendered":"<p>Purchase 3-FMC Research Chemical Powder Online Purchase 3-FMC powder chemicals in large quantities. Order online right now. The wholesale pricing are guaranteed to be low. 3-FMC powder is a stimulant belonging to the chemical families cathinone, amphetamine, and phenethylamine. It is a structural isomer of 4-FMC (flephedron). (3-fluorophenyl and 2-methylaminopropane-1-one) (RS) -1- Make an online &hellip;<\/p>\n<p class=\"read-more\"> <a class=\"\" href=\"https:\/\/legitgrams.com\/cs\/produkt\/3-fmc-praskovy-vyzkum-chemicky\/\"> <span class=\"screen-reader-text\">3-FMC Pr\u00e1\u0161ek V\u00fdzkum Chemick\u00e9<\/span> \u010c\u00edst d\u00e1l \"<\/a><\/p>","protected":false},"featured_media":5255,"comment_status":"open","ping_status":"closed","template":"","meta":{"_uag_custom_page_level_css":"","site-sidebar-layout":"default","site-content-layout":"default","ast-global-header-display":"","ast-main-header-display":"","ast-hfb-above-header-display":"","ast-hfb-below-header-display":"","ast-hfb-mobile-header-display":"","site-post-title":"","ast-breadcrumbs-content":"","ast-featured-img":"","footer-sml-layout":"","theme-transparent-header-meta":"default","adv-header-id-meta":"","stick-header-meta":"default","header-above-stick-meta":"","header-main-stick-meta":"","header-below-stick-meta":"","_joinchat":[]},"product_brand":[],"product_cat":[600],"product_tag":[1480,1484,1483,1491,1482,1494,1501,1502,1500,1492,1497,1499,1489,617,1481,1496,1493,1488,1486,1498,1495,625,1487,1490,1485],"class_list":{"0":"post-4256","1":"product","2":"type-product","3":"status-publish","4":"has-post-thumbnail","6":"product_cat-research-chemicals-and-bath-salt","7":"product_tag-3-fmc-powder-research-chemical","8":"product_tag-3-fmc-powder-research-chemical-3-fmc-powder-research-chemical-supplier","9":"product_tag-3-fmc-powder-research-chemical-for-sale","10":"product_tag-3-fmc-powder-research-chemical-legally","11":"product_tag-3-fmc-powder-research-chemical-online","12":"product_tag-3-fmc-powder-research-chemical-store","13":"product_tag-3-fmc-powder-research-chemical-use","14":"product_tag-3-fmc-powder-research-chemical-wiki","15":"product_tag-3-fmc-powder-research-chemical-worldwide","16":"product_tag-3-fmc-powder-research-chemicalprice","17":"product_tag-3-fmc-powder-research-chemicals","18":"product_tag-best-cheap-price-3-fmc-powder-research-chemical","19":"product_tag-best-place-to-buy-3-fmc-powder-research-chemical","20":"product_tag-bulk-online","21":"product_tag-buy-3-fmc-powder-research-chemical","22":"product_tag-cheap-3-fmc-powder-research-chemical","23":"product_tag-high-quality-3-fmc-powder-research-chemical","24":"product_tag-how-to-buy-3-fmc-powder-research-chemical","25":"product_tag-order-3-fmc-powder-research-chemical","26":"product_tag-purcharse-3-fmc-powder-research-chemical","27":"product_tag-shop-3-fmc-powder-research-chemical","28":"product_tag-top-quality","29":"product_tag-where-to-buy-3-fmc-powder-research-chemical","30":"product_tag-where-to-order-3-fmc-powder-research-chemical","31":"product_tag-wholesale-3-fmc-powder-research-chemical","32":"desktop-align-left","33":"tablet-align-left","34":"mobile-align-left","35":"ast-product-gallery-layout-horizontal","36":"ast-product-gallery-with-no-image","37":"ast-product-single-variable","38":"ast-product-tabs-layout-horizontal","39":"ast-qv-on-image","41":"first","42":"instock","43":"shipping-taxable","44":"purchasable","45":"product-type-variable"},"yoast_head":"<!-- This site is optimized with the Yoast SEO plugin v25.9 - https:\/\/yoast.com\/wordpress\/plugins\/seo\/ -->\n<title>3-FMC for Sale - Buy 3-FMC Online with Fastest Shipping<\/title>\n<meta name=\"description\" content=\"It is the best time to visit our online store LegitGrams and buy 3-fmc online. We have 3-fmc powder for sale here. Meet us online and find great deals on top-quality Category. Order Today!\" \/>\n<meta name=\"robots\" content=\"index, follow, max-snippet:-1, max-image-preview:large, max-video-preview:-1\" \/>\n<link rel=\"canonical\" href=\"https:\/\/legitgrams.com\/cs\/produkt\/3-fmc-praskovy-vyzkum-chemicky\/\" \/>\n<meta property=\"og:locale\" content=\"cs_CZ\" \/>\n<meta property=\"og:type\" content=\"article\" \/>\n<meta property=\"og:title\" content=\"3-FMC for Sale - Buy 3-FMC Online with Fastest Shipping\" \/>\n<meta property=\"og:description\" content=\"It is the best time to visit our online store LegitGrams and buy 3-fmc online. We have 3-fmc powder for sale here. Meet us online and find great deals on top-quality Category. Order Today!\" \/>\n<meta property=\"og:url\" content=\"https:\/\/legitgrams.com\/cs\/produkt\/3-fmc-praskovy-vyzkum-chemicky\/\" \/>\n<meta property=\"og:site_name\" content=\"Legit Grams\" \/>\n<meta property=\"article:modified_time\" content=\"2025-01-11T10:29:19+00:00\" \/>\n<meta property=\"og:image\" content=\"https:\/\/legitgrams.com\/wp-content\/uploads\/2024\/09\/buy-3-fmc-powder-research-chemical.jpg\" \/>\n\t<meta property=\"og:image:width\" content=\"600\" \/>\n\t<meta property=\"og:image:height\" content=\"600\" \/>\n\t<meta property=\"og:image:type\" content=\"image\/jpeg\" \/>\n<meta name=\"twitter:card\" content=\"summary_large_image\" \/>\n<meta name=\"twitter:label1\" content=\"Odhadovan\u00e1 doba \u010dten\u00ed\" \/>\n\t<meta name=\"twitter:data1\" content=\"1 minuta\" \/>\n<script type=\"application\/ld+json\" class=\"yoast-schema-graph\">{\"@context\":\"https:\/\/schema.org\",\"@graph\":[{\"@type\":\"WebPage\",\"@id\":\"https:\/\/legitgrams.com\/product\/3-fmc-powder-research-chemical\/\",\"url\":\"https:\/\/legitgrams.com\/product\/3-fmc-powder-research-chemical\/\",\"name\":\"3-FMC for Sale - Buy 3-FMC Online with Fastest Shipping\",\"isPartOf\":{\"@id\":\"https:\/\/legitgrams.com\/#website\"},\"primaryImageOfPage\":{\"@id\":\"https:\/\/legitgrams.com\/product\/3-fmc-powder-research-chemical\/#primaryimage\"},\"image\":{\"@id\":\"https:\/\/legitgrams.com\/product\/3-fmc-powder-research-chemical\/#primaryimage\"},\"thumbnailUrl\":\"https:\/\/legitgrams.com\/wp-content\/uploads\/2024\/09\/buy-3-fmc-powder-research-chemical.jpg\",\"datePublished\":\"2024-09-22T07:51:10+00:00\",\"dateModified\":\"2025-01-11T10:29:19+00:00\",\"description\":\"It is the best time to visit our online store LegitGrams and buy 3-fmc online. We have 3-fmc powder for sale here. Meet us online and find great deals on top-quality Category. Order Today!\",\"breadcrumb\":{\"@id\":\"https:\/\/legitgrams.com\/product\/3-fmc-powder-research-chemical\/#breadcrumb\"},\"inLanguage\":\"cs\",\"potentialAction\":[{\"@type\":\"ReadAction\",\"target\":[\"https:\/\/legitgrams.com\/product\/3-fmc-powder-research-chemical\/\"]}]},{\"@type\":\"ImageObject\",\"inLanguage\":\"cs\",\"@id\":\"https:\/\/legitgrams.com\/product\/3-fmc-powder-research-chemical\/#primaryimage\",\"url\":\"https:\/\/legitgrams.com\/wp-content\/uploads\/2024\/09\/buy-3-fmc-powder-research-chemical.jpg\",\"contentUrl\":\"https:\/\/legitgrams.com\/wp-content\/uploads\/2024\/09\/buy-3-fmc-powder-research-chemical.jpg\",\"width\":600,\"height\":600,\"caption\":\"3-fmc-powder for Sale\"},{\"@type\":\"BreadcrumbList\",\"@id\":\"https:\/\/legitgrams.com\/product\/3-fmc-powder-research-chemical\/#breadcrumb\",\"itemListElement\":[{\"@type\":\"ListItem\",\"position\":1,\"name\":\"Home\",\"item\":\"https:\/\/legitgrams.com\/\"},{\"@type\":\"ListItem\",\"position\":2,\"name\":\"Shop\",\"item\":\"https:\/\/legitgrams.com\/shop\/\"},{\"@type\":\"ListItem\",\"position\":3,\"name\":\"3-FMC Powder Research Chemical\"}]},{\"@type\":\"WebSite\",\"@id\":\"https:\/\/legitgrams.com\/#website\",\"url\":\"https:\/\/legitgrams.com\/\",\"name\":\"Legit Grams\",\"description\":\"My WordPress Blog\",\"publisher\":{\"@id\":\"https:\/\/legitgrams.com\/#organization\"},\"potentialAction\":[{\"@type\":\"SearchAction\",\"target\":{\"@type\":\"EntryPoint\",\"urlTemplate\":\"https:\/\/legitgrams.com\/?s={search_term_string}\"},\"query-input\":{\"@type\":\"PropertyValueSpecification\",\"valueRequired\":true,\"valueName\":\"search_term_string\"}}],\"inLanguage\":\"cs\"},{\"@type\":\"Organization\",\"@id\":\"https:\/\/legitgrams.com\/#organization\",\"name\":\"Legit Grams\",\"url\":\"https:\/\/legitgrams.com\/\",\"logo\":{\"@type\":\"ImageObject\",\"inLanguage\":\"cs\",\"@id\":\"https:\/\/legitgrams.com\/#\/schema\/logo\/image\/\",\"url\":\"https:\/\/legitgrams.com\/wp-content\/uploads\/2024\/09\/main-logo.png\",\"contentUrl\":\"https:\/\/legitgrams.com\/wp-content\/uploads\/2024\/09\/main-logo.png\",\"width\":270,\"height\":75,\"caption\":\"Legit Grams\"},\"image\":{\"@id\":\"https:\/\/legitgrams.com\/#\/schema\/logo\/image\/\"}}]}<\/script>\n<!-- \/ Yoast SEO plugin. -->","yoast_head_json":{"title":"3-FMC na prodej - Kupte si 3-FMC online s nejrychlej\u0161\u00ed dopravou","description":"Je nejlep\u0161\u00ed \u010das nav\u0161t\u00edvit n\u00e1\u0161 internetov\u00fd obchod LegitGrams a koupit 3-fmc online. M\u00e1me zde na prodej pr\u00e1\u0161ek 3-fmc. Seznamte se s n\u00e1mi online a najd\u011bte skv\u011bl\u00e9 nab\u00eddky na \u0161pi\u010dkovou kvalitu kategorie. Objednejte si je\u0161t\u011b dnes!","robots":{"index":"index","follow":"follow","max-snippet":"max-snippet:-1","max-image-preview":"max-image-preview:large","max-video-preview":"max-video-preview:-1"},"canonical":"https:\/\/legitgrams.com\/cs\/produkt\/3-fmc-praskovy-vyzkum-chemicky\/","og_locale":"cs_CZ","og_type":"article","og_title":"3-FMC for Sale - Buy 3-FMC Online with Fastest Shipping","og_description":"It is the best time to visit our online store LegitGrams and buy 3-fmc online. We have 3-fmc powder for sale here. Meet us online and find great deals on top-quality Category. Order Today!","og_url":"https:\/\/legitgrams.com\/cs\/produkt\/3-fmc-praskovy-vyzkum-chemicky\/","og_site_name":"Legit Grams","article_modified_time":"2025-01-11T10:29:19+00:00","og_image":[{"width":600,"height":600,"url":"https:\/\/legitgrams.com\/wp-content\/uploads\/2024\/09\/buy-3-fmc-powder-research-chemical.jpg","type":"image\/jpeg"}],"twitter_card":"summary_large_image","twitter_misc":{"Odhadovan\u00e1 doba \u010dten\u00ed":"1 minuta"},"schema":{"@context":"https:\/\/schema.org","@graph":[{"@type":"WebPage","@id":"https:\/\/legitgrams.com\/product\/3-fmc-powder-research-chemical\/","url":"https:\/\/legitgrams.com\/product\/3-fmc-powder-research-chemical\/","name":"3-FMC na prodej - Kupte si 3-FMC online s nejrychlej\u0161\u00ed dopravou","isPartOf":{"@id":"https:\/\/legitgrams.com\/#website"},"primaryImageOfPage":{"@id":"https:\/\/legitgrams.com\/product\/3-fmc-powder-research-chemical\/#primaryimage"},"image":{"@id":"https:\/\/legitgrams.com\/product\/3-fmc-powder-research-chemical\/#primaryimage"},"thumbnailUrl":"https:\/\/legitgrams.com\/wp-content\/uploads\/2024\/09\/buy-3-fmc-powder-research-chemical.jpg","datePublished":"2024-09-22T07:51:10+00:00","dateModified":"2025-01-11T10:29:19+00:00","description":"Je nejlep\u0161\u00ed \u010das nav\u0161t\u00edvit n\u00e1\u0161 internetov\u00fd obchod LegitGrams a koupit 3-fmc online. M\u00e1me zde na prodej pr\u00e1\u0161ek 3-fmc. Seznamte se s n\u00e1mi online a najd\u011bte skv\u011bl\u00e9 nab\u00eddky na \u0161pi\u010dkovou kvalitu kategorie. Objednejte si je\u0161t\u011b dnes!","breadcrumb":{"@id":"https:\/\/legitgrams.com\/product\/3-fmc-powder-research-chemical\/#breadcrumb"},"inLanguage":"cs","potentialAction":[{"@type":"ReadAction","target":["https:\/\/legitgrams.com\/product\/3-fmc-powder-research-chemical\/"]}]},{"@type":"ImageObject","inLanguage":"cs","@id":"https:\/\/legitgrams.com\/product\/3-fmc-powder-research-chemical\/#primaryimage","url":"https:\/\/legitgrams.com\/wp-content\/uploads\/2024\/09\/buy-3-fmc-powder-research-chemical.jpg","contentUrl":"https:\/\/legitgrams.com\/wp-content\/uploads\/2024\/09\/buy-3-fmc-powder-research-chemical.jpg","width":600,"height":600,"caption":"3-fmc-powder for Sale"},{"@type":"BreadcrumbList","@id":"https:\/\/legitgrams.com\/product\/3-fmc-powder-research-chemical\/#breadcrumb","itemListElement":[{"@type":"ListItem","position":1,"name":"Home","item":"https:\/\/legitgrams.com\/"},{"@type":"ListItem","position":2,"name":"Shop","item":"https:\/\/legitgrams.com\/shop\/"},{"@type":"ListItem","position":3,"name":"3-FMC Powder Research Chemical"}]},{"@type":"WebSite","@id":"https:\/\/legitgrams.com\/#website","url":"https:\/\/legitgrams.com\/","name":"Leg\u00e1ln\u00ed gramy","description":"M\u016fj blog WordPress","publisher":{"@id":"https:\/\/legitgrams.com\/#organization"},"potentialAction":[{"@type":"SearchAction","target":{"@type":"EntryPoint","urlTemplate":"https:\/\/legitgrams.com\/?s={search_term_string}"},"query-input":{"@type":"PropertyValueSpecification","valueRequired":true,"valueName":"search_term_string"}}],"inLanguage":"cs"},{"@type":"Organization","@id":"https:\/\/legitgrams.com\/#organization","name":"Leg\u00e1ln\u00ed gramy","url":"https:\/\/legitgrams.com\/","logo":{"@type":"ImageObject","inLanguage":"cs","@id":"https:\/\/legitgrams.com\/#\/schema\/logo\/image\/","url":"https:\/\/legitgrams.com\/wp-content\/uploads\/2024\/09\/main-logo.png","contentUrl":"https:\/\/legitgrams.com\/wp-content\/uploads\/2024\/09\/main-logo.png","width":270,"height":75,"caption":"Legit Grams"},"image":{"@id":"https:\/\/legitgrams.com\/#\/schema\/logo\/image\/"}}]}},"uagb_featured_image_src":{"full":["https:\/\/legitgrams.com\/wp-content\/uploads\/2024\/09\/buy-3-fmc-powder-research-chemical.jpg",600,600,false],"thumbnail":["https:\/\/legitgrams.com\/wp-content\/uploads\/2024\/09\/buy-3-fmc-powder-research-chemical-150x150.jpg",150,150,true],"medium":["https:\/\/legitgrams.com\/wp-content\/uploads\/2024\/09\/buy-3-fmc-powder-research-chemical-300x300.jpg",300,300,true],"medium_large":["https:\/\/legitgrams.com\/wp-content\/uploads\/2024\/09\/buy-3-fmc-powder-research-chemical.jpg",600,600,false],"large":["https:\/\/legitgrams.com\/wp-content\/uploads\/2024\/09\/buy-3-fmc-powder-research-chemical.jpg",600,600,false],"1536x1536":["https:\/\/legitgrams.com\/wp-content\/uploads\/2024\/09\/buy-3-fmc-powder-research-chemical.jpg",600,600,false],"2048x2048":["https:\/\/legitgrams.com\/wp-content\/uploads\/2024\/09\/buy-3-fmc-powder-research-chemical.jpg",600,600,false],"trp-custom-language-flag":["https:\/\/legitgrams.com\/wp-content\/uploads\/2024\/09\/buy-3-fmc-powder-research-chemical-12x12.jpg",12,12,true],"woocommerce_thumbnail":["https:\/\/legitgrams.com\/wp-content\/uploads\/2024\/09\/buy-3-fmc-powder-research-chemical-300x300.jpg",300,300,true],"woocommerce_single":["https:\/\/legitgrams.com\/wp-content\/uploads\/2024\/09\/buy-3-fmc-powder-research-chemical.jpg",600,600,false],"woocommerce_gallery_thumbnail":["https:\/\/legitgrams.com\/wp-content\/uploads\/2024\/09\/buy-3-fmc-powder-research-chemical-100x100.jpg",100,100,true]},"uagb_author_info":{"display_name":"cokeblog18","author_link":"https:\/\/legitgrams.com\/cs\/author\/"},"uagb_comment_info":0,"uagb_excerpt":"Purchase 3-FMC Research Chemical Powder Online Purchase 3-FMC powder chemicals in large quantities. Order online right now. The wholesale pricing are guaranteed to be low. 3-FMC powder is a stimulant belonging to the chemical families cathinone, amphetamine, and phenethylamine. It is a structural isomer of 4-FMC (flephedron). (3-fluorophenyl and 2-methylaminopropane-1-one) (RS) -1- Make an online&hellip;","_links":{"self":[{"href":"https:\/\/legitgrams.com\/cs\/wp-json\/wp\/v2\/product\/4256","targetHints":{"allow":["GET"]}}],"collection":[{"href":"https:\/\/legitgrams.com\/cs\/wp-json\/wp\/v2\/product"}],"about":[{"href":"https:\/\/legitgrams.com\/cs\/wp-json\/wp\/v2\/types\/product"}],"replies":[{"embeddable":true,"href":"https:\/\/legitgrams.com\/cs\/wp-json\/wp\/v2\/comments?post=4256"}],"wp:featuredmedia":[{"embeddable":true,"href":"https:\/\/legitgrams.com\/cs\/wp-json\/wp\/v2\/media\/5255"}],"wp:attachment":[{"href":"https:\/\/legitgrams.com\/cs\/wp-json\/wp\/v2\/media?parent=4256"}],"wp:term":[{"taxonomy":"product_brand","embeddable":true,"href":"https:\/\/legitgrams.com\/cs\/wp-json\/wp\/v2\/product_brand?post=4256"},{"taxonomy":"product_cat","embeddable":true,"href":"https:\/\/legitgrams.com\/cs\/wp-json\/wp\/v2\/product_cat?post=4256"},{"taxonomy":"product_tag","embeddable":true,"href":"https:\/\/legitgrams.com\/cs\/wp-json\/wp\/v2\/product_tag?post=4256"}],"curies":[{"name":"wp","href":"https:\/\/api.w.org\/{rel}","templated":true}]}}