{"id":4257,"date":"2024-09-22T07:51:29","date_gmt":"2024-09-22T07:51:29","guid":{"rendered":"https:\/\/legitgrams.com\/?post_type=product&#038;p=4257"},"modified":"2025-01-14T10:23:34","modified_gmt":"2025-01-14T10:23:34","slug":"specialni-kmen-marihuany-nirvana","status":"publish","type":"product","link":"https:\/\/legitgrams.com\/cs\/produkt\/specialni-kmen-marihuany-nirvana\/","title":{"rendered":"Speci\u00e1ln\u00ed kmen marihuany Nirvana"},"content":{"rendered":"<h2>Kupte si Nirvana Special Strain of Cannabis online<\/h2>\n<p>Popul\u00e1rn\u00ed kmen Jock Horror X Oaxacan Sativa byl zk\u0159\u00ed\u017een\u00fd, aby vznikla Nirvana Special, vz\u00e1cn\u00fd hybrid s dominantn\u00edm sativou, kter\u00fd je 75 % Sativa a 25 % Indica. Tento \u017eiv\u00fd sn\u00edmek z\u00edskal zlatou cenu a prvn\u00ed m\u00edsto za nejlep\u0161\u00ed biografii celkov\u011b na GoldLife Cup 2008 v Amsterdamu. Nen\u00ed \u017e\u00e1dn\u00fdm p\u0159ekvapen\u00edm, \u017ee Nirvana Special je tak obl\u00edben\u00e1 d\u00edky sv\u00e9 siln\u00e9, ale kreativn\u00ed vysok\u00e9 funk\u010dnosti a ohromuj\u00edc\u00ed pr\u016fm\u011brn\u00e9 koncentraci THC 20 %+! Vrchol nirv\u00e1ny speci\u00e1l za\u010d\u00edn\u00e1 pozitivn\u00edm, povzbuzuj\u00edc\u00edm sp\u011bchem, d\u00edky kter\u00e9mu se budete soust\u0159edit a j\u00edt d\u00e1l. <a href=\"https:\/\/legitgrams.com\/cs\/\">LegitGrams<\/a><\/p>\n<p>Online nakupov\u00e1n\u00ed pro <a href=\"https:\/\/legitgrams.com\/cs\/produkt\/specialni-kmen-marihuany-nirvana\/\">Nirvana Special<\/a> Kmen konop\u00ed: Koupit kmen konop\u00ed, Koupit speci\u00e1ln\u00ed kmen konop\u00ed Nirvana, Koupit speci\u00e1ln\u00ed kmen konop\u00ed, Um\u00edst\u011bn\u00ed internetov\u00e9ho obchodu speci\u00e1ln\u00edho kmene Nirvana Marihuana Kmen Nirvana Special Marihuana Strain na prodej, Speci\u00e1ln\u00ed kmen marihuany na prodej, koupit kmen marihuany online, dodavatel\u00e9, bezpe\u010dn\u00e9 doru\u010den\u00ed , koupit Marihuana Strain v USA, Kanad\u011b a Velk\u00e9 Brit\u00e1nii, Nirvana Special Marihuana Strain je st\u00e1le k dispozici. Krom\u011b toho se m\u016f\u017eete dozv\u011bd\u011bt, zda <a href=\"https:\/\/en.wikipedia.org\/wiki\/Nirvana_(band)\">Nirvana<\/a> Special Marihuana Strain je v Kanad\u011b leg\u00e1ln\u00ed, jak jej z\u00edskat a zda je mo\u017en\u00e9 jej zakoupit online v USA.<\/p>\n<p>&nbsp;<\/p>","protected":false},"excerpt":{"rendered":"<p>Purchase Nirvana Special Strain of Cannabis Online The popular Jock Horror X Oaxacan Sativa strain was crossed to create Nirvana Special, a rare sativa-dominant hybrid that is 75% Sativa and 25% Indica. This lively image won a gold award and first place for best biography overall at the 2008 GoldLife Cup in Amsterdam. It&#8217;s no &hellip;<\/p>\n<p class=\"read-more\"> <a class=\"\" href=\"https:\/\/legitgrams.com\/cs\/produkt\/specialni-kmen-marihuany-nirvana\/\"> <span class=\"screen-reader-text\">Speci\u00e1ln\u00ed kmen marihuany Nirvana<\/span> \u010c\u00edst d\u00e1l \"<\/a><\/p>","protected":false},"featured_media":5415,"comment_status":"open","ping_status":"closed","template":"","meta":{"_uag_custom_page_level_css":"","site-sidebar-layout":"default","site-content-layout":"default","ast-global-header-display":"","ast-main-header-display":"","ast-hfb-above-header-display":"","ast-hfb-below-header-display":"","ast-hfb-mobile-header-display":"","site-post-title":"","ast-breadcrumbs-content":"","ast-featured-img":"","footer-sml-layout":"","theme-transparent-header-meta":"default","adv-header-id-meta":"","stick-header-meta":"default","header-above-stick-meta":"","header-main-stick-meta":"","header-below-stick-meta":"","_joinchat":[]},"product_brand":[],"product_cat":[607],"product_tag":[1476,1466,617,1458,1473,1470,1465,1457,1460,1468,1461,1459,1471,1478,1479,1477,1469,1474,1463,1475,1472,625,1464,1467,1462],"class_list":{"0":"post-4257","1":"product","2":"type-product","3":"status-publish","4":"has-post-thumbnail","6":"product_cat-marijuana-cannabis","7":"product_tag-best-cheap-price-nirvana-special-marijuana-strain","8":"product_tag-best-place-to-buy-nirvana-special-marijuana-strain","9":"product_tag-bulk-online","10":"product_tag-buy-nirvana-special-marijuana-strain","11":"product_tag-cheap-nirvana-special-marijuana-strain","12":"product_tag-high-quality-nirvana-special-marijuana-strain","13":"product_tag-how-to-buy-nirvana-special-marijuana-strain","14":"product_tag-nirvana-special-marijuana-strain","15":"product_tag-nirvana-special-marijuana-strain-for-sale","16":"product_tag-nirvana-special-marijuana-strain-legally","17":"product_tag-nirvana-special-marijuana-strain-nirvana-special-marijuana-strain-supplier","18":"product_tag-nirvana-special-marijuana-strain-online","19":"product_tag-nirvana-special-marijuana-strain-store","20":"product_tag-nirvana-special-marijuana-strain-use","21":"product_tag-nirvana-special-marijuana-strain-wiki","22":"product_tag-nirvana-special-marijuana-strain-worldwide","23":"product_tag-nirvana-special-marijuana-strainprice","24":"product_tag-nirvana-special-marijuana-strains","25":"product_tag-order-nirvana-special-marijuana-strain","26":"product_tag-purcharse-nirvana-special-marijuana-strain","27":"product_tag-shop-nirvana-special-marijuana-strain","28":"product_tag-top-quality","29":"product_tag-where-to-buy-nirvana-special-marijuana-strain","30":"product_tag-where-to-order-nirvana-special-marijuana-strain","31":"product_tag-wholesale-nirvana-special-marijuana-strain","32":"desktop-align-left","33":"tablet-align-left","34":"mobile-align-left","35":"ast-product-gallery-layout-horizontal","36":"ast-product-gallery-with-no-image","37":"ast-product-single-variable","38":"ast-product-tabs-layout-horizontal","39":"ast-qv-on-image","41":"first","42":"instock","43":"shipping-taxable","44":"purchasable","45":"product-type-variable"},"yoast_head":"<!-- This site is optimized with the Yoast SEO plugin v25.9 - https:\/\/yoast.com\/wordpress\/plugins\/seo\/ -->\n<title>Nirvana Special Marijuana Strain for Sale @ best price | LG<\/title>\n<meta name=\"description\" content=\"Explore our online store for Nirvana Special Marijuana Strain for sale, offering high-quality Nirvana Special Marijuana Strain. Buy Nirvana Special Marijuana Strain online securely and embark on your research journey with confidence. Place your order now!\" \/>\n<meta name=\"robots\" content=\"index, follow, max-snippet:-1, max-image-preview:large, max-video-preview:-1\" \/>\n<link rel=\"canonical\" href=\"https:\/\/legitgrams.com\/cs\/produkt\/specialni-kmen-marihuany-nirvana\/\" \/>\n<meta property=\"og:locale\" content=\"cs_CZ\" \/>\n<meta property=\"og:type\" content=\"article\" \/>\n<meta property=\"og:title\" content=\"Nirvana Special Marijuana Strain for Sale @ best price | LG\" \/>\n<meta property=\"og:description\" content=\"Explore our online store for Nirvana Special Marijuana Strain for sale, offering high-quality Nirvana Special Marijuana Strain. Buy Nirvana Special Marijuana Strain online securely and embark on your research journey with confidence. Place your order now!\" \/>\n<meta property=\"og:url\" content=\"https:\/\/legitgrams.com\/cs\/produkt\/specialni-kmen-marihuany-nirvana\/\" \/>\n<meta property=\"og:site_name\" content=\"Legit Grams\" \/>\n<meta property=\"article:modified_time\" content=\"2025-01-14T10:23:34+00:00\" \/>\n<meta property=\"og:image\" content=\"https:\/\/legitgrams.com\/wp-content\/uploads\/2024\/09\/Buy-Nirvana-Special-Marijuana-Strain-Online.jpg\" \/>\n\t<meta property=\"og:image:width\" content=\"600\" \/>\n\t<meta property=\"og:image:height\" content=\"600\" \/>\n\t<meta property=\"og:image:type\" content=\"image\/jpeg\" \/>\n<meta name=\"twitter:card\" content=\"summary_large_image\" \/>\n<meta name=\"twitter:label1\" content=\"Odhadovan\u00e1 doba \u010dten\u00ed\" \/>\n\t<meta name=\"twitter:data1\" content=\"2 minuty\" \/>\n<script type=\"application\/ld+json\" class=\"yoast-schema-graph\">{\"@context\":\"https:\/\/schema.org\",\"@graph\":[{\"@type\":\"WebPage\",\"@id\":\"https:\/\/legitgrams.com\/product\/nirvana-special-marijuana-strain\/\",\"url\":\"https:\/\/legitgrams.com\/product\/nirvana-special-marijuana-strain\/\",\"name\":\"Nirvana Special Marijuana Strain for Sale @ best price | LG\",\"isPartOf\":{\"@id\":\"https:\/\/legitgrams.com\/#website\"},\"primaryImageOfPage\":{\"@id\":\"https:\/\/legitgrams.com\/product\/nirvana-special-marijuana-strain\/#primaryimage\"},\"image\":{\"@id\":\"https:\/\/legitgrams.com\/product\/nirvana-special-marijuana-strain\/#primaryimage\"},\"thumbnailUrl\":\"https:\/\/legitgrams.com\/wp-content\/uploads\/2024\/09\/Buy-Nirvana-Special-Marijuana-Strain-Online.jpg\",\"datePublished\":\"2024-09-22T07:51:29+00:00\",\"dateModified\":\"2025-01-14T10:23:34+00:00\",\"description\":\"Explore our online store for Nirvana Special Marijuana Strain for sale, offering high-quality Nirvana Special Marijuana Strain. Buy Nirvana Special Marijuana Strain online securely and embark on your research journey with confidence. Place your order now!\",\"breadcrumb\":{\"@id\":\"https:\/\/legitgrams.com\/product\/nirvana-special-marijuana-strain\/#breadcrumb\"},\"inLanguage\":\"cs\",\"potentialAction\":[{\"@type\":\"ReadAction\",\"target\":[\"https:\/\/legitgrams.com\/product\/nirvana-special-marijuana-strain\/\"]}]},{\"@type\":\"ImageObject\",\"inLanguage\":\"cs\",\"@id\":\"https:\/\/legitgrams.com\/product\/nirvana-special-marijuana-strain\/#primaryimage\",\"url\":\"https:\/\/legitgrams.com\/wp-content\/uploads\/2024\/09\/Buy-Nirvana-Special-Marijuana-Strain-Online.jpg\",\"contentUrl\":\"https:\/\/legitgrams.com\/wp-content\/uploads\/2024\/09\/Buy-Nirvana-Special-Marijuana-Strain-Online.jpg\",\"width\":600,\"height\":600,\"caption\":\"Nirvana Special Marijuana Strain for Sale\"},{\"@type\":\"BreadcrumbList\",\"@id\":\"https:\/\/legitgrams.com\/product\/nirvana-special-marijuana-strain\/#breadcrumb\",\"itemListElement\":[{\"@type\":\"ListItem\",\"position\":1,\"name\":\"Home\",\"item\":\"https:\/\/legitgrams.com\/\"},{\"@type\":\"ListItem\",\"position\":2,\"name\":\"Shop\",\"item\":\"https:\/\/legitgrams.com\/shop\/\"},{\"@type\":\"ListItem\",\"position\":3,\"name\":\"Nirvana Special Marijuana Strain\"}]},{\"@type\":\"WebSite\",\"@id\":\"https:\/\/legitgrams.com\/#website\",\"url\":\"https:\/\/legitgrams.com\/\",\"name\":\"Legit Grams\",\"description\":\"My WordPress Blog\",\"publisher\":{\"@id\":\"https:\/\/legitgrams.com\/#organization\"},\"potentialAction\":[{\"@type\":\"SearchAction\",\"target\":{\"@type\":\"EntryPoint\",\"urlTemplate\":\"https:\/\/legitgrams.com\/?s={search_term_string}\"},\"query-input\":{\"@type\":\"PropertyValueSpecification\",\"valueRequired\":true,\"valueName\":\"search_term_string\"}}],\"inLanguage\":\"cs\"},{\"@type\":\"Organization\",\"@id\":\"https:\/\/legitgrams.com\/#organization\",\"name\":\"Legit Grams\",\"url\":\"https:\/\/legitgrams.com\/\",\"logo\":{\"@type\":\"ImageObject\",\"inLanguage\":\"cs\",\"@id\":\"https:\/\/legitgrams.com\/#\/schema\/logo\/image\/\",\"url\":\"https:\/\/legitgrams.com\/wp-content\/uploads\/2024\/09\/main-logo.png\",\"contentUrl\":\"https:\/\/legitgrams.com\/wp-content\/uploads\/2024\/09\/main-logo.png\",\"width\":270,\"height\":75,\"caption\":\"Legit Grams\"},\"image\":{\"@id\":\"https:\/\/legitgrams.com\/#\/schema\/logo\/image\/\"}}]}<\/script>\n<!-- \/ Yoast SEO plugin. -->","yoast_head_json":{"title":"Nirvana Special Marihuana Strain na prodej @ nejlep\u0161\u00ed cena | LG","description":"Prozkoumejte n\u00e1\u0161 internetov\u00fd obchod pro Nirvana Special Marijuana Strain na prodej, kter\u00fd nab\u00edz\u00ed vysoce kvalitn\u00ed Nirvana Special Marijuana Strain. Kupte si Nirvana Special Marijuana Strain bezpe\u010dn\u011b online a vydejte se na cestu v\u00fdzkumu s d\u016fv\u011brou. Objednejte si ji nyn\u00ed!","robots":{"index":"index","follow":"follow","max-snippet":"max-snippet:-1","max-image-preview":"max-image-preview:large","max-video-preview":"max-video-preview:-1"},"canonical":"https:\/\/legitgrams.com\/cs\/produkt\/specialni-kmen-marihuany-nirvana\/","og_locale":"cs_CZ","og_type":"article","og_title":"Nirvana Special Marijuana Strain for Sale @ best price | LG","og_description":"Explore our online store for Nirvana Special Marijuana Strain for sale, offering high-quality Nirvana Special Marijuana Strain. Buy Nirvana Special Marijuana Strain online securely and embark on your research journey with confidence. Place your order now!","og_url":"https:\/\/legitgrams.com\/cs\/produkt\/specialni-kmen-marihuany-nirvana\/","og_site_name":"Legit Grams","article_modified_time":"2025-01-14T10:23:34+00:00","og_image":[{"width":600,"height":600,"url":"https:\/\/legitgrams.com\/wp-content\/uploads\/2024\/09\/Buy-Nirvana-Special-Marijuana-Strain-Online.jpg","type":"image\/jpeg"}],"twitter_card":"summary_large_image","twitter_misc":{"Odhadovan\u00e1 doba \u010dten\u00ed":"2 minuty"},"schema":{"@context":"https:\/\/schema.org","@graph":[{"@type":"WebPage","@id":"https:\/\/legitgrams.com\/product\/nirvana-special-marijuana-strain\/","url":"https:\/\/legitgrams.com\/product\/nirvana-special-marijuana-strain\/","name":"Nirvana Special Marihuana Strain na prodej @ nejlep\u0161\u00ed cena | LG","isPartOf":{"@id":"https:\/\/legitgrams.com\/#website"},"primaryImageOfPage":{"@id":"https:\/\/legitgrams.com\/product\/nirvana-special-marijuana-strain\/#primaryimage"},"image":{"@id":"https:\/\/legitgrams.com\/product\/nirvana-special-marijuana-strain\/#primaryimage"},"thumbnailUrl":"https:\/\/legitgrams.com\/wp-content\/uploads\/2024\/09\/Buy-Nirvana-Special-Marijuana-Strain-Online.jpg","datePublished":"2024-09-22T07:51:29+00:00","dateModified":"2025-01-14T10:23:34+00:00","description":"Prozkoumejte n\u00e1\u0161 internetov\u00fd obchod pro Nirvana Special Marijuana Strain na prodej, kter\u00fd nab\u00edz\u00ed vysoce kvalitn\u00ed Nirvana Special Marijuana Strain. Kupte si Nirvana Special Marijuana Strain bezpe\u010dn\u011b online a vydejte se na cestu v\u00fdzkumu s d\u016fv\u011brou. Objednejte si ji nyn\u00ed!","breadcrumb":{"@id":"https:\/\/legitgrams.com\/product\/nirvana-special-marijuana-strain\/#breadcrumb"},"inLanguage":"cs","potentialAction":[{"@type":"ReadAction","target":["https:\/\/legitgrams.com\/product\/nirvana-special-marijuana-strain\/"]}]},{"@type":"ImageObject","inLanguage":"cs","@id":"https:\/\/legitgrams.com\/product\/nirvana-special-marijuana-strain\/#primaryimage","url":"https:\/\/legitgrams.com\/wp-content\/uploads\/2024\/09\/Buy-Nirvana-Special-Marijuana-Strain-Online.jpg","contentUrl":"https:\/\/legitgrams.com\/wp-content\/uploads\/2024\/09\/Buy-Nirvana-Special-Marijuana-Strain-Online.jpg","width":600,"height":600,"caption":"Nirvana Special Marijuana Strain for Sale"},{"@type":"BreadcrumbList","@id":"https:\/\/legitgrams.com\/product\/nirvana-special-marijuana-strain\/#breadcrumb","itemListElement":[{"@type":"ListItem","position":1,"name":"Home","item":"https:\/\/legitgrams.com\/"},{"@type":"ListItem","position":2,"name":"Shop","item":"https:\/\/legitgrams.com\/shop\/"},{"@type":"ListItem","position":3,"name":"Nirvana Special Marijuana Strain"}]},{"@type":"WebSite","@id":"https:\/\/legitgrams.com\/#website","url":"https:\/\/legitgrams.com\/","name":"Leg\u00e1ln\u00ed gramy","description":"M\u016fj blog WordPress","publisher":{"@id":"https:\/\/legitgrams.com\/#organization"},"potentialAction":[{"@type":"SearchAction","target":{"@type":"EntryPoint","urlTemplate":"https:\/\/legitgrams.com\/?s={search_term_string}"},"query-input":{"@type":"PropertyValueSpecification","valueRequired":true,"valueName":"search_term_string"}}],"inLanguage":"cs"},{"@type":"Organization","@id":"https:\/\/legitgrams.com\/#organization","name":"Leg\u00e1ln\u00ed gramy","url":"https:\/\/legitgrams.com\/","logo":{"@type":"ImageObject","inLanguage":"cs","@id":"https:\/\/legitgrams.com\/#\/schema\/logo\/image\/","url":"https:\/\/legitgrams.com\/wp-content\/uploads\/2024\/09\/main-logo.png","contentUrl":"https:\/\/legitgrams.com\/wp-content\/uploads\/2024\/09\/main-logo.png","width":270,"height":75,"caption":"Legit Grams"},"image":{"@id":"https:\/\/legitgrams.com\/#\/schema\/logo\/image\/"}}]}},"uagb_featured_image_src":{"full":["https:\/\/legitgrams.com\/wp-content\/uploads\/2024\/09\/Buy-Nirvana-Special-Marijuana-Strain-Online.jpg",600,600,false],"thumbnail":["https:\/\/legitgrams.com\/wp-content\/uploads\/2024\/09\/Buy-Nirvana-Special-Marijuana-Strain-Online-150x150.jpg",150,150,true],"medium":["https:\/\/legitgrams.com\/wp-content\/uploads\/2024\/09\/Buy-Nirvana-Special-Marijuana-Strain-Online-300x300.jpg",300,300,true],"medium_large":["https:\/\/legitgrams.com\/wp-content\/uploads\/2024\/09\/Buy-Nirvana-Special-Marijuana-Strain-Online.jpg",600,600,false],"large":["https:\/\/legitgrams.com\/wp-content\/uploads\/2024\/09\/Buy-Nirvana-Special-Marijuana-Strain-Online.jpg",600,600,false],"1536x1536":["https:\/\/legitgrams.com\/wp-content\/uploads\/2024\/09\/Buy-Nirvana-Special-Marijuana-Strain-Online.jpg",600,600,false],"2048x2048":["https:\/\/legitgrams.com\/wp-content\/uploads\/2024\/09\/Buy-Nirvana-Special-Marijuana-Strain-Online.jpg",600,600,false],"trp-custom-language-flag":["https:\/\/legitgrams.com\/wp-content\/uploads\/2024\/09\/Buy-Nirvana-Special-Marijuana-Strain-Online-12x12.jpg",12,12,true],"woocommerce_thumbnail":["https:\/\/legitgrams.com\/wp-content\/uploads\/2024\/09\/Buy-Nirvana-Special-Marijuana-Strain-Online-300x300.jpg",300,300,true],"woocommerce_single":["https:\/\/legitgrams.com\/wp-content\/uploads\/2024\/09\/Buy-Nirvana-Special-Marijuana-Strain-Online.jpg",600,600,false],"woocommerce_gallery_thumbnail":["https:\/\/legitgrams.com\/wp-content\/uploads\/2024\/09\/Buy-Nirvana-Special-Marijuana-Strain-Online-100x100.jpg",100,100,true]},"uagb_author_info":{"display_name":"cokeblog18","author_link":"https:\/\/legitgrams.com\/cs\/author\/"},"uagb_comment_info":0,"uagb_excerpt":"Purchase Nirvana Special Strain of Cannabis Online The popular Jock Horror X Oaxacan Sativa strain was crossed to create Nirvana Special, a rare sativa-dominant hybrid that is 75% Sativa and 25% Indica. This lively image won a gold award and first place for best biography overall at the 2008 GoldLife Cup in Amsterdam. It&#8217;s no&hellip;","_links":{"self":[{"href":"https:\/\/legitgrams.com\/cs\/wp-json\/wp\/v2\/product\/4257","targetHints":{"allow":["GET"]}}],"collection":[{"href":"https:\/\/legitgrams.com\/cs\/wp-json\/wp\/v2\/product"}],"about":[{"href":"https:\/\/legitgrams.com\/cs\/wp-json\/wp\/v2\/types\/product"}],"replies":[{"embeddable":true,"href":"https:\/\/legitgrams.com\/cs\/wp-json\/wp\/v2\/comments?post=4257"}],"wp:featuredmedia":[{"embeddable":true,"href":"https:\/\/legitgrams.com\/cs\/wp-json\/wp\/v2\/media\/5415"}],"wp:attachment":[{"href":"https:\/\/legitgrams.com\/cs\/wp-json\/wp\/v2\/media?parent=4257"}],"wp:term":[{"taxonomy":"product_brand","embeddable":true,"href":"https:\/\/legitgrams.com\/cs\/wp-json\/wp\/v2\/product_brand?post=4257"},{"taxonomy":"product_cat","embeddable":true,"href":"https:\/\/legitgrams.com\/cs\/wp-json\/wp\/v2\/product_cat?post=4257"},{"taxonomy":"product_tag","embeddable":true,"href":"https:\/\/legitgrams.com\/cs\/wp-json\/wp\/v2\/product_tag?post=4257"}],"curies":[{"name":"wp","href":"https:\/\/api.w.org\/{rel}","templated":true}]}}