{"id":4270,"date":"2024-09-22T08:08:41","date_gmt":"2024-09-22T08:08:41","guid":{"rendered":"https:\/\/legitgrams.com\/?post_type=product&#038;p=4270"},"modified":"2025-04-03T05:36:09","modified_gmt":"2025-04-03T05:36:09","slug":"objednat-praskovy-kokain-online-98-8-cisty","status":"publish","type":"product","link":"https:\/\/legitgrams.com\/cs\/produkt\/objednat-praskovy-kokain-online-98-8-cisty\/","title":{"rendered":"Koupit pr\u00e1\u0161kov\u00fd kokain online o \u010distot\u011b 98,8 %."},"content":{"rendered":"<h2>Nakupujte a objednejte kokainov\u00fd pr\u00e1\u0161ek online.<\/h2>\n<p>Nejobl\u00edben\u011bj\u0161\u00ed formou kokainu je <a href=\"https:\/\/legitgrams.com\/cs\/produkt\/objednat-praskovy-kokain-online-98-8-cisty\/\">kokainov\u00fd pr\u00e1\u0161ek<\/a>. For this reason, it is also referred to as a street drug. The <a href=\"https:\/\/www.bing.com\/search?q=Buy+Powdered+cocaine+online+98.8%25+pure&amp;qs=n&amp;form=QBRE&amp;sp=-1&amp;lq=0&amp;pq=buy+powdered+cocaine+online+98.8%25+pure&amp;sc=0-38&amp;sk=&amp;cvid=8EA0788297494D1E80E84D8828103EFF&amp;ghsh=0&amp;ghacc=0&amp;ghpl=\">Coca<\/a> rostliny, kter\u00e9 se vyskytuj\u00ed p\u0159edev\u0161\u00edm v ji\u017en\u00edch zem\u00edch, se pou\u017e\u00edvaj\u00ed k v\u00fdrob\u011b tohoto pr\u00e1\u0161ku.<br \/>\nJe to siln\u00fd stimulant, kter\u00fd p\u016fsob\u00ed p\u0159\u00edmo na centr\u00e1ln\u00ed mozek a l\u00e9\u010d\u00ed celou \u0159adu nemoc\u00ed. Specifick\u00e9 chemick\u00e9 l\u00e1tky v mozku jsou t\u00edmto stimulantem pos\u00edleny, co\u017e umo\u017e\u0148uje syst\u00e9mu lidsk\u00fdch org\u00e1n\u016f reagovat podle pot\u0159eby. Pro sv\u00e9 \u010detn\u00e9 v\u00fdhody je celosv\u011btov\u011b nejroz\u0161\u00ed\u0159en\u011bj\u0161\u00edm druhem kokainu.<\/p>\n<p><a href=\"https:\/\/www.google.com\/search?q=Koupit+prkov+kokain+online+o+istot+988+.&amp;sca_esv=eddefdb7b92e7545&amp;sxsrf=AHTn8zpl08zwDVALqEa8CdsFbGwMY954YQ1743658870269&amp;ei=dh_uZ9mSEI-T0PEPoPbLEQ&amp;ved=0ahUKEwjZpcm8k7uMAxWPCTQIHSD7MgIQ4dUDCBA&amp;uact=5&amp;oq=Koupit+prkov+kokain+online+o+istot+988+.&amp;gs_lp=Egxnd3Mtd2l6LXNlcnAiNEtvdXBpdCBwcsOhxaFrb3bDvSBrb2thaW4gb25saW5lIG8gxI1pc3RvdMSbIDk4LDggJS5IAFAAWABwAHgAkAEAmAEAoAEAqgEAuAEDyAEAmAIAoAIAmAMAkgcAoAcAsgcAuAcA&amp;sclient=gws-wiz-serp\">Kokainov\u00fd pr\u00e1\u0161ek<\/a> se li\u0161\u00ed od ostatn\u00edch forem kokainu.<\/p>\n<h3>Jak u\u017e\u00edvat kokainov\u00fd pr\u00e1\u0161ek<\/h3>\n<p><a href=\"https:\/\/www.bing.com\/search?q=Koupitprkovkokainonlineoistot988.&amp;qs=n&amp;form=QBRE&amp;sp=-1&amp;lq=0&amp;pq=koupitprkovkokainonlineoistot988.&amp;sc=0-47&amp;sk=&amp;cvid=89A861C6559745E9B935D35EDA6CA71F&amp;ghsh=0&amp;ghacc=0&amp;ghpl=\">Kokainov\u00fd pr\u00e1\u0161ek<\/a> nab\u00edz\u00ed v\u00fdhody i mimo lidsk\u00e9 t\u011blo. Hlavn\u00edm d\u016fvodem jeho \u00fasp\u011bchu je v\u0161ak to, \u017ee p\u0159edstavuje men\u0161\u00ed riziko pro lidsk\u00e9 zdrav\u00ed. B\u011b\u017en\u011b se pou\u017e\u00edv\u00e1 v kombinaci s jin\u00fdmi l\u00e9ky na p\u0159edpis, jako je fentanyl, mastek atd. Mohl by v\u0161ak b\u00fdt \u0161kodliv\u00fd pro lidsk\u00e9 zdrav\u00ed, pokud by se u\u017e\u00edval s fentanylem bez dohledu.<\/p>\n<p>Proto by se p\u0159ed pou\u017eit\u00edm tak siln\u00e9ho pro-l\u00e9\u010diva m\u011blo prozkoumat. Lid\u00e9 tuto pr\u00e1\u0161kovitou l\u00e1tku vyu\u017e\u00edvaj\u00ed r\u016fzn\u00fdmi zp\u016fsoby, nap\u0159\u00edklad si ji vst\u0159ikuj\u00ed p\u0159\u00edmo do \u017e\u00edly nebo ji kou\u0159\u00ed jako cigaretu. Nejlep\u0161\u00ed technika jej\u00edho u\u017e\u00edv\u00e1n\u00ed z\u00e1vis\u00ed na jedine\u010dn\u00fdch fyzick\u00fdch a psychick\u00fdch okolnostech ka\u017ed\u00e9ho \u010dlov\u011bka. <a href=\"https:\/\/legitgrams.com\/cs\/\">LegitGrams<\/a><\/p>\n<p>A\u010dkoli m\u00edch\u00e1n\u00ed tohoto pr\u00e1\u0161ku s nealkoholick\u00fdmi n\u00e1poji je dal\u0161\u00edm zp\u016fsobem, jak jej n\u011bkte\u0159\u00ed lid\u00e9 vyu\u017e\u00edvaj\u00ed, je to velmi riskantn\u00ed.<\/p>\n<h3>Kokain v pr\u00e1\u0161ku pro l\u00e9ka\u0159sk\u00e9 \u00fa\u010dely<\/h3>\n<p>Pr\u00e1\u0161kov\u00fd kokain nav\u00edc posiluje syst\u00e9m reakce p\u0159id\u00e1n\u00edm dal\u0161\u00edch chemik\u00e1li\u00ed do mozku, <a href=\"https:\/\/duckduckgo.com\/?q=Buy+Powdered+cocaine+online+98.8%25+pure&amp;t=h_&amp;ia=web\">kokainov\u00fd pr\u00e1\u0161ek<\/a> tak\u00e9 posiluje sv\u016fj syst\u00e9m reakce. P\u0159i l\u00e9\u010db\u011b pacient\u016f, kte\u0159\u00ed trp\u00ed apati\u00ed ve sv\u00e9m chov\u00e1n\u00ed a pohybech, l\u00e9ka\u0159i p\u00ed\u0161\u00ed recepty na tento l\u00e9k. Na prodej: hydrochlorid kokainu<\/p>\n<p>L\u00e9ka\u0159i ji tak\u00e9 pou\u017e\u00edvaj\u00ed ke zm\u00edrn\u011bn\u00ed nepohodl\u00ed p\u0159i mnoha chirurgick\u00fdch z\u00e1kroc\u00edch. Proto\u017ee dod\u00e1v\u00e1 mysli pocit radosti a vitality, je jej\u00ed kr\u00e1tk\u00e9 trv\u00e1n\u00ed pro \u010dlov\u011bka nesm\u00edrn\u011b prosp\u011b\u0161n\u00e9. D\u00edky t\u011bmto vlastnostem si ji obl\u00edbila cel\u00e1 \u0159ada lid\u00ed po cel\u00e9m sv\u011bt\u011b.<\/p>\n<p>Ka\u017ed\u00fd m\u00e1 snadn\u00fd p\u0159\u00edstup k dostupnosti kokainov\u00e9ho pr\u00e1\u0161ku na internetov\u00e9m trhu. Tento speci\u00e1ln\u00ed pr\u00e1\u0161ek je nav\u00edc v na\u0161em internetov\u00e9m obchod\u011b k dispozici za mimo\u0159\u00e1dn\u011b p\u0159ijateln\u00e9 ceny. Nav\u00edc nab\u00edz\u00edme nejrychlej\u0161\u00ed mo\u017en\u00e9 doru\u010den\u00ed produktu p\u0159\u00edmo k va\u0161im dve\u0159\u00edm.<\/p>\n<p>N\u00e1kup 98.8% \u010dist\u00e9ho pr\u00e1\u0161ku <a href=\"https:\/\/en.wikipedia.org\/wiki\/Cocaine\">kokain<\/a> online na t\u00e9to webov\u00e9 str\u00e1nce. Kokain v pr\u00e1\u0161ku lze zakoupit online. 98.8% pure, get cocaine powder online, Kde mohu koupit kokain v pr\u00e1\u0161ku online? Online, 98,8% \u010dist\u00fd pr\u00e1\u0161kov\u00fd kokain Produkt je 98,8% \u010dist\u00fd a je mo\u017en\u00e9 jej zakoupit online. Lze jej zakoupit online a existuje n\u011bkolik m\u00edst, kde jej lze z\u00edskat. K prodeji je nap\u0159: Pr\u00e1\u0161kov\u00fd kokain je st\u00e1le k dost\u00e1n\u00ed online, 98,8% \u010dist\u00fd, USA, Kanada, Velk\u00e1 Brit\u00e1nie, dodavatel\u00e9, n\u00e1kup online, bezpe\u010dn\u00e9 doru\u010den\u00ed. 98.8% pure, Je leg\u00e1ln\u00ed koupit 98.8% pure powdered cocaine online ve Spojen\u00fdch st\u00e1tech? Jak objednat pr\u00e1\u0161kov\u00fd kokain online ve Spojen\u00fdch st\u00e1tech? Jedn\u00e1 se o \u010dist\u00fd 98,8%. Je v Kanad\u011b leg\u00e1ln\u00ed koupit 98,8% \u010dist\u00fd pr\u00e1\u0161kov\u00fd kokain online?<\/p>","protected":false},"excerpt":{"rendered":"<p>Purchase and order cocaine powder online. The most popular form of cocaine is cocaine powder. For this reason, it is also referred to as a street drug. The Coca plants, which are primarily found in Southern countries, are used to make this powder. It is a potent stimulant that acts directly on the central brain &hellip;<\/p>\n<p class=\"read-more\"> <a class=\"\" href=\"https:\/\/legitgrams.com\/cs\/produkt\/objednat-praskovy-kokain-online-98-8-cisty\/\"> <span class=\"screen-reader-text\">Koupit pr\u00e1\u0161kov\u00fd kokain online o \u010distot\u011b 98,8 %.<\/span> \u010c\u00edst d\u00e1l \"<\/a><\/p>","protected":false},"featured_media":5333,"comment_status":"open","ping_status":"closed","template":"","meta":{"_uag_custom_page_level_css":"","site-sidebar-layout":"default","site-content-layout":"default","ast-global-header-display":"","ast-main-header-display":"","ast-hfb-above-header-display":"","ast-hfb-below-header-display":"","ast-hfb-mobile-header-display":"","site-post-title":"","ast-breadcrumbs-content":"","ast-featured-img":"","footer-sml-layout":"","theme-transparent-header-meta":"default","adv-header-id-meta":"","stick-header-meta":"default","header-above-stick-meta":"","header-main-stick-meta":"","header-below-stick-meta":"","_joinchat":[]},"product_brand":[],"product_cat":[70],"product_tag":[1361,1351,617,1343,1358,1355,1350,1348,1342,1345,1353,1344,1346,1356,1363,1364,1362,1354,1359,1360,1357,625,1349,1352,1347],"class_list":{"0":"post-4270","1":"product","2":"type-product","3":"status-publish","4":"has-post-thumbnail","6":"product_cat-cocaine","7":"product_tag-best-cheap-price-powdered-cocaine-online-98-8-pure","8":"product_tag-best-place-to-buy-powdered-cocaine-online-98-8-pure","9":"product_tag-bulk-online","10":"product_tag-buy-powdered-cocaine-online-98-8-pure","11":"product_tag-cheap-powdered-cocaine-online-98-8-pure","12":"product_tag-high-quality-powdered-cocaine-online-98-8-pure","13":"product_tag-how-to-buy-powdered-cocaine-online-98-8-pure","14":"product_tag-order-powdered-cocaine-online-98-8-pure","15":"product_tag-powdered-cocaine-online-98-8-pure","16":"product_tag-powdered-cocaine-online-98-8-pure-for-sale","17":"product_tag-powdered-cocaine-online-98-8-pure-legally","18":"product_tag-powdered-cocaine-online-98-8-pure-online","19":"product_tag-powdered-cocaine-online-98-8-pure-powdered-cocaine-online-98-8-pure-supplier","20":"product_tag-powdered-cocaine-online-98-8-pure-store","21":"product_tag-powdered-cocaine-online-98-8-pure-use","22":"product_tag-powdered-cocaine-online-98-8-pure-wiki","23":"product_tag-powdered-cocaine-online-98-8-pure-worldwide","24":"product_tag-powdered-cocaine-online-98-8-pureprice","25":"product_tag-powdered-cocaine-online-98-8-pures","26":"product_tag-purcharse-powdered-cocaine-online-98-8-pure","27":"product_tag-shop-powdered-cocaine-online-98-8-pure","28":"product_tag-top-quality","29":"product_tag-where-to-buy-powdered-cocaine-online-98-8-pure","30":"product_tag-where-to-order-powdered-cocaine-online-98-8-pure","31":"product_tag-wholesale-powdered-cocaine-online-98-8-pure","32":"desktop-align-left","33":"tablet-align-left","34":"mobile-align-left","35":"ast-product-gallery-layout-horizontal","36":"ast-product-gallery-with-no-image","37":"ast-product-single-variable","38":"ast-product-tabs-layout-horizontal","39":"ast-qv-on-image","41":"first","42":"instock","43":"shipping-taxable","44":"purchasable","45":"product-type-variable"},"yoast_head":"<!-- This site is optimized with the Yoast SEO plugin v25.9 - https:\/\/yoast.com\/wordpress\/plugins\/seo\/ -->\n<title>Powdered Cocaine for Sale - Order Powdered Cocaine Online<\/title>\n<meta name=\"description\" content=\"Find premium Powdered Cocaine for sale at our online store, providing a secure platform to buy Powdered Cocaine online with ease, catering to your research needs.\" \/>\n<meta name=\"robots\" content=\"index, follow, max-snippet:-1, max-image-preview:large, max-video-preview:-1\" \/>\n<link rel=\"canonical\" href=\"https:\/\/legitgrams.com\/cs\/produkt\/objednat-praskovy-kokain-online-98-8-cisty\/\" \/>\n<meta property=\"og:locale\" content=\"cs_CZ\" \/>\n<meta property=\"og:type\" content=\"article\" \/>\n<meta property=\"og:title\" content=\"Powdered Cocaine for Sale - Order Powdered Cocaine Online\" \/>\n<meta property=\"og:description\" content=\"Find premium Powdered Cocaine for sale at our online store, providing a secure platform to buy Powdered Cocaine online with ease, catering to your research needs.\" \/>\n<meta property=\"og:url\" content=\"https:\/\/legitgrams.com\/cs\/produkt\/objednat-praskovy-kokain-online-98-8-cisty\/\" \/>\n<meta property=\"og:site_name\" content=\"Legit Grams\" \/>\n<meta property=\"article:modified_time\" content=\"2025-04-03T05:36:09+00:00\" \/>\n<meta property=\"og:image\" content=\"https:\/\/legitgrams.com\/wp-content\/uploads\/2024\/09\/order-powdered-cocaine-online-98-8-pure.jpg\" \/>\n\t<meta property=\"og:image:width\" content=\"600\" \/>\n\t<meta property=\"og:image:height\" content=\"600\" \/>\n\t<meta property=\"og:image:type\" content=\"image\/jpeg\" \/>\n<meta name=\"twitter:card\" content=\"summary_large_image\" \/>\n<meta name=\"twitter:label1\" content=\"Odhadovan\u00e1 doba \u010dten\u00ed\" \/>\n\t<meta name=\"twitter:data1\" content=\"3 minuty\" \/>\n<script type=\"application\/ld+json\" class=\"yoast-schema-graph\">{\"@context\":\"https:\/\/schema.org\",\"@graph\":[{\"@type\":\"WebPage\",\"@id\":\"https:\/\/legitgrams.com\/product\/order-powdered-cocaine-online-98-8-pure\/\",\"url\":\"https:\/\/legitgrams.com\/product\/order-powdered-cocaine-online-98-8-pure\/\",\"name\":\"Powdered Cocaine for Sale - Order Powdered Cocaine Online\",\"isPartOf\":{\"@id\":\"https:\/\/legitgrams.com\/#website\"},\"primaryImageOfPage\":{\"@id\":\"https:\/\/legitgrams.com\/product\/order-powdered-cocaine-online-98-8-pure\/#primaryimage\"},\"image\":{\"@id\":\"https:\/\/legitgrams.com\/product\/order-powdered-cocaine-online-98-8-pure\/#primaryimage\"},\"thumbnailUrl\":\"https:\/\/legitgrams.com\/wp-content\/uploads\/2024\/09\/order-powdered-cocaine-online-98-8-pure.jpg\",\"datePublished\":\"2024-09-22T08:08:41+00:00\",\"dateModified\":\"2025-04-03T05:36:09+00:00\",\"description\":\"Find premium Powdered Cocaine for sale at our online store, providing a secure platform to buy Powdered Cocaine online with ease, catering to your research needs.\",\"breadcrumb\":{\"@id\":\"https:\/\/legitgrams.com\/product\/order-powdered-cocaine-online-98-8-pure\/#breadcrumb\"},\"inLanguage\":\"cs\",\"potentialAction\":[{\"@type\":\"ReadAction\",\"target\":[\"https:\/\/legitgrams.com\/product\/order-powdered-cocaine-online-98-8-pure\/\"]}]},{\"@type\":\"ImageObject\",\"inLanguage\":\"cs\",\"@id\":\"https:\/\/legitgrams.com\/product\/order-powdered-cocaine-online-98-8-pure\/#primaryimage\",\"url\":\"https:\/\/legitgrams.com\/wp-content\/uploads\/2024\/09\/order-powdered-cocaine-online-98-8-pure.jpg\",\"contentUrl\":\"https:\/\/legitgrams.com\/wp-content\/uploads\/2024\/09\/order-powdered-cocaine-online-98-8-pure.jpg\",\"width\":600,\"height\":600,\"caption\":\"Powdered Cocaine for Sale\"},{\"@type\":\"BreadcrumbList\",\"@id\":\"https:\/\/legitgrams.com\/product\/order-powdered-cocaine-online-98-8-pure\/#breadcrumb\",\"itemListElement\":[{\"@type\":\"ListItem\",\"position\":1,\"name\":\"Home\",\"item\":\"https:\/\/legitgrams.com\/\"},{\"@type\":\"ListItem\",\"position\":2,\"name\":\"Shop\",\"item\":\"https:\/\/legitgrams.com\/shop\/\"},{\"@type\":\"ListItem\",\"position\":3,\"name\":\"Buy Powdered cocaine online 98.8% pure\"}]},{\"@type\":\"WebSite\",\"@id\":\"https:\/\/legitgrams.com\/#website\",\"url\":\"https:\/\/legitgrams.com\/\",\"name\":\"Legit Grams\",\"description\":\"My WordPress Blog\",\"publisher\":{\"@id\":\"https:\/\/legitgrams.com\/#organization\"},\"potentialAction\":[{\"@type\":\"SearchAction\",\"target\":{\"@type\":\"EntryPoint\",\"urlTemplate\":\"https:\/\/legitgrams.com\/?s={search_term_string}\"},\"query-input\":{\"@type\":\"PropertyValueSpecification\",\"valueRequired\":true,\"valueName\":\"search_term_string\"}}],\"inLanguage\":\"cs\"},{\"@type\":\"Organization\",\"@id\":\"https:\/\/legitgrams.com\/#organization\",\"name\":\"Legit Grams\",\"url\":\"https:\/\/legitgrams.com\/\",\"logo\":{\"@type\":\"ImageObject\",\"inLanguage\":\"cs\",\"@id\":\"https:\/\/legitgrams.com\/#\/schema\/logo\/image\/\",\"url\":\"https:\/\/legitgrams.com\/wp-content\/uploads\/2024\/09\/main-logo.png\",\"contentUrl\":\"https:\/\/legitgrams.com\/wp-content\/uploads\/2024\/09\/main-logo.png\",\"width\":270,\"height\":75,\"caption\":\"Legit Grams\"},\"image\":{\"@id\":\"https:\/\/legitgrams.com\/#\/schema\/logo\/image\/\"}}]}<\/script>\n<!-- \/ Yoast SEO plugin. -->","yoast_head_json":{"title":"Kokain v pr\u00e1\u0161ku na prodej - objednat kokain v pr\u00e1\u0161ku online","description":"Najd\u011bte pr\u00e9miov\u00fd pr\u00e1\u0161kov\u00fd kokain na prodej v na\u0161em internetov\u00e9m obchod\u011b, kter\u00fd poskytuje bezpe\u010dnou platformu pro snadn\u00fd n\u00e1kup pr\u00e1\u0161kov\u00e9ho kokainu online a uspokoj\u00ed va\u0161e v\u00fdzkumn\u00e9 pot\u0159eby.","robots":{"index":"index","follow":"follow","max-snippet":"max-snippet:-1","max-image-preview":"max-image-preview:large","max-video-preview":"max-video-preview:-1"},"canonical":"https:\/\/legitgrams.com\/cs\/produkt\/objednat-praskovy-kokain-online-98-8-cisty\/","og_locale":"cs_CZ","og_type":"article","og_title":"Powdered Cocaine for Sale - Order Powdered Cocaine Online","og_description":"Find premium Powdered Cocaine for sale at our online store, providing a secure platform to buy Powdered Cocaine online with ease, catering to your research needs.","og_url":"https:\/\/legitgrams.com\/cs\/produkt\/objednat-praskovy-kokain-online-98-8-cisty\/","og_site_name":"Legit Grams","article_modified_time":"2025-04-03T05:36:09+00:00","og_image":[{"width":600,"height":600,"url":"https:\/\/legitgrams.com\/wp-content\/uploads\/2024\/09\/order-powdered-cocaine-online-98-8-pure.jpg","type":"image\/jpeg"}],"twitter_card":"summary_large_image","twitter_misc":{"Odhadovan\u00e1 doba \u010dten\u00ed":"3 minuty"},"schema":{"@context":"https:\/\/schema.org","@graph":[{"@type":"WebPage","@id":"https:\/\/legitgrams.com\/product\/order-powdered-cocaine-online-98-8-pure\/","url":"https:\/\/legitgrams.com\/product\/order-powdered-cocaine-online-98-8-pure\/","name":"Kokain v pr\u00e1\u0161ku na prodej - objednat kokain v pr\u00e1\u0161ku online","isPartOf":{"@id":"https:\/\/legitgrams.com\/#website"},"primaryImageOfPage":{"@id":"https:\/\/legitgrams.com\/product\/order-powdered-cocaine-online-98-8-pure\/#primaryimage"},"image":{"@id":"https:\/\/legitgrams.com\/product\/order-powdered-cocaine-online-98-8-pure\/#primaryimage"},"thumbnailUrl":"https:\/\/legitgrams.com\/wp-content\/uploads\/2024\/09\/order-powdered-cocaine-online-98-8-pure.jpg","datePublished":"2024-09-22T08:08:41+00:00","dateModified":"2025-04-03T05:36:09+00:00","description":"Najd\u011bte pr\u00e9miov\u00fd pr\u00e1\u0161kov\u00fd kokain na prodej v na\u0161em internetov\u00e9m obchod\u011b, kter\u00fd poskytuje bezpe\u010dnou platformu pro snadn\u00fd n\u00e1kup pr\u00e1\u0161kov\u00e9ho kokainu online a uspokoj\u00ed va\u0161e v\u00fdzkumn\u00e9 pot\u0159eby.","breadcrumb":{"@id":"https:\/\/legitgrams.com\/product\/order-powdered-cocaine-online-98-8-pure\/#breadcrumb"},"inLanguage":"cs","potentialAction":[{"@type":"ReadAction","target":["https:\/\/legitgrams.com\/product\/order-powdered-cocaine-online-98-8-pure\/"]}]},{"@type":"ImageObject","inLanguage":"cs","@id":"https:\/\/legitgrams.com\/product\/order-powdered-cocaine-online-98-8-pure\/#primaryimage","url":"https:\/\/legitgrams.com\/wp-content\/uploads\/2024\/09\/order-powdered-cocaine-online-98-8-pure.jpg","contentUrl":"https:\/\/legitgrams.com\/wp-content\/uploads\/2024\/09\/order-powdered-cocaine-online-98-8-pure.jpg","width":600,"height":600,"caption":"Powdered Cocaine for Sale"},{"@type":"BreadcrumbList","@id":"https:\/\/legitgrams.com\/product\/order-powdered-cocaine-online-98-8-pure\/#breadcrumb","itemListElement":[{"@type":"ListItem","position":1,"name":"Home","item":"https:\/\/legitgrams.com\/"},{"@type":"ListItem","position":2,"name":"Shop","item":"https:\/\/legitgrams.com\/shop\/"},{"@type":"ListItem","position":3,"name":"Buy Powdered cocaine online 98.8% pure"}]},{"@type":"WebSite","@id":"https:\/\/legitgrams.com\/#website","url":"https:\/\/legitgrams.com\/","name":"Leg\u00e1ln\u00ed gramy","description":"M\u016fj blog WordPress","publisher":{"@id":"https:\/\/legitgrams.com\/#organization"},"potentialAction":[{"@type":"SearchAction","target":{"@type":"EntryPoint","urlTemplate":"https:\/\/legitgrams.com\/?s={search_term_string}"},"query-input":{"@type":"PropertyValueSpecification","valueRequired":true,"valueName":"search_term_string"}}],"inLanguage":"cs"},{"@type":"Organization","@id":"https:\/\/legitgrams.com\/#organization","name":"Leg\u00e1ln\u00ed gramy","url":"https:\/\/legitgrams.com\/","logo":{"@type":"ImageObject","inLanguage":"cs","@id":"https:\/\/legitgrams.com\/#\/schema\/logo\/image\/","url":"https:\/\/legitgrams.com\/wp-content\/uploads\/2024\/09\/main-logo.png","contentUrl":"https:\/\/legitgrams.com\/wp-content\/uploads\/2024\/09\/main-logo.png","width":270,"height":75,"caption":"Legit Grams"},"image":{"@id":"https:\/\/legitgrams.com\/#\/schema\/logo\/image\/"}}]}},"uagb_featured_image_src":{"full":["https:\/\/legitgrams.com\/wp-content\/uploads\/2024\/09\/order-powdered-cocaine-online-98-8-pure.jpg",600,600,false],"thumbnail":["https:\/\/legitgrams.com\/wp-content\/uploads\/2024\/09\/order-powdered-cocaine-online-98-8-pure-150x150.jpg",150,150,true],"medium":["https:\/\/legitgrams.com\/wp-content\/uploads\/2024\/09\/order-powdered-cocaine-online-98-8-pure-300x300.jpg",300,300,true],"medium_large":["https:\/\/legitgrams.com\/wp-content\/uploads\/2024\/09\/order-powdered-cocaine-online-98-8-pure.jpg",600,600,false],"large":["https:\/\/legitgrams.com\/wp-content\/uploads\/2024\/09\/order-powdered-cocaine-online-98-8-pure.jpg",600,600,false],"1536x1536":["https:\/\/legitgrams.com\/wp-content\/uploads\/2024\/09\/order-powdered-cocaine-online-98-8-pure.jpg",600,600,false],"2048x2048":["https:\/\/legitgrams.com\/wp-content\/uploads\/2024\/09\/order-powdered-cocaine-online-98-8-pure.jpg",600,600,false],"trp-custom-language-flag":["https:\/\/legitgrams.com\/wp-content\/uploads\/2024\/09\/order-powdered-cocaine-online-98-8-pure-12x12.jpg",12,12,true],"woocommerce_thumbnail":["https:\/\/legitgrams.com\/wp-content\/uploads\/2024\/09\/order-powdered-cocaine-online-98-8-pure-300x300.jpg",300,300,true],"woocommerce_single":["https:\/\/legitgrams.com\/wp-content\/uploads\/2024\/09\/order-powdered-cocaine-online-98-8-pure.jpg",600,600,false],"woocommerce_gallery_thumbnail":["https:\/\/legitgrams.com\/wp-content\/uploads\/2024\/09\/order-powdered-cocaine-online-98-8-pure-100x100.jpg",100,100,true]},"uagb_author_info":{"display_name":"cokeblog18","author_link":"https:\/\/legitgrams.com\/cs\/author\/"},"uagb_comment_info":0,"uagb_excerpt":"Purchase and order cocaine powder online. The most popular form of cocaine is cocaine powder. For this reason, it is also referred to as a street drug. The Coca plants, which are primarily found in Southern countries, are used to make this powder. It is a potent stimulant that acts directly on the central brain&hellip;","_links":{"self":[{"href":"https:\/\/legitgrams.com\/cs\/wp-json\/wp\/v2\/product\/4270","targetHints":{"allow":["GET"]}}],"collection":[{"href":"https:\/\/legitgrams.com\/cs\/wp-json\/wp\/v2\/product"}],"about":[{"href":"https:\/\/legitgrams.com\/cs\/wp-json\/wp\/v2\/types\/product"}],"replies":[{"embeddable":true,"href":"https:\/\/legitgrams.com\/cs\/wp-json\/wp\/v2\/comments?post=4270"}],"wp:featuredmedia":[{"embeddable":true,"href":"https:\/\/legitgrams.com\/cs\/wp-json\/wp\/v2\/media\/5333"}],"wp:attachment":[{"href":"https:\/\/legitgrams.com\/cs\/wp-json\/wp\/v2\/media?parent=4270"}],"wp:term":[{"taxonomy":"product_brand","embeddable":true,"href":"https:\/\/legitgrams.com\/cs\/wp-json\/wp\/v2\/product_brand?post=4270"},{"taxonomy":"product_cat","embeddable":true,"href":"https:\/\/legitgrams.com\/cs\/wp-json\/wp\/v2\/product_cat?post=4270"},{"taxonomy":"product_tag","embeddable":true,"href":"https:\/\/legitgrams.com\/cs\/wp-json\/wp\/v2\/product_tag?post=4270"}],"curies":[{"name":"wp","href":"https:\/\/api.w.org\/{rel}","templated":true}]}}