{"id":4271,"date":"2024-09-22T08:12:26","date_gmt":"2024-09-22T08:12:26","guid":{"rendered":"https:\/\/legitgrams.com\/?post_type=product&#038;p=4271"},"modified":"2025-01-14T07:13:04","modified_gmt":"2025-01-14T07:13:04","slug":"ketaminovy-prasek","status":"publish","type":"product","link":"https:\/\/legitgrams.com\/cs\/produkt\/ketaminovy-prasek\/","title":{"rendered":"Ketaminov\u00fd pr\u00e1\u0161ek"},"content":{"rendered":"<h2>Kupte si ketaminov\u00fd pr\u00e1\u0161ek online<\/h2>\n<p>N\u00e1kup <a href=\"https:\/\/legitgrams.com\/cs\/produkt\/ketaminovy-prasek\/\">Krystalick\u00fd ketamin<\/a> je halucinogen, kter\u00fd zp\u016fsobuje, \u017ee \u010dlov\u011bk ztr\u00e1c\u00ed kontakt s realitou. Veterin\u00e1rn\u00ed slu\u017eba odklonila v\u011bt\u0161inu ketaminu prod\u00e1van\u00e9ho na ulici. Ketamin a PCP maj\u00ed t\u00e9m\u011b\u0159 identick\u00e9 chemick\u00e9 struktury a zp\u016fsoby \u00fa\u010dinku.<\/p>\n<p>Krom\u011b toho se v l\u00e9ka\u0159stv\u00ed b\u011b\u017en\u011b pou\u017e\u00edvaj\u00ed halucinogeny a kr\u00e1tkodob\u011b p\u016fsob\u00edc\u00ed disocia\u010dn\u00ed anestetika. \u010casto se pod\u00e1v\u00e1 v anestetick\u00fdch mno\u017estv\u00edch pro pobaven\u00ed a je typick\u00fdm disociativn\u00edm l\u00e9kem. V\u011bt\u0161\u00ed mno\u017estv\u00ed paralyzuje a vytv\u00e1\u0159\u00ed psychedelick\u00fd z\u00e1\u017eitek, zat\u00edmco men\u0161\u00ed d\u00e1vky jsou podobn\u00e9 alkoholu: \u201eK-d\u00edra\u201c. Kupte si krystaly ketaminu. <a href=\"https:\/\/legitgrams.com\/cs\/\">LegitGrams<\/a><\/p>\n<p>Kde koupit ketaminov\u00fd pr\u00e1\u0161ek: USA, Kanada, Velk\u00e1 Brit\u00e1nie, dodavatel\u00e9, bezpe\u010dn\u00e1 doprava, kde koupit ketaminov\u00fd pr\u00e1\u0161ek, ketaminov\u00fd pr\u00e1\u0161ek a jak koupit pr\u00e1\u0161kov\u00fd ketamin online na prodej, kde koupit ketaminov\u00fd pr\u00e1\u0161ek online, kde koupit pr\u00e1\u0161ek online, pr\u00e1\u0161kov\u00e9 ketamin je st\u00e1le k dispozici ke koupi. Je p\u0159ijateln\u00e9 koupit ketaminov\u00fd pr\u00e1\u0161ek online v USA? Je leg\u00e1ln\u00ed objedn\u00e1vat ketaminov\u00fd pr\u00e1\u0161ek v Kanad\u011b a jak to mohu ud\u011blat? Koupit pr\u00e1\u0161kov\u00fd ketamin online: Koupit pr\u00e1\u0161kov\u00fd ketamin online, kde koupit ketaminov\u00fd pr\u00e1\u0161ek online, kde koupit <a href=\"https:\/\/en.wikipedia.org\/wiki\/Ketamine\">Ketamin<\/a> Powder Online, USA, Kanada, Velk\u00e1 Brit\u00e1nie, n\u00e1kup, dodavatel\u00e9, online, bezpe\u010dn\u00e9 doru\u010den\u00ed, pr\u00e1\u0161kov\u00fd ketamin je st\u00e1le k dispozici. Krom\u011b toho se m\u016f\u017eete dozv\u011bd\u011bt, jak si objednat ketaminov\u00fd pr\u00e1\u0161ek, zda je to leg\u00e1ln\u00ed v Kanad\u011b a zda je to leg\u00e1ln\u00ed v USA.<\/p>\n<h2><\/h2>\n<h2><\/h2>\n<p>&nbsp;<\/p>","protected":false},"excerpt":{"rendered":"<p>Purchase Ketamine Powder Online Purchase Crystal Ketamine is a hallucinogen that causes a person to lose touch with reality. The veterinary service has diverted the majority of the ketamine sold on the street. Ketamine and PCP have nearly identical chemical structures and modes of action. Additionally, hallucinogens and short-acting dissociative anesthetics are commonly employed in &hellip;<\/p>\n<p class=\"read-more\"> <a class=\"\" href=\"https:\/\/legitgrams.com\/cs\/produkt\/ketaminovy-prasek\/\"> <span class=\"screen-reader-text\">Ketaminov\u00fd pr\u00e1\u0161ek<\/span> \u010c\u00edst d\u00e1l \"<\/a><\/p>","protected":false},"featured_media":5183,"comment_status":"open","ping_status":"closed","template":"","meta":{"_uag_custom_page_level_css":"","site-sidebar-layout":"default","site-content-layout":"default","ast-global-header-display":"","ast-main-header-display":"","ast-hfb-above-header-display":"","ast-hfb-below-header-display":"","ast-hfb-mobile-header-display":"","site-post-title":"","ast-breadcrumbs-content":"","ast-featured-img":"","footer-sml-layout":"","theme-transparent-header-meta":"default","adv-header-id-meta":"","stick-header-meta":"default","header-above-stick-meta":"","header-main-stick-meta":"","header-below-stick-meta":"","_joinchat":[]},"product_brand":[],"product_cat":[595],"product_tag":[1338,1328,617,1320,1335,1332,1327,1319,1322,1323,1330,1321,1333,1340,1341,1339,1331,1336,1325,1337,1334,625,1326,1329,1324],"class_list":{"0":"post-4271","1":"product","2":"type-product","3":"status-publish","4":"has-post-thumbnail","6":"product_cat-psychedelic-drugs","7":"product_tag-best-cheap-price-ketamine-powder","8":"product_tag-best-place-to-buy-ketamine-powder","9":"product_tag-bulk-online","10":"product_tag-buy-ketamine-powder","11":"product_tag-cheap-ketamine-powder","12":"product_tag-high-quality-ketamine-powder","13":"product_tag-how-to-buy-ketamine-powder","14":"product_tag-ketamine-powder","15":"product_tag-ketamine-powder-for-sale","16":"product_tag-ketamine-powder-ketamine-powder-supplier","17":"product_tag-ketamine-powder-legally","18":"product_tag-ketamine-powder-online","19":"product_tag-ketamine-powder-store","20":"product_tag-ketamine-powder-use","21":"product_tag-ketamine-powder-wiki","22":"product_tag-ketamine-powder-worldwide","23":"product_tag-ketamine-powderprice","24":"product_tag-ketamine-powders","25":"product_tag-order-ketamine-powder","26":"product_tag-purcharse-ketamine-powder","27":"product_tag-shop-ketamine-powder","28":"product_tag-top-quality","29":"product_tag-where-to-buy-ketamine-powder","30":"product_tag-where-to-order-ketamine-powder","31":"product_tag-wholesale-ketamine-powder","32":"desktop-align-left","33":"tablet-align-left","34":"mobile-align-left","35":"ast-product-gallery-layout-horizontal","36":"ast-product-gallery-with-no-image","37":"ast-product-single-variable","38":"ast-product-tabs-layout-horizontal","39":"ast-qv-on-image","41":"first","42":"instock","43":"shipping-taxable","44":"purchasable","45":"product-type-variable"},"yoast_head":"<!-- This site is optimized with the Yoast SEO plugin v25.9 - https:\/\/yoast.com\/wordpress\/plugins\/seo\/ -->\n<title>Ketamine Powder for Sale - Order Ketamine Powder Online<\/title>\n<meta name=\"description\" content=\"You can get in touch with our Legitgrams store and buy Ketamine Powder online. We have Ketamine Powder for sale at cheap prices. Get yours at your place right away!\" \/>\n<meta name=\"robots\" content=\"index, follow, max-snippet:-1, max-image-preview:large, max-video-preview:-1\" \/>\n<link rel=\"canonical\" href=\"https:\/\/legitgrams.com\/cs\/produkt\/ketaminovy-prasek\/\" \/>\n<meta property=\"og:locale\" content=\"cs_CZ\" \/>\n<meta property=\"og:type\" content=\"article\" \/>\n<meta property=\"og:title\" content=\"Ketamine Powder for Sale - Order Ketamine Powder Online\" \/>\n<meta property=\"og:description\" content=\"You can get in touch with our Legitgrams store and buy Ketamine Powder online. We have Ketamine Powder for sale at cheap prices. Get yours at your place right away!\" \/>\n<meta property=\"og:url\" content=\"https:\/\/legitgrams.com\/cs\/produkt\/ketaminovy-prasek\/\" \/>\n<meta property=\"og:site_name\" content=\"Legit Grams\" \/>\n<meta property=\"article:modified_time\" content=\"2025-01-14T07:13:04+00:00\" \/>\n<meta property=\"og:image\" content=\"https:\/\/legitgrams.com\/wp-content\/uploads\/2024\/09\/ketamine-powder.jpg\" \/>\n\t<meta property=\"og:image:width\" content=\"600\" \/>\n\t<meta property=\"og:image:height\" content=\"600\" \/>\n\t<meta property=\"og:image:type\" content=\"image\/jpeg\" \/>\n<meta name=\"twitter:card\" content=\"summary_large_image\" \/>\n<meta name=\"twitter:label1\" content=\"Odhadovan\u00e1 doba \u010dten\u00ed\" \/>\n\t<meta name=\"twitter:data1\" content=\"3 minuty\" \/>\n<script type=\"application\/ld+json\" class=\"yoast-schema-graph\">{\"@context\":\"https:\/\/schema.org\",\"@graph\":[{\"@type\":\"WebPage\",\"@id\":\"https:\/\/legitgrams.com\/product\/ketamine-powder\/\",\"url\":\"https:\/\/legitgrams.com\/product\/ketamine-powder\/\",\"name\":\"Ketamine Powder for Sale - Order Ketamine Powder Online\",\"isPartOf\":{\"@id\":\"https:\/\/legitgrams.com\/#website\"},\"primaryImageOfPage\":{\"@id\":\"https:\/\/legitgrams.com\/product\/ketamine-powder\/#primaryimage\"},\"image\":{\"@id\":\"https:\/\/legitgrams.com\/product\/ketamine-powder\/#primaryimage\"},\"thumbnailUrl\":\"https:\/\/legitgrams.com\/wp-content\/uploads\/2024\/09\/ketamine-powder.jpg\",\"datePublished\":\"2024-09-22T08:12:26+00:00\",\"dateModified\":\"2025-01-14T07:13:04+00:00\",\"description\":\"You can get in touch with our Legitgrams store and buy Ketamine Powder online. We have Ketamine Powder for sale at cheap prices. Get yours at your place right away!\",\"breadcrumb\":{\"@id\":\"https:\/\/legitgrams.com\/product\/ketamine-powder\/#breadcrumb\"},\"inLanguage\":\"cs\",\"potentialAction\":[{\"@type\":\"ReadAction\",\"target\":[\"https:\/\/legitgrams.com\/product\/ketamine-powder\/\"]}]},{\"@type\":\"ImageObject\",\"inLanguage\":\"cs\",\"@id\":\"https:\/\/legitgrams.com\/product\/ketamine-powder\/#primaryimage\",\"url\":\"https:\/\/legitgrams.com\/wp-content\/uploads\/2024\/09\/ketamine-powder.jpg\",\"contentUrl\":\"https:\/\/legitgrams.com\/wp-content\/uploads\/2024\/09\/ketamine-powder.jpg\",\"width\":600,\"height\":600,\"caption\":\"Ketamine Powder for Sale\"},{\"@type\":\"BreadcrumbList\",\"@id\":\"https:\/\/legitgrams.com\/product\/ketamine-powder\/#breadcrumb\",\"itemListElement\":[{\"@type\":\"ListItem\",\"position\":1,\"name\":\"Home\",\"item\":\"https:\/\/legitgrams.com\/\"},{\"@type\":\"ListItem\",\"position\":2,\"name\":\"Shop\",\"item\":\"https:\/\/legitgrams.com\/shop\/\"},{\"@type\":\"ListItem\",\"position\":3,\"name\":\"Ketamine Powder\"}]},{\"@type\":\"WebSite\",\"@id\":\"https:\/\/legitgrams.com\/#website\",\"url\":\"https:\/\/legitgrams.com\/\",\"name\":\"Legit Grams\",\"description\":\"My WordPress Blog\",\"publisher\":{\"@id\":\"https:\/\/legitgrams.com\/#organization\"},\"potentialAction\":[{\"@type\":\"SearchAction\",\"target\":{\"@type\":\"EntryPoint\",\"urlTemplate\":\"https:\/\/legitgrams.com\/?s={search_term_string}\"},\"query-input\":{\"@type\":\"PropertyValueSpecification\",\"valueRequired\":true,\"valueName\":\"search_term_string\"}}],\"inLanguage\":\"cs\"},{\"@type\":\"Organization\",\"@id\":\"https:\/\/legitgrams.com\/#organization\",\"name\":\"Legit Grams\",\"url\":\"https:\/\/legitgrams.com\/\",\"logo\":{\"@type\":\"ImageObject\",\"inLanguage\":\"cs\",\"@id\":\"https:\/\/legitgrams.com\/#\/schema\/logo\/image\/\",\"url\":\"https:\/\/legitgrams.com\/wp-content\/uploads\/2024\/09\/main-logo.png\",\"contentUrl\":\"https:\/\/legitgrams.com\/wp-content\/uploads\/2024\/09\/main-logo.png\",\"width\":270,\"height\":75,\"caption\":\"Legit Grams\"},\"image\":{\"@id\":\"https:\/\/legitgrams.com\/#\/schema\/logo\/image\/\"}}]}<\/script>\n<!-- \/ Yoast SEO plugin. -->","yoast_head_json":{"title":"Ketaminov\u00fd pr\u00e1\u0161ek na prodej - objednat ketaminov\u00fd pr\u00e1\u0161ek online","description":"M\u016f\u017eete se spojit s na\u0161\u00edm obchodem Legitgrams a koupit si ketaminov\u00fd pr\u00e1\u0161ek online. M\u00e1me Ketaminov\u00fd pr\u00e1\u0161ek na prodej za levn\u00e9 ceny. Z\u00edskejte sv\u016fj u v\u00e1s ihned!","robots":{"index":"index","follow":"follow","max-snippet":"max-snippet:-1","max-image-preview":"max-image-preview:large","max-video-preview":"max-video-preview:-1"},"canonical":"https:\/\/legitgrams.com\/cs\/produkt\/ketaminovy-prasek\/","og_locale":"cs_CZ","og_type":"article","og_title":"Ketamine Powder for Sale - Order Ketamine Powder Online","og_description":"You can get in touch with our Legitgrams store and buy Ketamine Powder online. We have Ketamine Powder for sale at cheap prices. Get yours at your place right away!","og_url":"https:\/\/legitgrams.com\/cs\/produkt\/ketaminovy-prasek\/","og_site_name":"Legit Grams","article_modified_time":"2025-01-14T07:13:04+00:00","og_image":[{"width":600,"height":600,"url":"https:\/\/legitgrams.com\/wp-content\/uploads\/2024\/09\/ketamine-powder.jpg","type":"image\/jpeg"}],"twitter_card":"summary_large_image","twitter_misc":{"Odhadovan\u00e1 doba \u010dten\u00ed":"3 minuty"},"schema":{"@context":"https:\/\/schema.org","@graph":[{"@type":"WebPage","@id":"https:\/\/legitgrams.com\/product\/ketamine-powder\/","url":"https:\/\/legitgrams.com\/product\/ketamine-powder\/","name":"Ketaminov\u00fd pr\u00e1\u0161ek na prodej - objednat ketaminov\u00fd pr\u00e1\u0161ek online","isPartOf":{"@id":"https:\/\/legitgrams.com\/#website"},"primaryImageOfPage":{"@id":"https:\/\/legitgrams.com\/product\/ketamine-powder\/#primaryimage"},"image":{"@id":"https:\/\/legitgrams.com\/product\/ketamine-powder\/#primaryimage"},"thumbnailUrl":"https:\/\/legitgrams.com\/wp-content\/uploads\/2024\/09\/ketamine-powder.jpg","datePublished":"2024-09-22T08:12:26+00:00","dateModified":"2025-01-14T07:13:04+00:00","description":"M\u016f\u017eete se spojit s na\u0161\u00edm obchodem Legitgrams a koupit si ketaminov\u00fd pr\u00e1\u0161ek online. M\u00e1me Ketaminov\u00fd pr\u00e1\u0161ek na prodej za levn\u00e9 ceny. Z\u00edskejte sv\u016fj u v\u00e1s ihned!","breadcrumb":{"@id":"https:\/\/legitgrams.com\/product\/ketamine-powder\/#breadcrumb"},"inLanguage":"cs","potentialAction":[{"@type":"ReadAction","target":["https:\/\/legitgrams.com\/product\/ketamine-powder\/"]}]},{"@type":"ImageObject","inLanguage":"cs","@id":"https:\/\/legitgrams.com\/product\/ketamine-powder\/#primaryimage","url":"https:\/\/legitgrams.com\/wp-content\/uploads\/2024\/09\/ketamine-powder.jpg","contentUrl":"https:\/\/legitgrams.com\/wp-content\/uploads\/2024\/09\/ketamine-powder.jpg","width":600,"height":600,"caption":"Ketamine Powder for Sale"},{"@type":"BreadcrumbList","@id":"https:\/\/legitgrams.com\/product\/ketamine-powder\/#breadcrumb","itemListElement":[{"@type":"ListItem","position":1,"name":"Home","item":"https:\/\/legitgrams.com\/"},{"@type":"ListItem","position":2,"name":"Shop","item":"https:\/\/legitgrams.com\/shop\/"},{"@type":"ListItem","position":3,"name":"Ketamine Powder"}]},{"@type":"WebSite","@id":"https:\/\/legitgrams.com\/#website","url":"https:\/\/legitgrams.com\/","name":"Leg\u00e1ln\u00ed gramy","description":"M\u016fj blog WordPress","publisher":{"@id":"https:\/\/legitgrams.com\/#organization"},"potentialAction":[{"@type":"SearchAction","target":{"@type":"EntryPoint","urlTemplate":"https:\/\/legitgrams.com\/?s={search_term_string}"},"query-input":{"@type":"PropertyValueSpecification","valueRequired":true,"valueName":"search_term_string"}}],"inLanguage":"cs"},{"@type":"Organization","@id":"https:\/\/legitgrams.com\/#organization","name":"Leg\u00e1ln\u00ed gramy","url":"https:\/\/legitgrams.com\/","logo":{"@type":"ImageObject","inLanguage":"cs","@id":"https:\/\/legitgrams.com\/#\/schema\/logo\/image\/","url":"https:\/\/legitgrams.com\/wp-content\/uploads\/2024\/09\/main-logo.png","contentUrl":"https:\/\/legitgrams.com\/wp-content\/uploads\/2024\/09\/main-logo.png","width":270,"height":75,"caption":"Legit Grams"},"image":{"@id":"https:\/\/legitgrams.com\/#\/schema\/logo\/image\/"}}]}},"uagb_featured_image_src":{"full":["https:\/\/legitgrams.com\/wp-content\/uploads\/2024\/09\/ketamine-powder.jpg",600,600,false],"thumbnail":["https:\/\/legitgrams.com\/wp-content\/uploads\/2024\/09\/ketamine-powder-150x150.jpg",150,150,true],"medium":["https:\/\/legitgrams.com\/wp-content\/uploads\/2024\/09\/ketamine-powder-300x300.jpg",300,300,true],"medium_large":["https:\/\/legitgrams.com\/wp-content\/uploads\/2024\/09\/ketamine-powder.jpg",600,600,false],"large":["https:\/\/legitgrams.com\/wp-content\/uploads\/2024\/09\/ketamine-powder.jpg",600,600,false],"1536x1536":["https:\/\/legitgrams.com\/wp-content\/uploads\/2024\/09\/ketamine-powder.jpg",600,600,false],"2048x2048":["https:\/\/legitgrams.com\/wp-content\/uploads\/2024\/09\/ketamine-powder.jpg",600,600,false],"trp-custom-language-flag":["https:\/\/legitgrams.com\/wp-content\/uploads\/2024\/09\/ketamine-powder-12x12.jpg",12,12,true],"woocommerce_thumbnail":["https:\/\/legitgrams.com\/wp-content\/uploads\/2024\/09\/ketamine-powder-300x300.jpg",300,300,true],"woocommerce_single":["https:\/\/legitgrams.com\/wp-content\/uploads\/2024\/09\/ketamine-powder.jpg",600,600,false],"woocommerce_gallery_thumbnail":["https:\/\/legitgrams.com\/wp-content\/uploads\/2024\/09\/ketamine-powder-100x100.jpg",100,100,true]},"uagb_author_info":{"display_name":"cokeblog18","author_link":"https:\/\/legitgrams.com\/cs\/author\/"},"uagb_comment_info":0,"uagb_excerpt":"Purchase Ketamine Powder Online Purchase Crystal Ketamine is a hallucinogen that causes a person to lose touch with reality. The veterinary service has diverted the majority of the ketamine sold on the street. Ketamine and PCP have nearly identical chemical structures and modes of action. Additionally, hallucinogens and short-acting dissociative anesthetics are commonly employed in&hellip;","_links":{"self":[{"href":"https:\/\/legitgrams.com\/cs\/wp-json\/wp\/v2\/product\/4271","targetHints":{"allow":["GET"]}}],"collection":[{"href":"https:\/\/legitgrams.com\/cs\/wp-json\/wp\/v2\/product"}],"about":[{"href":"https:\/\/legitgrams.com\/cs\/wp-json\/wp\/v2\/types\/product"}],"replies":[{"embeddable":true,"href":"https:\/\/legitgrams.com\/cs\/wp-json\/wp\/v2\/comments?post=4271"}],"wp:featuredmedia":[{"embeddable":true,"href":"https:\/\/legitgrams.com\/cs\/wp-json\/wp\/v2\/media\/5183"}],"wp:attachment":[{"href":"https:\/\/legitgrams.com\/cs\/wp-json\/wp\/v2\/media?parent=4271"}],"wp:term":[{"taxonomy":"product_brand","embeddable":true,"href":"https:\/\/legitgrams.com\/cs\/wp-json\/wp\/v2\/product_brand?post=4271"},{"taxonomy":"product_cat","embeddable":true,"href":"https:\/\/legitgrams.com\/cs\/wp-json\/wp\/v2\/product_cat?post=4271"},{"taxonomy":"product_tag","embeddable":true,"href":"https:\/\/legitgrams.com\/cs\/wp-json\/wp\/v2\/product_tag?post=4271"}],"curies":[{"name":"wp","href":"https:\/\/api.w.org\/{rel}","templated":true}]}}