{"id":4272,"date":"2024-09-22T08:15:29","date_gmt":"2024-09-22T08:15:29","guid":{"rendered":"https:\/\/legitgrams.com\/?post_type=product&#038;p=4272"},"modified":"2025-03-05T08:22:03","modified_gmt":"2025-03-05T08:22:03","slug":"objednat-bile-pilulky-mercedes-ecstasy","status":"publish","type":"product","link":"https:\/\/legitgrams.com\/cs\/produkt\/objednat-bile-pilulky-mercedes-ecstasy\/","title":{"rendered":"Koupit Objednejte si pilulky ext\u00e1ze White Mercedes online"},"content":{"rendered":"<h2>Kupte si White Mercedes euphorics online.<br \/>\nB\u00edl\u00e9 pilulky ext\u00e1ze Mercedes v d\u00e1vce 295 mg lze zakoupit online.<\/h2>\n<p>Barva \u0161pinav\u011b b\u00edl\u00e1<\/p>\n<p><a href=\"https:\/\/www.bing.com\/search?q=KoupitObjednejtesipilulkyextzeWhiteMercedesonline&amp;qs=n&amp;form=QBRE&amp;sp=-1&amp;lq=0&amp;pq=koupitobjednejtesipilulkyextzewhitemercedesonline&amp;sc=0-57&amp;sk=&amp;cvid=181FADC15B2A4D8E83C9229302B9D61C&amp;ghsh=0&amp;ghacc=0&amp;ghpl=\">M\u00edry: 295 mg<\/a><\/p>\n<p>V\u011bt\u0161ina <a href=\"https:\/\/www.google.com\/search?q=Koupit+Objednejte+si+pilulky+extze+White+Mercedes+online&amp;sca_esv=eddefdb7b92e7545&amp;sxsrf=AHTn8zq2yLG-Rr5vDnYiTWGJiTgTUhNWwg1743657531390&amp;ei=OxruZ4HMF6yB0PEP4YWUsQM&amp;ved=0ahUKEwjB1ZK-jruMAxWsADQIHeECJTYQ4dUDCBA&amp;uact=5&amp;oq=Koupit+Objednejte+si+pilulky+extze+White+Mercedes+online&amp;gs_lp=Egxnd3Mtd2l6LXNlcnAiOktvdXBpdCBPYmplZG5lanRlIHNpIHBpbHVsa3kgZXh0w6F6ZSBXaGl0ZSBNZXJjZWRlcyBvbmxpbmUyBRAhGKABMgUQIRigATIFECEYoAEyBRAhGKABSK0DUABYAHAAeAGQAQCYAY8DoAGPA6oBAzMtMbgBA8gBAPgBAvgBAZgCAaAClgOYAwCSBwM0LTGgB50FsgcDNC0xuAeWAw&amp;sclient=gws-wiz-serp\">MDMA<\/a> u\u017eivatel\u00e9 jej konzumuj\u00ed jako kapsle nebo tablety (pr\u00e1\u0161ek z ko\u0159en\u00ed), zat\u00edmco jin\u00ed ho berou v tekut\u00e9 nebo tabletov\u00e9 form\u011b. Jako zkratka pro \u201emolekula\u201c se b\u011b\u017en\u00e9 jm\u00e9no Molly \u010dasto odkazuje na to, co je ve skute\u010dnosti \u201e\u010dist\u00e1\u201c krystalick\u00e1 pr\u00e1\u0161kov\u00e1 forma MDMA, kter\u00e1 se obvykle prod\u00e1v\u00e1 jako kapsle. Ale ti, kte\u0159\u00ed kupuj\u00ed pr\u00e1\u0161ky nebo kapsle prod\u00e1vaj\u00ed pod jm\u00e9nem <a href=\"https:\/\/duckduckgo.com\/?q=Koupit+Objednejte+si+pilulky+extze+White+Mercedes+online&amp;t=h_&amp;ia=web\">Molly<\/a> \u010dasto zjist\u00ed, \u017ee obsahuj\u00ed dal\u0161\u00ed p\u0159\u00edsady, jako je s\u016fl nebo syntetick\u00e9 katinony (tak\u00e9 zn\u00e1m\u00e9 jako \u201evany\u201c).<\/p>\n<p>N\u00e1kup ext\u00e1ze pilulky, White Mercedes ext\u00e1ze pilulky, <a href=\"https:\/\/legitgrams.com\/cs\/produkt\/objednat-bile-pilulky-mercedes-ecstasy\/\">Tablety ext\u00e1ze White Mercedes<\/a> online - objednat White Mercedes ext\u00e1ze pilulky online. Kde si mohu koupit pilulky ext\u00e1ze online? Kde si mohu koupit pilulky ext\u00e1ze online? Kde si mohu koupit pilulky ext\u00e1ze online? White Mercedes pilulky ext\u00e1ze na prodej v USA, Kanad\u011b, Velk\u00e9 Brit\u00e1nii, koupit, online, dodavatel\u00e9, bezpe\u010dn\u00e9 doru\u010den\u00ed, St\u00e1le je mo\u017en\u00e9 z\u00edskat White Mercedes pilulky ext\u00e1ze. M\u016f\u017eete tak\u00e9 zjistit, zda jsou leg\u00e1ln\u00ed ve Spojen\u00fdch st\u00e1tech, jak objednat White Mercedes <a href=\"https:\/\/en.wikipedia.org\/wiki\/Ecstasy\">ext\u00e1ze<\/a> a zda jsou v Kanad\u011b leg\u00e1ln\u00ed. <a href=\"https:\/\/legitgrams.com\/cs\/\">LegitGrams<\/a><\/p>","protected":false},"excerpt":{"rendered":"<p>Purchase White Mercedes euphorics online. White Mercedes ecstasy pills in a dosage of 295 mg are available for purchase online. Off-white in color Measurements: 295 mg The majority of MDMA users consume it as capsules or tablets (spices powder), while some others take it in liquid or tablet form. As a shorthand for &#8220;molecule,&#8221; Molly&#8217;s &hellip;<\/p>\n<p class=\"read-more\"> <a class=\"\" href=\"https:\/\/legitgrams.com\/cs\/produkt\/objednat-bile-pilulky-mercedes-ecstasy\/\"> <span class=\"screen-reader-text\">Koupit Objednejte si pilulky ext\u00e1ze White Mercedes online<\/span> \u010c\u00edst d\u00e1l \"<\/a><\/p>","protected":false},"featured_media":5201,"comment_status":"open","ping_status":"closed","template":"","meta":{"_uag_custom_page_level_css":"","site-sidebar-layout":"default","site-content-layout":"default","ast-global-header-display":"","ast-main-header-display":"","ast-hfb-above-header-display":"","ast-hfb-below-header-display":"","ast-hfb-mobile-header-display":"","site-post-title":"","ast-breadcrumbs-content":"","ast-featured-img":"","footer-sml-layout":"","theme-transparent-header-meta":"default","adv-header-id-meta":"","stick-header-meta":"default","header-above-stick-meta":"","header-main-stick-meta":"","header-below-stick-meta":"","_joinchat":[]},"product_brand":[],"product_cat":[596],"product_tag":[1315,1305,617,1297,1312,1309,1304,1302,1296,1299,1307,1298,1300,1310,1317,1318,1316,1308,1313,1314,1311,625,1303,1306,1301],"class_list":{"0":"post-4272","1":"product","2":"type-product","3":"status-publish","4":"has-post-thumbnail","6":"product_cat-ecstasy-pills-mdma","7":"product_tag-best-cheap-price-order-white-mercedes-ecstasy-pills","8":"product_tag-best-place-to-buy-order-white-mercedes-ecstasy-pills","9":"product_tag-bulk-online","10":"product_tag-buy-order-white-mercedes-ecstasy-pills","11":"product_tag-cheap-order-white-mercedes-ecstasy-pills","12":"product_tag-high-quality-order-white-mercedes-ecstasy-pills","13":"product_tag-how-to-buy-order-white-mercedes-ecstasy-pills","14":"product_tag-order-order-white-mercedes-ecstasy-pills","15":"product_tag-order-white-mercedes-ecstasy-pills","16":"product_tag-order-white-mercedes-ecstasy-pills-for-sale","17":"product_tag-order-white-mercedes-ecstasy-pills-legally","18":"product_tag-order-white-mercedes-ecstasy-pills-online","19":"product_tag-order-white-mercedes-ecstasy-pills-order-white-mercedes-ecstasy-pills-supplier","20":"product_tag-order-white-mercedes-ecstasy-pills-store","21":"product_tag-order-white-mercedes-ecstasy-pills-use","22":"product_tag-order-white-mercedes-ecstasy-pills-wiki","23":"product_tag-order-white-mercedes-ecstasy-pills-worldwide","24":"product_tag-order-white-mercedes-ecstasy-pillsprice","25":"product_tag-order-white-mercedes-ecstasy-pillss","26":"product_tag-purcharse-order-white-mercedes-ecstasy-pills","27":"product_tag-shop-order-white-mercedes-ecstasy-pills","28":"product_tag-top-quality","29":"product_tag-where-to-buy-order-white-mercedes-ecstasy-pills","30":"product_tag-where-to-order-order-white-mercedes-ecstasy-pills","31":"product_tag-wholesale-order-white-mercedes-ecstasy-pills","32":"desktop-align-left","33":"tablet-align-left","34":"mobile-align-left","35":"ast-product-gallery-layout-horizontal","36":"ast-product-gallery-with-no-image","37":"ast-product-single-variable","38":"ast-product-tabs-layout-horizontal","39":"ast-qv-on-image","41":"first","42":"instock","43":"shipping-taxable","44":"purchasable","45":"product-type-variable"},"yoast_head":"<!-- This site is optimized with the Yoast SEO plugin v25.9 - https:\/\/yoast.com\/wordpress\/plugins\/seo\/ -->\n<title>Buy White Mercedes Ecstasy Pills Online | LegitGrams<\/title>\n<meta name=\"description\" content=\"Looking for a reliable source to buy White Mercedes Ecstasy Pills online? Your search ends here. Order White Mercedes Ecstasy Pills online from our trusted store and enjoy a seamless buying process tailored for your research needs.\" \/>\n<meta name=\"robots\" content=\"index, follow, max-snippet:-1, max-image-preview:large, max-video-preview:-1\" \/>\n<link rel=\"canonical\" href=\"https:\/\/legitgrams.com\/cs\/produkt\/objednat-bile-pilulky-mercedes-ecstasy\/\" \/>\n<meta property=\"og:locale\" content=\"cs_CZ\" \/>\n<meta property=\"og:type\" content=\"article\" \/>\n<meta property=\"og:title\" content=\"Buy White Mercedes Ecstasy Pills Online | LegitGrams\" \/>\n<meta property=\"og:description\" content=\"Looking for a reliable source to buy White Mercedes Ecstasy Pills online? Your search ends here. Order White Mercedes Ecstasy Pills online from our trusted store and enjoy a seamless buying process tailored for your research needs.\" \/>\n<meta property=\"og:url\" content=\"https:\/\/legitgrams.com\/cs\/produkt\/objednat-bile-pilulky-mercedes-ecstasy\/\" \/>\n<meta property=\"og:site_name\" content=\"Legit Grams\" \/>\n<meta property=\"article:modified_time\" content=\"2025-03-05T08:22:03+00:00\" \/>\n<meta property=\"og:image\" content=\"https:\/\/legitgrams.com\/wp-content\/uploads\/2024\/09\/order-white-mercedes-ecstasy-pills-online.jpg\" \/>\n\t<meta property=\"og:image:width\" content=\"600\" \/>\n\t<meta property=\"og:image:height\" content=\"600\" \/>\n\t<meta property=\"og:image:type\" content=\"image\/jpeg\" \/>\n<meta name=\"twitter:card\" content=\"summary_large_image\" \/>\n<meta name=\"twitter:label1\" content=\"Odhadovan\u00e1 doba \u010dten\u00ed\" \/>\n\t<meta name=\"twitter:data1\" content=\"2 minuty\" \/>\n<script type=\"application\/ld+json\" class=\"yoast-schema-graph\">{\"@context\":\"https:\/\/schema.org\",\"@graph\":[{\"@type\":\"WebPage\",\"@id\":\"https:\/\/legitgrams.com\/product\/order-white-mercedes-ecstasy-pills\/\",\"url\":\"https:\/\/legitgrams.com\/product\/order-white-mercedes-ecstasy-pills\/\",\"name\":\"Buy White Mercedes Ecstasy Pills Online | LegitGrams\",\"isPartOf\":{\"@id\":\"https:\/\/legitgrams.com\/#website\"},\"primaryImageOfPage\":{\"@id\":\"https:\/\/legitgrams.com\/product\/order-white-mercedes-ecstasy-pills\/#primaryimage\"},\"image\":{\"@id\":\"https:\/\/legitgrams.com\/product\/order-white-mercedes-ecstasy-pills\/#primaryimage\"},\"thumbnailUrl\":\"https:\/\/legitgrams.com\/wp-content\/uploads\/2024\/09\/order-white-mercedes-ecstasy-pills-online.jpg\",\"datePublished\":\"2024-09-22T08:15:29+00:00\",\"dateModified\":\"2025-03-05T08:22:03+00:00\",\"description\":\"Looking for a reliable source to buy White Mercedes Ecstasy Pills online? Your search ends here. Order White Mercedes Ecstasy Pills online from our trusted store and enjoy a seamless buying process tailored for your research needs.\",\"breadcrumb\":{\"@id\":\"https:\/\/legitgrams.com\/product\/order-white-mercedes-ecstasy-pills\/#breadcrumb\"},\"inLanguage\":\"cs\",\"potentialAction\":[{\"@type\":\"ReadAction\",\"target\":[\"https:\/\/legitgrams.com\/product\/order-white-mercedes-ecstasy-pills\/\"]}]},{\"@type\":\"ImageObject\",\"inLanguage\":\"cs\",\"@id\":\"https:\/\/legitgrams.com\/product\/order-white-mercedes-ecstasy-pills\/#primaryimage\",\"url\":\"https:\/\/legitgrams.com\/wp-content\/uploads\/2024\/09\/order-white-mercedes-ecstasy-pills-online.jpg\",\"contentUrl\":\"https:\/\/legitgrams.com\/wp-content\/uploads\/2024\/09\/order-white-mercedes-ecstasy-pills-online.jpg\",\"width\":600,\"height\":600,\"caption\":\"White Mercedes Ecstasy Pills for Sale\"},{\"@type\":\"BreadcrumbList\",\"@id\":\"https:\/\/legitgrams.com\/product\/order-white-mercedes-ecstasy-pills\/#breadcrumb\",\"itemListElement\":[{\"@type\":\"ListItem\",\"position\":1,\"name\":\"Home\",\"item\":\"https:\/\/legitgrams.com\/\"},{\"@type\":\"ListItem\",\"position\":2,\"name\":\"Shop\",\"item\":\"https:\/\/legitgrams.com\/shop\/\"},{\"@type\":\"ListItem\",\"position\":3,\"name\":\"Buy Order White Mercedes ecstasy pills Online\"}]},{\"@type\":\"WebSite\",\"@id\":\"https:\/\/legitgrams.com\/#website\",\"url\":\"https:\/\/legitgrams.com\/\",\"name\":\"Legit Grams\",\"description\":\"My WordPress Blog\",\"publisher\":{\"@id\":\"https:\/\/legitgrams.com\/#organization\"},\"potentialAction\":[{\"@type\":\"SearchAction\",\"target\":{\"@type\":\"EntryPoint\",\"urlTemplate\":\"https:\/\/legitgrams.com\/?s={search_term_string}\"},\"query-input\":{\"@type\":\"PropertyValueSpecification\",\"valueRequired\":true,\"valueName\":\"search_term_string\"}}],\"inLanguage\":\"cs\"},{\"@type\":\"Organization\",\"@id\":\"https:\/\/legitgrams.com\/#organization\",\"name\":\"Legit Grams\",\"url\":\"https:\/\/legitgrams.com\/\",\"logo\":{\"@type\":\"ImageObject\",\"inLanguage\":\"cs\",\"@id\":\"https:\/\/legitgrams.com\/#\/schema\/logo\/image\/\",\"url\":\"https:\/\/legitgrams.com\/wp-content\/uploads\/2024\/09\/main-logo.png\",\"contentUrl\":\"https:\/\/legitgrams.com\/wp-content\/uploads\/2024\/09\/main-logo.png\",\"width\":270,\"height\":75,\"caption\":\"Legit Grams\"},\"image\":{\"@id\":\"https:\/\/legitgrams.com\/#\/schema\/logo\/image\/\"}}]}<\/script>\n<!-- \/ Yoast SEO plugin. -->","yoast_head_json":{"title":"Koupit b\u00edl\u00e9 pilulky ext\u00e1ze Mercedes online | LegitGrams","description":"Hled\u00e1te spolehliv\u00fd zdroj pro n\u00e1kup White Mercedes Ecstasy Pills online? Va\u0161e hled\u00e1n\u00ed kon\u010d\u00ed zde. Objednejte si White Mercedes Ecstasy Pills online z na\u0161eho d\u016fv\u011bryhodn\u00e9ho obchodu a u\u017eijte si bezprobl\u00e9mov\u00fd n\u00e1kupn\u00ed proces p\u0159izp\u016fsoben\u00fd va\u0161im v\u00fdzkumn\u00fdm pot\u0159eb\u00e1m.","robots":{"index":"index","follow":"follow","max-snippet":"max-snippet:-1","max-image-preview":"max-image-preview:large","max-video-preview":"max-video-preview:-1"},"canonical":"https:\/\/legitgrams.com\/cs\/produkt\/objednat-bile-pilulky-mercedes-ecstasy\/","og_locale":"cs_CZ","og_type":"article","og_title":"Buy White Mercedes Ecstasy Pills Online | LegitGrams","og_description":"Looking for a reliable source to buy White Mercedes Ecstasy Pills online? Your search ends here. Order White Mercedes Ecstasy Pills online from our trusted store and enjoy a seamless buying process tailored for your research needs.","og_url":"https:\/\/legitgrams.com\/cs\/produkt\/objednat-bile-pilulky-mercedes-ecstasy\/","og_site_name":"Legit Grams","article_modified_time":"2025-03-05T08:22:03+00:00","og_image":[{"width":600,"height":600,"url":"https:\/\/legitgrams.com\/wp-content\/uploads\/2024\/09\/order-white-mercedes-ecstasy-pills-online.jpg","type":"image\/jpeg"}],"twitter_card":"summary_large_image","twitter_misc":{"Odhadovan\u00e1 doba \u010dten\u00ed":"2 minuty"},"schema":{"@context":"https:\/\/schema.org","@graph":[{"@type":"WebPage","@id":"https:\/\/legitgrams.com\/product\/order-white-mercedes-ecstasy-pills\/","url":"https:\/\/legitgrams.com\/product\/order-white-mercedes-ecstasy-pills\/","name":"Koupit b\u00edl\u00e9 pilulky ext\u00e1ze Mercedes online | LegitGrams","isPartOf":{"@id":"https:\/\/legitgrams.com\/#website"},"primaryImageOfPage":{"@id":"https:\/\/legitgrams.com\/product\/order-white-mercedes-ecstasy-pills\/#primaryimage"},"image":{"@id":"https:\/\/legitgrams.com\/product\/order-white-mercedes-ecstasy-pills\/#primaryimage"},"thumbnailUrl":"https:\/\/legitgrams.com\/wp-content\/uploads\/2024\/09\/order-white-mercedes-ecstasy-pills-online.jpg","datePublished":"2024-09-22T08:15:29+00:00","dateModified":"2025-03-05T08:22:03+00:00","description":"Hled\u00e1te spolehliv\u00fd zdroj pro n\u00e1kup White Mercedes Ecstasy Pills online? Va\u0161e hled\u00e1n\u00ed kon\u010d\u00ed zde. Objednejte si White Mercedes Ecstasy Pills online z na\u0161eho d\u016fv\u011bryhodn\u00e9ho obchodu a u\u017eijte si bezprobl\u00e9mov\u00fd n\u00e1kupn\u00ed proces p\u0159izp\u016fsoben\u00fd va\u0161im v\u00fdzkumn\u00fdm pot\u0159eb\u00e1m.","breadcrumb":{"@id":"https:\/\/legitgrams.com\/product\/order-white-mercedes-ecstasy-pills\/#breadcrumb"},"inLanguage":"cs","potentialAction":[{"@type":"ReadAction","target":["https:\/\/legitgrams.com\/product\/order-white-mercedes-ecstasy-pills\/"]}]},{"@type":"ImageObject","inLanguage":"cs","@id":"https:\/\/legitgrams.com\/product\/order-white-mercedes-ecstasy-pills\/#primaryimage","url":"https:\/\/legitgrams.com\/wp-content\/uploads\/2024\/09\/order-white-mercedes-ecstasy-pills-online.jpg","contentUrl":"https:\/\/legitgrams.com\/wp-content\/uploads\/2024\/09\/order-white-mercedes-ecstasy-pills-online.jpg","width":600,"height":600,"caption":"White Mercedes Ecstasy Pills for Sale"},{"@type":"BreadcrumbList","@id":"https:\/\/legitgrams.com\/product\/order-white-mercedes-ecstasy-pills\/#breadcrumb","itemListElement":[{"@type":"ListItem","position":1,"name":"Home","item":"https:\/\/legitgrams.com\/"},{"@type":"ListItem","position":2,"name":"Shop","item":"https:\/\/legitgrams.com\/shop\/"},{"@type":"ListItem","position":3,"name":"Buy Order White Mercedes ecstasy pills Online"}]},{"@type":"WebSite","@id":"https:\/\/legitgrams.com\/#website","url":"https:\/\/legitgrams.com\/","name":"Leg\u00e1ln\u00ed gramy","description":"M\u016fj blog WordPress","publisher":{"@id":"https:\/\/legitgrams.com\/#organization"},"potentialAction":[{"@type":"SearchAction","target":{"@type":"EntryPoint","urlTemplate":"https:\/\/legitgrams.com\/?s={search_term_string}"},"query-input":{"@type":"PropertyValueSpecification","valueRequired":true,"valueName":"search_term_string"}}],"inLanguage":"cs"},{"@type":"Organization","@id":"https:\/\/legitgrams.com\/#organization","name":"Leg\u00e1ln\u00ed gramy","url":"https:\/\/legitgrams.com\/","logo":{"@type":"ImageObject","inLanguage":"cs","@id":"https:\/\/legitgrams.com\/#\/schema\/logo\/image\/","url":"https:\/\/legitgrams.com\/wp-content\/uploads\/2024\/09\/main-logo.png","contentUrl":"https:\/\/legitgrams.com\/wp-content\/uploads\/2024\/09\/main-logo.png","width":270,"height":75,"caption":"Legit Grams"},"image":{"@id":"https:\/\/legitgrams.com\/#\/schema\/logo\/image\/"}}]}},"uagb_featured_image_src":{"full":["https:\/\/legitgrams.com\/wp-content\/uploads\/2024\/09\/order-white-mercedes-ecstasy-pills-online.jpg",600,600,false],"thumbnail":["https:\/\/legitgrams.com\/wp-content\/uploads\/2024\/09\/order-white-mercedes-ecstasy-pills-online-150x150.jpg",150,150,true],"medium":["https:\/\/legitgrams.com\/wp-content\/uploads\/2024\/09\/order-white-mercedes-ecstasy-pills-online-300x300.jpg",300,300,true],"medium_large":["https:\/\/legitgrams.com\/wp-content\/uploads\/2024\/09\/order-white-mercedes-ecstasy-pills-online.jpg",600,600,false],"large":["https:\/\/legitgrams.com\/wp-content\/uploads\/2024\/09\/order-white-mercedes-ecstasy-pills-online.jpg",600,600,false],"1536x1536":["https:\/\/legitgrams.com\/wp-content\/uploads\/2024\/09\/order-white-mercedes-ecstasy-pills-online.jpg",600,600,false],"2048x2048":["https:\/\/legitgrams.com\/wp-content\/uploads\/2024\/09\/order-white-mercedes-ecstasy-pills-online.jpg",600,600,false],"trp-custom-language-flag":["https:\/\/legitgrams.com\/wp-content\/uploads\/2024\/09\/order-white-mercedes-ecstasy-pills-online-12x12.jpg",12,12,true],"woocommerce_thumbnail":["https:\/\/legitgrams.com\/wp-content\/uploads\/2024\/09\/order-white-mercedes-ecstasy-pills-online-300x300.jpg",300,300,true],"woocommerce_single":["https:\/\/legitgrams.com\/wp-content\/uploads\/2024\/09\/order-white-mercedes-ecstasy-pills-online.jpg",600,600,false],"woocommerce_gallery_thumbnail":["https:\/\/legitgrams.com\/wp-content\/uploads\/2024\/09\/order-white-mercedes-ecstasy-pills-online-100x100.jpg",100,100,true]},"uagb_author_info":{"display_name":"cokeblog18","author_link":"https:\/\/legitgrams.com\/cs\/author\/"},"uagb_comment_info":0,"uagb_excerpt":"Purchase White Mercedes euphorics online. White Mercedes ecstasy pills in a dosage of 295 mg are available for purchase online. Off-white in color Measurements: 295 mg The majority of MDMA users consume it as capsules or tablets (spices powder), while some others take it in liquid or tablet form. As a shorthand for &#8220;molecule,&#8221; Molly&#8217;s&hellip;","_links":{"self":[{"href":"https:\/\/legitgrams.com\/cs\/wp-json\/wp\/v2\/product\/4272","targetHints":{"allow":["GET"]}}],"collection":[{"href":"https:\/\/legitgrams.com\/cs\/wp-json\/wp\/v2\/product"}],"about":[{"href":"https:\/\/legitgrams.com\/cs\/wp-json\/wp\/v2\/types\/product"}],"replies":[{"embeddable":true,"href":"https:\/\/legitgrams.com\/cs\/wp-json\/wp\/v2\/comments?post=4272"}],"wp:featuredmedia":[{"embeddable":true,"href":"https:\/\/legitgrams.com\/cs\/wp-json\/wp\/v2\/media\/5201"}],"wp:attachment":[{"href":"https:\/\/legitgrams.com\/cs\/wp-json\/wp\/v2\/media?parent=4272"}],"wp:term":[{"taxonomy":"product_brand","embeddable":true,"href":"https:\/\/legitgrams.com\/cs\/wp-json\/wp\/v2\/product_brand?post=4272"},{"taxonomy":"product_cat","embeddable":true,"href":"https:\/\/legitgrams.com\/cs\/wp-json\/wp\/v2\/product_cat?post=4272"},{"taxonomy":"product_tag","embeddable":true,"href":"https:\/\/legitgrams.com\/cs\/wp-json\/wp\/v2\/product_tag?post=4272"}],"curies":[{"name":"wp","href":"https:\/\/api.w.org\/{rel}","templated":true}]}}