{"id":4273,"date":"2024-09-22T08:18:05","date_gmt":"2024-09-22T08:18:05","guid":{"rendered":"https:\/\/legitgrams.com\/?post_type=product&#038;p=4273"},"modified":"2025-04-03T04:59:34","modified_gmt":"2025-04-03T04:59:34","slug":"skutecne-zelene-jablko-extaze-pilulky","status":"publish","type":"product","link":"https:\/\/legitgrams.com\/cs\/produkt\/skutecne-zelene-jablko-extaze-pilulky\/","title":{"rendered":"Koupit Real Green Apple Ecstasy Pills Online"},"content":{"rendered":"<h2>N\u00e1kup origin\u00e1ln\u00edch pilulek ext\u00e1ze ze zelen\u00e9ho jablka online<\/h2>\n<p>Douf\u00e1m, \u017ee v\u00e1s tento axiom proslavil. Podle p\u0159\u00edslov\u00ed \u201eJedno jablko denn\u011b udr\u017e\u00ed odborn\u00edka na uzd\u011b\u201c. Vzhledem ke v\u0161em zdravotn\u00edm v\u00fdhod\u00e1m konzumace jablek nemus\u00ed b\u00fdt tento dietn\u00ed aforismus zcela nep\u0159esn\u00fd. N\u011bkter\u00e9 ze zdravotn\u00edch v\u00fdhod zelen\u00e9ho j\u00eddla <a href=\"https:\/\/www.bing.com\/search?q=Kuptesipilulkyextzezeskutenhozelenhojablkaonline&amp;qs=n&amp;form=QBRE&amp;sp=-1&amp;lq=0&amp;pq=kuptesipilulkyextzezeskutenhozelenhojablkaonline&amp;sc=9-60&amp;sk=&amp;cvid=77E33CC103ED4DB0AC13308DE7206273&amp;ghsh=0&amp;ghacc=0&amp;ghpl=\">jablka<\/a> zahrnuj\u00ed n\u00e1sleduj\u00edc\u00ed.<\/p>\n<p>Bylo prok\u00e1z\u00e1no, \u017ee konzumace jablek zlep\u0161uje zdrav\u00ed srdce a sni\u017euje riziko kardiovaskul\u00e1rn\u00edch onemocn\u011bn\u00ed.<\/p>\n<p>Nen\u00ed zcela z\u0159ejm\u00e9, pro\u010d jsou jablka zdrav\u00e1 pro srdce. Vzhledem k tomu, \u017ee vl\u00e1knina byla spojena se sn\u00ed\u017een\u00edm LDL cholesterolu, <a href=\"https:\/\/www.google.com\/search?q=Kupte+si+pilulky+extze+ze+skutenho+zelenho+jablka+online&amp;sca_esv=eddefdb7b92e7545&amp;sxsrf=AHTn8zrOZTGv72TgM1z7FuT49e947t_ktA1743656546167&amp;ei=YhbuZ5L7Ce_00PEP1NXNkAk&amp;ved=0ahUKEwiStK3oiruMAxVvOjQIHdRqE5IQ4dUDCBA&amp;uact=5&amp;oq=Kupte+si+pilulky+extze+ze+skutenho+zelenho+jablka+online&amp;gs_lp=Egxnd3Mtd2l6LXNlcnAiQEt1cHRlIHNpIHBpbHVsa3kgZXh0w6F6ZSB6ZSBza3V0ZcSNbsOpaG8gemVsZW7DqWhvIGphYmxrYSBvbmxpbmVIogVQAFgAcAB4AJABAJgBhQOgAYUDqgEDMy0xuAEDyAEA-AEC-AEBmAIAoAIAmAMAkgcAoAd0sgcAuAcA&amp;sclient=gws-wiz-serp\">jablka<\/a>&#8216; high dietary fiber content may be a contributing factor.<\/p>\n<h3>Sni\u017ete pravd\u011bpodobnost, \u017ee dostanete cukrovku 2. typu<\/h3>\n<p>Podle jedn\u00e9 studie m\u016f\u017ee j\u00edst jen n\u011bkolik zelen\u00fdch jablek ka\u017ed\u00fd t\u00fdden podle jedn\u00e9 studie sn\u00ed\u017eit riziko cukrovky 2. typu, ale je zapot\u0159eb\u00ed dal\u0161\u00ed v\u00fdzkum. Dosud nen\u00ed zn\u00e1mo, zda slou\u010deniny v zelen\u00fdch jablk\u00e1ch mohou lidem pomoci kontrolovat p\u0159\u00edznaky cukrovky.<\/p>\n<p>U\u017e\u00edv\u00e1n\u00ed tablet ze zelen\u00fdch jablek m\u00e1 n\u011bkolik v\u00fdhod, stejn\u011b jako konzumace zelen\u00fdch jablek. T\u00e9ma zelen\u00e9 jablko tablety je k diskuzi.<\/p>\n<p><a href=\"https:\/\/legitgrams.com\/cs\/produkt\/skutecne-zelene-jablko-extaze-pilulky\/\">zelen\u00e1 jablka<\/a> tablety posunou v\u00e1\u0161 z\u00e1\u017eitek a spokojenost na zcela novou \u00farove\u0148, pokud chcete p\u00edt \u010derstvou jable\u010dnou \u0161\u0165\u00e1vu v hork\u00e9m letn\u00edm dni. T\u00fdm spojil nejlep\u0161\u00ed dostupn\u00e9 konop\u00ed s pilulkami ze zelen\u00e9ho jablka, kter\u00e9 se vyr\u00e1b\u00ed ve Washingtonu. P\u0159i zva\u017eov\u00e1n\u00ed d\u00e1vkov\u00e1n\u00ed m\u016f\u017ee b\u00fdt obt\u00ed\u017en\u00e9 prop\u00e1lit THC, zvl\u00e1\u0161t\u011b pokud dr\u017e\u00e1ky nemaj\u00ed p\u0159\u00edli\u0161 z\u0159eteln\u00e1 ozna\u010den\u00ed. Pilulky zelen\u00e9ho jablka, kter\u00e9 produkuj\u00ed t\u0159i r\u016fzn\u00e9 varianty \u00fa\u010dinnosti jejich proslul\u00e9 12-uncov\u00e9 kombinace, to zcela zm\u011bnily. Jejich nejv\u00edce uzemn\u011bn\u00e1 kombinace, kter\u00e1 m\u00e1 100 mg a je dod\u00e1v\u00e1na ve 12 unc\u00edch, ocen\u00ed n\u00e1ro\u010dn\u00ed u\u017eivatel\u00e9.<\/p>\n<p><a href=\"https:\/\/duckduckgo.com\/?q=Buy+Real+Green+Apple+Ecstasy+Pills+Online&amp;t=h_&amp;ia=web\">Pilulky ze zelen\u00e9ho jablka<\/a> jsou ide\u00e1ln\u00ed pro lidi, kte\u0159\u00ed se pot\u0159ebuj\u00ed dostat vysoko, ale nedok\u00e1\u017eou se dostat p\u0159es r\u016fzn\u00e9 tablety, proto\u017ee konop\u00ed za\u010dle\u0148uj\u00ed do l\u00e9k\u016f nov\u00fdm zp\u016fsobem, kter\u00fd pacient\u016fm zanech\u00e1v\u00e1 chu\u0165 nebo v\u016fni konop\u00ed. Krom\u011b toho, proto\u017ee vaping nebo kvetouc\u00ed konopn\u00fd kou\u0159 se m\u016f\u017ee nakonec st\u00e1t toxick\u00fdm, konzumace konop\u00ed pom\u00e1h\u00e1 podporovat zdrav\u011bj\u0161\u00ed \u017eivotn\u00ed styl. Trvanlivost pilulky ze zelen\u00e9ho jablka je jeden rok a nen\u00ed v n\u00ed mnoho kalori\u00ed, co\u017e znamen\u00e1, \u017ee va\u0161\u00edm jedin\u00fdm z\u00e1jmem je vysadit l\u00e9k po jeho u\u017eit\u00ed. <a href=\"https:\/\/legitgrams.com\/cs\/\">LegitGrams<\/a><\/p>\n<h3>Barva zelen\u00e1<\/h3>\n<h3>M\u00edry: 279 mg<\/h3>\n<p>Pilulky ext\u00e1ze, prav\u00e9 zelen\u00e9 jablko <a href=\"https:\/\/en.wikipedia.org\/wiki\/Ecstasy\">Ext\u00e1ze<\/a> Pilulky, prav\u00e9 pilulky ext\u00e1ze ze zelen\u00e9ho jablka, kupte si pilulky ext\u00e1ze, kupte si origin\u00e1ln\u00ed pilulky ext\u00e1ze ze zelen\u00e9ho jablka online, ext\u00e1ze online, kde koupit pr\u00e1\u0161ky ext\u00e1ze ze skute\u010dn\u00e9ho zelen\u00e9ho jablka, kde koupit pr\u00e1\u0161ky ext\u00e1ze ze skute\u010dn\u00e9ho zelen\u00e9ho jablka na prodej, kde koupit ext\u00e1zi z prav\u00e9ho zelen\u00e9ho jablka Pilulky: Real Green Apple Ecstasy Pills jsou st\u00e1le k dispozici ke koupi v USA, Kanad\u011b a Velk\u00e9 Brit\u00e1nii. M\u016f\u017eete si je koupit online od poskytovatel\u016f a nechat si je bezpe\u010dn\u011b doru\u010dit. Krom\u011b toho se m\u016f\u017eete dozv\u011bd\u011bt, zda jsou leg\u00e1ln\u00ed v Kanad\u011b, jak je z\u00edskat online a zda jsou leg\u00e1ln\u00ed ve Spojen\u00fdch st\u00e1tech. M\u016f\u017eete si tak\u00e9 zakoupit pilulky ext\u00e1ze, Koupit pilulky ext\u00e1ze ze skute\u010dn\u00e9ho zelen\u00e9ho jablka online, kde koupit pilulky ext\u00e1ze ze skute\u010dn\u00e9ho zelen\u00e9ho jablka, kde koupit ext\u00e1zi online, kde koupit pilulky ext\u00e1ze online, Pr\u00e1\u0161ky ext\u00e1ze ze skute\u010dn\u00e9ho zelen\u00e9ho jablka na prodej ve Spojen\u00fdch st\u00e1tech, Kanad\u011b , a Spojen\u00e9 kr\u00e1lovstv\u00ed, nakupujte online, dodavatel\u00e9, bezpe\u010dn\u00e9 doru\u010den\u00ed, St\u00e1le jsou k dispozici pilulky ext\u00e1ze ze skute\u010dn\u00e9ho zelen\u00e9ho jablka, jsou leg\u00e1ln\u00ed v USA si je m\u016f\u017eete koupit online a v Kanad\u011b jsou leg\u00e1ln\u00ed.<\/p>\n<h2><\/h2>\n<p>&nbsp;<\/p>","protected":false},"excerpt":{"rendered":"<p>Purchase of Genuine Green Apple Ecstasy Pills Online I hope this axiom has made you famous. According to the proverb, &#8220;An apple a day keeps the specialist at bay.&#8221; Given all of the health advantages of eating apples, this diet aphorism may not be entirely inaccurate. Some of the health advantages of eating green apples &hellip;<\/p>\n<p class=\"read-more\"> <a class=\"\" href=\"https:\/\/legitgrams.com\/cs\/produkt\/skutecne-zelene-jablko-extaze-pilulky\/\"> <span class=\"screen-reader-text\">Koupit Real Green Apple Ecstasy Pills Online<\/span> \u010c\u00edst d\u00e1l \"<\/a><\/p>","protected":false},"featured_media":5203,"comment_status":"open","ping_status":"closed","template":"","meta":{"_uag_custom_page_level_css":"","site-sidebar-layout":"default","site-content-layout":"default","ast-global-header-display":"","ast-main-header-display":"","ast-hfb-above-header-display":"","ast-hfb-below-header-display":"","ast-hfb-mobile-header-display":"","site-post-title":"","ast-breadcrumbs-content":"","ast-featured-img":"","footer-sml-layout":"","theme-transparent-header-meta":"default","adv-header-id-meta":"","stick-header-meta":"default","header-above-stick-meta":"","header-main-stick-meta":"","header-below-stick-meta":"","_joinchat":[]},"product_brand":[],"product_cat":[596],"product_tag":[1292,1282,617,1274,1289,1286,1281,1279,1291,1273,1276,1284,1275,1277,1287,1294,1295,1293,1285,1290,1288,625,1280,1283,1278],"class_list":{"0":"post-4273","1":"product","2":"type-product","3":"status-publish","4":"has-post-thumbnail","6":"product_cat-ecstasy-pills-mdma","7":"product_tag-best-cheap-price-real-green-apple-ecstasy-pills","8":"product_tag-best-place-to-buy-real-green-apple-ecstasy-pills","9":"product_tag-bulk-online","10":"product_tag-buy-real-green-apple-ecstasy-pills","11":"product_tag-cheap-real-green-apple-ecstasy-pills","12":"product_tag-high-quality-real-green-apple-ecstasy-pills","13":"product_tag-how-to-buy-real-green-apple-ecstasy-pills","14":"product_tag-order-real-green-apple-ecstasy-pills","15":"product_tag-purcharse-real-green-apple-ecstasy-pills","16":"product_tag-real-green-apple-ecstasy-pills","17":"product_tag-real-green-apple-ecstasy-pills-for-sale","18":"product_tag-real-green-apple-ecstasy-pills-legally","19":"product_tag-real-green-apple-ecstasy-pills-online","20":"product_tag-real-green-apple-ecstasy-pills-real-green-apple-ecstasy-pills-supplier","21":"product_tag-real-green-apple-ecstasy-pills-store","22":"product_tag-real-green-apple-ecstasy-pills-use","23":"product_tag-real-green-apple-ecstasy-pills-wiki","24":"product_tag-real-green-apple-ecstasy-pills-worldwide","25":"product_tag-real-green-apple-ecstasy-pillsprice","26":"product_tag-real-green-apple-ecstasy-pillss","27":"product_tag-shop-real-green-apple-ecstasy-pills","28":"product_tag-top-quality","29":"product_tag-where-to-buy-real-green-apple-ecstasy-pills","30":"product_tag-where-to-order-real-green-apple-ecstasy-pills","31":"product_tag-wholesale-real-green-apple-ecstasy-pills","32":"desktop-align-left","33":"tablet-align-left","34":"mobile-align-left","35":"ast-product-gallery-layout-horizontal","36":"ast-product-gallery-with-no-image","37":"ast-product-single-variable","38":"ast-product-tabs-layout-horizontal","39":"ast-qv-on-image","41":"first","42":"instock","43":"shipping-taxable","44":"purchasable","45":"product-type-variable"},"yoast_head":"<!-- This site is optimized with the Yoast SEO plugin v25.9 - https:\/\/yoast.com\/wordpress\/plugins\/seo\/ -->\n<title>Order Real Green Apple Ecstasy Pills Online @ Best Price | LG<\/title>\n<meta name=\"description\" content=\"If you want to buy real green apple ecstasy pills online and looking for a reliable online shop, then buy here. We offer only high-quality real green apple ecstasy pills for sale at an affordable price. Order Real Green Apple Ecstasy Pills Now!\" \/>\n<meta name=\"robots\" content=\"index, follow, max-snippet:-1, max-image-preview:large, max-video-preview:-1\" \/>\n<link rel=\"canonical\" href=\"https:\/\/legitgrams.com\/cs\/produkt\/skutecne-zelene-jablko-extaze-pilulky\/\" \/>\n<meta property=\"og:locale\" content=\"cs_CZ\" \/>\n<meta property=\"og:type\" content=\"article\" \/>\n<meta property=\"og:title\" content=\"Order Real Green Apple Ecstasy Pills Online @ Best Price | LG\" \/>\n<meta property=\"og:description\" content=\"If you want to buy real green apple ecstasy pills online and looking for a reliable online shop, then buy here. We offer only high-quality real green apple ecstasy pills for sale at an affordable price. Order Real Green Apple Ecstasy Pills Now!\" \/>\n<meta property=\"og:url\" content=\"https:\/\/legitgrams.com\/cs\/produkt\/skutecne-zelene-jablko-extaze-pilulky\/\" \/>\n<meta property=\"og:site_name\" content=\"Legit Grams\" \/>\n<meta property=\"article:modified_time\" content=\"2025-04-03T04:59:34+00:00\" \/>\n<meta property=\"og:image\" content=\"https:\/\/legitgrams.com\/wp-content\/uploads\/2024\/09\/order-real-green-apple-ecstasy-pills-online.jpg\" \/>\n\t<meta property=\"og:image:width\" content=\"600\" \/>\n\t<meta property=\"og:image:height\" content=\"600\" \/>\n\t<meta property=\"og:image:type\" content=\"image\/jpeg\" \/>\n<meta name=\"twitter:card\" content=\"summary_large_image\" \/>\n<meta name=\"twitter:label1\" content=\"Odhadovan\u00e1 doba \u010dten\u00ed\" \/>\n\t<meta name=\"twitter:data1\" content=\"3 minuty\" \/>\n<script type=\"application\/ld+json\" class=\"yoast-schema-graph\">{\"@context\":\"https:\/\/schema.org\",\"@graph\":[{\"@type\":\"WebPage\",\"@id\":\"https:\/\/legitgrams.com\/product\/real-green-apple-ecstasy-pills\/\",\"url\":\"https:\/\/legitgrams.com\/product\/real-green-apple-ecstasy-pills\/\",\"name\":\"Order Real Green Apple Ecstasy Pills Online @ Best Price | LG\",\"isPartOf\":{\"@id\":\"https:\/\/legitgrams.com\/#website\"},\"primaryImageOfPage\":{\"@id\":\"https:\/\/legitgrams.com\/product\/real-green-apple-ecstasy-pills\/#primaryimage\"},\"image\":{\"@id\":\"https:\/\/legitgrams.com\/product\/real-green-apple-ecstasy-pills\/#primaryimage\"},\"thumbnailUrl\":\"https:\/\/legitgrams.com\/wp-content\/uploads\/2024\/09\/order-real-green-apple-ecstasy-pills-online.jpg\",\"datePublished\":\"2024-09-22T08:18:05+00:00\",\"dateModified\":\"2025-04-03T04:59:34+00:00\",\"description\":\"If you want to buy real green apple ecstasy pills online and looking for a reliable online shop, then buy here. We offer only high-quality real green apple ecstasy pills for sale at an affordable price. Order Real Green Apple Ecstasy Pills Now!\",\"breadcrumb\":{\"@id\":\"https:\/\/legitgrams.com\/product\/real-green-apple-ecstasy-pills\/#breadcrumb\"},\"inLanguage\":\"cs\",\"potentialAction\":[{\"@type\":\"ReadAction\",\"target\":[\"https:\/\/legitgrams.com\/product\/real-green-apple-ecstasy-pills\/\"]}]},{\"@type\":\"ImageObject\",\"inLanguage\":\"cs\",\"@id\":\"https:\/\/legitgrams.com\/product\/real-green-apple-ecstasy-pills\/#primaryimage\",\"url\":\"https:\/\/legitgrams.com\/wp-content\/uploads\/2024\/09\/order-real-green-apple-ecstasy-pills-online.jpg\",\"contentUrl\":\"https:\/\/legitgrams.com\/wp-content\/uploads\/2024\/09\/order-real-green-apple-ecstasy-pills-online.jpg\",\"width\":600,\"height\":600,\"caption\":\"Real Green Apple Ecstasy Pills for Sale\"},{\"@type\":\"BreadcrumbList\",\"@id\":\"https:\/\/legitgrams.com\/product\/real-green-apple-ecstasy-pills\/#breadcrumb\",\"itemListElement\":[{\"@type\":\"ListItem\",\"position\":1,\"name\":\"Home\",\"item\":\"https:\/\/legitgrams.com\/\"},{\"@type\":\"ListItem\",\"position\":2,\"name\":\"Shop\",\"item\":\"https:\/\/legitgrams.com\/shop\/\"},{\"@type\":\"ListItem\",\"position\":3,\"name\":\"Buy Real Green Apple Ecstasy Pills Online\"}]},{\"@type\":\"WebSite\",\"@id\":\"https:\/\/legitgrams.com\/#website\",\"url\":\"https:\/\/legitgrams.com\/\",\"name\":\"Legit Grams\",\"description\":\"My WordPress Blog\",\"publisher\":{\"@id\":\"https:\/\/legitgrams.com\/#organization\"},\"potentialAction\":[{\"@type\":\"SearchAction\",\"target\":{\"@type\":\"EntryPoint\",\"urlTemplate\":\"https:\/\/legitgrams.com\/?s={search_term_string}\"},\"query-input\":{\"@type\":\"PropertyValueSpecification\",\"valueRequired\":true,\"valueName\":\"search_term_string\"}}],\"inLanguage\":\"cs\"},{\"@type\":\"Organization\",\"@id\":\"https:\/\/legitgrams.com\/#organization\",\"name\":\"Legit Grams\",\"url\":\"https:\/\/legitgrams.com\/\",\"logo\":{\"@type\":\"ImageObject\",\"inLanguage\":\"cs\",\"@id\":\"https:\/\/legitgrams.com\/#\/schema\/logo\/image\/\",\"url\":\"https:\/\/legitgrams.com\/wp-content\/uploads\/2024\/09\/main-logo.png\",\"contentUrl\":\"https:\/\/legitgrams.com\/wp-content\/uploads\/2024\/09\/main-logo.png\",\"width\":270,\"height\":75,\"caption\":\"Legit Grams\"},\"image\":{\"@id\":\"https:\/\/legitgrams.com\/#\/schema\/logo\/image\/\"}}]}<\/script>\n<!-- \/ Yoast SEO plugin. -->","yoast_head_json":{"title":"Objednat skute\u010dn\u00e9 zelen\u00e9 jablko ext\u00e1ze pilulky online @ Nejlep\u0161\u00ed cena | LG","description":"Pokud si chcete koupit skute\u010dn\u00e9 zelen\u00e9 jablko ext\u00e1ze pilulky online a hled\u00e1te spolehliv\u00fd internetov\u00fd obchod, pak koupit zde. Nab\u00edz\u00edme pouze vysoce kvalitn\u00ed skute\u010dn\u00e9 zelen\u00e9 jablko pilulky ext\u00e1ze na prodej za p\u0159ijatelnou cenu. Objednejte si skute\u010dn\u00e9 zelen\u00e9 jablko ext\u00e1ze pilulky nyn\u00ed!","robots":{"index":"index","follow":"follow","max-snippet":"max-snippet:-1","max-image-preview":"max-image-preview:large","max-video-preview":"max-video-preview:-1"},"canonical":"https:\/\/legitgrams.com\/cs\/produkt\/skutecne-zelene-jablko-extaze-pilulky\/","og_locale":"cs_CZ","og_type":"article","og_title":"Order Real Green Apple Ecstasy Pills Online @ Best Price | LG","og_description":"If you want to buy real green apple ecstasy pills online and looking for a reliable online shop, then buy here. We offer only high-quality real green apple ecstasy pills for sale at an affordable price. Order Real Green Apple Ecstasy Pills Now!","og_url":"https:\/\/legitgrams.com\/cs\/produkt\/skutecne-zelene-jablko-extaze-pilulky\/","og_site_name":"Legit Grams","article_modified_time":"2025-04-03T04:59:34+00:00","og_image":[{"width":600,"height":600,"url":"https:\/\/legitgrams.com\/wp-content\/uploads\/2024\/09\/order-real-green-apple-ecstasy-pills-online.jpg","type":"image\/jpeg"}],"twitter_card":"summary_large_image","twitter_misc":{"Odhadovan\u00e1 doba \u010dten\u00ed":"3 minuty"},"schema":{"@context":"https:\/\/schema.org","@graph":[{"@type":"WebPage","@id":"https:\/\/legitgrams.com\/product\/real-green-apple-ecstasy-pills\/","url":"https:\/\/legitgrams.com\/product\/real-green-apple-ecstasy-pills\/","name":"Objednat skute\u010dn\u00e9 zelen\u00e9 jablko ext\u00e1ze pilulky online @ Nejlep\u0161\u00ed cena | LG","isPartOf":{"@id":"https:\/\/legitgrams.com\/#website"},"primaryImageOfPage":{"@id":"https:\/\/legitgrams.com\/product\/real-green-apple-ecstasy-pills\/#primaryimage"},"image":{"@id":"https:\/\/legitgrams.com\/product\/real-green-apple-ecstasy-pills\/#primaryimage"},"thumbnailUrl":"https:\/\/legitgrams.com\/wp-content\/uploads\/2024\/09\/order-real-green-apple-ecstasy-pills-online.jpg","datePublished":"2024-09-22T08:18:05+00:00","dateModified":"2025-04-03T04:59:34+00:00","description":"Pokud si chcete koupit skute\u010dn\u00e9 zelen\u00e9 jablko ext\u00e1ze pilulky online a hled\u00e1te spolehliv\u00fd internetov\u00fd obchod, pak koupit zde. Nab\u00edz\u00edme pouze vysoce kvalitn\u00ed skute\u010dn\u00e9 zelen\u00e9 jablko pilulky ext\u00e1ze na prodej za p\u0159ijatelnou cenu. Objednejte si skute\u010dn\u00e9 zelen\u00e9 jablko ext\u00e1ze pilulky nyn\u00ed!","breadcrumb":{"@id":"https:\/\/legitgrams.com\/product\/real-green-apple-ecstasy-pills\/#breadcrumb"},"inLanguage":"cs","potentialAction":[{"@type":"ReadAction","target":["https:\/\/legitgrams.com\/product\/real-green-apple-ecstasy-pills\/"]}]},{"@type":"ImageObject","inLanguage":"cs","@id":"https:\/\/legitgrams.com\/product\/real-green-apple-ecstasy-pills\/#primaryimage","url":"https:\/\/legitgrams.com\/wp-content\/uploads\/2024\/09\/order-real-green-apple-ecstasy-pills-online.jpg","contentUrl":"https:\/\/legitgrams.com\/wp-content\/uploads\/2024\/09\/order-real-green-apple-ecstasy-pills-online.jpg","width":600,"height":600,"caption":"Real Green Apple Ecstasy Pills for Sale"},{"@type":"BreadcrumbList","@id":"https:\/\/legitgrams.com\/product\/real-green-apple-ecstasy-pills\/#breadcrumb","itemListElement":[{"@type":"ListItem","position":1,"name":"Home","item":"https:\/\/legitgrams.com\/"},{"@type":"ListItem","position":2,"name":"Shop","item":"https:\/\/legitgrams.com\/shop\/"},{"@type":"ListItem","position":3,"name":"Buy Real Green Apple Ecstasy Pills Online"}]},{"@type":"WebSite","@id":"https:\/\/legitgrams.com\/#website","url":"https:\/\/legitgrams.com\/","name":"Leg\u00e1ln\u00ed gramy","description":"M\u016fj blog WordPress","publisher":{"@id":"https:\/\/legitgrams.com\/#organization"},"potentialAction":[{"@type":"SearchAction","target":{"@type":"EntryPoint","urlTemplate":"https:\/\/legitgrams.com\/?s={search_term_string}"},"query-input":{"@type":"PropertyValueSpecification","valueRequired":true,"valueName":"search_term_string"}}],"inLanguage":"cs"},{"@type":"Organization","@id":"https:\/\/legitgrams.com\/#organization","name":"Leg\u00e1ln\u00ed gramy","url":"https:\/\/legitgrams.com\/","logo":{"@type":"ImageObject","inLanguage":"cs","@id":"https:\/\/legitgrams.com\/#\/schema\/logo\/image\/","url":"https:\/\/legitgrams.com\/wp-content\/uploads\/2024\/09\/main-logo.png","contentUrl":"https:\/\/legitgrams.com\/wp-content\/uploads\/2024\/09\/main-logo.png","width":270,"height":75,"caption":"Legit Grams"},"image":{"@id":"https:\/\/legitgrams.com\/#\/schema\/logo\/image\/"}}]}},"uagb_featured_image_src":{"full":["https:\/\/legitgrams.com\/wp-content\/uploads\/2024\/09\/order-real-green-apple-ecstasy-pills-online.jpg",600,600,false],"thumbnail":["https:\/\/legitgrams.com\/wp-content\/uploads\/2024\/09\/order-real-green-apple-ecstasy-pills-online-150x150.jpg",150,150,true],"medium":["https:\/\/legitgrams.com\/wp-content\/uploads\/2024\/09\/order-real-green-apple-ecstasy-pills-online-300x300.jpg",300,300,true],"medium_large":["https:\/\/legitgrams.com\/wp-content\/uploads\/2024\/09\/order-real-green-apple-ecstasy-pills-online.jpg",600,600,false],"large":["https:\/\/legitgrams.com\/wp-content\/uploads\/2024\/09\/order-real-green-apple-ecstasy-pills-online.jpg",600,600,false],"1536x1536":["https:\/\/legitgrams.com\/wp-content\/uploads\/2024\/09\/order-real-green-apple-ecstasy-pills-online.jpg",600,600,false],"2048x2048":["https:\/\/legitgrams.com\/wp-content\/uploads\/2024\/09\/order-real-green-apple-ecstasy-pills-online.jpg",600,600,false],"trp-custom-language-flag":["https:\/\/legitgrams.com\/wp-content\/uploads\/2024\/09\/order-real-green-apple-ecstasy-pills-online-12x12.jpg",12,12,true],"woocommerce_thumbnail":["https:\/\/legitgrams.com\/wp-content\/uploads\/2024\/09\/order-real-green-apple-ecstasy-pills-online-300x300.jpg",300,300,true],"woocommerce_single":["https:\/\/legitgrams.com\/wp-content\/uploads\/2024\/09\/order-real-green-apple-ecstasy-pills-online.jpg",600,600,false],"woocommerce_gallery_thumbnail":["https:\/\/legitgrams.com\/wp-content\/uploads\/2024\/09\/order-real-green-apple-ecstasy-pills-online-100x100.jpg",100,100,true]},"uagb_author_info":{"display_name":"cokeblog18","author_link":"https:\/\/legitgrams.com\/cs\/author\/"},"uagb_comment_info":0,"uagb_excerpt":"Purchase of Genuine Green Apple Ecstasy Pills Online I hope this axiom has made you famous. According to the proverb, &#8220;An apple a day keeps the specialist at bay.&#8221; Given all of the health advantages of eating apples, this diet aphorism may not be entirely inaccurate. Some of the health advantages of eating green apples&hellip;","_links":{"self":[{"href":"https:\/\/legitgrams.com\/cs\/wp-json\/wp\/v2\/product\/4273","targetHints":{"allow":["GET"]}}],"collection":[{"href":"https:\/\/legitgrams.com\/cs\/wp-json\/wp\/v2\/product"}],"about":[{"href":"https:\/\/legitgrams.com\/cs\/wp-json\/wp\/v2\/types\/product"}],"replies":[{"embeddable":true,"href":"https:\/\/legitgrams.com\/cs\/wp-json\/wp\/v2\/comments?post=4273"}],"wp:featuredmedia":[{"embeddable":true,"href":"https:\/\/legitgrams.com\/cs\/wp-json\/wp\/v2\/media\/5203"}],"wp:attachment":[{"href":"https:\/\/legitgrams.com\/cs\/wp-json\/wp\/v2\/media?parent=4273"}],"wp:term":[{"taxonomy":"product_brand","embeddable":true,"href":"https:\/\/legitgrams.com\/cs\/wp-json\/wp\/v2\/product_brand?post=4273"},{"taxonomy":"product_cat","embeddable":true,"href":"https:\/\/legitgrams.com\/cs\/wp-json\/wp\/v2\/product_cat?post=4273"},{"taxonomy":"product_tag","embeddable":true,"href":"https:\/\/legitgrams.com\/cs\/wp-json\/wp\/v2\/product_tag?post=4273"}],"curies":[{"name":"wp","href":"https:\/\/api.w.org\/{rel}","templated":true}]}}