{"id":4277,"date":"2024-09-22T08:23:22","date_gmt":"2024-09-22T08:23:22","guid":{"rendered":"https:\/\/legitgrams.com\/?post_type=product&#038;p=4277"},"modified":"2025-04-02T18:37:40","modified_gmt":"2025-04-02T18:37:40","slug":"kvalitni-modre-rolex-pilulky-extaze","status":"publish","type":"product","link":"https:\/\/legitgrams.com\/cs\/produkt\/kvalitni-modre-rolex-pilulky-extaze\/","title":{"rendered":"Kupte si kvalitn\u00ed modr\u00e9 pilulky ext\u00e1ze Rolex online"},"content":{"rendered":"<h2>Online n\u00e1kup vysoce kvalitn\u00edch modr\u00fdch pilulek ext\u00e1ze Rolex<\/h2>\n<p>Ext\u00e1ze byla poprv\u00e9 vytvo\u0159ena drogov\u00fdm vztahem spole\u010dnosti Merck v roce 1912. Dostala n\u00e1zev \u201e<a href=\"https:\/\/www.bing.com\/search?q=KuptesikvalitnmodrpilulkyextzeRolexonline&amp;qs=n&amp;form=QBRE&amp;sp=-1&amp;lq=0&amp;pq=kuptesikvalitnmodrpilulkyextzerolexonline&amp;sc=8-51&amp;sk=&amp;cvid=59738E7A100442DC8A19F92BA4984720&amp;ghsh=0&amp;ghacc=0&amp;ghpl=\">MDMA<\/a>\u201d proto\u017ee pro jeho odli\u0161nou strukturu. V roce 1953 ho americk\u00e9 ozbrojen\u00e9 s\u00edly poprv\u00e9 pou\u017eily v testech du\u0161evn\u00edho zapojen\u00ed. V 60. letech byl znovu na omezenou dobu vyu\u017e\u00edv\u00e1n jako terapeutick\u00e1 metoda pro \u201eni\u017e\u0161\u00ed z\u00e1brany\u201c.1. MDMA si z\u00edskalo popularitu jako sb\u011brn\u00e1 droga a\u017e v 70. letech.<\/p>\n<p>V polovin\u011b 80. let <a href=\"https:\/\/www.google.com\/search?q=Kupte+si+kvalitn+modr+pilulky+extze+Rolex+online&amp;sca_esv=eddefdb7b92e7545&amp;sxsrf=AHTn8zp66WFw_zTmrP3BJfJGm8LsqsKaaA1743619895533&amp;ei=N4ftZ9mXILek0PEPt4mqoAg&amp;ved=0ahUKEwiZj_yjgrqMAxU3EjQIHbeECoQQ4dUDCBA&amp;uact=5&amp;oq=Kupte+si+kvalitn+modr+pilulky+extze+Rolex+online&amp;gs_lp=Egxnd3Mtd2l6LXNlcnAiNkt1cHRlIHNpIGt2YWxpdG7DrSBtb2Ryw6kgcGlsdWxreSBleHTDoXplIFJvbGV4IG9ubGluZTIFECEYoAEyBRAhGKABMgUQIRigATIFECEYoAEyBRAhGKABMgUQIRirAki6BFAAWABwAHgAkAEAmAG9A6ABvQOqAQM0LTG4AQPIAQD4AQL4AQGYAgGgAskDmAMAkgcDNC0xoAfXBrIHAzQtMbgHyQM&amp;sclient=gws-wiz-serp\">MDMA<\/a> byl prod\u00e1v\u00e1n jako \u201enejp\u011bniv\u011bj\u0161\u00ed v\u011bc v technice s posl\u00e1n\u00edm pro pros\u00edm prost\u0159ednictv\u00edm v\u011bdy\u201c a jako \u201ep\u0159ipraven\u00e9 \u0159e\u0161en\u00ed\u201c pro p\u00e1rty, kter\u00e9 trvaly. A\u010dkoli byl MDMA v roce 1984 st\u00e1le popul\u00e1rn\u00ed drogou a prod\u00e1val se pod n\u00e1zvem \u201eJoy\u201c, bezpe\u010dnostn\u00ed obavy omezily jeho distribuci do roku 1985.<span style=\"font-size: 16px;\">\u00a0<\/span><a style=\"font-size: 16px; background-color: #ffffff;\" href=\"https:\/\/legitgrams.com\/cs\/\">LegitGrams<\/a><\/p>\n<p>Zejm\u00e9na <a href=\"https:\/\/duckduckgo.com\/?q=Buy+Quality+Blue+Rolex+Ecstasy+pills+Online&amp;t=h_&amp;ia=web\">modr\u00fd tablet Rolex<\/a> m\u016f\u017ee b\u00fdt z\u00e1sadn\u00ed pro lidi s post-stunting crushing component disorder (PTSD). Mnoho pacient\u016f se sna\u017e\u00ed p\u0159im\u011bt se mluvit o nebezpe\u010dn\u00fdch okolnostech, kter\u00e9 nejprve vedly k jejich probl\u00e9m\u016fm. P\u0159edpokl\u00e1d\u00e1 se, \u017ee napln\u011bn\u00ed by mohlo lidem pomoci zotavit se z t\u011bchto t\u011b\u017ek\u00fdch traumat.<\/p>\n<p>Doblin, pades\u00e1tilet\u00fd, je skute\u010dn\u011b nep\u0159ipraven\u00fd, neschopn\u00fd a nemonitorovan\u00fd; m\u00e1 vysokou m\u00edru odpov\u011bdnosti souvisej\u00edc\u00ed s drogami kv\u016fli sv\u00e9mu t\u011b\u017ek\u00e9mu u\u017e\u00edv\u00e1n\u00ed drog. Jeho slova: \u201eVelmi mi to zlep\u0161ilo \u017eivot,\u201c ned\u00e1vno p\u0159ijal my\u0161lenku, \u017ee Joy a dal\u0161\u00ed stimulanty maj\u00ed z\u00e1kladn\u00ed krit\u00e9ria \u00fasp\u011bchu.<\/p>\n<p>Pokud skute\u010dn\u011b hled\u00e1te organizaci, kter\u00e1 v\u00e1m m\u016f\u017ee nab\u00eddnout ty nejkvalitn\u011bj\u0161\u00ed produkty, jste na spr\u00e1vn\u00e9m m\u00edst\u011b. Vzhledem k mo\u017enostem na\u0161ich produkt\u016f si m\u016f\u017eete vybrat ty nejlep\u0161\u00ed polo\u017eky v na\u0161\u00ed nadaci, abyste si s n\u00e1mi vybudovali funguj\u00edc\u00ed vztah a z\u00edskali si va\u0161i d\u016fv\u011bru. Modr\u00e9 tablety Rolex v\u00e1m budou doru\u010deny dom\u016f do p\u011bti pracovn\u00edch dn\u016f, pokud dnes zad\u00e1te sv\u00e9 tr\u017eby.<\/p>\n<p>Kvalita n\u00e1kupu <a href=\"https:\/\/en.wikipedia.org\/wiki\/Ecstasy\">Modr\u00e9 pilulky Rolex Ecstasy<\/a> Online - n\u00e1kup tablet ext\u00e1ze, n\u00e1kup kvalitn\u00edch tablet ext\u00e1ze Blue Rolex, n\u00e1kup kvalitn\u00edch tablet ext\u00e1ze Blue Rolex online, kde koupit kvalitn\u00ed tablety ext\u00e1ze Blue Rolex, kvalitn\u00ed tablety ext\u00e1ze Blue Rolex na prodej, n\u00e1kup ext\u00e1ze online, kde koupit tablety ext\u00e1ze online, kvalitn\u00ed tablety ext\u00e1ze Blue Rolex, kde koupit tablety ext\u00e1ze online, kvalitn\u00ed tablety ext\u00e1ze Blue Rolex, kde koupit tablety ext\u00e1ze Blue Rolex, kde koupit tablety ext\u00e1ze Blue Rolex, kde koupit tablety ext\u00e1ze Blue Rolex, kde koupit tablety ext\u00e1ze Blue Rolex. <a href=\"https:\/\/legitgrams.com\/cs\/produkt\/kvalitni-modre-rolex-pilulky-extaze\/\">Rolex Ecstasy<\/a> Pilulky na prodej v USA, Kanad\u011b, Velk\u00e9 Brit\u00e1nii, n\u00e1kup, online, dodavatel\u00e9, bezpe\u010dn\u00e9 doru\u010den\u00ed, st\u00e1le m\u016f\u017eete z\u00edskat kvalitn\u00ed Blue Rolex ext\u00e1ze pilulky. M\u016f\u017eete tak\u00e9 zjistit, zda jsou leg\u00e1ln\u00ed ve Spojen\u00fdch st\u00e1tech, jak objednat Quality Blue Rolex ecstasy pills a zda jsou leg\u00e1ln\u00ed v Kanad\u011b.<\/p>","protected":false},"excerpt":{"rendered":"<p>Online Purchase of High-Quality Blue Rolex Ecstasy Pills Ecstasy was first created by the Merck drug relationship in 1912. It was given the name &#8220;MDMA&#8221; because to its distinct structure. In 1953, the US Armed Forces employed it for the first time in mental engagement tests. In the 1960s, it was utilized once more for &hellip;<\/p>\n<p class=\"read-more\"> <a class=\"\" href=\"https:\/\/legitgrams.com\/cs\/produkt\/kvalitni-modre-rolex-pilulky-extaze\/\"> <span class=\"screen-reader-text\">Kupte si kvalitn\u00ed modr\u00e9 pilulky ext\u00e1ze Rolex online<\/span> \u010c\u00edst d\u00e1l \"<\/a><\/p>","protected":false},"featured_media":5198,"comment_status":"open","ping_status":"closed","template":"","meta":{"_uag_custom_page_level_css":"","site-sidebar-layout":"default","site-content-layout":"default","ast-global-header-display":"","ast-main-header-display":"","ast-hfb-above-header-display":"","ast-hfb-below-header-display":"","ast-hfb-mobile-header-display":"","site-post-title":"","ast-breadcrumbs-content":"","ast-featured-img":"","footer-sml-layout":"","theme-transparent-header-meta":"default","adv-header-id-meta":"","stick-header-meta":"default","header-above-stick-meta":"","header-main-stick-meta":"","header-below-stick-meta":"","_joinchat":[]},"product_brand":[],"product_cat":[596],"product_tag":[1200,1190,617,1182,1197,1194,1189,1187,1199,1181,1184,1192,1183,1185,1195,1202,1203,1201,1193,1198,1196,625,1188,1191,1186],"class_list":{"0":"post-4277","1":"product","2":"type-product","3":"status-publish","4":"has-post-thumbnail","6":"product_cat-ecstasy-pills-mdma","7":"product_tag-best-cheap-price-quality-blue-rolex-ecstasy-pills","8":"product_tag-best-place-to-buy-quality-blue-rolex-ecstasy-pills","9":"product_tag-bulk-online","10":"product_tag-buy-quality-blue-rolex-ecstasy-pills","11":"product_tag-cheap-quality-blue-rolex-ecstasy-pills","12":"product_tag-high-quality-quality-blue-rolex-ecstasy-pills","13":"product_tag-how-to-buy-quality-blue-rolex-ecstasy-pills","14":"product_tag-order-quality-blue-rolex-ecstasy-pills","15":"product_tag-purcharse-quality-blue-rolex-ecstasy-pills","16":"product_tag-quality-blue-rolex-ecstasy-pills","17":"product_tag-quality-blue-rolex-ecstasy-pills-for-sale","18":"product_tag-quality-blue-rolex-ecstasy-pills-legally","19":"product_tag-quality-blue-rolex-ecstasy-pills-online","20":"product_tag-quality-blue-rolex-ecstasy-pills-quality-blue-rolex-ecstasy-pills-supplier","21":"product_tag-quality-blue-rolex-ecstasy-pills-store","22":"product_tag-quality-blue-rolex-ecstasy-pills-use","23":"product_tag-quality-blue-rolex-ecstasy-pills-wiki","24":"product_tag-quality-blue-rolex-ecstasy-pills-worldwide","25":"product_tag-quality-blue-rolex-ecstasy-pillsprice","26":"product_tag-quality-blue-rolex-ecstasy-pillss","27":"product_tag-shop-quality-blue-rolex-ecstasy-pills","28":"product_tag-top-quality","29":"product_tag-where-to-buy-quality-blue-rolex-ecstasy-pills","30":"product_tag-where-to-order-quality-blue-rolex-ecstasy-pills","31":"product_tag-wholesale-quality-blue-rolex-ecstasy-pills","32":"desktop-align-left","33":"tablet-align-left","34":"mobile-align-left","35":"ast-product-gallery-layout-horizontal","36":"ast-product-gallery-with-no-image","37":"ast-product-single-variable","38":"ast-product-tabs-layout-horizontal","39":"ast-qv-on-image","41":"first","42":"instock","43":"shipping-taxable","44":"purchasable","45":"product-type-variable"},"yoast_head":"<!-- This site is optimized with the Yoast SEO plugin v25.9 - https:\/\/yoast.com\/wordpress\/plugins\/seo\/ -->\n<title>Buy Quality Blue Rolex Ecstasy Pills Online @ Best Price | LG<\/title>\n<meta name=\"description\" content=\"Explore our online store for quality blue rolex ecstasy pills for sale, offering high-quality blue rolex ecstasy pills. Buy quality blue rolex ecstasy Pills online securely and embark on your research journey with confidence.\" \/>\n<meta name=\"robots\" content=\"index, follow, max-snippet:-1, max-image-preview:large, max-video-preview:-1\" \/>\n<link rel=\"canonical\" href=\"https:\/\/legitgrams.com\/cs\/produkt\/kvalitni-modre-rolex-pilulky-extaze\/\" \/>\n<meta property=\"og:locale\" content=\"cs_CZ\" \/>\n<meta property=\"og:type\" content=\"article\" \/>\n<meta property=\"og:title\" content=\"Buy Quality Blue Rolex Ecstasy Pills Online @ Best Price | LG\" \/>\n<meta property=\"og:description\" content=\"Explore our online store for quality blue rolex ecstasy pills for sale, offering high-quality blue rolex ecstasy pills. Buy quality blue rolex ecstasy Pills online securely and embark on your research journey with confidence.\" \/>\n<meta property=\"og:url\" content=\"https:\/\/legitgrams.com\/cs\/produkt\/kvalitni-modre-rolex-pilulky-extaze\/\" \/>\n<meta property=\"og:site_name\" content=\"Legit Grams\" \/>\n<meta property=\"article:modified_time\" content=\"2025-04-02T18:37:40+00:00\" \/>\n<meta property=\"og:image\" content=\"https:\/\/legitgrams.com\/wp-content\/uploads\/2024\/09\/buy-quality-blue-rolex-ecstasy-pills-online.jpg\" \/>\n\t<meta property=\"og:image:width\" content=\"600\" \/>\n\t<meta property=\"og:image:height\" content=\"600\" \/>\n\t<meta property=\"og:image:type\" content=\"image\/jpeg\" \/>\n<meta name=\"twitter:card\" content=\"summary_large_image\" \/>\n<meta name=\"twitter:label1\" content=\"Odhadovan\u00e1 doba \u010dten\u00ed\" \/>\n\t<meta name=\"twitter:data1\" content=\"2 minuty\" \/>\n<script type=\"application\/ld+json\" class=\"yoast-schema-graph\">{\"@context\":\"https:\/\/schema.org\",\"@graph\":[{\"@type\":\"WebPage\",\"@id\":\"https:\/\/legitgrams.com\/product\/quality-blue-rolex-ecstasy-pills\/\",\"url\":\"https:\/\/legitgrams.com\/product\/quality-blue-rolex-ecstasy-pills\/\",\"name\":\"Buy Quality Blue Rolex Ecstasy Pills Online @ Best Price | LG\",\"isPartOf\":{\"@id\":\"https:\/\/legitgrams.com\/#website\"},\"primaryImageOfPage\":{\"@id\":\"https:\/\/legitgrams.com\/product\/quality-blue-rolex-ecstasy-pills\/#primaryimage\"},\"image\":{\"@id\":\"https:\/\/legitgrams.com\/product\/quality-blue-rolex-ecstasy-pills\/#primaryimage\"},\"thumbnailUrl\":\"https:\/\/legitgrams.com\/wp-content\/uploads\/2024\/09\/buy-quality-blue-rolex-ecstasy-pills-online.jpg\",\"datePublished\":\"2024-09-22T08:23:22+00:00\",\"dateModified\":\"2025-04-02T18:37:40+00:00\",\"description\":\"Explore our online store for quality blue rolex ecstasy pills for sale, offering high-quality blue rolex ecstasy pills. Buy quality blue rolex ecstasy Pills online securely and embark on your research journey with confidence.\",\"breadcrumb\":{\"@id\":\"https:\/\/legitgrams.com\/product\/quality-blue-rolex-ecstasy-pills\/#breadcrumb\"},\"inLanguage\":\"cs\",\"potentialAction\":[{\"@type\":\"ReadAction\",\"target\":[\"https:\/\/legitgrams.com\/product\/quality-blue-rolex-ecstasy-pills\/\"]}]},{\"@type\":\"ImageObject\",\"inLanguage\":\"cs\",\"@id\":\"https:\/\/legitgrams.com\/product\/quality-blue-rolex-ecstasy-pills\/#primaryimage\",\"url\":\"https:\/\/legitgrams.com\/wp-content\/uploads\/2024\/09\/buy-quality-blue-rolex-ecstasy-pills-online.jpg\",\"contentUrl\":\"https:\/\/legitgrams.com\/wp-content\/uploads\/2024\/09\/buy-quality-blue-rolex-ecstasy-pills-online.jpg\",\"width\":600,\"height\":600,\"caption\":\"Quality Blue Rolex Ecstasy Pills for Sale\"},{\"@type\":\"BreadcrumbList\",\"@id\":\"https:\/\/legitgrams.com\/product\/quality-blue-rolex-ecstasy-pills\/#breadcrumb\",\"itemListElement\":[{\"@type\":\"ListItem\",\"position\":1,\"name\":\"Home\",\"item\":\"https:\/\/legitgrams.com\/\"},{\"@type\":\"ListItem\",\"position\":2,\"name\":\"Shop\",\"item\":\"https:\/\/legitgrams.com\/shop\/\"},{\"@type\":\"ListItem\",\"position\":3,\"name\":\"Buy Quality Blue Rolex Ecstasy pills Online\"}]},{\"@type\":\"WebSite\",\"@id\":\"https:\/\/legitgrams.com\/#website\",\"url\":\"https:\/\/legitgrams.com\/\",\"name\":\"Legit Grams\",\"description\":\"My WordPress Blog\",\"publisher\":{\"@id\":\"https:\/\/legitgrams.com\/#organization\"},\"potentialAction\":[{\"@type\":\"SearchAction\",\"target\":{\"@type\":\"EntryPoint\",\"urlTemplate\":\"https:\/\/legitgrams.com\/?s={search_term_string}\"},\"query-input\":{\"@type\":\"PropertyValueSpecification\",\"valueRequired\":true,\"valueName\":\"search_term_string\"}}],\"inLanguage\":\"cs\"},{\"@type\":\"Organization\",\"@id\":\"https:\/\/legitgrams.com\/#organization\",\"name\":\"Legit Grams\",\"url\":\"https:\/\/legitgrams.com\/\",\"logo\":{\"@type\":\"ImageObject\",\"inLanguage\":\"cs\",\"@id\":\"https:\/\/legitgrams.com\/#\/schema\/logo\/image\/\",\"url\":\"https:\/\/legitgrams.com\/wp-content\/uploads\/2024\/09\/main-logo.png\",\"contentUrl\":\"https:\/\/legitgrams.com\/wp-content\/uploads\/2024\/09\/main-logo.png\",\"width\":270,\"height\":75,\"caption\":\"Legit Grams\"},\"image\":{\"@id\":\"https:\/\/legitgrams.com\/#\/schema\/logo\/image\/\"}}]}<\/script>\n<!-- \/ Yoast SEO plugin. -->","yoast_head_json":{"title":"Koupit kvalitn\u00ed modr\u00e9 pilulky ext\u00e1ze Rolex online za nejlep\u0161\u00ed cenu | LG","description":"Prozkoumejte n\u00e1\u0161 internetov\u00fd obchod s kvalitn\u00edmi modr\u00fdmi pilulkami rolex ecstasy na prodej, kter\u00fd nab\u00edz\u00ed vysoce kvalitn\u00ed modr\u00e9 pilulky rolex ecstasy. Nakupujte kvalitn\u00ed modr\u00e9 rolex ext\u00e1ze pilulky bezpe\u010dn\u011b online a vydejte se s d\u016fv\u011brou na svou v\u00fdzkumnou cestu.","robots":{"index":"index","follow":"follow","max-snippet":"max-snippet:-1","max-image-preview":"max-image-preview:large","max-video-preview":"max-video-preview:-1"},"canonical":"https:\/\/legitgrams.com\/cs\/produkt\/kvalitni-modre-rolex-pilulky-extaze\/","og_locale":"cs_CZ","og_type":"article","og_title":"Buy Quality Blue Rolex Ecstasy Pills Online @ Best Price | LG","og_description":"Explore our online store for quality blue rolex ecstasy pills for sale, offering high-quality blue rolex ecstasy pills. Buy quality blue rolex ecstasy Pills online securely and embark on your research journey with confidence.","og_url":"https:\/\/legitgrams.com\/cs\/produkt\/kvalitni-modre-rolex-pilulky-extaze\/","og_site_name":"Legit Grams","article_modified_time":"2025-04-02T18:37:40+00:00","og_image":[{"width":600,"height":600,"url":"https:\/\/legitgrams.com\/wp-content\/uploads\/2024\/09\/buy-quality-blue-rolex-ecstasy-pills-online.jpg","type":"image\/jpeg"}],"twitter_card":"summary_large_image","twitter_misc":{"Odhadovan\u00e1 doba \u010dten\u00ed":"2 minuty"},"schema":{"@context":"https:\/\/schema.org","@graph":[{"@type":"WebPage","@id":"https:\/\/legitgrams.com\/product\/quality-blue-rolex-ecstasy-pills\/","url":"https:\/\/legitgrams.com\/product\/quality-blue-rolex-ecstasy-pills\/","name":"Koupit kvalitn\u00ed modr\u00e9 pilulky ext\u00e1ze Rolex online za nejlep\u0161\u00ed cenu | LG","isPartOf":{"@id":"https:\/\/legitgrams.com\/#website"},"primaryImageOfPage":{"@id":"https:\/\/legitgrams.com\/product\/quality-blue-rolex-ecstasy-pills\/#primaryimage"},"image":{"@id":"https:\/\/legitgrams.com\/product\/quality-blue-rolex-ecstasy-pills\/#primaryimage"},"thumbnailUrl":"https:\/\/legitgrams.com\/wp-content\/uploads\/2024\/09\/buy-quality-blue-rolex-ecstasy-pills-online.jpg","datePublished":"2024-09-22T08:23:22+00:00","dateModified":"2025-04-02T18:37:40+00:00","description":"Prozkoumejte n\u00e1\u0161 internetov\u00fd obchod s kvalitn\u00edmi modr\u00fdmi pilulkami rolex ecstasy na prodej, kter\u00fd nab\u00edz\u00ed vysoce kvalitn\u00ed modr\u00e9 pilulky rolex ecstasy. Nakupujte kvalitn\u00ed modr\u00e9 rolex ext\u00e1ze pilulky bezpe\u010dn\u011b online a vydejte se s d\u016fv\u011brou na svou v\u00fdzkumnou cestu.","breadcrumb":{"@id":"https:\/\/legitgrams.com\/product\/quality-blue-rolex-ecstasy-pills\/#breadcrumb"},"inLanguage":"cs","potentialAction":[{"@type":"ReadAction","target":["https:\/\/legitgrams.com\/product\/quality-blue-rolex-ecstasy-pills\/"]}]},{"@type":"ImageObject","inLanguage":"cs","@id":"https:\/\/legitgrams.com\/product\/quality-blue-rolex-ecstasy-pills\/#primaryimage","url":"https:\/\/legitgrams.com\/wp-content\/uploads\/2024\/09\/buy-quality-blue-rolex-ecstasy-pills-online.jpg","contentUrl":"https:\/\/legitgrams.com\/wp-content\/uploads\/2024\/09\/buy-quality-blue-rolex-ecstasy-pills-online.jpg","width":600,"height":600,"caption":"Quality Blue Rolex Ecstasy Pills for Sale"},{"@type":"BreadcrumbList","@id":"https:\/\/legitgrams.com\/product\/quality-blue-rolex-ecstasy-pills\/#breadcrumb","itemListElement":[{"@type":"ListItem","position":1,"name":"Home","item":"https:\/\/legitgrams.com\/"},{"@type":"ListItem","position":2,"name":"Shop","item":"https:\/\/legitgrams.com\/shop\/"},{"@type":"ListItem","position":3,"name":"Buy Quality Blue Rolex Ecstasy pills Online"}]},{"@type":"WebSite","@id":"https:\/\/legitgrams.com\/#website","url":"https:\/\/legitgrams.com\/","name":"Leg\u00e1ln\u00ed gramy","description":"M\u016fj blog WordPress","publisher":{"@id":"https:\/\/legitgrams.com\/#organization"},"potentialAction":[{"@type":"SearchAction","target":{"@type":"EntryPoint","urlTemplate":"https:\/\/legitgrams.com\/?s={search_term_string}"},"query-input":{"@type":"PropertyValueSpecification","valueRequired":true,"valueName":"search_term_string"}}],"inLanguage":"cs"},{"@type":"Organization","@id":"https:\/\/legitgrams.com\/#organization","name":"Leg\u00e1ln\u00ed gramy","url":"https:\/\/legitgrams.com\/","logo":{"@type":"ImageObject","inLanguage":"cs","@id":"https:\/\/legitgrams.com\/#\/schema\/logo\/image\/","url":"https:\/\/legitgrams.com\/wp-content\/uploads\/2024\/09\/main-logo.png","contentUrl":"https:\/\/legitgrams.com\/wp-content\/uploads\/2024\/09\/main-logo.png","width":270,"height":75,"caption":"Legit Grams"},"image":{"@id":"https:\/\/legitgrams.com\/#\/schema\/logo\/image\/"}}]}},"uagb_featured_image_src":{"full":["https:\/\/legitgrams.com\/wp-content\/uploads\/2024\/09\/buy-quality-blue-rolex-ecstasy-pills-online.jpg",600,600,false],"thumbnail":["https:\/\/legitgrams.com\/wp-content\/uploads\/2024\/09\/buy-quality-blue-rolex-ecstasy-pills-online-150x150.jpg",150,150,true],"medium":["https:\/\/legitgrams.com\/wp-content\/uploads\/2024\/09\/buy-quality-blue-rolex-ecstasy-pills-online-300x300.jpg",300,300,true],"medium_large":["https:\/\/legitgrams.com\/wp-content\/uploads\/2024\/09\/buy-quality-blue-rolex-ecstasy-pills-online.jpg",600,600,false],"large":["https:\/\/legitgrams.com\/wp-content\/uploads\/2024\/09\/buy-quality-blue-rolex-ecstasy-pills-online.jpg",600,600,false],"1536x1536":["https:\/\/legitgrams.com\/wp-content\/uploads\/2024\/09\/buy-quality-blue-rolex-ecstasy-pills-online.jpg",600,600,false],"2048x2048":["https:\/\/legitgrams.com\/wp-content\/uploads\/2024\/09\/buy-quality-blue-rolex-ecstasy-pills-online.jpg",600,600,false],"trp-custom-language-flag":["https:\/\/legitgrams.com\/wp-content\/uploads\/2024\/09\/buy-quality-blue-rolex-ecstasy-pills-online-12x12.jpg",12,12,true],"woocommerce_thumbnail":["https:\/\/legitgrams.com\/wp-content\/uploads\/2024\/09\/buy-quality-blue-rolex-ecstasy-pills-online-300x300.jpg",300,300,true],"woocommerce_single":["https:\/\/legitgrams.com\/wp-content\/uploads\/2024\/09\/buy-quality-blue-rolex-ecstasy-pills-online.jpg",600,600,false],"woocommerce_gallery_thumbnail":["https:\/\/legitgrams.com\/wp-content\/uploads\/2024\/09\/buy-quality-blue-rolex-ecstasy-pills-online-100x100.jpg",100,100,true]},"uagb_author_info":{"display_name":"cokeblog18","author_link":"https:\/\/legitgrams.com\/cs\/author\/"},"uagb_comment_info":0,"uagb_excerpt":"Online Purchase of High-Quality Blue Rolex Ecstasy Pills Ecstasy was first created by the Merck drug relationship in 1912. It was given the name &#8220;MDMA&#8221; because to its distinct structure. In 1953, the US Armed Forces employed it for the first time in mental engagement tests. In the 1960s, it was utilized once more for&hellip;","_links":{"self":[{"href":"https:\/\/legitgrams.com\/cs\/wp-json\/wp\/v2\/product\/4277","targetHints":{"allow":["GET"]}}],"collection":[{"href":"https:\/\/legitgrams.com\/cs\/wp-json\/wp\/v2\/product"}],"about":[{"href":"https:\/\/legitgrams.com\/cs\/wp-json\/wp\/v2\/types\/product"}],"replies":[{"embeddable":true,"href":"https:\/\/legitgrams.com\/cs\/wp-json\/wp\/v2\/comments?post=4277"}],"wp:featuredmedia":[{"embeddable":true,"href":"https:\/\/legitgrams.com\/cs\/wp-json\/wp\/v2\/media\/5198"}],"wp:attachment":[{"href":"https:\/\/legitgrams.com\/cs\/wp-json\/wp\/v2\/media?parent=4277"}],"wp:term":[{"taxonomy":"product_brand","embeddable":true,"href":"https:\/\/legitgrams.com\/cs\/wp-json\/wp\/v2\/product_brand?post=4277"},{"taxonomy":"product_cat","embeddable":true,"href":"https:\/\/legitgrams.com\/cs\/wp-json\/wp\/v2\/product_cat?post=4277"},{"taxonomy":"product_tag","embeddable":true,"href":"https:\/\/legitgrams.com\/cs\/wp-json\/wp\/v2\/product_tag?post=4277"}],"curies":[{"name":"wp","href":"https:\/\/api.w.org\/{rel}","templated":true}]}}