{"id":4294,"date":"2024-09-22T09:52:35","date_gmt":"2024-09-22T09:52:35","guid":{"rendered":"https:\/\/legitgrams.com\/?post_type=product&#038;p=4294"},"modified":"2026-02-28T13:44:25","modified_gmt":"2026-02-28T13:44:25","slug":"modry-delfin-extaze-pilulky","status":"publish","type":"product","link":"https:\/\/legitgrams.com\/cs\/produkt\/modry-delfin-extaze-pilulky\/","title":{"rendered":"Kupte si pilulky ext\u00e1ze Blue Dolphin online"},"content":{"rendered":"<h2>Kupte si pilulky ext\u00e1ze Blue Dolphin online<\/h2>\n<p>Ext\u00e1ze byla poprv\u00e9 vytvo\u0159ena drogov\u00fdm vztahem spole\u010dnosti Merck v roce 1912. Dostala n\u00e1zev \u201eMDMA\u201c kv\u016fli sv\u00e9 odli\u0161n\u00e9 struktu\u0159e. V roce 1953 jej americk\u00e9 ozbrojen\u00e9 s\u00edly poprv\u00e9 pou\u017eily v testech du\u0161evn\u00edho zapojen\u00ed. V 60. letech 20. stolet\u00ed byl znovu na omezenou dobu vyu\u017e\u00edv\u00e1n jako terapeutick\u00e1 metoda pro \u201eni\u017e\u0161\u00ed inhibice\u201c.1. MDMA si z\u00edskalo popularitu jako sb\u011brn\u00e1 droga a\u017e v 70. letech 20. stolet\u00ed.<\/p>\n<p>V polovin\u011b 80. let <a href=\"https:\/\/en.wikipedia.org\/wiki\/MDMA\">MDMA<\/a> Ext\u00e1ze byla poprv\u00e9 vytvo\u0159ena drogov\u00fdm vztahem spole\u010dnosti Merck v roce 1912. Dostala n\u00e1zev \u201eMDMA\u201c kv\u016fli sv\u00e9 odli\u0161n\u00e9 struktu\u0159e. V roce 1953 jej americk\u00e9 ozbrojen\u00e9 s\u00edly poprv\u00e9 pou\u017eily v testech du\u0161evn\u00edho zapojen\u00ed. V 60. letech 20. stolet\u00ed byl znovu na omezenou dobu vyu\u017e\u00edv\u00e1n jako terapeutick\u00e1 metoda pro \u201eni\u017e\u0161\u00ed inhibice\u201c.1. MDMA si z\u00edskalo popularitu jako sb\u011brn\u00e1 droga a\u017e v 70. letech 20. stolet\u00ed.<\/p>\n<h3>Ext\u00e1ze modr\u00e9ho delf\u00edna<\/h3>\n<p><a href=\"https:\/\/legitgrams.com\/cs\/produkt\/modry-delfin-extaze-pilulky\/\">Doblin<\/a>, pades\u00e1tka, je skute\u010dn\u011b nep\u0159ipraven\u00e1, neschopn\u00e1 a nemonitorovan\u00e1; m\u00e1 vysokou m\u00edru odpov\u011bdnosti souvisej\u00edc\u00ed s drogami kv\u016fli sv\u00e9mu t\u011b\u017ek\u00e9mu u\u017e\u00edv\u00e1n\u00ed drog. Jeho slova: \u201eVelmi mi to zlep\u0161ilo \u017eivot,\u201c ned\u00e1vno p\u0159ijal my\u0161lenku, \u017ee Joy a dal\u0161\u00ed stimulanty maj\u00ed z\u00e1kladn\u00ed krit\u00e9ria \u00fasp\u011bchu.<\/p>\n<p>Pokud skute\u010dn\u011b hled\u00e1te organizaci, kter\u00e1 v\u00e1m m\u016f\u017ee nab\u00eddnout ty nejkvalitn\u011bj\u0161\u00ed produkty, jste na spr\u00e1vn\u00e9m m\u00edst\u011b. Vzhledem k rozmanitosti na\u0161ich produkt\u016f si v na\u0161\u00ed nadaci m\u016f\u017eete vybrat ty nejlep\u0161\u00ed mo\u017enosti, jak vybudovat vztah a z\u00edskat si va\u0161i d\u016fv\u011bru. Blue Dolphin Ecstasy bude doru\u010dena do va\u0161eho domu do p\u011bti pracovn\u00edch dn\u016f, pokud dnes zad\u00e1te sv\u016fj prodej. Bla\u017eenost modr\u00e9ho delf\u00edna<\/p>\n<p>Ext\u00e1ze byla poprv\u00e9 vytvo\u0159ena drogov\u00fdm vztahem spole\u010dnosti Merck v roce 1912. Dostala n\u00e1zev \u201eMDMA\u201c kv\u016fli sv\u00e9 odli\u0161n\u00e9 struktu\u0159e. V roce 1953 jej americk\u00e9 ozbrojen\u00e9 s\u00edly poprv\u00e9 pou\u017eily v testech du\u0161evn\u00edho zapojen\u00ed. V 60. letech 20. stolet\u00ed byla kr\u00e1tce znovu pou\u017eita jako psychoterapeutick\u00e1 technika ke \u201esn\u00ed\u017een\u00ed z\u00e1bran\u201c.1. MDMA se stalo popul\u00e1rn\u00edm a\u017e v sedmdes\u00e1t\u00fdch letech.<\/p>\n<h3>Obl\u00edben\u00fd l\u00e9k na ve\u010d\u00edrky.<\/h3>\n<p>V polovin\u011b 80. let bylo MDMA uv\u00e1d\u011bno na trh jako \u201enejp\u011bniv\u011bj\u0161\u00ed v\u011bc v technice s posl\u00e1n\u00edm pot\u011b\u0161it prost\u0159ednictv\u00edm v\u011bdy\u201c a jako \u201ep\u0159ipraven\u00e9 \u0159e\u0161en\u00ed\u201c pro ve\u010d\u00edrky, kter\u00e9 trvaly. A\u010dkoli MDMA byla v roce 1984 st\u00e1le hlavn\u00ed drogou a byla prod\u00e1v\u00e1na pod n\u00e1zvem \u201eJoy\u201c, bezpe\u010dnostn\u00ed obavy omezily jej\u00ed distribuci do roku 1985. <a href=\"https:\/\/legitgrams.com\/cs\/\">LegitGrams<\/a><\/p>\n<p>Drogy modr\u00e9ho delf\u00edna, ext\u00e1ze modr\u00e9ho delf\u00edna a l\u00e9ky odvozen\u00e9 od modr\u00fdch delf\u00edn\u016f<\/p>\n<h3>Modr\u00fd odst\u00edn Rozm\u011bry: Velikost: 295 mg<\/h3>\n<p>Pilulky ext\u00e1ze Blue Dolphin jsou k dispozici ke koupi online. Ve Spojen\u00fdch st\u00e1tech, Kanad\u011b, Spojen\u00e9m kr\u00e1lovstv\u00ed a dal\u0161\u00edch zem\u00edch se prod\u00e1vaj\u00ed pilulky ext\u00e1ze Blue Dolphin. Dodavatel\u00e9 poskytuj\u00ed pilulky ext\u00e1ze Blue Dolphin, kter\u00e9 jsou bezpe\u010dn\u011b doru\u010deny. Pilulky ext\u00e1ze It Blue Dolphin jsou st\u00e1le k dispozici. Krom\u011b toho se m\u016f\u017eete dozv\u011bd\u011bt, zda jsou leg\u00e1ln\u00ed v Kanad\u011b, jak si je objednat a zda jsou leg\u00e1ln\u00ed ve Spojen\u00fdch st\u00e1tech.<\/p>","protected":false},"excerpt":{"rendered":"<p>Buy Blue Dolphin Ecstasy Pills Online Ecstasy was first created by the Merck drug relationship in 1912. It was given the name &#8220;MDMA&#8221; because to its distinct structure. In 1953, the US Armed Forces employed it for the first time in mental engagement tests. In the 1960s, it was utilized once more for a limited &hellip;<\/p>\n<p class=\"read-more\"> <a class=\"\" href=\"https:\/\/legitgrams.com\/cs\/produkt\/modry-delfin-extaze-pilulky\/\"> <span class=\"screen-reader-text\">Kupte si pilulky ext\u00e1ze Blue Dolphin online<\/span> \u010c\u00edst d\u00e1l \"<\/a><\/p>","protected":false},"featured_media":5189,"comment_status":"open","ping_status":"closed","template":"","meta":{"_uag_custom_page_level_css":"","site-sidebar-layout":"default","site-content-layout":"default","ast-global-header-display":"","ast-main-header-display":"","ast-hfb-above-header-display":"","ast-hfb-below-header-display":"","ast-hfb-mobile-header-display":"","site-post-title":"","ast-breadcrumbs-content":"","ast-featured-img":"","footer-sml-layout":"","theme-transparent-header-meta":"default","adv-header-id-meta":"","stick-header-meta":"default","header-above-stick-meta":"","header-main-stick-meta":"","header-below-stick-meta":"","_joinchat":[]},"product_brand":[],"product_cat":[596],"product_tag":[993,983,974,978,977,985,976,988,995,996,994,986,991,617,975,990,987,982,980,992,989,625,981,984,979],"class_list":{"0":"post-4294","1":"product","2":"type-product","3":"status-publish","4":"has-post-thumbnail","6":"product_cat-ecstasy-pills-mdma","7":"product_tag-best-cheap-price-blue-dolphin-ecstasy-pills","8":"product_tag-best-place-to-buy-blue-dolphin-ecstasy-pills","9":"product_tag-blue-dolphin-ecstasy-pills","10":"product_tag-blue-dolphin-ecstasy-pills-blue-dolphin-ecstasy-pills-supplier","11":"product_tag-blue-dolphin-ecstasy-pills-for-sale","12":"product_tag-blue-dolphin-ecstasy-pills-legally","13":"product_tag-blue-dolphin-ecstasy-pills-online","14":"product_tag-blue-dolphin-ecstasy-pills-store","15":"product_tag-blue-dolphin-ecstasy-pills-use","16":"product_tag-blue-dolphin-ecstasy-pills-wiki","17":"product_tag-blue-dolphin-ecstasy-pills-worldwide","18":"product_tag-blue-dolphin-ecstasy-pillsprice","19":"product_tag-blue-dolphin-ecstasy-pillss","20":"product_tag-bulk-online","21":"product_tag-buy-blue-dolphin-ecstasy-pills","22":"product_tag-cheap-blue-dolphin-ecstasy-pills","23":"product_tag-high-quality-blue-dolphin-ecstasy-pills","24":"product_tag-how-to-buy-blue-dolphin-ecstasy-pills","25":"product_tag-order-blue-dolphin-ecstasy-pills","26":"product_tag-purcharse-blue-dolphin-ecstasy-pills","27":"product_tag-shop-blue-dolphin-ecstasy-pills","28":"product_tag-top-quality","29":"product_tag-where-to-buy-blue-dolphin-ecstasy-pills","30":"product_tag-where-to-order-blue-dolphin-ecstasy-pills","31":"product_tag-wholesale-blue-dolphin-ecstasy-pills","32":"desktop-align-left","33":"tablet-align-left","34":"mobile-align-left","35":"ast-product-gallery-layout-horizontal","36":"ast-product-gallery-with-no-image","37":"ast-product-single-variable","38":"ast-product-tabs-layout-horizontal","39":"ast-qv-on-image","41":"first","42":"instock","43":"shipping-taxable","44":"purchasable","45":"product-type-variable"},"yoast_head":"<!-- This site is optimized with the Yoast SEO plugin v25.9 - https:\/\/yoast.com\/wordpress\/plugins\/seo\/ -->\n<title>Blue Dolphin Ecstasy Pills for Sale Online - Order Blue Dolphin<\/title>\n<meta name=\"description\" content=\"Buy blue dolphin ecstasy pills online conveniently and securely, with a straightforward order process. Just place an order today for blue dolphin ecstasy pills for sale!\" \/>\n<meta name=\"robots\" content=\"index, follow, max-snippet:-1, max-image-preview:large, max-video-preview:-1\" \/>\n<link rel=\"canonical\" href=\"https:\/\/legitgrams.com\/cs\/produkt\/modry-delfin-extaze-pilulky\/\" \/>\n<meta property=\"og:locale\" content=\"cs_CZ\" \/>\n<meta property=\"og:type\" content=\"article\" \/>\n<meta property=\"og:title\" content=\"Blue Dolphin Ecstasy Pills for Sale Online - Order Blue Dolphin\" \/>\n<meta property=\"og:description\" content=\"Buy blue dolphin ecstasy pills online conveniently and securely, with a straightforward order process. Just place an order today for blue dolphin ecstasy pills for sale!\" \/>\n<meta property=\"og:url\" content=\"https:\/\/legitgrams.com\/cs\/produkt\/modry-delfin-extaze-pilulky\/\" \/>\n<meta property=\"og:site_name\" content=\"Legit Grams\" \/>\n<meta property=\"article:modified_time\" content=\"2026-02-28T13:44:25+00:00\" \/>\n<meta property=\"og:image\" content=\"https:\/\/legitgrams.com\/wp-content\/uploads\/2024\/09\/buy-blue-dolphin-ecstasy-pills-online.jpg\" \/>\n\t<meta property=\"og:image:width\" content=\"600\" \/>\n\t<meta property=\"og:image:height\" content=\"600\" \/>\n\t<meta property=\"og:image:type\" content=\"image\/jpeg\" \/>\n<meta name=\"twitter:card\" content=\"summary_large_image\" \/>\n<meta name=\"twitter:label1\" content=\"Odhadovan\u00e1 doba \u010dten\u00ed\" \/>\n\t<meta name=\"twitter:data1\" content=\"3 minuty\" \/>\n<script type=\"application\/ld+json\" class=\"yoast-schema-graph\">{\"@context\":\"https:\/\/schema.org\",\"@graph\":[{\"@type\":\"WebPage\",\"@id\":\"https:\/\/legitgrams.com\/product\/blue-dolphin-ecstasy-pills\/\",\"url\":\"https:\/\/legitgrams.com\/product\/blue-dolphin-ecstasy-pills\/\",\"name\":\"Blue Dolphin Ecstasy Pills for Sale Online - Order Blue Dolphin\",\"isPartOf\":{\"@id\":\"https:\/\/legitgrams.com\/#website\"},\"primaryImageOfPage\":{\"@id\":\"https:\/\/legitgrams.com\/product\/blue-dolphin-ecstasy-pills\/#primaryimage\"},\"image\":{\"@id\":\"https:\/\/legitgrams.com\/product\/blue-dolphin-ecstasy-pills\/#primaryimage\"},\"thumbnailUrl\":\"https:\/\/legitgrams.com\/wp-content\/uploads\/2024\/09\/buy-blue-dolphin-ecstasy-pills-online.jpg\",\"datePublished\":\"2024-09-22T09:52:35+00:00\",\"dateModified\":\"2026-02-28T13:44:25+00:00\",\"description\":\"Buy blue dolphin ecstasy pills online conveniently and securely, with a straightforward order process. Just place an order today for blue dolphin ecstasy pills for sale!\",\"breadcrumb\":{\"@id\":\"https:\/\/legitgrams.com\/product\/blue-dolphin-ecstasy-pills\/#breadcrumb\"},\"inLanguage\":\"cs\",\"potentialAction\":[{\"@type\":\"ReadAction\",\"target\":[\"https:\/\/legitgrams.com\/product\/blue-dolphin-ecstasy-pills\/\"]}]},{\"@type\":\"ImageObject\",\"inLanguage\":\"cs\",\"@id\":\"https:\/\/legitgrams.com\/product\/blue-dolphin-ecstasy-pills\/#primaryimage\",\"url\":\"https:\/\/legitgrams.com\/wp-content\/uploads\/2024\/09\/buy-blue-dolphin-ecstasy-pills-online.jpg\",\"contentUrl\":\"https:\/\/legitgrams.com\/wp-content\/uploads\/2024\/09\/buy-blue-dolphin-ecstasy-pills-online.jpg\",\"width\":600,\"height\":600,\"caption\":\"Blue Dolphin Ecstasy Pills for Sale\"},{\"@type\":\"BreadcrumbList\",\"@id\":\"https:\/\/legitgrams.com\/product\/blue-dolphin-ecstasy-pills\/#breadcrumb\",\"itemListElement\":[{\"@type\":\"ListItem\",\"position\":1,\"name\":\"Home\",\"item\":\"https:\/\/legitgrams.com\/\"},{\"@type\":\"ListItem\",\"position\":2,\"name\":\"Shop\",\"item\":\"https:\/\/legitgrams.com\/shop\/\"},{\"@type\":\"ListItem\",\"position\":3,\"name\":\"Buy Blue Dolphin Ecstasy Pills Online\"}]},{\"@type\":\"WebSite\",\"@id\":\"https:\/\/legitgrams.com\/#website\",\"url\":\"https:\/\/legitgrams.com\/\",\"name\":\"Legit Grams\",\"description\":\"My WordPress Blog\",\"publisher\":{\"@id\":\"https:\/\/legitgrams.com\/#organization\"},\"potentialAction\":[{\"@type\":\"SearchAction\",\"target\":{\"@type\":\"EntryPoint\",\"urlTemplate\":\"https:\/\/legitgrams.com\/?s={search_term_string}\"},\"query-input\":{\"@type\":\"PropertyValueSpecification\",\"valueRequired\":true,\"valueName\":\"search_term_string\"}}],\"inLanguage\":\"cs\"},{\"@type\":\"Organization\",\"@id\":\"https:\/\/legitgrams.com\/#organization\",\"name\":\"Legit Grams\",\"url\":\"https:\/\/legitgrams.com\/\",\"logo\":{\"@type\":\"ImageObject\",\"inLanguage\":\"cs\",\"@id\":\"https:\/\/legitgrams.com\/#\/schema\/logo\/image\/\",\"url\":\"https:\/\/legitgrams.com\/wp-content\/uploads\/2024\/09\/main-logo.png\",\"contentUrl\":\"https:\/\/legitgrams.com\/wp-content\/uploads\/2024\/09\/main-logo.png\",\"width\":270,\"height\":75,\"caption\":\"Legit Grams\"},\"image\":{\"@id\":\"https:\/\/legitgrams.com\/#\/schema\/logo\/image\/\"}}]}<\/script>\n<!-- \/ Yoast SEO plugin. -->","yoast_head_json":{"title":"Blue Dolphin Ecstasy Pills na prodej online - objednat Blue Dolphin","description":"Kupte si modr\u00fd delf\u00edn ext\u00e1ze pilulky online pohodln\u011b a bezpe\u010dn\u011b, s jednoduch\u00fdm procesem objedn\u00e1vky. Sta\u010d\u00ed si dnes objednat modr\u00e9 pilulky ext\u00e1ze delf\u00edn na prodej!","robots":{"index":"index","follow":"follow","max-snippet":"max-snippet:-1","max-image-preview":"max-image-preview:large","max-video-preview":"max-video-preview:-1"},"canonical":"https:\/\/legitgrams.com\/cs\/produkt\/modry-delfin-extaze-pilulky\/","og_locale":"cs_CZ","og_type":"article","og_title":"Blue Dolphin Ecstasy Pills for Sale Online - Order Blue Dolphin","og_description":"Buy blue dolphin ecstasy pills online conveniently and securely, with a straightforward order process. Just place an order today for blue dolphin ecstasy pills for sale!","og_url":"https:\/\/legitgrams.com\/cs\/produkt\/modry-delfin-extaze-pilulky\/","og_site_name":"Legit Grams","article_modified_time":"2026-02-28T13:44:25+00:00","og_image":[{"width":600,"height":600,"url":"https:\/\/legitgrams.com\/wp-content\/uploads\/2024\/09\/buy-blue-dolphin-ecstasy-pills-online.jpg","type":"image\/jpeg"}],"twitter_card":"summary_large_image","twitter_misc":{"Odhadovan\u00e1 doba \u010dten\u00ed":"3 minuty"},"schema":{"@context":"https:\/\/schema.org","@graph":[{"@type":"WebPage","@id":"https:\/\/legitgrams.com\/product\/blue-dolphin-ecstasy-pills\/","url":"https:\/\/legitgrams.com\/product\/blue-dolphin-ecstasy-pills\/","name":"Blue Dolphin Ecstasy Pills na prodej online - objednat Blue Dolphin","isPartOf":{"@id":"https:\/\/legitgrams.com\/#website"},"primaryImageOfPage":{"@id":"https:\/\/legitgrams.com\/product\/blue-dolphin-ecstasy-pills\/#primaryimage"},"image":{"@id":"https:\/\/legitgrams.com\/product\/blue-dolphin-ecstasy-pills\/#primaryimage"},"thumbnailUrl":"https:\/\/legitgrams.com\/wp-content\/uploads\/2024\/09\/buy-blue-dolphin-ecstasy-pills-online.jpg","datePublished":"2024-09-22T09:52:35+00:00","dateModified":"2026-02-28T13:44:25+00:00","description":"Kupte si modr\u00fd delf\u00edn ext\u00e1ze pilulky online pohodln\u011b a bezpe\u010dn\u011b, s jednoduch\u00fdm procesem objedn\u00e1vky. Sta\u010d\u00ed si dnes objednat modr\u00e9 pilulky ext\u00e1ze delf\u00edn na prodej!","breadcrumb":{"@id":"https:\/\/legitgrams.com\/product\/blue-dolphin-ecstasy-pills\/#breadcrumb"},"inLanguage":"cs","potentialAction":[{"@type":"ReadAction","target":["https:\/\/legitgrams.com\/product\/blue-dolphin-ecstasy-pills\/"]}]},{"@type":"ImageObject","inLanguage":"cs","@id":"https:\/\/legitgrams.com\/product\/blue-dolphin-ecstasy-pills\/#primaryimage","url":"https:\/\/legitgrams.com\/wp-content\/uploads\/2024\/09\/buy-blue-dolphin-ecstasy-pills-online.jpg","contentUrl":"https:\/\/legitgrams.com\/wp-content\/uploads\/2024\/09\/buy-blue-dolphin-ecstasy-pills-online.jpg","width":600,"height":600,"caption":"Blue Dolphin Ecstasy Pills for Sale"},{"@type":"BreadcrumbList","@id":"https:\/\/legitgrams.com\/product\/blue-dolphin-ecstasy-pills\/#breadcrumb","itemListElement":[{"@type":"ListItem","position":1,"name":"Home","item":"https:\/\/legitgrams.com\/"},{"@type":"ListItem","position":2,"name":"Shop","item":"https:\/\/legitgrams.com\/shop\/"},{"@type":"ListItem","position":3,"name":"Buy Blue Dolphin Ecstasy Pills Online"}]},{"@type":"WebSite","@id":"https:\/\/legitgrams.com\/#website","url":"https:\/\/legitgrams.com\/","name":"Leg\u00e1ln\u00ed gramy","description":"M\u016fj blog WordPress","publisher":{"@id":"https:\/\/legitgrams.com\/#organization"},"potentialAction":[{"@type":"SearchAction","target":{"@type":"EntryPoint","urlTemplate":"https:\/\/legitgrams.com\/?s={search_term_string}"},"query-input":{"@type":"PropertyValueSpecification","valueRequired":true,"valueName":"search_term_string"}}],"inLanguage":"cs"},{"@type":"Organization","@id":"https:\/\/legitgrams.com\/#organization","name":"Leg\u00e1ln\u00ed gramy","url":"https:\/\/legitgrams.com\/","logo":{"@type":"ImageObject","inLanguage":"cs","@id":"https:\/\/legitgrams.com\/#\/schema\/logo\/image\/","url":"https:\/\/legitgrams.com\/wp-content\/uploads\/2024\/09\/main-logo.png","contentUrl":"https:\/\/legitgrams.com\/wp-content\/uploads\/2024\/09\/main-logo.png","width":270,"height":75,"caption":"Legit Grams"},"image":{"@id":"https:\/\/legitgrams.com\/#\/schema\/logo\/image\/"}}]}},"uagb_featured_image_src":{"full":["https:\/\/legitgrams.com\/wp-content\/uploads\/2024\/09\/buy-blue-dolphin-ecstasy-pills-online.jpg",600,600,false],"thumbnail":["https:\/\/legitgrams.com\/wp-content\/uploads\/2024\/09\/buy-blue-dolphin-ecstasy-pills-online-150x150.jpg",150,150,true],"medium":["https:\/\/legitgrams.com\/wp-content\/uploads\/2024\/09\/buy-blue-dolphin-ecstasy-pills-online-300x300.jpg",300,300,true],"medium_large":["https:\/\/legitgrams.com\/wp-content\/uploads\/2024\/09\/buy-blue-dolphin-ecstasy-pills-online.jpg",600,600,false],"large":["https:\/\/legitgrams.com\/wp-content\/uploads\/2024\/09\/buy-blue-dolphin-ecstasy-pills-online.jpg",600,600,false],"1536x1536":["https:\/\/legitgrams.com\/wp-content\/uploads\/2024\/09\/buy-blue-dolphin-ecstasy-pills-online.jpg",600,600,false],"2048x2048":["https:\/\/legitgrams.com\/wp-content\/uploads\/2024\/09\/buy-blue-dolphin-ecstasy-pills-online.jpg",600,600,false],"trp-custom-language-flag":["https:\/\/legitgrams.com\/wp-content\/uploads\/2024\/09\/buy-blue-dolphin-ecstasy-pills-online-12x12.jpg",12,12,true],"woocommerce_thumbnail":["https:\/\/legitgrams.com\/wp-content\/uploads\/2024\/09\/buy-blue-dolphin-ecstasy-pills-online-300x300.jpg",300,300,true],"woocommerce_single":["https:\/\/legitgrams.com\/wp-content\/uploads\/2024\/09\/buy-blue-dolphin-ecstasy-pills-online.jpg",600,600,false],"woocommerce_gallery_thumbnail":["https:\/\/legitgrams.com\/wp-content\/uploads\/2024\/09\/buy-blue-dolphin-ecstasy-pills-online-100x100.jpg",100,100,true]},"uagb_author_info":{"display_name":"cokeblog18","author_link":"https:\/\/legitgrams.com\/cs\/author\/"},"uagb_comment_info":0,"uagb_excerpt":"Buy Blue Dolphin Ecstasy Pills Online Ecstasy was first created by the Merck drug relationship in 1912. It was given the name &#8220;MDMA&#8221; because to its distinct structure. In 1953, the US Armed Forces employed it for the first time in mental engagement tests. In the 1960s, it was utilized once more for a limited&hellip;","_links":{"self":[{"href":"https:\/\/legitgrams.com\/cs\/wp-json\/wp\/v2\/product\/4294","targetHints":{"allow":["GET"]}}],"collection":[{"href":"https:\/\/legitgrams.com\/cs\/wp-json\/wp\/v2\/product"}],"about":[{"href":"https:\/\/legitgrams.com\/cs\/wp-json\/wp\/v2\/types\/product"}],"replies":[{"embeddable":true,"href":"https:\/\/legitgrams.com\/cs\/wp-json\/wp\/v2\/comments?post=4294"}],"wp:featuredmedia":[{"embeddable":true,"href":"https:\/\/legitgrams.com\/cs\/wp-json\/wp\/v2\/media\/5189"}],"wp:attachment":[{"href":"https:\/\/legitgrams.com\/cs\/wp-json\/wp\/v2\/media?parent=4294"}],"wp:term":[{"taxonomy":"product_brand","embeddable":true,"href":"https:\/\/legitgrams.com\/cs\/wp-json\/wp\/v2\/product_brand?post=4294"},{"taxonomy":"product_cat","embeddable":true,"href":"https:\/\/legitgrams.com\/cs\/wp-json\/wp\/v2\/product_cat?post=4294"},{"taxonomy":"product_tag","embeddable":true,"href":"https:\/\/legitgrams.com\/cs\/wp-json\/wp\/v2\/product_tag?post=4294"}],"curies":[{"name":"wp","href":"https:\/\/api.w.org\/{rel}","templated":true}]}}