{"id":4297,"date":"2024-09-22T09:54:59","date_gmt":"2024-09-22T09:54:59","guid":{"rendered":"https:\/\/legitgrams.com\/?post_type=product&#038;p=4297"},"modified":"2025-01-13T09:44:15","modified_gmt":"2025-01-13T09:44:15","slug":"bary-240mg-extaze-pilulky","status":"publish","type":"product","link":"https:\/\/legitgrams.com\/cs\/produkt\/bary-240mg-extaze-pilulky\/","title":{"rendered":"bary 240mg ext\u00e1ze pilulky"},"content":{"rendered":"<h2>Na prodej: ty\u010dinky po 240 mg tablet\u00e1ch ext\u00e1ze<\/h2>\n<p>V\u011bt\u0161ina u\u017eivatel\u016f MDMA jej konzumuje jako kapsle nebo tablety (pr\u00e1\u0161ek ko\u0159en\u00ed), zat\u00edmco n\u011bkte\u0159\u00ed jin\u00ed jej u\u017e\u00edvaj\u00ed v tekut\u00e9 nebo tabletov\u00e9 form\u011b. Jako zkratka pro \u201emolekula\u201c se b\u011b\u017en\u00e9 jm\u00e9no Molly \u010dasto odkazuje na to, co je ve skute\u010dnosti \u201e\u010dist\u00e1\u201c krystalick\u00e1 pr\u00e1\u0161kov\u00e1 forma MDMA, kter\u00e1 se obvykle prod\u00e1v\u00e1 jako kapsle. Ale jednotlivci, kte\u0159\u00ed nakupuj\u00ed <a href=\"https:\/\/legitgrams.com\/cs\/\">LegitGrams<\/a><\/p>\n<p>Pr\u00e1\u0161ky nebo kapsle, prod\u00e1van\u00e9 pod n\u00e1zvem Molly, \u010dasto obsahuj\u00ed dal\u0161\u00ed p\u0159\u00edsady, jako je s\u016fl nebo syntetick\u00e9 katinony (\u010dasto naz\u00fdvan\u00e9 \u201evani\u010dky\u201c).<\/p>\n<p><a href=\"https:\/\/legitgrams.com\/cs\/produkt\/bary-240mg-extaze-pilulky\/\">Koupit 240 mg<\/a> MDMA ty\u010dinky a pilulky ext\u00e1ze online: koupit pilulky MDMA, koupit 240 mg MDMA, koupit 240 mg MDMA online, Kde mohu koupit <a href=\"https:\/\/en.wikipedia.org\/wiki\/Bars\">bary<\/a> 240 mg pilulek ext\u00e1ze?, kde si mohu koupit ty\u010dinky 240 mg pilulek ext\u00e1ze na prodej?, kde mohu koupit ext\u00e1zi online?, 240 miligramov\u00e9 pilulky ext\u00e1ze dostupn\u00e9 k n\u00e1kupu, dodavatel\u00e9, bezpe\u010dn\u00e9 doru\u010den\u00ed a prodej v USA, Kanad\u011b, a tablety ext\u00e1ze ve Spojen\u00e9m kr\u00e1lovstv\u00ed s 240 mg jsou st\u00e1le dostupn\u00e9. Jsou ty\u010dinky s 240 mg tabletami ext\u00e1ze leg\u00e1ln\u00ed k n\u00e1kupu online v USA? Jak mohu z\u00edskat 240 mg ty\u010dinky v tablet\u00e1ch ext\u00e1ze? Jsou ty\u010dinky obsahuj\u00edc\u00ed 240 mg ext\u00e1ze v Kanad\u011b leg\u00e1ln\u00ed?<\/p>\n<p>&nbsp;<\/p>","protected":false},"excerpt":{"rendered":"<p>For Sale: Bars of 240 mg ecstasy tablets The majority of MDMA users consume it as capsules or tablets (spices powder), while some others take it in liquid or tablet form. As a shorthand for &#8220;molecule,&#8221; Molly&#8217;s common name often refers to what is actually MDMA&#8217;s &#8220;pure&#8221; crystalline powder form, which is usually sold as &hellip;<\/p>\n<p class=\"read-more\"> <a class=\"\" href=\"https:\/\/legitgrams.com\/cs\/produkt\/bary-240mg-extaze-pilulky\/\"> <span class=\"screen-reader-text\">bary 240mg ext\u00e1ze pilulky<\/span> \u010c\u00edst d\u00e1l \"<\/a><\/p>","protected":false},"featured_media":5188,"comment_status":"open","ping_status":"closed","template":"","meta":{"_uag_custom_page_level_css":"","site-sidebar-layout":"default","site-content-layout":"default","ast-global-header-display":"","ast-main-header-display":"","ast-hfb-above-header-display":"","ast-hfb-below-header-display":"","ast-hfb-mobile-header-display":"","site-post-title":"","ast-breadcrumbs-content":"","ast-featured-img":"","footer-sml-layout":"","theme-transparent-header-meta":"default","adv-header-id-meta":"","stick-header-meta":"default","header-above-stick-meta":"","header-main-stick-meta":"","header-below-stick-meta":"","_joinchat":[]},"product_brand":[],"product_cat":[596],"product_tag":[928,932,931,939,930,942,949,950,948,940,945,947,937,617,929,944,941,936,934,946,943,625,935,938,933],"class_list":{"0":"post-4297","1":"product","2":"type-product","3":"status-publish","4":"has-post-thumbnail","6":"product_cat-ecstasy-pills-mdma","7":"product_tag-bars-240mg-ecstasy-pills","8":"product_tag-bars-240mg-ecstasy-pills-bars-240mg-ecstasy-pills-supplier","9":"product_tag-bars-240mg-ecstasy-pills-for-sale","10":"product_tag-bars-240mg-ecstasy-pills-legally","11":"product_tag-bars-240mg-ecstasy-pills-online","12":"product_tag-bars-240mg-ecstasy-pills-store","13":"product_tag-bars-240mg-ecstasy-pills-use","14":"product_tag-bars-240mg-ecstasy-pills-wiki","15":"product_tag-bars-240mg-ecstasy-pills-worldwide","16":"product_tag-bars-240mg-ecstasy-pillsprice","17":"product_tag-bars-240mg-ecstasy-pillss","18":"product_tag-best-cheap-price-bars-240mg-ecstasy-pills","19":"product_tag-best-place-to-buy-bars-240mg-ecstasy-pills","20":"product_tag-bulk-online","21":"product_tag-buy-bars-240mg-ecstasy-pills","22":"product_tag-cheap-bars-240mg-ecstasy-pills","23":"product_tag-high-quality-bars-240mg-ecstasy-pills","24":"product_tag-how-to-buy-bars-240mg-ecstasy-pills","25":"product_tag-order-bars-240mg-ecstasy-pills","26":"product_tag-purcharse-bars-240mg-ecstasy-pills","27":"product_tag-shop-bars-240mg-ecstasy-pills","28":"product_tag-top-quality","29":"product_tag-where-to-buy-bars-240mg-ecstasy-pills","30":"product_tag-where-to-order-bars-240mg-ecstasy-pills","31":"product_tag-wholesale-bars-240mg-ecstasy-pills","32":"desktop-align-left","33":"tablet-align-left","34":"mobile-align-left","35":"ast-product-gallery-layout-horizontal","36":"ast-product-gallery-with-no-image","37":"ast-product-single-variable","38":"ast-product-tabs-layout-horizontal","39":"ast-qv-on-image","41":"first","42":"instock","43":"shipping-taxable","44":"purchasable","45":"product-type-variable"},"yoast_head":"<!-- This site is optimized with the Yoast SEO plugin v25.9 - https:\/\/yoast.com\/wordpress\/plugins\/seo\/ -->\n<title>Bars 240mg Ecstasy Pills for Sale - Buy Bars Ecstasy Online<\/title>\n<meta name=\"description\" content=\"You can get in touch with our Legitgrams store and buy bars 240mg ecstasy pills online. We have bars 240mg ecstasy pills for sale at cheap price. Get yours at your place right away!\" \/>\n<meta name=\"robots\" content=\"index, follow, max-snippet:-1, max-image-preview:large, max-video-preview:-1\" \/>\n<link rel=\"canonical\" href=\"https:\/\/legitgrams.com\/cs\/produkt\/bary-240mg-extaze-pilulky\/\" \/>\n<meta property=\"og:locale\" content=\"cs_CZ\" \/>\n<meta property=\"og:type\" content=\"article\" \/>\n<meta property=\"og:title\" content=\"Bars 240mg Ecstasy Pills for Sale - Buy Bars Ecstasy Online\" \/>\n<meta property=\"og:description\" content=\"You can get in touch with our Legitgrams store and buy bars 240mg ecstasy pills online. We have bars 240mg ecstasy pills for sale at cheap price. Get yours at your place right away!\" \/>\n<meta property=\"og:url\" content=\"https:\/\/legitgrams.com\/cs\/produkt\/bary-240mg-extaze-pilulky\/\" \/>\n<meta property=\"og:site_name\" content=\"Legit Grams\" \/>\n<meta property=\"article:modified_time\" content=\"2025-01-13T09:44:15+00:00\" \/>\n<meta property=\"og:image\" content=\"https:\/\/legitgrams.com\/wp-content\/uploads\/2024\/09\/buy-bars-240mg-ecstasy-pills-online.jpg\" \/>\n\t<meta property=\"og:image:width\" content=\"600\" \/>\n\t<meta property=\"og:image:height\" content=\"600\" \/>\n\t<meta property=\"og:image:type\" content=\"image\/jpeg\" \/>\n<meta name=\"twitter:card\" content=\"summary_large_image\" \/>\n<meta name=\"twitter:label1\" content=\"Odhadovan\u00e1 doba \u010dten\u00ed\" \/>\n\t<meta name=\"twitter:data1\" content=\"2 minuty\" \/>\n<script type=\"application\/ld+json\" class=\"yoast-schema-graph\">{\"@context\":\"https:\/\/schema.org\",\"@graph\":[{\"@type\":\"WebPage\",\"@id\":\"https:\/\/legitgrams.com\/product\/bars-240mg-ecstasy-pills\/\",\"url\":\"https:\/\/legitgrams.com\/product\/bars-240mg-ecstasy-pills\/\",\"name\":\"Bars 240mg Ecstasy Pills for Sale - Buy Bars Ecstasy Online\",\"isPartOf\":{\"@id\":\"https:\/\/legitgrams.com\/#website\"},\"primaryImageOfPage\":{\"@id\":\"https:\/\/legitgrams.com\/product\/bars-240mg-ecstasy-pills\/#primaryimage\"},\"image\":{\"@id\":\"https:\/\/legitgrams.com\/product\/bars-240mg-ecstasy-pills\/#primaryimage\"},\"thumbnailUrl\":\"https:\/\/legitgrams.com\/wp-content\/uploads\/2024\/09\/buy-bars-240mg-ecstasy-pills-online.jpg\",\"datePublished\":\"2024-09-22T09:54:59+00:00\",\"dateModified\":\"2025-01-13T09:44:15+00:00\",\"description\":\"You can get in touch with our Legitgrams store and buy bars 240mg ecstasy pills online. We have bars 240mg ecstasy pills for sale at cheap price. Get yours at your place right away!\",\"breadcrumb\":{\"@id\":\"https:\/\/legitgrams.com\/product\/bars-240mg-ecstasy-pills\/#breadcrumb\"},\"inLanguage\":\"cs\",\"potentialAction\":[{\"@type\":\"ReadAction\",\"target\":[\"https:\/\/legitgrams.com\/product\/bars-240mg-ecstasy-pills\/\"]}]},{\"@type\":\"ImageObject\",\"inLanguage\":\"cs\",\"@id\":\"https:\/\/legitgrams.com\/product\/bars-240mg-ecstasy-pills\/#primaryimage\",\"url\":\"https:\/\/legitgrams.com\/wp-content\/uploads\/2024\/09\/buy-bars-240mg-ecstasy-pills-online.jpg\",\"contentUrl\":\"https:\/\/legitgrams.com\/wp-content\/uploads\/2024\/09\/buy-bars-240mg-ecstasy-pills-online.jpg\",\"width\":600,\"height\":600,\"caption\":\"Bars 240mg ecstasy pills for Sale\"},{\"@type\":\"BreadcrumbList\",\"@id\":\"https:\/\/legitgrams.com\/product\/bars-240mg-ecstasy-pills\/#breadcrumb\",\"itemListElement\":[{\"@type\":\"ListItem\",\"position\":1,\"name\":\"Home\",\"item\":\"https:\/\/legitgrams.com\/\"},{\"@type\":\"ListItem\",\"position\":2,\"name\":\"Shop\",\"item\":\"https:\/\/legitgrams.com\/shop\/\"},{\"@type\":\"ListItem\",\"position\":3,\"name\":\"bars 240mg ecstasy pills\"}]},{\"@type\":\"WebSite\",\"@id\":\"https:\/\/legitgrams.com\/#website\",\"url\":\"https:\/\/legitgrams.com\/\",\"name\":\"Legit Grams\",\"description\":\"My WordPress Blog\",\"publisher\":{\"@id\":\"https:\/\/legitgrams.com\/#organization\"},\"potentialAction\":[{\"@type\":\"SearchAction\",\"target\":{\"@type\":\"EntryPoint\",\"urlTemplate\":\"https:\/\/legitgrams.com\/?s={search_term_string}\"},\"query-input\":{\"@type\":\"PropertyValueSpecification\",\"valueRequired\":true,\"valueName\":\"search_term_string\"}}],\"inLanguage\":\"cs\"},{\"@type\":\"Organization\",\"@id\":\"https:\/\/legitgrams.com\/#organization\",\"name\":\"Legit Grams\",\"url\":\"https:\/\/legitgrams.com\/\",\"logo\":{\"@type\":\"ImageObject\",\"inLanguage\":\"cs\",\"@id\":\"https:\/\/legitgrams.com\/#\/schema\/logo\/image\/\",\"url\":\"https:\/\/legitgrams.com\/wp-content\/uploads\/2024\/09\/main-logo.png\",\"contentUrl\":\"https:\/\/legitgrams.com\/wp-content\/uploads\/2024\/09\/main-logo.png\",\"width\":270,\"height\":75,\"caption\":\"Legit Grams\"},\"image\":{\"@id\":\"https:\/\/legitgrams.com\/#\/schema\/logo\/image\/\"}}]}<\/script>\n<!-- \/ Yoast SEO plugin. -->","yoast_head_json":{"title":"Ty\u010dinky 240mg pilulky ext\u00e1ze na prodej \u2013 koupit ty\u010dinky ext\u00e1ze online","description":"M\u016f\u017eete se spojit s na\u0161\u00edm obchodem Legitgrams a koupit bary 240mg ext\u00e1ze pilulky online. M\u00e1me bars 240mg ext\u00e1ze pilulky na prodej za levnou cenu. Po\u0159i\u010fte si je u v\u00e1s ihned!","robots":{"index":"index","follow":"follow","max-snippet":"max-snippet:-1","max-image-preview":"max-image-preview:large","max-video-preview":"max-video-preview:-1"},"canonical":"https:\/\/legitgrams.com\/cs\/produkt\/bary-240mg-extaze-pilulky\/","og_locale":"cs_CZ","og_type":"article","og_title":"Bars 240mg Ecstasy Pills for Sale - Buy Bars Ecstasy Online","og_description":"You can get in touch with our Legitgrams store and buy bars 240mg ecstasy pills online. We have bars 240mg ecstasy pills for sale at cheap price. Get yours at your place right away!","og_url":"https:\/\/legitgrams.com\/cs\/produkt\/bary-240mg-extaze-pilulky\/","og_site_name":"Legit Grams","article_modified_time":"2025-01-13T09:44:15+00:00","og_image":[{"width":600,"height":600,"url":"https:\/\/legitgrams.com\/wp-content\/uploads\/2024\/09\/buy-bars-240mg-ecstasy-pills-online.jpg","type":"image\/jpeg"}],"twitter_card":"summary_large_image","twitter_misc":{"Odhadovan\u00e1 doba \u010dten\u00ed":"2 minuty"},"schema":{"@context":"https:\/\/schema.org","@graph":[{"@type":"WebPage","@id":"https:\/\/legitgrams.com\/product\/bars-240mg-ecstasy-pills\/","url":"https:\/\/legitgrams.com\/product\/bars-240mg-ecstasy-pills\/","name":"Ty\u010dinky 240mg pilulky ext\u00e1ze na prodej \u2013 koupit ty\u010dinky ext\u00e1ze online","isPartOf":{"@id":"https:\/\/legitgrams.com\/#website"},"primaryImageOfPage":{"@id":"https:\/\/legitgrams.com\/product\/bars-240mg-ecstasy-pills\/#primaryimage"},"image":{"@id":"https:\/\/legitgrams.com\/product\/bars-240mg-ecstasy-pills\/#primaryimage"},"thumbnailUrl":"https:\/\/legitgrams.com\/wp-content\/uploads\/2024\/09\/buy-bars-240mg-ecstasy-pills-online.jpg","datePublished":"2024-09-22T09:54:59+00:00","dateModified":"2025-01-13T09:44:15+00:00","description":"M\u016f\u017eete se spojit s na\u0161\u00edm obchodem Legitgrams a koupit bary 240mg ext\u00e1ze pilulky online. M\u00e1me bars 240mg ext\u00e1ze pilulky na prodej za levnou cenu. Po\u0159i\u010fte si je u v\u00e1s ihned!","breadcrumb":{"@id":"https:\/\/legitgrams.com\/product\/bars-240mg-ecstasy-pills\/#breadcrumb"},"inLanguage":"cs","potentialAction":[{"@type":"ReadAction","target":["https:\/\/legitgrams.com\/product\/bars-240mg-ecstasy-pills\/"]}]},{"@type":"ImageObject","inLanguage":"cs","@id":"https:\/\/legitgrams.com\/product\/bars-240mg-ecstasy-pills\/#primaryimage","url":"https:\/\/legitgrams.com\/wp-content\/uploads\/2024\/09\/buy-bars-240mg-ecstasy-pills-online.jpg","contentUrl":"https:\/\/legitgrams.com\/wp-content\/uploads\/2024\/09\/buy-bars-240mg-ecstasy-pills-online.jpg","width":600,"height":600,"caption":"Bars 240mg ecstasy pills for Sale"},{"@type":"BreadcrumbList","@id":"https:\/\/legitgrams.com\/product\/bars-240mg-ecstasy-pills\/#breadcrumb","itemListElement":[{"@type":"ListItem","position":1,"name":"Home","item":"https:\/\/legitgrams.com\/"},{"@type":"ListItem","position":2,"name":"Shop","item":"https:\/\/legitgrams.com\/shop\/"},{"@type":"ListItem","position":3,"name":"bars 240mg ecstasy pills"}]},{"@type":"WebSite","@id":"https:\/\/legitgrams.com\/#website","url":"https:\/\/legitgrams.com\/","name":"Leg\u00e1ln\u00ed gramy","description":"M\u016fj blog WordPress","publisher":{"@id":"https:\/\/legitgrams.com\/#organization"},"potentialAction":[{"@type":"SearchAction","target":{"@type":"EntryPoint","urlTemplate":"https:\/\/legitgrams.com\/?s={search_term_string}"},"query-input":{"@type":"PropertyValueSpecification","valueRequired":true,"valueName":"search_term_string"}}],"inLanguage":"cs"},{"@type":"Organization","@id":"https:\/\/legitgrams.com\/#organization","name":"Leg\u00e1ln\u00ed gramy","url":"https:\/\/legitgrams.com\/","logo":{"@type":"ImageObject","inLanguage":"cs","@id":"https:\/\/legitgrams.com\/#\/schema\/logo\/image\/","url":"https:\/\/legitgrams.com\/wp-content\/uploads\/2024\/09\/main-logo.png","contentUrl":"https:\/\/legitgrams.com\/wp-content\/uploads\/2024\/09\/main-logo.png","width":270,"height":75,"caption":"Legit Grams"},"image":{"@id":"https:\/\/legitgrams.com\/#\/schema\/logo\/image\/"}}]}},"uagb_featured_image_src":{"full":["https:\/\/legitgrams.com\/wp-content\/uploads\/2024\/09\/buy-bars-240mg-ecstasy-pills-online.jpg",600,600,false],"thumbnail":["https:\/\/legitgrams.com\/wp-content\/uploads\/2024\/09\/buy-bars-240mg-ecstasy-pills-online-150x150.jpg",150,150,true],"medium":["https:\/\/legitgrams.com\/wp-content\/uploads\/2024\/09\/buy-bars-240mg-ecstasy-pills-online-300x300.jpg",300,300,true],"medium_large":["https:\/\/legitgrams.com\/wp-content\/uploads\/2024\/09\/buy-bars-240mg-ecstasy-pills-online.jpg",600,600,false],"large":["https:\/\/legitgrams.com\/wp-content\/uploads\/2024\/09\/buy-bars-240mg-ecstasy-pills-online.jpg",600,600,false],"1536x1536":["https:\/\/legitgrams.com\/wp-content\/uploads\/2024\/09\/buy-bars-240mg-ecstasy-pills-online.jpg",600,600,false],"2048x2048":["https:\/\/legitgrams.com\/wp-content\/uploads\/2024\/09\/buy-bars-240mg-ecstasy-pills-online.jpg",600,600,false],"trp-custom-language-flag":["https:\/\/legitgrams.com\/wp-content\/uploads\/2024\/09\/buy-bars-240mg-ecstasy-pills-online-12x12.jpg",12,12,true],"woocommerce_thumbnail":["https:\/\/legitgrams.com\/wp-content\/uploads\/2024\/09\/buy-bars-240mg-ecstasy-pills-online-300x300.jpg",300,300,true],"woocommerce_single":["https:\/\/legitgrams.com\/wp-content\/uploads\/2024\/09\/buy-bars-240mg-ecstasy-pills-online.jpg",600,600,false],"woocommerce_gallery_thumbnail":["https:\/\/legitgrams.com\/wp-content\/uploads\/2024\/09\/buy-bars-240mg-ecstasy-pills-online-100x100.jpg",100,100,true]},"uagb_author_info":{"display_name":"cokeblog18","author_link":"https:\/\/legitgrams.com\/cs\/author\/"},"uagb_comment_info":0,"uagb_excerpt":"For Sale: Bars of 240 mg ecstasy tablets The majority of MDMA users consume it as capsules or tablets (spices powder), while some others take it in liquid or tablet form. As a shorthand for &#8220;molecule,&#8221; Molly&#8217;s common name often refers to what is actually MDMA&#8217;s &#8220;pure&#8221; crystalline powder form, which is usually sold as&hellip;","_links":{"self":[{"href":"https:\/\/legitgrams.com\/cs\/wp-json\/wp\/v2\/product\/4297","targetHints":{"allow":["GET"]}}],"collection":[{"href":"https:\/\/legitgrams.com\/cs\/wp-json\/wp\/v2\/product"}],"about":[{"href":"https:\/\/legitgrams.com\/cs\/wp-json\/wp\/v2\/types\/product"}],"replies":[{"embeddable":true,"href":"https:\/\/legitgrams.com\/cs\/wp-json\/wp\/v2\/comments?post=4297"}],"wp:featuredmedia":[{"embeddable":true,"href":"https:\/\/legitgrams.com\/cs\/wp-json\/wp\/v2\/media\/5188"}],"wp:attachment":[{"href":"https:\/\/legitgrams.com\/cs\/wp-json\/wp\/v2\/media?parent=4297"}],"wp:term":[{"taxonomy":"product_brand","embeddable":true,"href":"https:\/\/legitgrams.com\/cs\/wp-json\/wp\/v2\/product_brand?post=4297"},{"taxonomy":"product_cat","embeddable":true,"href":"https:\/\/legitgrams.com\/cs\/wp-json\/wp\/v2\/product_cat?post=4297"},{"taxonomy":"product_tag","embeddable":true,"href":"https:\/\/legitgrams.com\/cs\/wp-json\/wp\/v2\/product_tag?post=4297"}],"curies":[{"name":"wp","href":"https:\/\/api.w.org\/{rel}","templated":true}]}}