{"id":4299,"date":"2024-09-22T10:05:23","date_gmt":"2024-09-22T10:05:23","guid":{"rendered":"https:\/\/legitgrams.com\/?post_type=product&#038;p=4299"},"modified":"2026-02-28T13:26:41","modified_gmt":"2026-02-28T13:26:41","slug":"bily-heroin-100-cisty","status":"publish","type":"product","link":"https:\/\/legitgrams.com\/cs\/produkt\/bily-heroin-100-cisty\/","title":{"rendered":"Koupit b\u00edl\u00fd heroin 100% \u010dist\u00fd online"},"content":{"rendered":"<h2>100% \u010dist\u00fd b\u00edl\u00fd heroin na prodej<\/h2>\n<p><a href=\"https:\/\/legitgrams.com\/cs\/produkt\/bily-heroin-100-cisty\/\">CHEESY WHITE HEROINE ONLINE<\/a> Ka\u017ed\u00fd produkt je expedov\u00e1n odli\u0161n\u00fdm zp\u016fsobem dopravy p\u0159\u00edmo z na\u0161eho skladu. Z bezpe\u010dnostn\u00edch d\u016fvod\u016f v\u00e1m bude n\u00e1\u0161 nejlep\u0161\u00ed kokain zasl\u00e1n ve sklenic\u00edch nebo obalech na potraviny\/drogy. na z\u00e1klad\u011b dostupn\u00e9ho obalov\u00e9ho materi\u00e1lu a hmotnosti.<\/p>\n<p>Proto\u017ee b\u00edl\u00fd pr\u00e1\u0161kov\u00fd heroin se snadno rozpou\u0161t\u00ed ve vod\u011b, v\u011bt\u0161ina u\u017eivatel\u016f heroinu drogu st\u0159\u00edl\u00ed. N\u011bkte\u0159\u00ed lid\u00e9 to c\u00edt\u00ed. Obvykle se nekou\u0159\u00ed, proto\u017ee jeho teplota ho\u0159en\u00ed je mnohem vy\u0161\u0161\u00ed ne\u017e u jin\u00fdch typ\u016f heroinu. <a href=\"https:\/\/legitgrams.com\/cs\/\">LegitGrams<\/a><\/p>\n<p>N\u011bkdy pr\u00e1\u0161kov\u00fd b\u00edl\u00fd heroin p\u00e1chne jako ocet a chutn\u00e1 \u0161patn\u011b. Tenk\u00fd b\u00edl\u00fd pr\u00e1\u0161ek je \u010dasto zam\u011b\u0148ov\u00e1n za kokain.<\/p>\n<p>Z\u00edskejte b\u00edl\u00e9 <a href=\"https:\/\/en.wikipedia.org\/wiki\/Heroin\">Heroin<\/a> ve sv\u00e9 nej\u010dist\u0161\u00ed podob\u011b online: kupte si b\u00edl\u00fd heroin. Nejlep\u0161\u00ed typ b\u00edl\u00e9ho heroinu lze zakoupit online: koupit b\u00edl\u00fd heroin, koupit b\u00edl\u00fd heroin online, kde najdu 100% \u010dist\u00fd b\u00edl\u00fd heroin online? Kde najdu 100% \u010dist\u00fd b\u00edl\u00fd heroin na prodej ve Spojen\u00fdch st\u00e1tech, Kanad\u011b a Spojen\u00e9m kr\u00e1lovstv\u00ed? Kde najdu dodavatele pro bezpe\u010dn\u00e9 doru\u010den\u00ed? B\u00edl\u00fd heroin, kter\u00fd je 100% \u010dist\u00fd, je st\u00e1le dostupn\u00fd. Je v USA leg\u00e1ln\u00ed nakupovat 100% \u010dist\u011b b\u00edl\u00fd heroin online? Jak si mohu objednat b\u00edl\u00fd heroin, kter\u00fd je 100% \u010dist\u00fd? Je leg\u00e1ln\u00ed u\u017e\u00edvat \u010dist\u00fd b\u00edl\u00fd heroin v Kanad\u011b?<\/p>\n<h2><\/h2>\n<p>&nbsp;<\/p>\n<p>&nbsp;<\/p>","protected":false},"excerpt":{"rendered":"<p>100% pure white heroin for sale CHEESY WHITE HEROINE ONLINE Every product is dispatched utilizing a distinct shipping method directly from our warehouse. For safety reasons, our best cocaine will be sent to you in jars or food\/drug packaging. based on the available packing material and weight. Because white powdered heroin dissolves readily in water, &hellip;<\/p>\n<p class=\"read-more\"> <a class=\"\" href=\"https:\/\/legitgrams.com\/cs\/produkt\/bily-heroin-100-cisty\/\"> <span class=\"screen-reader-text\">Koupit b\u00edl\u00fd heroin 100% \u010dist\u00fd online<\/span> \u010c\u00edst d\u00e1l \"<\/a><\/p>","protected":false},"featured_media":5337,"comment_status":"open","ping_status":"closed","template":"","meta":{"_uag_custom_page_level_css":"","site-sidebar-layout":"default","site-content-layout":"default","ast-global-header-display":"","ast-main-header-display":"","ast-hfb-above-header-display":"","ast-hfb-below-header-display":"","ast-hfb-mobile-header-display":"","site-post-title":"","ast-breadcrumbs-content":"","ast-featured-img":"","footer-sml-layout":"","theme-transparent-header-meta":"default","adv-header-id-meta":"","stick-header-meta":"default","header-above-stick-meta":"","header-main-stick-meta":"","header-below-stick-meta":"","_joinchat":[]},"product_brand":[],"product_cat":[601],"product_tag":[806,796,617,787,803,800,795,792,805,802,625,794,797,786,810,798,793,808,809,807,789,788,799,804,801,790,791],"class_list":{"0":"post-4299","1":"product","2":"type-product","3":"status-publish","4":"has-post-thumbnail","6":"product_cat-heroine","7":"product_tag-best-cheap-price-white-heroin-100-pure","8":"product_tag-best-place-to-buy-white-heroin-100-pure","9":"product_tag-bulk-online","10":"product_tag-buy-white-heroin-100-pure","11":"product_tag-cheap-white-heroin-100-pure","12":"product_tag-high-quality-white-heroin-100-pure","13":"product_tag-how-to-buy-white-heroin-100-pure","14":"product_tag-order-white-heroin-100-pure","15":"product_tag-purcharse-white-heroin-100-pure","16":"product_tag-shop-white-heroin-100-pure","17":"product_tag-top-quality","18":"product_tag-where-to-buy-white-heroin-100-pure","19":"product_tag-where-to-order-white-heroin-100-pure","20":"product_tag-white-heroin-100-pure","21":"product_tag-white-heroin-100-pure-for-sale","22":"product_tag-white-heroin-100-pure-legally","23":"product_tag-white-heroin-100-pure-online","24":"product_tag-white-heroin-100-pure-use","25":"product_tag-white-heroin-100-pure-wiki","26":"product_tag-white-heroin-100-pure-worldwide","27":"product_tag-white-heroin-100-purefor-sale","28":"product_tag-white-heroin-100-pureonline","29":"product_tag-white-heroin-100-pureprice","30":"product_tag-white-heroin-100-pures","31":"product_tag-white-heroin-100-purestore","32":"product_tag-white-heroin-100-purewhite-heroin-100-puresupplier","33":"product_tag-wholesale-white-heroin-100-pure","34":"desktop-align-left","35":"tablet-align-left","36":"mobile-align-left","37":"ast-product-gallery-layout-horizontal","38":"ast-product-gallery-with-no-image","39":"ast-product-single-variable","40":"ast-product-tabs-layout-horizontal","41":"ast-qv-on-image","43":"first","44":"instock","45":"shipping-taxable","46":"purchasable","47":"product-type-variable"},"yoast_head":"<!-- This site is optimized with the Yoast SEO plugin v25.9 - https:\/\/yoast.com\/wordpress\/plugins\/seo\/ -->\n<title>White Heroin 100% pure for Sale - Buy White Heroin Online<\/title>\n<meta name=\"description\" content=\"Do you want to buy white heroin 100% pure online at an affordable price? LegitGrams is best place where you can get high-qualitty white heroin for sale.\" \/>\n<meta name=\"robots\" content=\"index, follow, max-snippet:-1, max-image-preview:large, max-video-preview:-1\" \/>\n<link rel=\"canonical\" href=\"https:\/\/legitgrams.com\/cs\/produkt\/bily-heroin-100-cisty\/\" \/>\n<meta property=\"og:locale\" content=\"cs_CZ\" \/>\n<meta property=\"og:type\" content=\"article\" \/>\n<meta property=\"og:title\" content=\"White Heroin 100% pure for Sale - Buy White Heroin Online\" \/>\n<meta property=\"og:description\" content=\"Do you want to buy white heroin 100% pure online at an affordable price? LegitGrams is best place where you can get high-qualitty white heroin for sale.\" \/>\n<meta property=\"og:url\" content=\"https:\/\/legitgrams.com\/cs\/produkt\/bily-heroin-100-cisty\/\" \/>\n<meta property=\"og:site_name\" content=\"Legit Grams\" \/>\n<meta property=\"article:modified_time\" content=\"2026-02-28T13:26:41+00:00\" \/>\n<meta property=\"og:image\" content=\"https:\/\/legitgrams.com\/wp-content\/uploads\/2024\/09\/Buy-White-Heroin-100-pure-online.jpg\" \/>\n\t<meta property=\"og:image:width\" content=\"600\" \/>\n\t<meta property=\"og:image:height\" content=\"600\" \/>\n\t<meta property=\"og:image:type\" content=\"image\/jpeg\" \/>\n<meta name=\"twitter:card\" content=\"summary_large_image\" \/>\n<meta name=\"twitter:label1\" content=\"Odhadovan\u00e1 doba \u010dten\u00ed\" \/>\n\t<meta name=\"twitter:data1\" content=\"2 minuty\" \/>\n<script type=\"application\/ld+json\" class=\"yoast-schema-graph\">{\"@context\":\"https:\/\/schema.org\",\"@graph\":[{\"@type\":\"WebPage\",\"@id\":\"https:\/\/legitgrams.com\/product\/white-heroin-100-pure\/\",\"url\":\"https:\/\/legitgrams.com\/product\/white-heroin-100-pure\/\",\"name\":\"White Heroin 100% pure for Sale - Buy White Heroin Online\",\"isPartOf\":{\"@id\":\"https:\/\/legitgrams.com\/#website\"},\"primaryImageOfPage\":{\"@id\":\"https:\/\/legitgrams.com\/product\/white-heroin-100-pure\/#primaryimage\"},\"image\":{\"@id\":\"https:\/\/legitgrams.com\/product\/white-heroin-100-pure\/#primaryimage\"},\"thumbnailUrl\":\"https:\/\/legitgrams.com\/wp-content\/uploads\/2024\/09\/Buy-White-Heroin-100-pure-online.jpg\",\"datePublished\":\"2024-09-22T10:05:23+00:00\",\"dateModified\":\"2026-02-28T13:26:41+00:00\",\"description\":\"Do you want to buy white heroin 100% pure online at an affordable price? LegitGrams is best place where you can get high-qualitty white heroin for sale.\",\"breadcrumb\":{\"@id\":\"https:\/\/legitgrams.com\/product\/white-heroin-100-pure\/#breadcrumb\"},\"inLanguage\":\"cs\",\"potentialAction\":[{\"@type\":\"ReadAction\",\"target\":[\"https:\/\/legitgrams.com\/product\/white-heroin-100-pure\/\"]}]},{\"@type\":\"ImageObject\",\"inLanguage\":\"cs\",\"@id\":\"https:\/\/legitgrams.com\/product\/white-heroin-100-pure\/#primaryimage\",\"url\":\"https:\/\/legitgrams.com\/wp-content\/uploads\/2024\/09\/Buy-White-Heroin-100-pure-online.jpg\",\"contentUrl\":\"https:\/\/legitgrams.com\/wp-content\/uploads\/2024\/09\/Buy-White-Heroin-100-pure-online.jpg\",\"width\":600,\"height\":600,\"caption\":\"White Heroin 100% pure for Sale\"},{\"@type\":\"BreadcrumbList\",\"@id\":\"https:\/\/legitgrams.com\/product\/white-heroin-100-pure\/#breadcrumb\",\"itemListElement\":[{\"@type\":\"ListItem\",\"position\":1,\"name\":\"Home\",\"item\":\"https:\/\/legitgrams.com\/\"},{\"@type\":\"ListItem\",\"position\":2,\"name\":\"Shop\",\"item\":\"https:\/\/legitgrams.com\/shop\/\"},{\"@type\":\"ListItem\",\"position\":3,\"name\":\"Buy White Heroin 100% Pure Online\"}]},{\"@type\":\"WebSite\",\"@id\":\"https:\/\/legitgrams.com\/#website\",\"url\":\"https:\/\/legitgrams.com\/\",\"name\":\"Legit Grams\",\"description\":\"My WordPress Blog\",\"publisher\":{\"@id\":\"https:\/\/legitgrams.com\/#organization\"},\"potentialAction\":[{\"@type\":\"SearchAction\",\"target\":{\"@type\":\"EntryPoint\",\"urlTemplate\":\"https:\/\/legitgrams.com\/?s={search_term_string}\"},\"query-input\":{\"@type\":\"PropertyValueSpecification\",\"valueRequired\":true,\"valueName\":\"search_term_string\"}}],\"inLanguage\":\"cs\"},{\"@type\":\"Organization\",\"@id\":\"https:\/\/legitgrams.com\/#organization\",\"name\":\"Legit Grams\",\"url\":\"https:\/\/legitgrams.com\/\",\"logo\":{\"@type\":\"ImageObject\",\"inLanguage\":\"cs\",\"@id\":\"https:\/\/legitgrams.com\/#\/schema\/logo\/image\/\",\"url\":\"https:\/\/legitgrams.com\/wp-content\/uploads\/2024\/09\/main-logo.png\",\"contentUrl\":\"https:\/\/legitgrams.com\/wp-content\/uploads\/2024\/09\/main-logo.png\",\"width\":270,\"height\":75,\"caption\":\"Legit Grams\"},\"image\":{\"@id\":\"https:\/\/legitgrams.com\/#\/schema\/logo\/image\/\"}}]}<\/script>\n<!-- \/ Yoast SEO plugin. -->","yoast_head_json":{"title":"B\u00edl\u00fd heroin 100% \u010dist\u00fd na prodej \u2013 kupte b\u00edl\u00fd heroin online","description":"Chcete si koupit b\u00edl\u00fd heroin 100% \u010dist\u00fd online za dostupnou cenu? Legit Grams je nejlep\u0161\u00ed m\u00edsto, kde m\u016f\u017eete z\u00edskat vysoce kvalitn\u00ed b\u00edl\u00fd heroin na prodej.","robots":{"index":"index","follow":"follow","max-snippet":"max-snippet:-1","max-image-preview":"max-image-preview:large","max-video-preview":"max-video-preview:-1"},"canonical":"https:\/\/legitgrams.com\/cs\/produkt\/bily-heroin-100-cisty\/","og_locale":"cs_CZ","og_type":"article","og_title":"White Heroin 100% pure for Sale - Buy White Heroin Online","og_description":"Do you want to buy white heroin 100% pure online at an affordable price? LegitGrams is best place where you can get high-qualitty white heroin for sale.","og_url":"https:\/\/legitgrams.com\/cs\/produkt\/bily-heroin-100-cisty\/","og_site_name":"Legit Grams","article_modified_time":"2026-02-28T13:26:41+00:00","og_image":[{"width":600,"height":600,"url":"https:\/\/legitgrams.com\/wp-content\/uploads\/2024\/09\/Buy-White-Heroin-100-pure-online.jpg","type":"image\/jpeg"}],"twitter_card":"summary_large_image","twitter_misc":{"Odhadovan\u00e1 doba \u010dten\u00ed":"2 minuty"},"schema":{"@context":"https:\/\/schema.org","@graph":[{"@type":"WebPage","@id":"https:\/\/legitgrams.com\/product\/white-heroin-100-pure\/","url":"https:\/\/legitgrams.com\/product\/white-heroin-100-pure\/","name":"B\u00edl\u00fd heroin 100% \u010dist\u00fd na prodej \u2013 kupte b\u00edl\u00fd heroin online","isPartOf":{"@id":"https:\/\/legitgrams.com\/#website"},"primaryImageOfPage":{"@id":"https:\/\/legitgrams.com\/product\/white-heroin-100-pure\/#primaryimage"},"image":{"@id":"https:\/\/legitgrams.com\/product\/white-heroin-100-pure\/#primaryimage"},"thumbnailUrl":"https:\/\/legitgrams.com\/wp-content\/uploads\/2024\/09\/Buy-White-Heroin-100-pure-online.jpg","datePublished":"2024-09-22T10:05:23+00:00","dateModified":"2026-02-28T13:26:41+00:00","description":"Chcete si koupit b\u00edl\u00fd heroin 100% \u010dist\u00fd online za dostupnou cenu? Legit Grams je nejlep\u0161\u00ed m\u00edsto, kde m\u016f\u017eete z\u00edskat vysoce kvalitn\u00ed b\u00edl\u00fd heroin na prodej.","breadcrumb":{"@id":"https:\/\/legitgrams.com\/product\/white-heroin-100-pure\/#breadcrumb"},"inLanguage":"cs","potentialAction":[{"@type":"ReadAction","target":["https:\/\/legitgrams.com\/product\/white-heroin-100-pure\/"]}]},{"@type":"ImageObject","inLanguage":"cs","@id":"https:\/\/legitgrams.com\/product\/white-heroin-100-pure\/#primaryimage","url":"https:\/\/legitgrams.com\/wp-content\/uploads\/2024\/09\/Buy-White-Heroin-100-pure-online.jpg","contentUrl":"https:\/\/legitgrams.com\/wp-content\/uploads\/2024\/09\/Buy-White-Heroin-100-pure-online.jpg","width":600,"height":600,"caption":"White Heroin 100% pure for Sale"},{"@type":"BreadcrumbList","@id":"https:\/\/legitgrams.com\/product\/white-heroin-100-pure\/#breadcrumb","itemListElement":[{"@type":"ListItem","position":1,"name":"Home","item":"https:\/\/legitgrams.com\/"},{"@type":"ListItem","position":2,"name":"Shop","item":"https:\/\/legitgrams.com\/shop\/"},{"@type":"ListItem","position":3,"name":"Buy White Heroin 100% Pure Online"}]},{"@type":"WebSite","@id":"https:\/\/legitgrams.com\/#website","url":"https:\/\/legitgrams.com\/","name":"Leg\u00e1ln\u00ed gramy","description":"M\u016fj blog WordPress","publisher":{"@id":"https:\/\/legitgrams.com\/#organization"},"potentialAction":[{"@type":"SearchAction","target":{"@type":"EntryPoint","urlTemplate":"https:\/\/legitgrams.com\/?s={search_term_string}"},"query-input":{"@type":"PropertyValueSpecification","valueRequired":true,"valueName":"search_term_string"}}],"inLanguage":"cs"},{"@type":"Organization","@id":"https:\/\/legitgrams.com\/#organization","name":"Leg\u00e1ln\u00ed gramy","url":"https:\/\/legitgrams.com\/","logo":{"@type":"ImageObject","inLanguage":"cs","@id":"https:\/\/legitgrams.com\/#\/schema\/logo\/image\/","url":"https:\/\/legitgrams.com\/wp-content\/uploads\/2024\/09\/main-logo.png","contentUrl":"https:\/\/legitgrams.com\/wp-content\/uploads\/2024\/09\/main-logo.png","width":270,"height":75,"caption":"Legit Grams"},"image":{"@id":"https:\/\/legitgrams.com\/#\/schema\/logo\/image\/"}}]}},"uagb_featured_image_src":{"full":["https:\/\/legitgrams.com\/wp-content\/uploads\/2024\/09\/Buy-White-Heroin-100-pure-online.jpg",600,600,false],"thumbnail":["https:\/\/legitgrams.com\/wp-content\/uploads\/2024\/09\/Buy-White-Heroin-100-pure-online-150x150.jpg",150,150,true],"medium":["https:\/\/legitgrams.com\/wp-content\/uploads\/2024\/09\/Buy-White-Heroin-100-pure-online-300x300.jpg",300,300,true],"medium_large":["https:\/\/legitgrams.com\/wp-content\/uploads\/2024\/09\/Buy-White-Heroin-100-pure-online.jpg",600,600,false],"large":["https:\/\/legitgrams.com\/wp-content\/uploads\/2024\/09\/Buy-White-Heroin-100-pure-online.jpg",600,600,false],"1536x1536":["https:\/\/legitgrams.com\/wp-content\/uploads\/2024\/09\/Buy-White-Heroin-100-pure-online.jpg",600,600,false],"2048x2048":["https:\/\/legitgrams.com\/wp-content\/uploads\/2024\/09\/Buy-White-Heroin-100-pure-online.jpg",600,600,false],"trp-custom-language-flag":["https:\/\/legitgrams.com\/wp-content\/uploads\/2024\/09\/Buy-White-Heroin-100-pure-online-12x12.jpg",12,12,true],"woocommerce_thumbnail":["https:\/\/legitgrams.com\/wp-content\/uploads\/2024\/09\/Buy-White-Heroin-100-pure-online-300x300.jpg",300,300,true],"woocommerce_single":["https:\/\/legitgrams.com\/wp-content\/uploads\/2024\/09\/Buy-White-Heroin-100-pure-online.jpg",600,600,false],"woocommerce_gallery_thumbnail":["https:\/\/legitgrams.com\/wp-content\/uploads\/2024\/09\/Buy-White-Heroin-100-pure-online-100x100.jpg",100,100,true]},"uagb_author_info":{"display_name":"cokeblog18","author_link":"https:\/\/legitgrams.com\/cs\/author\/"},"uagb_comment_info":0,"uagb_excerpt":"100% pure white heroin for sale CHEESY WHITE HEROINE ONLINE Every product is dispatched utilizing a distinct shipping method directly from our warehouse. For safety reasons, our best cocaine will be sent to you in jars or food\/drug packaging. based on the available packing material and weight. Because white powdered heroin dissolves readily in water,&hellip;","_links":{"self":[{"href":"https:\/\/legitgrams.com\/cs\/wp-json\/wp\/v2\/product\/4299","targetHints":{"allow":["GET"]}}],"collection":[{"href":"https:\/\/legitgrams.com\/cs\/wp-json\/wp\/v2\/product"}],"about":[{"href":"https:\/\/legitgrams.com\/cs\/wp-json\/wp\/v2\/types\/product"}],"replies":[{"embeddable":true,"href":"https:\/\/legitgrams.com\/cs\/wp-json\/wp\/v2\/comments?post=4299"}],"wp:featuredmedia":[{"embeddable":true,"href":"https:\/\/legitgrams.com\/cs\/wp-json\/wp\/v2\/media\/5337"}],"wp:attachment":[{"href":"https:\/\/legitgrams.com\/cs\/wp-json\/wp\/v2\/media?parent=4299"}],"wp:term":[{"taxonomy":"product_brand","embeddable":true,"href":"https:\/\/legitgrams.com\/cs\/wp-json\/wp\/v2\/product_brand?post=4299"},{"taxonomy":"product_cat","embeddable":true,"href":"https:\/\/legitgrams.com\/cs\/wp-json\/wp\/v2\/product_cat?post=4299"},{"taxonomy":"product_tag","embeddable":true,"href":"https:\/\/legitgrams.com\/cs\/wp-json\/wp\/v2\/product_tag?post=4299"}],"curies":[{"name":"wp","href":"https:\/\/api.w.org\/{rel}","templated":true}]}}