{"id":4300,"date":"2024-09-22T10:04:17","date_gmt":"2024-09-22T10:04:17","guid":{"rendered":"https:\/\/legitgrams.com\/?post_type=product&#038;p=4300"},"modified":"2026-02-28T13:28:54","modified_gmt":"2026-02-28T13:28:54","slug":"arctic-wolf-heroin-70-pure","status":"publish","type":"product","link":"https:\/\/legitgrams.com\/cs\/produkt\/arctic-wolf-heroin-70-pure\/","title":{"rendered":"Buy Arctic Wolf Heroin 70% Pure Online"},"content":{"rendered":"<h2>70% \u010dist\u00fd Heroin arktick\u00e9ho vlka na prodej<\/h2>\n<p>Jsme jedn\u00edm z nejrespektovan\u011bj\u0161\u00edch a nejspolehliv\u011bj\u0161\u00edch dodavatel\u016f ne\u0159ezan\u00e9ho a surov\u00e9ho heroinu Arctic Wolf. N\u00e1\u0161 <a href=\"https:\/\/legitgrams.com\/cs\/produkt\/arctic-wolf-heroin-70-pure\/\">arktick\u00fd vlk heroin<\/a> je unik\u00e1tn\u00ed objev s unik\u00e1tn\u00edmi vlastnostmi. Z\u00edskejte m\u00edsto toho Heroin od Arctic Wolf. Garantujeme prvot\u0159\u00eddn\u00ed pol\u00e1rn\u00ed vl\u010d\u00ed heroin s \u010distotou v\u00edce ne\u017e 99% dovozem p\u0159\u00edmo od v\u00fdrobce. Kdy\u017e si od n\u00e1s zakoup\u00edte Heroin Arctic Wolf, slibujeme nejlep\u0161\u00ed kvalitu, \u010distotu, bezpe\u010dn\u00e9 zpracov\u00e1n\u00ed plateb a bleskov\u011b rychl\u00e9 no\u010dn\u00ed doru\u010den\u00ed na v\u0161echny trhy v USA\/Kanad\u011b, Velk\u00e9 Brit\u00e1nii, Evrop\u011b, Rusku a Austr\u00e1lii.<\/p>\n<h3>Kupte si 80% \u010dist\u00fd arktick\u00fd wolk heroin.<\/h3>\n<p>70% \u010distota <a href=\"https:\/\/en.wikipedia.org\/wiki\/Arctic\">Arctic<\/a> Wolf Heroin lze zakoupit online. Sta\u010d\u00ed si koupit Wolf Heroin a 70% Pure Arctic Wolf Heroin. Kde si mohu koupit Heroin Arctic Wolf, kter\u00fd je \u010dist\u00fd ze 70 %? Kde si mohu online koupit Heroin Arctic Wolf, kter\u00fd je \u010dist\u00fd ze 70 %? Kde si mohu online koupit Heroin Arctic Wolf, kter\u00fd je \u010dist\u00fd ze 70 %? Kde si mohu online koupit Heroin Arctic Wolf, kter\u00fd je \u010dist\u00fd ze 70 %? Kde si mohu online koupit Heroin Arctic Wolf, kter\u00fd je \u010dist\u00fd ze 70 %? Do jak\u00e9 m\u00edry je proces p\u0159epravy bezpe\u010dn\u00fd? Heroin Arctic Wolf Heroin 70% Pure je st\u00e1le dostupn\u00fd. Povoluj\u00ed Spojen\u00e9 st\u00e1ty prodej 70% \u010dist\u00e9ho heroinu Arctic Wolf? Jak\u00fd je proces objedn\u00e1n\u00ed 70% \u010dist\u00e9ho arktick\u00e9ho vlka online? Je pou\u017e\u00edv\u00e1n\u00ed 70% \u010dist\u00e9ho heroinu Arctic Wolf v Kanad\u011b leg\u00e1ln\u00ed? <a href=\"https:\/\/legitgrams.com\/cs\/\">LegitGrams<\/a><\/p>\n<p>&nbsp;<\/p>","protected":false},"excerpt":{"rendered":"<p>70% Pure Arctic Wolf Heroin for Sale We are one of the most respected and reliable suppliers of uncut and raw Arctic Wolf Heroin. Our arctic wolf heroin is a unique discovery with unique properties. Get Heroin from Arctic Wolf instead. We guarantee superior polar wolf heroin with over 99% purity by importing directly from &hellip;<\/p>\n<p class=\"read-more\"> <a class=\"\" href=\"https:\/\/legitgrams.com\/cs\/produkt\/arctic-wolf-heroin-70-pure\/\"> <span class=\"screen-reader-text\">Buy Arctic Wolf Heroin 70% Pure Online<\/span> \u010c\u00edst d\u00e1l \"<\/a><\/p>","protected":false},"featured_media":5334,"comment_status":"open","ping_status":"closed","template":"","meta":{"_uag_custom_page_level_css":"","site-sidebar-layout":"default","site-content-layout":"default","ast-global-header-display":"","ast-main-header-display":"","ast-hfb-above-header-display":"","ast-hfb-below-header-display":"","ast-hfb-mobile-header-display":"","site-post-title":"","ast-breadcrumbs-content":"","ast-featured-img":"","footer-sml-layout":"","theme-transparent-header-meta":"default","adv-header-id-meta":"","stick-header-meta":"default","header-above-stick-meta":"","header-main-stick-meta":"","header-below-stick-meta":"","_joinchat":[]},"product_brand":[],"product_cat":[601],"product_tag":[811,835,823,818,833,834,832,815,814,813,824,829,826,831,821,617,812,828,825,820,817,830,827,625,819,822,816],"class_list":{"0":"post-4300","1":"product","2":"type-product","3":"status-publish","4":"has-post-thumbnail","6":"product_cat-heroine","7":"product_tag-arctic-wolf-heroin-70-pure","8":"product_tag-arctic-wolf-heroin-70-pure-for-sale","9":"product_tag-arctic-wolf-heroin-70-pure-legally","10":"product_tag-arctic-wolf-heroin-70-pure-online","11":"product_tag-arctic-wolf-heroin-70-pure-use","12":"product_tag-arctic-wolf-heroin-70-pure-wiki","13":"product_tag-arctic-wolf-heroin-70-pure-worldwide","14":"product_tag-arctic-wolf-heroin-70-purearctic-wolf-heroin-70-puresupplier","15":"product_tag-arctic-wolf-heroin-70-purefor-sale","16":"product_tag-arctic-wolf-heroin-70-pureonline","17":"product_tag-arctic-wolf-heroin-70-pureprice","18":"product_tag-arctic-wolf-heroin-70-pures","19":"product_tag-arctic-wolf-heroin-70-purestore","20":"product_tag-best-cheap-price-arctic-wolf-heroin-70-pure","21":"product_tag-best-place-to-buy-arctic-wolf-heroin-70-pure","22":"product_tag-bulk-online","23":"product_tag-buy-arctic-wolf-heroin-70-pure","24":"product_tag-cheap-arctic-wolf-heroin-70-pure","25":"product_tag-high-quality-arctic-wolf-heroin-70-pure","26":"product_tag-how-to-buy-arctic-wolf-heroin-70-pure","27":"product_tag-order-arctic-wolf-heroin-70-pure","28":"product_tag-purcharse-arctic-wolf-heroin-70-pure","29":"product_tag-shop-arctic-wolf-heroin-70-pure","30":"product_tag-top-quality","31":"product_tag-where-to-buy-arctic-wolf-heroin-70-pure","32":"product_tag-where-to-order-arctic-wolf-heroin-70-pure","33":"product_tag-wholesale-arctic-wolf-heroin-70-pure","34":"desktop-align-left","35":"tablet-align-left","36":"mobile-align-left","37":"ast-product-gallery-layout-horizontal","38":"ast-product-gallery-with-no-image","39":"ast-product-single-variable","40":"ast-product-tabs-layout-horizontal","41":"ast-qv-on-image","43":"first","44":"instock","45":"shipping-taxable","46":"purchasable","47":"product-type-variable"},"yoast_head":"<!-- This site is optimized with the Yoast SEO plugin v25.9 - https:\/\/yoast.com\/wordpress\/plugins\/seo\/ -->\n<title>Arctic Wolf Heroin for Sale - Buy Arctic Wolf Heroin Online | LG<\/title>\n<meta name=\"description\" content=\"Looking to buy arctic wolf heroin 70% pure online at a reasonable price? Visit our reputable Legitgrams online store and get arctic wolf heroin for sale today. Place an order now!\" \/>\n<meta name=\"robots\" content=\"index, follow, max-snippet:-1, max-image-preview:large, max-video-preview:-1\" \/>\n<link rel=\"canonical\" href=\"https:\/\/legitgrams.com\/cs\/produkt\/arctic-wolf-heroin-70-pure\/\" \/>\n<meta property=\"og:locale\" content=\"cs_CZ\" \/>\n<meta property=\"og:type\" content=\"article\" \/>\n<meta property=\"og:title\" content=\"Arctic Wolf Heroin for Sale - Buy Arctic Wolf Heroin Online | LG\" \/>\n<meta property=\"og:description\" content=\"Looking to buy arctic wolf heroin 70% pure online at a reasonable price? Visit our reputable Legitgrams online store and get arctic wolf heroin for sale today. Place an order now!\" \/>\n<meta property=\"og:url\" content=\"https:\/\/legitgrams.com\/cs\/produkt\/arctic-wolf-heroin-70-pure\/\" \/>\n<meta property=\"og:site_name\" content=\"Legit Grams\" \/>\n<meta property=\"article:modified_time\" content=\"2026-02-28T13:28:54+00:00\" \/>\n<meta property=\"og:image\" content=\"https:\/\/legitgrams.com\/wp-content\/uploads\/2024\/09\/Buy-Arctic-Wolf-Heroin-70-pure.jpg\" \/>\n\t<meta property=\"og:image:width\" content=\"600\" \/>\n\t<meta property=\"og:image:height\" content=\"600\" \/>\n\t<meta property=\"og:image:type\" content=\"image\/jpeg\" \/>\n<meta name=\"twitter:card\" content=\"summary_large_image\" \/>\n<meta name=\"twitter:label1\" content=\"Odhadovan\u00e1 doba \u010dten\u00ed\" \/>\n\t<meta name=\"twitter:data1\" content=\"2 minuty\" \/>\n<script type=\"application\/ld+json\" class=\"yoast-schema-graph\">{\"@context\":\"https:\/\/schema.org\",\"@graph\":[{\"@type\":\"WebPage\",\"@id\":\"https:\/\/legitgrams.com\/product\/arctic-wolf-heroin-70-pure\/\",\"url\":\"https:\/\/legitgrams.com\/product\/arctic-wolf-heroin-70-pure\/\",\"name\":\"Arctic Wolf Heroin for Sale - Buy Arctic Wolf Heroin Online | LG\",\"isPartOf\":{\"@id\":\"https:\/\/legitgrams.com\/#website\"},\"primaryImageOfPage\":{\"@id\":\"https:\/\/legitgrams.com\/product\/arctic-wolf-heroin-70-pure\/#primaryimage\"},\"image\":{\"@id\":\"https:\/\/legitgrams.com\/product\/arctic-wolf-heroin-70-pure\/#primaryimage\"},\"thumbnailUrl\":\"https:\/\/legitgrams.com\/wp-content\/uploads\/2024\/09\/Buy-Arctic-Wolf-Heroin-70-pure.jpg\",\"datePublished\":\"2024-09-22T10:04:17+00:00\",\"dateModified\":\"2026-02-28T13:28:54+00:00\",\"description\":\"Looking to buy arctic wolf heroin 70% pure online at a reasonable price? Visit our reputable Legitgrams online store and get arctic wolf heroin for sale today. Place an order now!\",\"breadcrumb\":{\"@id\":\"https:\/\/legitgrams.com\/product\/arctic-wolf-heroin-70-pure\/#breadcrumb\"},\"inLanguage\":\"cs\",\"potentialAction\":[{\"@type\":\"ReadAction\",\"target\":[\"https:\/\/legitgrams.com\/product\/arctic-wolf-heroin-70-pure\/\"]}]},{\"@type\":\"ImageObject\",\"inLanguage\":\"cs\",\"@id\":\"https:\/\/legitgrams.com\/product\/arctic-wolf-heroin-70-pure\/#primaryimage\",\"url\":\"https:\/\/legitgrams.com\/wp-content\/uploads\/2024\/09\/Buy-Arctic-Wolf-Heroin-70-pure.jpg\",\"contentUrl\":\"https:\/\/legitgrams.com\/wp-content\/uploads\/2024\/09\/Buy-Arctic-Wolf-Heroin-70-pure.jpg\",\"width\":600,\"height\":600,\"caption\":\"Arctic Wolf Heroin 70% Pure for Sale\"},{\"@type\":\"BreadcrumbList\",\"@id\":\"https:\/\/legitgrams.com\/product\/arctic-wolf-heroin-70-pure\/#breadcrumb\",\"itemListElement\":[{\"@type\":\"ListItem\",\"position\":1,\"name\":\"Home\",\"item\":\"https:\/\/legitgrams.com\/\"},{\"@type\":\"ListItem\",\"position\":2,\"name\":\"Shop\",\"item\":\"https:\/\/legitgrams.com\/shop\/\"},{\"@type\":\"ListItem\",\"position\":3,\"name\":\"Buy Arctic Wolf Heroin 70% Pure Online\"}]},{\"@type\":\"WebSite\",\"@id\":\"https:\/\/legitgrams.com\/#website\",\"url\":\"https:\/\/legitgrams.com\/\",\"name\":\"Legit Grams\",\"description\":\"My WordPress Blog\",\"publisher\":{\"@id\":\"https:\/\/legitgrams.com\/#organization\"},\"potentialAction\":[{\"@type\":\"SearchAction\",\"target\":{\"@type\":\"EntryPoint\",\"urlTemplate\":\"https:\/\/legitgrams.com\/?s={search_term_string}\"},\"query-input\":{\"@type\":\"PropertyValueSpecification\",\"valueRequired\":true,\"valueName\":\"search_term_string\"}}],\"inLanguage\":\"cs\"},{\"@type\":\"Organization\",\"@id\":\"https:\/\/legitgrams.com\/#organization\",\"name\":\"Legit Grams\",\"url\":\"https:\/\/legitgrams.com\/\",\"logo\":{\"@type\":\"ImageObject\",\"inLanguage\":\"cs\",\"@id\":\"https:\/\/legitgrams.com\/#\/schema\/logo\/image\/\",\"url\":\"https:\/\/legitgrams.com\/wp-content\/uploads\/2024\/09\/main-logo.png\",\"contentUrl\":\"https:\/\/legitgrams.com\/wp-content\/uploads\/2024\/09\/main-logo.png\",\"width\":270,\"height\":75,\"caption\":\"Legit Grams\"},\"image\":{\"@id\":\"https:\/\/legitgrams.com\/#\/schema\/logo\/image\/\"}}]}<\/script>\n<!-- \/ Yoast SEO plugin. -->","yoast_head_json":{"title":"Arctic Wolf Heroin na prodej - Koupit Arctic Wolf Heroin online | LG","description":"Chcete si koupit arctic wolf heroin 70% pure online za rozumnou cenu? Nav\u0161tivte n\u00e1\u0161 renomovan\u00fd internetov\u00fd obchod Legitgrams a z\u00edskejte arctic wolf heroin na prodej je\u0161t\u011b dnes. Objednejte si ho nyn\u00ed!","robots":{"index":"index","follow":"follow","max-snippet":"max-snippet:-1","max-image-preview":"max-image-preview:large","max-video-preview":"max-video-preview:-1"},"canonical":"https:\/\/legitgrams.com\/cs\/produkt\/arctic-wolf-heroin-70-pure\/","og_locale":"cs_CZ","og_type":"article","og_title":"Arctic Wolf Heroin for Sale - Buy Arctic Wolf Heroin Online | LG","og_description":"Looking to buy arctic wolf heroin 70% pure online at a reasonable price? Visit our reputable Legitgrams online store and get arctic wolf heroin for sale today. Place an order now!","og_url":"https:\/\/legitgrams.com\/cs\/produkt\/arctic-wolf-heroin-70-pure\/","og_site_name":"Legit Grams","article_modified_time":"2026-02-28T13:28:54+00:00","og_image":[{"width":600,"height":600,"url":"https:\/\/legitgrams.com\/wp-content\/uploads\/2024\/09\/Buy-Arctic-Wolf-Heroin-70-pure.jpg","type":"image\/jpeg"}],"twitter_card":"summary_large_image","twitter_misc":{"Odhadovan\u00e1 doba \u010dten\u00ed":"2 minuty"},"schema":{"@context":"https:\/\/schema.org","@graph":[{"@type":"WebPage","@id":"https:\/\/legitgrams.com\/product\/arctic-wolf-heroin-70-pure\/","url":"https:\/\/legitgrams.com\/product\/arctic-wolf-heroin-70-pure\/","name":"Arctic Wolf Heroin na prodej - Koupit Arctic Wolf Heroin online | LG","isPartOf":{"@id":"https:\/\/legitgrams.com\/#website"},"primaryImageOfPage":{"@id":"https:\/\/legitgrams.com\/product\/arctic-wolf-heroin-70-pure\/#primaryimage"},"image":{"@id":"https:\/\/legitgrams.com\/product\/arctic-wolf-heroin-70-pure\/#primaryimage"},"thumbnailUrl":"https:\/\/legitgrams.com\/wp-content\/uploads\/2024\/09\/Buy-Arctic-Wolf-Heroin-70-pure.jpg","datePublished":"2024-09-22T10:04:17+00:00","dateModified":"2026-02-28T13:28:54+00:00","description":"Chcete si koupit arctic wolf heroin 70% pure online za rozumnou cenu? Nav\u0161tivte n\u00e1\u0161 renomovan\u00fd internetov\u00fd obchod Legitgrams a z\u00edskejte arctic wolf heroin na prodej je\u0161t\u011b dnes. Objednejte si ho nyn\u00ed!","breadcrumb":{"@id":"https:\/\/legitgrams.com\/product\/arctic-wolf-heroin-70-pure\/#breadcrumb"},"inLanguage":"cs","potentialAction":[{"@type":"ReadAction","target":["https:\/\/legitgrams.com\/product\/arctic-wolf-heroin-70-pure\/"]}]},{"@type":"ImageObject","inLanguage":"cs","@id":"https:\/\/legitgrams.com\/product\/arctic-wolf-heroin-70-pure\/#primaryimage","url":"https:\/\/legitgrams.com\/wp-content\/uploads\/2024\/09\/Buy-Arctic-Wolf-Heroin-70-pure.jpg","contentUrl":"https:\/\/legitgrams.com\/wp-content\/uploads\/2024\/09\/Buy-Arctic-Wolf-Heroin-70-pure.jpg","width":600,"height":600,"caption":"Arctic Wolf Heroin 70% Pure for Sale"},{"@type":"BreadcrumbList","@id":"https:\/\/legitgrams.com\/product\/arctic-wolf-heroin-70-pure\/#breadcrumb","itemListElement":[{"@type":"ListItem","position":1,"name":"Home","item":"https:\/\/legitgrams.com\/"},{"@type":"ListItem","position":2,"name":"Shop","item":"https:\/\/legitgrams.com\/shop\/"},{"@type":"ListItem","position":3,"name":"Buy Arctic Wolf Heroin 70% Pure Online"}]},{"@type":"WebSite","@id":"https:\/\/legitgrams.com\/#website","url":"https:\/\/legitgrams.com\/","name":"Leg\u00e1ln\u00ed gramy","description":"M\u016fj blog WordPress","publisher":{"@id":"https:\/\/legitgrams.com\/#organization"},"potentialAction":[{"@type":"SearchAction","target":{"@type":"EntryPoint","urlTemplate":"https:\/\/legitgrams.com\/?s={search_term_string}"},"query-input":{"@type":"PropertyValueSpecification","valueRequired":true,"valueName":"search_term_string"}}],"inLanguage":"cs"},{"@type":"Organization","@id":"https:\/\/legitgrams.com\/#organization","name":"Leg\u00e1ln\u00ed gramy","url":"https:\/\/legitgrams.com\/","logo":{"@type":"ImageObject","inLanguage":"cs","@id":"https:\/\/legitgrams.com\/#\/schema\/logo\/image\/","url":"https:\/\/legitgrams.com\/wp-content\/uploads\/2024\/09\/main-logo.png","contentUrl":"https:\/\/legitgrams.com\/wp-content\/uploads\/2024\/09\/main-logo.png","width":270,"height":75,"caption":"Legit Grams"},"image":{"@id":"https:\/\/legitgrams.com\/#\/schema\/logo\/image\/"}}]}},"uagb_featured_image_src":{"full":["https:\/\/legitgrams.com\/wp-content\/uploads\/2024\/09\/Buy-Arctic-Wolf-Heroin-70-pure.jpg",600,600,false],"thumbnail":["https:\/\/legitgrams.com\/wp-content\/uploads\/2024\/09\/Buy-Arctic-Wolf-Heroin-70-pure-150x150.jpg",150,150,true],"medium":["https:\/\/legitgrams.com\/wp-content\/uploads\/2024\/09\/Buy-Arctic-Wolf-Heroin-70-pure-300x300.jpg",300,300,true],"medium_large":["https:\/\/legitgrams.com\/wp-content\/uploads\/2024\/09\/Buy-Arctic-Wolf-Heroin-70-pure.jpg",600,600,false],"large":["https:\/\/legitgrams.com\/wp-content\/uploads\/2024\/09\/Buy-Arctic-Wolf-Heroin-70-pure.jpg",600,600,false],"1536x1536":["https:\/\/legitgrams.com\/wp-content\/uploads\/2024\/09\/Buy-Arctic-Wolf-Heroin-70-pure.jpg",600,600,false],"2048x2048":["https:\/\/legitgrams.com\/wp-content\/uploads\/2024\/09\/Buy-Arctic-Wolf-Heroin-70-pure.jpg",600,600,false],"trp-custom-language-flag":["https:\/\/legitgrams.com\/wp-content\/uploads\/2024\/09\/Buy-Arctic-Wolf-Heroin-70-pure-12x12.jpg",12,12,true],"woocommerce_thumbnail":["https:\/\/legitgrams.com\/wp-content\/uploads\/2024\/09\/Buy-Arctic-Wolf-Heroin-70-pure-300x300.jpg",300,300,true],"woocommerce_single":["https:\/\/legitgrams.com\/wp-content\/uploads\/2024\/09\/Buy-Arctic-Wolf-Heroin-70-pure.jpg",600,600,false],"woocommerce_gallery_thumbnail":["https:\/\/legitgrams.com\/wp-content\/uploads\/2024\/09\/Buy-Arctic-Wolf-Heroin-70-pure-100x100.jpg",100,100,true]},"uagb_author_info":{"display_name":"cokeblog18","author_link":"https:\/\/legitgrams.com\/cs\/author\/"},"uagb_comment_info":0,"uagb_excerpt":"70% Pure Arctic Wolf Heroin for Sale We are one of the most respected and reliable suppliers of uncut and raw Arctic Wolf Heroin. Our arctic wolf heroin is a unique discovery with unique properties. Get Heroin from Arctic Wolf instead. We guarantee superior polar wolf heroin with over 99% purity by importing directly from&hellip;","_links":{"self":[{"href":"https:\/\/legitgrams.com\/cs\/wp-json\/wp\/v2\/product\/4300","targetHints":{"allow":["GET"]}}],"collection":[{"href":"https:\/\/legitgrams.com\/cs\/wp-json\/wp\/v2\/product"}],"about":[{"href":"https:\/\/legitgrams.com\/cs\/wp-json\/wp\/v2\/types\/product"}],"replies":[{"embeddable":true,"href":"https:\/\/legitgrams.com\/cs\/wp-json\/wp\/v2\/comments?post=4300"}],"wp:featuredmedia":[{"embeddable":true,"href":"https:\/\/legitgrams.com\/cs\/wp-json\/wp\/v2\/media\/5334"}],"wp:attachment":[{"href":"https:\/\/legitgrams.com\/cs\/wp-json\/wp\/v2\/media?parent=4300"}],"wp:term":[{"taxonomy":"product_brand","embeddable":true,"href":"https:\/\/legitgrams.com\/cs\/wp-json\/wp\/v2\/product_brand?post=4300"},{"taxonomy":"product_cat","embeddable":true,"href":"https:\/\/legitgrams.com\/cs\/wp-json\/wp\/v2\/product_cat?post=4300"},{"taxonomy":"product_tag","embeddable":true,"href":"https:\/\/legitgrams.com\/cs\/wp-json\/wp\/v2\/product_tag?post=4300"}],"curies":[{"name":"wp","href":"https:\/\/api.w.org\/{rel}","templated":true}]}}