{"id":4304,"date":"2024-09-22T10:00:16","date_gmt":"2024-09-22T10:00:16","guid":{"rendered":"https:\/\/legitgrams.com\/?post_type=product&#038;p=4304"},"modified":"2025-01-15T05:47:14","modified_gmt":"2025-01-15T05:47:14","slug":"tunak-kush","status":"publish","type":"product","link":"https:\/\/legitgrams.com\/cs\/produkt\/tunak-kush\/","title":{"rendered":"Tu\u0148\u00e1k Kush"},"content":{"rendered":"<h2>Koupit Tuna Kush online<\/h2>\n<p>Jakmile p\u0159ekon\u00e1te z\u00e1pach, Tuna Kush si zamilujete, stejn\u011b jako mnoho jin\u00fdch plevel\u016f. Term\u00edn nazna\u010duje, \u017ee v\u00e1s p\u0159em\u016f\u017ee ohromuj\u00edc\u00ed v\u016fn\u011b ryb. V\u011bt\u0161ina nad\u0161enc\u016f, kte\u0159\u00ed konop\u00ed u\u017e\u00edvaj\u00ed, to potvrzuje! <a href=\"https:\/\/legitgrams.com\/cs\/\">LegitGrams<\/a><\/p>\n<p>N\u00e1kup Kush online - n\u00e1kup <a href=\"https:\/\/en.wikipedia.org\/wiki\/Kush_(cannabis)\">Kush<\/a>, n\u00e1kup Kush, n\u00e1kup Kush online, Kde koupit Kush, N\u00e1kup Kush, N\u00e1kup Kush online, N\u00e1kup Kush online, N\u00e1kup Kush v USA, Kanad\u011b, Velk\u00e9 Brit\u00e1nii, N\u00e1kup Kush online, Dodavatel\u00e9, Bezpe\u010dn\u00e9 doru\u010den\u00ed, St\u00e1le m\u016f\u017eete z\u00edskat <a href=\"https:\/\/legitgrams.com\/cs\/produkt\/tunak-kush\/\">Tu\u0148\u00e1k Kush<\/a>. Zjist\u011bte, zda je v USA leg\u00e1ln\u00ed, kde ho koupit a jak ho objednat. Je u\u017e\u00edv\u00e1n\u00ed tr\u00e1vy v Kanad\u011b leg\u00e1ln\u00ed?<\/p>\n<p>&nbsp;<\/p>","protected":false},"excerpt":{"rendered":"<p>Purchase Tuna Kush Online Once you get past the smell, you&#8217;ll fall in love with Tuna Kush, like many other weeds. The term implies that the overpowering smell of fish will overwhelm you. Most cannabis enthusiasts who have used it attest to this! LegitGrams Purchase Kush online &#8211; purchase Kush, purchase Kush, purchase Kush online, &hellip;<\/p>\n<p class=\"read-more\"> <a class=\"\" href=\"https:\/\/legitgrams.com\/cs\/produkt\/tunak-kush\/\"> <span class=\"screen-reader-text\">Tu\u0148\u00e1k Kush<\/span> \u010c\u00edst d\u00e1l \"<\/a><\/p>","protected":false},"featured_media":5422,"comment_status":"open","ping_status":"closed","template":"","meta":{"_uag_custom_page_level_css":"","site-sidebar-layout":"default","site-content-layout":"default","ast-global-header-display":"","ast-main-header-display":"","ast-hfb-above-header-display":"","ast-hfb-below-header-display":"","ast-hfb-mobile-header-display":"","site-post-title":"","ast-breadcrumbs-content":"","ast-featured-img":"","footer-sml-layout":"","theme-transparent-header-meta":"default","adv-header-id-meta":"","stick-header-meta":"default","header-above-stick-meta":"","header-main-stick-meta":"","header-below-stick-meta":"","_joinchat":[]},"product_brand":[],"product_cat":[607],"product_tag":[924,914,617,906,921,918,913,911,923,920,625,905,908,916,907,919,909,926,927,925,917,922,912,915,910],"class_list":{"0":"post-4304","1":"product","2":"type-product","3":"status-publish","4":"has-post-thumbnail","6":"product_cat-marijuana-cannabis","7":"product_tag-best-cheap-price-tuna-kush","8":"product_tag-best-place-to-buy-tuna-kush","9":"product_tag-bulk-online","10":"product_tag-buy-tuna-kush","11":"product_tag-cheap-tuna-kush","12":"product_tag-high-quality-tuna-kush","13":"product_tag-how-to-buy-tuna-kush","14":"product_tag-order-tuna-kush","15":"product_tag-purcharse-tuna-kush","16":"product_tag-shop-tuna-kush","17":"product_tag-top-quality","18":"product_tag-tuna-kush","19":"product_tag-tuna-kush-for-sale","20":"product_tag-tuna-kush-legally","21":"product_tag-tuna-kush-online","22":"product_tag-tuna-kush-store","23":"product_tag-tuna-kush-tuna-kush-supplier","24":"product_tag-tuna-kush-use","25":"product_tag-tuna-kush-wiki","26":"product_tag-tuna-kush-worldwide","27":"product_tag-tuna-kushprice","28":"product_tag-tuna-kushs","29":"product_tag-where-to-buy-tuna-kush","30":"product_tag-where-to-order-tuna-kush","31":"product_tag-wholesale-tuna-kush","32":"desktop-align-left","33":"tablet-align-left","34":"mobile-align-left","35":"ast-product-gallery-layout-horizontal","36":"ast-product-gallery-with-no-image","37":"ast-product-single-variable","38":"ast-product-tabs-layout-horizontal","39":"ast-qv-on-image","41":"first","42":"instock","43":"shipping-taxable","44":"purchasable","45":"product-type-variable"},"yoast_head":"<!-- This site is optimized with the Yoast SEO plugin v25.9 - https:\/\/yoast.com\/wordpress\/plugins\/seo\/ -->\n<title>Tuna Kush for Sale - Order Tuna Kush Online | LegitGrams<\/title>\n<meta name=\"description\" content=\"Looking to Buy Tuna Kush Online? Discover a seamless platform at our online store where you can buy Tuna Kush, ensuring top-grade quality for your research needs.\" \/>\n<meta name=\"robots\" content=\"index, follow, max-snippet:-1, max-image-preview:large, max-video-preview:-1\" \/>\n<link rel=\"canonical\" href=\"https:\/\/legitgrams.com\/cs\/produkt\/tunak-kush\/\" \/>\n<meta property=\"og:locale\" content=\"cs_CZ\" \/>\n<meta property=\"og:type\" content=\"article\" \/>\n<meta property=\"og:title\" content=\"Tuna Kush for Sale - Order Tuna Kush Online | LegitGrams\" \/>\n<meta property=\"og:description\" content=\"Looking to Buy Tuna Kush Online? Discover a seamless platform at our online store where you can buy Tuna Kush, ensuring top-grade quality for your research needs.\" \/>\n<meta property=\"og:url\" content=\"https:\/\/legitgrams.com\/cs\/produkt\/tunak-kush\/\" \/>\n<meta property=\"og:site_name\" content=\"Legit Grams\" \/>\n<meta property=\"article:modified_time\" content=\"2025-01-15T05:47:14+00:00\" \/>\n<meta property=\"og:image\" content=\"https:\/\/legitgrams.com\/wp-content\/uploads\/2024\/09\/Tuna-Kush.jpg\" \/>\n\t<meta property=\"og:image:width\" content=\"600\" \/>\n\t<meta property=\"og:image:height\" content=\"600\" \/>\n\t<meta property=\"og:image:type\" content=\"image\/jpeg\" \/>\n<meta name=\"twitter:card\" content=\"summary_large_image\" \/>\n<meta name=\"twitter:label1\" content=\"Odhadovan\u00e1 doba \u010dten\u00ed\" \/>\n\t<meta name=\"twitter:data1\" content=\"1 minuta\" \/>\n<script type=\"application\/ld+json\" class=\"yoast-schema-graph\">{\"@context\":\"https:\/\/schema.org\",\"@graph\":[{\"@type\":\"WebPage\",\"@id\":\"https:\/\/legitgrams.com\/product\/tuna-kush\/\",\"url\":\"https:\/\/legitgrams.com\/product\/tuna-kush\/\",\"name\":\"Tuna Kush for Sale - Order Tuna Kush Online | LegitGrams\",\"isPartOf\":{\"@id\":\"https:\/\/legitgrams.com\/#website\"},\"primaryImageOfPage\":{\"@id\":\"https:\/\/legitgrams.com\/product\/tuna-kush\/#primaryimage\"},\"image\":{\"@id\":\"https:\/\/legitgrams.com\/product\/tuna-kush\/#primaryimage\"},\"thumbnailUrl\":\"https:\/\/legitgrams.com\/wp-content\/uploads\/2024\/09\/Tuna-Kush.jpg\",\"datePublished\":\"2024-09-22T10:00:16+00:00\",\"dateModified\":\"2025-01-15T05:47:14+00:00\",\"description\":\"Looking to Buy Tuna Kush Online? Discover a seamless platform at our online store where you can buy Tuna Kush, ensuring top-grade quality for your research needs.\",\"breadcrumb\":{\"@id\":\"https:\/\/legitgrams.com\/product\/tuna-kush\/#breadcrumb\"},\"inLanguage\":\"cs\",\"potentialAction\":[{\"@type\":\"ReadAction\",\"target\":[\"https:\/\/legitgrams.com\/product\/tuna-kush\/\"]}]},{\"@type\":\"ImageObject\",\"inLanguage\":\"cs\",\"@id\":\"https:\/\/legitgrams.com\/product\/tuna-kush\/#primaryimage\",\"url\":\"https:\/\/legitgrams.com\/wp-content\/uploads\/2024\/09\/Tuna-Kush.jpg\",\"contentUrl\":\"https:\/\/legitgrams.com\/wp-content\/uploads\/2024\/09\/Tuna-Kush.jpg\",\"width\":600,\"height\":600,\"caption\":\"Tuna Kush for Sale\"},{\"@type\":\"BreadcrumbList\",\"@id\":\"https:\/\/legitgrams.com\/product\/tuna-kush\/#breadcrumb\",\"itemListElement\":[{\"@type\":\"ListItem\",\"position\":1,\"name\":\"Home\",\"item\":\"https:\/\/legitgrams.com\/\"},{\"@type\":\"ListItem\",\"position\":2,\"name\":\"Shop\",\"item\":\"https:\/\/legitgrams.com\/shop\/\"},{\"@type\":\"ListItem\",\"position\":3,\"name\":\"Tuna Kush\"}]},{\"@type\":\"WebSite\",\"@id\":\"https:\/\/legitgrams.com\/#website\",\"url\":\"https:\/\/legitgrams.com\/\",\"name\":\"Legit Grams\",\"description\":\"My WordPress Blog\",\"publisher\":{\"@id\":\"https:\/\/legitgrams.com\/#organization\"},\"potentialAction\":[{\"@type\":\"SearchAction\",\"target\":{\"@type\":\"EntryPoint\",\"urlTemplate\":\"https:\/\/legitgrams.com\/?s={search_term_string}\"},\"query-input\":{\"@type\":\"PropertyValueSpecification\",\"valueRequired\":true,\"valueName\":\"search_term_string\"}}],\"inLanguage\":\"cs\"},{\"@type\":\"Organization\",\"@id\":\"https:\/\/legitgrams.com\/#organization\",\"name\":\"Legit Grams\",\"url\":\"https:\/\/legitgrams.com\/\",\"logo\":{\"@type\":\"ImageObject\",\"inLanguage\":\"cs\",\"@id\":\"https:\/\/legitgrams.com\/#\/schema\/logo\/image\/\",\"url\":\"https:\/\/legitgrams.com\/wp-content\/uploads\/2024\/09\/main-logo.png\",\"contentUrl\":\"https:\/\/legitgrams.com\/wp-content\/uploads\/2024\/09\/main-logo.png\",\"width\":270,\"height\":75,\"caption\":\"Legit Grams\"},\"image\":{\"@id\":\"https:\/\/legitgrams.com\/#\/schema\/logo\/image\/\"}}]}<\/script>\n<!-- \/ Yoast SEO plugin. -->","yoast_head_json":{"title":"Tuna Kush na prodej - objednat Tuna Kush online | LegitGrams","description":"Chcete si koupit Tuna Kush online? Objevte bezprobl\u00e9movou platformu v na\u0161em internetov\u00e9m obchod\u011b, kde si m\u016f\u017eete koupit Tuna Kush a zajistit si \u0161pi\u010dkovou kvalitu pro sv\u00e9 v\u00fdzkumn\u00e9 pot\u0159eby.","robots":{"index":"index","follow":"follow","max-snippet":"max-snippet:-1","max-image-preview":"max-image-preview:large","max-video-preview":"max-video-preview:-1"},"canonical":"https:\/\/legitgrams.com\/cs\/produkt\/tunak-kush\/","og_locale":"cs_CZ","og_type":"article","og_title":"Tuna Kush for Sale - Order Tuna Kush Online | LegitGrams","og_description":"Looking to Buy Tuna Kush Online? Discover a seamless platform at our online store where you can buy Tuna Kush, ensuring top-grade quality for your research needs.","og_url":"https:\/\/legitgrams.com\/cs\/produkt\/tunak-kush\/","og_site_name":"Legit Grams","article_modified_time":"2025-01-15T05:47:14+00:00","og_image":[{"width":600,"height":600,"url":"https:\/\/legitgrams.com\/wp-content\/uploads\/2024\/09\/Tuna-Kush.jpg","type":"image\/jpeg"}],"twitter_card":"summary_large_image","twitter_misc":{"Odhadovan\u00e1 doba \u010dten\u00ed":"1 minuta"},"schema":{"@context":"https:\/\/schema.org","@graph":[{"@type":"WebPage","@id":"https:\/\/legitgrams.com\/product\/tuna-kush\/","url":"https:\/\/legitgrams.com\/product\/tuna-kush\/","name":"Tuna Kush na prodej - objednat Tuna Kush online | LegitGrams","isPartOf":{"@id":"https:\/\/legitgrams.com\/#website"},"primaryImageOfPage":{"@id":"https:\/\/legitgrams.com\/product\/tuna-kush\/#primaryimage"},"image":{"@id":"https:\/\/legitgrams.com\/product\/tuna-kush\/#primaryimage"},"thumbnailUrl":"https:\/\/legitgrams.com\/wp-content\/uploads\/2024\/09\/Tuna-Kush.jpg","datePublished":"2024-09-22T10:00:16+00:00","dateModified":"2025-01-15T05:47:14+00:00","description":"Chcete si koupit Tuna Kush online? Objevte bezprobl\u00e9movou platformu v na\u0161em internetov\u00e9m obchod\u011b, kde si m\u016f\u017eete koupit Tuna Kush a zajistit si \u0161pi\u010dkovou kvalitu pro sv\u00e9 v\u00fdzkumn\u00e9 pot\u0159eby.","breadcrumb":{"@id":"https:\/\/legitgrams.com\/product\/tuna-kush\/#breadcrumb"},"inLanguage":"cs","potentialAction":[{"@type":"ReadAction","target":["https:\/\/legitgrams.com\/product\/tuna-kush\/"]}]},{"@type":"ImageObject","inLanguage":"cs","@id":"https:\/\/legitgrams.com\/product\/tuna-kush\/#primaryimage","url":"https:\/\/legitgrams.com\/wp-content\/uploads\/2024\/09\/Tuna-Kush.jpg","contentUrl":"https:\/\/legitgrams.com\/wp-content\/uploads\/2024\/09\/Tuna-Kush.jpg","width":600,"height":600,"caption":"Tuna Kush for Sale"},{"@type":"BreadcrumbList","@id":"https:\/\/legitgrams.com\/product\/tuna-kush\/#breadcrumb","itemListElement":[{"@type":"ListItem","position":1,"name":"Home","item":"https:\/\/legitgrams.com\/"},{"@type":"ListItem","position":2,"name":"Shop","item":"https:\/\/legitgrams.com\/shop\/"},{"@type":"ListItem","position":3,"name":"Tuna Kush"}]},{"@type":"WebSite","@id":"https:\/\/legitgrams.com\/#website","url":"https:\/\/legitgrams.com\/","name":"Leg\u00e1ln\u00ed gramy","description":"M\u016fj blog WordPress","publisher":{"@id":"https:\/\/legitgrams.com\/#organization"},"potentialAction":[{"@type":"SearchAction","target":{"@type":"EntryPoint","urlTemplate":"https:\/\/legitgrams.com\/?s={search_term_string}"},"query-input":{"@type":"PropertyValueSpecification","valueRequired":true,"valueName":"search_term_string"}}],"inLanguage":"cs"},{"@type":"Organization","@id":"https:\/\/legitgrams.com\/#organization","name":"Leg\u00e1ln\u00ed gramy","url":"https:\/\/legitgrams.com\/","logo":{"@type":"ImageObject","inLanguage":"cs","@id":"https:\/\/legitgrams.com\/#\/schema\/logo\/image\/","url":"https:\/\/legitgrams.com\/wp-content\/uploads\/2024\/09\/main-logo.png","contentUrl":"https:\/\/legitgrams.com\/wp-content\/uploads\/2024\/09\/main-logo.png","width":270,"height":75,"caption":"Legit Grams"},"image":{"@id":"https:\/\/legitgrams.com\/#\/schema\/logo\/image\/"}}]}},"uagb_featured_image_src":{"full":["https:\/\/legitgrams.com\/wp-content\/uploads\/2024\/09\/Tuna-Kush.jpg",600,600,false],"thumbnail":["https:\/\/legitgrams.com\/wp-content\/uploads\/2024\/09\/Tuna-Kush-150x150.jpg",150,150,true],"medium":["https:\/\/legitgrams.com\/wp-content\/uploads\/2024\/09\/Tuna-Kush-300x300.jpg",300,300,true],"medium_large":["https:\/\/legitgrams.com\/wp-content\/uploads\/2024\/09\/Tuna-Kush.jpg",600,600,false],"large":["https:\/\/legitgrams.com\/wp-content\/uploads\/2024\/09\/Tuna-Kush.jpg",600,600,false],"1536x1536":["https:\/\/legitgrams.com\/wp-content\/uploads\/2024\/09\/Tuna-Kush.jpg",600,600,false],"2048x2048":["https:\/\/legitgrams.com\/wp-content\/uploads\/2024\/09\/Tuna-Kush.jpg",600,600,false],"trp-custom-language-flag":["https:\/\/legitgrams.com\/wp-content\/uploads\/2024\/09\/Tuna-Kush-12x12.jpg",12,12,true],"woocommerce_thumbnail":["https:\/\/legitgrams.com\/wp-content\/uploads\/2024\/09\/Tuna-Kush-300x300.jpg",300,300,true],"woocommerce_single":["https:\/\/legitgrams.com\/wp-content\/uploads\/2024\/09\/Tuna-Kush.jpg",600,600,false],"woocommerce_gallery_thumbnail":["https:\/\/legitgrams.com\/wp-content\/uploads\/2024\/09\/Tuna-Kush-100x100.jpg",100,100,true]},"uagb_author_info":{"display_name":"cokeblog18","author_link":"https:\/\/legitgrams.com\/cs\/author\/"},"uagb_comment_info":0,"uagb_excerpt":"Purchase Tuna Kush Online Once you get past the smell, you&#8217;ll fall in love with Tuna Kush, like many other weeds. The term implies that the overpowering smell of fish will overwhelm you. Most cannabis enthusiasts who have used it attest to this! LegitGrams Purchase Kush online &#8211; purchase Kush, purchase Kush, purchase Kush online,&hellip;","_links":{"self":[{"href":"https:\/\/legitgrams.com\/cs\/wp-json\/wp\/v2\/product\/4304","targetHints":{"allow":["GET"]}}],"collection":[{"href":"https:\/\/legitgrams.com\/cs\/wp-json\/wp\/v2\/product"}],"about":[{"href":"https:\/\/legitgrams.com\/cs\/wp-json\/wp\/v2\/types\/product"}],"replies":[{"embeddable":true,"href":"https:\/\/legitgrams.com\/cs\/wp-json\/wp\/v2\/comments?post=4304"}],"wp:featuredmedia":[{"embeddable":true,"href":"https:\/\/legitgrams.com\/cs\/wp-json\/wp\/v2\/media\/5422"}],"wp:attachment":[{"href":"https:\/\/legitgrams.com\/cs\/wp-json\/wp\/v2\/media?parent=4304"}],"wp:term":[{"taxonomy":"product_brand","embeddable":true,"href":"https:\/\/legitgrams.com\/cs\/wp-json\/wp\/v2\/product_brand?post=4304"},{"taxonomy":"product_cat","embeddable":true,"href":"https:\/\/legitgrams.com\/cs\/wp-json\/wp\/v2\/product_cat?post=4304"},{"taxonomy":"product_tag","embeddable":true,"href":"https:\/\/legitgrams.com\/cs\/wp-json\/wp\/v2\/product_tag?post=4304"}],"curies":[{"name":"wp","href":"https:\/\/api.w.org\/{rel}","templated":true}]}}