{"id":4308,"date":"2024-09-22T10:23:42","date_gmt":"2024-09-22T10:23:42","guid":{"rendered":"https:\/\/legitgrams.com\/?post_type=product&#038;p=4308"},"modified":"2026-02-26T12:21:25","modified_gmt":"2026-02-26T12:21:25","slug":"peruansky-kokain-92-cisty","status":"publish","type":"product","link":"https:\/\/legitgrams.com\/cs\/produkt\/peruansky-kokain-92-cisty\/","title":{"rendered":"Koupit peru\u00e1nsk\u00fd kokain 92% Pure online"},"content":{"rendered":"<h2>Kupte si peru\u00e1nsk\u00fd kokain 92% \u010dist\u00fd online<\/h2>\n<p>V\u00fd\u0148atky z <a href=\"https:\/\/legitgrams.com\/cs\/produkt\/peruansky-kokain-92-cisty\/\">Peru\u00e1nsk\u00fd kokain<\/a> z rostliny Coca. Tuto rostlinu hnoj\u00ed \u0159ada z\u00e1padn\u00edch zem\u00ed, nap\u0159\u00edklad Kolumbie, Bol\u00edvie, Peru atd. Nejv\u00fdznamn\u011bj\u0161\u00edm zdrojem kokainu je v\u0161ak Peru. D\u016fvodem je jeho \u0161irok\u00e9 vyu\u017eit\u00ed v ka\u017edodenn\u00edm \u017eivot\u011b a jeho \u010distota.<\/p>\n<p>Krom\u011b toho n\u011bkolik spole\u010dnost\u00ed pou\u017e\u00edv\u00e1 tento produkt samotn\u00fd nebo listy rostliny k vytvo\u0159en\u00ed dal\u0161\u00edch produkt\u016f, kter\u00e9 si p\u0159ej\u00ed. Coca-Cola, nejzn\u00e1m\u011bj\u0161\u00ed v\u00fdrobce nealkoholick\u00fdch n\u00e1poj\u016f, pou\u017e\u00edval tyto listy p\u0159i jejich v\u00fdrob\u011b a\u017e do roku 1903. V mnoha dal\u0161\u00edch produktech se st\u00e1le pou\u017e\u00edv\u00e1 ke zv\u00fd\u0161en\u00ed \u00fa\u010dinku produktu.<\/p>\n<h3>U\u017e\u00edv\u00e1n\u00ed kokainu v Peru<\/h3>\n<p>Peru\u00e1nsk\u00fd kokain pat\u0159\u00ed mezi nej\u010dist\u0161\u00ed zdroje kokainu na sv\u011bt\u011b. Pou\u017e\u00edv\u00e1 se jako stimulant ke zv\u00fd\u0161en\u00ed produkce specifick\u00fdch hormon\u016f v mozku a k l\u00e9\u010db\u011b onemocn\u011bn\u00ed.<\/p>\n<p>D\u00edky sv\u00e9 \u010distot\u011b je za\u0159azen mezi vysoce \u00fa\u010dinn\u00e9 l\u00e9ky, kter\u00e9 obsahuj\u00ed kokain. Ve sv\u011bt\u011b je zn\u00e1m\u00fd tak\u00e9 d\u00edky sv\u00fdm psychedelick\u00fdm vlastnostem. Je to pro \u010dlov\u011bka mimo\u0159\u00e1dn\u011b u\u017eite\u010dn\u00e1 vlastnost v nejr\u016fzn\u011bj\u0161\u00edch situac\u00edch a pom\u00e1h\u00e1 mu p\u0159i zotavov\u00e1n\u00ed z jak\u00e9hokoli \u0161oku. <a href=\"https:\/\/legitgrams.com\/cs\/\">LegitGrams<\/a><\/p>\n<h3>Peru\u00e1nsk\u00fd kokain pro l\u00e9ka\u0159sk\u00e9 \u00fa\u010dely<\/h3>\n<p>Peru\u00e1nsk\u00fd kokain m\u00e1 n\u011bkolik v\u00fdhod v oblasti medic\u00edny. L\u00e9ka\u0159i jej proto p\u0159edepisuj\u00ed a pou\u017e\u00edvaj\u00ed v mnoha l\u00e9c\u00edch k l\u00e9\u010db\u011b r\u016fzn\u00fdch onemocn\u011bn\u00ed.<\/p>\n<p>P\u0159i l\u00e9\u010db\u011b pacient\u016f, kte\u0159\u00ed trp\u00ed depres\u00ed a jin\u00fdmi formami bolesti, l\u00e9ka\u0159i vyu\u017e\u00edvaj\u00ed tento l\u00e9k. V barech a tane\u010dn\u00edch klubech ho nepou\u017e\u00edvaj\u00ed jen zdravotn\u00edci, ale i b\u011b\u017en\u00ed lid\u00e9.<\/p>\n<p>D\u00edky sv\u00e9 schopnosti navodit v lidsk\u00e9m t\u011ble relaxaci je obl\u00edben\u00e1 mezi mlad\u00fdmi lidmi jako prost\u0159edek k odreagov\u00e1n\u00ed. Kokain je v Peru voln\u011b dostupn\u00fd ka\u017ed\u00e9mu a lze jej koupit i prodat online.<\/p>\n<p>N\u00e1\u0161 internetov\u00fd obchod nav\u00edc nab\u00edz\u00ed nejrychlej\u0161\u00ed mo\u017en\u00e9 doru\u010den\u00ed produkt\u016f p\u0159\u00edmo k v\u00e1m dom\u016f, a to v\u0161e za velmi p\u0159ijateln\u00e9 ceny. Nab\u00edz\u00edme tak\u00e9 sodovku nejvy\u0161\u0161\u00edho kalibru online.<\/p>\n<p>Koupit 92% Pure Peruvian Cocaine - Koupit 92% Pure <a href=\"https:\/\/en.wikipedia.org\/wiki\/Cocaine\">Kokain<\/a>, n\u00e1kup peru\u00e1nsk\u00e9ho kokainu online, kde koupit 92% \u010dist\u00fd peru\u00e1nsk\u00fd kokain, 92% \u010dist\u00fd peru\u00e1nsk\u00fd kokain na prodej, n\u00e1kup peru\u00e1nsk\u00e9ho kokainu online, kde koupit peru\u00e1nsk\u00fd kokain online, 92% \u010dist\u00fd peru\u00e1nsk\u00fd kokain na prodej v USA, Kanad\u011b, Velk\u00e9 Brit\u00e1nii, koupit, online, dodavatel\u00e9, bezpe\u010dn\u00e9 doru\u010den\u00ed, 92% \u010dist\u00fd peru\u00e1nsk\u00fd kokain je st\u00e1le k dispozici. Je leg\u00e1ln\u00ed nakupovat 92% \u010dist\u00fd peru\u00e1nsk\u00fd kokain online ve Spojen\u00fdch st\u00e1tech? Jak si mohu objednat 92% \u010dist\u00e9 peru\u00e1nsk\u00e9 kakao? Je \u010dist\u00fd peru\u00e1nsk\u00fd kokain 92% povolen v Kanad\u011b?<\/p>\n<p>&nbsp;<\/p>","protected":false},"excerpt":{"rendered":"<p>Purchase Peruvian Cocaine 92% Pure Online Extracts of Peruvian cocaine made from the Coca plant. Numerous Western nations, like Colombia, Bolivia, Peru, etc., fertilize this plant. But Peru is home to the most significant source of cocaine. This is because of its many applications in daily life and its purity. Furthermore, several companies employ this &hellip;<\/p>\n<p class=\"read-more\"> <a class=\"\" href=\"https:\/\/legitgrams.com\/cs\/produkt\/peruansky-kokain-92-cisty\/\"> <span class=\"screen-reader-text\">Koupit peru\u00e1nsk\u00fd kokain 92% Pure online<\/span> \u010c\u00edst d\u00e1l \"<\/a><\/p>","protected":false},"featured_media":5437,"comment_status":"open","ping_status":"closed","template":"","meta":{"_uag_custom_page_level_css":"","site-sidebar-layout":"default","site-content-layout":"default","ast-global-header-display":"","ast-main-header-display":"","ast-hfb-above-header-display":"","ast-hfb-below-header-display":"","ast-hfb-mobile-header-display":"","site-post-title":"","ast-breadcrumbs-content":"","ast-featured-img":"","footer-sml-layout":"","theme-transparent-header-meta":"default","adv-header-id-meta":"","stick-header-meta":"default","header-above-stick-meta":"","header-main-stick-meta":"","header-below-stick-meta":"","_joinchat":[]},"product_brand":[],"product_cat":[70],"product_tag":[681,671,617,662,678,675,670,667,661,685,673,668,683,684,682,664,663,665,674,679,676,680,677,625,669,672,666],"class_list":{"0":"post-4308","1":"product","2":"type-product","3":"status-publish","4":"has-post-thumbnail","6":"product_cat-cocaine","7":"product_tag-best-cheap-price-peruvian-cocaine-92-pure","8":"product_tag-best-place-to-buy-peruvian-cocaine-92-pure","9":"product_tag-bulk-online","10":"product_tag-buy-peruvian-cocaine-92-pure","11":"product_tag-cheap-peruvian-cocaine-92-pure","12":"product_tag-high-quality-peruvian-cocaine-92-pure","13":"product_tag-how-to-buy-peruvian-cocaine-92-pure","14":"product_tag-order-peruvian-cocaine-92-pure","15":"product_tag-peruvian-cocaine-92-pure","16":"product_tag-peruvian-cocaine-92-pure-for-sale","17":"product_tag-peruvian-cocaine-92-pure-legally","18":"product_tag-peruvian-cocaine-92-pure-online","19":"product_tag-peruvian-cocaine-92-pure-use","20":"product_tag-peruvian-cocaine-92-pure-wiki","21":"product_tag-peruvian-cocaine-92-pure-worldwide","22":"product_tag-peruvian-cocaine-92-purefor-sale","23":"product_tag-peruvian-cocaine-92-pureonline","24":"product_tag-peruvian-cocaine-92-pureperuvian-cocaine-92-puresupplier","25":"product_tag-peruvian-cocaine-92-pureprice","26":"product_tag-peruvian-cocaine-92-pures","27":"product_tag-peruvian-cocaine-92-purestore","28":"product_tag-purcharse-peruvian-cocaine-92-pure","29":"product_tag-shop-peruvian-cocaine-92-pure","30":"product_tag-top-quality","31":"product_tag-where-to-buy-peruvian-cocaine-92-pure","32":"product_tag-where-to-order-peruvian-cocaine-92-pure","33":"product_tag-wholesale-peruvian-cocaine-92-pure","34":"desktop-align-left","35":"tablet-align-left","36":"mobile-align-left","37":"ast-product-gallery-layout-horizontal","38":"ast-product-gallery-with-no-image","39":"ast-product-single-variable","40":"ast-product-tabs-layout-horizontal","41":"ast-qv-on-image","43":"first","44":"instock","45":"shipping-taxable","46":"purchasable","47":"product-type-variable"},"yoast_head":"<!-- This site is optimized with the Yoast SEO plugin v25.9 - https:\/\/yoast.com\/wordpress\/plugins\/seo\/ -->\n<title>Peruvian Cocaine 92% Pure for Sale - Order Peruvian Cocaine<\/title>\n<meta name=\"description\" content=\"Looking to further your research? Buy Peruvian Cocaine 92% Pure conveniently and securely online, with a straightforward ordering process for Peruvian Cocaine 92% Pure for sale. Explore the possibilities and buy Peruvian Cocaine 92% Pure online for your research endeavors today.\" \/>\n<meta name=\"robots\" content=\"index, follow, max-snippet:-1, max-image-preview:large, max-video-preview:-1\" \/>\n<link rel=\"canonical\" href=\"https:\/\/legitgrams.com\/cs\/produkt\/peruansky-kokain-92-cisty\/\" \/>\n<meta property=\"og:locale\" content=\"cs_CZ\" \/>\n<meta property=\"og:type\" content=\"article\" \/>\n<meta property=\"og:title\" content=\"Peruvian Cocaine 92% Pure for Sale - Order Peruvian Cocaine\" \/>\n<meta property=\"og:description\" content=\"Looking to further your research? Buy Peruvian Cocaine 92% Pure conveniently and securely online, with a straightforward ordering process for Peruvian Cocaine 92% Pure for sale. Explore the possibilities and buy Peruvian Cocaine 92% Pure online for your research endeavors today.\" \/>\n<meta property=\"og:url\" content=\"https:\/\/legitgrams.com\/cs\/produkt\/peruansky-kokain-92-cisty\/\" \/>\n<meta property=\"og:site_name\" content=\"Legit Grams\" \/>\n<meta property=\"article:modified_time\" content=\"2026-02-26T12:21:25+00:00\" \/>\n<meta property=\"og:image\" content=\"https:\/\/legitgrams.com\/wp-content\/uploads\/2024\/09\/buy-peruvian-cocaine-92-pure-1.jpg\" \/>\n\t<meta property=\"og:image:width\" content=\"600\" \/>\n\t<meta property=\"og:image:height\" content=\"600\" \/>\n\t<meta property=\"og:image:type\" content=\"image\/jpeg\" \/>\n<meta name=\"twitter:card\" content=\"summary_large_image\" \/>\n<meta name=\"twitter:label1\" content=\"Odhadovan\u00e1 doba \u010dten\u00ed\" \/>\n\t<meta name=\"twitter:data1\" content=\"2 minuty\" \/>\n<script type=\"application\/ld+json\" class=\"yoast-schema-graph\">{\"@context\":\"https:\/\/schema.org\",\"@graph\":[{\"@type\":\"WebPage\",\"@id\":\"https:\/\/legitgrams.com\/product\/peruvian-cocaine-92-pure\/\",\"url\":\"https:\/\/legitgrams.com\/product\/peruvian-cocaine-92-pure\/\",\"name\":\"Peruvian Cocaine 92% Pure for Sale - Order Peruvian Cocaine\",\"isPartOf\":{\"@id\":\"https:\/\/legitgrams.com\/#website\"},\"primaryImageOfPage\":{\"@id\":\"https:\/\/legitgrams.com\/product\/peruvian-cocaine-92-pure\/#primaryimage\"},\"image\":{\"@id\":\"https:\/\/legitgrams.com\/product\/peruvian-cocaine-92-pure\/#primaryimage\"},\"thumbnailUrl\":\"https:\/\/legitgrams.com\/wp-content\/uploads\/2024\/09\/buy-peruvian-cocaine-92-pure-1.jpg\",\"datePublished\":\"2024-09-22T10:23:42+00:00\",\"dateModified\":\"2026-02-26T12:21:25+00:00\",\"description\":\"Looking to further your research? Buy Peruvian Cocaine 92% Pure conveniently and securely online, with a straightforward ordering process for Peruvian Cocaine 92% Pure for sale. Explore the possibilities and buy Peruvian Cocaine 92% Pure online for your research endeavors today.\",\"breadcrumb\":{\"@id\":\"https:\/\/legitgrams.com\/product\/peruvian-cocaine-92-pure\/#breadcrumb\"},\"inLanguage\":\"cs\",\"potentialAction\":[{\"@type\":\"ReadAction\",\"target\":[\"https:\/\/legitgrams.com\/product\/peruvian-cocaine-92-pure\/\"]}]},{\"@type\":\"ImageObject\",\"inLanguage\":\"cs\",\"@id\":\"https:\/\/legitgrams.com\/product\/peruvian-cocaine-92-pure\/#primaryimage\",\"url\":\"https:\/\/legitgrams.com\/wp-content\/uploads\/2024\/09\/buy-peruvian-cocaine-92-pure-1.jpg\",\"contentUrl\":\"https:\/\/legitgrams.com\/wp-content\/uploads\/2024\/09\/buy-peruvian-cocaine-92-pure-1.jpg\",\"width\":600,\"height\":600,\"caption\":\"Buy Peruvian Cocaine 92% Pure Online\"},{\"@type\":\"BreadcrumbList\",\"@id\":\"https:\/\/legitgrams.com\/product\/peruvian-cocaine-92-pure\/#breadcrumb\",\"itemListElement\":[{\"@type\":\"ListItem\",\"position\":1,\"name\":\"Home\",\"item\":\"https:\/\/legitgrams.com\/\"},{\"@type\":\"ListItem\",\"position\":2,\"name\":\"Shop\",\"item\":\"https:\/\/legitgrams.com\/shop\/\"},{\"@type\":\"ListItem\",\"position\":3,\"name\":\"Buy Peruvian Cocaine 92% Pure Online\"}]},{\"@type\":\"WebSite\",\"@id\":\"https:\/\/legitgrams.com\/#website\",\"url\":\"https:\/\/legitgrams.com\/\",\"name\":\"Legit Grams\",\"description\":\"My WordPress Blog\",\"publisher\":{\"@id\":\"https:\/\/legitgrams.com\/#organization\"},\"potentialAction\":[{\"@type\":\"SearchAction\",\"target\":{\"@type\":\"EntryPoint\",\"urlTemplate\":\"https:\/\/legitgrams.com\/?s={search_term_string}\"},\"query-input\":{\"@type\":\"PropertyValueSpecification\",\"valueRequired\":true,\"valueName\":\"search_term_string\"}}],\"inLanguage\":\"cs\"},{\"@type\":\"Organization\",\"@id\":\"https:\/\/legitgrams.com\/#organization\",\"name\":\"Legit Grams\",\"url\":\"https:\/\/legitgrams.com\/\",\"logo\":{\"@type\":\"ImageObject\",\"inLanguage\":\"cs\",\"@id\":\"https:\/\/legitgrams.com\/#\/schema\/logo\/image\/\",\"url\":\"https:\/\/legitgrams.com\/wp-content\/uploads\/2024\/09\/main-logo.png\",\"contentUrl\":\"https:\/\/legitgrams.com\/wp-content\/uploads\/2024\/09\/main-logo.png\",\"width\":270,\"height\":75,\"caption\":\"Legit Grams\"},\"image\":{\"@id\":\"https:\/\/legitgrams.com\/#\/schema\/logo\/image\/\"}}]}<\/script>\n<!-- \/ Yoast SEO plugin. -->","yoast_head_json":{"title":"Peru\u00e1nsk\u00fd kokain 92% Pure na prodej - objednat peru\u00e1nsk\u00fd kokain","description":"Chcete pokra\u010dovat ve v\u00fdzkumu? Kupte si peru\u00e1nsk\u00fd kokain 92% Pure pohodln\u011b a bezpe\u010dn\u011b online s jednoduch\u00fdm procesem objedn\u00e1v\u00e1n\u00ed peru\u00e1nsk\u00e9ho kokainu 92% Pure na prodej. Prozkoumejte mo\u017enosti a kupte si peru\u00e1nsk\u00fd kokain 92% Pure online pro sv\u00e9 v\u00fdzkumn\u00e9 \u00fasil\u00ed je\u0161t\u011b dnes.","robots":{"index":"index","follow":"follow","max-snippet":"max-snippet:-1","max-image-preview":"max-image-preview:large","max-video-preview":"max-video-preview:-1"},"canonical":"https:\/\/legitgrams.com\/cs\/produkt\/peruansky-kokain-92-cisty\/","og_locale":"cs_CZ","og_type":"article","og_title":"Peruvian Cocaine 92% Pure for Sale - Order Peruvian Cocaine","og_description":"Looking to further your research? Buy Peruvian Cocaine 92% Pure conveniently and securely online, with a straightforward ordering process for Peruvian Cocaine 92% Pure for sale. Explore the possibilities and buy Peruvian Cocaine 92% Pure online for your research endeavors today.","og_url":"https:\/\/legitgrams.com\/cs\/produkt\/peruansky-kokain-92-cisty\/","og_site_name":"Legit Grams","article_modified_time":"2026-02-26T12:21:25+00:00","og_image":[{"width":600,"height":600,"url":"https:\/\/legitgrams.com\/wp-content\/uploads\/2024\/09\/buy-peruvian-cocaine-92-pure-1.jpg","type":"image\/jpeg"}],"twitter_card":"summary_large_image","twitter_misc":{"Odhadovan\u00e1 doba \u010dten\u00ed":"2 minuty"},"schema":{"@context":"https:\/\/schema.org","@graph":[{"@type":"WebPage","@id":"https:\/\/legitgrams.com\/product\/peruvian-cocaine-92-pure\/","url":"https:\/\/legitgrams.com\/product\/peruvian-cocaine-92-pure\/","name":"Peru\u00e1nsk\u00fd kokain 92% Pure na prodej - objednat peru\u00e1nsk\u00fd kokain","isPartOf":{"@id":"https:\/\/legitgrams.com\/#website"},"primaryImageOfPage":{"@id":"https:\/\/legitgrams.com\/product\/peruvian-cocaine-92-pure\/#primaryimage"},"image":{"@id":"https:\/\/legitgrams.com\/product\/peruvian-cocaine-92-pure\/#primaryimage"},"thumbnailUrl":"https:\/\/legitgrams.com\/wp-content\/uploads\/2024\/09\/buy-peruvian-cocaine-92-pure-1.jpg","datePublished":"2024-09-22T10:23:42+00:00","dateModified":"2026-02-26T12:21:25+00:00","description":"Chcete pokra\u010dovat ve v\u00fdzkumu? Kupte si peru\u00e1nsk\u00fd kokain 92% Pure pohodln\u011b a bezpe\u010dn\u011b online s jednoduch\u00fdm procesem objedn\u00e1v\u00e1n\u00ed peru\u00e1nsk\u00e9ho kokainu 92% Pure na prodej. Prozkoumejte mo\u017enosti a kupte si peru\u00e1nsk\u00fd kokain 92% Pure online pro sv\u00e9 v\u00fdzkumn\u00e9 \u00fasil\u00ed je\u0161t\u011b dnes.","breadcrumb":{"@id":"https:\/\/legitgrams.com\/product\/peruvian-cocaine-92-pure\/#breadcrumb"},"inLanguage":"cs","potentialAction":[{"@type":"ReadAction","target":["https:\/\/legitgrams.com\/product\/peruvian-cocaine-92-pure\/"]}]},{"@type":"ImageObject","inLanguage":"cs","@id":"https:\/\/legitgrams.com\/product\/peruvian-cocaine-92-pure\/#primaryimage","url":"https:\/\/legitgrams.com\/wp-content\/uploads\/2024\/09\/buy-peruvian-cocaine-92-pure-1.jpg","contentUrl":"https:\/\/legitgrams.com\/wp-content\/uploads\/2024\/09\/buy-peruvian-cocaine-92-pure-1.jpg","width":600,"height":600,"caption":"Buy Peruvian Cocaine 92% Pure Online"},{"@type":"BreadcrumbList","@id":"https:\/\/legitgrams.com\/product\/peruvian-cocaine-92-pure\/#breadcrumb","itemListElement":[{"@type":"ListItem","position":1,"name":"Home","item":"https:\/\/legitgrams.com\/"},{"@type":"ListItem","position":2,"name":"Shop","item":"https:\/\/legitgrams.com\/shop\/"},{"@type":"ListItem","position":3,"name":"Buy Peruvian Cocaine 92% Pure Online"}]},{"@type":"WebSite","@id":"https:\/\/legitgrams.com\/#website","url":"https:\/\/legitgrams.com\/","name":"Leg\u00e1ln\u00ed gramy","description":"M\u016fj blog WordPress","publisher":{"@id":"https:\/\/legitgrams.com\/#organization"},"potentialAction":[{"@type":"SearchAction","target":{"@type":"EntryPoint","urlTemplate":"https:\/\/legitgrams.com\/?s={search_term_string}"},"query-input":{"@type":"PropertyValueSpecification","valueRequired":true,"valueName":"search_term_string"}}],"inLanguage":"cs"},{"@type":"Organization","@id":"https:\/\/legitgrams.com\/#organization","name":"Leg\u00e1ln\u00ed gramy","url":"https:\/\/legitgrams.com\/","logo":{"@type":"ImageObject","inLanguage":"cs","@id":"https:\/\/legitgrams.com\/#\/schema\/logo\/image\/","url":"https:\/\/legitgrams.com\/wp-content\/uploads\/2024\/09\/main-logo.png","contentUrl":"https:\/\/legitgrams.com\/wp-content\/uploads\/2024\/09\/main-logo.png","width":270,"height":75,"caption":"Legit Grams"},"image":{"@id":"https:\/\/legitgrams.com\/#\/schema\/logo\/image\/"}}]}},"uagb_featured_image_src":{"full":["https:\/\/legitgrams.com\/wp-content\/uploads\/2024\/09\/buy-peruvian-cocaine-92-pure-1.jpg",600,600,false],"thumbnail":["https:\/\/legitgrams.com\/wp-content\/uploads\/2024\/09\/buy-peruvian-cocaine-92-pure-1-150x150.jpg",150,150,true],"medium":["https:\/\/legitgrams.com\/wp-content\/uploads\/2024\/09\/buy-peruvian-cocaine-92-pure-1-300x300.jpg",300,300,true],"medium_large":["https:\/\/legitgrams.com\/wp-content\/uploads\/2024\/09\/buy-peruvian-cocaine-92-pure-1.jpg",600,600,false],"large":["https:\/\/legitgrams.com\/wp-content\/uploads\/2024\/09\/buy-peruvian-cocaine-92-pure-1.jpg",600,600,false],"1536x1536":["https:\/\/legitgrams.com\/wp-content\/uploads\/2024\/09\/buy-peruvian-cocaine-92-pure-1.jpg",600,600,false],"2048x2048":["https:\/\/legitgrams.com\/wp-content\/uploads\/2024\/09\/buy-peruvian-cocaine-92-pure-1.jpg",600,600,false],"trp-custom-language-flag":["https:\/\/legitgrams.com\/wp-content\/uploads\/2024\/09\/buy-peruvian-cocaine-92-pure-1-12x12.jpg",12,12,true],"woocommerce_thumbnail":["https:\/\/legitgrams.com\/wp-content\/uploads\/2024\/09\/buy-peruvian-cocaine-92-pure-1-300x300.jpg",300,300,true],"woocommerce_single":["https:\/\/legitgrams.com\/wp-content\/uploads\/2024\/09\/buy-peruvian-cocaine-92-pure-1.jpg",600,600,false],"woocommerce_gallery_thumbnail":["https:\/\/legitgrams.com\/wp-content\/uploads\/2024\/09\/buy-peruvian-cocaine-92-pure-1-100x100.jpg",100,100,true]},"uagb_author_info":{"display_name":"cokeblog18","author_link":"https:\/\/legitgrams.com\/cs\/author\/"},"uagb_comment_info":0,"uagb_excerpt":"Purchase Peruvian Cocaine 92% Pure Online Extracts of Peruvian cocaine made from the Coca plant. Numerous Western nations, like Colombia, Bolivia, Peru, etc., fertilize this plant. But Peru is home to the most significant source of cocaine. This is because of its many applications in daily life and its purity. Furthermore, several companies employ this&hellip;","_links":{"self":[{"href":"https:\/\/legitgrams.com\/cs\/wp-json\/wp\/v2\/product\/4308","targetHints":{"allow":["GET"]}}],"collection":[{"href":"https:\/\/legitgrams.com\/cs\/wp-json\/wp\/v2\/product"}],"about":[{"href":"https:\/\/legitgrams.com\/cs\/wp-json\/wp\/v2\/types\/product"}],"replies":[{"embeddable":true,"href":"https:\/\/legitgrams.com\/cs\/wp-json\/wp\/v2\/comments?post=4308"}],"wp:featuredmedia":[{"embeddable":true,"href":"https:\/\/legitgrams.com\/cs\/wp-json\/wp\/v2\/media\/5437"}],"wp:attachment":[{"href":"https:\/\/legitgrams.com\/cs\/wp-json\/wp\/v2\/media?parent=4308"}],"wp:term":[{"taxonomy":"product_brand","embeddable":true,"href":"https:\/\/legitgrams.com\/cs\/wp-json\/wp\/v2\/product_brand?post=4308"},{"taxonomy":"product_cat","embeddable":true,"href":"https:\/\/legitgrams.com\/cs\/wp-json\/wp\/v2\/product_cat?post=4308"},{"taxonomy":"product_tag","embeddable":true,"href":"https:\/\/legitgrams.com\/cs\/wp-json\/wp\/v2\/product_tag?post=4308"}],"curies":[{"name":"wp","href":"https:\/\/api.w.org\/{rel}","templated":true}]}}